{"id":39179,"date":"2020-04-22T12:15:41","date_gmt":"2020-04-22T12:15:41","guid":{"rendered":"https:\/\/business.roovi.com\/puzzle-adulti-1000-piese-pieter-bruegel-cel-tanar-christ-carrying-the-cross\/p\/"},"modified":"2022-07-06T12:34:16","modified_gmt":"2022-07-06T12:34:16","slug":"pieter-bruegel-the-younger-krisztus-a-keresztet-viszi-1000-darabos-felnott-puzzle","status":"publish","type":"product","link":"https:\/\/business.roovi.com\/hu\/pieter-bruegel-the-younger-krisztus-a-keresztet-viszi-1000-darabos-felnott-puzzle\/p\/","title":{"rendered":"Pieter Bruegel the Younger &#8211; Krisztus a keresztet viszi 1000 darabos feln\u0151tt puzzle"},"content":{"rendered":"<p><span style=\"font-weight: 400\">Leny\u0171g\u00f6zi a m\u0171v\u00e9szet, \u00e9s szeretn\u00e9 r\u00e9szletesen megismerni a vil\u00e1g legh\u00edresebb festm\u00e9nyeit? V\u00e1lassza ki az 1000 darabos puzzle-t a m\u0171v\u00e9szeti puzzle-gy\u0171jtem\u00e9nyb\u0151l, rakja \u00f6ssze a h\u00edres festm\u00e9nyek k\u00e9peit, \u00e9s csod\u00e1lja meg nyugodtan a m\u00e1r ismert m\u0171v\u00e9szek legfinomabb ecsetvon\u00e1sait is.<\/span><\/p>\n<p><span style=\"font-weight: 400\">Pieter Brueghel the Younger &#8211; Krisztus a keresztet viszi 1000 darabos puzzle <\/span><span style=\"font-weight: 400\">a k\u00f6z\u00e9pkor v\u00e9g\u00e9n egy flamand v\u00e1rosban j\u00e1tsz\u00f3d\u00f3 bibliai jelenetet \u00e1br\u00e1zol\u00f3 flamand festm\u00e9nyt \u00e1br\u00e1zol <\/span><\/p>\n<p><span style=\"font-weight: 400\">Az ifjabb Pieter Brueghel p\u00e1lyafut\u00e1sa sor\u00e1n t\u00f6bb olyan m\u0171vet is alkotott, amelyek bibliai t\u00e9m\u00e1kat dolgoztak fel, amelyeket korabeli k\u00f6rnyezetbe helyezett. Ez az 1000 darabos kirak\u00f3j\u00e1t\u00e9k a figur\u00e1k \u00e9s a t\u00e1j r\u00e9szleteinek sokas\u00e1g\u00e1val kih\u00edv\u00e1st jelent a kirak\u00f3s j\u00e1t\u00e9kok kedvel\u0151inek <\/span><\/p>\n<p><span style=\"font-weight: 400\">\u00c1ll\u00edtsa \u00f6ssze a leny\u0171g\u00f6z\u0151 k\u00e9pet, \u00e9s \u00e9lvezze a 30 \u00f3r\u00e1nyi kikapcsol\u00f3d\u00e1st \u00e9s elm\u00e9lked\u00e9st egy t\u00e1voli, \u00e1m az id\u0151k sor\u00e1n mindig is \u00e9rzelmeket \u00e9s \u00e9rdekl\u0151d\u00e9st kiv\u00e1lt\u00f3 vil\u00e1gr\u00f3l <\/span><span style=\"font-weight: 400\">Egy k\u00f6z\u00f6ns\u00e9ges doh\u00e1nyz\u00f3asztalt is haszn\u00e1lhatsz a k\u00e9p \u00fajraalkot\u00e1s\u00e1hoz. A v\u00e9gleges festm\u00e9ny m\u00e9rete 40 x 70 cm, \u00e9s egy megfelel\u0151 keretben remek\u00fcl mutat majd <\/span><\/p>\n<p><span style=\"font-weight: 400\">Az ifjabb Pieter Brueghel &#8211; Keresztet viv\u0151 Krisztus m\u0171v\u00e9szeti puzzle egy\u00e9b jellemz\u0151i:<\/span><\/p>\n<p><strong>Puzzle anyag <\/strong><\/p>\n<p><strong>kiv\u00e1l\u00f3 min\u0151s\u00e9g\u0171 k\u00e9k karton<\/strong><\/p>\n<p><strong>fenntarthat\u00f3, \u00fajrahasznos\u00edthat\u00f3 anyagok<\/strong><\/p>\n<p><strong>f\u00e9lf\u00e9nyes kivitel, \u00e9l\u00e9nk sz\u00ednek<\/strong><\/p>\n<p><strong>A kirak\u00f3s darabok sz\u00e1ma: 1000<\/strong><\/p>\n<p><strong>Aj\u00e1nlott \u00e9letkor: 14+<\/strong><\/p>\n<p><strong>A puzzle j\u00e1t\u00e9kok gyan\u00fatlan el\u0151ny\u00f6kkel j\u00e1rnak<\/strong><\/p>\n<p><span style=\"font-weight: 400\">A rejtv\u00e9nyj\u00e1t\u00e9kok magas szint\u0171 koncentr\u00e1ci\u00f3t, gondolkod\u00e1st \u00e9s t\u00fcrelmet ig\u00e9nyelnek, ami azt jelenti, hogy az elm\u00e9det pr\u00f3b\u00e1ra teszik. Ahhoz pedig, hogy fiatal \u00e9s eg\u00e9szs\u00e9ges maradj, elengedhetetlen az elm\u00e9d edz\u00e9se <\/span><\/p>\n<p><span style=\"font-weight: 400\">Ahogy darabr\u00f3l darabra rakod \u00f6ssze a k\u00e9pet, az agyad dopamint szabad\u00edt fel, azt a csod\u00e1latos anyagot, amely pozit\u00edvan befoly\u00e1solja a hangulatodat, a mem\u00f3ri\u00e1dat \u00e9s a motiv\u00e1ci\u00f3dat.<\/span><\/p>\n<p><span style=\"font-weight: 400\">Ezen fel\u00fcl sz\u00e1mos m\u00e1s el\u0151nyt is \u00e9lvezhet, mint p\u00e9ld\u00e1ul:<\/span><\/p>\n<ul>\n<li><span style=\"font-weight: 400\">R\u00f6vid t\u00e1v\u00fa mem\u00f3ria tr\u00e9ning<\/span><\/li>\n<li><span style=\"font-weight: 400\">Stresszold\u00e1s.<\/span><\/li>\n<li><span style=\"font-weight: 400\">Jobb alv\u00e1s.<\/span><\/li>\n<li><span style=\"font-weight: 400\">Jobb figyelem a r\u00e9szletekre.<\/span><\/li>\n<li><span style=\"font-weight: 400\">Kitart\u00e1s edz\u00e9se.<\/span><\/li>\n<li><span style=\"font-weight: 400\">Jav\u00edtsa a probl\u00e9mamegold\u00f3 k\u00e9szs\u00e9get.<\/span><\/li>\n<\/ul>\n<p><strong>Tudja, hogy ki volt Pieter Brueghel az ifjabb?<\/strong><\/p>\n<p><span style=\"font-weight: 400\">A 16. sz\u00e1zadban sz\u00fcletett flamand fest\u0151, aki rusztikus t\u00e9m\u00e1j\u00fa, valamint vall\u00e1sos \u00e9s pokolv\u00edzi\u00f3s m\u0171veket alkotott.<\/span><\/p>\n<p><span style=\"font-weight: 400\">\u0150 volt a fia <\/span><span style=\"font-weight: 400\">Pieter Bruegel az id\u0151sebb, \u00e9s p\u00e1lyafut\u00e1sa nagy r\u00e9sz\u00e9t apja festm\u00e9nyeinek m\u00e1sol\u00e1s\u00e1val t\u00f6lt\u00f6tte.<\/span><\/p>\n<p><span style=\"font-weight: 400\">\u00c9desapja meghalt, amikor m\u00e9g csak 5 \u00e9ves volt, \u00e9s fest\u00e9szeti tan\u00e1ra a nagymam\u00e1ja, Maria Verhulst miniat\u0171r fest\u0151n\u0151 volt.<\/span><\/p>\n<p><span style=\"font-weight: 400\">A bibliai t\u00f6rt\u00e9netek \u00e9s a pokol borzalmait \u00e9s az utols\u00f3 \u00edt\u00e9letet \u00e1br\u00e1zol\u00f3 jelenetek ir\u00e1nti szenved\u00e9lye miatt Brueghelt a &#8222;pokol Brueghelj\u00e9nek&#8221; nevezt\u00e9k el.<\/span><\/p>\n<p><span style=\"font-weight: 400\">Az ifjabb Pieter Brueghel is a h\u00e9tk\u00f6znapi emberek \u00e9let\u00e9b\u0151l mer\u00edtett ihletet, \u00e9s olyan kiemelked\u0151 v\u00e1sznakat k\u00e9sz\u00edtett, amelyek olyan 16. sz\u00e1zadi \u00e9letet \u00e9s szok\u00e1sokat mutatnak be, amelyeket egy\u00e9bk\u00e9nt nem ismert\u00fcnk volna.<\/span><\/p>\n<p><strong>Pieter Brueghel az ifjabb &#8211; Krisztus viszi a keresztet 1000 darabos puzzle \u00f6sszek\u00f6t t\u00e9ged szeretteiddel<\/strong><\/p>\n<p><span style=\"font-weight: 400\">V\u00e1lassza ezt a csod\u00e1latos m\u0171v\u00e9szeti kirak\u00f3t, hogy min\u0151s\u00e9gi id\u0151t t\u00f6lts\u00f6n a csal\u00e1dj\u00e1val vagy bar\u00e1taival. Az ifjabb Pieter Brueghel &#8211; Krisztus viszi a keresztet m\u0171v\u00e9szeti puzzle ide\u00e1lis \u00fcr\u00fcgy lehet arra, hogy hat\u00e9kony kommunik\u00e1ci\u00f3t kezdem\u00e9nyezzen tizen\u00e9ves gyermekeivel. Teremtsen kellemes l\u00e9gk\u00f6rt, \u00e9s ker\u00fclj\u00f6n k\u00f6zelebb a gyermekeihez. Emellett tanuljanak meg egy\u00fctt dolgozni egy k\u00f6z\u00f6s c\u00e9l \u00e9rdek\u00e9ben, \u00e9s \u00f6r\u00fcljenek a sikernek, amikor a feladatot teljes\u00edtik.<\/span><\/p>\n<p><span style=\"font-weight: 400\">V\u00e1s\u00e1rolja meg az 1000 darabos Pieter Brueghel the Younger &#8211; Christ Carrying the Cross\/Hristos portat\u00e2nd la croce puzzle-t a m\u0171v\u00e9szeti puzzle gy\u0171jtem\u00e9nyb\u0151l, \u00e9s \u00e9lvezze a puzzle j\u00e1t\u00e9k ny\u00fajtotta el\u0151ny\u00f6ket. K\u00e9sz\u00edtsd el saj\u00e1t m\u0171v\u00e9szeti kirak\u00f3s k\u00e9pgy\u0171jtem\u00e9nyedet a Bruegel-dinasztia remekm\u0171veinek k\u00e9peit tartalmaz\u00f3 1000 darabos kirak\u00f3sok felfedez\u00e9s\u00e9vel gy\u0171jtem\u00e9ny\u00fcnkben <\/span><\/p>\n<p><span style=\"font-weight: 400\">Vannak olyan bar\u00e1taid, akik szeretik a kirak\u00f3s j\u00e1t\u00e9kokat vagy a m\u0171v\u00e9szi festm\u00e9nyeket? Az ifjabb Pieter Brueghel &#8211; Krisztus hordozza a keresztet 1000 darabos puzzle ide\u00e1lis aj\u00e1nd\u00e9k sz\u00e1mukra.<\/span><\/p><\/p>\n","protected":false},"excerpt":{"rendered":"<p>Leny\u0171g\u00f6zi a m\u0171v\u00e9szet, \u00e9s szeretn\u00e9 r\u00e9szletesen megismerni a vil\u00e1g legh\u00edresebb festm\u00e9nyeit? V\u00e1lassza ki az 1000 darabos puzzle-t a m\u0171v\u00e9szeti puzzle-gy\u0171jtem\u00e9nyb\u0151l,<\/p>\n","protected":false},"featured_media":48808,"template":"","meta":[],"product_brand":[],"product_cat":[1920,1919,1881],"product_tag":[],"class_list":{"0":"post-39179","1":"product","2":"type-product","3":"status-publish","4":"has-post-thumbnail","6":"product_cat-1000-darabos-kirakos-jatek","7":"product_cat-felnott-kirakos-jatekok","8":"product_cat-kirakos-jatekok","9":"pa_brand-deico-hu","10":"pa_country_of_manufacture-ro-hu","11":"pa_filter_age-14-hu","12":"pa_painter-pieterbreugheltheyounger-hu","13":"pa_tip_ambalaj-doboz","14":"pa_tip_puzzle-klasszikus","16":"first","17":"instock","18":"taxable","19":"shipping-taxable","20":"product-type-simple"},"yoast_head":"<!-- This site is optimized with the Yoast SEO plugin v20.1 - https:\/\/yoast.com\/wordpress\/plugins\/seo\/ -->\n<title>Pieter Bruegel the Younger - Krisztus a keresztet viszi 1000 darabos feln\u0151tt puzzle<\/title>\n<meta name=\"description\" content=\"Pieter Bruegel the Younger - Krisztus a keresztet viszi 1000 darabos feln\u0151tt puzzle\" \/>\n<meta name=\"robots\" content=\"index, follow, max-snippet:-1, max-image-preview:large, max-video-preview:-1\" \/>\n<link rel=\"canonical\" href=\"https:\/\/business.roovi.com\/hu\/pieter-bruegel-the-younger-krisztus-a-keresztet-viszi-1000-darabos-felnott-puzzle\/p\/\" \/>\n<meta property=\"og:locale\" content=\"hu_HU\" \/>\n<meta property=\"og:type\" content=\"article\" \/>\n<meta property=\"og:title\" content=\"Pieter Bruegel the Younger - Krisztus a keresztet viszi 1000 darabos feln\u0151tt puzzle\" \/>\n<meta property=\"og:description\" content=\"Pieter Bruegel the Younger - Krisztus a keresztet viszi 1000 darabos feln\u0151tt puzzle\" \/>\n<meta property=\"og:url\" content=\"https:\/\/business.roovi.com\/hu\/pieter-bruegel-the-younger-krisztus-a-keresztet-viszi-1000-darabos-felnott-puzzle\/p\/\" \/>\n<meta property=\"og:site_name\" content=\"Roovi B2B\" \/>\n<meta property=\"article:publisher\" content=\"https:\/\/www.facebook.com\/wwwjucariero\" \/>\n<meta property=\"article:modified_time\" content=\"2022-07-06T12:34:16+00:00\" \/>\n<meta property=\"og:image\" content=\"https:\/\/business.roovi.com\/wp-content\/uploads\/2020\/04\/breughel_the_younger-christ_carrying_the_cross_copy.jpg\" \/>\n\t<meta property=\"og:image:width\" content=\"1200\" \/>\n\t<meta property=\"og:image:height\" content=\"1200\" \/>\n\t<meta property=\"og:image:type\" content=\"image\/jpeg\" \/>\n<meta name=\"twitter:label1\" content=\"Becs\u00fclt olvas\u00e1si id\u0151\" \/>\n\t<meta name=\"twitter:data1\" content=\"4 perc\" \/>\n<script type=\"application\/ld+json\" class=\"yoast-schema-graph\">{\"@context\":\"https:\/\/schema.org\",\"@graph\":[{\"@type\":\"WebPage\",\"@id\":\"https:\/\/business.roovi.com\/hu\/pieter-bruegel-the-younger-krisztus-a-keresztet-viszi-1000-darabos-felnott-puzzle\/p\/\",\"url\":\"https:\/\/business.roovi.com\/hu\/pieter-bruegel-the-younger-krisztus-a-keresztet-viszi-1000-darabos-felnott-puzzle\/p\/\",\"name\":\"Pieter Bruegel the Younger - Krisztus a keresztet viszi 1000 darabos feln\u0151tt puzzle\",\"isPartOf\":{\"@id\":\"https:\/\/business.roovi.com\/hu\/#website\"},\"datePublished\":\"2020-04-22T12:15:41+00:00\",\"dateModified\":\"2022-07-06T12:34:16+00:00\",\"description\":\"Pieter Bruegel the Younger - Krisztus a keresztet viszi 1000 darabos feln\u0151tt puzzle\",\"breadcrumb\":{\"@id\":\"https:\/\/business.roovi.com\/hu\/pieter-bruegel-the-younger-krisztus-a-keresztet-viszi-1000-darabos-felnott-puzzle\/p\/#breadcrumb\"},\"inLanguage\":\"hu\",\"potentialAction\":[{\"@type\":\"ReadAction\",\"target\":[\"https:\/\/business.roovi.com\/hu\/pieter-bruegel-the-younger-krisztus-a-keresztet-viszi-1000-darabos-felnott-puzzle\/p\/\"]}]},{\"@type\":\"BreadcrumbList\",\"@id\":\"https:\/\/business.roovi.com\/hu\/pieter-bruegel-the-younger-krisztus-a-keresztet-viszi-1000-darabos-felnott-puzzle\/p\/#breadcrumb\",\"itemListElement\":[{\"@type\":\"ListItem\",\"position\":1,\"name\":\"Home\",\"item\":\"https:\/\/business.roovi.com\/hu\/\"},{\"@type\":\"ListItem\",\"position\":2,\"name\":\"Shop\",\"item\":\"https:\/\/business.roovi.com\/hu\/shop\/\"},{\"@type\":\"ListItem\",\"position\":3,\"name\":\"Pieter Bruegel the Younger &#8211; Krisztus a keresztet viszi 1000 darabos feln\u0151tt puzzle\"}]},{\"@type\":\"WebSite\",\"@id\":\"https:\/\/business.roovi.com\/hu\/#website\",\"url\":\"https:\/\/business.roovi.com\/hu\/\",\"name\":\"Roovi B2B\",\"description\":\"Roovi Business Website\",\"potentialAction\":[{\"@type\":\"SearchAction\",\"target\":{\"@type\":\"EntryPoint\",\"urlTemplate\":\"https:\/\/business.roovi.com\/hu\/?s={search_term_string}\"},\"query-input\":\"required name=search_term_string\"}],\"inLanguage\":\"hu\"}]}<\/script>\n<!-- \/ Yoast SEO plugin. -->","yoast_head_json":{"title":"Pieter Bruegel the Younger - Krisztus a keresztet viszi 1000 darabos feln\u0151tt puzzle","description":"Pieter Bruegel the Younger - Krisztus a keresztet viszi 1000 darabos feln\u0151tt puzzle","robots":{"index":"index","follow":"follow","max-snippet":"max-snippet:-1","max-image-preview":"max-image-preview:large","max-video-preview":"max-video-preview:-1"},"canonical":"https:\/\/business.roovi.com\/hu\/pieter-bruegel-the-younger-krisztus-a-keresztet-viszi-1000-darabos-felnott-puzzle\/p\/","og_locale":"hu_HU","og_type":"article","og_title":"Pieter Bruegel the Younger - Krisztus a keresztet viszi 1000 darabos feln\u0151tt puzzle","og_description":"Pieter Bruegel the Younger - Krisztus a keresztet viszi 1000 darabos feln\u0151tt puzzle","og_url":"https:\/\/business.roovi.com\/hu\/pieter-bruegel-the-younger-krisztus-a-keresztet-viszi-1000-darabos-felnott-puzzle\/p\/","og_site_name":"Roovi B2B","article_publisher":"https:\/\/www.facebook.com\/wwwjucariero","article_modified_time":"2022-07-06T12:34:16+00:00","og_image":[{"width":1200,"height":1200,"url":"https:\/\/business.roovi.com\/wp-content\/uploads\/2020\/04\/breughel_the_younger-christ_carrying_the_cross_copy.jpg","type":"image\/jpeg"}],"twitter_misc":{"Becs\u00fclt olvas\u00e1si id\u0151":"4 perc"},"schema":{"@context":"https:\/\/schema.org","@graph":[{"@type":"WebPage","@id":"https:\/\/business.roovi.com\/hu\/pieter-bruegel-the-younger-krisztus-a-keresztet-viszi-1000-darabos-felnott-puzzle\/p\/","url":"https:\/\/business.roovi.com\/hu\/pieter-bruegel-the-younger-krisztus-a-keresztet-viszi-1000-darabos-felnott-puzzle\/p\/","name":"Pieter Bruegel the Younger - Krisztus a keresztet viszi 1000 darabos feln\u0151tt puzzle","isPartOf":{"@id":"https:\/\/business.roovi.com\/hu\/#website"},"datePublished":"2020-04-22T12:15:41+00:00","dateModified":"2022-07-06T12:34:16+00:00","description":"Pieter Bruegel the Younger - Krisztus a keresztet viszi 1000 darabos feln\u0151tt puzzle","breadcrumb":{"@id":"https:\/\/business.roovi.com\/hu\/pieter-bruegel-the-younger-krisztus-a-keresztet-viszi-1000-darabos-felnott-puzzle\/p\/#breadcrumb"},"inLanguage":"hu","potentialAction":[{"@type":"ReadAction","target":["https:\/\/business.roovi.com\/hu\/pieter-bruegel-the-younger-krisztus-a-keresztet-viszi-1000-darabos-felnott-puzzle\/p\/"]}]},{"@type":"BreadcrumbList","@id":"https:\/\/business.roovi.com\/hu\/pieter-bruegel-the-younger-krisztus-a-keresztet-viszi-1000-darabos-felnott-puzzle\/p\/#breadcrumb","itemListElement":[{"@type":"ListItem","position":1,"name":"Home","item":"https:\/\/business.roovi.com\/hu\/"},{"@type":"ListItem","position":2,"name":"Shop","item":"https:\/\/business.roovi.com\/hu\/shop\/"},{"@type":"ListItem","position":3,"name":"Pieter Bruegel the Younger &#8211; Krisztus a keresztet viszi 1000 darabos feln\u0151tt puzzle"}]},{"@type":"WebSite","@id":"https:\/\/business.roovi.com\/hu\/#website","url":"https:\/\/business.roovi.com\/hu\/","name":"Roovi B2B","description":"Roovi Business Website","potentialAction":[{"@type":"SearchAction","target":{"@type":"EntryPoint","urlTemplate":"https:\/\/business.roovi.com\/hu\/?s={search_term_string}"},"query-input":"required name=search_term_string"}],"inLanguage":"hu"}]}},"_links":{"self":[{"href":"https:\/\/business.roovi.com\/hu\/wp-json\/wp\/v2\/product\/39179","targetHints":{"allow":["GET"]}}],"collection":[{"href":"https:\/\/business.roovi.com\/hu\/wp-json\/wp\/v2\/product"}],"about":[{"href":"https:\/\/business.roovi.com\/hu\/wp-json\/wp\/v2\/types\/product"}],"version-history":[{"count":0,"href":"https:\/\/business.roovi.com\/hu\/wp-json\/wp\/v2\/product\/39179\/revisions"}],"wp:featuredmedia":[{"embeddable":true,"href":"https:\/\/business.roovi.com\/hu\/wp-json\/wp\/v2\/media\/48808"}],"wp:attachment":[{"href":"https:\/\/business.roovi.com\/hu\/wp-json\/wp\/v2\/media?parent=39179"}],"wp:term":[{"taxonomy":"product_brand","embeddable":true,"href":"https:\/\/business.roovi.com\/hu\/wp-json\/wp\/v2\/product_brand?post=39179"},{"taxonomy":"product_cat","embeddable":true,"href":"https:\/\/business.roovi.com\/hu\/wp-json\/wp\/v2\/product_cat?post=39179"},{"taxonomy":"product_tag","embeddable":true,"href":"https:\/\/business.roovi.com\/hu\/wp-json\/wp\/v2\/product_tag?post=39179"}],"curies":[{"name":"wp","href":"https:\/\/api.w.org\/{rel}","templated":true}]}}