{"id":39187,"date":"2020-04-22T11:44:28","date_gmt":"2020-04-22T11:44:28","guid":{"rendered":"https:\/\/business.roovi.com\/puzzle-adulti-1000-piese-pieter-bruegel-cel-batran-the-numbering-at-bethlehem\/p\/"},"modified":"2022-07-06T12:39:11","modified_gmt":"2022-07-06T12:39:11","slug":"pieter-bruegel-the-elder-a-betlehemi-szamozas-1000-darabos-felnott-puzzle","status":"publish","type":"product","link":"https:\/\/business.roovi.com\/hu\/pieter-bruegel-the-elder-a-betlehemi-szamozas-1000-darabos-felnott-puzzle\/p\/","title":{"rendered":"Pieter Bruegel the Elder &#8211; A betlehemi sz\u00e1moz\u00e1s 1000 darabos feln\u0151tt puzzle"},"content":{"rendered":"<p><span style=\"font-weight: 400;font-size: 14px\">K\u00e9szen \u00e1llsz a nagy \u00f6sszej\u00f6vetelre? V\u00e1s\u00e1roljon 1000 darabos rejtv\u00e9nyeket a m\u0171v\u00e9szeti rejtv\u00e9nyek k\u00edn\u00e1lat\u00e1b\u00f3l, \u00e9s hozza l\u00e9tre saj\u00e1t m\u0171v\u00e9szeti gy\u0171jtem\u00e9ny\u00e9t!<\/span><\/p>\n<p><span style=\"font-weight: 400;font-size: 14px\">Milyen lenne, ha egy 1000 darabos puzzle-festm\u00e9nyen \u00fajraalkotn\u00e1nk Eur\u00f3pa 1565 \u00f3ta legzordabb tel\u00e9nek k\u00e9p\u00e9t? A Pieter Bruegel the Elder &#8211; A betlehemi sz\u00e1moz\u00e1s 1000 darabos kirak\u00f3s j\u00e1t\u00e9kkal megvan erre a lehet\u0151s\u00e9ged <\/span><\/p>\n<p><span style=\"font-weight: 400;font-size: 14px\">A flamand fest\u0151 volt az els\u0151, akinek esz\u00e9be jutott egy t\u00e9li t\u00e1jat v\u00e1sznon meg\u00f6r\u00f6k\u00edteni. \u00dagy gondoltuk, hogy egy puzzle ezzel a k\u00e9ppel a puzzle-j\u00e1t\u00e9kok \u00e9s a m\u0171v\u00e9szi festm\u00e9nyek szerelmeseinek \u00f6r\u00f6met okozna. Kih\u00edvunk t\u00e9ged, hogy az els\u0151 m\u0171v\u00e9szeti festm\u00e9nyed ezzel a gy\u00f6ny\u00f6r\u0171 16. sz\u00e1zadi festm\u00e9nnyel szerezd meg. A darabok al\u00e1t\u00e1maszt\u00e1s\u00e1ra haszn\u00e1lhat egy hagyom\u00e1nyos doh\u00e1nyz\u00f3asztalt. A rekonstru\u00e1lt k\u00e9p m\u00e9rete 50 x 70 cm.<\/span><\/p>\n<p><span style=\"font-weight: 400;font-size: 14px\">Az id\u0151sebb Pieter Bruegel &#8211; A betlehemi sz\u00e1moz\u00e1s m\u0171v\u00e9szeti puzzle egy\u00e9b jellemz\u0151i:<\/span><\/p>\n<p><span style=\"font-size: 14px\"><strong>Puzzle anyag <\/strong><\/span><\/p>\n<p><span style=\"font-size: 14px\"><strong>kiv\u00e1l\u00f3 min\u0151s\u00e9g\u0171 k\u00e9k karton<\/strong><\/span><\/p>\n<p><span style=\"font-size: 14px\"><strong>fenntarthat\u00f3, \u00fajrahasznos\u00edthat\u00f3 anyagok<\/strong><\/span><\/p>\n<p><span style=\"font-size: 14px\"><strong>f\u00e9lf\u00e9nyes kivitel, \u00e9l\u00e9nk sz\u00ednek<\/strong><\/span><\/p>\n<p><span style=\"font-size: 14px\"><strong>A kirak\u00f3s darabok sz\u00e1ma: 1000<\/strong><\/span><\/p>\n<p><span style=\"font-size: 14px\"><strong>Aj\u00e1nlott \u00e9letkor: 14+<\/strong><\/span><\/p>\n<p><span style=\"font-size: 14px\"><strong>Lehetetlen t\u00e1vol maradni a k\u00e9perny\u0151kt\u0151l? Az 1000 darabos kirak\u00f3val a lehetetlen is lehets\u00e9gess\u00e9 v\u00e1lik!<\/strong><\/span><\/p>\n<p><span style=\"font-weight: 400;font-size: 14px\">Az okoseszk\u00f6z\u00f6k k\u00e9perny\u0151it\u0151l val\u00f3 elszakad\u00e1s sz\u00fcks\u00e9ges feladat a fizikai \u00e9s ment\u00e1lis eg\u00e9szs\u00e9ged \u00e9rdek\u00e9ben. A rejtv\u00e9nyj\u00e1t\u00e9kok megragadnak, \u00e9s ha egyszer felfedezed \u0151ket, nem tudsz majd t\u00e1vol maradni t\u0151l\u00fck. Azokra az unalmas pillanatokra vagy h\u00e9tv\u00e9gi napokra, amikor a rossz id\u0151j\u00e1r\u00e1s miatt nem tudsz bemenni a h\u00e1zba, a kirak\u00f3s j\u00e1t\u00e9kok a legjobb sz\u00f6vets\u00e9gesed a konstrukt\u00edv id\u0151t\u00f6lt\u00e9shez.<\/span><\/p>\n<p><span style=\"font-weight: 400;font-size: 14px\">Az 1000 darabos rejtv\u00e9nyeknek sz\u00e1mos meglep\u0151 el\u0151nye van. \u00cdme n\u00e9h\u00e1ny k\u00f6z\u00fcl\u00fck:<\/span><\/p>\n<ul>\n<li><span style=\"font-weight: 400;font-size: 14px\">Jav\u00edtott r\u00f6vid t\u00e1v\u00fa mem\u00f3ria.<\/span><\/li>\n<li><span style=\"font-weight: 400;font-size: 14px\">Fokozott koncentr\u00e1ci\u00f3s k\u00e9pess\u00e9g <\/span><\/li>\n<li><span style=\"font-weight: 400;font-size: 14px\">Jobb figyelem a r\u00e9szletekre.<\/span><\/li>\n<li><span style=\"font-weight: 400;font-size: 14px\">Serkentse a k\u00e9pzel\u0151er\u0151t.<\/span><\/li>\n<li><span style=\"font-weight: 400;font-size: 14px\">A stresszes helyzetek \u00e9s a szorong\u00e1s hat\u00e9kony kezel\u00e9se.<\/span><\/li>\n<\/ul>\n<p><span style=\"font-size: 14px\"><strong>A festm\u00e9nyr\u0151l <\/strong><strong><em>A betlehemi sz\u00e1moz\u00e1s <\/em><\/strong><strong>tudtad?<\/strong><\/span><\/p>\n<p><span style=\"font-weight: 400;font-size: 14px\">Ezt tartj\u00e1k a vil\u00e1g els\u0151 havas t\u00e1jat \u00e1br\u00e1zol\u00f3 festm\u00e9ny\u00e9nek.<\/span><\/p>\n<p><span style=\"font-weight: 400;font-size: 14px\">A fest\u0151 egy bibliai t\u00e9m\u00e1t kort\u00e1rs esem\u00e9nyk\u00e9nt kezel. A k\u00e9pen a v\u00e1rand\u00f3s Sz\u0171z M\u00e1ria l\u00e1that\u00f3 szam\u00e1ron lovagolva, J\u00f3zsef k\u00eds\u00e9ret\u00e9ben.<\/span><\/p>\n<p><span style=\"font-weight: 400;font-size: 14px\">A festm\u00e9nyen \u00e1br\u00e1zolt minden egyes r\u00e9szlet \u00e9s csoport k\u00fcl\u00f6n m\u0171alkot\u00e1s lehetne. A festm\u00e9nyen szerepl\u0151 szerepl\u0151k mozg\u00e1sa fantasztikus pontoss\u00e1ggal van kivitelezve.<\/span><\/p>\n<p><span style=\"font-weight: 400;font-size: 14px\">Az ifjabb Pieter Brueghel sz\u00e1mos m\u00e1solatot k\u00e9sz\u00edtett err\u0151l a festm\u00e9nyr\u0151l. Az egyiket 2013-ban 10 milli\u00f3 doll\u00e1r\u00e9rt adt\u00e1k el.<\/span><\/p>\n<p><span style=\"font-weight: 400;font-size: 14px\">Rakd \u00f6ssze a m\u0171v\u00e9szi rejtv\u00e9nyeket nap mint nap, \u00e9s \u00fagy fogod \u00e9rezni:<\/span><\/p>\n<ul>\n<li><span style=\"font-size: 14px\"><strong>Nyugodtabb<\/strong><\/span><\/li>\n<li><span style=\"font-size: 14px\"><strong>Kev\u00e9sb\u00e9 stresszes<\/strong><\/span><\/li>\n<li><span style=\"font-size: 14px\"><strong>Jobban k\u00f6t\u0151dj \u00f6nmagadhoz.<\/strong><\/span><\/li>\n<\/ul>\n<p><span style=\"font-size: 14px\"><span style=\"font-weight: 400\">Szeretne megcsod\u00e1lni egy harm\u00f3ni\u00e1val \u00e9s sz\u00ednegyens\u00fallyal teli festm\u00e9nyt?<\/span> <span style=\"font-weight: 400\">V\u00e1s\u00e1roljon most 1000 darabos puzzle-t<\/span><span style=\"font-weight: 400\"> Pieter Bruegel az id\u0151sebb &#8211; A betlehemi sz\u00e1moz\u00e1s<\/span><span style=\"font-weight: 400\">, rekonstru\u00e1lja a k\u00e9pet, \u00e9s \u00e9lvezze a csod\u00e1latos k\u00e9pet ebben a kirak\u00f3s j\u00e1t\u00e9kban <\/span><\/span><\/p>\n<p><span style=\"font-size: 14px\"><span style=\"font-weight: 400\">M\u0171v\u00e9szeti puzzle <\/span><span style=\"font-weight: 400\">Pieter Bruegel az id\u0151sebb &#8211; A betlehemi sz\u00e1moz\u00e1s<\/span><span style=\"font-weight: 400\">  nagyszer\u0171 aj\u00e1nd\u00e9k lehet, ha arra gondol, hogy kellemesen meglepi szeretteit egy \u00e9vfordul\u00f3n.<\/span><\/span><\/p><\/p>\n","protected":false},"excerpt":{"rendered":"<p>K\u00e9szen \u00e1llsz a nagy \u00f6sszej\u00f6vetelre? V\u00e1s\u00e1roljon 1000 darabos rejtv\u00e9nyeket a m\u0171v\u00e9szeti rejtv\u00e9nyek k\u00edn\u00e1lat\u00e1b\u00f3l, \u00e9s hozza l\u00e9tre saj\u00e1t m\u0171v\u00e9szeti gy\u0171jtem\u00e9ny\u00e9t! Milyen<\/p>\n","protected":false},"featured_media":63685,"template":"","meta":[],"product_brand":[],"product_cat":[1920,1919,1881],"product_tag":[],"class_list":{"0":"post-39187","1":"product","2":"type-product","3":"status-publish","4":"has-post-thumbnail","6":"product_cat-1000-darabos-kirakos-jatek","7":"product_cat-felnott-kirakos-jatekok","8":"product_cat-kirakos-jatekok","9":"pa_brand-deico-hu","10":"pa_country_of_manufacture-ro-hu","11":"pa_filter_age-14-hu","12":"pa_painter-pieterbreugeltheelder-hu","13":"pa_tip_ambalaj-doboz","14":"pa_tip_puzzle-klasszikus","16":"first","17":"instock","18":"taxable","19":"shipping-taxable","20":"product-type-simple"},"yoast_head":"<!-- This site is optimized with the Yoast SEO plugin v20.1 - https:\/\/yoast.com\/wordpress\/plugins\/seo\/ -->\n<title>Pieter Bruegel the Elder - A betlehemi sz\u00e1moz\u00e1s 1000 darabos feln\u0151tt puzzle<\/title>\n<meta name=\"description\" content=\"Pieter Bruegel the Elder - A betlehemi sz\u00e1moz\u00e1s 1000 darabos feln\u0151tt puzzle\" \/>\n<meta name=\"robots\" content=\"index, follow, max-snippet:-1, max-image-preview:large, max-video-preview:-1\" \/>\n<link rel=\"canonical\" href=\"https:\/\/business.roovi.com\/hu\/pieter-bruegel-the-elder-a-betlehemi-szamozas-1000-darabos-felnott-puzzle\/p\/\" \/>\n<meta property=\"og:locale\" content=\"hu_HU\" \/>\n<meta property=\"og:type\" content=\"article\" \/>\n<meta property=\"og:title\" content=\"Pieter Bruegel the Elder - A betlehemi sz\u00e1moz\u00e1s 1000 darabos feln\u0151tt puzzle\" \/>\n<meta property=\"og:description\" content=\"Pieter Bruegel the Elder - A betlehemi sz\u00e1moz\u00e1s 1000 darabos feln\u0151tt puzzle\" \/>\n<meta property=\"og:url\" content=\"https:\/\/business.roovi.com\/hu\/pieter-bruegel-the-elder-a-betlehemi-szamozas-1000-darabos-felnott-puzzle\/p\/\" \/>\n<meta property=\"og:site_name\" content=\"Roovi B2B\" \/>\n<meta property=\"article:publisher\" content=\"https:\/\/www.facebook.com\/wwwjucariero\" \/>\n<meta property=\"article:modified_time\" content=\"2022-07-06T12:39:11+00:00\" \/>\n<meta property=\"og:image\" content=\"https:\/\/business.roovi.com\/wp-content\/uploads\/2020\/04\/breughel_the_elder-the_numbering_at_bethlehem_copy.jpg\" \/>\n\t<meta property=\"og:image:width\" content=\"1200\" \/>\n\t<meta property=\"og:image:height\" content=\"1200\" \/>\n\t<meta property=\"og:image:type\" content=\"image\/jpeg\" \/>\n<meta name=\"twitter:label1\" content=\"Becs\u00fclt olvas\u00e1si id\u0151\" \/>\n\t<meta name=\"twitter:data1\" content=\"3 perc\" \/>\n<script type=\"application\/ld+json\" class=\"yoast-schema-graph\">{\"@context\":\"https:\/\/schema.org\",\"@graph\":[{\"@type\":\"WebPage\",\"@id\":\"https:\/\/business.roovi.com\/hu\/pieter-bruegel-the-elder-a-betlehemi-szamozas-1000-darabos-felnott-puzzle\/p\/\",\"url\":\"https:\/\/business.roovi.com\/hu\/pieter-bruegel-the-elder-a-betlehemi-szamozas-1000-darabos-felnott-puzzle\/p\/\",\"name\":\"Pieter Bruegel the Elder - A betlehemi sz\u00e1moz\u00e1s 1000 darabos feln\u0151tt puzzle\",\"isPartOf\":{\"@id\":\"https:\/\/business.roovi.com\/hu\/#website\"},\"datePublished\":\"2020-04-22T11:44:28+00:00\",\"dateModified\":\"2022-07-06T12:39:11+00:00\",\"description\":\"Pieter Bruegel the Elder - A betlehemi sz\u00e1moz\u00e1s 1000 darabos feln\u0151tt puzzle\",\"breadcrumb\":{\"@id\":\"https:\/\/business.roovi.com\/hu\/pieter-bruegel-the-elder-a-betlehemi-szamozas-1000-darabos-felnott-puzzle\/p\/#breadcrumb\"},\"inLanguage\":\"hu\",\"potentialAction\":[{\"@type\":\"ReadAction\",\"target\":[\"https:\/\/business.roovi.com\/hu\/pieter-bruegel-the-elder-a-betlehemi-szamozas-1000-darabos-felnott-puzzle\/p\/\"]}]},{\"@type\":\"BreadcrumbList\",\"@id\":\"https:\/\/business.roovi.com\/hu\/pieter-bruegel-the-elder-a-betlehemi-szamozas-1000-darabos-felnott-puzzle\/p\/#breadcrumb\",\"itemListElement\":[{\"@type\":\"ListItem\",\"position\":1,\"name\":\"Home\",\"item\":\"https:\/\/business.roovi.com\/hu\/\"},{\"@type\":\"ListItem\",\"position\":2,\"name\":\"Shop\",\"item\":\"https:\/\/business.roovi.com\/hu\/shop\/\"},{\"@type\":\"ListItem\",\"position\":3,\"name\":\"Pieter Bruegel the Elder &#8211; A betlehemi sz\u00e1moz\u00e1s 1000 darabos feln\u0151tt puzzle\"}]},{\"@type\":\"WebSite\",\"@id\":\"https:\/\/business.roovi.com\/hu\/#website\",\"url\":\"https:\/\/business.roovi.com\/hu\/\",\"name\":\"Roovi B2B\",\"description\":\"Roovi Business Website\",\"potentialAction\":[{\"@type\":\"SearchAction\",\"target\":{\"@type\":\"EntryPoint\",\"urlTemplate\":\"https:\/\/business.roovi.com\/hu\/?s={search_term_string}\"},\"query-input\":\"required name=search_term_string\"}],\"inLanguage\":\"hu\"}]}<\/script>\n<!-- \/ Yoast SEO plugin. -->","yoast_head_json":{"title":"Pieter Bruegel the Elder - A betlehemi sz\u00e1moz\u00e1s 1000 darabos feln\u0151tt puzzle","description":"Pieter Bruegel the Elder - A betlehemi sz\u00e1moz\u00e1s 1000 darabos feln\u0151tt puzzle","robots":{"index":"index","follow":"follow","max-snippet":"max-snippet:-1","max-image-preview":"max-image-preview:large","max-video-preview":"max-video-preview:-1"},"canonical":"https:\/\/business.roovi.com\/hu\/pieter-bruegel-the-elder-a-betlehemi-szamozas-1000-darabos-felnott-puzzle\/p\/","og_locale":"hu_HU","og_type":"article","og_title":"Pieter Bruegel the Elder - A betlehemi sz\u00e1moz\u00e1s 1000 darabos feln\u0151tt puzzle","og_description":"Pieter Bruegel the Elder - A betlehemi sz\u00e1moz\u00e1s 1000 darabos feln\u0151tt puzzle","og_url":"https:\/\/business.roovi.com\/hu\/pieter-bruegel-the-elder-a-betlehemi-szamozas-1000-darabos-felnott-puzzle\/p\/","og_site_name":"Roovi B2B","article_publisher":"https:\/\/www.facebook.com\/wwwjucariero","article_modified_time":"2022-07-06T12:39:11+00:00","og_image":[{"width":1200,"height":1200,"url":"https:\/\/business.roovi.com\/wp-content\/uploads\/2020\/04\/breughel_the_elder-the_numbering_at_bethlehem_copy.jpg","type":"image\/jpeg"}],"twitter_misc":{"Becs\u00fclt olvas\u00e1si id\u0151":"3 perc"},"schema":{"@context":"https:\/\/schema.org","@graph":[{"@type":"WebPage","@id":"https:\/\/business.roovi.com\/hu\/pieter-bruegel-the-elder-a-betlehemi-szamozas-1000-darabos-felnott-puzzle\/p\/","url":"https:\/\/business.roovi.com\/hu\/pieter-bruegel-the-elder-a-betlehemi-szamozas-1000-darabos-felnott-puzzle\/p\/","name":"Pieter Bruegel the Elder - A betlehemi sz\u00e1moz\u00e1s 1000 darabos feln\u0151tt puzzle","isPartOf":{"@id":"https:\/\/business.roovi.com\/hu\/#website"},"datePublished":"2020-04-22T11:44:28+00:00","dateModified":"2022-07-06T12:39:11+00:00","description":"Pieter Bruegel the Elder - A betlehemi sz\u00e1moz\u00e1s 1000 darabos feln\u0151tt puzzle","breadcrumb":{"@id":"https:\/\/business.roovi.com\/hu\/pieter-bruegel-the-elder-a-betlehemi-szamozas-1000-darabos-felnott-puzzle\/p\/#breadcrumb"},"inLanguage":"hu","potentialAction":[{"@type":"ReadAction","target":["https:\/\/business.roovi.com\/hu\/pieter-bruegel-the-elder-a-betlehemi-szamozas-1000-darabos-felnott-puzzle\/p\/"]}]},{"@type":"BreadcrumbList","@id":"https:\/\/business.roovi.com\/hu\/pieter-bruegel-the-elder-a-betlehemi-szamozas-1000-darabos-felnott-puzzle\/p\/#breadcrumb","itemListElement":[{"@type":"ListItem","position":1,"name":"Home","item":"https:\/\/business.roovi.com\/hu\/"},{"@type":"ListItem","position":2,"name":"Shop","item":"https:\/\/business.roovi.com\/hu\/shop\/"},{"@type":"ListItem","position":3,"name":"Pieter Bruegel the Elder &#8211; A betlehemi sz\u00e1moz\u00e1s 1000 darabos feln\u0151tt puzzle"}]},{"@type":"WebSite","@id":"https:\/\/business.roovi.com\/hu\/#website","url":"https:\/\/business.roovi.com\/hu\/","name":"Roovi B2B","description":"Roovi Business Website","potentialAction":[{"@type":"SearchAction","target":{"@type":"EntryPoint","urlTemplate":"https:\/\/business.roovi.com\/hu\/?s={search_term_string}"},"query-input":"required name=search_term_string"}],"inLanguage":"hu"}]}},"_links":{"self":[{"href":"https:\/\/business.roovi.com\/hu\/wp-json\/wp\/v2\/product\/39187","targetHints":{"allow":["GET"]}}],"collection":[{"href":"https:\/\/business.roovi.com\/hu\/wp-json\/wp\/v2\/product"}],"about":[{"href":"https:\/\/business.roovi.com\/hu\/wp-json\/wp\/v2\/types\/product"}],"version-history":[{"count":0,"href":"https:\/\/business.roovi.com\/hu\/wp-json\/wp\/v2\/product\/39187\/revisions"}],"wp:featuredmedia":[{"embeddable":true,"href":"https:\/\/business.roovi.com\/hu\/wp-json\/wp\/v2\/media\/63685"}],"wp:attachment":[{"href":"https:\/\/business.roovi.com\/hu\/wp-json\/wp\/v2\/media?parent=39187"}],"wp:term":[{"taxonomy":"product_brand","embeddable":true,"href":"https:\/\/business.roovi.com\/hu\/wp-json\/wp\/v2\/product_brand?post=39187"},{"taxonomy":"product_cat","embeddable":true,"href":"https:\/\/business.roovi.com\/hu\/wp-json\/wp\/v2\/product_cat?post=39187"},{"taxonomy":"product_tag","embeddable":true,"href":"https:\/\/business.roovi.com\/hu\/wp-json\/wp\/v2\/product_tag?post=39187"}],"curies":[{"name":"wp","href":"https:\/\/api.w.org\/{rel}","templated":true}]}}