{"id":39269,"date":"2019-10-31T09:40:00","date_gmt":"2019-10-31T09:40:00","guid":{"rendered":"https:\/\/business.roovi.com\/puzzle-adulti-1000-piese-david-katai-eszter-nature-tropical\/p\/"},"modified":"2022-07-06T12:49:22","modified_gmt":"2022-07-06T12:49:22","slug":"felnott-puzzle-1000-darab-david-katai-eszter-nature-tropical","status":"publish","type":"product","link":"https:\/\/business.roovi.com\/hu\/felnott-puzzle-1000-darab-david-katai-eszter-nature-tropical\/p\/","title":{"rendered":"Feln\u0151tt puzzle 1000 darab D\u00e1vid-K\u00e1tai Eszter &#8211; Nature Tropical"},"content":{"rendered":"<p><span style=\"font-weight: 400\">Szereted a kirak\u00f3s j\u00e1t\u00e9kokat \u00e9s \u00fagy gondolod, hogy j\u00f3 vagy benn\u00fck? Kih\u00edvjuk \u00d6nt, hogy oldja meg az 1000 darabos kirak\u00f3st a tr\u00f3pusi term\u00e9szet anim\u00e1lt k\u00e9p\u00e9vel, amelyet a m\u0171v\u00e9sz k\u00e9pzelt el <\/span><span style=\"font-weight: 400\">D\u00e1vid-K\u00e1tai Eszter. Ez a kirak\u00f3s j\u00e1t\u00e9k aktiv\u00e1lja az \u00f6sszes k\u00e9szs\u00e9get, amelyet az \u00e9vek sor\u00e1n a k\u00fcl\u00f6nb\u00f6z\u0151 kirak\u00f3s mint\u00e1k \u00f6sszerak\u00e1s\u00e1val fejlesztett\u00e9l ki.<\/span><\/p>\n<p><span style=\"font-weight: 400\">Az 1000 darabos Nature Tropical puzzle egy k\u00e9pet \u00e1br\u00e1zol sok sz\u00ednes r\u00e9szlettel: szirmok, levelek, vir\u00e1gok \u00e9s apr\u00f3 madarak \u00e9l\u00e9nk sz\u00ednekben. Ennek a feln\u0151tteknek sz\u00f3l\u00f3 kirak\u00f3s j\u00e1t\u00e9knak a rengeteg eleme \u00f3r\u00e1kig lek\u00f6thet, m\u00e9g akkor is, ha a kirak\u00f3s j\u00e1t\u00e9kok szerelmese vagy.<\/span><\/p>\n<p><span style=\"font-weight: 400\">De h\u00edvhatod a gyerekeidet, hogy seg\u00edtsenek, vagy kih\u00edvhatod a legjobb bar\u00e1taidat egy kreat\u00edv sz\u00f3rakoz\u00e1ssal teli est\u00e9re. Egy kis seg\u00edts\u00e9ggel kevesebb id\u0151be telik, am\u00edg \u00f6sszerakja.<\/span><\/p>\n<p><span style=\"font-weight: 400\">Egy k\u00f6z\u00f6ns\u00e9ges doh\u00e1nyz\u00f3asztal ide\u00e1lis a darabok al\u00e1t\u00e1maszt\u00e1s\u00e1ra. A v\u00e9gleges festm\u00e9ny m\u00e9rete 50 x 70 cm. A Nature Tropical 1000 darabos puzzle egy\u00e9b jellemz\u0151i az al\u00e1bbiak:<\/span><\/p>\n<p><strong>Puzzle anyag <\/strong><\/p>\n<p><strong>kiv\u00e1l\u00f3 min\u0151s\u00e9g\u0171 k\u00e9k karton<\/strong><\/p>\n<p><strong>fenntarthat\u00f3, \u00fajrahasznos\u00edthat\u00f3 anyagok<\/strong><\/p>\n<p><strong>f\u00e9lf\u00e9nyes kivitel, \u00e9l\u00e9nk sz\u00ednek<\/strong><\/p>\n<p><strong>A kirak\u00f3s darabok sz\u00e1ma: 1000<\/strong><\/p>\n<p><strong>Aj\u00e1nlott \u00e9letkor: 14+<\/strong><\/p>\n<p><strong>A kirak\u00f3s j\u00e1t\u00e9kok olyan el\u0151ny\u00f6ket k\u00edn\u00e1lnak, amelyek az \u00e9leted sz\u00e1mos szintj\u00e9n t\u00fckr\u00f6z\u0151dnek:<\/strong><\/p>\n<p><span style=\"font-weight: 400\">Seg\u00edtenek ellazulni \u00e9s elvonulni a gondolatokt\u00f3l \u00e9s gondokt\u00f3l.<\/span><\/p>\n<p><span style=\"font-weight: 400\">Jav\u00edtsa a r\u00e9szletekre val\u00f3 odafigyel\u00e9st.<\/span><\/p>\n<p><span style=\"font-weight: 400\">A kritikus gondolkod\u00e1s \u00f6szt\u00f6nz\u00e9se.<\/span><\/p>\n<p><span style=\"font-weight: 400\">Gyakorold a k\u00e9pess\u00e9geidet.<\/span><\/p>\n<p><span style=\"font-weight: 400\">Lehet\u0151s\u00e9get adhat arra, hogy id\u0151t t\u00f6lts\u00f6n a csal\u00e1ddal.<\/span><\/p>\n<p><strong>Tudtad, hogy&#8230;?<\/strong><\/p>\n<p><span style=\"font-weight: 400\">A kirak\u00f3s j\u00e1t\u00e9kok serkentik a dopamin kiv\u00e1laszt\u00e1s\u00e1t, amely a boldogs\u00e1g\u00e9rt \u00e9s a j\u00f3 k\u00f6z\u00e9rzet\u00e9rt felel\u0151s anyag.<\/span><\/p>\n<p><span style=\"font-weight: 400\">A feln\u0151tt rejtv\u00e9nyek kiv\u00e1l\u00f3an serkentik a mem\u00f3ri\u00e1t \u00e9s a koncentr\u00e1ci\u00f3t.<\/span><\/p>\n<p><span style=\"font-weight: 400\">A feln\u0151tt rejtv\u00e9nyek hat\u00e1sa az emberi elm\u00e9re hasonl\u00f3 a medit\u00e1ci\u00f3\u00e9hoz.<\/span><\/p>\n<p><span style=\"font-weight: 400\">A gy\u00fclekez\u00e9si tev\u00e9kenys\u00e9g az id\u0151sek sz\u00e1m\u00e1ra is el\u0151ny\u00f6s, seg\u00edt meg\u0151rizni az agy eg\u00e9szs\u00e9g\u00e9t.<\/span><\/p>\n<p><span style=\"font-weight: 400\">Kider\u00fclt, hogy azokn\u00e1l az emberekn\u00e9l, akik legal\u00e1bb 30 percet t\u00f6ltenek kirak\u00f3s j\u00e1t\u00e9kokkal, kisebb az Alzheimer-k\u00f3r vagy a demencia kialakul\u00e1s\u00e1nak kock\u00e1zata.<\/span><\/p>\n<p><strong>Mi\u00e9rt v\u00e1lassza az 1000 darabos D\u00e1vid-K\u00e1tai Eszter puzzle-t? <\/strong><strong>&#8211; Tr\u00f3pusi term\u00e9szet?<\/strong><\/p>\n<p><span style=\"font-weight: 400\">Lehet\u0151s\u00e9ged van arra, hogy saj\u00e1t kez\u0171leg k\u00e9sz\u00edts egy igazi m\u0171v\u00e9szi festm\u00e9nyt egy 1000 darabos kirak\u00f3sb\u00f3l.<\/span><\/p>\n<p><span style=\"font-weight: 400\">K\u00e9pzel\u0151erej\u00e9t \u00e9s eszt\u00e9tikai \u00e9rz\u00e9k\u00e9t edzi.<\/span><\/p>\n<p><span style=\"font-weight: 400\">Ez a t\u00f6k\u00e9letes alkalom arra, hogy egy kicsit kreat\u00edvan sz\u00f3rakozzon szeretteivel.<\/span><\/p>\n<p><span style=\"font-weight: 400\">Gyakorolja a kitart\u00e1s\u00e1t, \u00e9s megtanulja, hogy ne adja fel, b\u00e1rmilyen neh\u00e9znek is t\u0171nik egy feladat.<\/span><\/p>\n<p><span style=\"font-weight: 400\">A jelenben \u00e9lsz, \u00e9s \u00e9lvezed a siker minden pillanat\u00e1t, amikor a megfelel\u0151 darabokat \u00f6sszerakod.<\/span><\/p>\n<p><span style=\"font-weight: 400\">V\u00e1s\u00e1rolja meg a Nature Tropical 1000 darabos kirak\u00f3s j\u00e1t\u00e9kot, \u00e9s tapasztalja meg a kirak\u00f3s j\u00e1t\u00e9k magasabb szint\u0171 tev\u00e9kenys\u00e9g\u00e9t. Fedezd fel a Tropical puzzle sorozat tov\u00e1bbi darabjait, \u00e9s hozd l\u00e9tre saj\u00e1t leny\u0171g\u00f6z\u0151 k\u00e9pgy\u0171jtem\u00e9nyedet.<\/span><\/p>\n<p><span style=\"font-weight: 400\">A Nature Tropical 1000 darabos puzzle a h\u00e1zban tarthat\u00f3, \u00e9s b\u00e1rmikor \u00fajraalkothat\u00f3, amikor \u00fagy \u00e9rzi, hogy sz\u00fcks\u00e9ge van egy intenz\u00edv kih\u00edv\u00e1sra, vagy aj\u00e1nd\u00e9kba adhat\u00f3 olyan bar\u00e1toknak, akik szeretik a kirak\u00f3s j\u00e1t\u00e9kokat, vagy ki akarnak pr\u00f3b\u00e1lni egy \u00faj tev\u00e9kenys\u00e9get.<\/span><\/p><\/p>\n","protected":false},"excerpt":{"rendered":"<p>Szereted a kirak\u00f3s j\u00e1t\u00e9kokat \u00e9s \u00fagy gondolod, hogy j\u00f3 vagy benn\u00fck? Kih\u00edvjuk \u00d6nt, hogy oldja meg az 1000 darabos kirak\u00f3st<\/p>\n","protected":false},"featured_media":48862,"template":"","meta":[],"product_brand":[],"product_cat":[1920,1919,1881],"product_tag":[],"class_list":{"0":"post-39269","1":"product","2":"type-product","3":"status-publish","4":"has-post-thumbnail","6":"product_cat-1000-darabos-kirakos-jatek","7":"product_cat-felnott-kirakos-jatekok","8":"product_cat-kirakos-jatekok","9":"pa_brand-deico-hu","10":"pa_country_of_manufacture-ro-hu","11":"pa_filter_age-14-hu","12":"pa_tip_ambalaj-doboz","13":"pa_tip_puzzle-klasszikus","15":"first","16":"instock","17":"taxable","18":"shipping-taxable","19":"product-type-simple"},"yoast_head":"<!-- This site is optimized with the Yoast SEO plugin v20.1 - https:\/\/yoast.com\/wordpress\/plugins\/seo\/ -->\n<title>Feln\u0151tt puzzle 1000 darab D\u00e1vid-K\u00e1tai Eszter - Nature Tropical<\/title>\n<meta name=\"description\" content=\"Feln\u0151tt puzzle 1000 darab D\u00e1vid-K\u00e1tai Eszter - Nature Tropical\" \/>\n<meta name=\"robots\" content=\"index, follow, max-snippet:-1, max-image-preview:large, max-video-preview:-1\" \/>\n<link rel=\"canonical\" href=\"https:\/\/business.roovi.com\/hu\/felnott-puzzle-1000-darab-david-katai-eszter-nature-tropical\/p\/\" \/>\n<meta property=\"og:locale\" content=\"hu_HU\" \/>\n<meta property=\"og:type\" content=\"article\" \/>\n<meta property=\"og:title\" content=\"Feln\u0151tt puzzle 1000 darab D\u00e1vid-K\u00e1tai Eszter - Nature Tropical\" \/>\n<meta property=\"og:description\" content=\"Feln\u0151tt puzzle 1000 darab D\u00e1vid-K\u00e1tai Eszter - Nature Tropical\" \/>\n<meta property=\"og:url\" content=\"https:\/\/business.roovi.com\/hu\/felnott-puzzle-1000-darab-david-katai-eszter-nature-tropical\/p\/\" \/>\n<meta property=\"og:site_name\" content=\"Roovi B2B\" \/>\n<meta property=\"article:publisher\" content=\"https:\/\/www.facebook.com\/wwwjucariero\" \/>\n<meta property=\"article:modified_time\" content=\"2022-07-06T12:49:22+00:00\" \/>\n<meta property=\"og:image\" content=\"https:\/\/business.roovi.com\/wp-content\/uploads\/2019\/10\/puzzle_1000_nature_tropical-76427_250kb.jpg\" \/>\n\t<meta property=\"og:image:width\" content=\"1181\" \/>\n\t<meta property=\"og:image:height\" content=\"1181\" \/>\n\t<meta property=\"og:image:type\" content=\"image\/jpeg\" \/>\n<meta name=\"twitter:label1\" content=\"Becs\u00fclt olvas\u00e1si id\u0151\" \/>\n\t<meta name=\"twitter:data1\" content=\"3 perc\" \/>\n<script type=\"application\/ld+json\" class=\"yoast-schema-graph\">{\"@context\":\"https:\/\/schema.org\",\"@graph\":[{\"@type\":\"WebPage\",\"@id\":\"https:\/\/business.roovi.com\/hu\/felnott-puzzle-1000-darab-david-katai-eszter-nature-tropical\/p\/\",\"url\":\"https:\/\/business.roovi.com\/hu\/felnott-puzzle-1000-darab-david-katai-eszter-nature-tropical\/p\/\",\"name\":\"Feln\u0151tt puzzle 1000 darab D\u00e1vid-K\u00e1tai Eszter - Nature Tropical\",\"isPartOf\":{\"@id\":\"https:\/\/business.roovi.com\/hu\/#website\"},\"datePublished\":\"2019-10-31T09:40:00+00:00\",\"dateModified\":\"2022-07-06T12:49:22+00:00\",\"description\":\"Feln\u0151tt puzzle 1000 darab D\u00e1vid-K\u00e1tai Eszter - Nature Tropical\",\"breadcrumb\":{\"@id\":\"https:\/\/business.roovi.com\/hu\/felnott-puzzle-1000-darab-david-katai-eszter-nature-tropical\/p\/#breadcrumb\"},\"inLanguage\":\"hu\",\"potentialAction\":[{\"@type\":\"ReadAction\",\"target\":[\"https:\/\/business.roovi.com\/hu\/felnott-puzzle-1000-darab-david-katai-eszter-nature-tropical\/p\/\"]}]},{\"@type\":\"BreadcrumbList\",\"@id\":\"https:\/\/business.roovi.com\/hu\/felnott-puzzle-1000-darab-david-katai-eszter-nature-tropical\/p\/#breadcrumb\",\"itemListElement\":[{\"@type\":\"ListItem\",\"position\":1,\"name\":\"Home\",\"item\":\"https:\/\/business.roovi.com\/hu\/\"},{\"@type\":\"ListItem\",\"position\":2,\"name\":\"Shop\",\"item\":\"https:\/\/business.roovi.com\/hu\/shop\/\"},{\"@type\":\"ListItem\",\"position\":3,\"name\":\"Feln\u0151tt puzzle 1000 darab D\u00e1vid-K\u00e1tai Eszter &#8211; Nature Tropical\"}]},{\"@type\":\"WebSite\",\"@id\":\"https:\/\/business.roovi.com\/hu\/#website\",\"url\":\"https:\/\/business.roovi.com\/hu\/\",\"name\":\"Roovi B2B\",\"description\":\"Roovi Business Website\",\"potentialAction\":[{\"@type\":\"SearchAction\",\"target\":{\"@type\":\"EntryPoint\",\"urlTemplate\":\"https:\/\/business.roovi.com\/hu\/?s={search_term_string}\"},\"query-input\":\"required name=search_term_string\"}],\"inLanguage\":\"hu\"}]}<\/script>\n<!-- \/ Yoast SEO plugin. -->","yoast_head_json":{"title":"Feln\u0151tt puzzle 1000 darab D\u00e1vid-K\u00e1tai Eszter - Nature Tropical","description":"Feln\u0151tt puzzle 1000 darab D\u00e1vid-K\u00e1tai Eszter - Nature Tropical","robots":{"index":"index","follow":"follow","max-snippet":"max-snippet:-1","max-image-preview":"max-image-preview:large","max-video-preview":"max-video-preview:-1"},"canonical":"https:\/\/business.roovi.com\/hu\/felnott-puzzle-1000-darab-david-katai-eszter-nature-tropical\/p\/","og_locale":"hu_HU","og_type":"article","og_title":"Feln\u0151tt puzzle 1000 darab D\u00e1vid-K\u00e1tai Eszter - Nature Tropical","og_description":"Feln\u0151tt puzzle 1000 darab D\u00e1vid-K\u00e1tai Eszter - Nature Tropical","og_url":"https:\/\/business.roovi.com\/hu\/felnott-puzzle-1000-darab-david-katai-eszter-nature-tropical\/p\/","og_site_name":"Roovi B2B","article_publisher":"https:\/\/www.facebook.com\/wwwjucariero","article_modified_time":"2022-07-06T12:49:22+00:00","og_image":[{"width":1181,"height":1181,"url":"https:\/\/business.roovi.com\/wp-content\/uploads\/2019\/10\/puzzle_1000_nature_tropical-76427_250kb.jpg","type":"image\/jpeg"}],"twitter_misc":{"Becs\u00fclt olvas\u00e1si id\u0151":"3 perc"},"schema":{"@context":"https:\/\/schema.org","@graph":[{"@type":"WebPage","@id":"https:\/\/business.roovi.com\/hu\/felnott-puzzle-1000-darab-david-katai-eszter-nature-tropical\/p\/","url":"https:\/\/business.roovi.com\/hu\/felnott-puzzle-1000-darab-david-katai-eszter-nature-tropical\/p\/","name":"Feln\u0151tt puzzle 1000 darab D\u00e1vid-K\u00e1tai Eszter - Nature Tropical","isPartOf":{"@id":"https:\/\/business.roovi.com\/hu\/#website"},"datePublished":"2019-10-31T09:40:00+00:00","dateModified":"2022-07-06T12:49:22+00:00","description":"Feln\u0151tt puzzle 1000 darab D\u00e1vid-K\u00e1tai Eszter - Nature Tropical","breadcrumb":{"@id":"https:\/\/business.roovi.com\/hu\/felnott-puzzle-1000-darab-david-katai-eszter-nature-tropical\/p\/#breadcrumb"},"inLanguage":"hu","potentialAction":[{"@type":"ReadAction","target":["https:\/\/business.roovi.com\/hu\/felnott-puzzle-1000-darab-david-katai-eszter-nature-tropical\/p\/"]}]},{"@type":"BreadcrumbList","@id":"https:\/\/business.roovi.com\/hu\/felnott-puzzle-1000-darab-david-katai-eszter-nature-tropical\/p\/#breadcrumb","itemListElement":[{"@type":"ListItem","position":1,"name":"Home","item":"https:\/\/business.roovi.com\/hu\/"},{"@type":"ListItem","position":2,"name":"Shop","item":"https:\/\/business.roovi.com\/hu\/shop\/"},{"@type":"ListItem","position":3,"name":"Feln\u0151tt puzzle 1000 darab D\u00e1vid-K\u00e1tai Eszter &#8211; Nature Tropical"}]},{"@type":"WebSite","@id":"https:\/\/business.roovi.com\/hu\/#website","url":"https:\/\/business.roovi.com\/hu\/","name":"Roovi B2B","description":"Roovi Business Website","potentialAction":[{"@type":"SearchAction","target":{"@type":"EntryPoint","urlTemplate":"https:\/\/business.roovi.com\/hu\/?s={search_term_string}"},"query-input":"required name=search_term_string"}],"inLanguage":"hu"}]}},"_links":{"self":[{"href":"https:\/\/business.roovi.com\/hu\/wp-json\/wp\/v2\/product\/39269","targetHints":{"allow":["GET"]}}],"collection":[{"href":"https:\/\/business.roovi.com\/hu\/wp-json\/wp\/v2\/product"}],"about":[{"href":"https:\/\/business.roovi.com\/hu\/wp-json\/wp\/v2\/types\/product"}],"version-history":[{"count":0,"href":"https:\/\/business.roovi.com\/hu\/wp-json\/wp\/v2\/product\/39269\/revisions"}],"wp:featuredmedia":[{"embeddable":true,"href":"https:\/\/business.roovi.com\/hu\/wp-json\/wp\/v2\/media\/48862"}],"wp:attachment":[{"href":"https:\/\/business.roovi.com\/hu\/wp-json\/wp\/v2\/media?parent=39269"}],"wp:term":[{"taxonomy":"product_brand","embeddable":true,"href":"https:\/\/business.roovi.com\/hu\/wp-json\/wp\/v2\/product_brand?post=39269"},{"taxonomy":"product_cat","embeddable":true,"href":"https:\/\/business.roovi.com\/hu\/wp-json\/wp\/v2\/product_cat?post=39269"},{"taxonomy":"product_tag","embeddable":true,"href":"https:\/\/business.roovi.com\/hu\/wp-json\/wp\/v2\/product_tag?post=39269"}],"curies":[{"name":"wp","href":"https:\/\/api.w.org\/{rel}","templated":true}]}}