{"id":39289,"date":"2019-10-25T11:05:55","date_gmt":"2019-10-25T11:05:55","guid":{"rendered":"https:\/\/business.roovi.com\/comoara-dacilor\/p\/"},"modified":"2022-07-06T12:49:52","modified_gmt":"2022-07-06T12:49:52","slug":"dacian-treasure-strategiai-jatek","status":"publish","type":"product","link":"https:\/\/business.roovi.com\/hu\/dacian-treasure-strategiai-jatek\/p\/","title":{"rendered":"Dacian treasure &#8211; Strat\u00e9giai j\u00e1t\u00e9k"},"content":{"rendered":"<p>Strat\u00e9giai j\u00e1t\u00e9k 2-6 j\u00e1t\u00e9kosnak. Fedezze fel a r\u00f3mai D\u00e1ci\u00e1t! Gy\u0171jtsd \u00f6ssze a tokeneket \u00e9s h\u00f3d\u00edts meg min\u00e9l t\u00f6bb ter\u00fcletet! Hosszabb\u00edtsd meg az uralmadat \u00e9s gy\u0151zz! Tartalom: 1 j\u00e1t\u00e9kt\u00e1bla, 55 j\u00e1t\u00e9kk\u00e1rtya, 6 figura, 1 kocka, 180 kis zseton, 60 nagy zseton, j\u00e1t\u00e9kszab\u00e1ly. 7 \u00e9v feletti gyermekek sz\u00e1m\u00e1ra aj\u00e1nlott.<\/p>\n","protected":false},"excerpt":{"rendered":"<p>Strat\u00e9giai j\u00e1t\u00e9k 2-6 j\u00e1t\u00e9kosnak. Fedezze fel a r\u00f3mai D\u00e1ci\u00e1t! Gy\u0171jtsd \u00f6ssze a tokeneket \u00e9s h\u00f3d\u00edts meg min\u00e9l t\u00f6bb ter\u00fcletet! Hosszabb\u00edtsd<\/p>\n","protected":false},"featured_media":48854,"template":"","meta":[],"product_brand":[],"product_cat":[1858],"product_tag":[],"class_list":{"0":"post-39289","1":"product","2":"type-product","3":"status-publish","4":"has-post-thumbnail","6":"product_cat-tarsasjatekok","7":"pa_bax-5-hu","8":"pa_brand-d_toys-hu","9":"pa_country_of_manufacture-ro-hu","10":"pa_filter_age-7_9-hu","11":"pa_filter_age-9_14-hu","12":"pa_tip_ambalaj-doboz","14":"first","15":"instock","16":"taxable","17":"shipping-taxable","18":"product-type-simple"},"yoast_head":"<!-- This site is optimized with the Yoast SEO plugin v20.1 - https:\/\/yoast.com\/wordpress\/plugins\/seo\/ -->\n<title>Dacian treasure - Strat\u00e9giai j\u00e1t\u00e9k<\/title>\n<meta name=\"description\" content=\"Dacian treasure - Strat\u00e9giai j\u00e1t\u00e9k\" \/>\n<meta name=\"robots\" content=\"index, follow, max-snippet:-1, max-image-preview:large, max-video-preview:-1\" \/>\n<link rel=\"canonical\" href=\"https:\/\/business.roovi.com\/hu\/dacian-treasure-strategiai-jatek\/p\/\" \/>\n<meta property=\"og:locale\" content=\"hu_HU\" \/>\n<meta property=\"og:type\" content=\"article\" \/>\n<meta property=\"og:title\" content=\"Dacian treasure - Strat\u00e9giai j\u00e1t\u00e9k\" \/>\n<meta property=\"og:description\" content=\"Dacian treasure - Strat\u00e9giai j\u00e1t\u00e9k\" \/>\n<meta property=\"og:url\" content=\"https:\/\/business.roovi.com\/hu\/dacian-treasure-strategiai-jatek\/p\/\" \/>\n<meta property=\"og:site_name\" content=\"Roovi B2B\" \/>\n<meta property=\"article:publisher\" content=\"https:\/\/www.facebook.com\/wwwjucariero\" \/>\n<meta property=\"article:modified_time\" content=\"2022-07-06T12:49:52+00:00\" \/>\n<meta property=\"og:image\" content=\"https:\/\/business.roovi.com\/wp-content\/uploads\/2019\/10\/comoara_dacilor-76342_250kb.jpg\" \/>\n\t<meta property=\"og:image:width\" content=\"1000\" \/>\n\t<meta property=\"og:image:height\" content=\"1000\" \/>\n\t<meta property=\"og:image:type\" content=\"image\/jpeg\" \/>\n<script type=\"application\/ld+json\" class=\"yoast-schema-graph\">{\"@context\":\"https:\/\/schema.org\",\"@graph\":[{\"@type\":\"WebPage\",\"@id\":\"https:\/\/business.roovi.com\/hu\/dacian-treasure-strategiai-jatek\/p\/\",\"url\":\"https:\/\/business.roovi.com\/hu\/dacian-treasure-strategiai-jatek\/p\/\",\"name\":\"Dacian treasure - Strat\u00e9giai j\u00e1t\u00e9k\",\"isPartOf\":{\"@id\":\"https:\/\/business.roovi.com\/hu\/#website\"},\"datePublished\":\"2019-10-25T11:05:55+00:00\",\"dateModified\":\"2022-07-06T12:49:52+00:00\",\"description\":\"Dacian treasure - Strat\u00e9giai j\u00e1t\u00e9k\",\"breadcrumb\":{\"@id\":\"https:\/\/business.roovi.com\/hu\/dacian-treasure-strategiai-jatek\/p\/#breadcrumb\"},\"inLanguage\":\"hu\",\"potentialAction\":[{\"@type\":\"ReadAction\",\"target\":[\"https:\/\/business.roovi.com\/hu\/dacian-treasure-strategiai-jatek\/p\/\"]}]},{\"@type\":\"BreadcrumbList\",\"@id\":\"https:\/\/business.roovi.com\/hu\/dacian-treasure-strategiai-jatek\/p\/#breadcrumb\",\"itemListElement\":[{\"@type\":\"ListItem\",\"position\":1,\"name\":\"Home\",\"item\":\"https:\/\/business.roovi.com\/hu\/\"},{\"@type\":\"ListItem\",\"position\":2,\"name\":\"Shop\",\"item\":\"https:\/\/business.roovi.com\/hu\/shop\/\"},{\"@type\":\"ListItem\",\"position\":3,\"name\":\"Dacian treasure &#8211; Strat\u00e9giai j\u00e1t\u00e9k\"}]},{\"@type\":\"WebSite\",\"@id\":\"https:\/\/business.roovi.com\/hu\/#website\",\"url\":\"https:\/\/business.roovi.com\/hu\/\",\"name\":\"Roovi B2B\",\"description\":\"Roovi Business Website\",\"potentialAction\":[{\"@type\":\"SearchAction\",\"target\":{\"@type\":\"EntryPoint\",\"urlTemplate\":\"https:\/\/business.roovi.com\/hu\/?s={search_term_string}\"},\"query-input\":\"required name=search_term_string\"}],\"inLanguage\":\"hu\"}]}<\/script>\n<!-- \/ Yoast SEO plugin. -->","yoast_head_json":{"title":"Dacian treasure - Strat\u00e9giai j\u00e1t\u00e9k","description":"Dacian treasure - Strat\u00e9giai j\u00e1t\u00e9k","robots":{"index":"index","follow":"follow","max-snippet":"max-snippet:-1","max-image-preview":"max-image-preview:large","max-video-preview":"max-video-preview:-1"},"canonical":"https:\/\/business.roovi.com\/hu\/dacian-treasure-strategiai-jatek\/p\/","og_locale":"hu_HU","og_type":"article","og_title":"Dacian treasure - Strat\u00e9giai j\u00e1t\u00e9k","og_description":"Dacian treasure - Strat\u00e9giai j\u00e1t\u00e9k","og_url":"https:\/\/business.roovi.com\/hu\/dacian-treasure-strategiai-jatek\/p\/","og_site_name":"Roovi B2B","article_publisher":"https:\/\/www.facebook.com\/wwwjucariero","article_modified_time":"2022-07-06T12:49:52+00:00","og_image":[{"width":1000,"height":1000,"url":"https:\/\/business.roovi.com\/wp-content\/uploads\/2019\/10\/comoara_dacilor-76342_250kb.jpg","type":"image\/jpeg"}],"schema":{"@context":"https:\/\/schema.org","@graph":[{"@type":"WebPage","@id":"https:\/\/business.roovi.com\/hu\/dacian-treasure-strategiai-jatek\/p\/","url":"https:\/\/business.roovi.com\/hu\/dacian-treasure-strategiai-jatek\/p\/","name":"Dacian treasure - Strat\u00e9giai j\u00e1t\u00e9k","isPartOf":{"@id":"https:\/\/business.roovi.com\/hu\/#website"},"datePublished":"2019-10-25T11:05:55+00:00","dateModified":"2022-07-06T12:49:52+00:00","description":"Dacian treasure - Strat\u00e9giai j\u00e1t\u00e9k","breadcrumb":{"@id":"https:\/\/business.roovi.com\/hu\/dacian-treasure-strategiai-jatek\/p\/#breadcrumb"},"inLanguage":"hu","potentialAction":[{"@type":"ReadAction","target":["https:\/\/business.roovi.com\/hu\/dacian-treasure-strategiai-jatek\/p\/"]}]},{"@type":"BreadcrumbList","@id":"https:\/\/business.roovi.com\/hu\/dacian-treasure-strategiai-jatek\/p\/#breadcrumb","itemListElement":[{"@type":"ListItem","position":1,"name":"Home","item":"https:\/\/business.roovi.com\/hu\/"},{"@type":"ListItem","position":2,"name":"Shop","item":"https:\/\/business.roovi.com\/hu\/shop\/"},{"@type":"ListItem","position":3,"name":"Dacian treasure &#8211; Strat\u00e9giai j\u00e1t\u00e9k"}]},{"@type":"WebSite","@id":"https:\/\/business.roovi.com\/hu\/#website","url":"https:\/\/business.roovi.com\/hu\/","name":"Roovi B2B","description":"Roovi Business Website","potentialAction":[{"@type":"SearchAction","target":{"@type":"EntryPoint","urlTemplate":"https:\/\/business.roovi.com\/hu\/?s={search_term_string}"},"query-input":"required name=search_term_string"}],"inLanguage":"hu"}]}},"_links":{"self":[{"href":"https:\/\/business.roovi.com\/hu\/wp-json\/wp\/v2\/product\/39289","targetHints":{"allow":["GET"]}}],"collection":[{"href":"https:\/\/business.roovi.com\/hu\/wp-json\/wp\/v2\/product"}],"about":[{"href":"https:\/\/business.roovi.com\/hu\/wp-json\/wp\/v2\/types\/product"}],"version-history":[{"count":0,"href":"https:\/\/business.roovi.com\/hu\/wp-json\/wp\/v2\/product\/39289\/revisions"}],"wp:featuredmedia":[{"embeddable":true,"href":"https:\/\/business.roovi.com\/hu\/wp-json\/wp\/v2\/media\/48854"}],"wp:attachment":[{"href":"https:\/\/business.roovi.com\/hu\/wp-json\/wp\/v2\/media?parent=39289"}],"wp:term":[{"taxonomy":"product_brand","embeddable":true,"href":"https:\/\/business.roovi.com\/hu\/wp-json\/wp\/v2\/product_brand?post=39289"},{"taxonomy":"product_cat","embeddable":true,"href":"https:\/\/business.roovi.com\/hu\/wp-json\/wp\/v2\/product_cat?post=39289"},{"taxonomy":"product_tag","embeddable":true,"href":"https:\/\/business.roovi.com\/hu\/wp-json\/wp\/v2\/product_tag?post=39289"}],"curies":[{"name":"wp","href":"https:\/\/api.w.org\/{rel}","templated":true}]}}