{"id":39309,"date":"2018-04-16T10:56:06","date_gmt":"2018-04-16T10:56:06","guid":{"rendered":"https:\/\/business.roovi.com\/joc-globe-whizz\/p\/"},"modified":"2022-07-06T12:54:25","modified_gmt":"2022-07-06T12:54:25","slug":"game-globe-whizz-oktatasi-tarsasjatek","status":"publish","type":"product","link":"https:\/\/business.roovi.com\/hu\/game-globe-whizz-oktatasi-tarsasjatek\/p\/","title":{"rendered":"Game Globe Whizz &#8211; Oktat\u00e1si t\u00e1rsasj\u00e1t\u00e9k"},"content":{"rendered":"<p><span style=\"font-weight: 400\">Tudtad, hogy a lib\u00e1nak t\u00f6bb nyakcsigoly\u00e1ja van, mint a zsir\u00e1fnak? Tudod, mi az az ukulele? Tudtad, hogy a D\u00e9li-sark sokkal hidegebb, mint az \u00c9szaki-sark?<\/span><\/p>\n<p><span style=\"font-weight: 400\">Ha k\u00edv\u00e1ncsi vagy arra, hogy min\u00e9l t\u00f6bb \u00e9rdekes r\u00e9szletet tudj meg a vil\u00e1g k\u00fcl\u00f6nb\u00f6z\u0151 r\u00e9szeir\u0151l, akkor vegy\u00e9l r\u00e9szt egy felejthetetlen kalandban a Globe Whizz seg\u00edts\u00e9g\u00e9vel! <\/span><\/p>\n<p><span style=\"font-weight: 400\">A Globe Whizz seg\u00edts\u00e9g\u00e9vel k\u00f6rbehaj\u00f3zhatod a vil\u00e1got, hogy felfedezd a legizgalmasabb helyeket, \u00e1llatokat, \u00e9teleket, hagyom\u00e1nyokat, term\u00e9szeti jelens\u00e9geket, t\u00f6rt\u00e9nelmi esem\u00e9nyeket \u00e9s m\u00e9g sok m\u00e1st <\/span><\/p>\n<p><span style=\"font-weight: 400\">Milyen k\u00e9rd\u00e9seket tartalmaz a Globe Whizz? A Globe Whizz kv\u00edzk\u00e9rd\u00e9sei nagyon v\u00e1ltozatosak, k\u00fcl\u00f6nb\u00f6z\u0151 ter\u00fcletekr\u0151l: f\u00f6ldrajz, t\u00f6rt\u00e9nelem, m\u0171v\u00e9szetek, irodalom, h\u00edres emberek, term\u00e9szettudom\u00e1nyok, \u00e1llatok \u00e9s n\u00f6v\u00e9nyek, \u00e1ltal\u00e1nos kult\u00fara, h\u00edres m\u0171eml\u00e9kek, szokatlan jelens\u00e9gek stb.<\/span><\/p>\n<h2><span style=\"font-weight: 400\">Tudtad, hogy a Globe Whizz..<\/span><\/h2>\n<ul>\n<li><span style=\"font-weight: 400\">Serkenti az akt\u00edv tanul\u00e1st.<\/span><\/li>\n<li><span style=\"font-weight: 400\">Kiv\u00e1l\u00f3 eszk\u00f6z az \u00e1ltal\u00e1nos kult\u00fara fejleszt\u00e9s\u00e9re.<\/span><\/li>\n<li><span style=\"font-weight: 400\">Gyerekek \u00e9s feln\u0151ttek egyar\u00e1nt szeretik.<\/span><\/li>\n<li><span style=\"font-weight: 400\">Serkenti az asszociat\u00edv gondolkod\u00e1st.<\/span><\/li>\n<li><span style=\"font-weight: 400\">T\u00f6k\u00e9letes j\u00e1t\u00e9k lehet egy partira vagy egy sz\u00f3rakoztat\u00f3 est\u00e9re a bar\u00e1tokkal.<\/span><\/li>\n<li><span style=\"font-weight: 400\">Tele van sz\u00f3rakoztat\u00f3 kih\u00edv\u00e1sokkal, amelyek a j\u00e1t\u00e9khoz k\u00f6tnek.<\/span><\/li>\n<\/ul>\n<h2><span style=\"font-weight: 400\">Mi\u00e9rt v\u00e1lasszon Globe Whizz Game j\u00e1t\u00e9kot<\/span><\/h2>\n<p><span style=\"font-weight: 400\">A 128 Globe Whizz j\u00e1t\u00e9kk\u00e1rtya t\u00f6bb mint 330 gondosan \u00e9s szak\u00e9rtelemmel kiv\u00e1lasztott kv\u00edzk\u00e9rd\u00e9st tartalmaz, v\u00e1laszokkal \u00e9s magyar\u00e1zatokkal egy\u00fctt <\/span><\/p>\n<p><span style=\"font-weight: 400\">R\u00e1ad\u00e1sul a k\u00e9rd\u00e9sek 6 k\u00fcl\u00f6nb\u00f6z\u0151 feladatt\u00edpusba vannak csoportos\u00edtva: igaz vagy hamis, 3 lehet\u0151s\u00e9g k\u00f6z\u00fcl a helyes v\u00e1lasz kiv\u00e1laszt\u00e1sa, a v\u00e1lasz egy r\u00e9sz\u00e9nek kit\u00f6lt\u00e9se, v\u00e1lasz, meglepet\u00e9s-tev\u00e9kenys\u00e9gek \u00e9s orsz\u00e1g-v\u00e1ros j\u00e1t\u00e9k <\/span><\/p>\n<p><span style=\"font-weight: 400\">A legt\u00f6bb Globe Whizz tev\u00e9kenys\u00e9g m\u00e9g a feln\u0151ttek sz\u00e1m\u00e1ra is kih\u00edv\u00e1st jelent. Az\u00e9rt v\u00e1lasztottunk magasabb neh\u00e9zs\u00e9gi szintet, mert a j\u00e1t\u00e9kon kereszt\u00fcl lehet a legt\u00f6bbet tanulni, \u00e9s \u00edgy a j\u00e1t\u00e9k hossz\u00fa haszn\u00e1lat ut\u00e1n is lebilincsel\u0151 marad.<\/span><\/p>\n<p><span style=\"font-weight: 400\">Ha szereted a Globe Whizz j\u00e1t\u00e9kokat, \u00e9s a k\u00edv\u00e1ncsis\u00e1g a veled sz\u00fcletett tulajdons\u00e1god, akkor biztosan nagyon izgatott leszel, hogy felfedezd az Animal Globe Whizz-et, a j\u00e1t\u00e9k k\u00fcl\u00f6nleges kiad\u00e1s\u00e1t, amely csak az \u00e1llatok csod\u00e1latos vil\u00e1g\u00e1nak szentelt <\/span><\/p>\n<p><span style=\"font-weight: 400\">Kinek aj\u00e1nljuk a Globe Whizz \u00e9s az Animal Globe Whizz term\u00e9ket? <\/span><\/p>\n<p><span style=\"font-weight: 400\">Az eg\u00e9sz csal\u00e1dnak, a kalandv\u00e1gy\u00f3knak, akik szeretik a kih\u00edv\u00e1sokat, \u00e9s mindenkinek, aki t\u00f6bb \u00f3r\u00e1nyi tanuls\u00e1gos \u00e9s intelligens sz\u00f3rakoz\u00e1sra v\u00e1gyik <\/span><\/p>\n<p><span style=\"font-weight: 400\">Aj\u00e1nlott \u00e9letkor: 10+<\/span><\/p>\n<p><span style=\"font-weight: 400\">J\u00e1t\u00e9kosok: 2 &#8211; 6 f\u0151<\/span><\/p>\n<p><span style=\"font-weight: 400\">A doboz tartalmazza <\/span><span style=\"font-weight: 400\">1 f\u00f6ldg\u00f6mb, 1 j\u00e1t\u00e9kt\u00e1bla, 128 j\u00e1t\u00e9kk\u00e1rtya t\u00f6bb mint 330 k\u00e9rd\u00e9ssel, 6 felfedez\u0151, 1 kocka.<\/span><\/p>\n<p><span style=\"font-weight: 400\">3 \u00e9v alatti gyermekek sz\u00e1m\u00e1ra nem aj\u00e1nlott. Lenyelhet\u0151 apr\u00f3 darabokat tartalmaz.<\/span><\/p><\/p>\n","protected":false},"excerpt":{"rendered":"<p>Tudtad, hogy a lib\u00e1nak t\u00f6bb nyakcsigoly\u00e1ja van, mint a zsir\u00e1fnak? Tudod, mi az az ukulele? Tudtad, hogy a D\u00e9li-sark sokkal<\/p>\n","protected":false},"featured_media":30124,"template":"","meta":[],"product_brand":[],"product_cat":[1861,1858],"product_tag":[],"class_list":{"0":"post-39309","1":"product","2":"type-product","3":"status-publish","4":"has-post-thumbnail","6":"product_cat-edukativ-es-kvizjatekok","7":"product_cat-tarsasjatekok","8":"pa_bax-7-hu","9":"pa_brand-d_toys-hu","10":"pa_country_of_manufacture-ro-hu","11":"pa_filter_age-14-hu","12":"pa_filter_age-9_14-hu","13":"pa_tip_ambalaj-doboz","15":"first","16":"instock","17":"taxable","18":"shipping-taxable","19":"product-type-simple"},"yoast_head":"<!-- This site is optimized with the Yoast SEO plugin v20.1 - https:\/\/yoast.com\/wordpress\/plugins\/seo\/ -->\n<title>Game Globe Whizz - Oktat\u00e1si t\u00e1rsasj\u00e1t\u00e9k<\/title>\n<meta name=\"description\" content=\"Game Globe Whizz - Oktat\u00e1si t\u00e1rsasj\u00e1t\u00e9k\" \/>\n<meta name=\"robots\" content=\"index, follow, max-snippet:-1, max-image-preview:large, max-video-preview:-1\" \/>\n<link rel=\"canonical\" href=\"https:\/\/business.roovi.com\/hu\/game-globe-whizz-oktatasi-tarsasjatek\/p\/\" \/>\n<meta property=\"og:locale\" content=\"hu_HU\" \/>\n<meta property=\"og:type\" content=\"article\" \/>\n<meta property=\"og:title\" content=\"Game Globe Whizz - Oktat\u00e1si t\u00e1rsasj\u00e1t\u00e9k\" \/>\n<meta property=\"og:description\" content=\"Game Globe Whizz - Oktat\u00e1si t\u00e1rsasj\u00e1t\u00e9k\" \/>\n<meta property=\"og:url\" content=\"https:\/\/business.roovi.com\/hu\/game-globe-whizz-oktatasi-tarsasjatek\/p\/\" \/>\n<meta property=\"og:site_name\" content=\"Roovi B2B\" \/>\n<meta property=\"article:publisher\" content=\"https:\/\/www.facebook.com\/wwwjucariero\" \/>\n<meta property=\"article:modified_time\" content=\"2022-07-06T12:54:25+00:00\" \/>\n<meta property=\"og:image\" content=\"https:\/\/business.roovi.com\/wp-content\/uploads\/2018\/04\/68002_elo_1.jpg\" \/>\n\t<meta property=\"og:image:width\" content=\"1200\" \/>\n\t<meta property=\"og:image:height\" content=\"1200\" \/>\n\t<meta property=\"og:image:type\" content=\"image\/jpeg\" \/>\n<meta name=\"twitter:label1\" content=\"Becs\u00fclt olvas\u00e1si id\u0151\" \/>\n\t<meta name=\"twitter:data1\" content=\"3 perc\" \/>\n<script type=\"application\/ld+json\" class=\"yoast-schema-graph\">{\"@context\":\"https:\/\/schema.org\",\"@graph\":[{\"@type\":\"WebPage\",\"@id\":\"https:\/\/business.roovi.com\/hu\/game-globe-whizz-oktatasi-tarsasjatek\/p\/\",\"url\":\"https:\/\/business.roovi.com\/hu\/game-globe-whizz-oktatasi-tarsasjatek\/p\/\",\"name\":\"Game Globe Whizz - Oktat\u00e1si t\u00e1rsasj\u00e1t\u00e9k\",\"isPartOf\":{\"@id\":\"https:\/\/business.roovi.com\/hu\/#website\"},\"datePublished\":\"2018-04-16T10:56:06+00:00\",\"dateModified\":\"2022-07-06T12:54:25+00:00\",\"description\":\"Game Globe Whizz - Oktat\u00e1si t\u00e1rsasj\u00e1t\u00e9k\",\"breadcrumb\":{\"@id\":\"https:\/\/business.roovi.com\/hu\/game-globe-whizz-oktatasi-tarsasjatek\/p\/#breadcrumb\"},\"inLanguage\":\"hu\",\"potentialAction\":[{\"@type\":\"ReadAction\",\"target\":[\"https:\/\/business.roovi.com\/hu\/game-globe-whizz-oktatasi-tarsasjatek\/p\/\"]}]},{\"@type\":\"BreadcrumbList\",\"@id\":\"https:\/\/business.roovi.com\/hu\/game-globe-whizz-oktatasi-tarsasjatek\/p\/#breadcrumb\",\"itemListElement\":[{\"@type\":\"ListItem\",\"position\":1,\"name\":\"Home\",\"item\":\"https:\/\/business.roovi.com\/hu\/\"},{\"@type\":\"ListItem\",\"position\":2,\"name\":\"Shop\",\"item\":\"https:\/\/business.roovi.com\/hu\/shop\/\"},{\"@type\":\"ListItem\",\"position\":3,\"name\":\"Game Globe Whizz &#8211; Oktat\u00e1si t\u00e1rsasj\u00e1t\u00e9k\"}]},{\"@type\":\"WebSite\",\"@id\":\"https:\/\/business.roovi.com\/hu\/#website\",\"url\":\"https:\/\/business.roovi.com\/hu\/\",\"name\":\"Roovi B2B\",\"description\":\"Roovi Business Website\",\"potentialAction\":[{\"@type\":\"SearchAction\",\"target\":{\"@type\":\"EntryPoint\",\"urlTemplate\":\"https:\/\/business.roovi.com\/hu\/?s={search_term_string}\"},\"query-input\":\"required name=search_term_string\"}],\"inLanguage\":\"hu\"}]}<\/script>\n<!-- \/ Yoast SEO plugin. -->","yoast_head_json":{"title":"Game Globe Whizz - Oktat\u00e1si t\u00e1rsasj\u00e1t\u00e9k","description":"Game Globe Whizz - Oktat\u00e1si t\u00e1rsasj\u00e1t\u00e9k","robots":{"index":"index","follow":"follow","max-snippet":"max-snippet:-1","max-image-preview":"max-image-preview:large","max-video-preview":"max-video-preview:-1"},"canonical":"https:\/\/business.roovi.com\/hu\/game-globe-whizz-oktatasi-tarsasjatek\/p\/","og_locale":"hu_HU","og_type":"article","og_title":"Game Globe Whizz - Oktat\u00e1si t\u00e1rsasj\u00e1t\u00e9k","og_description":"Game Globe Whizz - Oktat\u00e1si t\u00e1rsasj\u00e1t\u00e9k","og_url":"https:\/\/business.roovi.com\/hu\/game-globe-whizz-oktatasi-tarsasjatek\/p\/","og_site_name":"Roovi B2B","article_publisher":"https:\/\/www.facebook.com\/wwwjucariero","article_modified_time":"2022-07-06T12:54:25+00:00","og_image":[{"width":1200,"height":1200,"url":"https:\/\/business.roovi.com\/wp-content\/uploads\/2018\/04\/68002_elo_1.jpg","type":"image\/jpeg"}],"twitter_misc":{"Becs\u00fclt olvas\u00e1si id\u0151":"3 perc"},"schema":{"@context":"https:\/\/schema.org","@graph":[{"@type":"WebPage","@id":"https:\/\/business.roovi.com\/hu\/game-globe-whizz-oktatasi-tarsasjatek\/p\/","url":"https:\/\/business.roovi.com\/hu\/game-globe-whizz-oktatasi-tarsasjatek\/p\/","name":"Game Globe Whizz - Oktat\u00e1si t\u00e1rsasj\u00e1t\u00e9k","isPartOf":{"@id":"https:\/\/business.roovi.com\/hu\/#website"},"datePublished":"2018-04-16T10:56:06+00:00","dateModified":"2022-07-06T12:54:25+00:00","description":"Game Globe Whizz - Oktat\u00e1si t\u00e1rsasj\u00e1t\u00e9k","breadcrumb":{"@id":"https:\/\/business.roovi.com\/hu\/game-globe-whizz-oktatasi-tarsasjatek\/p\/#breadcrumb"},"inLanguage":"hu","potentialAction":[{"@type":"ReadAction","target":["https:\/\/business.roovi.com\/hu\/game-globe-whizz-oktatasi-tarsasjatek\/p\/"]}]},{"@type":"BreadcrumbList","@id":"https:\/\/business.roovi.com\/hu\/game-globe-whizz-oktatasi-tarsasjatek\/p\/#breadcrumb","itemListElement":[{"@type":"ListItem","position":1,"name":"Home","item":"https:\/\/business.roovi.com\/hu\/"},{"@type":"ListItem","position":2,"name":"Shop","item":"https:\/\/business.roovi.com\/hu\/shop\/"},{"@type":"ListItem","position":3,"name":"Game Globe Whizz &#8211; Oktat\u00e1si t\u00e1rsasj\u00e1t\u00e9k"}]},{"@type":"WebSite","@id":"https:\/\/business.roovi.com\/hu\/#website","url":"https:\/\/business.roovi.com\/hu\/","name":"Roovi B2B","description":"Roovi Business Website","potentialAction":[{"@type":"SearchAction","target":{"@type":"EntryPoint","urlTemplate":"https:\/\/business.roovi.com\/hu\/?s={search_term_string}"},"query-input":"required name=search_term_string"}],"inLanguage":"hu"}]}},"_links":{"self":[{"href":"https:\/\/business.roovi.com\/hu\/wp-json\/wp\/v2\/product\/39309","targetHints":{"allow":["GET"]}}],"collection":[{"href":"https:\/\/business.roovi.com\/hu\/wp-json\/wp\/v2\/product"}],"about":[{"href":"https:\/\/business.roovi.com\/hu\/wp-json\/wp\/v2\/types\/product"}],"version-history":[{"count":0,"href":"https:\/\/business.roovi.com\/hu\/wp-json\/wp\/v2\/product\/39309\/revisions"}],"wp:featuredmedia":[{"embeddable":true,"href":"https:\/\/business.roovi.com\/hu\/wp-json\/wp\/v2\/media\/30124"}],"wp:attachment":[{"href":"https:\/\/business.roovi.com\/hu\/wp-json\/wp\/v2\/media?parent=39309"}],"wp:term":[{"taxonomy":"product_brand","embeddable":true,"href":"https:\/\/business.roovi.com\/hu\/wp-json\/wp\/v2\/product_brand?post=39309"},{"taxonomy":"product_cat","embeddable":true,"href":"https:\/\/business.roovi.com\/hu\/wp-json\/wp\/v2\/product_cat?post=39309"},{"taxonomy":"product_tag","embeddable":true,"href":"https:\/\/business.roovi.com\/hu\/wp-json\/wp\/v2\/product_tag?post=39309"}],"curies":[{"name":"wp","href":"https:\/\/api.w.org\/{rel}","templated":true}]}}