{"id":39321,"date":"2018-04-16T10:56:06","date_gmt":"2018-04-16T10:56:06","guid":{"rendered":"https:\/\/business.roovi.com\/joc-remi-clasic\/p\/"},"modified":"2022-07-06T12:54:39","modified_gmt":"2022-07-06T12:54:39","slug":"remi-klasszikus-jatek","status":"publish","type":"product","link":"https:\/\/business.roovi.com\/hu\/remi-klasszikus-jatek\/p\/","title":{"rendered":"Remi klasszikus j\u00e1t\u00e9k"},"content":{"rendered":"<p><span style=\"font-weight: 400\">Tudta, hogy a Remi j\u00e1t\u00e9kot egy rom\u00e1niai sz\u00fclet\u00e9s\u0171 zsid\u00f3 tal\u00e1lta ki, aki Palesztin\u00e1ban telepedett le, miut\u00e1n a kommunista rendszer az 1940-es \u00e9vekben betiltotta a k\u00e1rtyaj\u00e1t\u00e9kokat Rom\u00e1ni\u00e1ban? <\/span><\/p>\n<p><span style=\"font-weight: 400\">Epharim Hertzano teh\u00e1t megtal\u00e1lta a megold\u00e1st, hogy egy k\u00e1rtyaj\u00e1t\u00e9kot (Rummy) leford\u00edtson egy, az \u00e1zsiai Mahjonghoz hasonl\u00f3, k\u00f6vekkel j\u00e1tszott j\u00e1t\u00e9kk\u00e1.<\/span><\/p>\n<p><span style=\"font-weight: 400\">Az els\u0151 k\u00e9szleteket k\u00e9zzel k\u00e9sz\u00edtette a saj\u00e1t kertj\u00e9ben, majd h\u00e1zr\u00f3l h\u00e1zra j\u00e1rva \u00e1rulta \u0151ket. A Remi gyorsan az egyik legj\u00e1tszottabb \u00e9s legkedveltebb j\u00e1t\u00e9k lett vil\u00e1gszerte, \u00e9s ez lett az els\u0151 Izraelb\u0151l k\u00e9sz\u00edtett \u00e9s export\u00e1lt j\u00e1t\u00e9k <\/span><\/p>\n<p><span style=\"font-weight: 400\">Ez a j\u00e1t\u00e9k a figyelem \u00e9s a logikus gondolkod\u00e1s j\u00e1t\u00e9ka, a c\u00e9l az, hogy az els\u0151 sorozatot \u00e9s a sorozatot a t\u00e1bl\u00e1n l\u00e9v\u0151 \u00f6sszes b\u00e1buval megnyerj\u00fck.<\/span><\/p>\n<h2><span style=\"font-weight: 400\">Tudtad, hogy a Remi Classic j\u00e1t\u00e9k..<\/span><\/h2>\n<ul>\n<li><span style=\"font-weight: 400\">3 k\u00fcl\u00f6nb\u00f6z\u0151 v\u00e1ltozatban j\u00e1tszhat\u00f3: Amerikai, Sabra \u00e9s nemzetk\u00f6zi, de leggyakrabban a Sabra v\u00e1ltozatot j\u00e1tssz\u00e1k <\/span><\/li>\n<li><span style=\"font-weight: 400\">Ez a koncentr\u00e1ci\u00f3 \u00e9s a figyelem j\u00e1t\u00e9ka.<\/span><\/li>\n<li><span style=\"font-weight: 400\">Serkenti a mem\u00f3ri\u00e1t \u00e9s a gyors gondolkod\u00e1st.<\/span><\/li>\n<li><span style=\"font-weight: 400\">A gyerekek is sikeresen j\u00e1tszhatj\u00e1k.<\/span><\/li>\n<li><span style=\"font-weight: 400\">Fejleszti a versenyszellemet, \u00e9s csapatban is j\u00e1tszhat\u00f3.<\/span><\/li>\n<li><span style=\"font-weight: 400\">Addikt\u00edv! <\/span><\/li>\n<\/ul>\n<h2><span style=\"font-weight: 400\">Mi\u00e9rt v\u00e1lassza a Classic Remi-t<\/span><\/h2>\n<p><span style=\"font-weight: 400\">Ez egy cs\u00facsmin\u0151s\u00e9g\u0171 j\u00e1t\u00e9k, tart\u00f3s fa t\u00e1bl\u00e1kkal a sz\u00f3rakoz\u00e1s \u00e9s a megszak\u00edt\u00e1s n\u00e9lk\u00fcli j\u00e1t\u00e9k \u00e9rdek\u00e9ben.<\/span><\/p>\n<p><span style=\"font-weight: 400\">A j\u00e1t\u00e9k h\u00e1rom k\u00fcl\u00f6nb\u00f6z\u0151 verzi\u00f3t tartalmaz, \u00edgy a sz\u00f3rakoz\u00e1s \u00e9s a kih\u00edv\u00e1sok pont megfelel\u0151ek <\/span><\/p>\n<p><span style=\"font-weight: 400\">A Remi Classic a t\u00f6k\u00e9letes j\u00e1t\u00e9k a bar\u00e1tokkal vagy a csal\u00e1ddal val\u00f3 j\u00e1t\u00e9kra, b\u00e1rmikor \u00e9s b\u00e1rhol. Mag\u00e1val viheti nyaral\u00e1sra, piknikre, vagy ak\u00e1r egy hegytet\u0151re, fah\u00e1zba vagy s\u00e1torba is <\/span><\/p>\n<p><span style=\"font-weight: 400\">A j\u00f3kedv v\u00e9gtelen forr\u00e1sa, amely nem ig\u00e9nyel t\u00e1pegys\u00e9get, \u00e9s nem fogy ki az elem &#8211; az egyetlen, aki elf\u00e1rad a j\u00e1t\u00e9kid\u0151ben, val\u00f3sz\u00edn\u0171leg te leszel.<\/span><\/p>\n<p><span style=\"font-weight: 400\">Aj\u00e1nlott \u00e9letkor: 8+<\/span><\/p>\n<p><span style=\"font-weight: 400\">J\u00e1t\u00e9kosok: 2-4 f\u0151<\/span><\/p>\n<p><span style=\"font-weight: 400\">A doboz tartalma: 4 f\u00e1b\u00f3l k\u00e9sz\u00fclt j\u00e1t\u00e9kt\u00e1bla, 106 m\u0171anyag j\u00e1t\u00e9kfigura, 6 tartal\u00e9k figura (feh\u00e9r), j\u00e1t\u00e9kszab\u00e1lyok<\/span><\/p>\n<p><span style=\"font-weight: 400\">A j\u00e1t\u00e9k nem aj\u00e1nlott 3 \u00e9v alatti gyermekek sz\u00e1m\u00e1ra.<\/span><\/p><\/p>\n","protected":false},"excerpt":{"rendered":"<p>Tudta, hogy a Remi j\u00e1t\u00e9kot egy rom\u00e1niai sz\u00fclet\u00e9s\u0171 zsid\u00f3 tal\u00e1lta ki, aki Palesztin\u00e1ban telepedett le, miut\u00e1n a kommunista rendszer az<\/p>\n","protected":false},"featured_media":70797,"template":"","meta":[],"product_brand":[],"product_cat":[1860,1858],"product_tag":[],"class_list":{"0":"post-39321","1":"product","2":"type-product","3":"status-publish","4":"has-post-thumbnail","6":"product_cat-csaladi-jatekok","7":"product_cat-tarsasjatekok","8":"pa_bax-10-hu","9":"pa_brand-d_toys-hu","10":"pa_country_of_manufacture-ro-hu","11":"pa_filter_age-14-hu","12":"pa_filter_age-5_7-hu","13":"pa_filter_age-7_9-hu","14":"pa_filter_age-9_14-hu","15":"pa_tip_ambalaj-doboz","17":"first","18":"instock","19":"taxable","20":"shipping-taxable","21":"product-type-simple"},"yoast_head":"<!-- This site is optimized with the Yoast SEO plugin v20.1 - https:\/\/yoast.com\/wordpress\/plugins\/seo\/ -->\n<title>Remi klasszikus j\u00e1t\u00e9k<\/title>\n<meta name=\"description\" content=\"Remi klasszikus j\u00e1t\u00e9k\" \/>\n<meta name=\"robots\" content=\"index, follow, max-snippet:-1, max-image-preview:large, max-video-preview:-1\" \/>\n<link rel=\"canonical\" href=\"https:\/\/business.roovi.com\/hu\/remi-klasszikus-jatek\/p\/\" \/>\n<meta property=\"og:locale\" content=\"hu_HU\" \/>\n<meta property=\"og:type\" content=\"article\" \/>\n<meta property=\"og:title\" content=\"Remi klasszikus j\u00e1t\u00e9k\" \/>\n<meta property=\"og:description\" content=\"Remi klasszikus j\u00e1t\u00e9k\" \/>\n<meta property=\"og:url\" content=\"https:\/\/business.roovi.com\/hu\/remi-klasszikus-jatek\/p\/\" \/>\n<meta property=\"og:site_name\" content=\"Roovi B2B\" \/>\n<meta property=\"article:publisher\" content=\"https:\/\/www.facebook.com\/wwwjucariero\" \/>\n<meta property=\"article:modified_time\" content=\"2022-07-06T12:54:39+00:00\" \/>\n<meta property=\"og:image\" content=\"https:\/\/business.roovi.com\/wp-content\/uploads\/2018\/04\/66473_elo_remi_1.jpg\" \/>\n\t<meta property=\"og:image:width\" content=\"1200\" \/>\n\t<meta property=\"og:image:height\" content=\"1200\" \/>\n\t<meta property=\"og:image:type\" content=\"image\/jpeg\" \/>\n<meta name=\"twitter:label1\" content=\"Becs\u00fclt olvas\u00e1si id\u0151\" \/>\n\t<meta name=\"twitter:data1\" content=\"2 perc\" \/>\n<script type=\"application\/ld+json\" class=\"yoast-schema-graph\">{\"@context\":\"https:\/\/schema.org\",\"@graph\":[{\"@type\":\"WebPage\",\"@id\":\"https:\/\/business.roovi.com\/hu\/remi-klasszikus-jatek\/p\/\",\"url\":\"https:\/\/business.roovi.com\/hu\/remi-klasszikus-jatek\/p\/\",\"name\":\"Remi klasszikus j\u00e1t\u00e9k\",\"isPartOf\":{\"@id\":\"https:\/\/business.roovi.com\/hu\/#website\"},\"datePublished\":\"2018-04-16T10:56:06+00:00\",\"dateModified\":\"2022-07-06T12:54:39+00:00\",\"description\":\"Remi klasszikus j\u00e1t\u00e9k\",\"breadcrumb\":{\"@id\":\"https:\/\/business.roovi.com\/hu\/remi-klasszikus-jatek\/p\/#breadcrumb\"},\"inLanguage\":\"hu\",\"potentialAction\":[{\"@type\":\"ReadAction\",\"target\":[\"https:\/\/business.roovi.com\/hu\/remi-klasszikus-jatek\/p\/\"]}]},{\"@type\":\"BreadcrumbList\",\"@id\":\"https:\/\/business.roovi.com\/hu\/remi-klasszikus-jatek\/p\/#breadcrumb\",\"itemListElement\":[{\"@type\":\"ListItem\",\"position\":1,\"name\":\"Home\",\"item\":\"https:\/\/business.roovi.com\/hu\/\"},{\"@type\":\"ListItem\",\"position\":2,\"name\":\"Shop\",\"item\":\"https:\/\/business.roovi.com\/hu\/shop\/\"},{\"@type\":\"ListItem\",\"position\":3,\"name\":\"Remi klasszikus j\u00e1t\u00e9k\"}]},{\"@type\":\"WebSite\",\"@id\":\"https:\/\/business.roovi.com\/hu\/#website\",\"url\":\"https:\/\/business.roovi.com\/hu\/\",\"name\":\"Roovi B2B\",\"description\":\"Roovi Business Website\",\"potentialAction\":[{\"@type\":\"SearchAction\",\"target\":{\"@type\":\"EntryPoint\",\"urlTemplate\":\"https:\/\/business.roovi.com\/hu\/?s={search_term_string}\"},\"query-input\":\"required name=search_term_string\"}],\"inLanguage\":\"hu\"}]}<\/script>\n<!-- \/ Yoast SEO plugin. -->","yoast_head_json":{"title":"Remi klasszikus j\u00e1t\u00e9k","description":"Remi klasszikus j\u00e1t\u00e9k","robots":{"index":"index","follow":"follow","max-snippet":"max-snippet:-1","max-image-preview":"max-image-preview:large","max-video-preview":"max-video-preview:-1"},"canonical":"https:\/\/business.roovi.com\/hu\/remi-klasszikus-jatek\/p\/","og_locale":"hu_HU","og_type":"article","og_title":"Remi klasszikus j\u00e1t\u00e9k","og_description":"Remi klasszikus j\u00e1t\u00e9k","og_url":"https:\/\/business.roovi.com\/hu\/remi-klasszikus-jatek\/p\/","og_site_name":"Roovi B2B","article_publisher":"https:\/\/www.facebook.com\/wwwjucariero","article_modified_time":"2022-07-06T12:54:39+00:00","og_image":[{"width":1200,"height":1200,"url":"https:\/\/business.roovi.com\/wp-content\/uploads\/2018\/04\/66473_elo_remi_1.jpg","type":"image\/jpeg"}],"twitter_misc":{"Becs\u00fclt olvas\u00e1si id\u0151":"2 perc"},"schema":{"@context":"https:\/\/schema.org","@graph":[{"@type":"WebPage","@id":"https:\/\/business.roovi.com\/hu\/remi-klasszikus-jatek\/p\/","url":"https:\/\/business.roovi.com\/hu\/remi-klasszikus-jatek\/p\/","name":"Remi klasszikus j\u00e1t\u00e9k","isPartOf":{"@id":"https:\/\/business.roovi.com\/hu\/#website"},"datePublished":"2018-04-16T10:56:06+00:00","dateModified":"2022-07-06T12:54:39+00:00","description":"Remi klasszikus j\u00e1t\u00e9k","breadcrumb":{"@id":"https:\/\/business.roovi.com\/hu\/remi-klasszikus-jatek\/p\/#breadcrumb"},"inLanguage":"hu","potentialAction":[{"@type":"ReadAction","target":["https:\/\/business.roovi.com\/hu\/remi-klasszikus-jatek\/p\/"]}]},{"@type":"BreadcrumbList","@id":"https:\/\/business.roovi.com\/hu\/remi-klasszikus-jatek\/p\/#breadcrumb","itemListElement":[{"@type":"ListItem","position":1,"name":"Home","item":"https:\/\/business.roovi.com\/hu\/"},{"@type":"ListItem","position":2,"name":"Shop","item":"https:\/\/business.roovi.com\/hu\/shop\/"},{"@type":"ListItem","position":3,"name":"Remi klasszikus j\u00e1t\u00e9k"}]},{"@type":"WebSite","@id":"https:\/\/business.roovi.com\/hu\/#website","url":"https:\/\/business.roovi.com\/hu\/","name":"Roovi B2B","description":"Roovi Business Website","potentialAction":[{"@type":"SearchAction","target":{"@type":"EntryPoint","urlTemplate":"https:\/\/business.roovi.com\/hu\/?s={search_term_string}"},"query-input":"required name=search_term_string"}],"inLanguage":"hu"}]}},"_links":{"self":[{"href":"https:\/\/business.roovi.com\/hu\/wp-json\/wp\/v2\/product\/39321","targetHints":{"allow":["GET"]}}],"collection":[{"href":"https:\/\/business.roovi.com\/hu\/wp-json\/wp\/v2\/product"}],"about":[{"href":"https:\/\/business.roovi.com\/hu\/wp-json\/wp\/v2\/types\/product"}],"version-history":[{"count":0,"href":"https:\/\/business.roovi.com\/hu\/wp-json\/wp\/v2\/product\/39321\/revisions"}],"wp:featuredmedia":[{"embeddable":true,"href":"https:\/\/business.roovi.com\/hu\/wp-json\/wp\/v2\/media\/70797"}],"wp:attachment":[{"href":"https:\/\/business.roovi.com\/hu\/wp-json\/wp\/v2\/media?parent=39321"}],"wp:term":[{"taxonomy":"product_brand","embeddable":true,"href":"https:\/\/business.roovi.com\/hu\/wp-json\/wp\/v2\/product_brand?post=39321"},{"taxonomy":"product_cat","embeddable":true,"href":"https:\/\/business.roovi.com\/hu\/wp-json\/wp\/v2\/product_cat?post=39321"},{"taxonomy":"product_tag","embeddable":true,"href":"https:\/\/business.roovi.com\/hu\/wp-json\/wp\/v2\/product_tag?post=39321"}],"curies":[{"name":"wp","href":"https:\/\/api.w.org\/{rel}","templated":true}]}}