{"id":39353,"date":"2018-04-16T10:56:06","date_gmt":"2018-04-16T10:56:06","guid":{"rendered":"https:\/\/business.roovi.com\/joc-pantomime-animale\/p\/"},"modified":"2022-07-06T12:59:29","modified_gmt":"2022-07-06T12:59:29","slug":"animal-pantomime-game-tarsasjatek-es-pantomimjatek","status":"publish","type":"product","link":"https:\/\/business.roovi.com\/hu\/animal-pantomime-game-tarsasjatek-es-pantomimjatek\/p\/","title":{"rendered":"Animal Pantomime Game &#8211; T\u00e1rsasj\u00e1t\u00e9k \u00e9s pantomimj\u00e1t\u00e9k"},"content":{"rendered":"<p><span style=\"font-weight: 400\">Hogyan ut\u00e1nozhatsz egy vaddiszn\u00f3t? Mit sz\u00f3ln\u00e1l egy delfinhez? Vagy tal\u00e1n egy hangya? Gyakorold a pantomimk\u00e9szs\u00e9gedet gyermekeddel, \u00e9s l\u00e9pj be a szuper sz\u00f3rakoztat\u00f3 j\u00e1t\u00e9kok birodalm\u00e1ba az Animal Pantomime seg\u00edts\u00e9g\u00e9vel.<\/span><\/p>\n<p><span style=\"font-weight: 400\">Fedezz fel egy szuper sz\u00f3rakoztat\u00f3, az eg\u00e9sz csal\u00e1d sz\u00e1m\u00e1ra alkalmas pantomimj\u00e1t\u00e9kot, amely feldobja a hangulatot \u00e9s megadja a hangulatot b\u00e1rmelyik gyerekzs\u00faron. A pantomim az a j\u00e1t\u00e9k, amely \u00f3r\u00e1kig tart\u00f3 sz\u00f3rakoz\u00e1st ny\u00fajt \u00e9s nevet\u00e9sre k\u00e9sztet, a kisgyermekekt\u0151l a feln\u0151ttekig <\/span><\/p>\n<p><span style=\"font-weight: 400\">R\u00e1ad\u00e1sul sosem tudhatod, milyen rejtett pantomimtehets\u00e9geket fedezel fel, mik\u00f6zben a gyermekeddel egy\u00fctt j\u00e1tszol <\/span><\/p>\n<h2><span style=\"font-weight: 400\">Tudtad, hogy az Animal Pantomime j\u00e1t\u00e9k..<\/span><\/h2>\n<ul>\n<li><span style=\"font-weight: 400\">Fejleszti a kreativit\u00e1st.<\/span><\/li>\n<li><span style=\"font-weight: 400\">Serkenti a csapatszellemet \u00e9s az egy\u00fcttm\u0171k\u00f6d\u00e9st.<\/span><\/li>\n<li><span style=\"font-weight: 400\">Seg\u00edt fejleszteni a m\u0171v\u00e9szi k\u00e9szs\u00e9geket \u00e9s a kifejez\u0151k\u00e9szs\u00e9get, amit a kicsik teljes m\u00e9rt\u00e9kben kihaszn\u00e1lnak, hogy a legjobban ut\u00e1nozz\u00e1k a k\u00e1rty\u00e1n l\u00e9v\u0151 \u00e1llatot.<\/span><\/li>\n<li><span style=\"font-weight: 400\">Az id\u0151vel kapcsolatos alapvet\u0151 fogalmak kialak\u00edt\u00e1sa a homok\u00f3ra seg\u00edts\u00e9g\u00e9vel.<\/span><\/li>\n<li><span style=\"font-weight: 400\">Fejleszti a gyors gondolkod\u00e1si k\u00e9szs\u00e9get, a kartonfigur\u00e1k mimik\u00e1j\u00e1nak id\u0151beli korl\u00e1toz\u00e1s\u00e1val.<\/span><\/li>\n<\/ul>\n<h2><span style=\"font-weight: 400\">Mi\u00e9rt k\u00fcl\u00f6nleges Animal Pantomime<\/span><\/h2>\n<p><span style=\"font-weight: 400\">A pantomim egy rendk\u00edv\u00fcl sokoldal\u00fa j\u00e1t\u00e9k, amely a gesztusok \u00e9s a mimika seg\u00edts\u00e9g\u00e9vel fejleszti a nonverb\u00e1lis kifejez\u0151k\u00e9szs\u00e9get.<\/span><\/p>\n<p><span style=\"font-weight: 400\">Ez egy nagyon j\u00f3 csapatkoordin\u00e1ci\u00f3s j\u00e1t\u00e9k, amely megalapozza az egy\u00fcttm\u0171k\u00f6d\u00e9s, a bizalom, a t\u00e1mogat\u00e1s, a siker k\u00f6z\u00f6s \u00f6r\u00f6m\u00e9nek \u00e9s a veres\u00e9g k\u00f6z\u00f6s v\u00e1llal\u00e1s\u00e1nak fogalm\u00e1t <\/span><\/p>\n<p><span style=\"font-weight: 400\">Ezenk\u00edv\u00fcl intenz\u00edven serkenti a kreativit\u00e1st. A j\u00e1t\u00e9kosoknak a k\u00fcl\u00f6nb\u00f6z\u0151 \u00e1llatok ut\u00e1nz\u00e1s\u00e1nak legkreat\u00edvabb m\u00f3dj\u00e1t kell kital\u00e1lniuk, hogy csapatuk kital\u00e1lja az ut\u00e1nzott \u00e1llatot, miel\u0151tt lej\u00e1r az id\u0151.<\/span><\/p>\n<p><span style=\"font-weight: 400\">Aj\u00e1nlott \u00e9letkor: 4+<\/span><\/p>\n<p><span style=\"font-weight: 400\">J\u00e1t\u00e9kosok: 2 &#8211; 16 j\u00e1t\u00e9kos<\/span><\/p>\n<p><span style=\"font-weight: 400\">A doboz tartalmazza <\/span><span style=\"font-weight: 400\">1 j\u00e1t\u00e9kt\u00e1bla, 64 j\u00e1t\u00e9kk\u00e1rtya, 1 homok\u00f3ra, 4 sz\u00e1ml\u00e1l\u00f3, 1 kocka, j\u00e1t\u00e9kszab\u00e1ly.<\/span><\/p>\n<p><span style=\"font-weight: 400\">A j\u00e1t\u00e9k nem aj\u00e1nlott 3 \u00e9v alatti gyermekek sz\u00e1m\u00e1ra. Lenyelhet\u0151 apr\u00f3 darabokat tartalmaz.<\/span><\/p><\/p>\n","protected":false},"excerpt":{"rendered":"<p>Hogyan ut\u00e1nozhatsz egy vaddiszn\u00f3t? Mit sz\u00f3ln\u00e1l egy delfinhez? Vagy tal\u00e1n egy hangya? Gyakorold a pantomimk\u00e9szs\u00e9gedet gyermekeddel, \u00e9s l\u00e9pj be a<\/p>\n","protected":false},"featured_media":30192,"template":"","meta":[],"product_brand":[],"product_cat":[1859,1858],"product_tag":[],"class_list":{"0":"post-39353","1":"product","2":"type-product","3":"status-publish","4":"has-post-thumbnail","6":"product_cat-party-jatekok","7":"product_cat-tarsasjatekok","8":"pa_bax-10-hu","9":"pa_brand-d_toys-hu","10":"pa_country_of_manufacture-ro-hu","11":"pa_filter_age-14-hu","12":"pa_filter_age-3_5-hu","13":"pa_filter_age-5_7-hu","14":"pa_filter_age-7_9-hu","15":"pa_filter_age-9_14-hu","16":"pa_tip_ambalaj-doboz","18":"first","19":"instock","20":"taxable","21":"shipping-taxable","22":"product-type-simple"},"yoast_head":"<!-- This site is optimized with the Yoast SEO plugin v20.1 - https:\/\/yoast.com\/wordpress\/plugins\/seo\/ -->\n<title>Animal Pantomime Game - T\u00e1rsasj\u00e1t\u00e9k \u00e9s pantomimj\u00e1t\u00e9k<\/title>\n<meta name=\"description\" content=\"Animal Pantomime Game - T\u00e1rsasj\u00e1t\u00e9k \u00e9s pantomimj\u00e1t\u00e9k\" \/>\n<meta name=\"robots\" content=\"index, follow, max-snippet:-1, max-image-preview:large, max-video-preview:-1\" \/>\n<link rel=\"canonical\" href=\"https:\/\/business.roovi.com\/hu\/animal-pantomime-game-tarsasjatek-es-pantomimjatek\/p\/\" \/>\n<meta property=\"og:locale\" content=\"hu_HU\" \/>\n<meta property=\"og:type\" content=\"article\" \/>\n<meta property=\"og:title\" content=\"Animal Pantomime Game - T\u00e1rsasj\u00e1t\u00e9k \u00e9s pantomimj\u00e1t\u00e9k\" \/>\n<meta property=\"og:description\" content=\"Animal Pantomime Game - T\u00e1rsasj\u00e1t\u00e9k \u00e9s pantomimj\u00e1t\u00e9k\" \/>\n<meta property=\"og:url\" content=\"https:\/\/business.roovi.com\/hu\/animal-pantomime-game-tarsasjatek-es-pantomimjatek\/p\/\" \/>\n<meta property=\"og:site_name\" content=\"Roovi B2B\" \/>\n<meta property=\"article:publisher\" content=\"https:\/\/www.facebook.com\/wwwjucariero\" \/>\n<meta property=\"article:modified_time\" content=\"2022-07-06T12:59:29+00:00\" \/>\n<meta property=\"og:image\" content=\"https:\/\/business.roovi.com\/wp-content\/uploads\/2018\/04\/66459_elo_pantomime_1.jpg\" \/>\n\t<meta property=\"og:image:width\" content=\"1200\" \/>\n\t<meta property=\"og:image:height\" content=\"1200\" \/>\n\t<meta property=\"og:image:type\" content=\"image\/jpeg\" \/>\n<meta name=\"twitter:label1\" content=\"Becs\u00fclt olvas\u00e1si id\u0151\" \/>\n\t<meta name=\"twitter:data1\" content=\"2 perc\" \/>\n<script type=\"application\/ld+json\" class=\"yoast-schema-graph\">{\"@context\":\"https:\/\/schema.org\",\"@graph\":[{\"@type\":\"WebPage\",\"@id\":\"https:\/\/business.roovi.com\/hu\/animal-pantomime-game-tarsasjatek-es-pantomimjatek\/p\/\",\"url\":\"https:\/\/business.roovi.com\/hu\/animal-pantomime-game-tarsasjatek-es-pantomimjatek\/p\/\",\"name\":\"Animal Pantomime Game - T\u00e1rsasj\u00e1t\u00e9k \u00e9s pantomimj\u00e1t\u00e9k\",\"isPartOf\":{\"@id\":\"https:\/\/business.roovi.com\/hu\/#website\"},\"datePublished\":\"2018-04-16T10:56:06+00:00\",\"dateModified\":\"2022-07-06T12:59:29+00:00\",\"description\":\"Animal Pantomime Game - T\u00e1rsasj\u00e1t\u00e9k \u00e9s pantomimj\u00e1t\u00e9k\",\"breadcrumb\":{\"@id\":\"https:\/\/business.roovi.com\/hu\/animal-pantomime-game-tarsasjatek-es-pantomimjatek\/p\/#breadcrumb\"},\"inLanguage\":\"hu\",\"potentialAction\":[{\"@type\":\"ReadAction\",\"target\":[\"https:\/\/business.roovi.com\/hu\/animal-pantomime-game-tarsasjatek-es-pantomimjatek\/p\/\"]}]},{\"@type\":\"BreadcrumbList\",\"@id\":\"https:\/\/business.roovi.com\/hu\/animal-pantomime-game-tarsasjatek-es-pantomimjatek\/p\/#breadcrumb\",\"itemListElement\":[{\"@type\":\"ListItem\",\"position\":1,\"name\":\"Home\",\"item\":\"https:\/\/business.roovi.com\/hu\/\"},{\"@type\":\"ListItem\",\"position\":2,\"name\":\"Shop\",\"item\":\"https:\/\/business.roovi.com\/hu\/shop\/\"},{\"@type\":\"ListItem\",\"position\":3,\"name\":\"Animal Pantomime Game &#8211; T\u00e1rsasj\u00e1t\u00e9k \u00e9s pantomimj\u00e1t\u00e9k\"}]},{\"@type\":\"WebSite\",\"@id\":\"https:\/\/business.roovi.com\/hu\/#website\",\"url\":\"https:\/\/business.roovi.com\/hu\/\",\"name\":\"Roovi B2B\",\"description\":\"Roovi Business Website\",\"potentialAction\":[{\"@type\":\"SearchAction\",\"target\":{\"@type\":\"EntryPoint\",\"urlTemplate\":\"https:\/\/business.roovi.com\/hu\/?s={search_term_string}\"},\"query-input\":\"required name=search_term_string\"}],\"inLanguage\":\"hu\"}]}<\/script>\n<!-- \/ Yoast SEO plugin. -->","yoast_head_json":{"title":"Animal Pantomime Game - T\u00e1rsasj\u00e1t\u00e9k \u00e9s pantomimj\u00e1t\u00e9k","description":"Animal Pantomime Game - T\u00e1rsasj\u00e1t\u00e9k \u00e9s pantomimj\u00e1t\u00e9k","robots":{"index":"index","follow":"follow","max-snippet":"max-snippet:-1","max-image-preview":"max-image-preview:large","max-video-preview":"max-video-preview:-1"},"canonical":"https:\/\/business.roovi.com\/hu\/animal-pantomime-game-tarsasjatek-es-pantomimjatek\/p\/","og_locale":"hu_HU","og_type":"article","og_title":"Animal Pantomime Game - T\u00e1rsasj\u00e1t\u00e9k \u00e9s pantomimj\u00e1t\u00e9k","og_description":"Animal Pantomime Game - T\u00e1rsasj\u00e1t\u00e9k \u00e9s pantomimj\u00e1t\u00e9k","og_url":"https:\/\/business.roovi.com\/hu\/animal-pantomime-game-tarsasjatek-es-pantomimjatek\/p\/","og_site_name":"Roovi B2B","article_publisher":"https:\/\/www.facebook.com\/wwwjucariero","article_modified_time":"2022-07-06T12:59:29+00:00","og_image":[{"width":1200,"height":1200,"url":"https:\/\/business.roovi.com\/wp-content\/uploads\/2018\/04\/66459_elo_pantomime_1.jpg","type":"image\/jpeg"}],"twitter_misc":{"Becs\u00fclt olvas\u00e1si id\u0151":"2 perc"},"schema":{"@context":"https:\/\/schema.org","@graph":[{"@type":"WebPage","@id":"https:\/\/business.roovi.com\/hu\/animal-pantomime-game-tarsasjatek-es-pantomimjatek\/p\/","url":"https:\/\/business.roovi.com\/hu\/animal-pantomime-game-tarsasjatek-es-pantomimjatek\/p\/","name":"Animal Pantomime Game - T\u00e1rsasj\u00e1t\u00e9k \u00e9s pantomimj\u00e1t\u00e9k","isPartOf":{"@id":"https:\/\/business.roovi.com\/hu\/#website"},"datePublished":"2018-04-16T10:56:06+00:00","dateModified":"2022-07-06T12:59:29+00:00","description":"Animal Pantomime Game - T\u00e1rsasj\u00e1t\u00e9k \u00e9s pantomimj\u00e1t\u00e9k","breadcrumb":{"@id":"https:\/\/business.roovi.com\/hu\/animal-pantomime-game-tarsasjatek-es-pantomimjatek\/p\/#breadcrumb"},"inLanguage":"hu","potentialAction":[{"@type":"ReadAction","target":["https:\/\/business.roovi.com\/hu\/animal-pantomime-game-tarsasjatek-es-pantomimjatek\/p\/"]}]},{"@type":"BreadcrumbList","@id":"https:\/\/business.roovi.com\/hu\/animal-pantomime-game-tarsasjatek-es-pantomimjatek\/p\/#breadcrumb","itemListElement":[{"@type":"ListItem","position":1,"name":"Home","item":"https:\/\/business.roovi.com\/hu\/"},{"@type":"ListItem","position":2,"name":"Shop","item":"https:\/\/business.roovi.com\/hu\/shop\/"},{"@type":"ListItem","position":3,"name":"Animal Pantomime Game &#8211; T\u00e1rsasj\u00e1t\u00e9k \u00e9s pantomimj\u00e1t\u00e9k"}]},{"@type":"WebSite","@id":"https:\/\/business.roovi.com\/hu\/#website","url":"https:\/\/business.roovi.com\/hu\/","name":"Roovi B2B","description":"Roovi Business Website","potentialAction":[{"@type":"SearchAction","target":{"@type":"EntryPoint","urlTemplate":"https:\/\/business.roovi.com\/hu\/?s={search_term_string}"},"query-input":"required name=search_term_string"}],"inLanguage":"hu"}]}},"_links":{"self":[{"href":"https:\/\/business.roovi.com\/hu\/wp-json\/wp\/v2\/product\/39353","targetHints":{"allow":["GET"]}}],"collection":[{"href":"https:\/\/business.roovi.com\/hu\/wp-json\/wp\/v2\/product"}],"about":[{"href":"https:\/\/business.roovi.com\/hu\/wp-json\/wp\/v2\/types\/product"}],"version-history":[{"count":0,"href":"https:\/\/business.roovi.com\/hu\/wp-json\/wp\/v2\/product\/39353\/revisions"}],"wp:featuredmedia":[{"embeddable":true,"href":"https:\/\/business.roovi.com\/hu\/wp-json\/wp\/v2\/media\/30192"}],"wp:attachment":[{"href":"https:\/\/business.roovi.com\/hu\/wp-json\/wp\/v2\/media?parent=39353"}],"wp:term":[{"taxonomy":"product_brand","embeddable":true,"href":"https:\/\/business.roovi.com\/hu\/wp-json\/wp\/v2\/product_brand?post=39353"},{"taxonomy":"product_cat","embeddable":true,"href":"https:\/\/business.roovi.com\/hu\/wp-json\/wp\/v2\/product_cat?post=39353"},{"taxonomy":"product_tag","embeddable":true,"href":"https:\/\/business.roovi.com\/hu\/wp-json\/wp\/v2\/product_tag?post=39353"}],"curies":[{"name":"wp","href":"https:\/\/api.w.org\/{rel}","templated":true}]}}