{"id":39501,"date":"2018-04-16T10:56:04","date_gmt":"2018-04-16T10:56:04","guid":{"rendered":"https:\/\/business.roovi.com\/joc-sa-invatam-culorile-si-forme\/p\/"},"modified":"2022-07-06T13:14:44","modified_gmt":"2022-07-06T13:14:44","slug":"szinek-es-formak-tanulasa-oktato-jatek-48-darabos-puzzle","status":"publish","type":"product","link":"https:\/\/business.roovi.com\/hu\/szinek-es-formak-tanulasa-oktato-jatek-48-darabos-puzzle\/p\/","title":{"rendered":"Sz\u00ednek \u00e9s form\u00e1k tanul\u00e1sa &#8211; Oktat\u00f3 j\u00e1t\u00e9k &#8211; 48 darabos puzzle"},"content":{"rendered":"<p>A gyerekek mostant\u00f3l intuit\u00edv m\u00f3don tanulhatj\u00e1k meg a sz\u00edneket \u00e9s a form\u00e1kat a Let&#8217;s Learn j\u00e1t\u00e9kcsal\u00e1db\u00f3l sz\u00e1rmaz\u00f3 sz\u00ednek \u00e9s form\u00e1k k\u00e9szlettel. Az illusztr\u00e1ci\u00f3k felkeltik a gyermekek \u00e9rdekl\u0151d\u00e9s\u00e9t \u00e9s figyelm\u00e9t, a j\u00e1t\u00e9kok pedig serkentik az azonos\u00edt\u00e1si k\u00e9pess\u00e9g\u00fcket.<\/p>\n","protected":false},"excerpt":{"rendered":"<p>A gyerekek mostant\u00f3l intuit\u00edv m\u00f3don tanulhatj\u00e1k meg a sz\u00edneket \u00e9s a form\u00e1kat a Let&#8217;s Learn j\u00e1t\u00e9kcsal\u00e1db\u00f3l sz\u00e1rmaz\u00f3 sz\u00ednek \u00e9s form\u00e1k<\/p>\n","protected":false},"featured_media":29660,"template":"","meta":[],"product_brand":[],"product_cat":[2007,1900],"product_tag":[],"class_list":{"0":"post-39501","1":"product","2":"type-product","3":"status-publish","4":"has-post-thumbnail","6":"product_cat-edukativ-jatekok","7":"product_cat-oktatasi-es-tudomanyos-jatekok","8":"pa_bax-24-hu","9":"pa_brand-d_toys-hu","10":"pa_country_of_manufacture-ro-hu","11":"pa_filter_age-3_5-hu","12":"pa_filter_age-5_7-hu","13":"pa_tip_ambalaj-doboz","15":"first","16":"instock","17":"taxable","18":"shipping-taxable","19":"product-type-simple"},"yoast_head":"<!-- This site is optimized with the Yoast SEO plugin v20.1 - https:\/\/yoast.com\/wordpress\/plugins\/seo\/ -->\n<title>Sz\u00ednek \u00e9s form\u00e1k tanul\u00e1sa - Oktat\u00f3 j\u00e1t\u00e9k - 48 darabos puzzle<\/title>\n<meta name=\"description\" content=\"Sz\u00ednek \u00e9s form\u00e1k tanul\u00e1sa - Oktat\u00f3 j\u00e1t\u00e9k - 48 darabos puzzle\" \/>\n<meta name=\"robots\" content=\"index, follow, max-snippet:-1, max-image-preview:large, max-video-preview:-1\" \/>\n<link rel=\"canonical\" href=\"https:\/\/business.roovi.com\/hu\/szinek-es-formak-tanulasa-oktato-jatek-48-darabos-puzzle\/p\/\" \/>\n<meta property=\"og:locale\" content=\"hu_HU\" \/>\n<meta property=\"og:type\" content=\"article\" \/>\n<meta property=\"og:title\" content=\"Sz\u00ednek \u00e9s form\u00e1k tanul\u00e1sa - Oktat\u00f3 j\u00e1t\u00e9k - 48 darabos puzzle\" \/>\n<meta property=\"og:description\" content=\"Sz\u00ednek \u00e9s form\u00e1k tanul\u00e1sa - Oktat\u00f3 j\u00e1t\u00e9k - 48 darabos puzzle\" \/>\n<meta property=\"og:url\" content=\"https:\/\/business.roovi.com\/hu\/szinek-es-formak-tanulasa-oktato-jatek-48-darabos-puzzle\/p\/\" \/>\n<meta property=\"og:site_name\" content=\"Roovi B2B\" \/>\n<meta property=\"article:publisher\" content=\"https:\/\/www.facebook.com\/wwwjucariero\" \/>\n<meta property=\"article:modified_time\" content=\"2022-07-06T13:14:44+00:00\" \/>\n<meta property=\"og:image\" content=\"https:\/\/business.roovi.com\/wp-content\/uploads\/2018\/04\/joc_educativ_sa_invatam__culori_si_forme_50816.jpg\" \/>\n\t<meta property=\"og:image:width\" content=\"756\" \/>\n\t<meta property=\"og:image:height\" content=\"756\" \/>\n\t<meta property=\"og:image:type\" content=\"image\/jpeg\" \/>\n<script type=\"application\/ld+json\" class=\"yoast-schema-graph\">{\"@context\":\"https:\/\/schema.org\",\"@graph\":[{\"@type\":\"WebPage\",\"@id\":\"https:\/\/business.roovi.com\/hu\/szinek-es-formak-tanulasa-oktato-jatek-48-darabos-puzzle\/p\/\",\"url\":\"https:\/\/business.roovi.com\/hu\/szinek-es-formak-tanulasa-oktato-jatek-48-darabos-puzzle\/p\/\",\"name\":\"Sz\u00ednek \u00e9s form\u00e1k tanul\u00e1sa - Oktat\u00f3 j\u00e1t\u00e9k - 48 darabos puzzle\",\"isPartOf\":{\"@id\":\"https:\/\/business.roovi.com\/hu\/#website\"},\"datePublished\":\"2018-04-16T10:56:04+00:00\",\"dateModified\":\"2022-07-06T13:14:44+00:00\",\"description\":\"Sz\u00ednek \u00e9s form\u00e1k tanul\u00e1sa - Oktat\u00f3 j\u00e1t\u00e9k - 48 darabos puzzle\",\"breadcrumb\":{\"@id\":\"https:\/\/business.roovi.com\/hu\/szinek-es-formak-tanulasa-oktato-jatek-48-darabos-puzzle\/p\/#breadcrumb\"},\"inLanguage\":\"hu\",\"potentialAction\":[{\"@type\":\"ReadAction\",\"target\":[\"https:\/\/business.roovi.com\/hu\/szinek-es-formak-tanulasa-oktato-jatek-48-darabos-puzzle\/p\/\"]}]},{\"@type\":\"BreadcrumbList\",\"@id\":\"https:\/\/business.roovi.com\/hu\/szinek-es-formak-tanulasa-oktato-jatek-48-darabos-puzzle\/p\/#breadcrumb\",\"itemListElement\":[{\"@type\":\"ListItem\",\"position\":1,\"name\":\"Home\",\"item\":\"https:\/\/business.roovi.com\/hu\/\"},{\"@type\":\"ListItem\",\"position\":2,\"name\":\"Shop\",\"item\":\"https:\/\/business.roovi.com\/hu\/shop\/\"},{\"@type\":\"ListItem\",\"position\":3,\"name\":\"Sz\u00ednek \u00e9s form\u00e1k tanul\u00e1sa &#8211; Oktat\u00f3 j\u00e1t\u00e9k &#8211; 48 darabos puzzle\"}]},{\"@type\":\"WebSite\",\"@id\":\"https:\/\/business.roovi.com\/hu\/#website\",\"url\":\"https:\/\/business.roovi.com\/hu\/\",\"name\":\"Roovi B2B\",\"description\":\"Roovi Business Website\",\"potentialAction\":[{\"@type\":\"SearchAction\",\"target\":{\"@type\":\"EntryPoint\",\"urlTemplate\":\"https:\/\/business.roovi.com\/hu\/?s={search_term_string}\"},\"query-input\":\"required name=search_term_string\"}],\"inLanguage\":\"hu\"}]}<\/script>\n<!-- \/ Yoast SEO plugin. -->","yoast_head_json":{"title":"Sz\u00ednek \u00e9s form\u00e1k tanul\u00e1sa - Oktat\u00f3 j\u00e1t\u00e9k - 48 darabos puzzle","description":"Sz\u00ednek \u00e9s form\u00e1k tanul\u00e1sa - Oktat\u00f3 j\u00e1t\u00e9k - 48 darabos puzzle","robots":{"index":"index","follow":"follow","max-snippet":"max-snippet:-1","max-image-preview":"max-image-preview:large","max-video-preview":"max-video-preview:-1"},"canonical":"https:\/\/business.roovi.com\/hu\/szinek-es-formak-tanulasa-oktato-jatek-48-darabos-puzzle\/p\/","og_locale":"hu_HU","og_type":"article","og_title":"Sz\u00ednek \u00e9s form\u00e1k tanul\u00e1sa - Oktat\u00f3 j\u00e1t\u00e9k - 48 darabos puzzle","og_description":"Sz\u00ednek \u00e9s form\u00e1k tanul\u00e1sa - Oktat\u00f3 j\u00e1t\u00e9k - 48 darabos puzzle","og_url":"https:\/\/business.roovi.com\/hu\/szinek-es-formak-tanulasa-oktato-jatek-48-darabos-puzzle\/p\/","og_site_name":"Roovi B2B","article_publisher":"https:\/\/www.facebook.com\/wwwjucariero","article_modified_time":"2022-07-06T13:14:44+00:00","og_image":[{"width":756,"height":756,"url":"https:\/\/business.roovi.com\/wp-content\/uploads\/2018\/04\/joc_educativ_sa_invatam__culori_si_forme_50816.jpg","type":"image\/jpeg"}],"schema":{"@context":"https:\/\/schema.org","@graph":[{"@type":"WebPage","@id":"https:\/\/business.roovi.com\/hu\/szinek-es-formak-tanulasa-oktato-jatek-48-darabos-puzzle\/p\/","url":"https:\/\/business.roovi.com\/hu\/szinek-es-formak-tanulasa-oktato-jatek-48-darabos-puzzle\/p\/","name":"Sz\u00ednek \u00e9s form\u00e1k tanul\u00e1sa - Oktat\u00f3 j\u00e1t\u00e9k - 48 darabos puzzle","isPartOf":{"@id":"https:\/\/business.roovi.com\/hu\/#website"},"datePublished":"2018-04-16T10:56:04+00:00","dateModified":"2022-07-06T13:14:44+00:00","description":"Sz\u00ednek \u00e9s form\u00e1k tanul\u00e1sa - Oktat\u00f3 j\u00e1t\u00e9k - 48 darabos puzzle","breadcrumb":{"@id":"https:\/\/business.roovi.com\/hu\/szinek-es-formak-tanulasa-oktato-jatek-48-darabos-puzzle\/p\/#breadcrumb"},"inLanguage":"hu","potentialAction":[{"@type":"ReadAction","target":["https:\/\/business.roovi.com\/hu\/szinek-es-formak-tanulasa-oktato-jatek-48-darabos-puzzle\/p\/"]}]},{"@type":"BreadcrumbList","@id":"https:\/\/business.roovi.com\/hu\/szinek-es-formak-tanulasa-oktato-jatek-48-darabos-puzzle\/p\/#breadcrumb","itemListElement":[{"@type":"ListItem","position":1,"name":"Home","item":"https:\/\/business.roovi.com\/hu\/"},{"@type":"ListItem","position":2,"name":"Shop","item":"https:\/\/business.roovi.com\/hu\/shop\/"},{"@type":"ListItem","position":3,"name":"Sz\u00ednek \u00e9s form\u00e1k tanul\u00e1sa &#8211; Oktat\u00f3 j\u00e1t\u00e9k &#8211; 48 darabos puzzle"}]},{"@type":"WebSite","@id":"https:\/\/business.roovi.com\/hu\/#website","url":"https:\/\/business.roovi.com\/hu\/","name":"Roovi B2B","description":"Roovi Business Website","potentialAction":[{"@type":"SearchAction","target":{"@type":"EntryPoint","urlTemplate":"https:\/\/business.roovi.com\/hu\/?s={search_term_string}"},"query-input":"required name=search_term_string"}],"inLanguage":"hu"}]}},"_links":{"self":[{"href":"https:\/\/business.roovi.com\/hu\/wp-json\/wp\/v2\/product\/39501","targetHints":{"allow":["GET"]}}],"collection":[{"href":"https:\/\/business.roovi.com\/hu\/wp-json\/wp\/v2\/product"}],"about":[{"href":"https:\/\/business.roovi.com\/hu\/wp-json\/wp\/v2\/types\/product"}],"version-history":[{"count":0,"href":"https:\/\/business.roovi.com\/hu\/wp-json\/wp\/v2\/product\/39501\/revisions"}],"wp:featuredmedia":[{"embeddable":true,"href":"https:\/\/business.roovi.com\/hu\/wp-json\/wp\/v2\/media\/29660"}],"wp:attachment":[{"href":"https:\/\/business.roovi.com\/hu\/wp-json\/wp\/v2\/media?parent=39501"}],"wp:term":[{"taxonomy":"product_brand","embeddable":true,"href":"https:\/\/business.roovi.com\/hu\/wp-json\/wp\/v2\/product_brand?post=39501"},{"taxonomy":"product_cat","embeddable":true,"href":"https:\/\/business.roovi.com\/hu\/wp-json\/wp\/v2\/product_cat?post=39501"},{"taxonomy":"product_tag","embeddable":true,"href":"https:\/\/business.roovi.com\/hu\/wp-json\/wp\/v2\/product_tag?post=39501"}],"curies":[{"name":"wp","href":"https:\/\/api.w.org\/{rel}","templated":true}]}}