{"id":39557,"date":"2018-04-16T10:56:04","date_gmt":"2018-04-16T10:56:04","guid":{"rendered":"https:\/\/business.roovi.com\/joc-matematica-distractiva\/p\/"},"modified":"2022-07-06T13:24:08","modified_gmt":"2022-07-06T13:24:08","slug":"fun-maths-oktatasi-jatek","status":"publish","type":"product","link":"https:\/\/business.roovi.com\/hu\/fun-maths-oktatasi-jatek\/p\/","title":{"rendered":"Fun Maths &#8211; Oktat\u00e1si j\u00e1t\u00e9k"},"content":{"rendered":"<p><span style=\"font-weight: 400\">T\u00e9nyleg, ki gondolta volna, hogy a matekoz\u00e1s is sz\u00f3rakoztat\u00f3 lehet? Gondoltad volna, hogy egy matematikai j\u00e1t\u00e9k k\u00f6zben is seg\u00edthetsz gyermekednek matematik\u00e1t tanulni?<\/span><\/p>\n<p><span style=\"font-weight: 400\">Gondoltunk azokra a kicsikre, akik kiborulnak, ha meghallj\u00e1k a matek sz\u00f3t, \u00e9s l\u00e9trehoztunk egy szuper m\u00f3k\u00e1s j\u00e1t\u00e9kot, hogy stresszmentesen gyakorolhassanak <\/span><\/p>\n<p><span style=\"font-weight: 400\">Az \u00f6sszead\u00e1s, kivon\u00e1s, szorz\u00e1s \u00e9s oszt\u00e1s csak sz\u00f3rakoztat\u00f3 kih\u00edv\u00e1sok lesznek a t\u00e1bl\u00e1n, amelyeket a kicsik a legmagasabb pontsz\u00e1m el\u00e9r\u00e9se \u00e9rdek\u00e9ben zsongl\u0151rk\u00f6dnek <\/span><\/p>\n<p><span style=\"font-weight: 400\">Az egyszer\u0171 vagy bonyolultabb sz\u00e1m\u00edt\u00e1sok egy kis gyakorl\u00e1ssal \u00e9s egy feln\u0151tt seg\u00edts\u00e9g\u00e9vel gyerekj\u00e1t\u00e9kk\u00e1 v\u00e1lnak <\/span><\/p>\n<h2><span style=\"font-weight: 400\">Tudtad, hogy a Fun Maths Game..<\/span><\/h2>\n<ul>\n<li><span style=\"font-weight: 400\">Hat\u00e9kony m\u00f3dja a gyermekek matematik\u00e1ba val\u00f3 bevezet\u00e9s\u00e9nek.<\/span><\/li>\n<li><span style=\"font-weight: 400\">Fejleszti az asszociat\u00edv gondolkod\u00e1st.<\/span><\/li>\n<li><span style=\"font-weight: 400\">Seg\u00edt a gyerekeknek betartani a szab\u00e1lyokat, \u00e9s gyakorolja a t\u00fcrelm\u00fcket, kiv\u00e1rva a sorukat a j\u00e1t\u00e9kban.<\/span><\/li>\n<li><span style=\"font-weight: 400\">Serkenti \u00e9s fejleszti a versenyszellemet.<\/span><\/li>\n<li><span style=\"font-weight: 400\">T\u00e1mogatja a logikai-matematikai gondolkod\u00e1s fejl\u0151d\u00e9s\u00e9t.<\/span><\/li>\n<li><span style=\"font-weight: 400\">Sikeresen haszn\u00e1lhat\u00f3 oktat\u00e1si c\u00e9lokra.<\/span><\/li>\n<li><span style=\"font-weight: 400\">Sz\u00f3rakoztat\u00f3 \u00e9s kih\u00edv\u00e1st jelent.<\/span><\/li>\n<\/ul>\n<h2><span style=\"font-weight: 400\">Mi\u00e9rt v\u00e1lassza a Fun Maths-t<\/span><\/h2>\n<p><span style=\"font-weight: 400\">A j\u00e1t\u00e9k sikeresen haszn\u00e1lhat\u00f3 \u00f3vodai \u00e9s iskolai oszt\u00e1lytermekben egyar\u00e1nt oktat\u00e1si \u00e9s nevel\u00e9si c\u00e9lokra <\/span><\/p>\n<p><span style=\"font-weight: 400\">Otthon is haszn\u00e1lhat\u00f3 az egyszer\u0171, alapvet\u0151 matematikai m\u0171veletek, p\u00e9ld\u00e1ul az \u00f6sszead\u00e1s \u00e9s a kivon\u00e1s gyakorl\u00e1s\u00e1ra \u00e9s megismertet\u00e9s\u00e9re, \u00e9s ahogy a gyerekek fejl\u0151dnek, fokozatosan bevezetheti a szorz\u00e1st \u00e9s az oszt\u00e1st.  <\/span><\/p>\n<p><span style=\"font-weight: 400\">A Fun Maths t\u00f6bb mint egy matematikai j\u00e1t\u00e9k. Ez a j\u00e1t\u00e9k a strat\u00e9gi\u00e1ra \u00e9p\u00fcl, kih\u00edv\u00e1st jelent a gyerekeknek, hogy versenyk\u00e9pesek legyenek, min\u00e9l t\u00f6bb pontot gy\u0171jtsenek, \u00e9s figyeljenek az asztalon l\u00e9v\u0151 zsetonokra.<\/span><\/p>\n<p><span style=\"font-weight: 400\">A gyerekek megtanulnak gyors ment\u00e1lis sz\u00e1m\u00edt\u00e1sokat v\u00e9gezni, hogy k\u00f6nnyen k\u00e9pezzenek matematikai m\u0171veleteket helyes v\u00e1laszokkal. B\u00e1r az aj\u00e1nlott \u00e9letkor legal\u00e1bb 8 \u00e9ves kor, feln\u0151tt fel\u00fcgyelete mellett fiatalabb gyermekek is sikeresen haszn\u00e1lhatj\u00e1k.<\/span><\/p>\n<p><span style=\"font-weight: 400\">A lapok f\u00e1b\u00f3l, a zsetonok pedig m\u0171anyagb\u00f3l k\u00e9sz\u00fclnek, \u00edgy hossz\u00fa \u00e9lettartamot \u00e9s nagy kop\u00e1s\u00e1ll\u00f3s\u00e1got biztos\u00edtanak <\/span><\/p>\n<p><span style=\"font-weight: 400\">Mutasd meg gyermekednek, hogy a matematika nem mumus, s\u0151t, sz\u00f3rakoztat\u00f3 is lehet, ha az eg\u00e9szet j\u00e1t\u00e9kosan, a Fun Maths Game seg\u00edts\u00e9g\u00e9vel v\u00e9gzed.<\/span><\/p>\n<p><span style=\"font-weight: 400\">Aj\u00e1nlott \u00e9letkor: 8+<\/span><\/p>\n<p><span style=\"font-weight: 400\">J\u00e1t\u00e9kosok: 1-4 f\u0151<\/span><\/p>\n<p><span style=\"font-weight: 400\">A doboz tartalmazza <\/span><span style=\"font-weight: 400\">84 m\u0171anyag j\u00e1t\u00e9kkocka, 4 f\u00e1b\u00f3l k\u00e9sz\u00fclt j\u00e1t\u00e9kkockatart\u00f3, j\u00e1t\u00e9kszab\u00e1ly.<\/span><\/p>\n<p><span style=\"font-weight: 400\">A j\u00e1t\u00e9k nem aj\u00e1nlott 3 \u00e9v alatti gyermekek sz\u00e1m\u00e1ra.<\/span><\/p><\/p>\n","protected":false},"excerpt":{"rendered":"<p>T\u00e9nyleg, ki gondolta volna, hogy a matekoz\u00e1s is sz\u00f3rakoztat\u00f3 lehet? Gondoltad volna, hogy egy matematikai j\u00e1t\u00e9k k\u00f6zben is seg\u00edthetsz gyermekednek<\/p>\n","protected":false},"featured_media":70873,"template":"","meta":[],"product_brand":[],"product_cat":[1861,1858],"product_tag":[],"class_list":{"0":"post-39557","1":"product","2":"type-product","3":"status-publish","4":"has-post-thumbnail","6":"product_cat-edukativ-es-kvizjatekok","7":"product_cat-tarsasjatekok","8":"pa_bax-10-hu","9":"pa_brand-d_toys-hu","10":"pa_country_of_manufacture-ro-hu","11":"pa_filter_age-3_5-hu","12":"pa_filter_age-5_7-hu","13":"pa_filter_age-7_9-hu","14":"pa_tip_ambalaj-doboz","16":"first","17":"instock","18":"taxable","19":"shipping-taxable","20":"product-type-simple"},"yoast_head":"<!-- This site is optimized with the Yoast SEO plugin v20.1 - https:\/\/yoast.com\/wordpress\/plugins\/seo\/ -->\n<title>Fun Maths - Oktat\u00e1si j\u00e1t\u00e9k<\/title>\n<meta name=\"description\" content=\"Fun Maths - Oktat\u00e1si j\u00e1t\u00e9k\" \/>\n<meta name=\"robots\" content=\"index, follow, max-snippet:-1, max-image-preview:large, max-video-preview:-1\" \/>\n<link rel=\"canonical\" href=\"https:\/\/business.roovi.com\/hu\/fun-maths-oktatasi-jatek\/p\/\" \/>\n<meta property=\"og:locale\" content=\"hu_HU\" \/>\n<meta property=\"og:type\" content=\"article\" \/>\n<meta property=\"og:title\" content=\"Fun Maths - Oktat\u00e1si j\u00e1t\u00e9k\" \/>\n<meta property=\"og:description\" content=\"Fun Maths - Oktat\u00e1si j\u00e1t\u00e9k\" \/>\n<meta property=\"og:url\" content=\"https:\/\/business.roovi.com\/hu\/fun-maths-oktatasi-jatek\/p\/\" \/>\n<meta property=\"og:site_name\" content=\"Roovi B2B\" \/>\n<meta property=\"article:publisher\" content=\"https:\/\/www.facebook.com\/wwwjucariero\" \/>\n<meta property=\"article:modified_time\" content=\"2022-07-06T13:24:08+00:00\" \/>\n<meta property=\"og:image\" content=\"https:\/\/business.roovi.com\/wp-content\/uploads\/2018\/04\/67180_elo_1.jpg\" \/>\n\t<meta property=\"og:image:width\" content=\"1200\" \/>\n\t<meta property=\"og:image:height\" content=\"1200\" \/>\n\t<meta property=\"og:image:type\" content=\"image\/jpeg\" \/>\n<meta name=\"twitter:label1\" content=\"Becs\u00fclt olvas\u00e1si id\u0151\" \/>\n\t<meta name=\"twitter:data1\" content=\"2 perc\" \/>\n<script type=\"application\/ld+json\" class=\"yoast-schema-graph\">{\"@context\":\"https:\/\/schema.org\",\"@graph\":[{\"@type\":\"WebPage\",\"@id\":\"https:\/\/business.roovi.com\/hu\/fun-maths-oktatasi-jatek\/p\/\",\"url\":\"https:\/\/business.roovi.com\/hu\/fun-maths-oktatasi-jatek\/p\/\",\"name\":\"Fun Maths - Oktat\u00e1si j\u00e1t\u00e9k\",\"isPartOf\":{\"@id\":\"https:\/\/business.roovi.com\/hu\/#website\"},\"datePublished\":\"2018-04-16T10:56:04+00:00\",\"dateModified\":\"2022-07-06T13:24:08+00:00\",\"description\":\"Fun Maths - Oktat\u00e1si j\u00e1t\u00e9k\",\"breadcrumb\":{\"@id\":\"https:\/\/business.roovi.com\/hu\/fun-maths-oktatasi-jatek\/p\/#breadcrumb\"},\"inLanguage\":\"hu\",\"potentialAction\":[{\"@type\":\"ReadAction\",\"target\":[\"https:\/\/business.roovi.com\/hu\/fun-maths-oktatasi-jatek\/p\/\"]}]},{\"@type\":\"BreadcrumbList\",\"@id\":\"https:\/\/business.roovi.com\/hu\/fun-maths-oktatasi-jatek\/p\/#breadcrumb\",\"itemListElement\":[{\"@type\":\"ListItem\",\"position\":1,\"name\":\"Home\",\"item\":\"https:\/\/business.roovi.com\/hu\/\"},{\"@type\":\"ListItem\",\"position\":2,\"name\":\"Shop\",\"item\":\"https:\/\/business.roovi.com\/hu\/shop\/\"},{\"@type\":\"ListItem\",\"position\":3,\"name\":\"Fun Maths &#8211; Oktat\u00e1si j\u00e1t\u00e9k\"}]},{\"@type\":\"WebSite\",\"@id\":\"https:\/\/business.roovi.com\/hu\/#website\",\"url\":\"https:\/\/business.roovi.com\/hu\/\",\"name\":\"Roovi B2B\",\"description\":\"Roovi Business Website\",\"potentialAction\":[{\"@type\":\"SearchAction\",\"target\":{\"@type\":\"EntryPoint\",\"urlTemplate\":\"https:\/\/business.roovi.com\/hu\/?s={search_term_string}\"},\"query-input\":\"required name=search_term_string\"}],\"inLanguage\":\"hu\"}]}<\/script>\n<!-- \/ Yoast SEO plugin. -->","yoast_head_json":{"title":"Fun Maths - Oktat\u00e1si j\u00e1t\u00e9k","description":"Fun Maths - Oktat\u00e1si j\u00e1t\u00e9k","robots":{"index":"index","follow":"follow","max-snippet":"max-snippet:-1","max-image-preview":"max-image-preview:large","max-video-preview":"max-video-preview:-1"},"canonical":"https:\/\/business.roovi.com\/hu\/fun-maths-oktatasi-jatek\/p\/","og_locale":"hu_HU","og_type":"article","og_title":"Fun Maths - Oktat\u00e1si j\u00e1t\u00e9k","og_description":"Fun Maths - Oktat\u00e1si j\u00e1t\u00e9k","og_url":"https:\/\/business.roovi.com\/hu\/fun-maths-oktatasi-jatek\/p\/","og_site_name":"Roovi B2B","article_publisher":"https:\/\/www.facebook.com\/wwwjucariero","article_modified_time":"2022-07-06T13:24:08+00:00","og_image":[{"width":1200,"height":1200,"url":"https:\/\/business.roovi.com\/wp-content\/uploads\/2018\/04\/67180_elo_1.jpg","type":"image\/jpeg"}],"twitter_misc":{"Becs\u00fclt olvas\u00e1si id\u0151":"2 perc"},"schema":{"@context":"https:\/\/schema.org","@graph":[{"@type":"WebPage","@id":"https:\/\/business.roovi.com\/hu\/fun-maths-oktatasi-jatek\/p\/","url":"https:\/\/business.roovi.com\/hu\/fun-maths-oktatasi-jatek\/p\/","name":"Fun Maths - Oktat\u00e1si j\u00e1t\u00e9k","isPartOf":{"@id":"https:\/\/business.roovi.com\/hu\/#website"},"datePublished":"2018-04-16T10:56:04+00:00","dateModified":"2022-07-06T13:24:08+00:00","description":"Fun Maths - Oktat\u00e1si j\u00e1t\u00e9k","breadcrumb":{"@id":"https:\/\/business.roovi.com\/hu\/fun-maths-oktatasi-jatek\/p\/#breadcrumb"},"inLanguage":"hu","potentialAction":[{"@type":"ReadAction","target":["https:\/\/business.roovi.com\/hu\/fun-maths-oktatasi-jatek\/p\/"]}]},{"@type":"BreadcrumbList","@id":"https:\/\/business.roovi.com\/hu\/fun-maths-oktatasi-jatek\/p\/#breadcrumb","itemListElement":[{"@type":"ListItem","position":1,"name":"Home","item":"https:\/\/business.roovi.com\/hu\/"},{"@type":"ListItem","position":2,"name":"Shop","item":"https:\/\/business.roovi.com\/hu\/shop\/"},{"@type":"ListItem","position":3,"name":"Fun Maths &#8211; Oktat\u00e1si j\u00e1t\u00e9k"}]},{"@type":"WebSite","@id":"https:\/\/business.roovi.com\/hu\/#website","url":"https:\/\/business.roovi.com\/hu\/","name":"Roovi B2B","description":"Roovi Business Website","potentialAction":[{"@type":"SearchAction","target":{"@type":"EntryPoint","urlTemplate":"https:\/\/business.roovi.com\/hu\/?s={search_term_string}"},"query-input":"required name=search_term_string"}],"inLanguage":"hu"}]}},"_links":{"self":[{"href":"https:\/\/business.roovi.com\/hu\/wp-json\/wp\/v2\/product\/39557","targetHints":{"allow":["GET"]}}],"collection":[{"href":"https:\/\/business.roovi.com\/hu\/wp-json\/wp\/v2\/product"}],"about":[{"href":"https:\/\/business.roovi.com\/hu\/wp-json\/wp\/v2\/types\/product"}],"version-history":[{"count":0,"href":"https:\/\/business.roovi.com\/hu\/wp-json\/wp\/v2\/product\/39557\/revisions"}],"wp:featuredmedia":[{"embeddable":true,"href":"https:\/\/business.roovi.com\/hu\/wp-json\/wp\/v2\/media\/70873"}],"wp:attachment":[{"href":"https:\/\/business.roovi.com\/hu\/wp-json\/wp\/v2\/media?parent=39557"}],"wp:term":[{"taxonomy":"product_brand","embeddable":true,"href":"https:\/\/business.roovi.com\/hu\/wp-json\/wp\/v2\/product_brand?post=39557"},{"taxonomy":"product_cat","embeddable":true,"href":"https:\/\/business.roovi.com\/hu\/wp-json\/wp\/v2\/product_cat?post=39557"},{"taxonomy":"product_tag","embeddable":true,"href":"https:\/\/business.roovi.com\/hu\/wp-json\/wp\/v2\/product_tag?post=39557"}],"curies":[{"name":"wp","href":"https:\/\/api.w.org\/{rel}","templated":true}]}}