{"id":39573,"date":"2018-04-16T10:56:04","date_gmt":"2018-04-16T10:56:04","guid":{"rendered":"https:\/\/business.roovi.com\/jocul-numerelor-clasic\/p\/"},"modified":"2022-07-06T13:24:25","modified_gmt":"2022-07-06T13:24:25","slug":"a-szamok-jateka-oktatasi-jatek","status":"publish","type":"product","link":"https:\/\/business.roovi.com\/hu\/a-szamok-jateka-oktatasi-jatek\/p\/","title":{"rendered":"A sz\u00e1mok j\u00e1t\u00e9ka &#8211; Oktat\u00e1si j\u00e1t\u00e9k"},"content":{"rendered":"<p><span style=\"font-weight: 400\">A j\u00e1t\u00e9k a legegyszer\u0171bb \u00e9s leghat\u00e9konyabb m\u00f3dja annak, hogy a kisgyermekek alapvet\u0151 fogalmakat \u00e9s izgalmas inform\u00e1ci\u00f3kat tanuljanak. A j\u00e1t\u00e9k, annak minden form\u00e1j\u00e1ban, felbecs\u00fclhetetlen er\u0151forr\u00e1s a gyermekek harmonikus fejl\u0151d\u00e9s\u00e9ben minden koroszt\u00e1ly sz\u00e1m\u00e1ra.<\/span><\/p>\n<p><span style=\"font-weight: 400\">A Sz\u00e1mok j\u00e1t\u00e9k egyike azoknak az oktat\u00f3j\u00e1t\u00e9koknak, amelyek egyszerre sz\u00f3rakoztat\u00f3ak \u00e9s interakt\u00edvak, \u00e9s nyitva hagyj\u00e1k a tud\u00e1s kapuj\u00e1t a kis felfedez\u0151k el\u0151tt, hogy felfedezz\u00e9k a sz\u00e1mok \u00e9s mennyis\u00e9gek t\u00f6megeinek, logikai sorainak leny\u0171g\u00f6z\u0151 vil\u00e1g\u00e1t.<\/span><\/p>\n<p><span style=\"font-weight: 400\">Az \u00f3vodapedag\u00f3gusok alapvet\u0151 seg\u00e9deszk\u00f6ze, a Sz\u00e1mj\u00e1t\u00e9k sz\u00f3rakoztat\u00f3 m\u00f3don teremti meg a matematika alapjait, \u00e9s ismerteti meg a gyerekeket a sz\u00e1mokkal <\/span><\/p>\n<h2><span style=\"font-weight: 400\">Tudtad, hogy a Number Game..<\/span><\/h2>\n<ul>\n<li><span style=\"font-weight: 400\">Megteremti a logikai-analitikus gondolkod\u00e1s fejl\u0151d\u00e9s\u00e9nek el\u0151felt\u00e9teleit.<\/span><\/li>\n<li><span style=\"font-weight: 400\">Megismerteti a gyerekeket a t\u00f6megekkel \u00e9s azok sz\u00e1mokkal val\u00f3 \u00f6sszef\u00fcgg\u00e9seivel.<\/span><\/li>\n<li><span style=\"font-weight: 400\">Az \u00f6sszead\u00e1s \u00e9s kivon\u00e1s elemi fogalmainak megalapoz\u00e1sa a &#8222;t\u00f6bb&#8221; \u00e9s &#8222;kevesebb&#8221; fogalm\u00e1nak meg\u00e9rt\u00e9s\u00e9vel.<\/span><\/li>\n<li><span style=\"font-weight: 400\">\u00d6szt\u00f6nzi a csapatmunk\u00e1t \u00e9s a t\u00f6bbi gyerekkel val\u00f3 egy\u00fcttm\u0171k\u00f6d\u00e9st.<\/span><\/li>\n<li><span style=\"font-weight: 400\">A k\u00fcl\u00f6nbs\u00e9gek \u00e9szrev\u00e9tele r\u00e9v\u00e9n fejleszti a r\u00e9szletekre val\u00f3 figyelmet.<\/span><\/li>\n<li><span style=\"font-weight: 400\">Ez egy nagyon hasznos j\u00e1t\u00e9k, amely seg\u00edt a gyerekeknek megtanulni, hogy a matematika sz\u00f3rakoztat\u00f3 is lehet.<\/span><\/li>\n<\/ul>\n<h2><span style=\"font-weight: 400\">Mi\u00e9rt v\u00e1lassza a Sz\u00e1mj\u00e1t\u00e9kot<\/span><\/h2>\n<p><span style=\"font-weight: 400\">A Sz\u00e1mok j\u00e1t\u00e9kot kifejezetten oktat\u00e1si c\u00e9lokra tervezt\u00e9k \u00e9s hozt\u00e1k l\u00e9tre, \u00e9s az \u00f3v\u00f3n\u0151k haszn\u00e1lj\u00e1k \u00e9s szeretik, akiknek az a feladata, hogy lerakj\u00e1k azokat az alapokat, amelyekre a gyerekek k\u00e9s\u0151bb gazdag \u00e9s v\u00e1ltozatos tud\u00e1sanyagot fognak \u00e9p\u00edteni <\/span><\/p>\n<p><span style=\"font-weight: 400\">A matematika egyike azoknak a tant\u00e1rgyaknak, amelyeket vagy szeretsz, vagy k\u00e9nyszer\u0171s\u00e9gb\u0151l fogadsz el. A Sz\u00e1mj\u00e1t\u00e9k \u00e9s a megfelel\u0151 tan\u00edt\u00e1si tev\u00e9kenys\u00e9g seg\u00edts\u00e9g\u00e9vel a matematika olyan tant\u00e1rgy lehet, amely megragad az eml\u00e9kezetben.<\/span><\/p>\n<p><span style=\"font-weight: 400\">Fedezz fel egy kreat\u00edv, okosan megtervezett tan\u00edt\u00e1si j\u00e1t\u00e9kot, amely nagyon hasznos az \u00f3vodai oszt\u00e1lyokban.<\/span><\/p>\n<p><span style=\"font-weight: 400\"> <\/span><span style=\"font-weight: 400\">Aj\u00e1nlott \u00e9letkor: 5+<\/span><\/p>\n<p><span style=\"font-weight: 400\">J\u00e1t\u00e9kosok: csoportok vagy csapatok<\/span><\/p>\n<p><span style=\"font-weight: 400\">A doboz tartalmaz: 4 k\u00fcl\u00f6nb\u00f6z\u0151 sz\u00e1m- \u00e9s t\u00f6megt\u00e1bl\u00e1t<\/span><\/p>\n<p><span style=\"font-weight: 400\">3 \u00e9v alatti gyermekek sz\u00e1m\u00e1ra nem aj\u00e1nlott <\/span><\/p><\/p>\n","protected":false},"excerpt":{"rendered":"<p>A j\u00e1t\u00e9k a legegyszer\u0171bb \u00e9s leghat\u00e9konyabb m\u00f3dja annak, hogy a kisgyermekek alapvet\u0151 fogalmakat \u00e9s izgalmas inform\u00e1ci\u00f3kat tanuljanak. A j\u00e1t\u00e9k, annak<\/p>\n","protected":false},"featured_media":73686,"template":"","meta":[],"product_brand":[],"product_cat":[2007,1900],"product_tag":[],"class_list":{"0":"post-39573","1":"product","2":"type-product","3":"status-publish","4":"has-post-thumbnail","6":"product_cat-edukativ-jatekok","7":"product_cat-oktatasi-es-tudomanyos-jatekok","8":"pa_bax-100-hu","9":"pa_brand-d_toys-hu","10":"pa_country_of_manufacture-ro-hu","11":"pa_filter_age-5_7-hu","12":"pa_filter_age-7_9-hu","14":"first","15":"instock","16":"taxable","17":"shipping-taxable","18":"product-type-simple"},"yoast_head":"<!-- This site is optimized with the Yoast SEO plugin v20.1 - https:\/\/yoast.com\/wordpress\/plugins\/seo\/ -->\n<title>A sz\u00e1mok j\u00e1t\u00e9ka - Oktat\u00e1si j\u00e1t\u00e9k<\/title>\n<meta name=\"description\" content=\"A sz\u00e1mok j\u00e1t\u00e9ka - Oktat\u00e1si j\u00e1t\u00e9k\" \/>\n<meta name=\"robots\" content=\"index, follow, max-snippet:-1, max-image-preview:large, max-video-preview:-1\" \/>\n<link rel=\"canonical\" href=\"https:\/\/business.roovi.com\/hu\/a-szamok-jateka-oktatasi-jatek\/p\/\" \/>\n<meta property=\"og:locale\" content=\"hu_HU\" \/>\n<meta property=\"og:type\" content=\"article\" \/>\n<meta property=\"og:title\" content=\"A sz\u00e1mok j\u00e1t\u00e9ka - Oktat\u00e1si j\u00e1t\u00e9k\" \/>\n<meta property=\"og:description\" content=\"A sz\u00e1mok j\u00e1t\u00e9ka - Oktat\u00e1si j\u00e1t\u00e9k\" \/>\n<meta property=\"og:url\" content=\"https:\/\/business.roovi.com\/hu\/a-szamok-jateka-oktatasi-jatek\/p\/\" \/>\n<meta property=\"og:site_name\" content=\"Roovi B2B\" \/>\n<meta property=\"article:publisher\" content=\"https:\/\/www.facebook.com\/wwwjucariero\" \/>\n<meta property=\"article:modified_time\" content=\"2022-07-06T13:24:25+00:00\" \/>\n<meta property=\"og:image\" content=\"https:\/\/business.roovi.com\/wp-content\/uploads\/2018\/04\/62697_jocul_numerelor.jpg\" \/>\n\t<meta property=\"og:image:width\" content=\"1200\" \/>\n\t<meta property=\"og:image:height\" content=\"1200\" \/>\n\t<meta property=\"og:image:type\" content=\"image\/jpeg\" \/>\n<meta name=\"twitter:label1\" content=\"Becs\u00fclt olvas\u00e1si id\u0151\" \/>\n\t<meta name=\"twitter:data1\" content=\"2 perc\" \/>\n<script type=\"application\/ld+json\" class=\"yoast-schema-graph\">{\"@context\":\"https:\/\/schema.org\",\"@graph\":[{\"@type\":\"WebPage\",\"@id\":\"https:\/\/business.roovi.com\/hu\/a-szamok-jateka-oktatasi-jatek\/p\/\",\"url\":\"https:\/\/business.roovi.com\/hu\/a-szamok-jateka-oktatasi-jatek\/p\/\",\"name\":\"A sz\u00e1mok j\u00e1t\u00e9ka - Oktat\u00e1si j\u00e1t\u00e9k\",\"isPartOf\":{\"@id\":\"https:\/\/business.roovi.com\/hu\/#website\"},\"datePublished\":\"2018-04-16T10:56:04+00:00\",\"dateModified\":\"2022-07-06T13:24:25+00:00\",\"description\":\"A sz\u00e1mok j\u00e1t\u00e9ka - Oktat\u00e1si j\u00e1t\u00e9k\",\"breadcrumb\":{\"@id\":\"https:\/\/business.roovi.com\/hu\/a-szamok-jateka-oktatasi-jatek\/p\/#breadcrumb\"},\"inLanguage\":\"hu\",\"potentialAction\":[{\"@type\":\"ReadAction\",\"target\":[\"https:\/\/business.roovi.com\/hu\/a-szamok-jateka-oktatasi-jatek\/p\/\"]}]},{\"@type\":\"BreadcrumbList\",\"@id\":\"https:\/\/business.roovi.com\/hu\/a-szamok-jateka-oktatasi-jatek\/p\/#breadcrumb\",\"itemListElement\":[{\"@type\":\"ListItem\",\"position\":1,\"name\":\"Home\",\"item\":\"https:\/\/business.roovi.com\/hu\/\"},{\"@type\":\"ListItem\",\"position\":2,\"name\":\"Shop\",\"item\":\"https:\/\/business.roovi.com\/hu\/shop\/\"},{\"@type\":\"ListItem\",\"position\":3,\"name\":\"A sz\u00e1mok j\u00e1t\u00e9ka &#8211; Oktat\u00e1si j\u00e1t\u00e9k\"}]},{\"@type\":\"WebSite\",\"@id\":\"https:\/\/business.roovi.com\/hu\/#website\",\"url\":\"https:\/\/business.roovi.com\/hu\/\",\"name\":\"Roovi B2B\",\"description\":\"Roovi Business Website\",\"potentialAction\":[{\"@type\":\"SearchAction\",\"target\":{\"@type\":\"EntryPoint\",\"urlTemplate\":\"https:\/\/business.roovi.com\/hu\/?s={search_term_string}\"},\"query-input\":\"required name=search_term_string\"}],\"inLanguage\":\"hu\"}]}<\/script>\n<!-- \/ Yoast SEO plugin. -->","yoast_head_json":{"title":"A sz\u00e1mok j\u00e1t\u00e9ka - Oktat\u00e1si j\u00e1t\u00e9k","description":"A sz\u00e1mok j\u00e1t\u00e9ka - Oktat\u00e1si j\u00e1t\u00e9k","robots":{"index":"index","follow":"follow","max-snippet":"max-snippet:-1","max-image-preview":"max-image-preview:large","max-video-preview":"max-video-preview:-1"},"canonical":"https:\/\/business.roovi.com\/hu\/a-szamok-jateka-oktatasi-jatek\/p\/","og_locale":"hu_HU","og_type":"article","og_title":"A sz\u00e1mok j\u00e1t\u00e9ka - Oktat\u00e1si j\u00e1t\u00e9k","og_description":"A sz\u00e1mok j\u00e1t\u00e9ka - Oktat\u00e1si j\u00e1t\u00e9k","og_url":"https:\/\/business.roovi.com\/hu\/a-szamok-jateka-oktatasi-jatek\/p\/","og_site_name":"Roovi B2B","article_publisher":"https:\/\/www.facebook.com\/wwwjucariero","article_modified_time":"2022-07-06T13:24:25+00:00","og_image":[{"width":1200,"height":1200,"url":"https:\/\/business.roovi.com\/wp-content\/uploads\/2018\/04\/62697_jocul_numerelor.jpg","type":"image\/jpeg"}],"twitter_misc":{"Becs\u00fclt olvas\u00e1si id\u0151":"2 perc"},"schema":{"@context":"https:\/\/schema.org","@graph":[{"@type":"WebPage","@id":"https:\/\/business.roovi.com\/hu\/a-szamok-jateka-oktatasi-jatek\/p\/","url":"https:\/\/business.roovi.com\/hu\/a-szamok-jateka-oktatasi-jatek\/p\/","name":"A sz\u00e1mok j\u00e1t\u00e9ka - Oktat\u00e1si j\u00e1t\u00e9k","isPartOf":{"@id":"https:\/\/business.roovi.com\/hu\/#website"},"datePublished":"2018-04-16T10:56:04+00:00","dateModified":"2022-07-06T13:24:25+00:00","description":"A sz\u00e1mok j\u00e1t\u00e9ka - Oktat\u00e1si j\u00e1t\u00e9k","breadcrumb":{"@id":"https:\/\/business.roovi.com\/hu\/a-szamok-jateka-oktatasi-jatek\/p\/#breadcrumb"},"inLanguage":"hu","potentialAction":[{"@type":"ReadAction","target":["https:\/\/business.roovi.com\/hu\/a-szamok-jateka-oktatasi-jatek\/p\/"]}]},{"@type":"BreadcrumbList","@id":"https:\/\/business.roovi.com\/hu\/a-szamok-jateka-oktatasi-jatek\/p\/#breadcrumb","itemListElement":[{"@type":"ListItem","position":1,"name":"Home","item":"https:\/\/business.roovi.com\/hu\/"},{"@type":"ListItem","position":2,"name":"Shop","item":"https:\/\/business.roovi.com\/hu\/shop\/"},{"@type":"ListItem","position":3,"name":"A sz\u00e1mok j\u00e1t\u00e9ka &#8211; Oktat\u00e1si j\u00e1t\u00e9k"}]},{"@type":"WebSite","@id":"https:\/\/business.roovi.com\/hu\/#website","url":"https:\/\/business.roovi.com\/hu\/","name":"Roovi B2B","description":"Roovi Business Website","potentialAction":[{"@type":"SearchAction","target":{"@type":"EntryPoint","urlTemplate":"https:\/\/business.roovi.com\/hu\/?s={search_term_string}"},"query-input":"required name=search_term_string"}],"inLanguage":"hu"}]}},"_links":{"self":[{"href":"https:\/\/business.roovi.com\/hu\/wp-json\/wp\/v2\/product\/39573","targetHints":{"allow":["GET"]}}],"collection":[{"href":"https:\/\/business.roovi.com\/hu\/wp-json\/wp\/v2\/product"}],"about":[{"href":"https:\/\/business.roovi.com\/hu\/wp-json\/wp\/v2\/types\/product"}],"version-history":[{"count":0,"href":"https:\/\/business.roovi.com\/hu\/wp-json\/wp\/v2\/product\/39573\/revisions"}],"wp:featuredmedia":[{"embeddable":true,"href":"https:\/\/business.roovi.com\/hu\/wp-json\/wp\/v2\/media\/73686"}],"wp:attachment":[{"href":"https:\/\/business.roovi.com\/hu\/wp-json\/wp\/v2\/media?parent=39573"}],"wp:term":[{"taxonomy":"product_brand","embeddable":true,"href":"https:\/\/business.roovi.com\/hu\/wp-json\/wp\/v2\/product_brand?post=39573"},{"taxonomy":"product_cat","embeddable":true,"href":"https:\/\/business.roovi.com\/hu\/wp-json\/wp\/v2\/product_cat?post=39573"},{"taxonomy":"product_tag","embeddable":true,"href":"https:\/\/business.roovi.com\/hu\/wp-json\/wp\/v2\/product_tag?post=39573"}],"curies":[{"name":"wp","href":"https:\/\/api.w.org\/{rel}","templated":true}]}}