{"id":39633,"date":"2018-04-16T10:56:04","date_gmt":"2018-04-16T10:56:04","guid":{"rendered":"https:\/\/business.roovi.com\/joc-creativ-lovely-emily-set-creatie-papusa\/p\/"},"modified":"2022-07-06T13:29:44","modified_gmt":"2022-07-06T13:29:44","slug":"kreativ-babavarro-keszlet-lovely-emily","status":"publish","type":"product","link":"https:\/\/business.roovi.com\/hu\/kreativ-babavarro-keszlet-lovely-emily\/p\/","title":{"rendered":"Kreat\u00edv babavarr\u00f3 k\u00e9szlet &#8211; Lovely Emily"},"content":{"rendered":"<p>A ma m\u00e1r rendk\u00edv\u00fcl n\u00e9pszer\u0171 bark\u00e1csj\u00e1t\u00e9kok fejlesztik a gyermekek kreativit\u00e1s\u00e1t, finommotorik\u00e1j\u00e1t, figyelm\u00e9t a r\u00e9szletekre \u00e9s k\u00e9z\u00fcgyess\u00e9g\u00e9t. A l\u00e1nyok most aranyos Emily bab\u00e1t varrhatnak ezzel a kreat\u00edv k\u00e9szlettel, amely kiv\u00e1gott \u00e9s lyukasztott filcform\u00e1kat, c\u00e9rn\u00e1t \u00e9s fonalat, gombokat \u00e9s \u00fatmutat\u00f3t tartalmaz.<\/p>\n","protected":false},"excerpt":{"rendered":"<p>A ma m\u00e1r rendk\u00edv\u00fcl n\u00e9pszer\u0171 bark\u00e1csj\u00e1t\u00e9kok fejlesztik a gyermekek kreativit\u00e1s\u00e1t, finommotorik\u00e1j\u00e1t, figyelm\u00e9t a r\u00e9szletekre \u00e9s k\u00e9z\u00fcgyess\u00e9g\u00e9t. A l\u00e1nyok most aranyos<\/p>\n","protected":false},"featured_media":29844,"template":"","meta":[],"product_brand":[],"product_cat":[1901,2003],"product_tag":[],"class_list":{"0":"post-39633","1":"product","2":"type-product","3":"status-publish","4":"has-post-thumbnail","6":"product_cat-kreativ-jatekok","7":"product_cat-szoves-varras","8":"pa_bax-14-hu","9":"pa_brand-d_toys-hu","10":"pa_country_of_manufacture-ro-hu","11":"pa_filter_age-14-hu","12":"pa_filter_age-7_9-hu","13":"pa_filter_age-9_14-hu","14":"pa_tip_ambalaj-doboz","16":"first","17":"instock","18":"taxable","19":"shipping-taxable","20":"product-type-simple"},"yoast_head":"<!-- This site is optimized with the Yoast SEO plugin v20.1 - https:\/\/yoast.com\/wordpress\/plugins\/seo\/ -->\n<title>Kreat\u00edv babavarr\u00f3 k\u00e9szlet - Lovely Emily<\/title>\n<meta name=\"description\" content=\"Kreat\u00edv babavarr\u00f3 k\u00e9szlet - Lovely Emily\" \/>\n<meta name=\"robots\" content=\"index, follow, max-snippet:-1, max-image-preview:large, max-video-preview:-1\" \/>\n<link rel=\"canonical\" href=\"https:\/\/business.roovi.com\/hu\/kreativ-babavarro-keszlet-lovely-emily\/p\/\" \/>\n<meta property=\"og:locale\" content=\"hu_HU\" \/>\n<meta property=\"og:type\" content=\"article\" \/>\n<meta property=\"og:title\" content=\"Kreat\u00edv babavarr\u00f3 k\u00e9szlet - Lovely Emily\" \/>\n<meta property=\"og:description\" content=\"Kreat\u00edv babavarr\u00f3 k\u00e9szlet - Lovely Emily\" \/>\n<meta property=\"og:url\" content=\"https:\/\/business.roovi.com\/hu\/kreativ-babavarro-keszlet-lovely-emily\/p\/\" \/>\n<meta property=\"og:site_name\" content=\"Roovi B2B\" \/>\n<meta property=\"article:publisher\" content=\"https:\/\/www.facebook.com\/wwwjucariero\" \/>\n<meta property=\"article:modified_time\" content=\"2022-07-06T13:29:44+00:00\" \/>\n<meta property=\"og:image\" content=\"https:\/\/business.roovi.com\/wp-content\/uploads\/2018\/04\/68026_elo.jpg\" \/>\n\t<meta property=\"og:image:width\" content=\"1200\" \/>\n\t<meta property=\"og:image:height\" content=\"1200\" \/>\n\t<meta property=\"og:image:type\" content=\"image\/jpeg\" \/>\n<script type=\"application\/ld+json\" class=\"yoast-schema-graph\">{\"@context\":\"https:\/\/schema.org\",\"@graph\":[{\"@type\":\"WebPage\",\"@id\":\"https:\/\/business.roovi.com\/hu\/kreativ-babavarro-keszlet-lovely-emily\/p\/\",\"url\":\"https:\/\/business.roovi.com\/hu\/kreativ-babavarro-keszlet-lovely-emily\/p\/\",\"name\":\"Kreat\u00edv babavarr\u00f3 k\u00e9szlet - Lovely Emily\",\"isPartOf\":{\"@id\":\"https:\/\/business.roovi.com\/hu\/#website\"},\"datePublished\":\"2018-04-16T10:56:04+00:00\",\"dateModified\":\"2022-07-06T13:29:44+00:00\",\"description\":\"Kreat\u00edv babavarr\u00f3 k\u00e9szlet - Lovely Emily\",\"breadcrumb\":{\"@id\":\"https:\/\/business.roovi.com\/hu\/kreativ-babavarro-keszlet-lovely-emily\/p\/#breadcrumb\"},\"inLanguage\":\"hu\",\"potentialAction\":[{\"@type\":\"ReadAction\",\"target\":[\"https:\/\/business.roovi.com\/hu\/kreativ-babavarro-keszlet-lovely-emily\/p\/\"]}]},{\"@type\":\"BreadcrumbList\",\"@id\":\"https:\/\/business.roovi.com\/hu\/kreativ-babavarro-keszlet-lovely-emily\/p\/#breadcrumb\",\"itemListElement\":[{\"@type\":\"ListItem\",\"position\":1,\"name\":\"Home\",\"item\":\"https:\/\/business.roovi.com\/hu\/\"},{\"@type\":\"ListItem\",\"position\":2,\"name\":\"Shop\",\"item\":\"https:\/\/business.roovi.com\/hu\/shop\/\"},{\"@type\":\"ListItem\",\"position\":3,\"name\":\"Kreat\u00edv babavarr\u00f3 k\u00e9szlet &#8211; Lovely Emily\"}]},{\"@type\":\"WebSite\",\"@id\":\"https:\/\/business.roovi.com\/hu\/#website\",\"url\":\"https:\/\/business.roovi.com\/hu\/\",\"name\":\"Roovi B2B\",\"description\":\"Roovi Business Website\",\"potentialAction\":[{\"@type\":\"SearchAction\",\"target\":{\"@type\":\"EntryPoint\",\"urlTemplate\":\"https:\/\/business.roovi.com\/hu\/?s={search_term_string}\"},\"query-input\":\"required name=search_term_string\"}],\"inLanguage\":\"hu\"}]}<\/script>\n<!-- \/ Yoast SEO plugin. -->","yoast_head_json":{"title":"Kreat\u00edv babavarr\u00f3 k\u00e9szlet - Lovely Emily","description":"Kreat\u00edv babavarr\u00f3 k\u00e9szlet - Lovely Emily","robots":{"index":"index","follow":"follow","max-snippet":"max-snippet:-1","max-image-preview":"max-image-preview:large","max-video-preview":"max-video-preview:-1"},"canonical":"https:\/\/business.roovi.com\/hu\/kreativ-babavarro-keszlet-lovely-emily\/p\/","og_locale":"hu_HU","og_type":"article","og_title":"Kreat\u00edv babavarr\u00f3 k\u00e9szlet - Lovely Emily","og_description":"Kreat\u00edv babavarr\u00f3 k\u00e9szlet - Lovely Emily","og_url":"https:\/\/business.roovi.com\/hu\/kreativ-babavarro-keszlet-lovely-emily\/p\/","og_site_name":"Roovi B2B","article_publisher":"https:\/\/www.facebook.com\/wwwjucariero","article_modified_time":"2022-07-06T13:29:44+00:00","og_image":[{"width":1200,"height":1200,"url":"https:\/\/business.roovi.com\/wp-content\/uploads\/2018\/04\/68026_elo.jpg","type":"image\/jpeg"}],"schema":{"@context":"https:\/\/schema.org","@graph":[{"@type":"WebPage","@id":"https:\/\/business.roovi.com\/hu\/kreativ-babavarro-keszlet-lovely-emily\/p\/","url":"https:\/\/business.roovi.com\/hu\/kreativ-babavarro-keszlet-lovely-emily\/p\/","name":"Kreat\u00edv babavarr\u00f3 k\u00e9szlet - Lovely Emily","isPartOf":{"@id":"https:\/\/business.roovi.com\/hu\/#website"},"datePublished":"2018-04-16T10:56:04+00:00","dateModified":"2022-07-06T13:29:44+00:00","description":"Kreat\u00edv babavarr\u00f3 k\u00e9szlet - Lovely Emily","breadcrumb":{"@id":"https:\/\/business.roovi.com\/hu\/kreativ-babavarro-keszlet-lovely-emily\/p\/#breadcrumb"},"inLanguage":"hu","potentialAction":[{"@type":"ReadAction","target":["https:\/\/business.roovi.com\/hu\/kreativ-babavarro-keszlet-lovely-emily\/p\/"]}]},{"@type":"BreadcrumbList","@id":"https:\/\/business.roovi.com\/hu\/kreativ-babavarro-keszlet-lovely-emily\/p\/#breadcrumb","itemListElement":[{"@type":"ListItem","position":1,"name":"Home","item":"https:\/\/business.roovi.com\/hu\/"},{"@type":"ListItem","position":2,"name":"Shop","item":"https:\/\/business.roovi.com\/hu\/shop\/"},{"@type":"ListItem","position":3,"name":"Kreat\u00edv babavarr\u00f3 k\u00e9szlet &#8211; Lovely Emily"}]},{"@type":"WebSite","@id":"https:\/\/business.roovi.com\/hu\/#website","url":"https:\/\/business.roovi.com\/hu\/","name":"Roovi B2B","description":"Roovi Business Website","potentialAction":[{"@type":"SearchAction","target":{"@type":"EntryPoint","urlTemplate":"https:\/\/business.roovi.com\/hu\/?s={search_term_string}"},"query-input":"required name=search_term_string"}],"inLanguage":"hu"}]}},"_links":{"self":[{"href":"https:\/\/business.roovi.com\/hu\/wp-json\/wp\/v2\/product\/39633","targetHints":{"allow":["GET"]}}],"collection":[{"href":"https:\/\/business.roovi.com\/hu\/wp-json\/wp\/v2\/product"}],"about":[{"href":"https:\/\/business.roovi.com\/hu\/wp-json\/wp\/v2\/types\/product"}],"version-history":[{"count":0,"href":"https:\/\/business.roovi.com\/hu\/wp-json\/wp\/v2\/product\/39633\/revisions"}],"wp:featuredmedia":[{"embeddable":true,"href":"https:\/\/business.roovi.com\/hu\/wp-json\/wp\/v2\/media\/29844"}],"wp:attachment":[{"href":"https:\/\/business.roovi.com\/hu\/wp-json\/wp\/v2\/media?parent=39633"}],"wp:term":[{"taxonomy":"product_brand","embeddable":true,"href":"https:\/\/business.roovi.com\/hu\/wp-json\/wp\/v2\/product_brand?post=39633"},{"taxonomy":"product_cat","embeddable":true,"href":"https:\/\/business.roovi.com\/hu\/wp-json\/wp\/v2\/product_cat?post=39633"},{"taxonomy":"product_tag","embeddable":true,"href":"https:\/\/business.roovi.com\/hu\/wp-json\/wp\/v2\/product_tag?post=39633"}],"curies":[{"name":"wp","href":"https:\/\/api.w.org\/{rel}","templated":true}]}}