{"id":39657,"date":"2018-04-16T10:56:04","date_gmt":"2018-04-16T10:56:04","guid":{"rendered":"https:\/\/business.roovi.com\/joc-creativ-set-de-traforaj\/p\/"},"modified":"2022-07-06T13:34:20","modified_gmt":"2022-07-06T13:34:20","slug":"perforacios-keszlet","status":"publish","type":"product","link":"https:\/\/business.roovi.com\/hu\/perforacios-keszlet\/p\/","title":{"rendered":"Perfor\u00e1ci\u00f3s k\u00e9szlet"},"content":{"rendered":"<p>Egy \u00faj hobbi a bark\u00e1csolni szeret\u0151 fi\u00faknak! Ennek a kiv\u00e9teles k\u00e9szletnek a seg\u00edts\u00e9g\u00e9vel a kicsik aranyos \u00e1llatokat k\u00e9sz\u00edthetnek. A doboz tartalmaz egy tekercsf\u0171r\u00e9szt, 5 tekercsv\u00e9d\u0151t, fa v\u00e1g\u00f3deszk\u00e1t, szor\u00edt\u00f3t, 25 X 25 cm-es r\u00e9tegelt lemezre nyomtatott tekercsmint\u00e1kat, 25 X 25 cm-es nyomtat\u00e1s n\u00e9lk\u00fcli r\u00e9tegelt lemezt.<\/p>\n","protected":false},"excerpt":{"rendered":"<p>Egy \u00faj hobbi a bark\u00e1csolni szeret\u0151 fi\u00faknak! Ennek a kiv\u00e9teles k\u00e9szletnek a seg\u00edts\u00e9g\u00e9vel a kicsik aranyos \u00e1llatokat k\u00e9sz\u00edthetnek. A doboz<\/p>\n","protected":false},"featured_media":70830,"template":"","meta":[],"product_brand":[],"product_cat":[1901,1999],"product_tag":[],"class_list":{"0":"post-39657","1":"product","2":"type-product","3":"status-publish","4":"has-post-thumbnail","6":"product_cat-kreativ-jatekok","7":"product_cat-kreativ-keszletek","8":"pa_bax-10-hu","9":"pa_brand-d_toys-hu","10":"pa_country_of_manufacture-ro-hu","11":"pa_filter_age-14-hu","12":"pa_filter_age-7_9-hu","13":"pa_filter_age-9_14-hu","14":"pa_tip_ambalaj-doboz","16":"first","17":"instock","18":"taxable","19":"shipping-taxable","20":"product-type-simple"},"yoast_head":"<!-- This site is optimized with the Yoast SEO plugin v20.1 - https:\/\/yoast.com\/wordpress\/plugins\/seo\/ -->\n<title>Perfor\u00e1ci\u00f3s k\u00e9szlet<\/title>\n<meta name=\"description\" content=\"Perfor\u00e1ci\u00f3s k\u00e9szlet\" \/>\n<meta name=\"robots\" content=\"index, follow, max-snippet:-1, max-image-preview:large, max-video-preview:-1\" \/>\n<link rel=\"canonical\" href=\"https:\/\/business.roovi.com\/hu\/perforacios-keszlet\/p\/\" \/>\n<meta property=\"og:locale\" content=\"hu_HU\" \/>\n<meta property=\"og:type\" content=\"article\" \/>\n<meta property=\"og:title\" content=\"Perfor\u00e1ci\u00f3s k\u00e9szlet\" \/>\n<meta property=\"og:description\" content=\"Perfor\u00e1ci\u00f3s k\u00e9szlet\" \/>\n<meta property=\"og:url\" content=\"https:\/\/business.roovi.com\/hu\/perforacios-keszlet\/p\/\" \/>\n<meta property=\"og:site_name\" content=\"Roovi B2B\" \/>\n<meta property=\"article:publisher\" content=\"https:\/\/www.facebook.com\/wwwjucariero\" \/>\n<meta property=\"article:modified_time\" content=\"2022-07-06T13:34:20+00:00\" \/>\n<meta property=\"og:image\" content=\"https:\/\/business.roovi.com\/wp-content\/uploads\/2018\/04\/66770_set_traforaj_elo.jpg\" \/>\n\t<meta property=\"og:image:width\" content=\"1200\" \/>\n\t<meta property=\"og:image:height\" content=\"1200\" \/>\n\t<meta property=\"og:image:type\" content=\"image\/jpeg\" \/>\n<script type=\"application\/ld+json\" class=\"yoast-schema-graph\">{\"@context\":\"https:\/\/schema.org\",\"@graph\":[{\"@type\":\"WebPage\",\"@id\":\"https:\/\/business.roovi.com\/hu\/perforacios-keszlet\/p\/\",\"url\":\"https:\/\/business.roovi.com\/hu\/perforacios-keszlet\/p\/\",\"name\":\"Perfor\u00e1ci\u00f3s k\u00e9szlet\",\"isPartOf\":{\"@id\":\"https:\/\/business.roovi.com\/hu\/#website\"},\"datePublished\":\"2018-04-16T10:56:04+00:00\",\"dateModified\":\"2022-07-06T13:34:20+00:00\",\"description\":\"Perfor\u00e1ci\u00f3s k\u00e9szlet\",\"breadcrumb\":{\"@id\":\"https:\/\/business.roovi.com\/hu\/perforacios-keszlet\/p\/#breadcrumb\"},\"inLanguage\":\"hu\",\"potentialAction\":[{\"@type\":\"ReadAction\",\"target\":[\"https:\/\/business.roovi.com\/hu\/perforacios-keszlet\/p\/\"]}]},{\"@type\":\"BreadcrumbList\",\"@id\":\"https:\/\/business.roovi.com\/hu\/perforacios-keszlet\/p\/#breadcrumb\",\"itemListElement\":[{\"@type\":\"ListItem\",\"position\":1,\"name\":\"Home\",\"item\":\"https:\/\/business.roovi.com\/hu\/\"},{\"@type\":\"ListItem\",\"position\":2,\"name\":\"Shop\",\"item\":\"https:\/\/business.roovi.com\/hu\/shop\/\"},{\"@type\":\"ListItem\",\"position\":3,\"name\":\"Perfor\u00e1ci\u00f3s k\u00e9szlet\"}]},{\"@type\":\"WebSite\",\"@id\":\"https:\/\/business.roovi.com\/hu\/#website\",\"url\":\"https:\/\/business.roovi.com\/hu\/\",\"name\":\"Roovi B2B\",\"description\":\"Roovi Business Website\",\"potentialAction\":[{\"@type\":\"SearchAction\",\"target\":{\"@type\":\"EntryPoint\",\"urlTemplate\":\"https:\/\/business.roovi.com\/hu\/?s={search_term_string}\"},\"query-input\":\"required name=search_term_string\"}],\"inLanguage\":\"hu\"}]}<\/script>\n<!-- \/ Yoast SEO plugin. -->","yoast_head_json":{"title":"Perfor\u00e1ci\u00f3s k\u00e9szlet","description":"Perfor\u00e1ci\u00f3s k\u00e9szlet","robots":{"index":"index","follow":"follow","max-snippet":"max-snippet:-1","max-image-preview":"max-image-preview:large","max-video-preview":"max-video-preview:-1"},"canonical":"https:\/\/business.roovi.com\/hu\/perforacios-keszlet\/p\/","og_locale":"hu_HU","og_type":"article","og_title":"Perfor\u00e1ci\u00f3s k\u00e9szlet","og_description":"Perfor\u00e1ci\u00f3s k\u00e9szlet","og_url":"https:\/\/business.roovi.com\/hu\/perforacios-keszlet\/p\/","og_site_name":"Roovi B2B","article_publisher":"https:\/\/www.facebook.com\/wwwjucariero","article_modified_time":"2022-07-06T13:34:20+00:00","og_image":[{"width":1200,"height":1200,"url":"https:\/\/business.roovi.com\/wp-content\/uploads\/2018\/04\/66770_set_traforaj_elo.jpg","type":"image\/jpeg"}],"schema":{"@context":"https:\/\/schema.org","@graph":[{"@type":"WebPage","@id":"https:\/\/business.roovi.com\/hu\/perforacios-keszlet\/p\/","url":"https:\/\/business.roovi.com\/hu\/perforacios-keszlet\/p\/","name":"Perfor\u00e1ci\u00f3s k\u00e9szlet","isPartOf":{"@id":"https:\/\/business.roovi.com\/hu\/#website"},"datePublished":"2018-04-16T10:56:04+00:00","dateModified":"2022-07-06T13:34:20+00:00","description":"Perfor\u00e1ci\u00f3s k\u00e9szlet","breadcrumb":{"@id":"https:\/\/business.roovi.com\/hu\/perforacios-keszlet\/p\/#breadcrumb"},"inLanguage":"hu","potentialAction":[{"@type":"ReadAction","target":["https:\/\/business.roovi.com\/hu\/perforacios-keszlet\/p\/"]}]},{"@type":"BreadcrumbList","@id":"https:\/\/business.roovi.com\/hu\/perforacios-keszlet\/p\/#breadcrumb","itemListElement":[{"@type":"ListItem","position":1,"name":"Home","item":"https:\/\/business.roovi.com\/hu\/"},{"@type":"ListItem","position":2,"name":"Shop","item":"https:\/\/business.roovi.com\/hu\/shop\/"},{"@type":"ListItem","position":3,"name":"Perfor\u00e1ci\u00f3s k\u00e9szlet"}]},{"@type":"WebSite","@id":"https:\/\/business.roovi.com\/hu\/#website","url":"https:\/\/business.roovi.com\/hu\/","name":"Roovi B2B","description":"Roovi Business Website","potentialAction":[{"@type":"SearchAction","target":{"@type":"EntryPoint","urlTemplate":"https:\/\/business.roovi.com\/hu\/?s={search_term_string}"},"query-input":"required name=search_term_string"}],"inLanguage":"hu"}]}},"_links":{"self":[{"href":"https:\/\/business.roovi.com\/hu\/wp-json\/wp\/v2\/product\/39657","targetHints":{"allow":["GET"]}}],"collection":[{"href":"https:\/\/business.roovi.com\/hu\/wp-json\/wp\/v2\/product"}],"about":[{"href":"https:\/\/business.roovi.com\/hu\/wp-json\/wp\/v2\/types\/product"}],"version-history":[{"count":0,"href":"https:\/\/business.roovi.com\/hu\/wp-json\/wp\/v2\/product\/39657\/revisions"}],"wp:featuredmedia":[{"embeddable":true,"href":"https:\/\/business.roovi.com\/hu\/wp-json\/wp\/v2\/media\/70830"}],"wp:attachment":[{"href":"https:\/\/business.roovi.com\/hu\/wp-json\/wp\/v2\/media?parent=39657"}],"wp:term":[{"taxonomy":"product_brand","embeddable":true,"href":"https:\/\/business.roovi.com\/hu\/wp-json\/wp\/v2\/product_brand?post=39657"},{"taxonomy":"product_cat","embeddable":true,"href":"https:\/\/business.roovi.com\/hu\/wp-json\/wp\/v2\/product_cat?post=39657"},{"taxonomy":"product_tag","embeddable":true,"href":"https:\/\/business.roovi.com\/hu\/wp-json\/wp\/v2\/product_tag?post=39657"}],"curies":[{"name":"wp","href":"https:\/\/api.w.org\/{rel}","templated":true}]}}