{"id":39677,"date":"2018-04-16T10:56:04","date_gmt":"2018-04-16T10:56:04","guid":{"rendered":"https:\/\/business.roovi.com\/joc-micul-magician-set-25\/p\/"},"modified":"2022-07-06T13:34:41","modified_gmt":"2022-07-06T13:34:41","slug":"the-little-magician-game-25-interaktiv-buvesz-trukkok-jatek","status":"publish","type":"product","link":"https:\/\/business.roovi.com\/hu\/the-little-magician-game-25-interaktiv-buvesz-trukkok-jatek\/p\/","title":{"rendered":"The Little Magician Game 25 &#8211; Interakt\u00edv b\u0171v\u00e9sz tr\u00fckk\u00f6k j\u00e1t\u00e9k"},"content":{"rendered":"<p>Te leszel a b\u0171v\u00e9szet kis mestere, aki titokzatos tr\u00fckk\u00f6kkel, \u00fcgyes tr\u00fckk\u00f6kkel, vicces cs\u00ednyekkel vagy l\u00e1tv\u00e1nyos optikai ill\u00fazi\u00f3kkal mindenkit leny\u0171g\u00f6z \u00e9s sz\u00f3rakoztat! A var\u00e1zs\u00e9rme-szorz\u00f3, a csod\u00e1latosan zsugorod\u00f3 kocka, a var\u00e1zslatos doboz vagy a &#8222;besti\u00e1lis&#8221; l\u00e1tom\u00e1sod sz\u00f3hoz sem juttatja bar\u00e1taidat \u00e9s csal\u00e1dodat. A k\u00e9szlet speci\u00e1lis b\u0171v\u00e9szkell\u00e9keket \u00e9s egy r\u00e9szletes, illusztr\u00e1lt titkos utas\u00edt\u00e1sokat tartalmaz\u00f3 k\u00e9zik\u00f6nyvet tartalmaz, amellyel felejthetetlen b\u0171v\u00e9szmutatv\u00e1nyt var\u00e1zsolhatsz! Ha m\u00e1r minden tr\u00fckk\u00f6t elsaj\u00e1t\u00edtott\u00e1l ebben a k\u00e9szletben, pr\u00f3b\u00e1ld ki a Little Magician &#8211; 50 Tricks k\u00e9szletet, amely teljesen m\u00e1s kieg\u00e9sz\u00edt\u0151ket \u00e9s tr\u00fckk\u00f6ket tartalmaz.<\/p>\n","protected":false},"excerpt":{"rendered":"<p>Te leszel a b\u0171v\u00e9szet kis mestere, aki titokzatos tr\u00fckk\u00f6kkel, \u00fcgyes tr\u00fckk\u00f6kkel, vicces cs\u00ednyekkel vagy l\u00e1tv\u00e1nyos optikai ill\u00fazi\u00f3kkal mindenkit leny\u0171g\u00f6z \u00e9s<\/p>\n","protected":false},"featured_media":29894,"template":"","meta":[],"product_brand":[],"product_cat":[1900,1899],"product_tag":[],"class_list":{"0":"post-39677","1":"product","2":"type-product","3":"status-publish","4":"has-post-thumbnail","6":"product_cat-oktatasi-es-tudomanyos-jatekok","7":"product_cat-ugyessegi-jatekok-hu","8":"pa_bax-7-hu","9":"pa_brand-d_toys-hu","10":"pa_country_of_manufacture-ro-hu","11":"pa_filter_age-5_7-hu","12":"pa_filter_age-7_9-hu","13":"pa_filter_age-9_14-hu","14":"pa_filter_age-14-hu","15":"pa_tip_ambalaj-doboz","17":"first","18":"instock","19":"taxable","20":"shipping-taxable","21":"product-type-simple"},"yoast_head":"<!-- This site is optimized with the Yoast SEO plugin v20.1 - https:\/\/yoast.com\/wordpress\/plugins\/seo\/ -->\n<title>The Little Magician Game 25 - Interakt\u00edv b\u0171v\u00e9sz tr\u00fckk\u00f6k j\u00e1t\u00e9k<\/title>\n<meta name=\"description\" content=\"The Little Magician Game 25 - Interakt\u00edv b\u0171v\u00e9sz tr\u00fckk\u00f6k j\u00e1t\u00e9k\" \/>\n<meta name=\"robots\" content=\"index, follow, max-snippet:-1, max-image-preview:large, max-video-preview:-1\" \/>\n<link rel=\"canonical\" href=\"https:\/\/business.roovi.com\/hu\/the-little-magician-game-25-interaktiv-buvesz-trukkok-jatek\/p\/\" \/>\n<meta property=\"og:locale\" content=\"hu_HU\" \/>\n<meta property=\"og:type\" content=\"article\" \/>\n<meta property=\"og:title\" content=\"The Little Magician Game 25 - Interakt\u00edv b\u0171v\u00e9sz tr\u00fckk\u00f6k j\u00e1t\u00e9k\" \/>\n<meta property=\"og:description\" content=\"The Little Magician Game 25 - Interakt\u00edv b\u0171v\u00e9sz tr\u00fckk\u00f6k j\u00e1t\u00e9k\" \/>\n<meta property=\"og:url\" content=\"https:\/\/business.roovi.com\/hu\/the-little-magician-game-25-interaktiv-buvesz-trukkok-jatek\/p\/\" \/>\n<meta property=\"og:site_name\" content=\"Roovi B2B\" \/>\n<meta property=\"article:publisher\" content=\"https:\/\/www.facebook.com\/wwwjucariero\" \/>\n<meta property=\"article:modified_time\" content=\"2022-07-06T13:34:41+00:00\" \/>\n<meta property=\"og:image\" content=\"https:\/\/business.roovi.com\/wp-content\/uploads\/2018\/04\/67227_elo.jpg\" \/>\n\t<meta property=\"og:image:width\" content=\"1200\" \/>\n\t<meta property=\"og:image:height\" content=\"1200\" \/>\n\t<meta property=\"og:image:type\" content=\"image\/jpeg\" \/>\n<meta name=\"twitter:label1\" content=\"Becs\u00fclt olvas\u00e1si id\u0151\" \/>\n\t<meta name=\"twitter:data1\" content=\"1 perc\" \/>\n<script type=\"application\/ld+json\" class=\"yoast-schema-graph\">{\"@context\":\"https:\/\/schema.org\",\"@graph\":[{\"@type\":\"WebPage\",\"@id\":\"https:\/\/business.roovi.com\/hu\/the-little-magician-game-25-interaktiv-buvesz-trukkok-jatek\/p\/\",\"url\":\"https:\/\/business.roovi.com\/hu\/the-little-magician-game-25-interaktiv-buvesz-trukkok-jatek\/p\/\",\"name\":\"The Little Magician Game 25 - Interakt\u00edv b\u0171v\u00e9sz tr\u00fckk\u00f6k j\u00e1t\u00e9k\",\"isPartOf\":{\"@id\":\"https:\/\/business.roovi.com\/hu\/#website\"},\"datePublished\":\"2018-04-16T10:56:04+00:00\",\"dateModified\":\"2022-07-06T13:34:41+00:00\",\"description\":\"The Little Magician Game 25 - Interakt\u00edv b\u0171v\u00e9sz tr\u00fckk\u00f6k j\u00e1t\u00e9k\",\"breadcrumb\":{\"@id\":\"https:\/\/business.roovi.com\/hu\/the-little-magician-game-25-interaktiv-buvesz-trukkok-jatek\/p\/#breadcrumb\"},\"inLanguage\":\"hu\",\"potentialAction\":[{\"@type\":\"ReadAction\",\"target\":[\"https:\/\/business.roovi.com\/hu\/the-little-magician-game-25-interaktiv-buvesz-trukkok-jatek\/p\/\"]}]},{\"@type\":\"BreadcrumbList\",\"@id\":\"https:\/\/business.roovi.com\/hu\/the-little-magician-game-25-interaktiv-buvesz-trukkok-jatek\/p\/#breadcrumb\",\"itemListElement\":[{\"@type\":\"ListItem\",\"position\":1,\"name\":\"Home\",\"item\":\"https:\/\/business.roovi.com\/hu\/\"},{\"@type\":\"ListItem\",\"position\":2,\"name\":\"Shop\",\"item\":\"https:\/\/business.roovi.com\/hu\/shop\/\"},{\"@type\":\"ListItem\",\"position\":3,\"name\":\"The Little Magician Game 25 &#8211; Interakt\u00edv b\u0171v\u00e9sz tr\u00fckk\u00f6k j\u00e1t\u00e9k\"}]},{\"@type\":\"WebSite\",\"@id\":\"https:\/\/business.roovi.com\/hu\/#website\",\"url\":\"https:\/\/business.roovi.com\/hu\/\",\"name\":\"Roovi B2B\",\"description\":\"Roovi Business Website\",\"potentialAction\":[{\"@type\":\"SearchAction\",\"target\":{\"@type\":\"EntryPoint\",\"urlTemplate\":\"https:\/\/business.roovi.com\/hu\/?s={search_term_string}\"},\"query-input\":\"required name=search_term_string\"}],\"inLanguage\":\"hu\"}]}<\/script>\n<!-- \/ Yoast SEO plugin. -->","yoast_head_json":{"title":"The Little Magician Game 25 - Interakt\u00edv b\u0171v\u00e9sz tr\u00fckk\u00f6k j\u00e1t\u00e9k","description":"The Little Magician Game 25 - Interakt\u00edv b\u0171v\u00e9sz tr\u00fckk\u00f6k j\u00e1t\u00e9k","robots":{"index":"index","follow":"follow","max-snippet":"max-snippet:-1","max-image-preview":"max-image-preview:large","max-video-preview":"max-video-preview:-1"},"canonical":"https:\/\/business.roovi.com\/hu\/the-little-magician-game-25-interaktiv-buvesz-trukkok-jatek\/p\/","og_locale":"hu_HU","og_type":"article","og_title":"The Little Magician Game 25 - Interakt\u00edv b\u0171v\u00e9sz tr\u00fckk\u00f6k j\u00e1t\u00e9k","og_description":"The Little Magician Game 25 - Interakt\u00edv b\u0171v\u00e9sz tr\u00fckk\u00f6k j\u00e1t\u00e9k","og_url":"https:\/\/business.roovi.com\/hu\/the-little-magician-game-25-interaktiv-buvesz-trukkok-jatek\/p\/","og_site_name":"Roovi B2B","article_publisher":"https:\/\/www.facebook.com\/wwwjucariero","article_modified_time":"2022-07-06T13:34:41+00:00","og_image":[{"width":1200,"height":1200,"url":"https:\/\/business.roovi.com\/wp-content\/uploads\/2018\/04\/67227_elo.jpg","type":"image\/jpeg"}],"twitter_misc":{"Becs\u00fclt olvas\u00e1si id\u0151":"1 perc"},"schema":{"@context":"https:\/\/schema.org","@graph":[{"@type":"WebPage","@id":"https:\/\/business.roovi.com\/hu\/the-little-magician-game-25-interaktiv-buvesz-trukkok-jatek\/p\/","url":"https:\/\/business.roovi.com\/hu\/the-little-magician-game-25-interaktiv-buvesz-trukkok-jatek\/p\/","name":"The Little Magician Game 25 - Interakt\u00edv b\u0171v\u00e9sz tr\u00fckk\u00f6k j\u00e1t\u00e9k","isPartOf":{"@id":"https:\/\/business.roovi.com\/hu\/#website"},"datePublished":"2018-04-16T10:56:04+00:00","dateModified":"2022-07-06T13:34:41+00:00","description":"The Little Magician Game 25 - Interakt\u00edv b\u0171v\u00e9sz tr\u00fckk\u00f6k j\u00e1t\u00e9k","breadcrumb":{"@id":"https:\/\/business.roovi.com\/hu\/the-little-magician-game-25-interaktiv-buvesz-trukkok-jatek\/p\/#breadcrumb"},"inLanguage":"hu","potentialAction":[{"@type":"ReadAction","target":["https:\/\/business.roovi.com\/hu\/the-little-magician-game-25-interaktiv-buvesz-trukkok-jatek\/p\/"]}]},{"@type":"BreadcrumbList","@id":"https:\/\/business.roovi.com\/hu\/the-little-magician-game-25-interaktiv-buvesz-trukkok-jatek\/p\/#breadcrumb","itemListElement":[{"@type":"ListItem","position":1,"name":"Home","item":"https:\/\/business.roovi.com\/hu\/"},{"@type":"ListItem","position":2,"name":"Shop","item":"https:\/\/business.roovi.com\/hu\/shop\/"},{"@type":"ListItem","position":3,"name":"The Little Magician Game 25 &#8211; Interakt\u00edv b\u0171v\u00e9sz tr\u00fckk\u00f6k j\u00e1t\u00e9k"}]},{"@type":"WebSite","@id":"https:\/\/business.roovi.com\/hu\/#website","url":"https:\/\/business.roovi.com\/hu\/","name":"Roovi B2B","description":"Roovi Business Website","potentialAction":[{"@type":"SearchAction","target":{"@type":"EntryPoint","urlTemplate":"https:\/\/business.roovi.com\/hu\/?s={search_term_string}"},"query-input":"required name=search_term_string"}],"inLanguage":"hu"}]}},"_links":{"self":[{"href":"https:\/\/business.roovi.com\/hu\/wp-json\/wp\/v2\/product\/39677","targetHints":{"allow":["GET"]}}],"collection":[{"href":"https:\/\/business.roovi.com\/hu\/wp-json\/wp\/v2\/product"}],"about":[{"href":"https:\/\/business.roovi.com\/hu\/wp-json\/wp\/v2\/types\/product"}],"version-history":[{"count":0,"href":"https:\/\/business.roovi.com\/hu\/wp-json\/wp\/v2\/product\/39677\/revisions"}],"wp:featuredmedia":[{"embeddable":true,"href":"https:\/\/business.roovi.com\/hu\/wp-json\/wp\/v2\/media\/29894"}],"wp:attachment":[{"href":"https:\/\/business.roovi.com\/hu\/wp-json\/wp\/v2\/media?parent=39677"}],"wp:term":[{"taxonomy":"product_brand","embeddable":true,"href":"https:\/\/business.roovi.com\/hu\/wp-json\/wp\/v2\/product_brand?post=39677"},{"taxonomy":"product_cat","embeddable":true,"href":"https:\/\/business.roovi.com\/hu\/wp-json\/wp\/v2\/product_cat?post=39677"},{"taxonomy":"product_tag","embeddable":true,"href":"https:\/\/business.roovi.com\/hu\/wp-json\/wp\/v2\/product_tag?post=39677"}],"curies":[{"name":"wp","href":"https:\/\/api.w.org\/{rel}","templated":true}]}}