{"id":39877,"date":"2019-05-09T10:56:47","date_gmt":"2019-05-09T10:56:47","guid":{"rendered":"https:\/\/business.roovi.com\/puzzle-adulti-1000-piese-albert-bredow-romantic-winter-landscape-with-ice-skaters-by-a-castle\/p\/"},"modified":"2022-07-06T13:54:39","modified_gmt":"2022-07-06T13:54:39","slug":"albert-bredow-1000-darabos-felnott-puzzle-romantikus-teli-taj-korcsolyazokkal-egy-kastelynal","status":"publish","type":"product","link":"https:\/\/business.roovi.com\/hu\/albert-bredow-1000-darabos-felnott-puzzle-romantikus-teli-taj-korcsolyazokkal-egy-kastelynal\/p\/","title":{"rendered":"Albert Bredow 1000 darabos feln\u0151tt puzzle &#8211; Romantikus t\u00e9li t\u00e1j, korcsoly\u00e1z\u00f3kkal egy kast\u00e9lyn\u00e1l"},"content":{"rendered":"<p><span style=\"font-weight: 400\">Inspir\u00e1l\u00f3djon Rom\u00e1nia legnagyobb m\u0171v\u00e9szeti rejtv\u00e9nygy\u0171jtem\u00e9ny\u00e9b\u0151l! V\u00e1s\u00e1roljon most 1000 darabos kirak\u00f3s j\u00e1t\u00e9kokat h\u00edres festm\u00e9nyek k\u00e9peivel, rakja \u00f6ssze, keretezze be \u0151ket, \u00e9s hozza l\u00e9tre saj\u00e1t csod\u00e1latos festm\u00e9nygy\u0171jtem\u00e9ny\u00e9t feln\u0151tt kirak\u00f3sokb\u00f3l! <\/span><\/p>\n<p><span style=\"font-weight: 400\">Gy\u0171jtem\u00e9ny\u00e9b\u0151l nem hi\u00e1nyozhat az 1000 darabos kirak\u00f3s <em>Albert Bredow &#8211; Romantikus t\u00e9li t\u00e1j korcsoly\u00e1z\u00f3kkal egy kast\u00e9ly mellett \/ Romantic Winter Landscape with Ice Skaters by a Castle<\/em>, egy mesebeli t\u00e1jk\u00e9p, amely k\u00f6zel hozza \u00d6nt a t\u00e9l sz\u00e9ps\u00e9g\u00e9hez. Ez a csod\u00e1latos m\u0171v\u00e9szi puzzle olyan \u00e9rz\u00e9st kelt, mintha egy nagyobb, 50 x 70 cm-es kar\u00e1csonyi \u00fcdv\u00f6zl\u0151lapot k\u00e9sz\u00edten\u00e9l \u00fajra. A festm\u00e9ny k\u00e9pe olyan, mint egy festm\u00e9nyen megjelen\u00edtett mese, amely arra v\u00e1r, hogy elmes\u00e9lj\u00e9k. H\u00e9tk\u00f6znapi emberek \u00e9lvezik a t\u00e9li napot, amikor laz\u00e1n siklanak a j\u00e9gen. A h\u00e1tt\u00e9rben egy elhagyatott kast\u00e9ly \u00e1ll <\/span><\/p>\n<p><span style=\"font-weight: 400\">Mi a kapcsolat a szerepl\u0151k \u00e9s a kast\u00e9ly k\u00f6z\u00f6tt? Ez tov\u00e1bbra is rejt\u00e9ly, amelyr\u0151l nincsenek inform\u00e1ci\u00f3k. De szabadon elk\u00e9pzelhetsz b\u00e1rmilyen forgat\u00f3k\u00f6nyvet, mert a m\u0171v\u00e9szeti rejtv\u00e9nyek megadj\u00e1k neked azt az \u00f6r\u00f6m\u00f6t, hogy a m\u0171alkot\u00e1sokat a magad m\u00f3dj\u00e1n fedezheted fel. Egy hagyom\u00e1nyos doh\u00e1nyz\u00f3asztalt is haszn\u00e1lhat az 1000 puzzle-darab megt\u00e1maszt\u00e1s\u00e1ra. F\u0151zd meg a legjobb narancsos-fah\u00e9jas te\u00e1dat, \u00e9s mer\u00fclj el a t\u00e9li hangulatban egy csod\u00e1latos m\u0171v\u00e9szeti kirak\u00f3s j\u00e1t\u00e9kban!<\/span><\/p>\n<p><span style=\"font-weight: 400\">Jellemz\u0151k Albert Bredow 1000 darabos puzzle &#8211; Romantikus t\u00e9li t\u00e1j korcsoly\u00e1z\u00f3kkal egy kast\u00e9ly mellett:<\/span><\/p>\n<p><strong>Puzzle anyag <\/strong><\/p>\n<p><strong>kiv\u00e1l\u00f3 min\u0151s\u00e9g\u0171 k\u00e9k karton<\/strong><\/p>\n<p><strong>fenntarthat\u00f3, \u00fajrahasznos\u00edthat\u00f3 anyagok<\/strong><\/p>\n<p><strong>f\u00e9lf\u00e9nyes kivitel, \u00e9l\u00e9nk sz\u00ednek<\/strong><\/p>\n<p><strong>A kirak\u00f3s darabok sz\u00e1ma: 1000<\/strong><\/p>\n<p><strong>Aj\u00e1nlott \u00e9letkor: 14+<\/strong><\/p>\n<p><strong>Feln\u0151tt rejtv\u00e9nyek \u00f6ssze\u00e1ll\u00edt\u00e1sa: m\u00e9lyen pihentet\u0151 tev\u00e9kenys\u00e9g<\/strong><\/p>\n<p><span style=\"font-weight: 400\">Az 1000 darabos rejtv\u00e9nyek kih\u00edv\u00e1st jelentenek az elm\u00e9dnek, hogy megfejtsd a legcsod\u00e1latosabb k\u00e9pek rejt\u00e9ly\u00e9t. R\u00e1ad\u00e1sul seg\u00edt m\u00e9lyen ellazulni. Amikor arra koncentr\u00e1lsz, hogy \u00f6sszerakd a k\u00e9pet egy 1000 darabos kirak\u00f3sb\u00f3l, az elm\u00e9d &#8222;alfa&#8221; \u00e1llapotba ker\u00fcl, mint amikor \u00e1lmodsz. Ez a csod\u00e1latos \u00e9rz\u00e9s m\u00e1s el\u0151ny\u00f6kkel is j\u00e1r az \u00d6n sz\u00e1m\u00e1ra:<\/span><\/p>\n<ul>\n<li><span style=\"font-weight: 400\">Jav\u00edtja a hangulatot.<\/span><\/li>\n<li><span style=\"font-weight: 400\">El\u0151seg\u00edti a m\u00e9ly agyi kapcsolatokat.<\/span><\/li>\n<li><span style=\"font-weight: 400\">N\u00f6veli az \u00f6nbizalm\u00e1t.<\/span><\/li>\n<li><span style=\"font-weight: 400\">Megszabad\u00edt a stresszt\u0151l \u00e9s a szorong\u00e1st\u00f3l.<\/span><\/li>\n<\/ul>\n<p><strong>Albert Bredow egy tehets\u00e9ges t\u00e1jk\u00e9pfest\u0151, akinek ismeretlen az \u00e9lete<\/strong><\/p>\n<p><span style=\"font-weight: 400\">Albert Bredow \u00e9let\u00e9r\u0151l \u00e9s munk\u00e1ss\u00e1g\u00e1r\u00f3l keveset tudunk. Megmaradtak azonban \u00e9rt\u00e9kes festm\u00e9nyek \u00e9s illusztr\u00e1ci\u00f3k az \u00e9let\u00e9ben k\u00e9sz\u00fclt kiemelked\u0151 sz\u00ednh\u00e1zi d\u00edszletekr\u0151l. \u00cdme 6 t\u00e9ny err\u0151l a n\u00e9met-orosz fest\u0151r\u0151l:<\/span><\/p>\n<p><span style=\"font-weight: 400\">1. 1828-ban sz\u00fcletett N\u00e9metorsz\u00e1gban, t\u00e1jk\u00e9pfest\u0151, litogr\u00e1fus \u00e9s d\u00edszlettervez\u0151 volt.<\/span><\/p>\n<p><span style=\"font-weight: 400\">2. N\u00e9metorsz\u00e1gi sz\u00fclet\u00e9si hely\u00e9r\u0151l vagy itteni m\u0171v\u00e9szeti tanulm\u00e1nyair\u00f3l nem sokat tudunk. Ismeretes azonban, hogy a p\u00e9terv\u00e1ri Cs\u00e1sz\u00e1ri M\u0171v\u00e9szeti Akad\u00e9mi\u00e1n tanult.<\/span><\/p>\n<p><span style=\"font-weight: 400\">3. D\u00edszlettervez\u0151k\u00e9nt dolgozott Rig\u00e1ban \u00e9s Tallinnban, valamint d\u00edszlettervez\u0151k\u00e9nt p\u00e9terv\u00e1ri \u00e9s moszkvai sz\u00ednh\u00e1zakban.<\/span><\/p>\n<p><span style=\"font-weight: 400\">4. N\u00e9met, lett \u00e9s orosz t\u00e1jk\u00e9peket festett.<\/span><\/p>\n<p><span style=\"font-weight: 400\">5. A munka <\/span><em><span style=\"font-weight: 400\">Romantikus t\u00e9li t\u00e1j, korcsoly\u00e1z\u00f3kkal egy kast\u00e9ly mellett<\/span><\/em><span style=\"font-weight: 400\"> \u00e9lete m\u00e1sodik fel\u00e9ben festette.<\/span><\/p>\n<p><span style=\"font-weight: 400\">6. \u00c9teri t\u00e1jk\u00e9peket \u00e1br\u00e1zol\u00f3 festm\u00e9nyeit az orosz m\u0171v\u00e9szeti kritikusok pozit\u00edvan \u00e9rt\u00e9kelt\u00e9k.<\/span><\/p>\n<p><strong>A m\u0171v\u00e9szeti rejtv\u00e9nyek visszavezetnek \u00f6nmagadhoz<\/strong><\/p>\n<p><span style=\"font-weight: 400\">Szeretne egy kis sz\u00fcnetet tartani a k\u00e9perny\u0151k el\u0151tt? A m\u0171v\u00e9szeti rejtv\u00e9nyek itt vannak, hogy seg\u00edtsenek! Seg\u00edtenek elszakadni a rohan\u00f3 \u00e9s stresszes \u00e9lett\u0151l, \u00e9s egyed\u00fcl\u00e1ll\u00f3 pillanatokat adnak a kikapcsol\u00f3d\u00e1shoz \u00e9s az \u00f6nmagaddal val\u00f3 \u00fajb\u00f3li kapcsolatteremt\u00e9shez <\/span><\/p>\n<p><span style=\"font-weight: 400\">V\u00e1s\u00e1rolja meg az Albert Bredow Art Puzzle &#8211; Romantikus t\u00e9li t\u00e1j korcsoly\u00e1z\u00f3kkal egy kast\u00e9ly mellett c\u00edm\u0171 j\u00e1t\u00e9kot, \u00e9s szerezzen egy klasszikus, pihentet\u0151 \u00e9s sz\u00f3rakoztat\u00f3 tev\u00e9kenys\u00e9get. Ebben az 1000 darabos kirak\u00f3sban a csal\u00e1d \u00e9s a bar\u00e1tok seg\u00edts\u00e9g\u00e9vel \u00fajraalkothatod a k\u00e9pet. Ez a csod\u00e1latos kirak\u00f3s j\u00e1t\u00e9k a monoton est\u00e9ket a boldogs\u00e1g pillanataiv\u00e1 v\u00e1ltoztatja szeretteiddel!<\/span><\/p>\n<p><span style=\"font-weight: 400\">Ha egy kiv\u00e1l\u00f3 aj\u00e1nd\u00e9kot keresel \u00e9leted k\u00fcl\u00f6nleges szem\u00e9ly\u00e9nek, az Albert Bredow Art Puzzle &#8211; Romantikus t\u00e9li t\u00e1j korcsoly\u00e1z\u00f3kkal egy kast\u00e9ly mellett t\u00f6k\u00e9letes v\u00e1laszt\u00e1s <\/span><\/p><\/p>\n","protected":false},"excerpt":{"rendered":"<p>Inspir\u00e1l\u00f3djon Rom\u00e1nia legnagyobb m\u0171v\u00e9szeti rejtv\u00e9nygy\u0171jtem\u00e9ny\u00e9b\u0151l! V\u00e1s\u00e1roljon most 1000 darabos kirak\u00f3s j\u00e1t\u00e9kokat h\u00edres festm\u00e9nyek k\u00e9peivel, rakja \u00f6ssze, keretezze be \u0151ket, \u00e9s<\/p>\n","protected":false},"featured_media":63665,"template":"","meta":[],"product_brand":[],"product_cat":[1920,1919,1881],"product_tag":[],"class_list":{"0":"post-39877","1":"product","2":"type-product","3":"status-publish","4":"has-post-thumbnail","6":"product_cat-1000-darabos-kirakos-jatek","7":"product_cat-felnott-kirakos-jatekok","8":"product_cat-kirakos-jatekok","9":"pa_brand-d_toys-hu","10":"pa_country_of_manufacture-ro-hu","11":"pa_filter_age-14-hu","12":"pa_tip_ambalaj-doboz","13":"pa_tip_puzzle-klasszikus","15":"first","16":"instock","17":"taxable","18":"shipping-taxable","19":"product-type-simple"},"yoast_head":"<!-- This site is optimized with the Yoast SEO plugin v20.1 - https:\/\/yoast.com\/wordpress\/plugins\/seo\/ -->\n<title>Albert Bredow 1000 darabos feln\u0151tt puzzle - Romantikus t\u00e9li t\u00e1j, korcsoly\u00e1z\u00f3kkal egy kast\u00e9lyn\u00e1l<\/title>\n<meta name=\"description\" content=\"Albert Bredow 1000 darabos feln\u0151tt puzzle - Romantikus t\u00e9li t\u00e1j, korcsoly\u00e1z\u00f3kkal egy kast\u00e9lyn\u00e1l\" \/>\n<meta name=\"robots\" content=\"index, follow, max-snippet:-1, max-image-preview:large, max-video-preview:-1\" \/>\n<link rel=\"canonical\" href=\"https:\/\/business.roovi.com\/hu\/albert-bredow-1000-darabos-felnott-puzzle-romantikus-teli-taj-korcsolyazokkal-egy-kastelynal\/p\/\" \/>\n<meta property=\"og:locale\" content=\"hu_HU\" \/>\n<meta property=\"og:type\" content=\"article\" \/>\n<meta property=\"og:title\" content=\"Albert Bredow 1000 darabos feln\u0151tt puzzle - Romantikus t\u00e9li t\u00e1j, korcsoly\u00e1z\u00f3kkal egy kast\u00e9lyn\u00e1l\" \/>\n<meta property=\"og:description\" content=\"Albert Bredow 1000 darabos feln\u0151tt puzzle - Romantikus t\u00e9li t\u00e1j, korcsoly\u00e1z\u00f3kkal egy kast\u00e9lyn\u00e1l\" \/>\n<meta property=\"og:url\" content=\"https:\/\/business.roovi.com\/hu\/albert-bredow-1000-darabos-felnott-puzzle-romantikus-teli-taj-korcsolyazokkal-egy-kastelynal\/p\/\" \/>\n<meta property=\"og:site_name\" content=\"Roovi B2B\" \/>\n<meta property=\"article:publisher\" content=\"https:\/\/www.facebook.com\/wwwjucariero\" \/>\n<meta property=\"article:modified_time\" content=\"2022-07-06T13:54:39+00:00\" \/>\n<meta property=\"og:image\" content=\"https:\/\/business.roovi.com\/wp-content\/uploads\/2019\/05\/puzzle_1000_albert_bredow_romantic_winter_landscape-75697_br01.jpg\" \/>\n\t<meta property=\"og:image:width\" content=\"1000\" \/>\n\t<meta property=\"og:image:height\" content=\"1000\" \/>\n\t<meta property=\"og:image:type\" content=\"image\/jpeg\" \/>\n<meta name=\"twitter:label1\" content=\"Becs\u00fclt olvas\u00e1si id\u0151\" \/>\n\t<meta name=\"twitter:data1\" content=\"4 perc\" \/>\n<script type=\"application\/ld+json\" class=\"yoast-schema-graph\">{\"@context\":\"https:\/\/schema.org\",\"@graph\":[{\"@type\":\"WebPage\",\"@id\":\"https:\/\/business.roovi.com\/hu\/albert-bredow-1000-darabos-felnott-puzzle-romantikus-teli-taj-korcsolyazokkal-egy-kastelynal\/p\/\",\"url\":\"https:\/\/business.roovi.com\/hu\/albert-bredow-1000-darabos-felnott-puzzle-romantikus-teli-taj-korcsolyazokkal-egy-kastelynal\/p\/\",\"name\":\"Albert Bredow 1000 darabos feln\u0151tt puzzle - Romantikus t\u00e9li t\u00e1j, korcsoly\u00e1z\u00f3kkal egy kast\u00e9lyn\u00e1l\",\"isPartOf\":{\"@id\":\"https:\/\/business.roovi.com\/hu\/#website\"},\"datePublished\":\"2019-05-09T10:56:47+00:00\",\"dateModified\":\"2022-07-06T13:54:39+00:00\",\"description\":\"Albert Bredow 1000 darabos feln\u0151tt puzzle - Romantikus t\u00e9li t\u00e1j, korcsoly\u00e1z\u00f3kkal egy kast\u00e9lyn\u00e1l\",\"breadcrumb\":{\"@id\":\"https:\/\/business.roovi.com\/hu\/albert-bredow-1000-darabos-felnott-puzzle-romantikus-teli-taj-korcsolyazokkal-egy-kastelynal\/p\/#breadcrumb\"},\"inLanguage\":\"hu\",\"potentialAction\":[{\"@type\":\"ReadAction\",\"target\":[\"https:\/\/business.roovi.com\/hu\/albert-bredow-1000-darabos-felnott-puzzle-romantikus-teli-taj-korcsolyazokkal-egy-kastelynal\/p\/\"]}]},{\"@type\":\"BreadcrumbList\",\"@id\":\"https:\/\/business.roovi.com\/hu\/albert-bredow-1000-darabos-felnott-puzzle-romantikus-teli-taj-korcsolyazokkal-egy-kastelynal\/p\/#breadcrumb\",\"itemListElement\":[{\"@type\":\"ListItem\",\"position\":1,\"name\":\"Home\",\"item\":\"https:\/\/business.roovi.com\/hu\/\"},{\"@type\":\"ListItem\",\"position\":2,\"name\":\"Shop\",\"item\":\"https:\/\/business.roovi.com\/hu\/shop\/\"},{\"@type\":\"ListItem\",\"position\":3,\"name\":\"Albert Bredow 1000 darabos feln\u0151tt puzzle &#8211; Romantikus t\u00e9li t\u00e1j, korcsoly\u00e1z\u00f3kkal egy kast\u00e9lyn\u00e1l\"}]},{\"@type\":\"WebSite\",\"@id\":\"https:\/\/business.roovi.com\/hu\/#website\",\"url\":\"https:\/\/business.roovi.com\/hu\/\",\"name\":\"Roovi B2B\",\"description\":\"Roovi Business Website\",\"potentialAction\":[{\"@type\":\"SearchAction\",\"target\":{\"@type\":\"EntryPoint\",\"urlTemplate\":\"https:\/\/business.roovi.com\/hu\/?s={search_term_string}\"},\"query-input\":\"required name=search_term_string\"}],\"inLanguage\":\"hu\"}]}<\/script>\n<!-- \/ Yoast SEO plugin. -->","yoast_head_json":{"title":"Albert Bredow 1000 darabos feln\u0151tt puzzle - Romantikus t\u00e9li t\u00e1j, korcsoly\u00e1z\u00f3kkal egy kast\u00e9lyn\u00e1l","description":"Albert Bredow 1000 darabos feln\u0151tt puzzle - Romantikus t\u00e9li t\u00e1j, korcsoly\u00e1z\u00f3kkal egy kast\u00e9lyn\u00e1l","robots":{"index":"index","follow":"follow","max-snippet":"max-snippet:-1","max-image-preview":"max-image-preview:large","max-video-preview":"max-video-preview:-1"},"canonical":"https:\/\/business.roovi.com\/hu\/albert-bredow-1000-darabos-felnott-puzzle-romantikus-teli-taj-korcsolyazokkal-egy-kastelynal\/p\/","og_locale":"hu_HU","og_type":"article","og_title":"Albert Bredow 1000 darabos feln\u0151tt puzzle - Romantikus t\u00e9li t\u00e1j, korcsoly\u00e1z\u00f3kkal egy kast\u00e9lyn\u00e1l","og_description":"Albert Bredow 1000 darabos feln\u0151tt puzzle - Romantikus t\u00e9li t\u00e1j, korcsoly\u00e1z\u00f3kkal egy kast\u00e9lyn\u00e1l","og_url":"https:\/\/business.roovi.com\/hu\/albert-bredow-1000-darabos-felnott-puzzle-romantikus-teli-taj-korcsolyazokkal-egy-kastelynal\/p\/","og_site_name":"Roovi B2B","article_publisher":"https:\/\/www.facebook.com\/wwwjucariero","article_modified_time":"2022-07-06T13:54:39+00:00","og_image":[{"width":1000,"height":1000,"url":"https:\/\/business.roovi.com\/wp-content\/uploads\/2019\/05\/puzzle_1000_albert_bredow_romantic_winter_landscape-75697_br01.jpg","type":"image\/jpeg"}],"twitter_misc":{"Becs\u00fclt olvas\u00e1si id\u0151":"4 perc"},"schema":{"@context":"https:\/\/schema.org","@graph":[{"@type":"WebPage","@id":"https:\/\/business.roovi.com\/hu\/albert-bredow-1000-darabos-felnott-puzzle-romantikus-teli-taj-korcsolyazokkal-egy-kastelynal\/p\/","url":"https:\/\/business.roovi.com\/hu\/albert-bredow-1000-darabos-felnott-puzzle-romantikus-teli-taj-korcsolyazokkal-egy-kastelynal\/p\/","name":"Albert Bredow 1000 darabos feln\u0151tt puzzle - Romantikus t\u00e9li t\u00e1j, korcsoly\u00e1z\u00f3kkal egy kast\u00e9lyn\u00e1l","isPartOf":{"@id":"https:\/\/business.roovi.com\/hu\/#website"},"datePublished":"2019-05-09T10:56:47+00:00","dateModified":"2022-07-06T13:54:39+00:00","description":"Albert Bredow 1000 darabos feln\u0151tt puzzle - Romantikus t\u00e9li t\u00e1j, korcsoly\u00e1z\u00f3kkal egy kast\u00e9lyn\u00e1l","breadcrumb":{"@id":"https:\/\/business.roovi.com\/hu\/albert-bredow-1000-darabos-felnott-puzzle-romantikus-teli-taj-korcsolyazokkal-egy-kastelynal\/p\/#breadcrumb"},"inLanguage":"hu","potentialAction":[{"@type":"ReadAction","target":["https:\/\/business.roovi.com\/hu\/albert-bredow-1000-darabos-felnott-puzzle-romantikus-teli-taj-korcsolyazokkal-egy-kastelynal\/p\/"]}]},{"@type":"BreadcrumbList","@id":"https:\/\/business.roovi.com\/hu\/albert-bredow-1000-darabos-felnott-puzzle-romantikus-teli-taj-korcsolyazokkal-egy-kastelynal\/p\/#breadcrumb","itemListElement":[{"@type":"ListItem","position":1,"name":"Home","item":"https:\/\/business.roovi.com\/hu\/"},{"@type":"ListItem","position":2,"name":"Shop","item":"https:\/\/business.roovi.com\/hu\/shop\/"},{"@type":"ListItem","position":3,"name":"Albert Bredow 1000 darabos feln\u0151tt puzzle &#8211; Romantikus t\u00e9li t\u00e1j, korcsoly\u00e1z\u00f3kkal egy kast\u00e9lyn\u00e1l"}]},{"@type":"WebSite","@id":"https:\/\/business.roovi.com\/hu\/#website","url":"https:\/\/business.roovi.com\/hu\/","name":"Roovi B2B","description":"Roovi Business Website","potentialAction":[{"@type":"SearchAction","target":{"@type":"EntryPoint","urlTemplate":"https:\/\/business.roovi.com\/hu\/?s={search_term_string}"},"query-input":"required name=search_term_string"}],"inLanguage":"hu"}]}},"_links":{"self":[{"href":"https:\/\/business.roovi.com\/hu\/wp-json\/wp\/v2\/product\/39877","targetHints":{"allow":["GET"]}}],"collection":[{"href":"https:\/\/business.roovi.com\/hu\/wp-json\/wp\/v2\/product"}],"about":[{"href":"https:\/\/business.roovi.com\/hu\/wp-json\/wp\/v2\/types\/product"}],"version-history":[{"count":0,"href":"https:\/\/business.roovi.com\/hu\/wp-json\/wp\/v2\/product\/39877\/revisions"}],"wp:featuredmedia":[{"embeddable":true,"href":"https:\/\/business.roovi.com\/hu\/wp-json\/wp\/v2\/media\/63665"}],"wp:attachment":[{"href":"https:\/\/business.roovi.com\/hu\/wp-json\/wp\/v2\/media?parent=39877"}],"wp:term":[{"taxonomy":"product_brand","embeddable":true,"href":"https:\/\/business.roovi.com\/hu\/wp-json\/wp\/v2\/product_brand?post=39877"},{"taxonomy":"product_cat","embeddable":true,"href":"https:\/\/business.roovi.com\/hu\/wp-json\/wp\/v2\/product_cat?post=39877"},{"taxonomy":"product_tag","embeddable":true,"href":"https:\/\/business.roovi.com\/hu\/wp-json\/wp\/v2\/product_tag?post=39877"}],"curies":[{"name":"wp","href":"https:\/\/api.w.org\/{rel}","templated":true}]}}