{"id":39881,"date":"2019-05-09T10:09:59","date_gmt":"2019-05-09T10:09:59","guid":{"rendered":"https:\/\/business.roovi.com\/puzzle-adulti-1000-piese-jean-beraud-apres-loffice-a-leglise-de-la-sainte-trinite\/p\/"},"modified":"2022-07-06T13:54:45","modified_gmt":"2022-07-06T13:54:45","slug":"1000-darab-felnott-puzzle-jean-beraud-a-szentharomsag-templomban-tartott-istentisztelet-utan","status":"publish","type":"product","link":"https:\/\/business.roovi.com\/hu\/1000-darab-felnott-puzzle-jean-beraud-a-szentharomsag-templomban-tartott-istentisztelet-utan\/p\/","title":{"rendered":"1000 darab feln\u0151tt puzzle Jean B\u00e9raud &#8211; A Szenth\u00e1roms\u00e1g-templomban tartott istentisztelet ut\u00e1n"},"content":{"rendered":"<p><span style=\"font-weight: 400\">\u00dagy \u00e9rzi, hogy el kell szakadnia a k\u00e9perny\u0151kt\u0151l? Rakj \u00f6ssze m\u0171v\u00e9szeti rejtv\u00e9nyeket, \u00e9s adj \u00e9rt\u00e9ket a szabadid\u0151dnek. H\u00edres festm\u00e9nyek k\u00e9peit \u00e1ll\u00edthatod \u00fajra el\u0151: Mona Lisa, Ophelia, V\u00e9nusz sz\u00fclet\u00e9se \u00e9s m\u00e9g sok m\u00e1s 1000 darabos kirak\u00f3sb\u00f3l. V\u00e1lassza ki most kedvenc m\u0171veit, \u00e9s \u00e9p\u00edtsen \u00fajra igazi remekm\u0171veket saj\u00e1t kez\u0171leg!<\/span><\/p>\n<p><span style=\"font-weight: 400\">Az 1000 darabos feln\u0151tt puzzle Jean B\u00e9raud &#8211; Apr\u00e8s L&#8217;office \u00e0 L&#8217;\u00e9glise de la Sainte Trinit\u00e9 a 19. sz\u00e1zadi P\u00e1rizs eleganci\u00e1j\u00e1nak \u00e9s kifinomults\u00e1g\u00e1nak szinte egy kis darabj\u00e1t hozza el \u00d6nnek. Finom kab\u00e1tos f\u00e9rfiak, eleg\u00e1nsan \u00f6lt\u00f6z\u00f6tt gyerekek, dr\u00e1ga sz\u0151rm\u00e9t \u00e9s csipkef\u00e1tylat visel\u0151 h\u00f6lgyek j\u00f6ttek ki a kar\u00e1csonyi mis\u00e9r\u0151l a p\u00e1rizsi amerikai katedr\u00e1lisban. A b\u0151s\u00e9ggel \u00e9s kifinomults\u00e1ggal teli eleg\u00e1ns l\u00e9gk\u00f6r gy\u00f6ny\u00f6rk\u00f6dteti \u00e9rz\u00e9keit ezzel a gy\u00f6ny\u00f6r\u0171 m\u0171v\u00e9szi kirak\u00f3val.<\/span><\/p>\n<p><span style=\"font-weight: 400\">A Jean B\u00e9raud fest\u0151 h\u00edres festm\u00e9ny\u00e9nek k\u00e9p\u00e9t egy klasszikus doh\u00e1nyz\u00f3asztal seg\u00edts\u00e9g\u00e9vel \u00e1ll\u00edthatod \u00fajra el\u0151, amely az 1000 kirak\u00f3s darabot tartja. A m\u0171alkot\u00e1s m\u00e9rete 50 x 70 cm.<\/span><\/p>\n<p><span style=\"font-weight: 400\">Olvasson t\u00f6bbet a Jean B\u00e9raud &#8211; Apr\u00e8s L&#8217;office \u00e0 L&#8217;\u00e9glise de la Sainte Trinit\u00e9 m\u0171v\u00e9szeti kirak\u00f3r\u00f3l az al\u00e1bbiakban:<\/span><\/p>\n<p><strong>Puzzle anyag <\/strong><\/p>\n<p><strong>kiv\u00e1l\u00f3 min\u0151s\u00e9g\u0171 k\u00e9k karton<\/strong><\/p>\n<p><strong>fenntarthat\u00f3, \u00fajrahasznos\u00edthat\u00f3 anyagok<\/strong><\/p>\n<p><strong>f\u00e9lf\u00e9nyes kivitel, \u00e9l\u00e9nk sz\u00ednek<\/strong><\/p>\n<p><strong>A kirak\u00f3s darabok sz\u00e1ma: 1000<\/strong><\/p>\n<p><strong>Aj\u00e1nlott \u00e9letkor: 14+<\/strong><\/p>\n<p><strong>4 k\u00e9szs\u00e9g puzzle j\u00e1t\u00e9kok fejleszt\u00e9se<\/strong><\/p>\n<p><strong>Kitart\u00e1s<\/strong><span style=\"font-weight: 400\">. Fogadd el a kih\u00edv\u00e1st, rakd \u00f6ssze a feln\u0151tteknek val\u00f3 kirak\u00f3sokat, \u00e9s ne add fel, m\u00e9g akkor sem, ha n\u00e9ha \u00fagy t\u0171nik, nem tal\u00e1lod a megfelel\u0151 darabokat. T\u00fcrelemmel \u00e9s b\u00e1tors\u00e1ggal siker\u00fclni fog, \u00e9s az el\u00e9gedetts\u00e9g ann\u00e1l nagyobb lesz. Ez a k\u00e9pz\u00e9s m\u00e1s neh\u00e9z feladatok megold\u00e1s\u00e1ban is seg\u00edt.<\/span><\/p>\n<p><strong>Figyelem a r\u00e9szletekre.<\/strong><span style=\"font-weight: 400\"> Egy 1000 darabos puzzle k\u00e9peit \u00f6sszerakni neh\u00e9z munka, \u00e9s gondos odafigyel\u00e9st ig\u00e9nyel. M\u00e9g ha eleinte nincs is sasszemed, ez a k\u00e9pess\u00e9ged id\u0151vel fejl\u0151dni fog. \u00c9s ez ann\u00e1l is jobb, mert ugyanolyan \u00e9ber tudsz majd lenni olyan alkalmakkor is, amelyek megk\u00f6vetelik a figyelmedet a r\u00e9szletekre.<\/span><\/p>\n<p><strong>Csapatszellem.<\/strong><span style=\"font-weight: 400\"> A rejtv\u00e9nyj\u00e1t\u00e9kok ann\u00e1l sz\u00f3rakoztat\u00f3bbak, min\u00e9l t\u00f6bb embert vonnak be. Ily m\u00f3don az emberek jobban megismerik egym\u00e1st, hat\u00e9kony kapcsolatot \u00e9s kommunik\u00e1ci\u00f3t alak\u00edtanak ki, \u00e9s kialakul a csapatmunka szelleme. Vonja be gyermekeit vagy bar\u00e1tait ebbe a tev\u00e9kenys\u00e9gbe, \u00e9s k\u00e9sz\u00edtsenek egy\u00fctt remekm\u0171veket.<\/span><\/p>\n<p><strong>Probl\u00e9mamegold\u00f3 k\u00e9szs\u00e9g <\/strong><span style=\"font-weight: 400\">A kirak\u00f3s j\u00e1t\u00e9k olyan, mint egy logikai probl\u00e9ma. Mindig van megold\u00e1s. Sok t\u00fcrelemmel \u00e9s kitart\u00e1ssal minden alkalommal siker\u00fclni fog. Ugyanez fog t\u00f6rt\u00e9nni m\u00e1s helyzetekben is, amelyekkel a mindennapi \u00e9letben tal\u00e1lkozik <\/span><\/p>\n<p><strong>6 t\u00e9ny Jean B\u00e9raud-r\u00f3l \u00e9s a fest\u00e9szetr\u0151l <\/strong><strong><em>Apr\u00e8s L&#8217;office \u00e0 L&#8217;\u00e9glise de la Sainte Trinit\u00e9<\/em><\/strong><\/p>\n<p><span style=\"font-weight: 400\">1. Jean B\u00e9raud Szentp\u00e9terv\u00e1ron sz\u00fcletett, \u00e9s a francia-porosz h\u00e1bor\u00fa el\u0151tt \u00fcgyv\u00e9d akart lenni.<\/span><\/p>\n<p><span style=\"font-weight: 400\">2. Fest\u00e9szeti st\u00edlusa valahol az akad\u00e9mikus \u00e9s az impresszionista m\u0171v\u00e9szet k\u00f6z\u00f6tt helyezkedik el.<\/span><\/p>\n<p><span style=\"font-weight: 400\">3. A m\u0171vet James Gordon Bennett Jr. amerikai \u00fczletember, a sz\u00e9kesegyh\u00e1z egyik befoly\u00e1sos h\u00edv\u0151je rendelte meg.<\/span><\/p>\n<p><span style=\"font-weight: 400\">4. A festm\u00e9ny c\u00e9lja v\u00e9lhet\u0151en a Franciaorsz\u00e1g \u00e9s az Egyes\u00fclt \u00c1llamok k\u00f6z\u00f6tti kult\u00far\u00e1k k\u00f6z\u00f6tti bar\u00e1ts\u00e1g el\u0151mozd\u00edt\u00e1sa volt.<\/span><\/p>\n<p><span style=\"font-weight: 400\">5. B\u00e9raud a 19. sz\u00e1zadi p\u00e1rizsi \u00e9let lelkiismeretes \u00e9s odaad\u00f3 megfigyel\u0151je volt, \u00e9s a p\u00e1rizsi Belle \u00c9poque korszak\u00e1b\u00f3l sz\u00e1rmaz\u00f3 m\u0171vein a modern \u00e9letet \u00e1br\u00e1zolta <\/span><\/p>\n<p><span style=\"font-weight: 400\">6. A festm\u00e9ny 2000-ig a p\u00e1rizsi Amerikai Katedr\u00e1lisban maradt, majd a Carnavalet M\u00fazeumnak adt\u00e1k k\u00f6lcs\u00f6n<\/span><\/p>\n<p><strong>Fedezze fel a h\u00edres festm\u00e9nyek vil\u00e1g\u00e1t m\u0171v\u00e9szeti rejtv\u00e9nyeken kereszt\u00fcl<\/strong><\/p>\n<p><span style=\"font-weight: 400\">A m\u0171v\u00e9szeti rejtv\u00e9nyek nagyszer\u0171 lehet\u0151s\u00e9get ny\u00fajtanak arra, hogy felfedezd a h\u00edres festm\u00e9nyek vil\u00e1g\u00e1t csod\u00e1latos kirak\u00f3s j\u00e1t\u00e9kokon kereszt\u00fcl. Ezen k\u00edv\u00fcl m\u00e1s el\u0151ny\u00f6ket is k\u00edn\u00e1lnak \u00d6nnek, mint p\u00e9ld\u00e1ul:<\/span><\/p>\n<ul>\n<li><span style=\"font-weight: 400\">Ak\u00e1r 30 \u00f3r\u00e1nyi kikapcsol\u00f3d\u00e1st \u00e9s \u00e9lvezetet ny\u00fajt.<\/span><\/li>\n<li><span style=\"font-weight: 400\">Fejleszti az eszt\u00e9tikai \u00e9rz\u00e9ket.<\/span><\/li>\n<li><span style=\"font-weight: 400\">Seg\u00edt saj\u00e1t remekm\u0171veket k\u00e9sz\u00edteni, amelyeket azt\u00e1n bekeretezhet \u00e9s megcsod\u00e1lhat, amikor csak kedve tartja.<\/span><\/li>\n<li><span style=\"font-weight: 400\">Fejleszti a k\u00e9pzel\u0151er\u0151t.<\/span><\/li>\n<\/ul>\n<p><span style=\"font-weight: 400\">V\u00e1s\u00e1roljon most Jean B\u00e9raud &#8211; Apr\u00e8s L&#8217;office \u00e0 L&#8217;\u00e9glise de la Sainte Trinit\u00e9 1000 darabos feln\u0151tt puzzle-t, \u00e9s k\u00e9sz\u00edtsen egy dekorat\u00edv t\u00e1rgyat, amely megsz\u00e9p\u00edti otthon\u00e1t. Ha szeretn\u00e9d kellemesen meglepni a kirak\u00f3s j\u00e1t\u00e9kokat kedvel\u0151 bar\u00e1todat, aj\u00e1nd\u00e9kozd neki ezt a csod\u00e1latos m\u0171v\u00e9szi kirak\u00f3t.<\/span><\/p>\n","protected":false},"excerpt":{"rendered":"<p>\u00dagy \u00e9rzi, hogy el kell szakadnia a k\u00e9perny\u0151kt\u0151l? Rakj \u00f6ssze m\u0171v\u00e9szeti rejtv\u00e9nyeket, \u00e9s adj \u00e9rt\u00e9ket a szabadid\u0151dnek. H\u00edres festm\u00e9nyek k\u00e9peit<\/p>\n","protected":false},"featured_media":63653,"template":"","meta":[],"product_brand":[],"product_cat":[1920,1919,1881],"product_tag":[],"class_list":{"0":"post-39881","1":"product","2":"type-product","3":"status-publish","4":"has-post-thumbnail","6":"product_cat-1000-darabos-kirakos-jatek","7":"product_cat-felnott-kirakos-jatekok","8":"product_cat-kirakos-jatekok","9":"pa_brand-d_toys-hu","10":"pa_country_of_manufacture-ro-hu","11":"pa_filter_age-14-hu","12":"pa_tip_ambalaj-doboz","13":"pa_tip_puzzle-klasszikus","15":"first","16":"instock","17":"taxable","18":"shipping-taxable","19":"product-type-simple"},"yoast_head":"<!-- This site is optimized with the Yoast SEO plugin v20.1 - https:\/\/yoast.com\/wordpress\/plugins\/seo\/ -->\n<title>1000 darab feln\u0151tt puzzle Jean B\u00e9raud - A Szenth\u00e1roms\u00e1g-templomban tartott istentisztelet ut\u00e1n<\/title>\n<meta name=\"description\" content=\"1000 darab feln\u0151tt puzzle Jean B\u00e9raud - A Szenth\u00e1roms\u00e1g-templomban tartott istentisztelet ut\u00e1n\" \/>\n<meta name=\"robots\" content=\"index, follow, max-snippet:-1, max-image-preview:large, max-video-preview:-1\" \/>\n<link rel=\"canonical\" href=\"https:\/\/business.roovi.com\/hu\/1000-darab-felnott-puzzle-jean-beraud-a-szentharomsag-templomban-tartott-istentisztelet-utan\/p\/\" \/>\n<meta property=\"og:locale\" content=\"hu_HU\" \/>\n<meta property=\"og:type\" content=\"article\" \/>\n<meta property=\"og:title\" content=\"1000 darab feln\u0151tt puzzle Jean B\u00e9raud - A Szenth\u00e1roms\u00e1g-templomban tartott istentisztelet ut\u00e1n\" \/>\n<meta property=\"og:description\" content=\"1000 darab feln\u0151tt puzzle Jean B\u00e9raud - A Szenth\u00e1roms\u00e1g-templomban tartott istentisztelet ut\u00e1n\" \/>\n<meta property=\"og:url\" content=\"https:\/\/business.roovi.com\/hu\/1000-darab-felnott-puzzle-jean-beraud-a-szentharomsag-templomban-tartott-istentisztelet-utan\/p\/\" \/>\n<meta property=\"og:site_name\" content=\"Roovi B2B\" \/>\n<meta property=\"article:publisher\" content=\"https:\/\/www.facebook.com\/wwwjucariero\" \/>\n<meta property=\"article:modified_time\" content=\"2022-07-06T13:54:45+00:00\" \/>\n<meta property=\"og:image\" content=\"https:\/\/business.roovi.com\/wp-content\/uploads\/2019\/05\/75741-01_ansamblu_dimensiuni_cutie_cm_orizontal_1200x1200.png\" \/>\n\t<meta property=\"og:image:width\" content=\"1200\" \/>\n\t<meta property=\"og:image:height\" content=\"1200\" \/>\n\t<meta property=\"og:image:type\" content=\"image\/png\" \/>\n<meta name=\"twitter:label1\" content=\"Becs\u00fclt olvas\u00e1si id\u0151\" \/>\n\t<meta name=\"twitter:data1\" content=\"4 perc\" \/>\n<script type=\"application\/ld+json\" class=\"yoast-schema-graph\">{\"@context\":\"https:\/\/schema.org\",\"@graph\":[{\"@type\":\"WebPage\",\"@id\":\"https:\/\/business.roovi.com\/hu\/1000-darab-felnott-puzzle-jean-beraud-a-szentharomsag-templomban-tartott-istentisztelet-utan\/p\/\",\"url\":\"https:\/\/business.roovi.com\/hu\/1000-darab-felnott-puzzle-jean-beraud-a-szentharomsag-templomban-tartott-istentisztelet-utan\/p\/\",\"name\":\"1000 darab feln\u0151tt puzzle Jean B\u00e9raud - A Szenth\u00e1roms\u00e1g-templomban tartott istentisztelet ut\u00e1n\",\"isPartOf\":{\"@id\":\"https:\/\/business.roovi.com\/hu\/#website\"},\"datePublished\":\"2019-05-09T10:09:59+00:00\",\"dateModified\":\"2022-07-06T13:54:45+00:00\",\"description\":\"1000 darab feln\u0151tt puzzle Jean B\u00e9raud - A Szenth\u00e1roms\u00e1g-templomban tartott istentisztelet ut\u00e1n\",\"breadcrumb\":{\"@id\":\"https:\/\/business.roovi.com\/hu\/1000-darab-felnott-puzzle-jean-beraud-a-szentharomsag-templomban-tartott-istentisztelet-utan\/p\/#breadcrumb\"},\"inLanguage\":\"hu\",\"potentialAction\":[{\"@type\":\"ReadAction\",\"target\":[\"https:\/\/business.roovi.com\/hu\/1000-darab-felnott-puzzle-jean-beraud-a-szentharomsag-templomban-tartott-istentisztelet-utan\/p\/\"]}]},{\"@type\":\"BreadcrumbList\",\"@id\":\"https:\/\/business.roovi.com\/hu\/1000-darab-felnott-puzzle-jean-beraud-a-szentharomsag-templomban-tartott-istentisztelet-utan\/p\/#breadcrumb\",\"itemListElement\":[{\"@type\":\"ListItem\",\"position\":1,\"name\":\"Home\",\"item\":\"https:\/\/business.roovi.com\/hu\/\"},{\"@type\":\"ListItem\",\"position\":2,\"name\":\"Shop\",\"item\":\"https:\/\/business.roovi.com\/hu\/shop\/\"},{\"@type\":\"ListItem\",\"position\":3,\"name\":\"1000 darab feln\u0151tt puzzle Jean B\u00e9raud &#8211; A Szenth\u00e1roms\u00e1g-templomban tartott istentisztelet ut\u00e1n\"}]},{\"@type\":\"WebSite\",\"@id\":\"https:\/\/business.roovi.com\/hu\/#website\",\"url\":\"https:\/\/business.roovi.com\/hu\/\",\"name\":\"Roovi B2B\",\"description\":\"Roovi Business Website\",\"potentialAction\":[{\"@type\":\"SearchAction\",\"target\":{\"@type\":\"EntryPoint\",\"urlTemplate\":\"https:\/\/business.roovi.com\/hu\/?s={search_term_string}\"},\"query-input\":\"required name=search_term_string\"}],\"inLanguage\":\"hu\"}]}<\/script>\n<!-- \/ Yoast SEO plugin. -->","yoast_head_json":{"title":"1000 darab feln\u0151tt puzzle Jean B\u00e9raud - A Szenth\u00e1roms\u00e1g-templomban tartott istentisztelet ut\u00e1n","description":"1000 darab feln\u0151tt puzzle Jean B\u00e9raud - A Szenth\u00e1roms\u00e1g-templomban tartott istentisztelet ut\u00e1n","robots":{"index":"index","follow":"follow","max-snippet":"max-snippet:-1","max-image-preview":"max-image-preview:large","max-video-preview":"max-video-preview:-1"},"canonical":"https:\/\/business.roovi.com\/hu\/1000-darab-felnott-puzzle-jean-beraud-a-szentharomsag-templomban-tartott-istentisztelet-utan\/p\/","og_locale":"hu_HU","og_type":"article","og_title":"1000 darab feln\u0151tt puzzle Jean B\u00e9raud - A Szenth\u00e1roms\u00e1g-templomban tartott istentisztelet ut\u00e1n","og_description":"1000 darab feln\u0151tt puzzle Jean B\u00e9raud - A Szenth\u00e1roms\u00e1g-templomban tartott istentisztelet ut\u00e1n","og_url":"https:\/\/business.roovi.com\/hu\/1000-darab-felnott-puzzle-jean-beraud-a-szentharomsag-templomban-tartott-istentisztelet-utan\/p\/","og_site_name":"Roovi B2B","article_publisher":"https:\/\/www.facebook.com\/wwwjucariero","article_modified_time":"2022-07-06T13:54:45+00:00","og_image":[{"width":1200,"height":1200,"url":"https:\/\/business.roovi.com\/wp-content\/uploads\/2019\/05\/75741-01_ansamblu_dimensiuni_cutie_cm_orizontal_1200x1200.png","type":"image\/png"}],"twitter_misc":{"Becs\u00fclt olvas\u00e1si id\u0151":"4 perc"},"schema":{"@context":"https:\/\/schema.org","@graph":[{"@type":"WebPage","@id":"https:\/\/business.roovi.com\/hu\/1000-darab-felnott-puzzle-jean-beraud-a-szentharomsag-templomban-tartott-istentisztelet-utan\/p\/","url":"https:\/\/business.roovi.com\/hu\/1000-darab-felnott-puzzle-jean-beraud-a-szentharomsag-templomban-tartott-istentisztelet-utan\/p\/","name":"1000 darab feln\u0151tt puzzle Jean B\u00e9raud - A Szenth\u00e1roms\u00e1g-templomban tartott istentisztelet ut\u00e1n","isPartOf":{"@id":"https:\/\/business.roovi.com\/hu\/#website"},"datePublished":"2019-05-09T10:09:59+00:00","dateModified":"2022-07-06T13:54:45+00:00","description":"1000 darab feln\u0151tt puzzle Jean B\u00e9raud - A Szenth\u00e1roms\u00e1g-templomban tartott istentisztelet ut\u00e1n","breadcrumb":{"@id":"https:\/\/business.roovi.com\/hu\/1000-darab-felnott-puzzle-jean-beraud-a-szentharomsag-templomban-tartott-istentisztelet-utan\/p\/#breadcrumb"},"inLanguage":"hu","potentialAction":[{"@type":"ReadAction","target":["https:\/\/business.roovi.com\/hu\/1000-darab-felnott-puzzle-jean-beraud-a-szentharomsag-templomban-tartott-istentisztelet-utan\/p\/"]}]},{"@type":"BreadcrumbList","@id":"https:\/\/business.roovi.com\/hu\/1000-darab-felnott-puzzle-jean-beraud-a-szentharomsag-templomban-tartott-istentisztelet-utan\/p\/#breadcrumb","itemListElement":[{"@type":"ListItem","position":1,"name":"Home","item":"https:\/\/business.roovi.com\/hu\/"},{"@type":"ListItem","position":2,"name":"Shop","item":"https:\/\/business.roovi.com\/hu\/shop\/"},{"@type":"ListItem","position":3,"name":"1000 darab feln\u0151tt puzzle Jean B\u00e9raud &#8211; A Szenth\u00e1roms\u00e1g-templomban tartott istentisztelet ut\u00e1n"}]},{"@type":"WebSite","@id":"https:\/\/business.roovi.com\/hu\/#website","url":"https:\/\/business.roovi.com\/hu\/","name":"Roovi B2B","description":"Roovi Business Website","potentialAction":[{"@type":"SearchAction","target":{"@type":"EntryPoint","urlTemplate":"https:\/\/business.roovi.com\/hu\/?s={search_term_string}"},"query-input":"required name=search_term_string"}],"inLanguage":"hu"}]}},"_links":{"self":[{"href":"https:\/\/business.roovi.com\/hu\/wp-json\/wp\/v2\/product\/39881","targetHints":{"allow":["GET"]}}],"collection":[{"href":"https:\/\/business.roovi.com\/hu\/wp-json\/wp\/v2\/product"}],"about":[{"href":"https:\/\/business.roovi.com\/hu\/wp-json\/wp\/v2\/types\/product"}],"version-history":[{"count":0,"href":"https:\/\/business.roovi.com\/hu\/wp-json\/wp\/v2\/product\/39881\/revisions"}],"wp:featuredmedia":[{"embeddable":true,"href":"https:\/\/business.roovi.com\/hu\/wp-json\/wp\/v2\/media\/63653"}],"wp:attachment":[{"href":"https:\/\/business.roovi.com\/hu\/wp-json\/wp\/v2\/media?parent=39881"}],"wp:term":[{"taxonomy":"product_brand","embeddable":true,"href":"https:\/\/business.roovi.com\/hu\/wp-json\/wp\/v2\/product_brand?post=39881"},{"taxonomy":"product_cat","embeddable":true,"href":"https:\/\/business.roovi.com\/hu\/wp-json\/wp\/v2\/product_cat?post=39881"},{"taxonomy":"product_tag","embeddable":true,"href":"https:\/\/business.roovi.com\/hu\/wp-json\/wp\/v2\/product_tag?post=39881"}],"curies":[{"name":"wp","href":"https:\/\/api.w.org\/{rel}","templated":true}]}}