{"id":39885,"date":"2019-05-09T10:03:32","date_gmt":"2019-05-09T10:03:32","guid":{"rendered":"https:\/\/business.roovi.com\/puzzle-adulti-1000-piese-konstantin-makovsky-a-boyar-wedding-feast\/p\/"},"modified":"2022-07-06T13:54:51","modified_gmt":"2022-07-06T13:54:51","slug":"1000-darab-konstantin-makovsky-felnott-puzzle-a-boyar-eskuvoi-lakoma","status":"publish","type":"product","link":"https:\/\/business.roovi.com\/hu\/1000-darab-konstantin-makovsky-felnott-puzzle-a-boyar-eskuvoi-lakoma\/p\/","title":{"rendered":"1000 darab Konstantin Makovsky feln\u0151tt puzzle &#8211; A Boyar esk\u00fcv\u0151i lakoma"},"content":{"rendered":"<p><span style=\"font-weight: 400\">Leny\u0171g\u00f6znek a h\u00edres festm\u00e9nyek? V\u00e1lasszon 1000 darabot Rom\u00e1nia legnagyobb m\u0171v\u00e9szeti rejtv\u00e9nyk\u00edn\u00e1lat\u00e1b\u00f3l, \u00e9s fejtse meg a vil\u00e1g legh\u00edresebb festm\u00e9nyeinek rejt\u00e9lyeit.<\/span><\/p>\n<p><span style=\"font-weight: 400\">A Konstantin Makovsky &#8211; A Boyar Wedding Feast 1000 darabos puzzle egy 17. sz\u00e1zadi orosz boj\u00e1ri esk\u00fcv\u0151t \u00e1br\u00e1zol\u00f3, azonos c\u00edm\u0171 festm\u00e9nyt tartalmaz. A karakterek sokas\u00e1ga, valamint a ruh\u00e1zat r\u00e9szletei kih\u00edv\u00e1st jelentenek a puzzle-rajong\u00f3k sz\u00e1m\u00e1ra, de ha egyszer elkezded kirakni a darabokat, nem tudod abbahagyni, am\u00edg be nem fejezed a munk\u00e1t. Az 1000 darabos kirak\u00f3t\u00e1bl\u00e1val megel\u00e9gedhetsz azzal, hogy saj\u00e1t m\u0171alkot\u00e1sodat alkottad meg.<\/span><\/p>\n<p><span style=\"font-weight: 400\">A darabok al\u00e1t\u00e1maszt\u00e1s\u00e1ra \u00e9s az \u00f6sszeszerel\u00e9shez haszn\u00e1lhat egy hagyom\u00e1nyos doh\u00e1nyz\u00f3asztalt. A rekonstru\u00e1lt k\u00e9p m\u00e9rete 50 x 70 cm.<\/span><\/p>\n<p><span style=\"font-weight: 400\">Az 1000 darabos Konstantin Makovsky &#8211; A Boyar Wedding Feast egy\u00e9b jellemz\u0151i:<\/span><\/p>\n<p><strong>Puzzle anyag <\/strong><\/p>\n<p><strong>kiv\u00e1l\u00f3 min\u0151s\u00e9g\u0171 k\u00e9k karton<\/strong><\/p>\n<p><strong>fenntarthat\u00f3, \u00fajrahasznos\u00edthat\u00f3 anyagok<\/strong><\/p>\n<p><strong>f\u00e9lf\u00e9nyes kivitel, \u00e9l\u00e9nk sz\u00ednek<\/strong><\/p>\n<p><strong>A kirak\u00f3s darabok sz\u00e1ma: 1000<\/strong><\/p>\n<p><strong>Aj\u00e1nlott \u00e9letkor: 14+<\/strong><\/p>\n<p><strong>Milyen k\u00e9pess\u00e9geket fejlesztenek a kirak\u00f3s j\u00e1t\u00e9kok?<\/strong><\/p>\n<p><span style=\"font-weight: 400\">A feln\u0151tteknek sz\u00f3l\u00f3 rejtv\u00e9nyek kikapcsol\u00f3d\u00e1st, de egyben fejl\u0151d\u00e9st is jelentenek. Ha egyszer bel\u00e9psz a rejtv\u00e9nyek vil\u00e1g\u00e1ba, \u00e9lvezheted a rejtv\u00e9nyek \u00e1ltal ny\u00fajtott \u00f6sszes el\u0151nyt. \u00cdme n\u00e9h\u00e1ny k\u00e9szs\u00e9g, amelyet az 1000 darabos kirak\u00f3knak k\u00f6sz\u00f6nhet\u0151en fejleszthetsz:<\/span><\/p>\n<p><strong>Mem\u00f3ria &#8211;<\/strong><span style=\"font-weight: 400\"> a kirak\u00f3s j\u00e1t\u00e9kokban meg kell jegyezni a darabokat, a sz\u00edneket vagy az 1000 darab egym\u00e1shoz illeszked\u0151 hely\u00e9t.<\/span><\/p>\n<p><strong>Figyelem a r\u00e9szletekre &#8211; <\/strong><span style=\"font-weight: 400\">minden egyes 1000 darabos kirak\u00f3s j\u00e1t\u00e9kn\u00e1l gyakorolod a r\u00e9szletekre val\u00f3 odafigyel\u00e9st, \u00e9s ahogy egyre t\u00f6bbet raksz \u00f6ssze, a figyelmed egyre \u00e9lesebb\u00e9 \u00e9s \u00e9lesebb\u00e9 v\u00e1lik.<\/span><\/p>\n<p><strong>Koncentr\u00e1ci\u00f3s k\u00e9pess\u00e9g &#8211; <\/strong><span style=\"font-weight: 400\">egy 1000 darabos kirak\u00f3sb\u00f3l egy k\u00e9pet \u00f6sszerakni m\u00e9lyen koncentr\u00e1lsz, olyan m\u00e9lyen, hogy \u00e9szre sem veszed, mikor teltek el \u00f3r\u00e1k.<\/span><\/p>\n<p><strong>Kitart\u00e1s <\/strong><span style=\"font-weight: 400\">&#8211; nem k\u00f6nny\u0171 kitart\u00f3nak lenni \u00e9s apr\u00f3l\u00e9kosan dolgozni a v\u00e9gs\u0151kig. A kirak\u00f3s j\u00e1t\u00e9k ezt a k\u00e9pess\u00e9get edzi, \u00e9s az el\u00e9gedetts\u00e9g, amit az 1000 kirak\u00f3s darabb\u00f3l \u00f6sszerakott k\u00e9p okoz, felbecs\u00fclhetetlen, \u00e9s ennek k\u00f6sz\u00f6nhet\u0151.<\/span><\/p>\n<p><strong>K\u00e9pzelet &#8211; <\/strong><span style=\"font-weight: 400\">igazi detekt\u00edvnek \u00e9rzed magad, amikor egy 1000 darabos kirak\u00f3sb\u00f3l \u00f6sszeraksz egy k\u00e9pet. R\u00e1ad\u00e1sul minden k\u00e9pnek megvan a maga t\u00f6rt\u00e9nete, legyen sz\u00f3 m\u0171v\u00e9szeti k\u00e9pr\u0151l, t\u00e1jk\u00e9pr\u0151l vagy turisztikai l\u00e1tv\u00e1nyoss\u00e1gr\u00f3l.<\/span><\/p>\n<p><strong>Tudt\u00e1l Konsztantyin Makovszkijr\u00f3l?<\/strong><\/p>\n<p><span style=\"font-weight: 400\">Orosz realista fest\u0151 volt a 19. sz\u00e1zad v\u00e9g\u00e9n.<\/span><\/p>\n<p><span style=\"font-weight: 400\">A szentp\u00e9terv\u00e1ri M\u0171v\u00e9szeti Akad\u00e9mi\u00e1n tanult, ahonnan diploma n\u00e9lk\u00fcl t\u00e1vozott, mert 13 m\u00e1sik koll\u00e9g\u00e1j\u00e1val egy\u00fctt r\u00e9szt vett az Akad\u00e9mia elleni tiltakoz\u00e1sban.<\/span><\/p>\n<p><span style=\"font-weight: 400\">A festm\u00e9ny  <\/span><em><span style=\"font-weight: 400\">A Boyar esk\u00fcv\u0151i lakoma <\/span><\/em><span style=\"font-weight: 400\">eredetileg egyfajta \u00e9l\u0151 el\u0151ad\u00e1s volt, amelyet a m\u0171v\u00e9sz h\u00e1z\u00e1ban tartottak, aki ilyen kollekt\u00edv sz\u00f3rakoz\u00e1st szervezett, amelyet k\u00e9s\u0151bb festm\u00e9nyekre ford\u00edtottak.<\/span><\/p>\n<p><span style=\"font-weight: 400\">A festm\u00e9nyen l\u00e1that\u00f3 menyasszony Makovszkij feles\u00e9ge.<\/span><\/p>\n<p><span style=\"font-weight: 400\">A m\u0171v\u00e9sz festm\u00e9ny\u00e9n pontosan reproduk\u00e1lja a t\u00f6rt\u00e9nelmi elemeket: a ruh\u00e1k, a b\u00fatorok, a kieg\u00e9sz\u00edt\u0151k \u00e9s \u00e1ltal\u00e1ban a dekor\u00e1ci\u00f3 jellemz\u0151 egy 17. sz\u00e1zadi orosz esk\u00fcv\u0151re<\/span><\/p>\n<p><span style=\"font-weight: 400\">1915-ben halt meg egy szentp\u00e9terv\u00e1ri villamosbalesetben.<\/span><\/p>\n<p><strong>R\u00e1d f\u00e9rne k\u00f6r\u00fclbel\u00fcl 30 \u00f3ra kikapcsol\u00f3d\u00e1s? A m\u0171v\u00e9szeti rejtv\u00e9nyekkel meg lehet szerezni!<\/strong><\/p>\n<p><span style=\"font-weight: 400\">Az 1000 darabos kirak\u00f3sokb\u00f3l \u00f6ssze\u00e1ll\u00edtott k\u00e9pek \u00f6sszerak\u00e1sa remek m\u00f3dja a kikapcsol\u00f3d\u00e1snak. De a h\u00edres festm\u00e9nyek m\u0171v\u00e9szeti rejtv\u00e9nyekb\u0151l val\u00f3 \u00f6ssze\u00e1ll\u00edt\u00e1sa igazi csemege. Minden festm\u00e9nynek megvan a maga t\u00f6rt\u00e9nete \u00e9s var\u00e1zsa. Minden egyes illeszked\u0151 darabbal k\u00f6zelebb ker\u00fclsz a m\u0171alkot\u00e1s rejt\u00e9ly\u00e9nek megfejt\u00e9s\u00e9hez. Ez a tev\u00e9kenys\u00e9g ak\u00e1r 30 \u00f3ra kikapcsol\u00f3d\u00e1st is hozhat. \u00c9s el kell ismerni, hogy nem minden szabadid\u0151s tev\u00e9kenys\u00e9g ennyire \u00f6szt\u00f6nz\u0151!<\/span><\/p>\n<p><span style=\"font-weight: 400\">Ha \u00d6nt leny\u0171g\u00f6zi a m\u0171v\u00e9szet, \u00e9s szereti egy nap ut\u00e1n egy m\u0171alkot\u00e1s el\u0151tt a homlok\u00e1t r\u00e1ncolni, az 1000 <\/span><span style=\"font-weight: 400\">darab Konstantin Makovsky &#8211; Egy boj\u00e1ri lakodalom <\/span><span style=\"font-weight: 400\">ide\u00e1lis az \u00d6n sz\u00e1m\u00e1ra. V\u00e1s\u00e1rolja meg most ezt a csod\u00e1latos m\u0171v\u00e9szeti kirak\u00f3t, rakja \u00f6ssze a k\u00e9pet, \u00e9s \u00e9lvezze a sok \u00f3r\u00e1nyi pihentet\u0151 sz\u00f3rakoz\u00e1st.<\/span><\/p>\n<p><span style=\"font-weight: 400\">Kifogyt\u00e1l az aj\u00e1nd\u00e9k\u00f6tletekb\u0151l? V\u00e1s\u00e1roljon 1000 darabos puzzle-t<\/span><span style=\"font-weight: 400\"> Konstantin Makovsky &#8211; A Boyar esk\u00fcv\u0151i lakoma \u00e9s tedd boldogg\u00e1 szeretteidet!<\/span><\/p>\n","protected":false},"excerpt":{"rendered":"<p>Leny\u0171g\u00f6znek a h\u00edres festm\u00e9nyek? V\u00e1lasszon 1000 darabot Rom\u00e1nia legnagyobb m\u0171v\u00e9szeti rejtv\u00e9nyk\u00edn\u00e1lat\u00e1b\u00f3l, \u00e9s fejtse meg a vil\u00e1g legh\u00edresebb festm\u00e9nyeinek rejt\u00e9lyeit. A<\/p>\n","protected":false},"featured_media":63679,"template":"","meta":[],"product_brand":[],"product_cat":[1920,1919,1881],"product_tag":[],"class_list":{"0":"post-39885","1":"product","2":"type-product","3":"status-publish","4":"has-post-thumbnail","6":"product_cat-1000-darabos-kirakos-jatek","7":"product_cat-felnott-kirakos-jatekok","8":"product_cat-kirakos-jatekok","9":"pa_brand-d_toys-hu","10":"pa_country_of_manufacture-ro-hu","11":"pa_filter_age-14-hu","12":"pa_tip_ambalaj-doboz","13":"pa_tip_puzzle-klasszikus","15":"first","16":"instock","17":"taxable","18":"shipping-taxable","19":"product-type-simple"},"yoast_head":"<!-- This site is optimized with the Yoast SEO plugin v20.1 - https:\/\/yoast.com\/wordpress\/plugins\/seo\/ -->\n<title>1000 darab Konstantin Makovsky feln\u0151tt puzzle - A Boyar esk\u00fcv\u0151i lakoma<\/title>\n<meta name=\"description\" content=\"1000 darab Konstantin Makovsky feln\u0151tt puzzle - A Boyar esk\u00fcv\u0151i lakoma\" \/>\n<meta name=\"robots\" content=\"index, follow, max-snippet:-1, max-image-preview:large, max-video-preview:-1\" \/>\n<link rel=\"canonical\" href=\"https:\/\/business.roovi.com\/hu\/1000-darab-konstantin-makovsky-felnott-puzzle-a-boyar-eskuvoi-lakoma\/p\/\" \/>\n<meta property=\"og:locale\" content=\"hu_HU\" \/>\n<meta property=\"og:type\" content=\"article\" \/>\n<meta property=\"og:title\" content=\"1000 darab Konstantin Makovsky feln\u0151tt puzzle - A Boyar esk\u00fcv\u0151i lakoma\" \/>\n<meta property=\"og:description\" content=\"1000 darab Konstantin Makovsky feln\u0151tt puzzle - A Boyar esk\u00fcv\u0151i lakoma\" \/>\n<meta property=\"og:url\" content=\"https:\/\/business.roovi.com\/hu\/1000-darab-konstantin-makovsky-felnott-puzzle-a-boyar-eskuvoi-lakoma\/p\/\" \/>\n<meta property=\"og:site_name\" content=\"Roovi B2B\" \/>\n<meta property=\"article:publisher\" content=\"https:\/\/www.facebook.com\/wwwjucariero\" \/>\n<meta property=\"article:modified_time\" content=\"2022-07-06T13:54:51+00:00\" \/>\n<meta property=\"og:image\" content=\"https:\/\/business.roovi.com\/wp-content\/uploads\/2019\/05\/75680-01_ansamblu_dimensiuni_cutie_cm_orizontal.png\" \/>\n\t<meta property=\"og:image:width\" content=\"1200\" \/>\n\t<meta property=\"og:image:height\" content=\"1200\" \/>\n\t<meta property=\"og:image:type\" content=\"image\/png\" \/>\n<meta name=\"twitter:label1\" content=\"Becs\u00fclt olvas\u00e1si id\u0151\" \/>\n\t<meta name=\"twitter:data1\" content=\"4 perc\" \/>\n<script type=\"application\/ld+json\" class=\"yoast-schema-graph\">{\"@context\":\"https:\/\/schema.org\",\"@graph\":[{\"@type\":\"WebPage\",\"@id\":\"https:\/\/business.roovi.com\/hu\/1000-darab-konstantin-makovsky-felnott-puzzle-a-boyar-eskuvoi-lakoma\/p\/\",\"url\":\"https:\/\/business.roovi.com\/hu\/1000-darab-konstantin-makovsky-felnott-puzzle-a-boyar-eskuvoi-lakoma\/p\/\",\"name\":\"1000 darab Konstantin Makovsky feln\u0151tt puzzle - A Boyar esk\u00fcv\u0151i lakoma\",\"isPartOf\":{\"@id\":\"https:\/\/business.roovi.com\/hu\/#website\"},\"datePublished\":\"2019-05-09T10:03:32+00:00\",\"dateModified\":\"2022-07-06T13:54:51+00:00\",\"description\":\"1000 darab Konstantin Makovsky feln\u0151tt puzzle - A Boyar esk\u00fcv\u0151i lakoma\",\"breadcrumb\":{\"@id\":\"https:\/\/business.roovi.com\/hu\/1000-darab-konstantin-makovsky-felnott-puzzle-a-boyar-eskuvoi-lakoma\/p\/#breadcrumb\"},\"inLanguage\":\"hu\",\"potentialAction\":[{\"@type\":\"ReadAction\",\"target\":[\"https:\/\/business.roovi.com\/hu\/1000-darab-konstantin-makovsky-felnott-puzzle-a-boyar-eskuvoi-lakoma\/p\/\"]}]},{\"@type\":\"BreadcrumbList\",\"@id\":\"https:\/\/business.roovi.com\/hu\/1000-darab-konstantin-makovsky-felnott-puzzle-a-boyar-eskuvoi-lakoma\/p\/#breadcrumb\",\"itemListElement\":[{\"@type\":\"ListItem\",\"position\":1,\"name\":\"Home\",\"item\":\"https:\/\/business.roovi.com\/hu\/\"},{\"@type\":\"ListItem\",\"position\":2,\"name\":\"Shop\",\"item\":\"https:\/\/business.roovi.com\/hu\/shop\/\"},{\"@type\":\"ListItem\",\"position\":3,\"name\":\"1000 darab Konstantin Makovsky feln\u0151tt puzzle &#8211; A Boyar esk\u00fcv\u0151i lakoma\"}]},{\"@type\":\"WebSite\",\"@id\":\"https:\/\/business.roovi.com\/hu\/#website\",\"url\":\"https:\/\/business.roovi.com\/hu\/\",\"name\":\"Roovi B2B\",\"description\":\"Roovi Business Website\",\"potentialAction\":[{\"@type\":\"SearchAction\",\"target\":{\"@type\":\"EntryPoint\",\"urlTemplate\":\"https:\/\/business.roovi.com\/hu\/?s={search_term_string}\"},\"query-input\":\"required name=search_term_string\"}],\"inLanguage\":\"hu\"}]}<\/script>\n<!-- \/ Yoast SEO plugin. -->","yoast_head_json":{"title":"1000 darab Konstantin Makovsky feln\u0151tt puzzle - A Boyar esk\u00fcv\u0151i lakoma","description":"1000 darab Konstantin Makovsky feln\u0151tt puzzle - A Boyar esk\u00fcv\u0151i lakoma","robots":{"index":"index","follow":"follow","max-snippet":"max-snippet:-1","max-image-preview":"max-image-preview:large","max-video-preview":"max-video-preview:-1"},"canonical":"https:\/\/business.roovi.com\/hu\/1000-darab-konstantin-makovsky-felnott-puzzle-a-boyar-eskuvoi-lakoma\/p\/","og_locale":"hu_HU","og_type":"article","og_title":"1000 darab Konstantin Makovsky feln\u0151tt puzzle - A Boyar esk\u00fcv\u0151i lakoma","og_description":"1000 darab Konstantin Makovsky feln\u0151tt puzzle - A Boyar esk\u00fcv\u0151i lakoma","og_url":"https:\/\/business.roovi.com\/hu\/1000-darab-konstantin-makovsky-felnott-puzzle-a-boyar-eskuvoi-lakoma\/p\/","og_site_name":"Roovi B2B","article_publisher":"https:\/\/www.facebook.com\/wwwjucariero","article_modified_time":"2022-07-06T13:54:51+00:00","og_image":[{"width":1200,"height":1200,"url":"https:\/\/business.roovi.com\/wp-content\/uploads\/2019\/05\/75680-01_ansamblu_dimensiuni_cutie_cm_orizontal.png","type":"image\/png"}],"twitter_misc":{"Becs\u00fclt olvas\u00e1si id\u0151":"4 perc"},"schema":{"@context":"https:\/\/schema.org","@graph":[{"@type":"WebPage","@id":"https:\/\/business.roovi.com\/hu\/1000-darab-konstantin-makovsky-felnott-puzzle-a-boyar-eskuvoi-lakoma\/p\/","url":"https:\/\/business.roovi.com\/hu\/1000-darab-konstantin-makovsky-felnott-puzzle-a-boyar-eskuvoi-lakoma\/p\/","name":"1000 darab Konstantin Makovsky feln\u0151tt puzzle - A Boyar esk\u00fcv\u0151i lakoma","isPartOf":{"@id":"https:\/\/business.roovi.com\/hu\/#website"},"datePublished":"2019-05-09T10:03:32+00:00","dateModified":"2022-07-06T13:54:51+00:00","description":"1000 darab Konstantin Makovsky feln\u0151tt puzzle - A Boyar esk\u00fcv\u0151i lakoma","breadcrumb":{"@id":"https:\/\/business.roovi.com\/hu\/1000-darab-konstantin-makovsky-felnott-puzzle-a-boyar-eskuvoi-lakoma\/p\/#breadcrumb"},"inLanguage":"hu","potentialAction":[{"@type":"ReadAction","target":["https:\/\/business.roovi.com\/hu\/1000-darab-konstantin-makovsky-felnott-puzzle-a-boyar-eskuvoi-lakoma\/p\/"]}]},{"@type":"BreadcrumbList","@id":"https:\/\/business.roovi.com\/hu\/1000-darab-konstantin-makovsky-felnott-puzzle-a-boyar-eskuvoi-lakoma\/p\/#breadcrumb","itemListElement":[{"@type":"ListItem","position":1,"name":"Home","item":"https:\/\/business.roovi.com\/hu\/"},{"@type":"ListItem","position":2,"name":"Shop","item":"https:\/\/business.roovi.com\/hu\/shop\/"},{"@type":"ListItem","position":3,"name":"1000 darab Konstantin Makovsky feln\u0151tt puzzle &#8211; A Boyar esk\u00fcv\u0151i lakoma"}]},{"@type":"WebSite","@id":"https:\/\/business.roovi.com\/hu\/#website","url":"https:\/\/business.roovi.com\/hu\/","name":"Roovi B2B","description":"Roovi Business Website","potentialAction":[{"@type":"SearchAction","target":{"@type":"EntryPoint","urlTemplate":"https:\/\/business.roovi.com\/hu\/?s={search_term_string}"},"query-input":"required name=search_term_string"}],"inLanguage":"hu"}]}},"_links":{"self":[{"href":"https:\/\/business.roovi.com\/hu\/wp-json\/wp\/v2\/product\/39885","targetHints":{"allow":["GET"]}}],"collection":[{"href":"https:\/\/business.roovi.com\/hu\/wp-json\/wp\/v2\/product"}],"about":[{"href":"https:\/\/business.roovi.com\/hu\/wp-json\/wp\/v2\/types\/product"}],"version-history":[{"count":0,"href":"https:\/\/business.roovi.com\/hu\/wp-json\/wp\/v2\/product\/39885\/revisions"}],"wp:featuredmedia":[{"embeddable":true,"href":"https:\/\/business.roovi.com\/hu\/wp-json\/wp\/v2\/media\/63679"}],"wp:attachment":[{"href":"https:\/\/business.roovi.com\/hu\/wp-json\/wp\/v2\/media?parent=39885"}],"wp:term":[{"taxonomy":"product_brand","embeddable":true,"href":"https:\/\/business.roovi.com\/hu\/wp-json\/wp\/v2\/product_brand?post=39885"},{"taxonomy":"product_cat","embeddable":true,"href":"https:\/\/business.roovi.com\/hu\/wp-json\/wp\/v2\/product_cat?post=39885"},{"taxonomy":"product_tag","embeddable":true,"href":"https:\/\/business.roovi.com\/hu\/wp-json\/wp\/v2\/product_tag?post=39885"}],"curies":[{"name":"wp","href":"https:\/\/api.w.org\/{rel}","templated":true}]}}