{"id":39894,"date":"2019-05-09T08:38:37","date_gmt":"2019-05-09T08:38:37","guid":{"rendered":"https:\/\/business.roovi.com\/puzzle-adulti-1000-piese-nature-landscape-canada\/p\/"},"modified":"2022-07-06T13:59:16","modified_gmt":"2022-07-06T13:59:16","slug":"nature-landscape-1000-darabos-felnott-puzzle-kanada","status":"publish","type":"product","link":"https:\/\/business.roovi.com\/hu\/nature-landscape-1000-darabos-felnott-puzzle-kanada\/p\/","title":{"rendered":"Nature Landscape 1000 darabos feln\u0151tt puzzle &#8211; Kanada"},"content":{"rendered":"<p><strong><em>Szeretne n\u00e9h\u00e1ny \u00f3r\u00e1nyi nyugalmat \u00e9s m\u00e9ly relax\u00e1ci\u00f3t? Rakja \u00f6ssze Kanada vadonj\u00e1nak k\u00e9p\u00e9t egy 1000 darabos kirak\u00f3sb\u00f3l, \u00e9s tapasztalja meg a teljes elrugaszkod\u00e1s \u00e1llapot\u00e1t.<\/em><\/strong><\/p>\n<p><span style=\"font-weight: 400\">A Moraine-t\u00f3 k\u00e9pe az 1000 darabos Nature Landscape &#8211; Canada puzzle-ben a nyugalom \u00e9s a pihen\u00e9s \u00e1llapot\u00e1t id\u00e9zi el\u0151. Minden egyes darabbal, amit beillesztesz a k\u00e9pbe, egyre jobban \u00f6sszpontos\u00edtasz, \u00e9s egyre jobban elszakadsz a mindennapokt\u00f3l. \u00c9s az \u00e9rz\u00e9s var\u00e1zslatos. Merj\u00fck megtapasztalni!<\/span><\/p>\n<p><span style=\"font-weight: 400\">A kanadai Moraine-t\u00f3 az orsz\u00e1g egyik legt\u00f6bbet f\u00e9nyk\u00e9pezett l\u00e1tv\u00e1nyoss\u00e1ga. A k\u00f6zeli hegygerincekr\u0151l visszaver\u0151d\u0151 krist\u00e1lytiszta v\u00edz \u00e9s a k\u00f6rnyez\u0151 l\u00e1tv\u00e1nyos term\u00e9szeti t\u00e1j a vil\u00e1g egyik legszebb gleccsertav\u00e1v\u00e1 teszi ezt a tavat.<\/span><\/p>\n<p><span style=\"font-weight: 400\">Ezt a term\u00e9szeti csod\u00e1t a kanadai Banff Nemzeti Parkban tal\u00e1lhat\u00f3 10 Peaks v\u00f6lgye v\u00e9di. A t\u00fcrkizk\u00e9k \u00e9l\u00e9nk \u00e1rnyalatai ny\u00e1ron a gleccserek olvad\u00e1s\u00e1val m\u00e9g intenz\u00edvebb\u00e9 v\u00e1lnak. Az 1000 darabos Nature Landscape Puzzle &#8211; Moraine Lake, Kanada meg\u0151rizte a t\u00f3 t\u00f6k\u00e9letes sz\u00edneit, \u00e9s ahogy \u00f6sszerakod a k\u00e9pet, elk\u00e1pr\u00e1ztat az \u00e1rnyalatok l\u00e1tv\u00e1nya \u00e9s a mesebeli t\u00e1j.<\/span><\/p>\n<p><strong>Mi\u00e9rt v\u00e1lassza az 1000 darabos puzzle-t Moraine Lake, Kanada?<\/strong><\/p>\n<p><span style=\"font-weight: 400\">\u00c1ll\u00edts \u00f6ssze egy 68 x 47 cm-es k\u00e9pet, amely egy \u00e9letre sz\u00f3l\u00f3 k\u00e9pet fog eredm\u00e9nyezni.<\/span><\/p>\n<p><span style=\"font-weight: 400\">A festm\u00e9nyt dekor\u00e1ci\u00f3s t\u00e1rgyk\u00e9nt haszn\u00e1lhatja otthona d\u00edsz\u00edt\u00e9s\u00e9re.<\/span><\/p>\n<p><span style=\"font-weight: 400\">Az 1000 puzzle-darab pontosan van kiv\u00e1gva \u00e9s t\u00f6k\u00e9letesen illeszkedik egym\u00e1shoz, a v\u00e9gs\u0151 k\u00e9p pedig t\u00f6k\u00e9letes.<\/span><\/p>\n<p><span style=\"font-weight: 400\">Kiv\u00e1l\u00f3 min\u0151s\u00e9g\u0171 k\u00e9k kartonb\u00f3l k\u00e9sz\u00fclt, ami t\u00f6bbsz\u00f6ri \u00f6sszeszerel\u00e9s ut\u00e1n is tart\u00f3ss\u00e1 teszi.<\/span><\/p>\n<p><span style=\"font-weight: 400\">Kedves a term\u00e9szethez, \u00fajrahasznos\u00edthat\u00f3 \u00e9s fenntarthat\u00f3 anyagokb\u00f3l k\u00e9sz\u00fclt.<\/span><\/p>\n<p><span style=\"font-weight: 400\">F\u00e9lf\u00e9nyes kivitel\u0171, \u00e9l\u00e9nk sz\u00ednekkel, amelyek kiemelik a t\u00e1j sz\u00e9ps\u00e9g\u00e9t.<\/span><\/p>\n<p><span style=\"font-weight: 400\">14 \u00e9ven fel\u00fcliek sz\u00e1m\u00e1ra alkalmas &#8211; nagyszer\u0171 lehet\u0151s\u00e9g arra, hogy id\u0151t t\u00f6lts\u00f6n tizen\u00e9ves gyermekeivel.<\/span><\/p>\n<p><strong>Tudtad, hogy&#8230;?<\/strong><\/p>\n<p><span style=\"font-weight: 400\">A Moraine-t\u00f3 1885 m\u00e9ter magasan fekszik, \u00e9s a v\u00edzszint \u00e9s a sz\u00ednek j\u00fanius v\u00e9g\u00e9n a legintenz\u00edvebbek.<\/span><\/p>\n<p><span style=\"font-weight: 400\">A t\u00f3 maxim\u00e1lis m\u00e9lys\u00e9ge 15 m\u00e9ter.<\/span><\/p>\n<p><span style=\"font-weight: 400\">A Moraine-t\u00f3 k\u00e9pe az 1969-es \u00e9s 1979-es kanadai 20 doll\u00e1ros bankjegyek h\u00e1toldal\u00e1n is szerepel.<\/span><\/p>\n<p><span style=\"font-weight: 400\">A Banff Nemzeti Parkot 1885-ben hozt\u00e1k l\u00e9tre, \u00e9s Kanada els\u0151 nemzeti parkja, valamint a vil\u00e1g harmadik legnagyobb nemzeti parkja volt.<\/span><\/p>\n<p><span style=\"font-weight: 400\">A nemzeti park hegyei 120 milli\u00f3 \u00e9vesek, \u00e9s m\u00e9g mindig mintegy 1000 gleccsernek adnak otthont.<\/span><\/p>\n<p><span style=\"font-weight: 400\">A l\u00e1tv\u00e1nyos term\u00e9szeti t\u00e1jjal rendelkez\u0151 feln\u0151tt puzzle olyan szabadid\u0151s tev\u00e9kenys\u00e9g, amely t\u00f6bbsz\u00f6r\u00f6s el\u0151ny\u00f6kkel j\u00e1r, amelyek az \u00e9let sz\u00e1mos ter\u00fclet\u00e9n t\u00fckr\u00f6z\u0151dnek <\/span><\/p>\n<ul>\n<li><span style=\"font-weight: 400\">A t\u00fcrelmet \u00e9s a kitart\u00e1st fejleszti.<\/span><\/li>\n<li><span style=\"font-weight: 400\">Ez edzi a mem\u00f3ri\u00e1t.<\/span><\/li>\n<li><span style=\"font-weight: 400\">Fejleszti a logikus gondolkod\u00e1st <\/span><\/li>\n<li><span style=\"font-weight: 400\">Ez egy j\u00f3 gyakorlat a kreativit\u00e1sban<\/span><\/li>\n<li><span style=\"font-weight: 400\">J\u00f3 hangulatot \u00e9s optimizmust ad.<\/span><\/li>\n<li><span style=\"font-weight: 400\">Ez egy j\u00f3 lehet\u0151s\u00e9g a szocializ\u00e1l\u00f3d\u00e1sra<\/span><\/li>\n<\/ul>\n<p><span style=\"font-weight: 400\">Sok oka van arra, hogy az 1000 darabos Moraine Lake puzzle-t v\u00e1lassza. Tartsd otthon, \u00e9s k\u00e9sz\u00edtsd el \u00fajra, amikor csak \u00fagy \u00e9rzed, hogy sz\u00fcks\u00e9ged van egy kreat\u00edv kih\u00edv\u00e1sra, \u00e9lvezd a csal\u00e1doddal vagy bar\u00e1taiddal, vagy tedd a kar\u00e1csonyfa al\u00e1, \u00e9s tedd nagyszer\u0171 aj\u00e1nd\u00e9kk\u00e1 a kirak\u00f3s j\u00e1t\u00e9kok szerelmeseinek.<\/span><\/p><\/p>\n","protected":false},"excerpt":{"rendered":"<p>Szeretne n\u00e9h\u00e1ny \u00f3r\u00e1nyi nyugalmat \u00e9s m\u00e9ly relax\u00e1ci\u00f3t? Rakja \u00f6ssze Kanada vadonj\u00e1nak k\u00e9p\u00e9t egy 1000 darabos kirak\u00f3sb\u00f3l, \u00e9s tapasztalja meg a<\/p>\n","protected":false},"featured_media":49018,"template":"","meta":[],"product_brand":[],"product_cat":[1920,1919,1881],"product_tag":[],"class_list":{"0":"post-39894","1":"product","2":"type-product","3":"status-publish","4":"has-post-thumbnail","6":"product_cat-1000-darabos-kirakos-jatek","7":"product_cat-felnott-kirakos-jatekok","8":"product_cat-kirakos-jatekok","9":"pa_brand-d_toys-hu","10":"pa_country_of_manufacture-ro-hu","11":"pa_filter_age-14-hu","12":"pa_painter-landscapes-hu","13":"pa_tip_ambalaj-doboz","14":"pa_tip_puzzle-klasszikus","16":"first","17":"instock","18":"taxable","19":"shipping-taxable","20":"product-type-simple"},"yoast_head":"<!-- This site is optimized with the Yoast SEO plugin v20.1 - https:\/\/yoast.com\/wordpress\/plugins\/seo\/ -->\n<title>Nature Landscape 1000 darabos feln\u0151tt puzzle - Kanada<\/title>\n<meta name=\"description\" content=\"Nature Landscape 1000 darabos feln\u0151tt puzzle - Kanada\" \/>\n<meta name=\"robots\" content=\"index, follow, max-snippet:-1, max-image-preview:large, max-video-preview:-1\" \/>\n<link rel=\"canonical\" href=\"https:\/\/business.roovi.com\/hu\/nature-landscape-1000-darabos-felnott-puzzle-kanada\/p\/\" \/>\n<meta property=\"og:locale\" content=\"hu_HU\" \/>\n<meta property=\"og:type\" content=\"article\" \/>\n<meta property=\"og:title\" content=\"Nature Landscape 1000 darabos feln\u0151tt puzzle - Kanada\" \/>\n<meta property=\"og:description\" content=\"Nature Landscape 1000 darabos feln\u0151tt puzzle - Kanada\" \/>\n<meta property=\"og:url\" content=\"https:\/\/business.roovi.com\/hu\/nature-landscape-1000-darabos-felnott-puzzle-kanada\/p\/\" \/>\n<meta property=\"og:site_name\" content=\"Roovi B2B\" \/>\n<meta property=\"article:publisher\" content=\"https:\/\/www.facebook.com\/wwwjucariero\" \/>\n<meta property=\"article:modified_time\" content=\"2022-07-06T13:59:16+00:00\" \/>\n<meta property=\"og:image\" content=\"https:\/\/business.roovi.com\/wp-content\/uploads\/2019\/05\/75765-01-ansamblu_dimensiuni-cutie-cm_orizontal.png\" \/>\n\t<meta property=\"og:image:width\" content=\"900\" \/>\n\t<meta property=\"og:image:height\" content=\"900\" \/>\n\t<meta property=\"og:image:type\" content=\"image\/png\" \/>\n<meta name=\"twitter:label1\" content=\"Becs\u00fclt olvas\u00e1si id\u0151\" \/>\n\t<meta name=\"twitter:data1\" content=\"3 perc\" \/>\n<script type=\"application\/ld+json\" class=\"yoast-schema-graph\">{\"@context\":\"https:\/\/schema.org\",\"@graph\":[{\"@type\":\"WebPage\",\"@id\":\"https:\/\/business.roovi.com\/hu\/nature-landscape-1000-darabos-felnott-puzzle-kanada\/p\/\",\"url\":\"https:\/\/business.roovi.com\/hu\/nature-landscape-1000-darabos-felnott-puzzle-kanada\/p\/\",\"name\":\"Nature Landscape 1000 darabos feln\u0151tt puzzle - Kanada\",\"isPartOf\":{\"@id\":\"https:\/\/business.roovi.com\/hu\/#website\"},\"datePublished\":\"2019-05-09T08:38:37+00:00\",\"dateModified\":\"2022-07-06T13:59:16+00:00\",\"description\":\"Nature Landscape 1000 darabos feln\u0151tt puzzle - Kanada\",\"breadcrumb\":{\"@id\":\"https:\/\/business.roovi.com\/hu\/nature-landscape-1000-darabos-felnott-puzzle-kanada\/p\/#breadcrumb\"},\"inLanguage\":\"hu\",\"potentialAction\":[{\"@type\":\"ReadAction\",\"target\":[\"https:\/\/business.roovi.com\/hu\/nature-landscape-1000-darabos-felnott-puzzle-kanada\/p\/\"]}]},{\"@type\":\"BreadcrumbList\",\"@id\":\"https:\/\/business.roovi.com\/hu\/nature-landscape-1000-darabos-felnott-puzzle-kanada\/p\/#breadcrumb\",\"itemListElement\":[{\"@type\":\"ListItem\",\"position\":1,\"name\":\"Home\",\"item\":\"https:\/\/business.roovi.com\/hu\/\"},{\"@type\":\"ListItem\",\"position\":2,\"name\":\"Shop\",\"item\":\"https:\/\/business.roovi.com\/hu\/shop\/\"},{\"@type\":\"ListItem\",\"position\":3,\"name\":\"Nature Landscape 1000 darabos feln\u0151tt puzzle &#8211; Kanada\"}]},{\"@type\":\"WebSite\",\"@id\":\"https:\/\/business.roovi.com\/hu\/#website\",\"url\":\"https:\/\/business.roovi.com\/hu\/\",\"name\":\"Roovi B2B\",\"description\":\"Roovi Business Website\",\"potentialAction\":[{\"@type\":\"SearchAction\",\"target\":{\"@type\":\"EntryPoint\",\"urlTemplate\":\"https:\/\/business.roovi.com\/hu\/?s={search_term_string}\"},\"query-input\":\"required name=search_term_string\"}],\"inLanguage\":\"hu\"}]}<\/script>\n<!-- \/ Yoast SEO plugin. -->","yoast_head_json":{"title":"Nature Landscape 1000 darabos feln\u0151tt puzzle - Kanada","description":"Nature Landscape 1000 darabos feln\u0151tt puzzle - Kanada","robots":{"index":"index","follow":"follow","max-snippet":"max-snippet:-1","max-image-preview":"max-image-preview:large","max-video-preview":"max-video-preview:-1"},"canonical":"https:\/\/business.roovi.com\/hu\/nature-landscape-1000-darabos-felnott-puzzle-kanada\/p\/","og_locale":"hu_HU","og_type":"article","og_title":"Nature Landscape 1000 darabos feln\u0151tt puzzle - Kanada","og_description":"Nature Landscape 1000 darabos feln\u0151tt puzzle - Kanada","og_url":"https:\/\/business.roovi.com\/hu\/nature-landscape-1000-darabos-felnott-puzzle-kanada\/p\/","og_site_name":"Roovi B2B","article_publisher":"https:\/\/www.facebook.com\/wwwjucariero","article_modified_time":"2022-07-06T13:59:16+00:00","og_image":[{"width":900,"height":900,"url":"https:\/\/business.roovi.com\/wp-content\/uploads\/2019\/05\/75765-01-ansamblu_dimensiuni-cutie-cm_orizontal.png","type":"image\/png"}],"twitter_misc":{"Becs\u00fclt olvas\u00e1si id\u0151":"3 perc"},"schema":{"@context":"https:\/\/schema.org","@graph":[{"@type":"WebPage","@id":"https:\/\/business.roovi.com\/hu\/nature-landscape-1000-darabos-felnott-puzzle-kanada\/p\/","url":"https:\/\/business.roovi.com\/hu\/nature-landscape-1000-darabos-felnott-puzzle-kanada\/p\/","name":"Nature Landscape 1000 darabos feln\u0151tt puzzle - Kanada","isPartOf":{"@id":"https:\/\/business.roovi.com\/hu\/#website"},"datePublished":"2019-05-09T08:38:37+00:00","dateModified":"2022-07-06T13:59:16+00:00","description":"Nature Landscape 1000 darabos feln\u0151tt puzzle - Kanada","breadcrumb":{"@id":"https:\/\/business.roovi.com\/hu\/nature-landscape-1000-darabos-felnott-puzzle-kanada\/p\/#breadcrumb"},"inLanguage":"hu","potentialAction":[{"@type":"ReadAction","target":["https:\/\/business.roovi.com\/hu\/nature-landscape-1000-darabos-felnott-puzzle-kanada\/p\/"]}]},{"@type":"BreadcrumbList","@id":"https:\/\/business.roovi.com\/hu\/nature-landscape-1000-darabos-felnott-puzzle-kanada\/p\/#breadcrumb","itemListElement":[{"@type":"ListItem","position":1,"name":"Home","item":"https:\/\/business.roovi.com\/hu\/"},{"@type":"ListItem","position":2,"name":"Shop","item":"https:\/\/business.roovi.com\/hu\/shop\/"},{"@type":"ListItem","position":3,"name":"Nature Landscape 1000 darabos feln\u0151tt puzzle &#8211; Kanada"}]},{"@type":"WebSite","@id":"https:\/\/business.roovi.com\/hu\/#website","url":"https:\/\/business.roovi.com\/hu\/","name":"Roovi B2B","description":"Roovi Business Website","potentialAction":[{"@type":"SearchAction","target":{"@type":"EntryPoint","urlTemplate":"https:\/\/business.roovi.com\/hu\/?s={search_term_string}"},"query-input":"required name=search_term_string"}],"inLanguage":"hu"}]}},"_links":{"self":[{"href":"https:\/\/business.roovi.com\/hu\/wp-json\/wp\/v2\/product\/39894","targetHints":{"allow":["GET"]}}],"collection":[{"href":"https:\/\/business.roovi.com\/hu\/wp-json\/wp\/v2\/product"}],"about":[{"href":"https:\/\/business.roovi.com\/hu\/wp-json\/wp\/v2\/types\/product"}],"version-history":[{"count":0,"href":"https:\/\/business.roovi.com\/hu\/wp-json\/wp\/v2\/product\/39894\/revisions"}],"wp:featuredmedia":[{"embeddable":true,"href":"https:\/\/business.roovi.com\/hu\/wp-json\/wp\/v2\/media\/49018"}],"wp:attachment":[{"href":"https:\/\/business.roovi.com\/hu\/wp-json\/wp\/v2\/media?parent=39894"}],"wp:term":[{"taxonomy":"product_brand","embeddable":true,"href":"https:\/\/business.roovi.com\/hu\/wp-json\/wp\/v2\/product_brand?post=39894"},{"taxonomy":"product_cat","embeddable":true,"href":"https:\/\/business.roovi.com\/hu\/wp-json\/wp\/v2\/product_cat?post=39894"},{"taxonomy":"product_tag","embeddable":true,"href":"https:\/\/business.roovi.com\/hu\/wp-json\/wp\/v2\/product_tag?post=39894"}],"curies":[{"name":"wp","href":"https:\/\/api.w.org\/{rel}","templated":true}]}}