{"id":39912,"date":"2019-05-09T08:00:10","date_gmt":"2019-05-09T08:00:10","guid":{"rendered":"https:\/\/business.roovi.com\/puzzle-adulti-alphonse-mucha-seasons-2anotimpuri-1000-piese\/p\/"},"modified":"2023-02-20T06:51:52","modified_gmt":"2023-02-20T06:51:52","slug":"alphonse-mucha-1000-darabos-felnott-puzzle-evszakok-2-szezonok","status":"publish","type":"product","link":"https:\/\/business.roovi.com\/hu\/alphonse-mucha-1000-darabos-felnott-puzzle-evszakok-2-szezonok\/p\/","title":{"rendered":"Alphonse Mucha 1000 darabos feln\u0151tt puzzle &#8211; \u00c9vszakok 2"},"content":{"rendered":"<p><span style=\"font-weight: 400;\">Feln\u0151tt kirak\u00f3sainkban h\u00edres m\u0171v\u00e9szek h\u00edres festm\u00e9nyeinek k\u00e9peit tal\u00e1lod az \u00f3kort\u00f3l napjainkig <\/span><\/p>\n<p><span style=\"font-weight: 400;\">Alphonse Mucha 1000 darabos Seasons 2 puzzle-je az \u00c9vszakok n\u00e9gy litogr\u00e1fi\u00e1j\u00e1t \u00e1br\u00e1zolja, amelyek 1897-ben k\u00e9sz\u00fcltek, az egy \u00e9vvel kor\u00e1bban megjelent els\u0151 sikeres sorozatot k\u00f6vet\u0151 m\u00e1sodik sorozatban. \u00c1ll\u00edtsa \u00f6ssze ezt a kiv\u00e9teles festm\u00e9nyt, \u00e9s nap mint nap csod\u00e1lni fogja a 4 sz\u00fcrre\u00e1lis sz\u00e9ps\u00e9g\u0171 nimf\u00e1t, amelyek az \u00e1rtatlan tavaszt, a f\u00fclledt nyarat, a gy\u00fcm\u00f6lcs\u00f6s \u0151szt \u00e9s a fagyos telet \u00e1br\u00e1zolj\u00e1k. Vedd el\u0151 a kedvenc doh\u00e1nyz\u00f3asztalodat &#8211; erre van sz\u00fcks\u00e9ged az 50 x 70 cm-es festm\u00e9ny elk\u00e9sz\u00edt\u00e9s\u00e9hez &#8211; \u00e9s l\u00e1ss munk\u00e1hoz! A v\u00e9geredm\u00e9ny m\u00e9rhetetlen\u00fcl elragad\u00f3 lesz.<\/span><\/p>\n<p><span style=\"font-weight: 400;\">\u00cdme az Alphonse Mucha &#8211; \u00c9vszakok 2 &#8211; 1000 darabos puzzle n\u00e9h\u00e1ny tov\u00e1bbi jellemz\u0151je:<\/span><\/p>\n<p><strong>Puzzle anyag <\/strong><\/p>\n<p><strong>kiv\u00e1l\u00f3 min\u0151s\u00e9g\u0171 k\u00e9k karton<\/strong><\/p>\n<p><strong>fenntarthat\u00f3, \u00fajrahasznos\u00edthat\u00f3 anyagok<\/strong><\/p>\n<p><strong>f\u00e9lf\u00e9nyes kivitel, \u00e9l\u00e9nk sz\u00ednek<\/strong><\/p>\n<p><strong>A kirak\u00f3s darabok sz\u00e1ma: 1000<\/strong><\/p>\n<p><strong>Aj\u00e1nlott \u00e9letkor: 14+<\/strong><\/p>\n<p><strong>Szakadj el a k\u00e9perny\u0151kt\u0151l, \u00e9s l\u00e9pj be a m\u0171v\u00e9szeti rejtv\u00e9nyek leny\u0171g\u00f6z\u0151 vil\u00e1g\u00e1ba!<\/strong><\/p>\n<p><span style=\"font-weight: 400;\">M\u0171v\u00e9szi puzzle gy\u0171jtem\u00e9ny\u00fcnk seg\u00edt elszakadni a telefon, a laptop vagy a TV k\u00e9perny\u0151j\u00e9t\u0151l, \u00e9s egy csod\u00e1latos m\u0171v\u00e9szi vil\u00e1gba kalauzolja el \u00d6nt. Fejezd be az 1000 darabos m\u0171v\u00e9szi rejtv\u00e9nyeket, \u00e9s m\u00e1ris kipihentnek \u00e9s \u00e9lettel telinek \u00e9rzed magad. R\u00e1ad\u00e1sul egy puzzle-j\u00e1t\u00e9kb\u00f3l k\u00e9sz\u00fclt m\u0171alkot\u00e1s b\u00fcszke tulajdonosa leszel.<\/span><\/p>\n<p><strong>1000 darabos rejtv\u00e9nyek seg\u00edtenek lek\u00fczdeni a szorong\u00e1st<\/strong><\/p>\n<p><span style=\"font-weight: 400;\">Amikor befejezed az 1000 darabos kirak\u00f3st, igazi medit\u00e1ci\u00f3s \u00fcl\u00e9sen veszel r\u00e9szt. Ki\u00fcr\u00edted az elm\u00e9det a gondokt\u00f3l, a nyom\u00e1st\u00f3l, a szorong\u00e1st\u00f3l, \u00e9s egy gy\u00f6ny\u00f6r\u0171 k\u00e9p megalkot\u00e1s\u00e1ra koncentr\u00e1lsz. Ez az intenz\u00edv koncentr\u00e1ci\u00f3 enyh\u00edti az idegess\u00e9get \u00e9s a szorong\u00e1st.<\/span><\/p>\n<p><strong>Szeretne t\u00f6bbet szocializ\u00e1l\u00f3dni? Fogj egy 1000 darabos puzzle-t \u00e9s h\u00edvd \u00e1t a legjobb bar\u00e1taidat!<\/strong><\/p>\n<p><span style=\"font-weight: 400;\">Tegye a kirak\u00f3s j\u00e1t\u00e9kot igazi sz\u00f3rakoz\u00e1ss\u00e1! H\u00edvd fel a bar\u00e1taidat, \u00e9s k\u00f6z\u00f6sen \u00e1ll\u00edts\u00e1tok \u00f6ssze a legszebb festm\u00e9nyt, vagy alkoss\u00e1tok meg a legszebb turisztikai l\u00e1tv\u00e1nyoss\u00e1got, amelyet k\u00f6z\u00f6sen megl\u00e1togattatok. Az 1000 darabos kirak\u00f3j\u00e1t\u00e9kok ak\u00e1r 30 \u00f3r\u00e1nyi igazi sz\u00f3rakoz\u00e1st is garant\u00e1lnak! <\/span><\/p>\n<p><strong>Nem lehet kitart\u00f3? Gyakorolja ezt a k\u00e9pess\u00e9get az 1000 darabos kirak\u00f3val<\/strong><\/p>\n<p><span style=\"font-weight: 400;\">Egy feln\u0151tt puzzle \u00f6sszerak\u00e1sa \u00f3r\u00e1kig \u00f6sszek\u00f6t. A v\u00e1gy, hogy befejezz\u00fck a k\u00e9pet, minden egyes megfelel\u0151 1000 kirak\u00f3sdarabbal n\u0151. \u00cdgy a kitart\u00e1s gyakorl\u00e1sa tart\u00f3s \u00e9s neh\u00e9zs\u00e9g n\u00e9lk\u00fcl v\u00e9gezhet\u0151. Ha egyszer megtanultad, ez a k\u00e9pess\u00e9g j\u00f3l fog j\u00f6nni a mindennapi \u00e9let m\u00e1s kih\u00edv\u00e1st jelent\u0151 feladataihoz.<\/span><\/p>\n<p><strong>Egy kicsit Alphonse Much\u00e1r\u00f3l<\/strong><\/p>\n<ul style=\"list-style-type: disc;\">\n<li><span style=\"font-weight: 400;\">\u00d3vod\u00e1s kor\u00e1ban kiz\u00e1r\u00f3lag a bal kez\u00e9vel rajzolt.<\/span><\/li>\n<li><span style=\"font-weight: 400;\">Zenei tehets\u00e9g\u00e9r\u0151l is ismert volt. A br\u00fcnni Szent P\u00e9ter-sz\u00e9kesegyh\u00e1z k\u00f3rus\u00e1ban \u00e9nekelt.<\/span><\/li>\n<li><span style=\"font-weight: 400;\">\u0150 az id\u00e9zet szerz\u0151je <\/span><em><span style=\"font-weight: 400;\">A m\u0171v\u00e9szet csak az\u00e9rt l\u00e9tezik, hogy spiritu\u00e1lis \u00fczenetet k\u00f6zvet\u00edtsen, semmi t\u00f6bb<\/span><\/em><\/li>\n<li><span style=\"font-weight: 400;\">A fenti id\u00e9zet a m\u0171v\u00e9sz frusztr\u00e1ci\u00f3j\u00e1t fejezi ki azzal a h\u00edrn\u00e9vvel kapcsolatban, amelyet m\u00e9g \u00e9let\u00e9ben tapasztalt kereskedelmi m\u0171vei miatt.<\/span><\/li>\n<li><span style=\"font-weight: 400;\">Sz\u00e1m\u00e1ra a leg\u00e9rt\u00e9kesebb munk\u00e1ja <\/span><em><span style=\"font-weight: 400;\">A szl\u00e1v eposz<\/span><\/em><span style=\"font-weight: 400;\">amely h\u00fasz nagym\u00e9ret\u0171 festm\u00e9nyt tartalmaz, amelyek a cseh n\u00e9p \u00e9s a szl\u00e1vok t\u00f6rt\u00e9net\u00e9t illusztr\u00e1lj\u00e1k.<\/span><\/li>\n<li><span style=\"font-weight: 400;\">Elaj\u00e1nd\u00e9kozta a remekm\u0171v\u00e9t, <\/span><em><span style=\"font-weight: 400;\">Szl\u00e1v eposz<\/span><\/em><span style=\"font-weight: 400;\">1928-ban Pr\u00e1ga v\u00e1ros\u00e1ba<\/span><span style=\"font-weight: 400;\">.<\/span><\/li>\n<\/ul>\n<p><strong>Mit lehet m\u00e9g kezdeni egy 1000 darabos kirak\u00f3val?<\/strong><\/p>\n<ul>\n<li><span style=\"font-weight: 400;\">A r\u00e9szletekre val\u00f3 figyelem n\u00f6vel\u00e9se<\/span><\/li>\n<li><span style=\"font-weight: 400;\">A termel\u00e9kenys\u00e9g n\u00f6vel\u00e9se<\/span><\/li>\n<li><span style=\"font-weight: 400;\">A mem\u00f3ria jav\u00edt\u00e1sa<\/span><\/li>\n<li><span style=\"font-weight: 400;\">A logikus gondolkod\u00e1s fejleszt\u00e9se<\/span><\/li>\n<\/ul>\n<p><span style=\"font-weight: 400;\">V\u00e1s\u00e1rolja meg ezt a csod\u00e1latos Alphonse Mucha 1000 darabos puzzle-t &#8211; \u00c9vszakok 2 \u00e9s dobja fel az unalmas t\u00e9li est\u00e9ket. Egyed\u00fcl, a csal\u00e1ddal vagy a bar\u00e1tokkal egy 1000 darabos puzzle \u00f6ssze\u00e1ll\u00edt\u00e1sa j\u00f3l meg\u00e9rdemelt kikapcsol\u00f3d\u00e1s a h\u00e9tk\u00f6znapokb\u00f3l. Tapasztald meg, hogy a puzzle art gy\u0171jtem\u00e9nyb\u0151l sz\u00e1rmaz\u00f3 feln\u0151tt puzzle milyen el\u0151ny\u00f6kkel j\u00e1rhat a mindennapokban.<\/span><\/p>\n<p><span style=\"font-weight: 400;\">Az Alphonse Mucha 1000 darabos puzzle &#8211; 2. \u00e9vszak remek aj\u00e1nd\u00e9k\u00f6tlet egy k\u00fcl\u00f6nleges szem\u00e9lynek az \u00e9letedben.<\/span><\/p>\n","protected":false},"excerpt":{"rendered":"<p>Feln\u0151tt kirak\u00f3sainkban h\u00edres m\u0171v\u00e9szek h\u00edres festm\u00e9nyeinek k\u00e9peit tal\u00e1lod az \u00f3kort\u00f3l napjainkig Alphonse Mucha 1000 darabos Seasons 2 puzzle-je az \u00c9vszakok<\/p>\n","protected":false},"featured_media":62989,"template":"","meta":[],"product_brand":[],"product_cat":[1881,1919,1920],"product_tag":[],"class_list":{"0":"post-39912","1":"product","2":"type-product","3":"status-publish","4":"has-post-thumbnail","6":"product_cat-kirakos-jatekok","7":"product_cat-felnott-kirakos-jatekok","8":"product_cat-1000-darabos-kirakos-jatek","9":"pa_brand-d_toys-hu","10":"pa_country_of_manufacture-ro-hu","11":"pa_filter_age-14-hu","12":"pa_painter-alphonsemucha-hu","13":"pa_tip_ambalaj-doboz","14":"pa_tip_puzzle-klasszikus","16":"first","17":"onbackorder","18":"taxable","19":"shipping-taxable","20":"product-type-simple"},"yoast_head":"<!-- This site is optimized with the Yoast SEO plugin v20.1 - https:\/\/yoast.com\/wordpress\/plugins\/seo\/ -->\n<title>Alphonse Mucha 1000 darabos feln\u0151tt puzzle - \u00c9vszakok 2\/Szezonok<\/title>\n<meta name=\"description\" content=\"Alphonse Mucha 1000 darabos feln\u0151tt puzzle - \u00c9vszakok 2\/Szezonok\" \/>\n<meta name=\"robots\" content=\"index, follow, max-snippet:-1, max-image-preview:large, max-video-preview:-1\" \/>\n<link rel=\"canonical\" href=\"https:\/\/business.roovi.com\/hu\/alphonse-mucha-1000-darabos-felnott-puzzle-evszakok-2-szezonok\/p\/\" \/>\n<meta property=\"og:locale\" content=\"hu_HU\" \/>\n<meta property=\"og:type\" content=\"article\" \/>\n<meta property=\"og:title\" content=\"Alphonse Mucha 1000 darabos feln\u0151tt puzzle - \u00c9vszakok 2\/Szezonok\" \/>\n<meta property=\"og:description\" content=\"Alphonse Mucha 1000 darabos feln\u0151tt puzzle - \u00c9vszakok 2\/Szezonok\" \/>\n<meta property=\"og:url\" content=\"https:\/\/business.roovi.com\/hu\/alphonse-mucha-1000-darabos-felnott-puzzle-evszakok-2-szezonok\/p\/\" \/>\n<meta property=\"og:site_name\" content=\"Roovi B2B\" \/>\n<meta property=\"article:publisher\" content=\"https:\/\/www.facebook.com\/wwwjucariero\" \/>\n<meta property=\"article:modified_time\" content=\"2023-02-20T06:51:52+00:00\" \/>\n<meta property=\"og:image\" content=\"https:\/\/business.roovi.com\/wp-content\/uploads\/2019\/05\/66930-MU-12-WEB.jpg\" \/>\n\t<meta property=\"og:image:width\" content=\"1200\" \/>\n\t<meta property=\"og:image:height\" content=\"1200\" \/>\n\t<meta property=\"og:image:type\" content=\"image\/jpeg\" \/>\n<meta name=\"twitter:label1\" content=\"Becs\u00fclt olvas\u00e1si id\u0151\" \/>\n\t<meta name=\"twitter:data1\" content=\"3 perc\" \/>\n<script type=\"application\/ld+json\" class=\"yoast-schema-graph\">{\"@context\":\"https:\/\/schema.org\",\"@graph\":[{\"@type\":\"WebPage\",\"@id\":\"https:\/\/business.roovi.com\/hu\/alphonse-mucha-1000-darabos-felnott-puzzle-evszakok-2-szezonok\/p\/\",\"url\":\"https:\/\/business.roovi.com\/hu\/alphonse-mucha-1000-darabos-felnott-puzzle-evszakok-2-szezonok\/p\/\",\"name\":\"Alphonse Mucha 1000 darabos feln\u0151tt puzzle - \u00c9vszakok 2\/Szezonok\",\"isPartOf\":{\"@id\":\"https:\/\/business.roovi.com\/hu\/#website\"},\"datePublished\":\"2019-05-09T08:00:10+00:00\",\"dateModified\":\"2023-02-20T06:51:52+00:00\",\"description\":\"Alphonse Mucha 1000 darabos feln\u0151tt puzzle - \u00c9vszakok 2\/Szezonok\",\"breadcrumb\":{\"@id\":\"https:\/\/business.roovi.com\/hu\/alphonse-mucha-1000-darabos-felnott-puzzle-evszakok-2-szezonok\/p\/#breadcrumb\"},\"inLanguage\":\"hu\",\"potentialAction\":[{\"@type\":\"ReadAction\",\"target\":[\"https:\/\/business.roovi.com\/hu\/alphonse-mucha-1000-darabos-felnott-puzzle-evszakok-2-szezonok\/p\/\"]}]},{\"@type\":\"BreadcrumbList\",\"@id\":\"https:\/\/business.roovi.com\/hu\/alphonse-mucha-1000-darabos-felnott-puzzle-evszakok-2-szezonok\/p\/#breadcrumb\",\"itemListElement\":[{\"@type\":\"ListItem\",\"position\":1,\"name\":\"Home\",\"item\":\"https:\/\/business.roovi.com\/hu\/\"},{\"@type\":\"ListItem\",\"position\":2,\"name\":\"Shop\",\"item\":\"https:\/\/business.roovi.com\/hu\/shop\/\"},{\"@type\":\"ListItem\",\"position\":3,\"name\":\"Alphonse Mucha 1000 darabos feln\u0151tt puzzle &#8211; \u00c9vszakok 2\"}]},{\"@type\":\"WebSite\",\"@id\":\"https:\/\/business.roovi.com\/hu\/#website\",\"url\":\"https:\/\/business.roovi.com\/hu\/\",\"name\":\"Roovi B2B\",\"description\":\"Roovi Business Website\",\"potentialAction\":[{\"@type\":\"SearchAction\",\"target\":{\"@type\":\"EntryPoint\",\"urlTemplate\":\"https:\/\/business.roovi.com\/hu\/?s={search_term_string}\"},\"query-input\":\"required name=search_term_string\"}],\"inLanguage\":\"hu\"}]}<\/script>\n<!-- \/ Yoast SEO plugin. -->","yoast_head_json":{"title":"Alphonse Mucha 1000 darabos feln\u0151tt puzzle - \u00c9vszakok 2\/Szezonok","description":"Alphonse Mucha 1000 darabos feln\u0151tt puzzle - \u00c9vszakok 2\/Szezonok","robots":{"index":"index","follow":"follow","max-snippet":"max-snippet:-1","max-image-preview":"max-image-preview:large","max-video-preview":"max-video-preview:-1"},"canonical":"https:\/\/business.roovi.com\/hu\/alphonse-mucha-1000-darabos-felnott-puzzle-evszakok-2-szezonok\/p\/","og_locale":"hu_HU","og_type":"article","og_title":"Alphonse Mucha 1000 darabos feln\u0151tt puzzle - \u00c9vszakok 2\/Szezonok","og_description":"Alphonse Mucha 1000 darabos feln\u0151tt puzzle - \u00c9vszakok 2\/Szezonok","og_url":"https:\/\/business.roovi.com\/hu\/alphonse-mucha-1000-darabos-felnott-puzzle-evszakok-2-szezonok\/p\/","og_site_name":"Roovi B2B","article_publisher":"https:\/\/www.facebook.com\/wwwjucariero","article_modified_time":"2023-02-20T06:51:52+00:00","og_image":[{"width":1200,"height":1200,"url":"https:\/\/business.roovi.com\/wp-content\/uploads\/2019\/05\/66930-MU-12-WEB.jpg","type":"image\/jpeg"}],"twitter_misc":{"Becs\u00fclt olvas\u00e1si id\u0151":"3 perc"},"schema":{"@context":"https:\/\/schema.org","@graph":[{"@type":"WebPage","@id":"https:\/\/business.roovi.com\/hu\/alphonse-mucha-1000-darabos-felnott-puzzle-evszakok-2-szezonok\/p\/","url":"https:\/\/business.roovi.com\/hu\/alphonse-mucha-1000-darabos-felnott-puzzle-evszakok-2-szezonok\/p\/","name":"Alphonse Mucha 1000 darabos feln\u0151tt puzzle - \u00c9vszakok 2\/Szezonok","isPartOf":{"@id":"https:\/\/business.roovi.com\/hu\/#website"},"datePublished":"2019-05-09T08:00:10+00:00","dateModified":"2023-02-20T06:51:52+00:00","description":"Alphonse Mucha 1000 darabos feln\u0151tt puzzle - \u00c9vszakok 2\/Szezonok","breadcrumb":{"@id":"https:\/\/business.roovi.com\/hu\/alphonse-mucha-1000-darabos-felnott-puzzle-evszakok-2-szezonok\/p\/#breadcrumb"},"inLanguage":"hu","potentialAction":[{"@type":"ReadAction","target":["https:\/\/business.roovi.com\/hu\/alphonse-mucha-1000-darabos-felnott-puzzle-evszakok-2-szezonok\/p\/"]}]},{"@type":"BreadcrumbList","@id":"https:\/\/business.roovi.com\/hu\/alphonse-mucha-1000-darabos-felnott-puzzle-evszakok-2-szezonok\/p\/#breadcrumb","itemListElement":[{"@type":"ListItem","position":1,"name":"Home","item":"https:\/\/business.roovi.com\/hu\/"},{"@type":"ListItem","position":2,"name":"Shop","item":"https:\/\/business.roovi.com\/hu\/shop\/"},{"@type":"ListItem","position":3,"name":"Alphonse Mucha 1000 darabos feln\u0151tt puzzle &#8211; \u00c9vszakok 2"}]},{"@type":"WebSite","@id":"https:\/\/business.roovi.com\/hu\/#website","url":"https:\/\/business.roovi.com\/hu\/","name":"Roovi B2B","description":"Roovi Business Website","potentialAction":[{"@type":"SearchAction","target":{"@type":"EntryPoint","urlTemplate":"https:\/\/business.roovi.com\/hu\/?s={search_term_string}"},"query-input":"required name=search_term_string"}],"inLanguage":"hu"}]}},"_links":{"self":[{"href":"https:\/\/business.roovi.com\/hu\/wp-json\/wp\/v2\/product\/39912","targetHints":{"allow":["GET"]}}],"collection":[{"href":"https:\/\/business.roovi.com\/hu\/wp-json\/wp\/v2\/product"}],"about":[{"href":"https:\/\/business.roovi.com\/hu\/wp-json\/wp\/v2\/types\/product"}],"version-history":[{"count":0,"href":"https:\/\/business.roovi.com\/hu\/wp-json\/wp\/v2\/product\/39912\/revisions"}],"wp:featuredmedia":[{"embeddable":true,"href":"https:\/\/business.roovi.com\/hu\/wp-json\/wp\/v2\/media\/62989"}],"wp:attachment":[{"href":"https:\/\/business.roovi.com\/hu\/wp-json\/wp\/v2\/media?parent=39912"}],"wp:term":[{"taxonomy":"product_brand","embeddable":true,"href":"https:\/\/business.roovi.com\/hu\/wp-json\/wp\/v2\/product_brand?post=39912"},{"taxonomy":"product_cat","embeddable":true,"href":"https:\/\/business.roovi.com\/hu\/wp-json\/wp\/v2\/product_cat?post=39912"},{"taxonomy":"product_tag","embeddable":true,"href":"https:\/\/business.roovi.com\/hu\/wp-json\/wp\/v2\/product_tag?post=39912"}],"curies":[{"name":"wp","href":"https:\/\/api.w.org\/{rel}","templated":true}]}}