{"id":39916,"date":"2019-05-09T07:42:29","date_gmt":"2019-05-09T07:42:29","guid":{"rendered":"https:\/\/business.roovi.com\/puzzle-adulti-1000-piese-animal-puzzle-tigri\/p\/"},"modified":"2023-02-28T08:37:28","modified_gmt":"2023-02-28T08:37:28","slug":"felnott-1000-darabos-puzzle-allati-puzzle-tigrisek","status":"publish","type":"product","link":"https:\/\/business.roovi.com\/hu\/felnott-1000-darabos-puzzle-allati-puzzle-tigrisek\/p\/","title":{"rendered":"Feln\u0151tt 1000 darabos puzzle &#8211; \u00c1llati puzzle &#8211; Tigrisek"},"content":{"rendered":"<p><strong><em>J\u00f3 vagy a rejtv\u00e9nyfejt\u00e9sben \u00e9s szeretn\u00e9d megmutatni a bar\u00e1taidnak a k\u00e9pess\u00e9geidet? Az 1000 darabos Tigrisek kirak\u00f3s j\u00e1t\u00e9kkal az \u00c1llati kirak\u00f3s kollekci\u00f3 1000 darabos Tigrisek kirak\u00f3s j\u00e1t\u00e9k\u00e1b\u00f3l.<\/em><\/strong><\/p>\n<p><span style=\"font-weight: 400;\">Az 1000 darabos Tigri puzzle k\u00e9pe egy sz\u00edvmelenget\u0151 jelenetet \u00e1br\u00e1zol, amely ezt a hatalmas \u00e1llatot k\u00f6lyk\u00e9vel egy\u00fctt egy t\u00e9li t\u00e1jban \u00f6r\u00f6k\u00edti meg. A h\u00f3 feh\u00e9rs\u00e9ge intenz\u00edv kih\u00edv\u00e1s el\u00e9 \u00e1ll\u00edtja elm\u00e9det, hogy megtal\u00e1ld a megfelel\u0151 darabokat a k\u00e9p befejez\u00e9s\u00e9hez. \u00c9s az utols\u00f3 darab el\u00e9gedetts\u00e9g felbecs\u00fclhetetlen, \u00e9s fel\u00e9breszti \u00d6nben a bizalmat \u00e9s a v\u00e1gyat, hogy folytassa ezt a felemel\u0151 tev\u00e9kenys\u00e9get.<\/span><\/p>\n<p><span style=\"font-weight: 400;\">Ha egy kis seg\u00edts\u00e9gre van sz\u00fcks\u00e9ged a k\u00e9p \u00f6sszerak\u00e1s\u00e1hoz, a kirak\u00f3s j\u00e1t\u00e9kban a gyerekeket is edzheted. Ez egy m\u00f3dja annak, hogy \u00f6szt\u00f6n\u00f6zz\u00e9k a kreativit\u00e1sukat \u00e9s min\u0151s\u00e9gi id\u0151t t\u00f6ltsenek egy\u00fctt. R\u00e1ad\u00e1sul mindannyian hosszabb ideig t\u00e1vol maradnak a k\u00e9perny\u0151kt\u0151l, \u00e9s t\u00f6bb \u00f3r\u00e1nyi pihentet\u0151 sz\u00f3rakoz\u00e1st \u00e9lhetnek \u00e1t.<\/span><\/p>\n<p><span style=\"font-weight: 400;\">A darabok al\u00e1t\u00e1maszt\u00e1s\u00e1hoz \u00e9s a k\u00e9p \u00f6ssze\u00e1ll\u00edt\u00e1s\u00e1hoz haszn\u00e1lhat egy hagyom\u00e1nyos doh\u00e1nyz\u00f3asztalt. A v\u00e9gleges festm\u00e9ny m\u00e9rete <strong>68 x 47 cm<\/strong>, \u00e9s dekorat\u00edv t\u00e1rgyat k\u00e9sz\u00edthet bel\u0151le, amely megsz\u00e9p\u00edti otthon\u00e1t.<\/span><\/p>\n<p><strong>Mi\u00e9rt v\u00e1lassza az 1000 darabos Tigri puzzle-t?<\/strong><\/p>\n<p><span style=\"font-weight: 400;\">Ez egy pihentet\u0151 m\u00f3dja a szabadid\u0151 elt\u00f6lt\u00e9s\u00e9nek.<\/span><\/p>\n<p><span style=\"font-weight: 400;\">Leny\u0171g\u00f6z\u0151 k\u00e9pet kap, amely dekorat\u00edv asztald\u00edsz lehet.<\/span><\/p>\n<p><span style=\"font-weight: 400;\">Ez egy lehet\u0151s\u00e9g arra, hogy id\u0151t t\u00f6lts\u00f6n a szeretteivel.<\/span><\/p>\n<p><span style=\"font-weight: 400;\">Kiv\u00e1l\u00f3 min\u0151s\u00e9g\u0171 k\u00e9k kartonb\u00f3l k\u00e9sz\u00fclt, ami ellen\u00e1ll\u00f3v\u00e1 teszi a t\u00f6bbsz\u00f6ri \u00f6sszeszerel\u00e9ssel szemben <\/span><\/p>\n<p><span style=\"font-weight: 400;\">A fel\u00fclet f\u00e9lig f\u00e9nyes, \u00e9l\u00e9nk sz\u00ednekkel, amelyek kiemelik a k\u00e9p sz\u00e9ps\u00e9g\u00e9t.<\/span><\/p>\n<p><span style=\"font-weight: 400;\">Rejtv\u00e9nyeinkben kiz\u00e1r\u00f3lag fenntarthat\u00f3 \u00e9s \u00fajrahasznos\u00edthat\u00f3 anyagokat haszn\u00e1lunk.<\/span><\/p>\n<p><span style=\"font-weight: 400;\">14 \u00e9ves kort\u00f3l alkalmas, m\u00e9g egy okkal t\u00f6bb, hogy \u00e9lvezd a kirak\u00f3s j\u00e1t\u00e9kot a tizen\u00e9vesekkel.<\/span><\/p>\n<p><span style=\"font-weight: 400;\">Seg\u00edt fenntartani a koordin\u00e1ci\u00f3t \u00e9s a finommotoros k\u00e9szs\u00e9geket minden \u00e9letkorban.<\/span><\/p>\n<p><span style=\"font-weight: 400;\">Ez egy j\u00f3 gyakorlat a figyelem, a t\u00fcrelem \u00e9s a kitart\u00e1s ter\u00e9n.<\/span><\/p>\n<p><strong>Tudtad, hogy..<\/strong><\/p>\n<p><span style=\"font-weight: 400;\">A tigrist gyakran t\u00e1rs\u00edtj\u00e1k a hatalommal \u00e9s a kreat\u00edv energi\u00e1val.<\/span><\/p>\n<p><span style=\"font-weight: 400;\">Az ezekre a macskaf\u00e9l\u00e9kre jellemz\u0151 cs\u00edkos mint\u00e1zat minden tigrisn\u00e9l egyedi, ahogyan minden ember l\u00e1bnyoma is.<\/span><\/p>\n<p><span style=\"font-weight: 400;\">A tigris im\u00e1dja a vizet, \u00e9s kiv\u00e1l\u00f3 \u00fasz\u00f3.<\/span><\/p>\n<p><span style=\"font-weight: 400;\">A tigris az egyik leg\u00e9lesebb mem\u00f3ri\u00e1val rendelkez\u0151 \u00e1llat. A r\u00f6vid t\u00e1v\u00fa mem\u00f3ri\u00e1ja 30 m\u00e1sodperccel tov\u00e1bb tart, mint az ember\u00e9.<\/span><\/p>\n<p><span style=\"font-weight: 400;\">A szib\u00e9riai tigrisek ak\u00e1r 50 m\u00e9rf\u00f6ldet is k\u00e9pesek futni \u00f3r\u00e1nk\u00e9nt, \u00e9s ak\u00e1r 10 m\u00e9teres ugr\u00e1sokra is k\u00e9pesek <\/span><\/p>\n<p><strong> 1000 darabos Tigris puzzle &#8211; egy tev\u00e9kenys\u00e9g, amely boldogs\u00e1got \u00e9s optimizmust hoz<\/strong><\/p>\n<p><span style=\"font-weight: 400;\">\u00c9rzi a mindennapi rutin nyom\u00e1s\u00e1t, \u00e9s szabadid\u0151s tev\u00e9kenys\u00e9get keres, hogy megt\u00f6rje a monot\u00f3ni\u00e1t? A kirak\u00f3s j\u00e1t\u00e9kok \u00f6sszerak\u00e1sa munk\u00e1ra k\u00e9szteti az elm\u00e9t, \u00e9s megadja a napi adag energi\u00e1t \u00e9s optimizmust.<\/span><\/p>\n<p><span style=\"font-weight: 400;\">Agyi szinten az agy t\u00f6bb dopamint v\u00e1laszt ki, amely a j\u00f3 k\u00f6z\u00e9rzet\u00e9rt, az optimizmus\u00e9rt \u00e9s a boldogs\u00e1g\u00e9rt felel\u0151s neurotranszmitter. Ez megmagyar\u00e1zza az el\u00e9gedetts\u00e9g \u00e9rz\u00e9s\u00e9t, amikor felragasztod az utols\u00f3 darabot, amely kieg\u00e9sz\u00edti az 1000 puzzle k\u00e9p\u00e9t.<\/span><\/p>\n<p><span style=\"font-weight: 400;\">A Tigrisek 1000 darabos puzzle kiz\u00f6kkent a rutinb\u00f3l, ellaz\u00edt \u00e9s \u00f6sszek\u00f6t szeretteiddel. V\u00e1lassza teh\u00e1t ezt a csod\u00e1latos kirak\u00f3s j\u00e1t\u00e9kot, \u00e9s \u00e9lvezze minden el\u0151ny\u00e9t. Ha egy kedves bar\u00e1todnak szeretn\u00e9l kellemes meglepet\u00e9st adni, a Tigrisek 1000 darabos feln\u0151tt puzzle t\u00f6k\u00e9letes v\u00e1laszt\u00e1s.<\/span><\/p>\n","protected":false},"excerpt":{"rendered":"<p>J\u00f3 vagy a rejtv\u00e9nyfejt\u00e9sben \u00e9s szeretn\u00e9d megmutatni a bar\u00e1taidnak a k\u00e9pess\u00e9geidet? Az 1000 darabos Tigrisek kirak\u00f3s j\u00e1t\u00e9kkal az \u00c1llati kirak\u00f3s<\/p>\n","protected":false},"featured_media":59234,"template":"","meta":[],"product_brand":[],"product_cat":[1920,1919,1881],"product_tag":[],"class_list":{"0":"post-39916","1":"product","2":"type-product","3":"status-publish","4":"has-post-thumbnail","6":"product_cat-1000-darabos-kirakos-jatek","7":"product_cat-felnott-kirakos-jatekok","8":"product_cat-kirakos-jatekok","9":"pa_brand-deico-hu","10":"pa_country_of_manufacture-ro-hu","11":"pa_filter_age-14-hu","12":"pa_tip_ambalaj-doboz","13":"pa_tip_puzzle-klasszikus","15":"first","16":"instock","17":"taxable","18":"shipping-taxable","19":"product-type-simple"},"yoast_head":"<!-- This site is optimized with the Yoast SEO plugin v20.1 - https:\/\/yoast.com\/wordpress\/plugins\/seo\/ -->\n<title>Feln\u0151tt 1000 darabos puzzle - \u00c1llati puzzle - Tigrisek<\/title>\n<meta name=\"description\" content=\"Feln\u0151tt 1000 darabos puzzle - \u00c1llati puzzle - Tigrisek\" \/>\n<meta name=\"robots\" content=\"index, follow, max-snippet:-1, max-image-preview:large, max-video-preview:-1\" \/>\n<link rel=\"canonical\" href=\"https:\/\/business.roovi.com\/hu\/felnott-1000-darabos-puzzle-allati-puzzle-tigrisek\/p\/\" \/>\n<meta property=\"og:locale\" content=\"hu_HU\" \/>\n<meta property=\"og:type\" content=\"article\" \/>\n<meta property=\"og:title\" content=\"Feln\u0151tt 1000 darabos puzzle - \u00c1llati puzzle - Tigrisek\" \/>\n<meta property=\"og:description\" content=\"Feln\u0151tt 1000 darabos puzzle - \u00c1llati puzzle - Tigrisek\" \/>\n<meta property=\"og:url\" content=\"https:\/\/business.roovi.com\/hu\/felnott-1000-darabos-puzzle-allati-puzzle-tigrisek\/p\/\" \/>\n<meta property=\"og:site_name\" content=\"Roovi B2B\" \/>\n<meta property=\"article:publisher\" content=\"https:\/\/www.facebook.com\/wwwjucariero\" \/>\n<meta property=\"article:modified_time\" content=\"2023-02-28T08:37:28+00:00\" \/>\n<meta property=\"og:image\" content=\"https:\/\/business.roovi.com\/wp-content\/uploads\/2019\/05\/75987-Ansamblu_dimensiuni-cutie-cm_orizontal-2.png\" \/>\n\t<meta property=\"og:image:width\" content=\"1200\" \/>\n\t<meta property=\"og:image:height\" content=\"1200\" \/>\n\t<meta property=\"og:image:type\" content=\"image\/png\" \/>\n<meta name=\"twitter:label1\" content=\"Becs\u00fclt olvas\u00e1si id\u0151\" \/>\n\t<meta name=\"twitter:data1\" content=\"3 perc\" \/>\n<script type=\"application\/ld+json\" class=\"yoast-schema-graph\">{\"@context\":\"https:\/\/schema.org\",\"@graph\":[{\"@type\":\"WebPage\",\"@id\":\"https:\/\/business.roovi.com\/hu\/felnott-1000-darabos-puzzle-allati-puzzle-tigrisek\/p\/\",\"url\":\"https:\/\/business.roovi.com\/hu\/felnott-1000-darabos-puzzle-allati-puzzle-tigrisek\/p\/\",\"name\":\"Feln\u0151tt 1000 darabos puzzle - \u00c1llati puzzle - Tigrisek\",\"isPartOf\":{\"@id\":\"https:\/\/business.roovi.com\/hu\/#website\"},\"datePublished\":\"2019-05-09T07:42:29+00:00\",\"dateModified\":\"2023-02-28T08:37:28+00:00\",\"description\":\"Feln\u0151tt 1000 darabos puzzle - \u00c1llati puzzle - Tigrisek\",\"breadcrumb\":{\"@id\":\"https:\/\/business.roovi.com\/hu\/felnott-1000-darabos-puzzle-allati-puzzle-tigrisek\/p\/#breadcrumb\"},\"inLanguage\":\"hu\",\"potentialAction\":[{\"@type\":\"ReadAction\",\"target\":[\"https:\/\/business.roovi.com\/hu\/felnott-1000-darabos-puzzle-allati-puzzle-tigrisek\/p\/\"]}]},{\"@type\":\"BreadcrumbList\",\"@id\":\"https:\/\/business.roovi.com\/hu\/felnott-1000-darabos-puzzle-allati-puzzle-tigrisek\/p\/#breadcrumb\",\"itemListElement\":[{\"@type\":\"ListItem\",\"position\":1,\"name\":\"Home\",\"item\":\"https:\/\/business.roovi.com\/hu\/\"},{\"@type\":\"ListItem\",\"position\":2,\"name\":\"Shop\",\"item\":\"https:\/\/business.roovi.com\/hu\/shop\/\"},{\"@type\":\"ListItem\",\"position\":3,\"name\":\"Feln\u0151tt 1000 darabos puzzle &#8211; \u00c1llati puzzle &#8211; Tigrisek\"}]},{\"@type\":\"WebSite\",\"@id\":\"https:\/\/business.roovi.com\/hu\/#website\",\"url\":\"https:\/\/business.roovi.com\/hu\/\",\"name\":\"Roovi B2B\",\"description\":\"Roovi Business Website\",\"potentialAction\":[{\"@type\":\"SearchAction\",\"target\":{\"@type\":\"EntryPoint\",\"urlTemplate\":\"https:\/\/business.roovi.com\/hu\/?s={search_term_string}\"},\"query-input\":\"required name=search_term_string\"}],\"inLanguage\":\"hu\"}]}<\/script>\n<!-- \/ Yoast SEO plugin. -->","yoast_head_json":{"title":"Feln\u0151tt 1000 darabos puzzle - \u00c1llati puzzle - Tigrisek","description":"Feln\u0151tt 1000 darabos puzzle - \u00c1llati puzzle - Tigrisek","robots":{"index":"index","follow":"follow","max-snippet":"max-snippet:-1","max-image-preview":"max-image-preview:large","max-video-preview":"max-video-preview:-1"},"canonical":"https:\/\/business.roovi.com\/hu\/felnott-1000-darabos-puzzle-allati-puzzle-tigrisek\/p\/","og_locale":"hu_HU","og_type":"article","og_title":"Feln\u0151tt 1000 darabos puzzle - \u00c1llati puzzle - Tigrisek","og_description":"Feln\u0151tt 1000 darabos puzzle - \u00c1llati puzzle - Tigrisek","og_url":"https:\/\/business.roovi.com\/hu\/felnott-1000-darabos-puzzle-allati-puzzle-tigrisek\/p\/","og_site_name":"Roovi B2B","article_publisher":"https:\/\/www.facebook.com\/wwwjucariero","article_modified_time":"2023-02-28T08:37:28+00:00","og_image":[{"width":1200,"height":1200,"url":"https:\/\/business.roovi.com\/wp-content\/uploads\/2019\/05\/75987-Ansamblu_dimensiuni-cutie-cm_orizontal-2.png","type":"image\/png"}],"twitter_misc":{"Becs\u00fclt olvas\u00e1si id\u0151":"3 perc"},"schema":{"@context":"https:\/\/schema.org","@graph":[{"@type":"WebPage","@id":"https:\/\/business.roovi.com\/hu\/felnott-1000-darabos-puzzle-allati-puzzle-tigrisek\/p\/","url":"https:\/\/business.roovi.com\/hu\/felnott-1000-darabos-puzzle-allati-puzzle-tigrisek\/p\/","name":"Feln\u0151tt 1000 darabos puzzle - \u00c1llati puzzle - Tigrisek","isPartOf":{"@id":"https:\/\/business.roovi.com\/hu\/#website"},"datePublished":"2019-05-09T07:42:29+00:00","dateModified":"2023-02-28T08:37:28+00:00","description":"Feln\u0151tt 1000 darabos puzzle - \u00c1llati puzzle - Tigrisek","breadcrumb":{"@id":"https:\/\/business.roovi.com\/hu\/felnott-1000-darabos-puzzle-allati-puzzle-tigrisek\/p\/#breadcrumb"},"inLanguage":"hu","potentialAction":[{"@type":"ReadAction","target":["https:\/\/business.roovi.com\/hu\/felnott-1000-darabos-puzzle-allati-puzzle-tigrisek\/p\/"]}]},{"@type":"BreadcrumbList","@id":"https:\/\/business.roovi.com\/hu\/felnott-1000-darabos-puzzle-allati-puzzle-tigrisek\/p\/#breadcrumb","itemListElement":[{"@type":"ListItem","position":1,"name":"Home","item":"https:\/\/business.roovi.com\/hu\/"},{"@type":"ListItem","position":2,"name":"Shop","item":"https:\/\/business.roovi.com\/hu\/shop\/"},{"@type":"ListItem","position":3,"name":"Feln\u0151tt 1000 darabos puzzle &#8211; \u00c1llati puzzle &#8211; Tigrisek"}]},{"@type":"WebSite","@id":"https:\/\/business.roovi.com\/hu\/#website","url":"https:\/\/business.roovi.com\/hu\/","name":"Roovi B2B","description":"Roovi Business Website","potentialAction":[{"@type":"SearchAction","target":{"@type":"EntryPoint","urlTemplate":"https:\/\/business.roovi.com\/hu\/?s={search_term_string}"},"query-input":"required name=search_term_string"}],"inLanguage":"hu"}]}},"_links":{"self":[{"href":"https:\/\/business.roovi.com\/hu\/wp-json\/wp\/v2\/product\/39916","targetHints":{"allow":["GET"]}}],"collection":[{"href":"https:\/\/business.roovi.com\/hu\/wp-json\/wp\/v2\/product"}],"about":[{"href":"https:\/\/business.roovi.com\/hu\/wp-json\/wp\/v2\/types\/product"}],"version-history":[{"count":0,"href":"https:\/\/business.roovi.com\/hu\/wp-json\/wp\/v2\/product\/39916\/revisions"}],"wp:featuredmedia":[{"embeddable":true,"href":"https:\/\/business.roovi.com\/hu\/wp-json\/wp\/v2\/media\/59234"}],"wp:attachment":[{"href":"https:\/\/business.roovi.com\/hu\/wp-json\/wp\/v2\/media?parent=39916"}],"wp:term":[{"taxonomy":"product_brand","embeddable":true,"href":"https:\/\/business.roovi.com\/hu\/wp-json\/wp\/v2\/product_brand?post=39916"},{"taxonomy":"product_cat","embeddable":true,"href":"https:\/\/business.roovi.com\/hu\/wp-json\/wp\/v2\/product_cat?post=39916"},{"taxonomy":"product_tag","embeddable":true,"href":"https:\/\/business.roovi.com\/hu\/wp-json\/wp\/v2\/product_tag?post=39916"}],"curies":[{"name":"wp","href":"https:\/\/api.w.org\/{rel}","templated":true}]}}