{"id":39922,"date":"2019-05-09T07:38:13","date_gmt":"2019-05-09T07:38:13","guid":{"rendered":"https:\/\/business.roovi.com\/puzzle-adulti-1000-piese-animal-puzzle-bufnita-iarna\/p\/"},"modified":"2023-02-28T08:31:56","modified_gmt":"2023-02-28T08:31:56","slug":"felnott-1000-darabos-puzzle-allati-puzzle-teli-bagoly","status":"publish","type":"product","link":"https:\/\/business.roovi.com\/hu\/felnott-1000-darabos-puzzle-allati-puzzle-teli-bagoly\/p\/","title":{"rendered":"Feln\u0151tt 1000 darabos puzzle &#8211; \u00c1llati puzzle &#8211; T\u00e9li bagoly"},"content":{"rendered":"<p><span style=\"font-weight: 400;\">Tudta, hogy a bagoly a b\u00f6lcsess\u00e9g szimb\u00f3luma \u00e9s a sors v\u00e9delmez\u0151je egyes \u0151si kult\u00far\u00e1kban? Azt mondj\u00e1k, hogy az ezt az \u00e9jszakai madarat \u00e1br\u00e1zol\u00f3 t\u00e1rgyat j\u00f3 otthon tartani. Eg\u00e9sz\u00edtsd ki az 1000 darabos T\u00e9li bagoly puzzle k\u00e9p\u00e9t, \u00e9s k\u00e9sz\u00edts egyedi talizm\u00e1nt.<\/span><\/p>\n<p><span style=\"font-weight: 400;\">Ak\u00e1r a szimbolizmus, a term\u00e9szet vagy a kirak\u00f3s j\u00e1t\u00e9kok rajong\u00f3ja vagy, az 1000 darabos T\u00e9li bagoly puzzle rejt\u00e9lyes \u00e9jszakai mad\u00e1r k\u00e9pe leny\u0171g\u00f6z\u0151 k\u00e9p, amely l\u00e1tv\u00e1nyos lesz, b\u00e1rhov\u00e1 is helyezed ki.<\/span><\/p>\n<p><span style=\"font-weight: 400;\">A hideg napokon vagy unalmas pillanatokban, amikor unatkozol, \u00e9s nem tudod, mivel t\u00f6ltsd az id\u0151det, egy 1000 darabos kirak\u00f3j\u00e1t\u00e9k inspir\u00e1l\u00f3 v\u00e1laszt\u00e1s. Seg\u00edt kikapcsol\u00f3dni \u00e9s kiszakadni a rutinb\u00f3l, \u00e9s a v\u00e9g\u00e9n a kem\u00e9ny munka eredm\u00e9nye egy egyedi d\u00edszt\u00e1rgyban mutatkozik meg.<\/span><\/p>\n<p><span style=\"font-weight: 400;\">Ebbe a kreat\u00edv tev\u00e9kenys\u00e9gbe a gyermekeket vagy m\u00e1s csal\u00e1dtagokat is bevonhat. Min\u00e9l t\u00f6bb \u00fcgyes k\u00e9z \u00e9s \u00e9les elme, ann\u00e1l gyorsabban elk\u00e9sz\u00fcl a festm\u00e9ny. R\u00e1ad\u00e1sul nagyszer\u0171 sz\u00f3rakoz\u00e1s, ha a szeretteid a k\u00f6zelben vannak.<\/span><\/p>\n<p><strong>Mi\u00e9rt v\u00e1lassza az 1000 darabos T\u00e9li bagoly puzzle-t?<\/strong><\/p>\n<p><span style=\"font-weight: 400;\">Egy k\u00fcl\u00f6nleges, 1000 darabb\u00f3l \u00e1ll\u00f3, 70 x 50 cm-es kirak\u00f3s k\u00e9pet kapsz.<\/span><\/p>\n<p><span style=\"font-weight: 400;\">A kirak\u00f3s darabjai kiv\u00e1l\u00f3 min\u0151s\u00e9g\u0171 k\u00e9k kartonb\u00f3l k\u00e9sz\u00fcltek, ami ellen\u00e1ll\u00f3bb\u00e1 teszi \u0151ket a t\u00f6bbsz\u00f6ri haszn\u00e1lat sor\u00e1n.<\/span><\/p>\n<p><span style=\"font-weight: 400;\">\u00dajrahasznos\u00edthat\u00f3, term\u00e9szetbar\u00e1t anyagokb\u00f3l k\u00e9sz\u00fclt.<\/span><\/p>\n<p><span style=\"font-weight: 400;\">Ez egy feln\u0151tteknek sz\u00f3l\u00f3 kirak\u00f3s j\u00e1t\u00e9k, amely hossz\u00fa ideig kitart, \u00e9s otthon tarthatod, hogy b\u00e1rmikor \u00fajra felhaszn\u00e1lhasd.<\/span><\/p>\n<p><span style=\"font-weight: 400;\">A kivitel kellemes, f\u00e9lig f\u00e9nyes, \u00e9l\u00e9nk sz\u00ednekkel, amelyek kiemelik a k\u00e9p sz\u00e9ps\u00e9g\u00e9t.<\/span><\/p>\n<p><span style=\"font-weight: 400;\">A j\u00e1t\u00e9k 14 \u00e9v felettiek sz\u00e1m\u00e1ra alkalmas, ami lehet\u0151s\u00e9get ny\u00fajt arra, hogy a tizen\u00e9vesek elszakadjanak a mobiltelefonjaikt\u00f3l, \u00e9s egy csod\u00e1latos szabadid\u0151s tev\u00e9kenys\u00e9gbe vonj\u00e1k be \u0151ket.<\/span><\/p>\n<p><strong>Az 1000 darabos T\u00e9li bagoly kirak\u00f3val edzheted az agyadat \u00e9s sz\u00e1mos olyan k\u00e9szs\u00e9get, amely seg\u00edt a mindennapi tev\u00e9kenys\u00e9geidben:<\/strong><\/p>\n<ul>\n<li><span style=\"font-weight: 400;\">Finommotoros k\u00e9szs\u00e9gek<\/span><\/li>\n<li><span style=\"font-weight: 400;\">Figyelem a r\u00e9szletekre<\/span><\/li>\n<li><span style=\"font-weight: 400;\">T\u00fcrelem<\/span><\/li>\n<li><span style=\"font-weight: 400;\">Koncentr\u00e1ci\u00f3<\/span><\/li>\n<li><span style=\"font-weight: 400;\">Logika<\/span><\/li>\n<li><span style=\"font-weight: 400;\">Probl\u00e9mamegold\u00f3 k\u00e9pess\u00e9g <\/span><\/li>\n<\/ul>\n<p><strong>Tudtad, hogy&#8230;?<\/strong><\/p>\n<p><span style=\"font-weight: 400;\">Van egy bagolyfaj, amely a sarkvid\u00e9ken \u00e9l, \u00e9s a tengeri madarakhoz hasonl\u00f3 hangokat ad ki. A neve sarki bagoly.<\/span><\/p>\n<p><span style=\"font-weight: 400;\">Ez a sarkvid\u00e9ki faj azon kev\u00e9s bagolyfajok egyike, amelyek f\u0151k\u00e9nt nappal vad\u00e1sznak.<\/span><\/p>\n<p><span style=\"font-weight: 400;\">A legkisebb baglyot Eur\u00f3p\u00e1ban \u00fagy h\u00edvj\u00e1k, hogy <\/span><em><span style=\"font-weight: 400;\">ciuvica, <\/span><\/em><span style=\"font-weight: 400;\">\u00e9s n\u00e9h\u00e1nyat haz\u00e1nkban, Bukovina k\u00f6rny\u00e9k\u00e9n is tal\u00e1lunk. K\u00f6r\u00fclbel\u00fcl akkora, mint egy kis teny\u00e9r.<\/span><\/p>\n<p><span style=\"font-weight: 400;\">A vil\u00e1g legkisebb bagolya azonban a man\u00f3faj. K\u00f6r\u00fclbel\u00fcl 14 cm magas \u00e9s 40 gramm s\u00faly\u00fa. Sivatagi ter\u00fcleteken \u00e9l, \u00e9s a madarak \u00e1ltal az \u00f3ri\u00e1skaktuszokba k\u00e9sz\u00edtett lyukakban f\u00e9szkel.<\/span><\/p>\n<p><strong>1000 darabos puzzle T\u00e9li bagoly &#8211; egy lehet\u0151s\u00e9g, hogy \u00fajra kapcsolatba l\u00e9pj\u00fcnk \u00f6nmagunkkal<\/strong><\/p>\n<p><span style=\"font-weight: 400;\">Minden puzzle-rajong\u00f3nak sz\u00fcks\u00e9ge van olyan pillanatokra, amikor egyed\u00fcl lehet \u00f6nmag\u00e1val. Rakd \u00f6ssze az 1000 darabos Bagoly t\u00e9li puzzle-t, \u00e9s tapasztald meg az \u00f6nvizsg\u00e1lat \u00e9s az \u00f6nmagaddal val\u00f3 \u00fajb\u00f3li kapcsolat \u00e1llapot\u00e1t.<\/span><\/p>\n<p><span style=\"font-weight: 400;\">A bonyolult, vil\u00e1gos \u00e1rnyalat\u00fa minta kih\u00edv\u00e1st jelent, hogy intenz\u00edven koncentr\u00e1lj, olyannyira, hogy azt sem fogod tudni, mikor teltek el az \u00f3r\u00e1k. A v\u00e9g\u00e9n, amikor a k\u00e9p utols\u00f3 darabj\u00e1t is felragasztja, az el\u00e9gedetts\u00e9g \u00e9s a teljes\u00edtm\u00e9ny \u00e9rz\u00e9se bizalmat ad a saj\u00e1t erej\u00e9be, \u00e9s felkelti a v\u00e1gyat, hogy \u00fajrakezdje <\/span><\/p>\n<p><span style=\"font-weight: 400;\">Ak\u00e1r egyed\u00fcl szereti \u00f6ssze\u00e1ll\u00edtani a kirak\u00f3sokat, ak\u00e1r a csal\u00e1ddal vagy a bar\u00e1tokkal val\u00f3 kreat\u00edv id\u0151t\u00f6lt\u00e9s \u00f6tlet\u00e9t kedveli, az 1000 darabos T\u00e9li bagoly puzzle egy gy\u00f6ny\u00f6r\u0171en megtervezett feln\u0151tt kirak\u00f3s, amelyet \u00e9rdemes mindig k\u00e9zn\u00e9l tartani.<\/span><\/p>\n<p><span style=\"font-weight: 400;\">Vannak bar\u00e1taid, akik szenved\u00e9lyesen szeretik a kirak\u00f3s j\u00e1t\u00e9kokat, vagy szeretn\u00e9d pr\u00f3b\u00e1ra tenni szeretteid t\u00fcrelm\u00e9t? Az 1000 darabos T\u00e9li bagoly puzzle t\u00f6k\u00e9letes aj\u00e1nd\u00e9k sz\u00e1mukra.<\/span><\/p>\n","protected":false},"excerpt":{"rendered":"<p>Tudta, hogy a bagoly a b\u00f6lcsess\u00e9g szimb\u00f3luma \u00e9s a sors v\u00e9delmez\u0151je egyes \u0151si kult\u00far\u00e1kban? Azt mondj\u00e1k, hogy az ezt az<\/p>\n","protected":false},"featured_media":64071,"template":"","meta":[],"product_brand":[],"product_cat":[1920,1919,1881],"product_tag":[],"class_list":{"0":"post-39922","1":"product","2":"type-product","3":"status-publish","4":"has-post-thumbnail","6":"product_cat-1000-darabos-kirakos-jatek","7":"product_cat-felnott-kirakos-jatekok","8":"product_cat-kirakos-jatekok","9":"pa_brand-deico-hu","10":"pa_country_of_manufacture-ro-hu","11":"pa_filter_age-14-hu","12":"pa_tip_ambalaj-doboz","13":"pa_tip_puzzle-klasszikus","15":"first","16":"instock","17":"taxable","18":"shipping-taxable","19":"product-type-simple"},"yoast_head":"<!-- This site is optimized with the Yoast SEO plugin v20.1 - https:\/\/yoast.com\/wordpress\/plugins\/seo\/ -->\n<title>Feln\u0151tt 1000 darabos puzzle - \u00c1llati puzzle - T\u00e9li bagoly<\/title>\n<meta name=\"description\" content=\"Feln\u0151tt 1000 darabos puzzle - \u00c1llati puzzle - T\u00e9li bagoly\" \/>\n<meta name=\"robots\" content=\"index, follow, max-snippet:-1, max-image-preview:large, max-video-preview:-1\" \/>\n<link rel=\"canonical\" href=\"https:\/\/business.roovi.com\/hu\/felnott-1000-darabos-puzzle-allati-puzzle-teli-bagoly\/p\/\" \/>\n<meta property=\"og:locale\" content=\"hu_HU\" \/>\n<meta property=\"og:type\" content=\"article\" \/>\n<meta property=\"og:title\" content=\"Feln\u0151tt 1000 darabos puzzle - \u00c1llati puzzle - T\u00e9li bagoly\" \/>\n<meta property=\"og:description\" content=\"Feln\u0151tt 1000 darabos puzzle - \u00c1llati puzzle - T\u00e9li bagoly\" \/>\n<meta property=\"og:url\" content=\"https:\/\/business.roovi.com\/hu\/felnott-1000-darabos-puzzle-allati-puzzle-teli-bagoly\/p\/\" \/>\n<meta property=\"og:site_name\" content=\"Roovi B2B\" \/>\n<meta property=\"article:publisher\" content=\"https:\/\/www.facebook.com\/wwwjucariero\" \/>\n<meta property=\"article:modified_time\" content=\"2023-02-28T08:31:56+00:00\" \/>\n<meta property=\"og:image\" content=\"https:\/\/business.roovi.com\/wp-content\/uploads\/2019\/05\/75727-Ansamblu_dimensiuni-cutie-cm_orizontal-2-1.png\" \/>\n\t<meta property=\"og:image:width\" content=\"1200\" \/>\n\t<meta property=\"og:image:height\" content=\"1200\" \/>\n\t<meta property=\"og:image:type\" content=\"image\/png\" \/>\n<meta name=\"twitter:label1\" content=\"Becs\u00fclt olvas\u00e1si id\u0151\" \/>\n\t<meta name=\"twitter:data1\" content=\"3 perc\" \/>\n<script type=\"application\/ld+json\" class=\"yoast-schema-graph\">{\"@context\":\"https:\/\/schema.org\",\"@graph\":[{\"@type\":\"WebPage\",\"@id\":\"https:\/\/business.roovi.com\/hu\/felnott-1000-darabos-puzzle-allati-puzzle-teli-bagoly\/p\/\",\"url\":\"https:\/\/business.roovi.com\/hu\/felnott-1000-darabos-puzzle-allati-puzzle-teli-bagoly\/p\/\",\"name\":\"Feln\u0151tt 1000 darabos puzzle - \u00c1llati puzzle - T\u00e9li bagoly\",\"isPartOf\":{\"@id\":\"https:\/\/business.roovi.com\/hu\/#website\"},\"datePublished\":\"2019-05-09T07:38:13+00:00\",\"dateModified\":\"2023-02-28T08:31:56+00:00\",\"description\":\"Feln\u0151tt 1000 darabos puzzle - \u00c1llati puzzle - T\u00e9li bagoly\",\"breadcrumb\":{\"@id\":\"https:\/\/business.roovi.com\/hu\/felnott-1000-darabos-puzzle-allati-puzzle-teli-bagoly\/p\/#breadcrumb\"},\"inLanguage\":\"hu\",\"potentialAction\":[{\"@type\":\"ReadAction\",\"target\":[\"https:\/\/business.roovi.com\/hu\/felnott-1000-darabos-puzzle-allati-puzzle-teli-bagoly\/p\/\"]}]},{\"@type\":\"BreadcrumbList\",\"@id\":\"https:\/\/business.roovi.com\/hu\/felnott-1000-darabos-puzzle-allati-puzzle-teli-bagoly\/p\/#breadcrumb\",\"itemListElement\":[{\"@type\":\"ListItem\",\"position\":1,\"name\":\"Home\",\"item\":\"https:\/\/business.roovi.com\/hu\/\"},{\"@type\":\"ListItem\",\"position\":2,\"name\":\"Shop\",\"item\":\"https:\/\/business.roovi.com\/hu\/shop\/\"},{\"@type\":\"ListItem\",\"position\":3,\"name\":\"Feln\u0151tt 1000 darabos puzzle &#8211; \u00c1llati puzzle &#8211; T\u00e9li bagoly\"}]},{\"@type\":\"WebSite\",\"@id\":\"https:\/\/business.roovi.com\/hu\/#website\",\"url\":\"https:\/\/business.roovi.com\/hu\/\",\"name\":\"Roovi B2B\",\"description\":\"Roovi Business Website\",\"potentialAction\":[{\"@type\":\"SearchAction\",\"target\":{\"@type\":\"EntryPoint\",\"urlTemplate\":\"https:\/\/business.roovi.com\/hu\/?s={search_term_string}\"},\"query-input\":\"required name=search_term_string\"}],\"inLanguage\":\"hu\"}]}<\/script>\n<!-- \/ Yoast SEO plugin. -->","yoast_head_json":{"title":"Feln\u0151tt 1000 darabos puzzle - \u00c1llati puzzle - T\u00e9li bagoly","description":"Feln\u0151tt 1000 darabos puzzle - \u00c1llati puzzle - T\u00e9li bagoly","robots":{"index":"index","follow":"follow","max-snippet":"max-snippet:-1","max-image-preview":"max-image-preview:large","max-video-preview":"max-video-preview:-1"},"canonical":"https:\/\/business.roovi.com\/hu\/felnott-1000-darabos-puzzle-allati-puzzle-teli-bagoly\/p\/","og_locale":"hu_HU","og_type":"article","og_title":"Feln\u0151tt 1000 darabos puzzle - \u00c1llati puzzle - T\u00e9li bagoly","og_description":"Feln\u0151tt 1000 darabos puzzle - \u00c1llati puzzle - T\u00e9li bagoly","og_url":"https:\/\/business.roovi.com\/hu\/felnott-1000-darabos-puzzle-allati-puzzle-teli-bagoly\/p\/","og_site_name":"Roovi B2B","article_publisher":"https:\/\/www.facebook.com\/wwwjucariero","article_modified_time":"2023-02-28T08:31:56+00:00","og_image":[{"width":1200,"height":1200,"url":"https:\/\/business.roovi.com\/wp-content\/uploads\/2019\/05\/75727-Ansamblu_dimensiuni-cutie-cm_orizontal-2-1.png","type":"image\/png"}],"twitter_misc":{"Becs\u00fclt olvas\u00e1si id\u0151":"3 perc"},"schema":{"@context":"https:\/\/schema.org","@graph":[{"@type":"WebPage","@id":"https:\/\/business.roovi.com\/hu\/felnott-1000-darabos-puzzle-allati-puzzle-teli-bagoly\/p\/","url":"https:\/\/business.roovi.com\/hu\/felnott-1000-darabos-puzzle-allati-puzzle-teli-bagoly\/p\/","name":"Feln\u0151tt 1000 darabos puzzle - \u00c1llati puzzle - T\u00e9li bagoly","isPartOf":{"@id":"https:\/\/business.roovi.com\/hu\/#website"},"datePublished":"2019-05-09T07:38:13+00:00","dateModified":"2023-02-28T08:31:56+00:00","description":"Feln\u0151tt 1000 darabos puzzle - \u00c1llati puzzle - T\u00e9li bagoly","breadcrumb":{"@id":"https:\/\/business.roovi.com\/hu\/felnott-1000-darabos-puzzle-allati-puzzle-teli-bagoly\/p\/#breadcrumb"},"inLanguage":"hu","potentialAction":[{"@type":"ReadAction","target":["https:\/\/business.roovi.com\/hu\/felnott-1000-darabos-puzzle-allati-puzzle-teli-bagoly\/p\/"]}]},{"@type":"BreadcrumbList","@id":"https:\/\/business.roovi.com\/hu\/felnott-1000-darabos-puzzle-allati-puzzle-teli-bagoly\/p\/#breadcrumb","itemListElement":[{"@type":"ListItem","position":1,"name":"Home","item":"https:\/\/business.roovi.com\/hu\/"},{"@type":"ListItem","position":2,"name":"Shop","item":"https:\/\/business.roovi.com\/hu\/shop\/"},{"@type":"ListItem","position":3,"name":"Feln\u0151tt 1000 darabos puzzle &#8211; \u00c1llati puzzle &#8211; T\u00e9li bagoly"}]},{"@type":"WebSite","@id":"https:\/\/business.roovi.com\/hu\/#website","url":"https:\/\/business.roovi.com\/hu\/","name":"Roovi B2B","description":"Roovi Business Website","potentialAction":[{"@type":"SearchAction","target":{"@type":"EntryPoint","urlTemplate":"https:\/\/business.roovi.com\/hu\/?s={search_term_string}"},"query-input":"required name=search_term_string"}],"inLanguage":"hu"}]}},"_links":{"self":[{"href":"https:\/\/business.roovi.com\/hu\/wp-json\/wp\/v2\/product\/39922","targetHints":{"allow":["GET"]}}],"collection":[{"href":"https:\/\/business.roovi.com\/hu\/wp-json\/wp\/v2\/product"}],"about":[{"href":"https:\/\/business.roovi.com\/hu\/wp-json\/wp\/v2\/types\/product"}],"version-history":[{"count":0,"href":"https:\/\/business.roovi.com\/hu\/wp-json\/wp\/v2\/product\/39922\/revisions"}],"wp:featuredmedia":[{"embeddable":true,"href":"https:\/\/business.roovi.com\/hu\/wp-json\/wp\/v2\/media\/64071"}],"wp:attachment":[{"href":"https:\/\/business.roovi.com\/hu\/wp-json\/wp\/v2\/media?parent=39922"}],"wp:term":[{"taxonomy":"product_brand","embeddable":true,"href":"https:\/\/business.roovi.com\/hu\/wp-json\/wp\/v2\/product_brand?post=39922"},{"taxonomy":"product_cat","embeddable":true,"href":"https:\/\/business.roovi.com\/hu\/wp-json\/wp\/v2\/product_cat?post=39922"},{"taxonomy":"product_tag","embeddable":true,"href":"https:\/\/business.roovi.com\/hu\/wp-json\/wp\/v2\/product_tag?post=39922"}],"curies":[{"name":"wp","href":"https:\/\/api.w.org\/{rel}","templated":true}]}}