{"id":39935,"date":"2019-04-26T09:26:09","date_gmt":"2019-04-26T09:26:09","guid":{"rendered":"https:\/\/business.roovi.com\/puzzle-adulti-1000-piese-kurti-andrea-owl-tales-2-bufnite\/p\/"},"modified":"2022-07-06T14:00:23","modified_gmt":"2022-07-06T14:00:23","slug":"kurti-andrea-1000-darabos-felnott-puzzle-owl-tales-2-baglyok","status":"publish","type":"product","link":"https:\/\/business.roovi.com\/hu\/kurti-andrea-1000-darabos-felnott-puzzle-owl-tales-2-baglyok\/p\/","title":{"rendered":"K\u00fcrti Andrea 1000 darabos feln\u0151tt puzzle &#8211; Owl Tales 2 \/ Baglyok"},"content":{"rendered":"<p><span style=\"font-weight: 400\">Szereted a nagyszer\u0171 r\u00e9szletess\u00e9g\u0171 rejtv\u00e9nyeket, \u00e9s igazi detekt\u00edvnek \u00e9rzed magad, amikor a t\u00f6bb sz\u00e1z darab k\u00f6z\u00f6tt nyomokat keresel? Az 1000 darabos Owl Tales 2 \/ Baglyok puzzle egy k\u00fcl\u00f6nleges illusztr\u00e1ci\u00f3 sok bagollyal, melyet K\u00fcrti Andrea m\u0171v\u00e9szn\u0151 eredeti m\u00f3don tervezett.<\/span><\/p>\n<p><span style=\"font-weight: 400\">Amikor \u00fajraalkotod az 1000 darabos Owl Tales 2 \/ Owls puzzle-t, t\u00f6bb mint egy hihetetlen k\u00e9pet \u00e1ll\u00edtasz \u00f6ssze: egy olyan m\u0171alkot\u00e1st, amely gy\u00f6ny\u00f6rk\u00f6dteti a szemedet, \u00e9s feldobja otthonod egy ban\u00e1lis hely\u00e9nek n\u00e9vtelens\u00e9g\u00e9t.<\/span><\/p>\n<p><span style=\"font-weight: 400\">A levelek n\u00e9lk\u00fcli pitypangok t\u00f6mkelege, amelyeket sz\u00e1mtalan sz\u00ednes bagoly \u00e1rny\u00e9kol be, sz\u00e9tt\u00e1rt sz\u00e1rnyakkal vagy k\u00e9rd\u0151n forg\u00f3 fejjel, harmonikus sz\u00ednekben, m\u0171v\u00e9szi hangulatot \u00e1raszt\u00f3, leny\u0171g\u00f6z\u0151 k\u00e9pet alkot.<\/span><\/p>\n<p><span style=\"font-weight: 400\">Ez az 1000 darabos puzzle lehet\u0151s\u00e9get ad arra, hogy id\u0151t t\u00f6lts\u00f6n szeretteivel. A gyerekek biztosan \u00f6r\u00f6mmel fogj\u00e1k felfedezni a k\u00fcl\u00f6nb\u00f6z\u0151 sz\u00edn\u0171 \u00e9s \u00e1llapot\u00fa csod\u00e1latos baglyokat ezen az egyedi illusztr\u00e1ci\u00f3n. Seg\u00edtsd a tizen\u00e9veseket a kreat\u00edv tev\u00e9kenys\u00e9gben, hogy \u00f6sszerakj\u00e1k a kirak\u00f3t, \u00e9s egy\u00fctt t\u00f6bbet tudjanak meg a leny\u0171g\u00f6z\u0151 \u00e9jszakai \u00e9l\u0151l\u00e9nyekr\u0151l.<\/span><\/p>\n<p><strong>Mi\u00e9rt v\u00e1lassza a K\u00fcrti Andrea &#8211; Owl Tales 2 \/ Owls 1000 darabos puzzle-t?<\/strong><\/p>\n<p><span style=\"font-weight: 400\">Saj\u00e1t kez\u0171leg (vagy a gyerekek seg\u00edts\u00e9g\u00e9vel) k\u00e9sz\u00edthetsz egy 50 x 70 cm-es dekorat\u00edv k\u00e9pet.<\/span><\/p>\n<p><span style=\"font-weight: 400\">Min\u0151s\u00e9gi k\u00e9k kartonb\u00f3l k\u00e9sz\u00fclt kirak\u00f3s j\u00e1t\u00e9k, amely nagyon ellen\u00e1ll\u00f3 a t\u00f6bbsz\u00f6ri haszn\u00e1lat sor\u00e1n.<\/span><\/p>\n<p><span style=\"font-weight: 400\">A darabok 2 mm vastagok, ami azt jelenti, hogy nem romlanak meg, ha a k\u00e9pet sokszor megism\u00e9tlik.<\/span><\/p>\n<p><span style=\"font-weight: 400\">Szeretj\u00fck a term\u00e9szetet, \u00e9s \u00fajrahasznos\u00edthat\u00f3 \u00e9s fenntarthat\u00f3 anyagokat haszn\u00e1lunk puzzle j\u00e1t\u00e9kaink elk\u00e9sz\u00edt\u00e9s\u00e9hez.<\/span><\/p>\n<p><span style=\"font-weight: 400\">A fel\u00fcletek f\u00e9lig f\u00e9nyesek, \u00e9s kiemelik az \u00e9l\u00e9nk sz\u00edneket.<\/span><\/p>\n<p><span style=\"font-weight: 400\">T\u00f6k\u00e9letes 14 \u00e9v felettieknek, ez\u00e9rt arra b\u00e1tor\u00edtunk, hogy a tizen\u00e9vesekkel egy\u00fctt gondolkodjatok \u00fajra, hogy a min\u0151s\u00e9gi rejtv\u00e9nyek ir\u00e1nti szenved\u00e9lyt el\u00fcltess\u00e9tek benn\u00fck.<\/span><\/p>\n<p><span style=\"font-weight: 400\">Az 1000 darabos puzzle seg\u00edt fejleszteni a mindennapi tev\u00e9kenys\u00e9geidhez sz\u00fcks\u00e9ges k\u00e9szs\u00e9geket:<\/span><\/p>\n<ul>\n<li><span style=\"font-weight: 400\">Figyelem a finom r\u00e9szletekre.<\/span><\/li>\n<li><span style=\"font-weight: 400\">Kitart\u00e1s a c\u00e9lok el\u00e9r\u00e9s\u00e9ben.<\/span><\/li>\n<li><span style=\"font-weight: 400\">Az apr\u00f3l\u00e9kos feladatok megold\u00e1s\u00e1ra val\u00f3 koncentr\u00e1l\u00e1s k\u00e9pess\u00e9ge.<\/span><\/li>\n<li><span style=\"font-weight: 400\">Finommotoros k\u00e9szs\u00e9gek \u00e9s szem-k\u00e9z koordin\u00e1ci\u00f3.<\/span><\/li>\n<li><span style=\"font-weight: 400\">R\u00f6vid t\u00e1v\u00fa mem\u00f3ria.<\/span><\/li>\n<li><span style=\"font-weight: 400\">Kreativit\u00e1s az \u00e9let minden ter\u00fclet\u00e9n.<\/span><\/li>\n<\/ul>\n<p><strong>Tudtad, hogy&#8230;?<\/strong><\/p>\n<p><span style=\"font-weight: 400\">A baglyok szeretnek s\u00fcn\u00f6kre vad\u00e1szni. Nem f\u00e9lnek az \u00f6lyvekt\u0151l, mert er\u0151s karmaik vannak, hogy megv\u00e9dj\u00e9k \u0151ket.<\/span><\/p>\n<p><span style=\"font-weight: 400\">A n\u0151st\u00e9ny baglyok \u00e1ltal\u00e1ban nagyobbak, mint a h\u00edmek, \u00e9s agressz\u00edvebbek is.<\/span><\/p>\n<p><span style=\"font-weight: 400\">Van egy bagolyfaj, amely a hark\u00e1lyok \u00e1ltal az \u00f3ri\u00e1skaktuszokban kialak\u00edtott lyukakban \u00e9l.<\/span><\/p>\n<p><span style=\"font-weight: 400\">A t\u00fcnd\u00e9rbagoly a legkisebb, de legintelligensebb bagolyfaj.<\/span><\/p>\n<p><span style=\"font-weight: 400\">Egyes fajok, ha nem tal\u00e1lnak el\u00e9g t\u00e1pl\u00e1l\u00e9kot, megeszik a saj\u00e1t kicsinyeiket.<\/span><\/p>\n<p><span style=\"font-weight: 400\">A sarki bagoly a tengeri madarak\u00e9hoz hasonl\u00f3 hangot ad ki.<\/span><\/p>\n<p><strong>Puzzle j\u00e1t\u00e9kok vagy hogyan n\u00f6velheti a termel\u00e9kenys\u00e9g\u00e9t<\/strong><\/p>\n<p><span style=\"font-weight: 400\">Kider\u00fclt, hogy a kirak\u00f3s j\u00e1t\u00e9kok ir\u00e1nti szenved\u00e9ly t\u00f6bb, mint a kikapcsol\u00f3d\u00e1s \u00e9s a mindennapokt\u00f3l val\u00f3 elszakad\u00e1s m\u00f3dja. Az intenz\u00edv koncentr\u00e1ci\u00f3 \u00e9s az elvonatkoztat\u00e1s, amit akkor tapasztalsz, amikor \u00f3r\u00e1kon \u00e1t \u00fclsz egy 1000 darabos kirak\u00f3s k\u00e9p el\u0151tt, seg\u00edt az elm\u00e9dnek egyetlen feladatra \u00f6sszpontos\u00edtani, \u00e9s legy\u0151zni azokat a ment\u00e1lis akad\u00e1lyokat, amelyek a retorikai <\/span><em><span style=\"font-weight: 400\">nem tudsz<\/span><\/em><span style=\"font-weight: 400\">. \u00c9s a v\u00e9g\u00e9n k\u00e9pes leszel legy\u0151zni a korl\u00e1taidat, \u00e9s produkt\u00edv leszel.<\/span><\/p>\n<p><span style=\"font-weight: 400\">Nem csoda, hogy a nagyv\u00e1rosokban sok v\u00e1llalat alak\u00edt ki pihen\u0151helyeket \u00e9s tereket, ahol a dolgoz\u00f3k rejtv\u00e9nyt fejtegethetnek. Bizony\u00e1ra \u00e9szrevett\u00e9k a nagyszer\u0171 kirak\u00f3s j\u00e1t\u00e9kok termel\u00e9kenys\u00e9gi el\u0151nyeit.<\/span><\/p>\n<p><span style=\"font-weight: 400\">V\u00e1s\u00e1rolja meg K\u00fcrti Andrea 1000 darabos puzzle &#8211; Owl Tales \/ Bagolymes\u00e9k \u00e9s tapasztalja meg a kirak\u00f3s j\u00e1t\u00e9k minden el\u0151ny\u00e9t. Ha szeretn\u00e9l kellemesen meglepni egy hasonl\u00f3an szenved\u00e9lyes bar\u00e1todat, ez a feln\u0151tt puzzle ide\u00e1lis aj\u00e1nd\u00e9k.<\/span><\/p><\/p>\n","protected":false},"excerpt":{"rendered":"<p>Szereted a nagyszer\u0171 r\u00e9szletess\u00e9g\u0171 rejtv\u00e9nyeket, \u00e9s igazi detekt\u00edvnek \u00e9rzed magad, amikor a t\u00f6bb sz\u00e1z darab k\u00f6z\u00f6tt nyomokat keresel? Az 1000<\/p>\n","protected":false},"featured_media":49184,"template":"","meta":[],"product_brand":[],"product_cat":[1920,1919,1881],"product_tag":[],"class_list":{"0":"post-39935","1":"product","2":"type-product","3":"status-publish","4":"has-post-thumbnail","6":"product_cat-1000-darabos-kirakos-jatek","7":"product_cat-felnott-kirakos-jatekok","8":"product_cat-kirakos-jatekok","9":"pa_brand-d_toys-hu","10":"pa_country_of_manufacture-ro-hu","11":"pa_filter_age-14-hu","12":"pa_painter-kurtiandrea-hu","13":"pa_tip_ambalaj-doboz","14":"pa_tip_puzzle-klasszikus","16":"first","17":"instock","18":"taxable","19":"shipping-taxable","20":"product-type-simple"},"yoast_head":"<!-- This site is optimized with the Yoast SEO plugin v20.1 - https:\/\/yoast.com\/wordpress\/plugins\/seo\/ -->\n<title>K\u00fcrti Andrea 1000 darabos feln\u0151tt puzzle - Owl Tales 2 \/ Baglyok<\/title>\n<meta name=\"description\" content=\"K\u00fcrti Andrea 1000 darabos feln\u0151tt puzzle - Owl Tales 2 \/ Baglyok\" \/>\n<meta name=\"robots\" content=\"index, follow, max-snippet:-1, max-image-preview:large, max-video-preview:-1\" \/>\n<link rel=\"canonical\" href=\"https:\/\/business.roovi.com\/hu\/kurti-andrea-1000-darabos-felnott-puzzle-owl-tales-2-baglyok\/p\/\" \/>\n<meta property=\"og:locale\" content=\"hu_HU\" \/>\n<meta property=\"og:type\" content=\"article\" \/>\n<meta property=\"og:title\" content=\"K\u00fcrti Andrea 1000 darabos feln\u0151tt puzzle - Owl Tales 2 \/ Baglyok\" \/>\n<meta property=\"og:description\" content=\"K\u00fcrti Andrea 1000 darabos feln\u0151tt puzzle - Owl Tales 2 \/ Baglyok\" \/>\n<meta property=\"og:url\" content=\"https:\/\/business.roovi.com\/hu\/kurti-andrea-1000-darabos-felnott-puzzle-owl-tales-2-baglyok\/p\/\" \/>\n<meta property=\"og:site_name\" content=\"Roovi B2B\" \/>\n<meta property=\"article:publisher\" content=\"https:\/\/www.facebook.com\/wwwjucariero\" \/>\n<meta property=\"article:modified_time\" content=\"2022-07-06T14:00:23+00:00\" \/>\n<meta property=\"og:image\" content=\"https:\/\/business.roovi.com\/wp-content\/uploads\/2019\/04\/75758-02_ansamblu_dimensiuni_cutie_cm_vertical_1200x1200.png\" \/>\n\t<meta property=\"og:image:width\" content=\"1200\" \/>\n\t<meta property=\"og:image:height\" content=\"1200\" \/>\n\t<meta property=\"og:image:type\" content=\"image\/png\" \/>\n<meta name=\"twitter:label1\" content=\"Becs\u00fclt olvas\u00e1si id\u0151\" \/>\n\t<meta name=\"twitter:data1\" content=\"4 perc\" \/>\n<script type=\"application\/ld+json\" class=\"yoast-schema-graph\">{\"@context\":\"https:\/\/schema.org\",\"@graph\":[{\"@type\":\"WebPage\",\"@id\":\"https:\/\/business.roovi.com\/hu\/kurti-andrea-1000-darabos-felnott-puzzle-owl-tales-2-baglyok\/p\/\",\"url\":\"https:\/\/business.roovi.com\/hu\/kurti-andrea-1000-darabos-felnott-puzzle-owl-tales-2-baglyok\/p\/\",\"name\":\"K\u00fcrti Andrea 1000 darabos feln\u0151tt puzzle - Owl Tales 2 \/ Baglyok\",\"isPartOf\":{\"@id\":\"https:\/\/business.roovi.com\/hu\/#website\"},\"datePublished\":\"2019-04-26T09:26:09+00:00\",\"dateModified\":\"2022-07-06T14:00:23+00:00\",\"description\":\"K\u00fcrti Andrea 1000 darabos feln\u0151tt puzzle - Owl Tales 2 \/ Baglyok\",\"breadcrumb\":{\"@id\":\"https:\/\/business.roovi.com\/hu\/kurti-andrea-1000-darabos-felnott-puzzle-owl-tales-2-baglyok\/p\/#breadcrumb\"},\"inLanguage\":\"hu\",\"potentialAction\":[{\"@type\":\"ReadAction\",\"target\":[\"https:\/\/business.roovi.com\/hu\/kurti-andrea-1000-darabos-felnott-puzzle-owl-tales-2-baglyok\/p\/\"]}]},{\"@type\":\"BreadcrumbList\",\"@id\":\"https:\/\/business.roovi.com\/hu\/kurti-andrea-1000-darabos-felnott-puzzle-owl-tales-2-baglyok\/p\/#breadcrumb\",\"itemListElement\":[{\"@type\":\"ListItem\",\"position\":1,\"name\":\"Home\",\"item\":\"https:\/\/business.roovi.com\/hu\/\"},{\"@type\":\"ListItem\",\"position\":2,\"name\":\"Shop\",\"item\":\"https:\/\/business.roovi.com\/hu\/shop\/\"},{\"@type\":\"ListItem\",\"position\":3,\"name\":\"K\u00fcrti Andrea 1000 darabos feln\u0151tt puzzle &#8211; Owl Tales 2 \/ Baglyok\"}]},{\"@type\":\"WebSite\",\"@id\":\"https:\/\/business.roovi.com\/hu\/#website\",\"url\":\"https:\/\/business.roovi.com\/hu\/\",\"name\":\"Roovi B2B\",\"description\":\"Roovi Business Website\",\"potentialAction\":[{\"@type\":\"SearchAction\",\"target\":{\"@type\":\"EntryPoint\",\"urlTemplate\":\"https:\/\/business.roovi.com\/hu\/?s={search_term_string}\"},\"query-input\":\"required name=search_term_string\"}],\"inLanguage\":\"hu\"}]}<\/script>\n<!-- \/ Yoast SEO plugin. -->","yoast_head_json":{"title":"K\u00fcrti Andrea 1000 darabos feln\u0151tt puzzle - Owl Tales 2 \/ Baglyok","description":"K\u00fcrti Andrea 1000 darabos feln\u0151tt puzzle - Owl Tales 2 \/ Baglyok","robots":{"index":"index","follow":"follow","max-snippet":"max-snippet:-1","max-image-preview":"max-image-preview:large","max-video-preview":"max-video-preview:-1"},"canonical":"https:\/\/business.roovi.com\/hu\/kurti-andrea-1000-darabos-felnott-puzzle-owl-tales-2-baglyok\/p\/","og_locale":"hu_HU","og_type":"article","og_title":"K\u00fcrti Andrea 1000 darabos feln\u0151tt puzzle - Owl Tales 2 \/ Baglyok","og_description":"K\u00fcrti Andrea 1000 darabos feln\u0151tt puzzle - Owl Tales 2 \/ Baglyok","og_url":"https:\/\/business.roovi.com\/hu\/kurti-andrea-1000-darabos-felnott-puzzle-owl-tales-2-baglyok\/p\/","og_site_name":"Roovi B2B","article_publisher":"https:\/\/www.facebook.com\/wwwjucariero","article_modified_time":"2022-07-06T14:00:23+00:00","og_image":[{"width":1200,"height":1200,"url":"https:\/\/business.roovi.com\/wp-content\/uploads\/2019\/04\/75758-02_ansamblu_dimensiuni_cutie_cm_vertical_1200x1200.png","type":"image\/png"}],"twitter_misc":{"Becs\u00fclt olvas\u00e1si id\u0151":"4 perc"},"schema":{"@context":"https:\/\/schema.org","@graph":[{"@type":"WebPage","@id":"https:\/\/business.roovi.com\/hu\/kurti-andrea-1000-darabos-felnott-puzzle-owl-tales-2-baglyok\/p\/","url":"https:\/\/business.roovi.com\/hu\/kurti-andrea-1000-darabos-felnott-puzzle-owl-tales-2-baglyok\/p\/","name":"K\u00fcrti Andrea 1000 darabos feln\u0151tt puzzle - Owl Tales 2 \/ Baglyok","isPartOf":{"@id":"https:\/\/business.roovi.com\/hu\/#website"},"datePublished":"2019-04-26T09:26:09+00:00","dateModified":"2022-07-06T14:00:23+00:00","description":"K\u00fcrti Andrea 1000 darabos feln\u0151tt puzzle - Owl Tales 2 \/ Baglyok","breadcrumb":{"@id":"https:\/\/business.roovi.com\/hu\/kurti-andrea-1000-darabos-felnott-puzzle-owl-tales-2-baglyok\/p\/#breadcrumb"},"inLanguage":"hu","potentialAction":[{"@type":"ReadAction","target":["https:\/\/business.roovi.com\/hu\/kurti-andrea-1000-darabos-felnott-puzzle-owl-tales-2-baglyok\/p\/"]}]},{"@type":"BreadcrumbList","@id":"https:\/\/business.roovi.com\/hu\/kurti-andrea-1000-darabos-felnott-puzzle-owl-tales-2-baglyok\/p\/#breadcrumb","itemListElement":[{"@type":"ListItem","position":1,"name":"Home","item":"https:\/\/business.roovi.com\/hu\/"},{"@type":"ListItem","position":2,"name":"Shop","item":"https:\/\/business.roovi.com\/hu\/shop\/"},{"@type":"ListItem","position":3,"name":"K\u00fcrti Andrea 1000 darabos feln\u0151tt puzzle &#8211; Owl Tales 2 \/ Baglyok"}]},{"@type":"WebSite","@id":"https:\/\/business.roovi.com\/hu\/#website","url":"https:\/\/business.roovi.com\/hu\/","name":"Roovi B2B","description":"Roovi Business Website","potentialAction":[{"@type":"SearchAction","target":{"@type":"EntryPoint","urlTemplate":"https:\/\/business.roovi.com\/hu\/?s={search_term_string}"},"query-input":"required name=search_term_string"}],"inLanguage":"hu"}]}},"_links":{"self":[{"href":"https:\/\/business.roovi.com\/hu\/wp-json\/wp\/v2\/product\/39935","targetHints":{"allow":["GET"]}}],"collection":[{"href":"https:\/\/business.roovi.com\/hu\/wp-json\/wp\/v2\/product"}],"about":[{"href":"https:\/\/business.roovi.com\/hu\/wp-json\/wp\/v2\/types\/product"}],"version-history":[{"count":0,"href":"https:\/\/business.roovi.com\/hu\/wp-json\/wp\/v2\/product\/39935\/revisions"}],"wp:featuredmedia":[{"embeddable":true,"href":"https:\/\/business.roovi.com\/hu\/wp-json\/wp\/v2\/media\/49184"}],"wp:attachment":[{"href":"https:\/\/business.roovi.com\/hu\/wp-json\/wp\/v2\/media?parent=39935"}],"wp:term":[{"taxonomy":"product_brand","embeddable":true,"href":"https:\/\/business.roovi.com\/hu\/wp-json\/wp\/v2\/product_brand?post=39935"},{"taxonomy":"product_cat","embeddable":true,"href":"https:\/\/business.roovi.com\/hu\/wp-json\/wp\/v2\/product_cat?post=39935"},{"taxonomy":"product_tag","embeddable":true,"href":"https:\/\/business.roovi.com\/hu\/wp-json\/wp\/v2\/product_tag?post=39935"}],"curies":[{"name":"wp","href":"https:\/\/api.w.org\/{rel}","templated":true}]}}