{"id":39939,"date":"2019-04-26T09:20:42","date_gmt":"2019-04-26T09:20:42","guid":{"rendered":"https:\/\/business.roovi.com\/puzzle-adulti-1000-piese-kurti-andrea-owl-tales-bufnite\/p\/"},"modified":"2022-10-18T10:08:15","modified_gmt":"2022-10-18T10:08:15","slug":"kurti-andrea-1000-darabos-felnott-puzzle-bagolymesek-baglyok","status":"publish","type":"product","link":"https:\/\/business.roovi.com\/hu\/kurti-andrea-1000-darabos-felnott-puzzle-bagolymesek-baglyok\/p\/","title":{"rendered":"K\u00fcrti Andrea 1000 darabos feln\u0151tt puzzle &#8211; Bagolymes\u00e9k \/ Baglyok"},"content":{"rendered":"<p><span style=\"font-weight: 400;\">Ha szereted a term\u00e9szetet \u00e9s a kirak\u00f3s j\u00e1t\u00e9kokat, akkor \u00f6r\u00fclni fogsz, hogy mindk\u00e9t szenved\u00e9lyedet megtal\u00e1lod az 1000 darabos Owl Tales \/ Baglyok puzzle k\u00fcl\u00f6nleges illusztr\u00e1ci\u00f3j\u00e1ban.<\/span><\/p>\n<p><span style=\"font-weight: 400;\">K\u00fcrti Andrea m\u0171v\u00e9szn\u0151 eredeti illusztr\u00e1ci\u00f3val alkotta meg a k\u00e9t aranyos bagoly t\u00f6rt\u00e9net\u00e9t, \u00e9s helyezte egy remek kirak\u00f3s j\u00e1t\u00e9kba. Egyed\u00fcl\u00e1ll\u00f3 p\u00e1r, a n\u0151st\u00e9ny bagoly szeretetet mutat p\u00e1rja ir\u00e1nt, a h\u00edm bagoly pedig egy \u00e1gon \u00fcl \u00e9s a szeretet pillanat\u00e1t teremti meg.<\/span><\/p>\n<p><span style=\"font-weight: 400;\">Mi a t\u00f6rt\u00e9net\u00fck? Engedd szabadj\u00e1ra a fant\u00e1zi\u00e1dat, \u00e9s alkosd meg a sz\u00f6veget a fejedben, mik\u00f6zben \u00f6sszerakod az 1000 puzzle darabk\u00e1it. Ha seg\u00edts\u00e9gre van sz\u00fcks\u00e9ged, h\u00edvd fel a gyerekeidet, \u00e9s egy\u00fctt csin\u00e1lj\u00e1tok \u00fajra a festm\u00e9nyt, \u00e9s az 1000 darabos puzzle-t, valamint az illusztr\u00e1ci\u00f3 m\u00f6g\u00f6tti t\u00f6rt\u00e9netet.<\/span><\/p>\n<p><span style=\"font-weight: 400;\">Kreat\u00edv \u00e9s fant\u00e1ziad\u00fas j\u00e1t\u00e9k, amelyet gyermekeivel egy\u00fctt k\u00e9sz\u00edthet. Min\u0151s\u00e9gi id\u0151t fogtok egy\u00fctt t\u00f6lteni, \u00e9s ez egy nagyszer\u0171 lehet\u0151s\u00e9g lesz arra, hogy meg\u00e9rts\u00e9tek egym\u00e1st, \u00e9s jobban megismerj\u00e9tek egym\u00e1st.<\/span><\/p>\n<p><strong>Mi\u00e9rt k\u00fcl\u00f6nleges 1000 darabos puzzle K\u00fcrti Andrea &#8211; Bagolymes\u00e9k \/ Baglyok?<\/strong><\/p>\n<p><span style=\"font-weight: 400;\">Ez egy pihentet\u0151 \u00e9s kreat\u00edv m\u00f3dja a szabadid\u0151 elt\u00f6lt\u00e9s\u00e9nek.<\/span><\/p>\n<p><span style=\"font-weight: 400;\">Lehet\u0151s\u00e9get ad egy 50 x 70 cm-es m\u0171v\u00e9szi festm\u00e9ny l\u00e9trehoz\u00e1s\u00e1ra.<\/span><\/p>\n<p><span style=\"font-weight: 400;\">A darabok kiv\u00e1l\u00f3 min\u0151s\u00e9g\u0171, 2 mm vastag k\u00e9k kartonb\u00f3l k\u00e9sz\u00fcltek, \u00edgy a k\u00e9pet t\u00f6bbsz\u00f6r is \u00fajra elk\u00e9sz\u00edtheti an\u00e9lk\u00fcl, hogy a darabok megromlan\u00e1nak.<\/span><\/p>\n<p><span style=\"font-weight: 400;\">Ez a puzzle \u00fajrahasznos\u00edthat\u00f3 anyagokb\u00f3l k\u00e9sz\u00fclt, \u00edgy nem kell agg\u00f3dnod amiatt, hogy a j\u00e1t\u00e9kkal \u00e1rtasz a term\u00e9szetnek.<\/span><\/p>\n<p><span style=\"font-weight: 400;\">F\u00e9lf\u00e9nyes fel\u00fclet\u0171, amely kiemeli a k\u00e9p \u00e9l\u00e9nk sz\u00edneit.<\/span><\/p>\n<p><span style=\"font-weight: 400;\">Seg\u00edt meg\u0151rizni a mem\u00f3ri\u00e1dat \u00e9s az agyad eg\u00e9szs\u00e9g\u00e9t.<\/span><\/p>\n<p><span style=\"font-weight: 400;\">14 \u00e9ven fel\u00fcliek sz\u00e1m\u00e1ra alkalmas &#8211; ez egy lehet\u0151s\u00e9g arra, hogy a tizen\u00e9vesekkel egy\u00fctt alkossuk \u00fajra a k\u00e9pet.<\/span><\/p>\n<p><strong>Tudtad, hogy&#8230;?<\/strong><\/p>\n<p><span style=\"font-weight: 400;\">A vil\u00e1gon mintegy 220 bagolyfaj \u00e9l.<\/span><\/p>\n<p><span style=\"font-weight: 400;\">Mindezek a fajok k\u00fcl\u00f6nb\u00f6z\u0151 tulajdons\u00e1gokkal rendelkeznek, de egy dolog k\u00f6z\u00f6s benn\u00fck: k\u00e9pesek 270 fokban elford\u00edtani a fej\u00fcket.<\/span><\/p>\n<p><span style=\"font-weight: 400;\">Nyakukban 14 csigolya van, ami k\u00e9tszer annyi, mint a legt\u00f6bb mad\u00e1r\u00e9.<\/span><\/p>\n<p><span style=\"font-weight: 400;\">Cs\u00f6ves szem\u00fck van, \u00e9s csak egyenesen el\u0151re tudnak n\u00e9zni.<\/span><\/p>\n<p><span style=\"font-weight: 400;\">A nagytest\u0171 fajok ak\u00e1r farkask\u00f6lyk\u00f6kre vagy kisebb \u0151zekre is vad\u00e1szhatnak.<\/span><\/p>\n<p><span style=\"font-weight: 400;\">B\u00e1r kitart\u00f3 ragadoz\u00f3k\u00e9nt ismert, van egy faj, amely a gy\u00fcm\u00f6lcs\u00f6ket \u00e9s a magvakat kedveli: a t\u00fcnd\u00e9rbagoly.<\/span><\/p>\n<p><strong>5 k\u00e9szs\u00e9g puzzle j\u00e1t\u00e9kok fejleszt\u00e9se<\/strong><\/p>\n<p><span style=\"font-weight: 400;\">1. Koncentr\u00e1ci\u00f3s k\u00e9pess\u00e9g.<\/span><\/p>\n<p><span style=\"font-weight: 400;\">2. Logikus gondolkod\u00e1s.<\/span><\/p>\n<p><span style=\"font-weight: 400;\">3. Kitart\u00e1s.<\/span><\/p>\n<p><span style=\"font-weight: 400;\">4. Finommotoros k\u00e9szs\u00e9gek.<\/span><\/p>\n<p><span style=\"font-weight: 400;\">5. Probl\u00e9mamegold\u00f3 k\u00e9pess\u00e9g.<\/span><\/p>\n<p><strong>1000 db Bagoly mes\u00e9k \/ Baglyok a term\u00e9szet szerelmeseinek<\/strong><\/p>\n<p><span style=\"font-weight: 400;\">Az 1000 darabos Owls Tales puzzle illusztr\u00e1ci\u00f3j\u00e1t a term\u00e9szet sz\u00e9ps\u00e9ge ihlette. Ennek a k\u00fcl\u00f6nleges k\u00e9pnek az \u00fajrateremt\u00e9se a relax\u00e1ci\u00f3 \u00e9s a pozit\u00edv energi\u00e1val val\u00f3 felt\u00f6lt\u0151d\u00e9s pillanata, mintha az erd\u0151 sz\u00edv\u00e9ben lenn\u00e9nk.<\/span><\/p>\n<p><span style=\"font-weight: 400;\">Amikor kinyitod ezt a kirak\u00f3t, egy hegyi \u00f6sv\u00e9nyre l\u00e9psz, \u00e9s lassan s\u00e9t\u00e1lsz, an\u00e9lk\u00fcl, hogy megzavarn\u00e1d a term\u00e9szetes t\u00e1jat. \u00c9lvezed a jelent, megtiszt\u00edtod elm\u00e9det a gondolatokt\u00f3l, l\u00e9legzel \u00e9s h\u00e1l\u00e1s vagy minden\u00e9rt, amit megtapasztalsz. Ez a te pillanatod \u00f6nmagaddal. \u00c9lje \u00e1t a legteljesebb m\u00e9rt\u00e9kben, \u00e9s kapcsol\u00f3djon a nagyszer\u0171 kirak\u00f3s j\u00e1t\u00e9k \u00e1ltal inspir\u00e1lt csod\u00e1latos energi\u00e1hoz.<\/span><\/p>\n<p><span style=\"font-weight: 400;\">V\u00e1s\u00e1rolja meg K\u00fcrti Andrea &#8211; Bagolymes\u00e9k \/ Baglyok 1000 darabos kirak\u00f3j\u00e1t, hogy szabadidej\u00e9t var\u00e1zslatos \u00e9s kreat\u00edv ritmusban \u00e9lje meg. Haszn\u00e1ld ki ezt a csod\u00e1latos kirak\u00f3s j\u00e1t\u00e9kot, hogy egy\u00fctt l\u00f3gj szeretteiddel, vagy add aj\u00e1nd\u00e9kba az ismer\u0151seidnek, a kirak\u00f3sok szerelmeseinek.<\/span><\/p>\n","protected":false},"excerpt":{"rendered":"<p>Ha szereted a term\u00e9szetet \u00e9s a kirak\u00f3s j\u00e1t\u00e9kokat, akkor \u00f6r\u00fclni fogsz, hogy mindk\u00e9t szenved\u00e9lyedet megtal\u00e1lod az 1000 darabos Owl Tales<\/p>\n","protected":false},"featured_media":49170,"template":"","meta":[],"product_brand":[],"product_cat":[1920,1919,1881],"product_tag":[],"class_list":{"0":"post-39939","1":"product","2":"type-product","3":"status-publish","4":"has-post-thumbnail","6":"product_cat-1000-darabos-kirakos-jatek","7":"product_cat-felnott-kirakos-jatekok","8":"product_cat-kirakos-jatekok","9":"pa_brand-d_toys-hu","10":"pa_country_of_manufacture-ro-hu","11":"pa_filter_age-14-hu","12":"pa_painter-kurtiandrea-hu","13":"pa_tip_ambalaj-doboz","14":"pa_tip_puzzle-klasszikus","16":"first","17":"instock","18":"taxable","19":"shipping-taxable","20":"product-type-simple"},"yoast_head":"<!-- This site is optimized with the Yoast SEO plugin v20.1 - https:\/\/yoast.com\/wordpress\/plugins\/seo\/ -->\n<title>K\u00fcrti Andrea 1000 darabos feln\u0151tt puzzle - Bagolymes\u00e9k \/ Baglyok<\/title>\n<meta name=\"description\" content=\"K\u00fcrti Andrea 1000 darabos feln\u0151tt puzzle - Bagolymes\u00e9k \/ Baglyok\" \/>\n<meta name=\"robots\" content=\"index, follow, max-snippet:-1, max-image-preview:large, max-video-preview:-1\" \/>\n<link rel=\"canonical\" href=\"https:\/\/business.roovi.com\/hu\/kurti-andrea-1000-darabos-felnott-puzzle-bagolymesek-baglyok\/p\/\" \/>\n<meta property=\"og:locale\" content=\"hu_HU\" \/>\n<meta property=\"og:type\" content=\"article\" \/>\n<meta property=\"og:title\" content=\"K\u00fcrti Andrea 1000 darabos feln\u0151tt puzzle - Bagolymes\u00e9k \/ Baglyok\" \/>\n<meta property=\"og:description\" content=\"K\u00fcrti Andrea 1000 darabos feln\u0151tt puzzle - Bagolymes\u00e9k \/ Baglyok\" \/>\n<meta property=\"og:url\" content=\"https:\/\/business.roovi.com\/hu\/kurti-andrea-1000-darabos-felnott-puzzle-bagolymesek-baglyok\/p\/\" \/>\n<meta property=\"og:site_name\" content=\"Roovi B2B\" \/>\n<meta property=\"article:publisher\" content=\"https:\/\/www.facebook.com\/wwwjucariero\" \/>\n<meta property=\"article:modified_time\" content=\"2022-10-18T10:08:15+00:00\" \/>\n<meta property=\"og:image\" content=\"https:\/\/business.roovi.com\/wp-content\/uploads\/2019\/04\/75758-01_ansamblu_dimensiuni_cutie_cm_vertical_1200x1200.png\" \/>\n\t<meta property=\"og:image:width\" content=\"1200\" \/>\n\t<meta property=\"og:image:height\" content=\"1200\" \/>\n\t<meta property=\"og:image:type\" content=\"image\/png\" \/>\n<meta name=\"twitter:label1\" content=\"Becs\u00fclt olvas\u00e1si id\u0151\" \/>\n\t<meta name=\"twitter:data1\" content=\"2 perc\" \/>\n<script type=\"application\/ld+json\" class=\"yoast-schema-graph\">{\"@context\":\"https:\/\/schema.org\",\"@graph\":[{\"@type\":\"WebPage\",\"@id\":\"https:\/\/business.roovi.com\/hu\/kurti-andrea-1000-darabos-felnott-puzzle-bagolymesek-baglyok\/p\/\",\"url\":\"https:\/\/business.roovi.com\/hu\/kurti-andrea-1000-darabos-felnott-puzzle-bagolymesek-baglyok\/p\/\",\"name\":\"K\u00fcrti Andrea 1000 darabos feln\u0151tt puzzle - Bagolymes\u00e9k \/ Baglyok\",\"isPartOf\":{\"@id\":\"https:\/\/business.roovi.com\/hu\/#website\"},\"datePublished\":\"2019-04-26T09:20:42+00:00\",\"dateModified\":\"2022-10-18T10:08:15+00:00\",\"description\":\"K\u00fcrti Andrea 1000 darabos feln\u0151tt puzzle - Bagolymes\u00e9k \/ Baglyok\",\"breadcrumb\":{\"@id\":\"https:\/\/business.roovi.com\/hu\/kurti-andrea-1000-darabos-felnott-puzzle-bagolymesek-baglyok\/p\/#breadcrumb\"},\"inLanguage\":\"hu\",\"potentialAction\":[{\"@type\":\"ReadAction\",\"target\":[\"https:\/\/business.roovi.com\/hu\/kurti-andrea-1000-darabos-felnott-puzzle-bagolymesek-baglyok\/p\/\"]}]},{\"@type\":\"BreadcrumbList\",\"@id\":\"https:\/\/business.roovi.com\/hu\/kurti-andrea-1000-darabos-felnott-puzzle-bagolymesek-baglyok\/p\/#breadcrumb\",\"itemListElement\":[{\"@type\":\"ListItem\",\"position\":1,\"name\":\"Home\",\"item\":\"https:\/\/business.roovi.com\/hu\/\"},{\"@type\":\"ListItem\",\"position\":2,\"name\":\"Shop\",\"item\":\"https:\/\/business.roovi.com\/hu\/shop\/\"},{\"@type\":\"ListItem\",\"position\":3,\"name\":\"K\u00fcrti Andrea 1000 darabos feln\u0151tt puzzle &#8211; Bagolymes\u00e9k \/ Baglyok\"}]},{\"@type\":\"WebSite\",\"@id\":\"https:\/\/business.roovi.com\/hu\/#website\",\"url\":\"https:\/\/business.roovi.com\/hu\/\",\"name\":\"Roovi B2B\",\"description\":\"Roovi Business Website\",\"potentialAction\":[{\"@type\":\"SearchAction\",\"target\":{\"@type\":\"EntryPoint\",\"urlTemplate\":\"https:\/\/business.roovi.com\/hu\/?s={search_term_string}\"},\"query-input\":\"required name=search_term_string\"}],\"inLanguage\":\"hu\"}]}<\/script>\n<!-- \/ Yoast SEO plugin. -->","yoast_head_json":{"title":"K\u00fcrti Andrea 1000 darabos feln\u0151tt puzzle - Bagolymes\u00e9k \/ Baglyok","description":"K\u00fcrti Andrea 1000 darabos feln\u0151tt puzzle - Bagolymes\u00e9k \/ Baglyok","robots":{"index":"index","follow":"follow","max-snippet":"max-snippet:-1","max-image-preview":"max-image-preview:large","max-video-preview":"max-video-preview:-1"},"canonical":"https:\/\/business.roovi.com\/hu\/kurti-andrea-1000-darabos-felnott-puzzle-bagolymesek-baglyok\/p\/","og_locale":"hu_HU","og_type":"article","og_title":"K\u00fcrti Andrea 1000 darabos feln\u0151tt puzzle - Bagolymes\u00e9k \/ Baglyok","og_description":"K\u00fcrti Andrea 1000 darabos feln\u0151tt puzzle - Bagolymes\u00e9k \/ Baglyok","og_url":"https:\/\/business.roovi.com\/hu\/kurti-andrea-1000-darabos-felnott-puzzle-bagolymesek-baglyok\/p\/","og_site_name":"Roovi B2B","article_publisher":"https:\/\/www.facebook.com\/wwwjucariero","article_modified_time":"2022-10-18T10:08:15+00:00","og_image":[{"width":1200,"height":1200,"url":"https:\/\/business.roovi.com\/wp-content\/uploads\/2019\/04\/75758-01_ansamblu_dimensiuni_cutie_cm_vertical_1200x1200.png","type":"image\/png"}],"twitter_misc":{"Becs\u00fclt olvas\u00e1si id\u0151":"2 perc"},"schema":{"@context":"https:\/\/schema.org","@graph":[{"@type":"WebPage","@id":"https:\/\/business.roovi.com\/hu\/kurti-andrea-1000-darabos-felnott-puzzle-bagolymesek-baglyok\/p\/","url":"https:\/\/business.roovi.com\/hu\/kurti-andrea-1000-darabos-felnott-puzzle-bagolymesek-baglyok\/p\/","name":"K\u00fcrti Andrea 1000 darabos feln\u0151tt puzzle - Bagolymes\u00e9k \/ Baglyok","isPartOf":{"@id":"https:\/\/business.roovi.com\/hu\/#website"},"datePublished":"2019-04-26T09:20:42+00:00","dateModified":"2022-10-18T10:08:15+00:00","description":"K\u00fcrti Andrea 1000 darabos feln\u0151tt puzzle - Bagolymes\u00e9k \/ Baglyok","breadcrumb":{"@id":"https:\/\/business.roovi.com\/hu\/kurti-andrea-1000-darabos-felnott-puzzle-bagolymesek-baglyok\/p\/#breadcrumb"},"inLanguage":"hu","potentialAction":[{"@type":"ReadAction","target":["https:\/\/business.roovi.com\/hu\/kurti-andrea-1000-darabos-felnott-puzzle-bagolymesek-baglyok\/p\/"]}]},{"@type":"BreadcrumbList","@id":"https:\/\/business.roovi.com\/hu\/kurti-andrea-1000-darabos-felnott-puzzle-bagolymesek-baglyok\/p\/#breadcrumb","itemListElement":[{"@type":"ListItem","position":1,"name":"Home","item":"https:\/\/business.roovi.com\/hu\/"},{"@type":"ListItem","position":2,"name":"Shop","item":"https:\/\/business.roovi.com\/hu\/shop\/"},{"@type":"ListItem","position":3,"name":"K\u00fcrti Andrea 1000 darabos feln\u0151tt puzzle &#8211; Bagolymes\u00e9k \/ Baglyok"}]},{"@type":"WebSite","@id":"https:\/\/business.roovi.com\/hu\/#website","url":"https:\/\/business.roovi.com\/hu\/","name":"Roovi B2B","description":"Roovi Business Website","potentialAction":[{"@type":"SearchAction","target":{"@type":"EntryPoint","urlTemplate":"https:\/\/business.roovi.com\/hu\/?s={search_term_string}"},"query-input":"required name=search_term_string"}],"inLanguage":"hu"}]}},"_links":{"self":[{"href":"https:\/\/business.roovi.com\/hu\/wp-json\/wp\/v2\/product\/39939","targetHints":{"allow":["GET"]}}],"collection":[{"href":"https:\/\/business.roovi.com\/hu\/wp-json\/wp\/v2\/product"}],"about":[{"href":"https:\/\/business.roovi.com\/hu\/wp-json\/wp\/v2\/types\/product"}],"version-history":[{"count":0,"href":"https:\/\/business.roovi.com\/hu\/wp-json\/wp\/v2\/product\/39939\/revisions"}],"wp:featuredmedia":[{"embeddable":true,"href":"https:\/\/business.roovi.com\/hu\/wp-json\/wp\/v2\/media\/49170"}],"wp:attachment":[{"href":"https:\/\/business.roovi.com\/hu\/wp-json\/wp\/v2\/media?parent=39939"}],"wp:term":[{"taxonomy":"product_brand","embeddable":true,"href":"https:\/\/business.roovi.com\/hu\/wp-json\/wp\/v2\/product_brand?post=39939"},{"taxonomy":"product_cat","embeddable":true,"href":"https:\/\/business.roovi.com\/hu\/wp-json\/wp\/v2\/product_cat?post=39939"},{"taxonomy":"product_tag","embeddable":true,"href":"https:\/\/business.roovi.com\/hu\/wp-json\/wp\/v2\/product_tag?post=39939"}],"curies":[{"name":"wp","href":"https:\/\/api.w.org\/{rel}","templated":true}]}}