{"id":39944,"date":"2019-04-25T12:42:11","date_gmt":"2019-04-25T12:42:11","guid":{"rendered":"https:\/\/business.roovi.com\/puzzle-adulti-1000-piese-wassily-kandinsky-dominant-curve\/p\/"},"modified":"2022-07-06T14:00:39","modified_gmt":"2022-07-06T14:00:39","slug":"1000-darab-wassily-kandinsky-felnott-puzzle-dominans-gorbe","status":"publish","type":"product","link":"https:\/\/business.roovi.com\/hu\/1000-darab-wassily-kandinsky-felnott-puzzle-dominans-gorbe\/p\/","title":{"rendered":"1000 darab Wassily Kandinsky feln\u0151tt puzzle &#8211; Domin\u00e1ns g\u00f6rbe"},"content":{"rendered":"<p><span style=\"font-weight: 400\">Inspir\u00e1l\u00f3dsz? Fedezd fel a vil\u00e1g legh\u00edresebb festm\u00e9nyeinek m\u00e9lyebb jelent\u00e9s\u00e9t m\u0171v\u00e9szeti rejtv\u00e9nyeken kereszt\u00fcl! Mona Lisa, Ophelia, V\u00e9nusz sz\u00fclet\u00e9se \u00e9s m\u00e9g sok m\u00e1s csak egy kattint\u00e1snyira van. Tedd \u0151ket a kosaradba, \u00e9s kezdd el az 1000 darabos kirak\u00f3k nagyszer\u0171 \u00f6ssze\u00e1ll\u00edt\u00e1s\u00e1t!<\/span><\/p>\n<p><span style=\"font-weight: 400\">Kih\u00edvunk t\u00e9ged, hogy fedezd fel a Wassily Kandinsky &#8211; Domin\u00e1ns g\u00f6rbe 1000 darabos kirak\u00f3s j\u00e1t\u00e9kban a festm\u00e9ny rejtett jelent\u00e9s\u00e9t. Ahogy a neve is mutatja, a festm\u00e9ny az absztrakt m\u0171v\u00e9szet egyik meghat\u00e1roz\u00f3 \u00e9s reprezentat\u00edv alkot\u00e1sa <\/span><\/p>\n<p><span style=\"font-weight: 400\">A festm\u00e9ny sz\u00e1mos lebeg\u0151 alakot \u00e9s biomorf k\u00e9pet \u00e1br\u00e1zol pasztellsz\u00ednekben. Ennek a m\u0171alkot\u00e1snak az \u00fajraalkot\u00e1sa apr\u00f3l\u00e9kos munk\u00e1t \u00e9s a r\u00e9szletekre val\u00f3 odafigyel\u00e9st ig\u00e9nyel. \u00c1ll\u00edtsd fel a doh\u00e1nyz\u00f3asztalt a nappaliban &#8211; ez ide\u00e1lis 1000 puzzle-darab t\u00e1rol\u00e1s\u00e1ra -, \u00e9s kezdj el dolgozni az els\u0151 absztrakt m\u0171veden. Az \u00edgy k\u00e9sz\u00fclt festm\u00e9ny m\u00e9rete 50 x 70 cm.<\/span><\/p>\n<p><span style=\"font-weight: 400\">Olvasson t\u00f6bbet a Wassily Kandinsky &#8211; Domin\u00e1ns g\u00f6rbe 1000 darabos puzzle-r\u0151l al\u00e1bb:<\/span><\/p>\n<p><strong>Puzzle anyag <\/strong><\/p>\n<p><strong>kiv\u00e1l\u00f3 min\u0151s\u00e9g\u0171 k\u00e9k karton<\/strong><\/p>\n<p><strong>fenntarthat\u00f3, \u00fajrahasznos\u00edthat\u00f3 anyagok<\/strong><\/p>\n<p><strong>f\u00e9lf\u00e9nyes kivitel, \u00e9l\u00e9nk sz\u00ednek<\/strong><\/p>\n<p><strong>A kirak\u00f3s darabok sz\u00e1ma: 1000<\/strong><\/p>\n<p><strong>Aj\u00e1nlott \u00e9letkor: 14+<\/strong><\/p>\n<p><strong>Puzzle j\u00e1t\u00e9kok: egy nagyszer\u0171 hobbi, amely csak el\u0151ny\u00f6s \u00d6nnek<\/strong><\/p>\n<p><span style=\"font-weight: 400\">Tudtad, hogy a feln\u0151tt rejtv\u00e9nyek jav\u00edtj\u00e1k a probl\u00e9mamegold\u00f3 k\u00e9pess\u00e9gedet? Ennek oka, hogy a kirak\u00f3s j\u00e1t\u00e9kban \u00e9szre kell venned, hogy minden egyes 1000 kirak\u00f3s darab hol illeszkedik a nagyobb k\u00e9pbe. A folyamatos gyakorl\u00e1ssal megold\u00e1st tal\u00e1lhatsz m\u00e1s probl\u00e9m\u00e1kra is, amelyekkel nap mint nap szembes\u00fclsz, m\u00e9g akkor is, ha minden lehetetlennek t\u0171nik.<\/span><\/p>\n<p><span style=\"font-weight: 400\">Ezen a csod\u00e1latos el\u0151ny\u00f6n k\u00edv\u00fcl a kirak\u00f3s j\u00e1t\u00e9kok seg\u00edtenek:<\/span><\/p>\n<p><span style=\"font-weight: 400\">Koncentr\u00e1ljon jobban<\/span><\/p>\n<p><span style=\"font-weight: 400\">Mindig legy\u00e9l kitart\u00f3, ha el akarod \u00e9rni a c\u00e9ljaidat.<\/span><\/p>\n<p><span style=\"font-weight: 400\">Laz\u00edtson m\u00e9lyen \u00e9s k\u00fczdje le a stresszes helyzeteket.<\/span><\/p>\n<p><span style=\"font-weight: 400\">\u00c9lvezze a min\u0151s\u00e9gi id\u0151t szeretteivel.<\/span><\/p>\n<p><strong>Tudod, milyen szimb\u00f3lumokat tal\u00e1lsz a fest\u00e9szetben <\/strong><strong><em>Domin\u00e1ns g\u00f6rbe?<\/em><\/strong><\/p>\n<p><span style=\"font-weight: 400\">A jobb fels\u0151 sarokban egy sematikus embri\u00f3 l\u00e1that\u00f3 r\u00f3zsasz\u00edn \u00e1rnyalatban.<\/span><\/p>\n<p><span style=\"font-weight: 400\">Egyes kritikusok \u00fagy \u00e9rtelmezt\u00e9k a festm\u00e9ny biomorf k\u00e9peit, mint a m\u0171v\u00e9sz optimista v\u00edzi\u00f3j\u00e1t a h\u00e1bor\u00fa ut\u00e1ni b\u00e9k\u00e9s j\u00f6v\u0151r\u0151l <\/span><\/p>\n<p><span style=\"font-weight: 400\">M\u00e1sok sz\u00e1m\u00e1ra ezeknek a k\u00e9peknek a jelenl\u00e9te a <\/span><em><span style=\"font-weight: 400\">Domin\u00e1ns g\u00f6rbe<\/span><\/em><span style=\"font-weight: 400\"> a m\u0171v\u00e9sz embriol\u00f3gia, zool\u00f3gia \u00e9s botanika ir\u00e1nti rajong\u00e1s\u00e1r\u00f3l tan\u00faskodik.<\/span><\/p>\n<p><span style=\"font-weight: 400\">A Bauhaus-korszakban Kandinszkij rovarok \u00e9s embri\u00f3k illusztr\u00e1ci\u00f3it v\u00e1gta ki \u00e9s mont\u00edrozta fel tudom\u00e1nyos foly\u00f3iratokb\u00f3l tan\u00edt\u00e1si \u00e9s tanulm\u00e1nyi c\u00e9lokra.<\/span><\/p>\n<p><strong>5 el\u0151nye a m\u0171v\u00e9szeti rejtv\u00e9nyeknek <\/strong><\/p>\n<p><span style=\"font-weight: 400\"> V\u00e1lasszon m\u0171v\u00e9szeti rejtv\u00e9nyeket, hogy feldobja a monoton \u00f3r\u00e1kat \u00e9s a:<\/span><\/p>\n<p><span style=\"font-weight: 400\">1. Ismerje meg a h\u00edres festm\u00e9nyeket \u00e9s t\u00f6rt\u00e9neteiket.<\/span><\/p>\n<p><span style=\"font-weight: 400\">2. Alkosson megalapozott m\u0171alkot\u00e1sokat saj\u00e1t kez\u0171leg.<\/span><\/p>\n<p><span style=\"font-weight: 400\">3. Gazdag\u00edtsa \u00e1ltal\u00e1nos ismereteit a vil\u00e1g nagy remekm\u0171veir\u0151l sz\u00f3l\u00f3 inform\u00e1ci\u00f3kkal.<\/span><\/p>\n<p><span style=\"font-weight: 400\">4. Fejleszd a k\u00e9pzel\u0151er\u0151det.<\/span><\/p>\n<p><span style=\"font-weight: 400\">5. Kapcsol\u00f3djon \u00fajra \u00f6nmag\u00e1hoz.<\/span><\/p>\n<p><span style=\"font-weight: 400\">V\u00e1s\u00e1rolja meg a Wassily Kandinsky &#8211; Domin\u00e1ns g\u00f6rbe m\u0171v\u00e9szeti puzzle-t, \u00e9s kapcsol\u00f3djon be egy csod\u00e1latos, szimb\u00f3lumokkal \u00e9s sz\u00ednekkel teli vil\u00e1gba. \u00c1ll\u00edtsd \u00f6ssze az 1000 darabos puzzle-k\u00e9pet a csal\u00e1ddal vagy a bar\u00e1tokkal, \u00e9s \u00e9lvezd a felejthetetlen pillanatokat szeretteiddel. Fedezze fel az \u00f6sszes kirak\u00f3s j\u00e1t\u00e9kot Kandinszkij festm\u00e9nyeinek k\u00e9peivel, \u00e9s hozza l\u00e9tre saj\u00e1t, egyedi m\u0171v\u00e9szeti kirak\u00f3s gy\u0171jtem\u00e9ny\u00e9t.<\/span><\/p>\n<p><span style=\"font-weight: 400\">A Wassily Kandinsky &#8211; Domin\u00e1ns g\u00f6rbe 1000 darabos puzzle nagyszer\u0171 aj\u00e1nd\u00e9k azoknak a bar\u00e1toknak, akik szenved\u00e9lyesen szeretik a kirak\u00f3s j\u00e1t\u00e9kokat vagy a h\u00edres festm\u00e9nyeket.<\/span><\/p><\/p>\n","protected":false},"excerpt":{"rendered":"<p>Inspir\u00e1l\u00f3dsz? Fedezd fel a vil\u00e1g legh\u00edresebb festm\u00e9nyeinek m\u00e9lyebb jelent\u00e9s\u00e9t m\u0171v\u00e9szeti rejtv\u00e9nyeken kereszt\u00fcl! Mona Lisa, Ophelia, V\u00e9nusz sz\u00fclet\u00e9se \u00e9s m\u00e9g sok<\/p>\n","protected":false},"featured_media":63521,"template":"","meta":[],"product_brand":[],"product_cat":[1920,1919,1881],"product_tag":[],"class_list":{"0":"post-39944","1":"product","2":"type-product","3":"status-publish","4":"has-post-thumbnail","6":"product_cat-1000-darabos-kirakos-jatek","7":"product_cat-felnott-kirakos-jatekok","8":"product_cat-kirakos-jatekok","9":"pa_bax-10-hu","10":"pa_brand-d_toys-hu","11":"pa_country_of_manufacture-ro-hu","12":"pa_filter_age-14-hu","13":"pa_painter-wassilykandinsky-hu","14":"pa_tip_ambalaj-doboz","15":"pa_tip_puzzle-klasszikus","17":"first","18":"instock","19":"taxable","20":"shipping-taxable","21":"product-type-simple"},"yoast_head":"<!-- This site is optimized with the Yoast SEO plugin v20.1 - https:\/\/yoast.com\/wordpress\/plugins\/seo\/ -->\n<title>1000 darab Wassily Kandinsky feln\u0151tt puzzle - Domin\u00e1ns g\u00f6rbe<\/title>\n<meta name=\"description\" content=\"1000 darab Wassily Kandinsky feln\u0151tt puzzle - Domin\u00e1ns g\u00f6rbe\" \/>\n<meta name=\"robots\" content=\"index, follow, max-snippet:-1, max-image-preview:large, max-video-preview:-1\" \/>\n<link rel=\"canonical\" href=\"https:\/\/business.roovi.com\/hu\/1000-darab-wassily-kandinsky-felnott-puzzle-dominans-gorbe\/p\/\" \/>\n<meta property=\"og:locale\" content=\"hu_HU\" \/>\n<meta property=\"og:type\" content=\"article\" \/>\n<meta property=\"og:title\" content=\"1000 darab Wassily Kandinsky feln\u0151tt puzzle - Domin\u00e1ns g\u00f6rbe\" \/>\n<meta property=\"og:description\" content=\"1000 darab Wassily Kandinsky feln\u0151tt puzzle - Domin\u00e1ns g\u00f6rbe\" \/>\n<meta property=\"og:url\" content=\"https:\/\/business.roovi.com\/hu\/1000-darab-wassily-kandinsky-felnott-puzzle-dominans-gorbe\/p\/\" \/>\n<meta property=\"og:site_name\" content=\"Roovi B2B\" \/>\n<meta property=\"article:publisher\" content=\"https:\/\/www.facebook.com\/wwwjucariero\" \/>\n<meta property=\"article:modified_time\" content=\"2022-07-06T14:00:39+00:00\" \/>\n<meta property=\"og:image\" content=\"https:\/\/business.roovi.com\/wp-content\/uploads\/2019\/04\/72849-06_ansamblu_dimensiuni_cutie_cm_orizontal.png\" \/>\n\t<meta property=\"og:image:width\" content=\"1200\" \/>\n\t<meta property=\"og:image:height\" content=\"1200\" \/>\n\t<meta property=\"og:image:type\" content=\"image\/png\" \/>\n<meta name=\"twitter:label1\" content=\"Becs\u00fclt olvas\u00e1si id\u0151\" \/>\n\t<meta name=\"twitter:data1\" content=\"3 perc\" \/>\n<script type=\"application\/ld+json\" class=\"yoast-schema-graph\">{\"@context\":\"https:\/\/schema.org\",\"@graph\":[{\"@type\":\"WebPage\",\"@id\":\"https:\/\/business.roovi.com\/hu\/1000-darab-wassily-kandinsky-felnott-puzzle-dominans-gorbe\/p\/\",\"url\":\"https:\/\/business.roovi.com\/hu\/1000-darab-wassily-kandinsky-felnott-puzzle-dominans-gorbe\/p\/\",\"name\":\"1000 darab Wassily Kandinsky feln\u0151tt puzzle - Domin\u00e1ns g\u00f6rbe\",\"isPartOf\":{\"@id\":\"https:\/\/business.roovi.com\/hu\/#website\"},\"datePublished\":\"2019-04-25T12:42:11+00:00\",\"dateModified\":\"2022-07-06T14:00:39+00:00\",\"description\":\"1000 darab Wassily Kandinsky feln\u0151tt puzzle - Domin\u00e1ns g\u00f6rbe\",\"breadcrumb\":{\"@id\":\"https:\/\/business.roovi.com\/hu\/1000-darab-wassily-kandinsky-felnott-puzzle-dominans-gorbe\/p\/#breadcrumb\"},\"inLanguage\":\"hu\",\"potentialAction\":[{\"@type\":\"ReadAction\",\"target\":[\"https:\/\/business.roovi.com\/hu\/1000-darab-wassily-kandinsky-felnott-puzzle-dominans-gorbe\/p\/\"]}]},{\"@type\":\"BreadcrumbList\",\"@id\":\"https:\/\/business.roovi.com\/hu\/1000-darab-wassily-kandinsky-felnott-puzzle-dominans-gorbe\/p\/#breadcrumb\",\"itemListElement\":[{\"@type\":\"ListItem\",\"position\":1,\"name\":\"Home\",\"item\":\"https:\/\/business.roovi.com\/hu\/\"},{\"@type\":\"ListItem\",\"position\":2,\"name\":\"Shop\",\"item\":\"https:\/\/business.roovi.com\/hu\/shop\/\"},{\"@type\":\"ListItem\",\"position\":3,\"name\":\"1000 darab Wassily Kandinsky feln\u0151tt puzzle &#8211; Domin\u00e1ns g\u00f6rbe\"}]},{\"@type\":\"WebSite\",\"@id\":\"https:\/\/business.roovi.com\/hu\/#website\",\"url\":\"https:\/\/business.roovi.com\/hu\/\",\"name\":\"Roovi B2B\",\"description\":\"Roovi Business Website\",\"potentialAction\":[{\"@type\":\"SearchAction\",\"target\":{\"@type\":\"EntryPoint\",\"urlTemplate\":\"https:\/\/business.roovi.com\/hu\/?s={search_term_string}\"},\"query-input\":\"required name=search_term_string\"}],\"inLanguage\":\"hu\"}]}<\/script>\n<!-- \/ Yoast SEO plugin. -->","yoast_head_json":{"title":"1000 darab Wassily Kandinsky feln\u0151tt puzzle - Domin\u00e1ns g\u00f6rbe","description":"1000 darab Wassily Kandinsky feln\u0151tt puzzle - Domin\u00e1ns g\u00f6rbe","robots":{"index":"index","follow":"follow","max-snippet":"max-snippet:-1","max-image-preview":"max-image-preview:large","max-video-preview":"max-video-preview:-1"},"canonical":"https:\/\/business.roovi.com\/hu\/1000-darab-wassily-kandinsky-felnott-puzzle-dominans-gorbe\/p\/","og_locale":"hu_HU","og_type":"article","og_title":"1000 darab Wassily Kandinsky feln\u0151tt puzzle - Domin\u00e1ns g\u00f6rbe","og_description":"1000 darab Wassily Kandinsky feln\u0151tt puzzle - Domin\u00e1ns g\u00f6rbe","og_url":"https:\/\/business.roovi.com\/hu\/1000-darab-wassily-kandinsky-felnott-puzzle-dominans-gorbe\/p\/","og_site_name":"Roovi B2B","article_publisher":"https:\/\/www.facebook.com\/wwwjucariero","article_modified_time":"2022-07-06T14:00:39+00:00","og_image":[{"width":1200,"height":1200,"url":"https:\/\/business.roovi.com\/wp-content\/uploads\/2019\/04\/72849-06_ansamblu_dimensiuni_cutie_cm_orizontal.png","type":"image\/png"}],"twitter_misc":{"Becs\u00fclt olvas\u00e1si id\u0151":"3 perc"},"schema":{"@context":"https:\/\/schema.org","@graph":[{"@type":"WebPage","@id":"https:\/\/business.roovi.com\/hu\/1000-darab-wassily-kandinsky-felnott-puzzle-dominans-gorbe\/p\/","url":"https:\/\/business.roovi.com\/hu\/1000-darab-wassily-kandinsky-felnott-puzzle-dominans-gorbe\/p\/","name":"1000 darab Wassily Kandinsky feln\u0151tt puzzle - Domin\u00e1ns g\u00f6rbe","isPartOf":{"@id":"https:\/\/business.roovi.com\/hu\/#website"},"datePublished":"2019-04-25T12:42:11+00:00","dateModified":"2022-07-06T14:00:39+00:00","description":"1000 darab Wassily Kandinsky feln\u0151tt puzzle - Domin\u00e1ns g\u00f6rbe","breadcrumb":{"@id":"https:\/\/business.roovi.com\/hu\/1000-darab-wassily-kandinsky-felnott-puzzle-dominans-gorbe\/p\/#breadcrumb"},"inLanguage":"hu","potentialAction":[{"@type":"ReadAction","target":["https:\/\/business.roovi.com\/hu\/1000-darab-wassily-kandinsky-felnott-puzzle-dominans-gorbe\/p\/"]}]},{"@type":"BreadcrumbList","@id":"https:\/\/business.roovi.com\/hu\/1000-darab-wassily-kandinsky-felnott-puzzle-dominans-gorbe\/p\/#breadcrumb","itemListElement":[{"@type":"ListItem","position":1,"name":"Home","item":"https:\/\/business.roovi.com\/hu\/"},{"@type":"ListItem","position":2,"name":"Shop","item":"https:\/\/business.roovi.com\/hu\/shop\/"},{"@type":"ListItem","position":3,"name":"1000 darab Wassily Kandinsky feln\u0151tt puzzle &#8211; Domin\u00e1ns g\u00f6rbe"}]},{"@type":"WebSite","@id":"https:\/\/business.roovi.com\/hu\/#website","url":"https:\/\/business.roovi.com\/hu\/","name":"Roovi B2B","description":"Roovi Business Website","potentialAction":[{"@type":"SearchAction","target":{"@type":"EntryPoint","urlTemplate":"https:\/\/business.roovi.com\/hu\/?s={search_term_string}"},"query-input":"required name=search_term_string"}],"inLanguage":"hu"}]}},"_links":{"self":[{"href":"https:\/\/business.roovi.com\/hu\/wp-json\/wp\/v2\/product\/39944","targetHints":{"allow":["GET"]}}],"collection":[{"href":"https:\/\/business.roovi.com\/hu\/wp-json\/wp\/v2\/product"}],"about":[{"href":"https:\/\/business.roovi.com\/hu\/wp-json\/wp\/v2\/types\/product"}],"version-history":[{"count":0,"href":"https:\/\/business.roovi.com\/hu\/wp-json\/wp\/v2\/product\/39944\/revisions"}],"wp:featuredmedia":[{"embeddable":true,"href":"https:\/\/business.roovi.com\/hu\/wp-json\/wp\/v2\/media\/63521"}],"wp:attachment":[{"href":"https:\/\/business.roovi.com\/hu\/wp-json\/wp\/v2\/media?parent=39944"}],"wp:term":[{"taxonomy":"product_brand","embeddable":true,"href":"https:\/\/business.roovi.com\/hu\/wp-json\/wp\/v2\/product_brand?post=39944"},{"taxonomy":"product_cat","embeddable":true,"href":"https:\/\/business.roovi.com\/hu\/wp-json\/wp\/v2\/product_cat?post=39944"},{"taxonomy":"product_tag","embeddable":true,"href":"https:\/\/business.roovi.com\/hu\/wp-json\/wp\/v2\/product_tag?post=39944"}],"curies":[{"name":"wp","href":"https:\/\/api.w.org\/{rel}","templated":true}]}}