{"id":39949,"date":"2019-04-25T12:39:50","date_gmt":"2019-04-25T12:39:50","guid":{"rendered":"https:\/\/business.roovi.com\/puzzle-adulti-1000-piese-wassily-kandinsky-composition-8compozitie-8\/p\/"},"modified":"2023-02-15T08:22:58","modified_gmt":"2023-02-15T08:22:58","slug":"1000-darab-wassily-kandinsky-felnott-puzzle-composition-8-composition-8","status":"publish","type":"product","link":"https:\/\/business.roovi.com\/hu\/1000-darab-wassily-kandinsky-felnott-puzzle-composition-8-composition-8\/p\/","title":{"rendered":"1000 darab Wassily Kandinsky feln\u0151tt puzzle &#8211; Composition 8"},"content":{"rendered":"<p><span style=\"font-weight: 400;\">Leny\u0171g\u00f6zik a m\u0171v\u00e9szet \u00e9s a rejtett rejt\u00e9lyek? A m\u0171v\u00e9szi puzzle gy\u0171jtem\u00e9ny\u00fcnk pont az, amire sz\u00fcks\u00e9ged van! T\u00f6lts\u00f6n sok-sok \u00f3r\u00e1nyi kikapcsol\u00f3d\u00e1st \u00e9s sz\u00f3rakoz\u00e1st a h\u00edres festm\u00e9nyek k\u00e9peit tartalmaz\u00f3 1000 darabos kirak\u00f3sok t\u00e1rsas\u00e1g\u00e1ban. Friss\u00edtsd fel a festm\u00e9nyeket, \u00e9s \u00e9lvezd az egyed\u00fcl\u00e1ll\u00f3 kreat\u00edv \u00e9lm\u00e9nyt!<\/span><\/p>\n<p><span style=\"font-weight: 400;\">Wassily Kandinszkij az absztrakt m\u0171v\u00e9szet els\u0151 szerz\u0151je. Form\u00e1kkal, pontokkal \u00e9s vonalakkal teli festm\u00e9nyei olyan m\u0171v\u00e9szi harm\u00f3ni\u00e1r\u00f3l \u00e1rulkodnak, amelyr\u0151l a mai napig ismert. Az 1000 darabos Wassily Kandinszkij &#8211; 8. kompoz\u00edci\u00f3 puzzle annak a festm\u00e9nynek a k\u00e9p\u00e9t adja vissza, amelyet maga Kandinszkij is m\u0171v\u00e9szi cs\u00facspontj\u00e1nak tartott.<\/span><\/p>\n<p><span style=\"font-weight: 400;\">Kih\u00edvunk t\u00e9ged, hogy alkosd meg \u00fajra ezt a remekm\u0171vet: egy kirak\u00f3j\u00e1t\u00e9k ny\u00edlt h\u00e1tt\u00e9ren, tele absztrakt vonalakkal \u00e9s form\u00e1kkal, de m\u00e9ly jelent\u00e9seket rejtve. Garant\u00e1ljuk, hogy ak\u00e1r 30 \u00f3r\u00e1nyi pihentet\u0151 sz\u00f3rakoz\u00e1st \u00e9s leny\u0171g\u00f6z\u0151 m\u0171alkot\u00e1st ny\u00fajtunk!<\/span><\/p>\n<p><span style=\"font-weight: 400;\">Jellemz\u0151k Wassily Kandinszkij m\u0171v\u00e9szeti puzzle &#8211; Composition 8:<\/span><\/p>\n<p><strong>K\u00e9pm\u00e9ret: 50 x 70 cm <\/strong><span style=\"font-weight: 400;\">A darabok al\u00e1t\u00e1maszt\u00e1s\u00e1ra haszn\u00e1lhat egy k\u00f6z\u00f6ns\u00e9ges doh\u00e1nyz\u00f3asztalt.<\/span><\/p>\n<p><strong>Puzzle anyag <\/strong><\/p>\n<p><strong>kiv\u00e1l\u00f3 min\u0151s\u00e9g\u0171 k\u00e9k karton<\/strong><\/p>\n<p><strong>fenntarthat\u00f3, \u00fajrahasznos\u00edthat\u00f3 anyagok<\/strong><\/p>\n<p><strong>f\u00e9lf\u00e9nyes kivitel, \u00e9l\u00e9nk sz\u00ednek<\/strong><\/p>\n<p><strong>A kirak\u00f3s darabok sz\u00e1ma: 1000<\/strong><\/p>\n<p><strong>Aj\u00e1nlott \u00e9letkor: 14+<\/strong><\/p>\n<p><strong>Tartsd akt\u00edvan az elm\u00e9det az 1000 darabos kirak\u00f3val!<\/strong><\/p>\n<p><span style=\"font-weight: 400;\">A rejtv\u00e9nyj\u00e1t\u00e9kok egyfajta agyi fitnesz, ez\u00e9rt akt\u00edvan tartj\u00e1k az agyat. Az 1000 darabos rejtv\u00e9nyek n\u00e9h\u00e1ny el\u0151nye a k\u00f6vetkez\u0151:<\/span><\/p>\n<ul>\n<li><span style=\"font-weight: 400;\">Stresszcs\u00f6kkent\u00e9s.<\/span><\/li>\n<li><span style=\"font-weight: 400;\">Jav\u00edtott vizu\u00e1lis \u00e9s t\u00e9r\u00e9rz\u00e9kel\u00e9s.<\/span><\/li>\n<li><span style=\"font-weight: 400;\">Fokozott termel\u00e9kenys\u00e9g.<\/span><\/li>\n<li><span style=\"font-weight: 400;\">Jobb koncentr\u00e1ci\u00f3 \u00e9s figyelem a r\u00e9szletekre.<\/span><\/li>\n<li><span style=\"font-weight: 400;\">A probl\u00e9mamegold\u00f3 k\u00e9szs\u00e9gek fejleszt\u00e9se.<\/span><\/li>\n<\/ul>\n<p><strong><em>\u00d6sszet\u00e9tel 8:<\/em><\/strong><strong> a koncentrikus \u00e9s excentrikus kombin\u00e1ci\u00f3ja<\/strong><\/p>\n<p><span style=\"font-weight: 400;\">Szeretne t\u00f6bbet megtudni a fest\u00e9sr\u0151l <\/span><em><span style=\"font-weight: 400;\">\u00d6sszet\u00e9tel 8<\/span><\/em><span style=\"font-weight: 400;\"> wassily Kandinszkij m\u0171v\u00e9szeti rejtv\u00e9ny\u00e9b\u0151l? \u00cdme n\u00e9h\u00e1ny inform\u00e1ci\u00f3 err\u0151l az egyed\u00fcl\u00e1ll\u00f3 m\u0171r\u0151l <\/span><\/p>\n<p><em><span style=\"font-weight: 400;\">\u00d6sszet\u00e9tel 8<\/span><\/em><span style=\"font-weight: 400;\"> hossz\u00fa \u00e9s hom\u00e1lyos m\u00faltra tekint vissza. Kandinszkij maga is \u00fagy tekintett r\u00e1, mint els\u0151 Bauhaus-korszak\u00e1nak cs\u00facspontj\u00e1ra.<\/span><\/p>\n<p><span style=\"font-weight: 400;\">A festm\u00e9nyen <\/span><em><span style=\"font-weight: 400;\">\u00d6sszet\u00e9tel <\/span><\/em><span style=\"font-weight: 400;\">8 nincs k\u00e9t egyforma sz\u00edn <\/span><\/p>\n<p><span style=\"font-weight: 400;\">A sz\u00ednes \u00e9s interakt\u00edv geometriai form\u00e1k olyan l\u00fcktet\u0151 fel\u00fcletet hoznak l\u00e9tre, amely egyszerre dinamikus \u00e9s nyugodt, agressz\u00edv \u00e9s nyugodt.<\/span><\/p>\n<p><span style=\"font-weight: 400;\">Kandinszkij ahelyett, hogy kih\u00edv\u00e1s el\u00e9 \u00e1ll\u00edtan\u00e1 a n\u00e9z\u0151t, ink\u00e1bb arra k\u00e9ri, hogy reag\u00e1ljon az el\u00e9je t\u00e1rul\u00f3 k\u00e9pekre, \u00e9s szem\u00e9lyesen \u00e9rtelmezze a m\u0171vet.<\/span><\/p>\n<p><strong>A kirak\u00f3s j\u00e1t\u00e9kok csod\u00e1latos eszk\u00f6zei a t\u00e1rsadalmi kapcsolatoknak<\/strong><\/p>\n<p><span style=\"font-weight: 400;\">Szeretne t\u00f6bbet szocializ\u00e1l\u00f3dni? Vagy jobban megismerni a tizen\u00e9ves gyermekeidet? Az 1000 darabos rejtv\u00e9nyek seg\u00edthetnek! Haszn\u00e1lja \u0151ket a szeretteivel val\u00f3 kapcsolattart\u00e1sra. Szervezzetek puzzle-esteket, \u00e9s alkossatok egy\u00fctt \u00fajra csod\u00e1latos k\u00e9peket. Haszn\u00e1lja ki ezeket az \u00f6sszej\u00f6veteleket arra, hogy t\u00f6bbet kommunik\u00e1ljon, csapatk\u00e9nt dolgozzon, \u00e9s jobban megismerje szeretteit.<\/span><\/p>\n<p><span style=\"font-weight: 400;\">V\u00e1s\u00e1rolja meg a Wassily Kandinsky &#8211; Composition 8 m\u0171v\u00e9szeti puzzle-t, rakja \u00f6ssze az 1000 darabos puzzle-k\u00e9pet, \u00e9s \u00fcnnepelje a kem\u00e9ny munk\u00e1t a m\u0171alkot\u00e1s bekeretez\u00e9s\u00e9vel. Fedezd fel az \u00f6sszes puzzle j\u00e1t\u00e9kot Kandinszkij festm\u00e9nyeinek k\u00e9peivel, \u00e9s hozd l\u00e9tre saj\u00e1t eredeti gy\u0171jtem\u00e9nyedet 1000 darabos puzzle festm\u00e9nyekb\u0151l <\/span><\/p>\n<p><span style=\"font-weight: 400;\">A Wassily Kandinsky &#8211; Composition 8 m\u0171v\u00e9szeti puzzle inspir\u00e1l\u00f3 v\u00e1laszt\u00e1s, ha egyedi aj\u00e1nd\u00e9kot szeretne adni egy olyan bar\u00e1tj\u00e1nak, aki szereti a kirak\u00f3s j\u00e1t\u00e9kokat.<\/span><\/p>\n","protected":false},"excerpt":{"rendered":"<p>Leny\u0171g\u00f6zik a m\u0171v\u00e9szet \u00e9s a rejtett rejt\u00e9lyek? A m\u0171v\u00e9szi puzzle gy\u0171jtem\u00e9ny\u00fcnk pont az, amire sz\u00fcks\u00e9ged van! T\u00f6lts\u00f6n sok-sok \u00f3r\u00e1nyi kikapcsol\u00f3d\u00e1st<\/p>\n","protected":false},"featured_media":63527,"template":"","meta":[],"product_brand":[],"product_cat":[1920,1919,1881],"product_tag":[],"class_list":{"0":"post-39949","1":"product","2":"type-product","3":"status-publish","4":"has-post-thumbnail","6":"product_cat-1000-darabos-kirakos-jatek","7":"product_cat-felnott-kirakos-jatekok","8":"product_cat-kirakos-jatekok","9":"pa_bax-10-hu","10":"pa_brand-d_toys-hu","11":"pa_country_of_manufacture-ro-hu","12":"pa_filter_age-14-hu","13":"pa_painter-wassilykandinsky-hu","14":"pa_tip_ambalaj-doboz","15":"pa_tip_puzzle-klasszikus","17":"first","18":"instock","19":"taxable","20":"shipping-taxable","21":"product-type-simple"},"yoast_head":"<!-- This site is optimized with the Yoast SEO plugin v20.1 - https:\/\/yoast.com\/wordpress\/plugins\/seo\/ -->\n<title>1000 darab Wassily Kandinsky feln\u0151tt puzzle - Composition 8\/Composition 8<\/title>\n<meta name=\"description\" content=\"1000 darab Wassily Kandinsky feln\u0151tt puzzle - Composition 8\/Composition 8\" \/>\n<meta name=\"robots\" content=\"index, follow, max-snippet:-1, max-image-preview:large, max-video-preview:-1\" \/>\n<link rel=\"canonical\" href=\"https:\/\/business.roovi.com\/hu\/1000-darab-wassily-kandinsky-felnott-puzzle-composition-8-composition-8\/p\/\" \/>\n<meta property=\"og:locale\" content=\"hu_HU\" \/>\n<meta property=\"og:type\" content=\"article\" \/>\n<meta property=\"og:title\" content=\"1000 darab Wassily Kandinsky feln\u0151tt puzzle - Composition 8\/Composition 8\" \/>\n<meta property=\"og:description\" content=\"1000 darab Wassily Kandinsky feln\u0151tt puzzle - Composition 8\/Composition 8\" \/>\n<meta property=\"og:url\" content=\"https:\/\/business.roovi.com\/hu\/1000-darab-wassily-kandinsky-felnott-puzzle-composition-8-composition-8\/p\/\" \/>\n<meta property=\"og:site_name\" content=\"Roovi B2B\" \/>\n<meta property=\"article:publisher\" content=\"https:\/\/www.facebook.com\/wwwjucariero\" \/>\n<meta property=\"article:modified_time\" content=\"2023-02-15T08:22:58+00:00\" \/>\n<meta property=\"og:image\" content=\"https:\/\/business.roovi.com\/wp-content\/uploads\/2019\/04\/72849-05_ansamblu_dimensiuni_cutie_cm_orizontal.png\" \/>\n\t<meta property=\"og:image:width\" content=\"1200\" \/>\n\t<meta property=\"og:image:height\" content=\"1200\" \/>\n\t<meta property=\"og:image:type\" content=\"image\/png\" \/>\n<meta name=\"twitter:label1\" content=\"Becs\u00fclt olvas\u00e1si id\u0151\" \/>\n\t<meta name=\"twitter:data1\" content=\"3 perc\" \/>\n<script type=\"application\/ld+json\" class=\"yoast-schema-graph\">{\"@context\":\"https:\/\/schema.org\",\"@graph\":[{\"@type\":\"WebPage\",\"@id\":\"https:\/\/business.roovi.com\/hu\/1000-darab-wassily-kandinsky-felnott-puzzle-composition-8-composition-8\/p\/\",\"url\":\"https:\/\/business.roovi.com\/hu\/1000-darab-wassily-kandinsky-felnott-puzzle-composition-8-composition-8\/p\/\",\"name\":\"1000 darab Wassily Kandinsky feln\u0151tt puzzle - Composition 8\/Composition 8\",\"isPartOf\":{\"@id\":\"https:\/\/business.roovi.com\/hu\/#website\"},\"datePublished\":\"2019-04-25T12:39:50+00:00\",\"dateModified\":\"2023-02-15T08:22:58+00:00\",\"description\":\"1000 darab Wassily Kandinsky feln\u0151tt puzzle - Composition 8\/Composition 8\",\"breadcrumb\":{\"@id\":\"https:\/\/business.roovi.com\/hu\/1000-darab-wassily-kandinsky-felnott-puzzle-composition-8-composition-8\/p\/#breadcrumb\"},\"inLanguage\":\"hu\",\"potentialAction\":[{\"@type\":\"ReadAction\",\"target\":[\"https:\/\/business.roovi.com\/hu\/1000-darab-wassily-kandinsky-felnott-puzzle-composition-8-composition-8\/p\/\"]}]},{\"@type\":\"BreadcrumbList\",\"@id\":\"https:\/\/business.roovi.com\/hu\/1000-darab-wassily-kandinsky-felnott-puzzle-composition-8-composition-8\/p\/#breadcrumb\",\"itemListElement\":[{\"@type\":\"ListItem\",\"position\":1,\"name\":\"Home\",\"item\":\"https:\/\/business.roovi.com\/hu\/\"},{\"@type\":\"ListItem\",\"position\":2,\"name\":\"Shop\",\"item\":\"https:\/\/business.roovi.com\/hu\/shop\/\"},{\"@type\":\"ListItem\",\"position\":3,\"name\":\"1000 darab Wassily Kandinsky feln\u0151tt puzzle &#8211; Composition 8\"}]},{\"@type\":\"WebSite\",\"@id\":\"https:\/\/business.roovi.com\/hu\/#website\",\"url\":\"https:\/\/business.roovi.com\/hu\/\",\"name\":\"Roovi B2B\",\"description\":\"Roovi Business Website\",\"potentialAction\":[{\"@type\":\"SearchAction\",\"target\":{\"@type\":\"EntryPoint\",\"urlTemplate\":\"https:\/\/business.roovi.com\/hu\/?s={search_term_string}\"},\"query-input\":\"required name=search_term_string\"}],\"inLanguage\":\"hu\"}]}<\/script>\n<!-- \/ Yoast SEO plugin. -->","yoast_head_json":{"title":"1000 darab Wassily Kandinsky feln\u0151tt puzzle - Composition 8\/Composition 8","description":"1000 darab Wassily Kandinsky feln\u0151tt puzzle - Composition 8\/Composition 8","robots":{"index":"index","follow":"follow","max-snippet":"max-snippet:-1","max-image-preview":"max-image-preview:large","max-video-preview":"max-video-preview:-1"},"canonical":"https:\/\/business.roovi.com\/hu\/1000-darab-wassily-kandinsky-felnott-puzzle-composition-8-composition-8\/p\/","og_locale":"hu_HU","og_type":"article","og_title":"1000 darab Wassily Kandinsky feln\u0151tt puzzle - Composition 8\/Composition 8","og_description":"1000 darab Wassily Kandinsky feln\u0151tt puzzle - Composition 8\/Composition 8","og_url":"https:\/\/business.roovi.com\/hu\/1000-darab-wassily-kandinsky-felnott-puzzle-composition-8-composition-8\/p\/","og_site_name":"Roovi B2B","article_publisher":"https:\/\/www.facebook.com\/wwwjucariero","article_modified_time":"2023-02-15T08:22:58+00:00","og_image":[{"width":1200,"height":1200,"url":"https:\/\/business.roovi.com\/wp-content\/uploads\/2019\/04\/72849-05_ansamblu_dimensiuni_cutie_cm_orizontal.png","type":"image\/png"}],"twitter_misc":{"Becs\u00fclt olvas\u00e1si id\u0151":"3 perc"},"schema":{"@context":"https:\/\/schema.org","@graph":[{"@type":"WebPage","@id":"https:\/\/business.roovi.com\/hu\/1000-darab-wassily-kandinsky-felnott-puzzle-composition-8-composition-8\/p\/","url":"https:\/\/business.roovi.com\/hu\/1000-darab-wassily-kandinsky-felnott-puzzle-composition-8-composition-8\/p\/","name":"1000 darab Wassily Kandinsky feln\u0151tt puzzle - Composition 8\/Composition 8","isPartOf":{"@id":"https:\/\/business.roovi.com\/hu\/#website"},"datePublished":"2019-04-25T12:39:50+00:00","dateModified":"2023-02-15T08:22:58+00:00","description":"1000 darab Wassily Kandinsky feln\u0151tt puzzle - Composition 8\/Composition 8","breadcrumb":{"@id":"https:\/\/business.roovi.com\/hu\/1000-darab-wassily-kandinsky-felnott-puzzle-composition-8-composition-8\/p\/#breadcrumb"},"inLanguage":"hu","potentialAction":[{"@type":"ReadAction","target":["https:\/\/business.roovi.com\/hu\/1000-darab-wassily-kandinsky-felnott-puzzle-composition-8-composition-8\/p\/"]}]},{"@type":"BreadcrumbList","@id":"https:\/\/business.roovi.com\/hu\/1000-darab-wassily-kandinsky-felnott-puzzle-composition-8-composition-8\/p\/#breadcrumb","itemListElement":[{"@type":"ListItem","position":1,"name":"Home","item":"https:\/\/business.roovi.com\/hu\/"},{"@type":"ListItem","position":2,"name":"Shop","item":"https:\/\/business.roovi.com\/hu\/shop\/"},{"@type":"ListItem","position":3,"name":"1000 darab Wassily Kandinsky feln\u0151tt puzzle &#8211; Composition 8"}]},{"@type":"WebSite","@id":"https:\/\/business.roovi.com\/hu\/#website","url":"https:\/\/business.roovi.com\/hu\/","name":"Roovi B2B","description":"Roovi Business Website","potentialAction":[{"@type":"SearchAction","target":{"@type":"EntryPoint","urlTemplate":"https:\/\/business.roovi.com\/hu\/?s={search_term_string}"},"query-input":"required name=search_term_string"}],"inLanguage":"hu"}]}},"_links":{"self":[{"href":"https:\/\/business.roovi.com\/hu\/wp-json\/wp\/v2\/product\/39949","targetHints":{"allow":["GET"]}}],"collection":[{"href":"https:\/\/business.roovi.com\/hu\/wp-json\/wp\/v2\/product"}],"about":[{"href":"https:\/\/business.roovi.com\/hu\/wp-json\/wp\/v2\/types\/product"}],"version-history":[{"count":0,"href":"https:\/\/business.roovi.com\/hu\/wp-json\/wp\/v2\/product\/39949\/revisions"}],"wp:featuredmedia":[{"embeddable":true,"href":"https:\/\/business.roovi.com\/hu\/wp-json\/wp\/v2\/media\/63527"}],"wp:attachment":[{"href":"https:\/\/business.roovi.com\/hu\/wp-json\/wp\/v2\/media?parent=39949"}],"wp:term":[{"taxonomy":"product_brand","embeddable":true,"href":"https:\/\/business.roovi.com\/hu\/wp-json\/wp\/v2\/product_brand?post=39949"},{"taxonomy":"product_cat","embeddable":true,"href":"https:\/\/business.roovi.com\/hu\/wp-json\/wp\/v2\/product_cat?post=39949"},{"taxonomy":"product_tag","embeddable":true,"href":"https:\/\/business.roovi.com\/hu\/wp-json\/wp\/v2\/product_tag?post=39949"}],"curies":[{"name":"wp","href":"https:\/\/api.w.org\/{rel}","templated":true}]}}