{"id":39958,"date":"2019-04-25T11:02:17","date_gmt":"2019-04-25T11:02:17","guid":{"rendered":"https:\/\/business.roovi.com\/puzzle-adulti-pieter-bruegel-cel-batran-landscape-with-the-fall-of-icaruscaderea-lui-icarus-1000-piese\/p\/"},"modified":"2022-07-06T14:04:08","modified_gmt":"2022-07-06T14:04:08","slug":"pieter-bruegel-the-elder-tajkep-ikarosz-bukasaval-1000-darabos-felnott-puzzle","status":"publish","type":"product","link":"https:\/\/business.roovi.com\/hu\/pieter-bruegel-the-elder-tajkep-ikarosz-bukasaval-1000-darabos-felnott-puzzle\/p\/","title":{"rendered":"Pieter Bruegel the Elder &#8211; T\u00e1jk\u00e9p Ikarosz buk\u00e1s\u00e1val &#8211; 1000 darabos feln\u0151tt puzzle"},"content":{"rendered":"<p><span style=\"font-weight: 400\">A feln\u0151tt rejtv\u00e9nyek k\u00fcl\u00f6nb\u00f6z\u0151 form\u00e1kban m\u00e1r az \u00f3kor \u00f3ta l\u00e9teznek. R\u00e9g\u00f3ta haszn\u00e1lj\u00e1k tananyagk\u00e9nt f\u00f6ldrajz- vagy matematika\u00f3r\u00e1kon. A m\u0171v\u00e9szeti rejtv\u00e9nyek leny\u0171g\u00f6z\u0151 gy\u0171jtem\u00e9ny\u00e9t hoztuk l\u00e9tre a rejtv\u00e9nyek szerelmeseinek.<\/span><\/p>\n<p><span style=\"font-weight: 400\">\u00d6n is k\u00f6z\u00e9j\u00fck tartozik? Rengeteg aj\u00e1nl\u00e1sunk van az \u00d6n sz\u00e1m\u00e1ra. Renesz\u00e1nsz, barokk vagy kort\u00e1rs festm\u00e9nyek, a Rom\u00e1ni\u00e1ban k\u00e9sz\u00fclt puzzle-m\u0171v\u00e9szeti alkot\u00e1sok legv\u00e1ltozatosabb v\u00e1laszt\u00e9k\u00e1val rendelkez\u00fcnk <\/span><\/p>\n<p><span style=\"font-weight: 400\">T\u00fckr\u00f6zze egy eml\u00e9kezetes festm\u00e9ny a leny\u0171g\u00f6z\u0151 festm\u00e9ny a <\/span><span style=\"font-weight: 400\">Pieter Bruegel az id\u0151sebb<\/span><span style=\"font-weight: 400\"> az 1000 darabos kirak\u00f3sb\u00f3l <\/span><span style=\"font-weight: 400\">Ikarosz buk\u00e1sa! A festm\u00e9ny \u00fajrateremt\u00e9se igazi szellemi \u00e9lvezet, mivel Ovidius Metamorf\u00f3zisain kereszt\u00fcl a flamand renesz\u00e1nszig vezet. Fedezd fel Bruegel leny\u0171g\u00f6z\u0151 t\u00e9m\u00e1j\u00e1t ebben az 1000 darabos puzzle-ben! A v\u00e9gleges munka 50 x 70 cm-es, \u00e9s egy hagyom\u00e1nyos doh\u00e1nyz\u00f3asztal alkalmas az \u00f6sszeszerel\u00e9sre.<\/span><\/p>\n<p><span style=\"font-weight: 400\">Olvasson t\u00f6bbet err\u0151l a m\u0171v\u00e9szeti rejtv\u00e9nyr\u0151l az al\u00e1bbiakban.<\/span><\/p>\n<p><strong>Puzzle anyag <\/strong><\/p>\n<p><strong>kiv\u00e1l\u00f3 min\u0151s\u00e9g\u0171 k\u00e9k karton<\/strong><\/p>\n<p><strong>fenntarthat\u00f3, \u00fajrahasznos\u00edthat\u00f3 anyagok<\/strong><\/p>\n<p><strong>f\u00e9lf\u00e9nyes kivitel, \u00e9l\u00e9nk sz\u00ednek<\/strong><\/p>\n<p><strong>A kirak\u00f3s darabok sz\u00e1ma: 1000<\/strong><\/p>\n<p><strong>Aj\u00e1nlott \u00e9letkor: 14+<\/strong><\/p>\n<p><strong>Puzzle 1000 darab<\/strong><\/p>\n<p><strong>az 1000 darabos puzzle 5 meglep\u0151 el\u0151nye<\/strong><\/p>\n<p><span style=\"font-weight: 400\">Ha azt mondod, 1000 darabos kirak\u00f3s, akkor az a hobbi jut eszedbe, amely \u00f6r\u00f6met, kikapcsol\u00f3d\u00e1st \u00e9s sz\u00f3rakoz\u00e1st ny\u00fajt neked. A kirak\u00f3s j\u00e1t\u00e9kok enn\u00e9l t\u00f6bbr\u0151l sz\u00f3lnak. \u00cdme n\u00e9h\u00e1ny meglep\u0151 el\u0151ny, amit akkor kapsz, ha feln\u0151tt puzzle-rajong\u00f3 vagy:<\/span><\/p>\n<p><strong>A feln\u0151tt rejtv\u00e9nyek j\u00f3 szellemi gyakorlatok<\/strong><\/p>\n<p><span style=\"font-weight: 400\">Egy 1000 darabos kirak\u00f3s teljes k\u00f6r\u0171 agytorna, mivel mind a logik\u00e1\u00e9rt \u00e9s objektivit\u00e1s\u00e9rt felel\u0151s bal agyf\u00e9ltek\u00e9t, mind a kreativit\u00e1s\u00e9rt \u00e9s \u00e9rzelmek\u00e9rt felel\u0151s jobb agyf\u00e9ltek\u00e9t megmozgatja <\/span><\/p>\n<p><strong>A feln\u0151tt rejtv\u00e9nyek n\u00f6velik a r\u00e9szletekre val\u00f3 figyelmet<\/strong><\/p>\n<p><span style=\"font-weight: 400\">A legt\u00f6bb feln\u0151tt rejtv\u00e9nyben a darabok nagyon hasonl\u00f3ak, ez\u00e9rt rendk\u00edv\u00fcl fontos, hogy a r\u00e9szletekre koncentr\u00e1lj. A l\u00e1t\u00e1s\u00e1t is edzenie kell, hogy \u00e9szrevegye az apr\u00f3 formai vagy sz\u00ednbeli k\u00fcl\u00f6nbs\u00e9geket, amelyek seg\u00edtenek az 1000 darabos puzzle k\u00e9p\u00e9nek kit\u00f6lt\u00e9s\u00e9ben. A r\u00e9szletek r\u00f6gz\u00edt\u00e9s\u00e9nek ez a k\u00e9pess\u00e9ge hasznos a mindennapi tev\u00e9kenys\u00e9gek sor\u00e1n, \u00e9s seg\u00edt a munka min\u0151s\u00e9g\u00e9nek jav\u00edt\u00e1s\u00e1ban.<\/span><\/p>\n<p><strong>A feln\u0151tt rejtv\u00e9nyek seg\u00edtenek a mem\u00f3ria fejleszt\u00e9s\u00e9ben<\/strong><\/p>\n<p><span style=\"font-weight: 400\">Minden egyes alkalommal, amikor az 1000 kirak\u00f3s darabot \u00f6sszeilleszted, meg kell jegyezned a form\u00e1kat, sz\u00edneket, k\u00e9peket, hogy a lehet\u0151 leggyorsabban \u00fajra \u00f6ssze tudd \u00e1ll\u00edtani a k\u00e9pet. Ezek a kis gyakorlatok nagyon fontosak a r\u00f6vid t\u00e1v\u00fa mem\u00f3ria jav\u00edt\u00e1s\u00e1hoz.<\/span><\/p>\n<p><strong>A feln\u0151tt rejtv\u00e9nyek az IQ n\u00f6vel\u00e9s\u00e9nek tr\u00fckkje<\/strong><\/p>\n<p><span style=\"font-weight: 400\">\u00c9s nem mi vagyunk azok, hanem a Michigani Egyetem kutat\u00f3csoportja, akik egy tanulm\u00e1nyukban meg\u00e1llap\u00edtott\u00e1k, hogy azok, akik naponta legal\u00e1bb 25 percet t\u00f6ltenek egy feln\u0151tt puzzle megold\u00e1s\u00e1val, ak\u00e1r 4 ponttal is n\u00f6velhetik az IQ-jukat.<\/span><\/p>\n<p><strong>A feln\u0151tt rejtv\u00e9nyek jelent\u0151sen cs\u00f6kkentik a stressz-szintet<\/strong><\/p>\n<p><span style=\"font-weight: 400\">&#8230; \u00e9s seg\u00edt ellazulni! Azt mondj\u00e1k, hogy az agyunk alfa \u00e1llapotba ker\u00fcl, amikor rejtv\u00e9nyeket oldunk meg. Ez hasonl\u00f3 ahhoz az \u00e1llapothoz, amelyben \u00e1lmod\u00e1s k\u00f6zben vagyunk.<\/span><\/p>\n<p><strong>K\u00e9p  <\/strong><strong><em>Ikarosz buk\u00e1sa<\/em><\/strong><strong>  az 1000 darabos kirak\u00f3sb\u00f3l &#8211; rejt\u00e9lybe burkol\u00f3zva<\/strong><\/p>\n<p><span style=\"font-weight: 400\">A festm\u00e9nyt 1998 \u00e9s 2006 k\u00f6z\u00f6tt m\u0171szaki vizsg\u00e1latnak al\u00e1vetett szak\u00e9rt\u0151k arra a k\u00f6vetkeztet\u00e9sre jutottak, hogy a m\u00e1ig fennmaradt m\u00e1solat nem hiteles. Lehet, hogy ez a fia m\u0171ve, vagy az eredeti elveszett v\u00e1ltozata. A festm\u00e9nyt m\u00e9g mindig rejt\u00e9ly \u00f6vezi.<\/span><\/p>\n<p><strong>\u00c9s tudtad, hogy&#8230;<\/strong><\/p>\n<ul style=\"list-style-type: disc\">\n<li><em><span style=\"font-weight: 400\">Ikarosz buk\u00e1sa <\/span><\/em> <span style=\"font-weight: 400\">az egyetlen mitol\u00f3giai festm\u00e9ny Bruegel \u00e9letm\u0171v\u00e9ben?<\/span><\/li>\n<li><span style=\"font-weight: 400\">A k\u00e9p kompoz\u00edci\u00f3ja eredeti a korban? Az Ikarosz buk\u00e1sa a h\u00e1tt\u00e9rben helyezkedik el, ha nem n\u00e9zz\u00fck meg alaposan a festm\u00e9nyt, szinte lemaradunk a f\u0151 t\u00e9m\u00e1r\u00f3l.<\/span><\/li>\n<li><span style=\"font-weight: 400\">Egyes szerz\u0151k azon a v\u00e9lem\u00e9nyen vannak, hogy a szerz\u0151 val\u00f3j\u00e1ban egy p\u00e9ld\u00e1zatot alkotott az emberi t\u00f6rekv\u00e9sekr\u0151l?<\/span><\/li>\n<\/ul>\n<p><strong>Plusz, az 1000 darabos rejtv\u00e9nyekr\u0151l..<\/strong><\/p>\n<ul style=\"list-style-type: disc\">\n<li><span style=\"font-weight: 400\">Tartsa t\u00e1vol az agy\u00e1t\u00f3l a neurodegenerat\u00edv betegs\u00e9geket!<\/span><\/li>\n<li><span style=\"font-weight: 400\">Nagyszer\u0171 sz\u00f3rakoz\u00e1st ny\u00fajtanak, ha egy szeretteddel egy\u00fctt oldod meg \u0151ket!<\/span><\/li>\n<li><span style=\"font-weight: 400\">\u00dagy \u00e9rzed magad, mint egy igazi nyomoz\u00f3!<\/span><\/li>\n<li><span style=\"font-weight: 400\">Pozit\u00edv energi\u00e1val bor\u00edtanak be!<\/span><\/li>\n<li><span style=\"font-weight: 400\">Megtan\u00edtanak m\u00f3dszeresen \u00e9s hat\u00e9konyan dolgozni!<\/span><\/li>\n<\/ul>\n<p><span style=\"font-weight: 400\">Szenved\u00e9lyesen szereted az 1000 darabos kirak\u00f3s j\u00e1t\u00e9kokat? A rejtv\u00e9ny <\/span><span style=\"font-weight: 400\">Pieter Bruegel the Elder Az Ikarosz buk\u00e1sa a megfelel\u0151 v\u00e1laszt\u00e1s a t\u00e9li est\u00e9k egyhang\u00fas\u00e1g\u00e1nak megt\u00f6r\u00e9s\u00e9re. V\u00e1s\u00e1rolja meg most ezt a csod\u00e1latos puzzle j\u00e1t\u00e9kot a puzzle art gy\u0171jtem\u00e9nyb\u0151l!<\/span><\/p>\n<p><span style=\"font-weight: 400\">A Fall of Icarus 1000 darabos puzzle megfelel\u0151 aj\u00e1nd\u00e9k is, ha egy kedves bar\u00e1todnak szeretn\u00e9l kellemes meglepet\u00e9st okozni <\/span><\/p>\n","protected":false},"excerpt":{"rendered":"<p>A feln\u0151tt rejtv\u00e9nyek k\u00fcl\u00f6nb\u00f6z\u0151 form\u00e1kban m\u00e1r az \u00f3kor \u00f3ta l\u00e9teznek. R\u00e9g\u00f3ta haszn\u00e1lj\u00e1k tananyagk\u00e9nt f\u00f6ldrajz- vagy matematika\u00f3r\u00e1kon. A m\u0171v\u00e9szeti rejtv\u00e9nyek leny\u0171g\u00f6z\u0151<\/p>\n","protected":false},"featured_media":63178,"template":"","meta":[],"product_brand":[],"product_cat":[1920,1919,1881],"product_tag":[],"class_list":{"0":"post-39958","1":"product","2":"type-product","3":"status-publish","4":"has-post-thumbnail","6":"product_cat-1000-darabos-kirakos-jatek","7":"product_cat-felnott-kirakos-jatekok","8":"product_cat-kirakos-jatekok","9":"pa_bax-10-hu","10":"pa_brand-d_toys-hu","11":"pa_country_of_manufacture-ro-hu","12":"pa_filter_age-14-hu","13":"pa_painter-pieterbreugeltheelder-hu","14":"pa_tip_ambalaj-doboz","15":"pa_tip_puzzle-klasszikus","17":"first","18":"instock","19":"taxable","20":"shipping-taxable","21":"product-type-simple"},"yoast_head":"<!-- This site is optimized with the Yoast SEO plugin v20.1 - https:\/\/yoast.com\/wordpress\/plugins\/seo\/ -->\n<title>Pieter Bruegel the Elder - T\u00e1jk\u00e9p Ikarosz buk\u00e1s\u00e1val - 1000 darabos feln\u0151tt puzzle<\/title>\n<meta name=\"description\" content=\"Pieter Bruegel the Elder - T\u00e1jk\u00e9p Ikarosz buk\u00e1s\u00e1val - 1000 darabos feln\u0151tt puzzle\" \/>\n<meta name=\"robots\" content=\"index, follow, max-snippet:-1, max-image-preview:large, max-video-preview:-1\" \/>\n<link rel=\"canonical\" href=\"https:\/\/business.roovi.com\/hu\/pieter-bruegel-the-elder-tajkep-ikarosz-bukasaval-1000-darabos-felnott-puzzle\/p\/\" \/>\n<meta property=\"og:locale\" content=\"hu_HU\" \/>\n<meta property=\"og:type\" content=\"article\" \/>\n<meta property=\"og:title\" content=\"Pieter Bruegel the Elder - T\u00e1jk\u00e9p Ikarosz buk\u00e1s\u00e1val - 1000 darabos feln\u0151tt puzzle\" \/>\n<meta property=\"og:description\" content=\"Pieter Bruegel the Elder - T\u00e1jk\u00e9p Ikarosz buk\u00e1s\u00e1val - 1000 darabos feln\u0151tt puzzle\" \/>\n<meta property=\"og:url\" content=\"https:\/\/business.roovi.com\/hu\/pieter-bruegel-the-elder-tajkep-ikarosz-bukasaval-1000-darabos-felnott-puzzle\/p\/\" \/>\n<meta property=\"og:site_name\" content=\"Roovi B2B\" \/>\n<meta property=\"article:publisher\" content=\"https:\/\/www.facebook.com\/wwwjucariero\" \/>\n<meta property=\"article:modified_time\" content=\"2022-07-06T14:04:08+00:00\" \/>\n<meta property=\"og:image\" content=\"https:\/\/business.roovi.com\/wp-content\/uploads\/2019\/04\/73778-03_ansamblu_dimensiuni_cutie_cm.png\" \/>\n\t<meta property=\"og:image:width\" content=\"1200\" \/>\n\t<meta property=\"og:image:height\" content=\"1200\" \/>\n\t<meta property=\"og:image:type\" content=\"image\/png\" \/>\n<meta name=\"twitter:label1\" content=\"Becs\u00fclt olvas\u00e1si id\u0151\" \/>\n\t<meta name=\"twitter:data1\" content=\"4 perc\" \/>\n<script type=\"application\/ld+json\" class=\"yoast-schema-graph\">{\"@context\":\"https:\/\/schema.org\",\"@graph\":[{\"@type\":\"WebPage\",\"@id\":\"https:\/\/business.roovi.com\/hu\/pieter-bruegel-the-elder-tajkep-ikarosz-bukasaval-1000-darabos-felnott-puzzle\/p\/\",\"url\":\"https:\/\/business.roovi.com\/hu\/pieter-bruegel-the-elder-tajkep-ikarosz-bukasaval-1000-darabos-felnott-puzzle\/p\/\",\"name\":\"Pieter Bruegel the Elder - T\u00e1jk\u00e9p Ikarosz buk\u00e1s\u00e1val - 1000 darabos feln\u0151tt puzzle\",\"isPartOf\":{\"@id\":\"https:\/\/business.roovi.com\/hu\/#website\"},\"datePublished\":\"2019-04-25T11:02:17+00:00\",\"dateModified\":\"2022-07-06T14:04:08+00:00\",\"description\":\"Pieter Bruegel the Elder - T\u00e1jk\u00e9p Ikarosz buk\u00e1s\u00e1val - 1000 darabos feln\u0151tt puzzle\",\"breadcrumb\":{\"@id\":\"https:\/\/business.roovi.com\/hu\/pieter-bruegel-the-elder-tajkep-ikarosz-bukasaval-1000-darabos-felnott-puzzle\/p\/#breadcrumb\"},\"inLanguage\":\"hu\",\"potentialAction\":[{\"@type\":\"ReadAction\",\"target\":[\"https:\/\/business.roovi.com\/hu\/pieter-bruegel-the-elder-tajkep-ikarosz-bukasaval-1000-darabos-felnott-puzzle\/p\/\"]}]},{\"@type\":\"BreadcrumbList\",\"@id\":\"https:\/\/business.roovi.com\/hu\/pieter-bruegel-the-elder-tajkep-ikarosz-bukasaval-1000-darabos-felnott-puzzle\/p\/#breadcrumb\",\"itemListElement\":[{\"@type\":\"ListItem\",\"position\":1,\"name\":\"Home\",\"item\":\"https:\/\/business.roovi.com\/hu\/\"},{\"@type\":\"ListItem\",\"position\":2,\"name\":\"Shop\",\"item\":\"https:\/\/business.roovi.com\/hu\/shop\/\"},{\"@type\":\"ListItem\",\"position\":3,\"name\":\"Pieter Bruegel the Elder &#8211; T\u00e1jk\u00e9p Ikarosz buk\u00e1s\u00e1val &#8211; 1000 darabos feln\u0151tt puzzle\"}]},{\"@type\":\"WebSite\",\"@id\":\"https:\/\/business.roovi.com\/hu\/#website\",\"url\":\"https:\/\/business.roovi.com\/hu\/\",\"name\":\"Roovi B2B\",\"description\":\"Roovi Business Website\",\"potentialAction\":[{\"@type\":\"SearchAction\",\"target\":{\"@type\":\"EntryPoint\",\"urlTemplate\":\"https:\/\/business.roovi.com\/hu\/?s={search_term_string}\"},\"query-input\":\"required name=search_term_string\"}],\"inLanguage\":\"hu\"}]}<\/script>\n<!-- \/ Yoast SEO plugin. -->","yoast_head_json":{"title":"Pieter Bruegel the Elder - T\u00e1jk\u00e9p Ikarosz buk\u00e1s\u00e1val - 1000 darabos feln\u0151tt puzzle","description":"Pieter Bruegel the Elder - T\u00e1jk\u00e9p Ikarosz buk\u00e1s\u00e1val - 1000 darabos feln\u0151tt puzzle","robots":{"index":"index","follow":"follow","max-snippet":"max-snippet:-1","max-image-preview":"max-image-preview:large","max-video-preview":"max-video-preview:-1"},"canonical":"https:\/\/business.roovi.com\/hu\/pieter-bruegel-the-elder-tajkep-ikarosz-bukasaval-1000-darabos-felnott-puzzle\/p\/","og_locale":"hu_HU","og_type":"article","og_title":"Pieter Bruegel the Elder - T\u00e1jk\u00e9p Ikarosz buk\u00e1s\u00e1val - 1000 darabos feln\u0151tt puzzle","og_description":"Pieter Bruegel the Elder - T\u00e1jk\u00e9p Ikarosz buk\u00e1s\u00e1val - 1000 darabos feln\u0151tt puzzle","og_url":"https:\/\/business.roovi.com\/hu\/pieter-bruegel-the-elder-tajkep-ikarosz-bukasaval-1000-darabos-felnott-puzzle\/p\/","og_site_name":"Roovi B2B","article_publisher":"https:\/\/www.facebook.com\/wwwjucariero","article_modified_time":"2022-07-06T14:04:08+00:00","og_image":[{"width":1200,"height":1200,"url":"https:\/\/business.roovi.com\/wp-content\/uploads\/2019\/04\/73778-03_ansamblu_dimensiuni_cutie_cm.png","type":"image\/png"}],"twitter_misc":{"Becs\u00fclt olvas\u00e1si id\u0151":"4 perc"},"schema":{"@context":"https:\/\/schema.org","@graph":[{"@type":"WebPage","@id":"https:\/\/business.roovi.com\/hu\/pieter-bruegel-the-elder-tajkep-ikarosz-bukasaval-1000-darabos-felnott-puzzle\/p\/","url":"https:\/\/business.roovi.com\/hu\/pieter-bruegel-the-elder-tajkep-ikarosz-bukasaval-1000-darabos-felnott-puzzle\/p\/","name":"Pieter Bruegel the Elder - T\u00e1jk\u00e9p Ikarosz buk\u00e1s\u00e1val - 1000 darabos feln\u0151tt puzzle","isPartOf":{"@id":"https:\/\/business.roovi.com\/hu\/#website"},"datePublished":"2019-04-25T11:02:17+00:00","dateModified":"2022-07-06T14:04:08+00:00","description":"Pieter Bruegel the Elder - T\u00e1jk\u00e9p Ikarosz buk\u00e1s\u00e1val - 1000 darabos feln\u0151tt puzzle","breadcrumb":{"@id":"https:\/\/business.roovi.com\/hu\/pieter-bruegel-the-elder-tajkep-ikarosz-bukasaval-1000-darabos-felnott-puzzle\/p\/#breadcrumb"},"inLanguage":"hu","potentialAction":[{"@type":"ReadAction","target":["https:\/\/business.roovi.com\/hu\/pieter-bruegel-the-elder-tajkep-ikarosz-bukasaval-1000-darabos-felnott-puzzle\/p\/"]}]},{"@type":"BreadcrumbList","@id":"https:\/\/business.roovi.com\/hu\/pieter-bruegel-the-elder-tajkep-ikarosz-bukasaval-1000-darabos-felnott-puzzle\/p\/#breadcrumb","itemListElement":[{"@type":"ListItem","position":1,"name":"Home","item":"https:\/\/business.roovi.com\/hu\/"},{"@type":"ListItem","position":2,"name":"Shop","item":"https:\/\/business.roovi.com\/hu\/shop\/"},{"@type":"ListItem","position":3,"name":"Pieter Bruegel the Elder &#8211; T\u00e1jk\u00e9p Ikarosz buk\u00e1s\u00e1val &#8211; 1000 darabos feln\u0151tt puzzle"}]},{"@type":"WebSite","@id":"https:\/\/business.roovi.com\/hu\/#website","url":"https:\/\/business.roovi.com\/hu\/","name":"Roovi B2B","description":"Roovi Business Website","potentialAction":[{"@type":"SearchAction","target":{"@type":"EntryPoint","urlTemplate":"https:\/\/business.roovi.com\/hu\/?s={search_term_string}"},"query-input":"required name=search_term_string"}],"inLanguage":"hu"}]}},"_links":{"self":[{"href":"https:\/\/business.roovi.com\/hu\/wp-json\/wp\/v2\/product\/39958","targetHints":{"allow":["GET"]}}],"collection":[{"href":"https:\/\/business.roovi.com\/hu\/wp-json\/wp\/v2\/product"}],"about":[{"href":"https:\/\/business.roovi.com\/hu\/wp-json\/wp\/v2\/types\/product"}],"version-history":[{"count":0,"href":"https:\/\/business.roovi.com\/hu\/wp-json\/wp\/v2\/product\/39958\/revisions"}],"wp:featuredmedia":[{"embeddable":true,"href":"https:\/\/business.roovi.com\/hu\/wp-json\/wp\/v2\/media\/63178"}],"wp:attachment":[{"href":"https:\/\/business.roovi.com\/hu\/wp-json\/wp\/v2\/media?parent=39958"}],"wp:term":[{"taxonomy":"product_brand","embeddable":true,"href":"https:\/\/business.roovi.com\/hu\/wp-json\/wp\/v2\/product_brand?post=39958"},{"taxonomy":"product_cat","embeddable":true,"href":"https:\/\/business.roovi.com\/hu\/wp-json\/wp\/v2\/product_cat?post=39958"},{"taxonomy":"product_tag","embeddable":true,"href":"https:\/\/business.roovi.com\/hu\/wp-json\/wp\/v2\/product_tag?post=39958"}],"curies":[{"name":"wp","href":"https:\/\/api.w.org\/{rel}","templated":true}]}}