{"id":39962,"date":"2019-04-25T10:39:19","date_gmt":"2019-04-25T10:39:19","guid":{"rendered":"https:\/\/business.roovi.com\/puzzle-adulti-1000-piese-brueghel-cel-batran-flowers-in-a-basket-and-a-vase\/p\/"},"modified":"2022-07-06T14:04:15","modified_gmt":"2022-07-06T14:04:15","slug":"felnott-puzzle-1000-pieces-brueghel-the-elder-viragok-kosarban-es-vazaban","status":"publish","type":"product","link":"https:\/\/business.roovi.com\/hu\/felnott-puzzle-1000-pieces-brueghel-the-elder-viragok-kosarban-es-vazaban\/p\/","title":{"rendered":"Feln\u0151tt puzzle 1000 Pieces Brueghel the Elder &#8211; Vir\u00e1gok kos\u00e1rban \u00e9s v\u00e1z\u00e1ban"},"content":{"rendered":"<p><span style=\"font-weight: 400\"> Itt olyan 1000 darabos kirak\u00f3s j\u00e1t\u00e9kokat tal\u00e1l, amelyek olyan h\u00edres m\u0171alkot\u00e1sok k\u00e9peit \u00e1br\u00e1zolj\u00e1k, amelyek m\u00e9g ma is \u00e9rzelmeket \u00e9s \u00f6r\u00f6m\u00f6t v\u00e1ltanak ki, b\u00e1r \u00e9vsz\u00e1zados m\u00faltra tekintenek vissza. \u00c9rezd \u00e1t a m\u0171v\u00e9szi izgalmakat egy ilyen alkot\u00e1s rekonstru\u00e1l\u00e1s\u00e1val egy 1000 darabos kirak\u00f3sb\u00f3l!<\/span><\/p>\n<p><span style=\"font-weight: 400\">1000 darab puzzle Jan <\/span><span style=\"font-weight: 400\">Az id\u0151sebb Brueghel &#8211; Vir\u00e1gok kos\u00e1rban \u00e9s v\u00e1z\u00e1ban a h\u00edres m\u0171v\u00e9sz azonos c\u00edm\u0171 festm\u00e9ny\u00e9n a vir\u00e1gok term\u00e9szetes vil\u00e1g\u00e1nak pomp\u00e1j\u00e1t id\u00e9zi fel. Ennek a gy\u00f6ny\u00f6r\u0171 festm\u00e9nynek a 100 darabos kirak\u00f3sb\u00f3l val\u00f3 \u00fajrateremt\u00e9se a fest\u0151 bels\u0151 vil\u00e1g\u00e1ba vezet, \u00e9s \u00fajrateremti az eredeti festm\u00e9ny pezsg\u0151, rendk\u00edv\u00fcl term\u00e9szetes form\u00e1it. A v\u00e9g\u00e9n egy 50 x 70 cm-es festm\u00e9ny gy\u00f6ny\u00f6rk\u00f6dteti a szemet <\/span><\/p>\n<p><span style=\"font-weight: 400\">Tov\u00e1bbi r\u00e9szletek err\u0151l a csod\u00e1latos 1000 darabos kirak\u00f3sr\u00f3l itt tal\u00e1lhat\u00f3k:<\/span><\/p>\n<p><strong>Puzzle anyag <\/strong><\/p>\n<p><strong>kiv\u00e1l\u00f3 min\u0151s\u00e9g\u0171 k\u00e9k karton<\/strong><\/p>\n<p><strong>fenntarthat\u00f3, \u00fajrahasznos\u00edthat\u00f3 anyagok<\/strong><\/p>\n<p><strong>f\u00e9lf\u00e9nyes kivitel, \u00e9l\u00e9nk sz\u00ednek<\/strong><\/p>\n<p><strong>A kirak\u00f3s darabok sz\u00e1ma: 1000<\/strong><\/p>\n<p><strong>Aj\u00e1nlott \u00e9letkor: 14+<\/strong><\/p>\n<p><strong>Mi\u00e9rt olyan nagyszer\u0171 1000 darabos kirak\u00f3s j\u00e1t\u00e9kokat \u00f6sszerakni?<\/strong><\/p>\n<p><span style=\"font-weight: 400\">A feln\u0151tteknek sz\u00e1nt rejtv\u00e9nyek \u00f6ssze\u00e1ll\u00edt\u00e1sa a hobbin t\u00falmen\u0151en t\u00f6bbf\u00e9le el\u0151nnyel is j\u00e1r. \u00cdme n\u00e9h\u00e1ny k\u00f6z\u00fcl\u00fck:<\/span><\/p>\n<ul style=\"list-style-type: disc\">\n<li><span style=\"font-weight: 400\">Fejleszti a m\u00e9lyebb kapcsolatok kialak\u00edt\u00e1s\u00e1nak k\u00e9pess\u00e9g\u00e9t<\/span><\/li>\n<li><span style=\"font-weight: 400\">Seg\u00edt enyh\u00edteni a stresszt<\/span><\/li>\n<li><span style=\"font-weight: 400\">Jav\u00edtja a hangulatot<\/span><\/li>\n<li><span style=\"font-weight: 400\">Seg\u00edt magabiztosabb\u00e1 v\u00e1lni a saj\u00e1t er\u0151ss\u00e9geidben<\/span><\/li>\n<li><span style=\"font-weight: 400\">Min\u0151s\u00e9gi id\u0151t ad, amit egyed\u00fcl vagy egy szeretteddel t\u00f6lthetsz, ha \u00fagy d\u00f6ntesz, hogy befejezed az 1000 darabos puzzle-t.<\/span><\/li>\n<\/ul>\n<p><strong>Amit tal\u00e1n m\u00e9g nem tudott Jan Brueghelr\u0151l \u00e9s munk\u00e1ss\u00e1g\u00e1r\u00f3l<\/strong><\/p>\n<ul style=\"list-style-type: disc\">\n<li><span style=\"font-weight: 400\">Az 1600-as \u00e9vekben a vir\u00e1gfest\u00e9szet volt a divat. A gy\u0171jt\u0151k vagy az egyszer\u0171 emberek a k\u00f6lts\u00e9gvet\u00e9s\u00fckt\u0151l f\u00fcgg\u0151en h\u00edres vagy kev\u00e9sb\u00e9 tehets\u00e9ges fest\u0151kt\u0151l rendeltek ilyen festm\u00e9nyeket.<\/span><\/li>\n<li><span style=\"font-weight: 400\">Az id\u0151sebb Jan Brueghel beceneve  <\/span><em><span style=\"font-weight: 400\">Velvet Brueghel<\/span><\/em><span style=\"font-weight: 400\">  m\u0171veinek b\u00e1rsonyos, szinte tapinthat\u00f3 tapint\u00e1sa miatt.<\/span><\/li>\n<li><span style=\"font-weight: 400\">Hogy megk\u00fcl\u00f6nb\u00f6ztesse mag\u00e1t h\u00edres apj\u00e1t\u00f3l, id\u0151sebb Pieter Bruegelt\u0151l, hozz\u00e1f\u0171z\u00f6tt egy  <\/span><em><span style=\"font-weight: 400\">h<\/span><\/em>  <span style=\"font-weight: 400\">\u00edgy v\u00e1lik  <\/span><em><span style=\"font-weight: 400\">Brueghel<\/span><\/em><span style=\"font-weight: 400\"><\/span><\/li>\n<li><span style=\"font-weight: 400\">A festm\u00e9nyen  <\/span><em><span style=\"font-weight: 400\">Vir\u00e1gok egy kos\u00e1rban \u00e9s egy v\u00e1z\u00e1ban  <\/span><\/em><span style=\"font-weight: 400\">egy ritka tulip\u00e1nfajt \u00e1br\u00e1zolnak, amely abban az id\u0151ben csillag\u00e1szati \u00e1ron kelt el.<\/span><\/li>\n<li><span style=\"font-weight: 400\">Nem kevesebb, mint 16 vir\u00e1gfestm\u00e9nyt festett, amelyek k\u00f6z\u00fcl az egyik a bukaresti M\u0171v\u00e9szeti M\u00fazeumban tal\u00e1lhat\u00f3 <\/span><\/li>\n<li><span style=\"font-weight: 400\">A bukaresti festm\u00e9ny mintegy 20 rovarfajt \u00e1br\u00e1zol.<\/span><\/li>\n<\/ul>\n<p><strong>Javasoljuk, hogy v\u00e1s\u00e1rolja meg \u00e9s fejezze be az 1000 darabos kirak\u00f3j\u00e1t\u00e9kot a m\u0171v\u00e9szeti kirak\u00f3s gy\u0171jtem\u00e9nyb\u0151l, mert:<\/strong><\/p>\n<ul style=\"list-style-type: disc\">\n<li><span style=\"font-weight: 400\">Kir\u00e1ly felfedezni a m\u0171v\u00e9szetet \u00e9s gazdag\u00edtani a m\u0171v\u00e9szeti kult\u00far\u00e1t.<\/span><\/li>\n<li><span style=\"font-weight: 400\">A m\u0171v\u00e9szi festm\u00e9ny befejez\u00e9se nagyszer\u0171 el\u00e9gedetts\u00e9g\u00e9rzetet ad.<\/span><\/li>\n<li><span style=\"font-weight: 400\">\u00dagy fogod \u00e9rezni magad, mint egy igazi detekt\u00edv, aki megpr\u00f3b\u00e1lja megoldani egy m\u0171alkot\u00e1s rejt\u00e9ly\u00e9t.<\/span><\/li>\n<li><span style=\"font-weight: 400\">Remek\u00fcl fogsz sz\u00f3rakozni a csal\u00e1doddal vagy bar\u00e1taiddal, amikor vel\u00fck egy\u00fctt kit\u00f6lt\u00f6d az 1000 darabos puzzle-t.<\/span><\/li>\n<\/ul>\n<p><span style=\"font-weight: 400\">Ne r\u00e1g\u00f3dj rajta! V\u00e1s\u00e1rolja meg most az 1000 darabos Brueghel the Elder &#8211; Vir\u00e1gok kos\u00e1rban \u00e9s v\u00e1z\u00e1ban puzzle-t, \u00e9s garant\u00e1ltan 30 \u00f3r\u00e1nyi sz\u00f3rakoz\u00e1sban lesz r\u00e9sze! A puzzle-j\u00e1t\u00e9kok a feln\u0151tt puzzle-rajong\u00f3knak jelentenek \u00f6r\u00f6met.<\/span><\/p>\n<p><span style=\"font-weight: 400\">Ez a m\u0171v\u00e9szeti puzzle nagyszer\u0171 aj\u00e1nd\u00e9k lehet a m\u0171v\u00e9szet szerelmeseinek vagy azoknak, akik szeretik az 1000 darabos kirak\u00f3sokat befejezni.<\/span><\/p><\/p>\n","protected":false},"excerpt":{"rendered":"<p>Itt olyan 1000 darabos kirak\u00f3s j\u00e1t\u00e9kokat tal\u00e1l, amelyek olyan h\u00edres m\u0171alkot\u00e1sok k\u00e9peit \u00e1br\u00e1zolj\u00e1k, amelyek m\u00e9g ma is \u00e9rzelmeket \u00e9s \u00f6r\u00f6m\u00f6t<\/p>\n","protected":false},"featured_media":63184,"template":"","meta":[],"product_brand":[],"product_cat":[1920,1919,1881],"product_tag":[],"class_list":{"0":"post-39962","1":"product","2":"type-product","3":"status-publish","4":"has-post-thumbnail","6":"product_cat-1000-darabos-kirakos-jatek","7":"product_cat-felnott-kirakos-jatekok","8":"product_cat-kirakos-jatekok","9":"pa_bax-10-hu","10":"pa_brand-d_toys-hu","11":"pa_country_of_manufacture-ro-hu","12":"pa_filter_age-14-hu","13":"pa_painter-pieterbreugeltheelder-hu","14":"pa_tip_ambalaj-doboz","15":"pa_tip_puzzle-klasszikus","17":"first","18":"instock","19":"taxable","20":"shipping-taxable","21":"product-type-simple"},"yoast_head":"<!-- This site is optimized with the Yoast SEO plugin v20.1 - https:\/\/yoast.com\/wordpress\/plugins\/seo\/ -->\n<title>Feln\u0151tt puzzle 1000 Pieces Brueghel the Elder - Vir\u00e1gok kos\u00e1rban \u00e9s v\u00e1z\u00e1ban<\/title>\n<meta name=\"description\" content=\"Feln\u0151tt puzzle 1000 Pieces Brueghel the Elder - Vir\u00e1gok kos\u00e1rban \u00e9s v\u00e1z\u00e1ban\" \/>\n<meta name=\"robots\" content=\"index, follow, max-snippet:-1, max-image-preview:large, max-video-preview:-1\" \/>\n<link rel=\"canonical\" href=\"https:\/\/business.roovi.com\/hu\/felnott-puzzle-1000-pieces-brueghel-the-elder-viragok-kosarban-es-vazaban\/p\/\" \/>\n<meta property=\"og:locale\" content=\"hu_HU\" \/>\n<meta property=\"og:type\" content=\"article\" \/>\n<meta property=\"og:title\" content=\"Feln\u0151tt puzzle 1000 Pieces Brueghel the Elder - Vir\u00e1gok kos\u00e1rban \u00e9s v\u00e1z\u00e1ban\" \/>\n<meta property=\"og:description\" content=\"Feln\u0151tt puzzle 1000 Pieces Brueghel the Elder - Vir\u00e1gok kos\u00e1rban \u00e9s v\u00e1z\u00e1ban\" \/>\n<meta property=\"og:url\" content=\"https:\/\/business.roovi.com\/hu\/felnott-puzzle-1000-pieces-brueghel-the-elder-viragok-kosarban-es-vazaban\/p\/\" \/>\n<meta property=\"og:site_name\" content=\"Roovi B2B\" \/>\n<meta property=\"article:publisher\" content=\"https:\/\/www.facebook.com\/wwwjucariero\" \/>\n<meta property=\"article:modified_time\" content=\"2022-07-06T14:04:15+00:00\" \/>\n<meta property=\"og:image\" content=\"https:\/\/business.roovi.com\/wp-content\/uploads\/2019\/04\/73778-04_ansamblu_dimensiuni_cutie_cm_1200x1200.png\" \/>\n\t<meta property=\"og:image:width\" content=\"1200\" \/>\n\t<meta property=\"og:image:height\" content=\"1200\" \/>\n\t<meta property=\"og:image:type\" content=\"image\/png\" \/>\n<meta name=\"twitter:label1\" content=\"Becs\u00fclt olvas\u00e1si id\u0151\" \/>\n\t<meta name=\"twitter:data1\" content=\"3 perc\" \/>\n<script type=\"application\/ld+json\" class=\"yoast-schema-graph\">{\"@context\":\"https:\/\/schema.org\",\"@graph\":[{\"@type\":\"WebPage\",\"@id\":\"https:\/\/business.roovi.com\/hu\/felnott-puzzle-1000-pieces-brueghel-the-elder-viragok-kosarban-es-vazaban\/p\/\",\"url\":\"https:\/\/business.roovi.com\/hu\/felnott-puzzle-1000-pieces-brueghel-the-elder-viragok-kosarban-es-vazaban\/p\/\",\"name\":\"Feln\u0151tt puzzle 1000 Pieces Brueghel the Elder - Vir\u00e1gok kos\u00e1rban \u00e9s v\u00e1z\u00e1ban\",\"isPartOf\":{\"@id\":\"https:\/\/business.roovi.com\/hu\/#website\"},\"datePublished\":\"2019-04-25T10:39:19+00:00\",\"dateModified\":\"2022-07-06T14:04:15+00:00\",\"description\":\"Feln\u0151tt puzzle 1000 Pieces Brueghel the Elder - Vir\u00e1gok kos\u00e1rban \u00e9s v\u00e1z\u00e1ban\",\"breadcrumb\":{\"@id\":\"https:\/\/business.roovi.com\/hu\/felnott-puzzle-1000-pieces-brueghel-the-elder-viragok-kosarban-es-vazaban\/p\/#breadcrumb\"},\"inLanguage\":\"hu\",\"potentialAction\":[{\"@type\":\"ReadAction\",\"target\":[\"https:\/\/business.roovi.com\/hu\/felnott-puzzle-1000-pieces-brueghel-the-elder-viragok-kosarban-es-vazaban\/p\/\"]}]},{\"@type\":\"BreadcrumbList\",\"@id\":\"https:\/\/business.roovi.com\/hu\/felnott-puzzle-1000-pieces-brueghel-the-elder-viragok-kosarban-es-vazaban\/p\/#breadcrumb\",\"itemListElement\":[{\"@type\":\"ListItem\",\"position\":1,\"name\":\"Home\",\"item\":\"https:\/\/business.roovi.com\/hu\/\"},{\"@type\":\"ListItem\",\"position\":2,\"name\":\"Shop\",\"item\":\"https:\/\/business.roovi.com\/hu\/shop\/\"},{\"@type\":\"ListItem\",\"position\":3,\"name\":\"Feln\u0151tt puzzle 1000 Pieces Brueghel the Elder &#8211; Vir\u00e1gok kos\u00e1rban \u00e9s v\u00e1z\u00e1ban\"}]},{\"@type\":\"WebSite\",\"@id\":\"https:\/\/business.roovi.com\/hu\/#website\",\"url\":\"https:\/\/business.roovi.com\/hu\/\",\"name\":\"Roovi B2B\",\"description\":\"Roovi Business Website\",\"potentialAction\":[{\"@type\":\"SearchAction\",\"target\":{\"@type\":\"EntryPoint\",\"urlTemplate\":\"https:\/\/business.roovi.com\/hu\/?s={search_term_string}\"},\"query-input\":\"required name=search_term_string\"}],\"inLanguage\":\"hu\"}]}<\/script>\n<!-- \/ Yoast SEO plugin. -->","yoast_head_json":{"title":"Feln\u0151tt puzzle 1000 Pieces Brueghel the Elder - Vir\u00e1gok kos\u00e1rban \u00e9s v\u00e1z\u00e1ban","description":"Feln\u0151tt puzzle 1000 Pieces Brueghel the Elder - Vir\u00e1gok kos\u00e1rban \u00e9s v\u00e1z\u00e1ban","robots":{"index":"index","follow":"follow","max-snippet":"max-snippet:-1","max-image-preview":"max-image-preview:large","max-video-preview":"max-video-preview:-1"},"canonical":"https:\/\/business.roovi.com\/hu\/felnott-puzzle-1000-pieces-brueghel-the-elder-viragok-kosarban-es-vazaban\/p\/","og_locale":"hu_HU","og_type":"article","og_title":"Feln\u0151tt puzzle 1000 Pieces Brueghel the Elder - Vir\u00e1gok kos\u00e1rban \u00e9s v\u00e1z\u00e1ban","og_description":"Feln\u0151tt puzzle 1000 Pieces Brueghel the Elder - Vir\u00e1gok kos\u00e1rban \u00e9s v\u00e1z\u00e1ban","og_url":"https:\/\/business.roovi.com\/hu\/felnott-puzzle-1000-pieces-brueghel-the-elder-viragok-kosarban-es-vazaban\/p\/","og_site_name":"Roovi B2B","article_publisher":"https:\/\/www.facebook.com\/wwwjucariero","article_modified_time":"2022-07-06T14:04:15+00:00","og_image":[{"width":1200,"height":1200,"url":"https:\/\/business.roovi.com\/wp-content\/uploads\/2019\/04\/73778-04_ansamblu_dimensiuni_cutie_cm_1200x1200.png","type":"image\/png"}],"twitter_misc":{"Becs\u00fclt olvas\u00e1si id\u0151":"3 perc"},"schema":{"@context":"https:\/\/schema.org","@graph":[{"@type":"WebPage","@id":"https:\/\/business.roovi.com\/hu\/felnott-puzzle-1000-pieces-brueghel-the-elder-viragok-kosarban-es-vazaban\/p\/","url":"https:\/\/business.roovi.com\/hu\/felnott-puzzle-1000-pieces-brueghel-the-elder-viragok-kosarban-es-vazaban\/p\/","name":"Feln\u0151tt puzzle 1000 Pieces Brueghel the Elder - Vir\u00e1gok kos\u00e1rban \u00e9s v\u00e1z\u00e1ban","isPartOf":{"@id":"https:\/\/business.roovi.com\/hu\/#website"},"datePublished":"2019-04-25T10:39:19+00:00","dateModified":"2022-07-06T14:04:15+00:00","description":"Feln\u0151tt puzzle 1000 Pieces Brueghel the Elder - Vir\u00e1gok kos\u00e1rban \u00e9s v\u00e1z\u00e1ban","breadcrumb":{"@id":"https:\/\/business.roovi.com\/hu\/felnott-puzzle-1000-pieces-brueghel-the-elder-viragok-kosarban-es-vazaban\/p\/#breadcrumb"},"inLanguage":"hu","potentialAction":[{"@type":"ReadAction","target":["https:\/\/business.roovi.com\/hu\/felnott-puzzle-1000-pieces-brueghel-the-elder-viragok-kosarban-es-vazaban\/p\/"]}]},{"@type":"BreadcrumbList","@id":"https:\/\/business.roovi.com\/hu\/felnott-puzzle-1000-pieces-brueghel-the-elder-viragok-kosarban-es-vazaban\/p\/#breadcrumb","itemListElement":[{"@type":"ListItem","position":1,"name":"Home","item":"https:\/\/business.roovi.com\/hu\/"},{"@type":"ListItem","position":2,"name":"Shop","item":"https:\/\/business.roovi.com\/hu\/shop\/"},{"@type":"ListItem","position":3,"name":"Feln\u0151tt puzzle 1000 Pieces Brueghel the Elder &#8211; Vir\u00e1gok kos\u00e1rban \u00e9s v\u00e1z\u00e1ban"}]},{"@type":"WebSite","@id":"https:\/\/business.roovi.com\/hu\/#website","url":"https:\/\/business.roovi.com\/hu\/","name":"Roovi B2B","description":"Roovi Business Website","potentialAction":[{"@type":"SearchAction","target":{"@type":"EntryPoint","urlTemplate":"https:\/\/business.roovi.com\/hu\/?s={search_term_string}"},"query-input":"required name=search_term_string"}],"inLanguage":"hu"}]}},"_links":{"self":[{"href":"https:\/\/business.roovi.com\/hu\/wp-json\/wp\/v2\/product\/39962","targetHints":{"allow":["GET"]}}],"collection":[{"href":"https:\/\/business.roovi.com\/hu\/wp-json\/wp\/v2\/product"}],"about":[{"href":"https:\/\/business.roovi.com\/hu\/wp-json\/wp\/v2\/types\/product"}],"version-history":[{"count":0,"href":"https:\/\/business.roovi.com\/hu\/wp-json\/wp\/v2\/product\/39962\/revisions"}],"wp:featuredmedia":[{"embeddable":true,"href":"https:\/\/business.roovi.com\/hu\/wp-json\/wp\/v2\/media\/63184"}],"wp:attachment":[{"href":"https:\/\/business.roovi.com\/hu\/wp-json\/wp\/v2\/media?parent=39962"}],"wp:term":[{"taxonomy":"product_brand","embeddable":true,"href":"https:\/\/business.roovi.com\/hu\/wp-json\/wp\/v2\/product_brand?post=39962"},{"taxonomy":"product_cat","embeddable":true,"href":"https:\/\/business.roovi.com\/hu\/wp-json\/wp\/v2\/product_cat?post=39962"},{"taxonomy":"product_tag","embeddable":true,"href":"https:\/\/business.roovi.com\/hu\/wp-json\/wp\/v2\/product_tag?post=39962"}],"curies":[{"name":"wp","href":"https:\/\/api.w.org\/{rel}","templated":true}]}}