{"id":39966,"date":"2019-04-25T09:07:45","date_gmt":"2019-04-25T09:07:45","guid":{"rendered":"https:\/\/business.roovi.com\/puzzle-adulti-brueghel-cel-batran-flowers-in-a-wooden-vessel-1000-piese\/p\/"},"modified":"2022-07-06T14:04:23","modified_gmt":"2022-07-06T14:04:23","slug":"felnott-1000-darabos-puzzle-brueghel-the-elder-viragok-egy-fabol-keszult-edenyben","status":"publish","type":"product","link":"https:\/\/business.roovi.com\/hu\/felnott-1000-darabos-puzzle-brueghel-the-elder-viragok-egy-fabol-keszult-edenyben\/p\/","title":{"rendered":"Feln\u0151tt 1000 darabos puzzle Brueghel the Elder &#8211; Vir\u00e1gok egy f\u00e1b\u00f3l k\u00e9sz\u00fclt ed\u00e9nyben"},"content":{"rendered":"<p><span style=\"font-weight: 400\">A feln\u0151tteknek sz\u00f3l\u00f3 1000 darabos kirak\u00f3sok felbecs\u00fclhetetlen \u00e9rt\u00e9k\u0171 m\u0171alkot\u00e1sokat \u00e1br\u00e1zolnak. B\u00f6ng\u00e9sszen online m\u0171v\u00e9szeti puzzle j\u00e1t\u00e9kok k\u00edn\u00e1lat\u00e1ban, \u00e9s v\u00e1lassza ki kedvenc rejtv\u00e9nyeit!<\/span><\/p>\n<p><span style=\"font-weight: 400\">1000 darabos puzzle <\/span><span style=\"font-weight: 400\">Az id\u0151sebb Brueghel &#8211; Vir\u00e1gok egy f\u00e1b\u00f3l k\u00e9sz\u00fclt ed\u00e9nyben az azonos c\u00edm\u0171 festm\u00e9ny \u00e1br\u00e1zol\u00e1sa <\/span><span style=\"font-weight: 400\">amelyet az eur\u00f3pai m\u0171v\u00e9szet egyik legh\u00edresebb vir\u00e1gos csend\u00e9let\u00e9nek tartanak. Rakd \u00f6ssze darabr\u00f3l darabra \u00e9s rakd \u00f6ssze ezt az apr\u00f3l\u00e9kosan \u00e9s t\u00f6k\u00e9letes technik\u00e1val megfestett m\u0171alkot\u00e1st egy 1000 darabos puzzle-b\u00f3l! A v\u00e9g\u00e9n egy gy\u00f6ny\u00f6r\u0171 festm\u00e9nyt kap, amely gy\u00f6ny\u00f6rk\u00f6dtetni fogja a szem\u00e9t, \u00e9s megsz\u00e9p\u00edti otthon\u00e1t, teljesen kifinomultt\u00e1 t\u00e9ve azt.<\/span><\/p>\n<p><span style=\"font-weight: 400\">Rakd \u00f6ssze az 1000 darabos Flowers puzzle-t egy f\u00e1b\u00f3l k\u00e9sz\u00fclt v\u00e1z\u00e1ban, hogy egy 50 x 70 cm-es festm\u00e9nyt alkoss. Sz\u00fcks\u00e9ged lesz egy hagyom\u00e1nyos doh\u00e1nyz\u00f3asztalra, hogy nyugodtan dolgozhass ezen a m\u0171v\u00e9szi kirak\u00f3s j\u00e1t\u00e9kon.<\/span><\/p>\n<p><span style=\"font-weight: 400\">Tov\u00e1bbi r\u00e9szletek \u00e9s az 1000 darabos puzzle jellemz\u0151i al\u00e1bb.<\/span><\/p>\n<p><strong>Puzzle anyag <\/strong><\/p>\n<p><strong>kiv\u00e1l\u00f3 min\u0151s\u00e9g\u0171 k\u00e9k karton<\/strong><\/p>\n<p><strong>fenntarthat\u00f3, \u00fajrahasznos\u00edthat\u00f3 anyagok<\/strong><\/p>\n<p><strong>f\u00e9lf\u00e9nyes kivitel, \u00e9l\u00e9nk sz\u00ednek<\/strong><\/p>\n<p><strong>A kirak\u00f3s darabok sz\u00e1ma: 1000<\/strong><\/p>\n<p><strong>Aj\u00e1nlott \u00e9letkor: 14+<\/strong><\/p>\n<p><strong>Puzzle 1000 darab<\/strong><\/p>\n<p><span style=\"font-weight: 400\"> <\/span><strong>K\u00e9sz\u00edtsen m\u0171alkot\u00e1sokat 1000 darabos kirak\u00f3sokb\u00f3l, \u00e9s szabad\u00edtsa fel elm\u00e9j\u00e9t a stresszt\u0151l!<\/strong><\/p>\n<p><span style=\"font-weight: 400\">Az 1000 darabos puzzle egyik legfontosabb el\u0151nye, hogy seg\u00edt a stresszold\u00e1sban. De nem ez az egyetlen el\u0151nye, itt vannak m\u00e9g m\u00e1sok is:<\/span><\/p>\n<p><strong>Lehet\u0151v\u00e9 teszi, hogy bel\u00e9pjen egy b\u00e1jjal \u00e9s nyugalommal teli bels\u0151 vil\u00e1gba <\/strong><span style=\"font-weight: 400\">T\u00e1pl\u00e1lkoz\u00e1s, hogy kitisztuljon a fejed \u00e9s f\u00e9lretedd az aggodalmakat? Pr\u00f3b\u00e1ljon meg \u00f6sszerakni egy 1000 darabos puzzle-t a puzzle art gy\u0171jtem\u00e9nyb\u0151l, \u00e9s l\u00e9pjen be a fest\u0151k sz\u00ednes, kifinomult \u00e9s b\u00e9k\u00e9s vil\u00e1g\u00e1ba.<\/span><\/p>\n<p><strong>Egy 1000 darabos kirak\u00f3s befejez\u00e9se igazi medit\u00e1ci\u00f3s \u00fcl\u00e9s.<\/strong><span style=\"font-weight: 400\"> A form\u00e1kra, a sz\u00ednekre, a k\u00e9pre koncentr\u00e1lsz, \u00e9s hirtelen semmi m\u00e1s nem marad. Csak te \u00e9s a c\u00e9lod, hogy egy gy\u00f6ny\u00f6r\u0171 festm\u00e9nyt k\u00e9sz\u00edts. Ugyanez t\u00f6rt\u00e9nik medit\u00e1ci\u00f3 k\u00f6zben is: ki\u00fcr\u00edted az elm\u00e9det, \u00e9s aktiv\u00e1lod a bels\u0151 kreat\u00edv er\u0151det. Ez var\u00e1zslatos, nem igaz?<\/span><\/p>\n<p><strong>Ez seg\u00edt motiv\u00e1lni <\/strong><span style=\"font-weight: 400\">Az 1000 darabos puzzle t\u00e1bla k\u00e9szen \u00e1ll. Milyen kiel\u00e9g\u00edt\u0151, nem igaz? A kirak\u00f3s j\u00e1t\u00e9kban a k\u00e9p fokozatos kit\u00f6lt\u00e9se sok \u00f3r\u00e1ra a sz\u00e9khez k\u00f6t\u00f6tte az embert, \u00e9s er\u0151s bels\u0151 motiv\u00e1ci\u00f3val rendelkezett. Ez a gyakorlat j\u00f3t\u00e9kony hat\u00e1s\u00fa, \u00e9s \u00e9leted m\u00e1s aspektusait is aktiviz\u00e1lja.<\/span><\/p>\n<p><strong>Tudjon meg t\u00f6bbet Brueghel csokr\u00e1r\u00f3l!<\/strong><\/p>\n<ul style=\"list-style-type: disc\">\n<li><span style=\"font-weight: 400\">A csokor a <\/span><em><span style=\"font-weight: 400\">Vir\u00e1gok f\u00e1b\u00f3l k\u00e9sz\u00fclt v\u00e1z\u00e1ban  <\/span><\/em><span style=\"font-weight: 400\">lett a vir\u00e1gos csend\u00e9let protot\u00edpusa, amelyet a Brueghel-dinasztia sz\u00e1mos fest\u0151je k\u00e9sz\u00edtett<\/span><\/li>\n<li><span style=\"font-weight: 400\">A csokor olyan ritka vir\u00e1gokat vagy gy\u00fcm\u00f6lcs\u00f6ket tartalmaz, amelyeket a 17. sz\u00e1zadi Eur\u00f3p\u00e1ban \u00fajonnan akklimatiz\u00e1ltak, mint p\u00e9ld\u00e1ul a tulip\u00e1n vagy a ribizli.<\/span><\/li>\n<li><span style=\"font-weight: 400\">Az \u00edrisz, a kir\u00e1lyi csal\u00e1d \u00e9s Sz\u0171z M\u00e1ria szimb\u00f3luma, k\u00f6zel 20 k\u00fcl\u00f6nb\u00f6z\u0151 p\u00f3zban jelenik meg, \u00e9s vall\u00e1sos jelleget k\u00f6lcs\u00f6n\u00f6z a csokornak <\/span><\/li>\n<li><span style=\"font-weight: 400\">Jan Brueghel nem kevesebb, mint 16 vir\u00e1gfestm\u00e9nyt festett.<\/span><\/li>\n<li><span style=\"font-weight: 400\">Egyik festm\u00e9nye a rom\u00e1niai Nemzeti M\u0171v\u00e9szeti M\u00fazeumban tal\u00e1lhat\u00f3<\/span><\/li>\n<li><span style=\"font-weight: 400\">A 7. sz\u00e1zad elej\u00e9n nagyon divatos volt a vir\u00e1gokkal d\u00edsz\u00edtett festm\u00e9nyek k\u00e9sz\u00edt\u00e9se. Lelkes gy\u0171jt\u0151k, akik tehets\u00e9ges fest\u0151kt\u0151l rendeltek festm\u00e9nyeket, akik gazdag csokrokkal d\u00edsz\u00edtett, bonyolult m\u0171veket alkottak. A kev\u00e9sb\u00e9 tehet\u0151sek be\u00e9rt\u00e9k a t\u00f6rt\u00e9nelemben n\u00e9vtelen\u00fcl megmaradt m\u0171v\u00e9szek kis, kev\u00e9s vir\u00e1got \u00e1br\u00e1zol\u00f3 festm\u00e9nyeivel.<\/span><\/li>\n<\/ul>\n<p><strong>Az 1000 darabos kirak\u00f3s kit\u00f6lt\u00e9s\u00e9nek tov\u00e1bbi 5 el\u0151nye<\/strong><\/p>\n<ul style=\"list-style-type: disc\">\n<li><span style=\"font-weight: 400\">Jav\u00edtja a m\u00e9lyebb kapcsolatok kialak\u00edt\u00e1s\u00e1nak k\u00e9pess\u00e9g\u00e9t<\/span><\/li>\n<li><span style=\"font-weight: 400\">Jav\u00edtja a hangulatot<\/span><\/li>\n<li><span style=\"font-weight: 400\">Seg\u00edt n\u00f6velni az \u00f6nbizalmat<\/span><\/li>\n<li><span style=\"font-weight: 400\">Enyh\u00edti a stresszt<\/span><\/li>\n<li><span style=\"font-weight: 400\">M\u00e9g a v\u00e9rnyom\u00e1st \u00e9s a pulzussz\u00e1mot is cs\u00f6kkenti.<\/span><\/li>\n<\/ul>\n<p><span style=\"font-weight: 400\">Fogadd el a kih\u00edv\u00e1st, hogy befejezd ezt a csod\u00e1latos m\u0171v\u00e9szeti kirak\u00f3t! Tal\u00e1ld meg az 1000 kirak\u00f3s megfelel\u0151 darabjait, \u00e9s fokozatosan rakd \u00f6ssze a csod\u00e1latos csokrot  <\/span><em><span style=\"font-weight: 400\">Vir\u00e1gok f\u00e1b\u00f3l k\u00e9sz\u00fclt v\u00e1z\u00e1ban  <\/span><\/em><span style=\"font-weight: 400\">jan Brueghel az id\u0151sebb. Fedezze fel ezt a csod\u00e1latos kompoz\u00edci\u00f3t sz\u00e9lesk\u00f6r\u0171 m\u0171v\u00e9szi puzzle-gy\u0171jtem\u00e9ny\u00fcnkben, \u00e9s \u00e9lvezze az est\u00e9ket, amikor egy eredeti festm\u00e9nyt k\u00e9sz\u00edt egy kiv\u00e9teles 1000 darabos puzzle-b\u00f3l.<\/span><\/p>\n<p><span style=\"font-weight: 400\">Puzzle 1000 darab Brueghel the Elder &#8211; <\/span><em><span style=\"font-weight: 400\">Vir\u00e1gok f\u00e1b\u00f3l k\u00e9sz\u00fclt v\u00e1z\u00e1ban  <\/span><\/em><span style=\"font-weight: 400\">nagyszer\u0171 aj\u00e1nd\u00e9k a m\u0171v\u00e9szet szerelmeseinek \u00e9s a feln\u0151tt kirak\u00f3s j\u00e1t\u00e9kok kedvel\u0151inek.<\/span><\/p>\n","protected":false},"excerpt":{"rendered":"<p>A feln\u0151tteknek sz\u00f3l\u00f3 1000 darabos kirak\u00f3sok felbecs\u00fclhetetlen \u00e9rt\u00e9k\u0171 m\u0171alkot\u00e1sokat \u00e1br\u00e1zolnak. B\u00f6ng\u00e9sszen online m\u0171v\u00e9szeti puzzle j\u00e1t\u00e9kok k\u00edn\u00e1lat\u00e1ban, \u00e9s v\u00e1lassza ki kedvenc<\/p>\n","protected":false},"featured_media":63190,"template":"","meta":[],"product_brand":[],"product_cat":[1920,1919,1881],"product_tag":[],"class_list":{"0":"post-39966","1":"product","2":"type-product","3":"status-publish","4":"has-post-thumbnail","6":"product_cat-1000-darabos-kirakos-jatek","7":"product_cat-felnott-kirakos-jatekok","8":"product_cat-kirakos-jatekok","9":"pa_bax-10-hu","10":"pa_brand-d_toys-hu","11":"pa_country_of_manufacture-ro-hu","12":"pa_filter_age-14-hu","13":"pa_painter-pieterbreugeltheelder-hu","14":"pa_tip_ambalaj-doboz","15":"pa_tip_puzzle-klasszikus","17":"first","18":"instock","19":"taxable","20":"shipping-taxable","21":"product-type-simple"},"yoast_head":"<!-- This site is optimized with the Yoast SEO plugin v20.1 - https:\/\/yoast.com\/wordpress\/plugins\/seo\/ -->\n<title>Feln\u0151tt 1000 darabos puzzle Brueghel the Elder - Vir\u00e1gok egy f\u00e1b\u00f3l k\u00e9sz\u00fclt ed\u00e9nyben<\/title>\n<meta name=\"description\" content=\"Feln\u0151tt 1000 darabos puzzle Brueghel the Elder - Vir\u00e1gok egy f\u00e1b\u00f3l k\u00e9sz\u00fclt ed\u00e9nyben\" \/>\n<meta name=\"robots\" content=\"index, follow, max-snippet:-1, max-image-preview:large, max-video-preview:-1\" \/>\n<link rel=\"canonical\" href=\"https:\/\/business.roovi.com\/hu\/felnott-1000-darabos-puzzle-brueghel-the-elder-viragok-egy-fabol-keszult-edenyben\/p\/\" \/>\n<meta property=\"og:locale\" content=\"hu_HU\" \/>\n<meta property=\"og:type\" content=\"article\" \/>\n<meta property=\"og:title\" content=\"Feln\u0151tt 1000 darabos puzzle Brueghel the Elder - Vir\u00e1gok egy f\u00e1b\u00f3l k\u00e9sz\u00fclt ed\u00e9nyben\" \/>\n<meta property=\"og:description\" content=\"Feln\u0151tt 1000 darabos puzzle Brueghel the Elder - Vir\u00e1gok egy f\u00e1b\u00f3l k\u00e9sz\u00fclt ed\u00e9nyben\" \/>\n<meta property=\"og:url\" content=\"https:\/\/business.roovi.com\/hu\/felnott-1000-darabos-puzzle-brueghel-the-elder-viragok-egy-fabol-keszult-edenyben\/p\/\" \/>\n<meta property=\"og:site_name\" content=\"Roovi B2B\" \/>\n<meta property=\"article:publisher\" content=\"https:\/\/www.facebook.com\/wwwjucariero\" \/>\n<meta property=\"article:modified_time\" content=\"2022-07-06T14:04:23+00:00\" \/>\n<meta property=\"og:image\" content=\"https:\/\/business.roovi.com\/wp-content\/uploads\/2019\/04\/73778-05_ansamblu_dimensiuni_cutie_cm.png\" \/>\n\t<meta property=\"og:image:width\" content=\"1200\" \/>\n\t<meta property=\"og:image:height\" content=\"1200\" \/>\n\t<meta property=\"og:image:type\" content=\"image\/png\" \/>\n<meta name=\"twitter:label1\" content=\"Becs\u00fclt olvas\u00e1si id\u0151\" \/>\n\t<meta name=\"twitter:data1\" content=\"4 perc\" \/>\n<script type=\"application\/ld+json\" class=\"yoast-schema-graph\">{\"@context\":\"https:\/\/schema.org\",\"@graph\":[{\"@type\":\"WebPage\",\"@id\":\"https:\/\/business.roovi.com\/hu\/felnott-1000-darabos-puzzle-brueghel-the-elder-viragok-egy-fabol-keszult-edenyben\/p\/\",\"url\":\"https:\/\/business.roovi.com\/hu\/felnott-1000-darabos-puzzle-brueghel-the-elder-viragok-egy-fabol-keszult-edenyben\/p\/\",\"name\":\"Feln\u0151tt 1000 darabos puzzle Brueghel the Elder - Vir\u00e1gok egy f\u00e1b\u00f3l k\u00e9sz\u00fclt ed\u00e9nyben\",\"isPartOf\":{\"@id\":\"https:\/\/business.roovi.com\/hu\/#website\"},\"datePublished\":\"2019-04-25T09:07:45+00:00\",\"dateModified\":\"2022-07-06T14:04:23+00:00\",\"description\":\"Feln\u0151tt 1000 darabos puzzle Brueghel the Elder - Vir\u00e1gok egy f\u00e1b\u00f3l k\u00e9sz\u00fclt ed\u00e9nyben\",\"breadcrumb\":{\"@id\":\"https:\/\/business.roovi.com\/hu\/felnott-1000-darabos-puzzle-brueghel-the-elder-viragok-egy-fabol-keszult-edenyben\/p\/#breadcrumb\"},\"inLanguage\":\"hu\",\"potentialAction\":[{\"@type\":\"ReadAction\",\"target\":[\"https:\/\/business.roovi.com\/hu\/felnott-1000-darabos-puzzle-brueghel-the-elder-viragok-egy-fabol-keszult-edenyben\/p\/\"]}]},{\"@type\":\"BreadcrumbList\",\"@id\":\"https:\/\/business.roovi.com\/hu\/felnott-1000-darabos-puzzle-brueghel-the-elder-viragok-egy-fabol-keszult-edenyben\/p\/#breadcrumb\",\"itemListElement\":[{\"@type\":\"ListItem\",\"position\":1,\"name\":\"Home\",\"item\":\"https:\/\/business.roovi.com\/hu\/\"},{\"@type\":\"ListItem\",\"position\":2,\"name\":\"Shop\",\"item\":\"https:\/\/business.roovi.com\/hu\/shop\/\"},{\"@type\":\"ListItem\",\"position\":3,\"name\":\"Feln\u0151tt 1000 darabos puzzle Brueghel the Elder &#8211; Vir\u00e1gok egy f\u00e1b\u00f3l k\u00e9sz\u00fclt ed\u00e9nyben\"}]},{\"@type\":\"WebSite\",\"@id\":\"https:\/\/business.roovi.com\/hu\/#website\",\"url\":\"https:\/\/business.roovi.com\/hu\/\",\"name\":\"Roovi B2B\",\"description\":\"Roovi Business Website\",\"potentialAction\":[{\"@type\":\"SearchAction\",\"target\":{\"@type\":\"EntryPoint\",\"urlTemplate\":\"https:\/\/business.roovi.com\/hu\/?s={search_term_string}\"},\"query-input\":\"required name=search_term_string\"}],\"inLanguage\":\"hu\"}]}<\/script>\n<!-- \/ Yoast SEO plugin. -->","yoast_head_json":{"title":"Feln\u0151tt 1000 darabos puzzle Brueghel the Elder - Vir\u00e1gok egy f\u00e1b\u00f3l k\u00e9sz\u00fclt ed\u00e9nyben","description":"Feln\u0151tt 1000 darabos puzzle Brueghel the Elder - Vir\u00e1gok egy f\u00e1b\u00f3l k\u00e9sz\u00fclt ed\u00e9nyben","robots":{"index":"index","follow":"follow","max-snippet":"max-snippet:-1","max-image-preview":"max-image-preview:large","max-video-preview":"max-video-preview:-1"},"canonical":"https:\/\/business.roovi.com\/hu\/felnott-1000-darabos-puzzle-brueghel-the-elder-viragok-egy-fabol-keszult-edenyben\/p\/","og_locale":"hu_HU","og_type":"article","og_title":"Feln\u0151tt 1000 darabos puzzle Brueghel the Elder - Vir\u00e1gok egy f\u00e1b\u00f3l k\u00e9sz\u00fclt ed\u00e9nyben","og_description":"Feln\u0151tt 1000 darabos puzzle Brueghel the Elder - Vir\u00e1gok egy f\u00e1b\u00f3l k\u00e9sz\u00fclt ed\u00e9nyben","og_url":"https:\/\/business.roovi.com\/hu\/felnott-1000-darabos-puzzle-brueghel-the-elder-viragok-egy-fabol-keszult-edenyben\/p\/","og_site_name":"Roovi B2B","article_publisher":"https:\/\/www.facebook.com\/wwwjucariero","article_modified_time":"2022-07-06T14:04:23+00:00","og_image":[{"width":1200,"height":1200,"url":"https:\/\/business.roovi.com\/wp-content\/uploads\/2019\/04\/73778-05_ansamblu_dimensiuni_cutie_cm.png","type":"image\/png"}],"twitter_misc":{"Becs\u00fclt olvas\u00e1si id\u0151":"4 perc"},"schema":{"@context":"https:\/\/schema.org","@graph":[{"@type":"WebPage","@id":"https:\/\/business.roovi.com\/hu\/felnott-1000-darabos-puzzle-brueghel-the-elder-viragok-egy-fabol-keszult-edenyben\/p\/","url":"https:\/\/business.roovi.com\/hu\/felnott-1000-darabos-puzzle-brueghel-the-elder-viragok-egy-fabol-keszult-edenyben\/p\/","name":"Feln\u0151tt 1000 darabos puzzle Brueghel the Elder - Vir\u00e1gok egy f\u00e1b\u00f3l k\u00e9sz\u00fclt ed\u00e9nyben","isPartOf":{"@id":"https:\/\/business.roovi.com\/hu\/#website"},"datePublished":"2019-04-25T09:07:45+00:00","dateModified":"2022-07-06T14:04:23+00:00","description":"Feln\u0151tt 1000 darabos puzzle Brueghel the Elder - Vir\u00e1gok egy f\u00e1b\u00f3l k\u00e9sz\u00fclt ed\u00e9nyben","breadcrumb":{"@id":"https:\/\/business.roovi.com\/hu\/felnott-1000-darabos-puzzle-brueghel-the-elder-viragok-egy-fabol-keszult-edenyben\/p\/#breadcrumb"},"inLanguage":"hu","potentialAction":[{"@type":"ReadAction","target":["https:\/\/business.roovi.com\/hu\/felnott-1000-darabos-puzzle-brueghel-the-elder-viragok-egy-fabol-keszult-edenyben\/p\/"]}]},{"@type":"BreadcrumbList","@id":"https:\/\/business.roovi.com\/hu\/felnott-1000-darabos-puzzle-brueghel-the-elder-viragok-egy-fabol-keszult-edenyben\/p\/#breadcrumb","itemListElement":[{"@type":"ListItem","position":1,"name":"Home","item":"https:\/\/business.roovi.com\/hu\/"},{"@type":"ListItem","position":2,"name":"Shop","item":"https:\/\/business.roovi.com\/hu\/shop\/"},{"@type":"ListItem","position":3,"name":"Feln\u0151tt 1000 darabos puzzle Brueghel the Elder &#8211; Vir\u00e1gok egy f\u00e1b\u00f3l k\u00e9sz\u00fclt ed\u00e9nyben"}]},{"@type":"WebSite","@id":"https:\/\/business.roovi.com\/hu\/#website","url":"https:\/\/business.roovi.com\/hu\/","name":"Roovi B2B","description":"Roovi Business Website","potentialAction":[{"@type":"SearchAction","target":{"@type":"EntryPoint","urlTemplate":"https:\/\/business.roovi.com\/hu\/?s={search_term_string}"},"query-input":"required name=search_term_string"}],"inLanguage":"hu"}]}},"_links":{"self":[{"href":"https:\/\/business.roovi.com\/hu\/wp-json\/wp\/v2\/product\/39966","targetHints":{"allow":["GET"]}}],"collection":[{"href":"https:\/\/business.roovi.com\/hu\/wp-json\/wp\/v2\/product"}],"about":[{"href":"https:\/\/business.roovi.com\/hu\/wp-json\/wp\/v2\/types\/product"}],"version-history":[{"count":0,"href":"https:\/\/business.roovi.com\/hu\/wp-json\/wp\/v2\/product\/39966\/revisions"}],"wp:featuredmedia":[{"embeddable":true,"href":"https:\/\/business.roovi.com\/hu\/wp-json\/wp\/v2\/media\/63190"}],"wp:attachment":[{"href":"https:\/\/business.roovi.com\/hu\/wp-json\/wp\/v2\/media?parent=39966"}],"wp:term":[{"taxonomy":"product_brand","embeddable":true,"href":"https:\/\/business.roovi.com\/hu\/wp-json\/wp\/v2\/product_brand?post=39966"},{"taxonomy":"product_cat","embeddable":true,"href":"https:\/\/business.roovi.com\/hu\/wp-json\/wp\/v2\/product_cat?post=39966"},{"taxonomy":"product_tag","embeddable":true,"href":"https:\/\/business.roovi.com\/hu\/wp-json\/wp\/v2\/product_tag?post=39966"}],"curies":[{"name":"wp","href":"https:\/\/api.w.org\/{rel}","templated":true}]}}