{"id":39978,"date":"2019-04-12T12:04:04","date_gmt":"2019-04-12T12:04:04","guid":{"rendered":"https:\/\/business.roovi.com\/puzzle-adulti-1000-piese-nature-aquatic\/p\/"},"modified":"2022-07-06T14:04:43","modified_gmt":"2022-07-06T14:04:43","slug":"felnott-1000-darabos-termeszet-kirako-vizi","status":"publish","type":"product","link":"https:\/\/business.roovi.com\/hu\/felnott-1000-darabos-termeszet-kirako-vizi\/p\/","title":{"rendered":"Feln\u0151tt 1000 darabos term\u00e9szet kirak\u00f3 &#8211; v\u00edzi"},"content":{"rendered":"<p><strong><em>\u00c9lvezze a sok \u00f3r\u00e1nyi sz\u00f3rakoz\u00e1st \u00e9s kikapcsol\u00f3d\u00e1st a Nature &#8211; Aquatic 1000 darabos puzzle-vel. Egy m\u00e1sfajta v\u00edzi vil\u00e1g eredeti illusztr\u00e1ci\u00f3ban lep meg egy k\u00fcl\u00f6nleges kivitelez\u00e9s\u0171 kirak\u00f3s j\u00e1t\u00e9kban.<\/em><\/strong><\/p>\n<p><span style=\"font-weight: 400\">Ha egy eredeti, 1000 darabos puzzle-t keresel, amelynek k\u00e9pe nem hasonl\u00edt semmihez, amit eddig \u00f6sszerakt\u00e1l, akkor a legjobb helyen j\u00e1rsz. Az Aquatic feln\u0151tt puzzle a Nature 1000 darabos puzzle kollekci\u00f3b\u00f3l a m\u0171v\u00e9sz \u00e1ltal elk\u00e9pzelt v\u00edzi vil\u00e1g egyedi illusztr\u00e1ci\u00f3j\u00e1t tartalmazza <\/span><span style=\"font-weight: 400\">D\u00e1vid-K\u00e1tai Eszter.<\/span><\/p>\n<p><span style=\"font-weight: 400\">Rengeteg szak\u00e9rtelemmel kidolgozott r\u00e9szlet: a kellemes, \u00e9l\u00e9nk sz\u00ednekben pomp\u00e1z\u00f3 n\u00f6v\u00e9nyek, halak \u00e9s m\u00e1s tengeri \u00e9l\u0151l\u00e9nyek hossz\u00fa id\u0151re lek\u00f6tik a figyelmedet, \u00e9s kih\u00edv\u00e1st jelentenek a kirak\u00f3s k\u00e9pess\u00e9gek bemutat\u00e1s\u00e1ra. Ha szeretne n\u00e9h\u00e1ny csod\u00e1latos \u00f3r\u00e1t elt\u00f6lteni gyermekeivel, fontolja meg ezt a kirak\u00f3s j\u00e1t\u00e9kot, amely biztos, hogy m\u00e9rhetetlen\u00fcl \u00f6r\u00f6met okoz majd nekik.<\/span><\/p>\n<p><span style=\"font-weight: 400\">A darabok al\u00e1t\u00e1maszt\u00e1s\u00e1ra haszn\u00e1lhat egy hagyom\u00e1nyos doh\u00e1nyz\u00f3asztalt. A v\u00e9g\u00e9n egy <strong>47 x 68 cm-es<\/strong> t\u00e1bl\u00e1t kapsz. Tegye keretbe, \u00e9s haszn\u00e1lja dekor\u00e1ci\u00f3s t\u00e1rgyk\u00e9nt <\/span><\/p>\n<p><strong>1000 darabos term\u00e9szet &#8211; v\u00edzi puzzle:<\/strong><\/p>\n<p><strong>Puzzle anyag <\/strong><\/p>\n<p><strong>kiv\u00e1l\u00f3 min\u0151s\u00e9g\u0171 k\u00e9k karton<\/strong><\/p>\n<p><strong>fenntarthat\u00f3, \u00fajrahasznos\u00edthat\u00f3 anyagok<\/strong><\/p>\n<p><strong>f\u00e9lf\u00e9nyes kivitel, \u00e9l\u00e9nk sz\u00ednek<\/strong><\/p>\n<p><strong>A kirak\u00f3s darabok sz\u00e1ma: 1000<\/strong><\/p>\n<p><strong>Aj\u00e1nlott \u00e9letkor: 14+<\/strong><\/p>\n<p><strong>Tudtad, hogy..<\/strong><\/p>\n<p><span style=\"font-weight: 400\">A rejtv\u00e9nyj\u00e1t\u00e9kok \u00e9rt\u00e9kes agytorna. Mind a jobb, mind a bal agyf\u00e9ltek\u00e9t ig\u00e9nybe veszik. Teh\u00e1t analitikusan gondolkodsz, ugyanakkor fejleszted a kreativit\u00e1sodat. R\u00e1ad\u00e1sul, mivel minden \u00e9letkorban akt\u00edvan tartja az agyat, megv\u00e9d az olyan neurodegenerat\u00edv betegs\u00e9gekt\u0151l, mint az Alzheimer-k\u00f3r \u00e9s a demencia.<\/span><\/p>\n<p><span style=\"font-weight: 400\">A kirak\u00f3s j\u00e1t\u00e9k sor\u00e1n t\u00f6bb dopamin v\u00e1laszt\u00f3dik ki az agyban. Ez a neurotranszmitter felel\u0151s a j\u00f3 k\u00f6z\u00e9rzet\u00e9rt, az optimizmus\u00e9rt \u00e9s a boldogs\u00e1g\u00e9rt.<\/span><\/p>\n<p><span style=\"font-weight: 400\">A kirak\u00f3s j\u00e1t\u00e9kok sz\u00e1mos egy\u00e9b el\u0151nyt is k\u00edn\u00e1lnak, amelyek t\u00f6bb szinten is megjelennek:<\/span><\/p>\n<ul>\n<li><span style=\"font-weight: 400\">Figyelmedet \u00e9s t\u00fcrelmedet fejleszti.<\/span><\/li>\n<li><span style=\"font-weight: 400\">Jav\u00edtj\u00e1k a vizu\u00e1lis t\u00e9rl\u00e1t\u00e1st \u00e9s a koordin\u00e1ci\u00f3t.<\/span><\/li>\n<li><span style=\"font-weight: 400\">Fejlesztik a probl\u00e9mamegold\u00f3 k\u00e9szs\u00e9gedet.<\/span><\/li>\n<li><span style=\"font-weight: 400\">Seg\u00edtenek jobban koncentr\u00e1lni \u00e9s n\u00f6velik a termel\u00e9kenys\u00e9get.<\/span><\/li>\n<li><span style=\"font-weight: 400\">\u00d6szt\u00f6nzi az egy\u00fcttm\u0171k\u00f6d\u00e9st \u00e9s a csapatmunk\u00e1t.<\/span><\/li>\n<\/ul>\n<p><strong>Term\u00e9szet &#8211; Aquatic 1000 darabos puzzle t\u00f6ri meg a rossz id\u0151j\u00e1r\u00e1s\u00fa napok monot\u00f3ni\u00e1j\u00e1t<\/strong><\/p>\n<p><span style=\"font-weight: 400\">A nap a felh\u0151k m\u00f6g\u00e9 b\u00fajik, \u00e9s nincs kedved kimozdulni a h\u00e1zb\u00f3l? Rakd \u00f6ssze a Nature &#8211; Aquatic 1000 darabos puzzle-t, \u00e9s adj \u00e9rt\u00e9ket a szabadid\u0151dnek. H\u00edvja fel bar\u00e1tait, \u00e9s \u00e9p\u00edtsenek egy\u00fctt egy csod\u00e1latos k\u00e9pet \u00e9s sok felejthetetlen eml\u00e9ket.<\/span><\/p>\n<p><span style=\"font-weight: 400\">V\u00e1lassza az 1000 darabos feln\u0151tt puzzle-t <\/span><span style=\"font-weight: 400\">Term\u00e9szet &#8211; V\u00edzi, hogy megt\u00f6rje a hideg napok monot\u00f3ni\u00e1j\u00e1t, vagy hogy min\u0151s\u00e9gi id\u0151t t\u00f6lts\u00f6n szeretteivel. Tov\u00e1bb\u00e1, ha aj\u00e1nd\u00e9kot keresel, amivel kellemesen meglepheted egy bar\u00e1todat, ez a gy\u00f6ny\u00f6r\u0171en megtervezett kirak\u00f3s j\u00e1t\u00e9k t\u00f6k\u00e9letes v\u00e1laszt\u00e1s.<\/span><\/p><\/p>\n","protected":false},"excerpt":{"rendered":"<p>\u00c9lvezze a sok \u00f3r\u00e1nyi sz\u00f3rakoz\u00e1st \u00e9s kikapcsol\u00f3d\u00e1st a Nature &#8211; Aquatic 1000 darabos puzzle-vel. Egy m\u00e1sfajta v\u00edzi vil\u00e1g eredeti illusztr\u00e1ci\u00f3ban<\/p>\n","protected":false},"featured_media":0,"template":"","meta":[],"product_brand":[],"product_cat":[1920,1919,1881],"product_tag":[],"class_list":{"0":"post-39978","1":"product","2":"type-product","3":"status-publish","5":"product_cat-1000-darabos-kirakos-jatek","6":"product_cat-felnott-kirakos-jatekok","7":"product_cat-kirakos-jatekok","8":"pa_brand-deico-hu","9":"pa_country_of_manufacture-ro-hu","10":"pa_filter_age-14-hu","11":"pa_tip_ambalaj-doboz","12":"pa_tip_puzzle-klasszikus","14":"first","15":"instock","16":"taxable","17":"shipping-taxable","18":"product-type-simple"},"yoast_head":"<!-- This site is optimized with the Yoast SEO plugin v20.1 - https:\/\/yoast.com\/wordpress\/plugins\/seo\/ -->\n<title>Feln\u0151tt 1000 darabos term\u00e9szet kirak\u00f3 - v\u00edzi<\/title>\n<meta name=\"description\" content=\"Feln\u0151tt 1000 darabos term\u00e9szet kirak\u00f3 - v\u00edzi\" \/>\n<meta name=\"robots\" content=\"index, follow, max-snippet:-1, max-image-preview:large, max-video-preview:-1\" \/>\n<link rel=\"canonical\" href=\"https:\/\/business.roovi.com\/hu\/felnott-1000-darabos-termeszet-kirako-vizi\/p\/\" \/>\n<meta property=\"og:locale\" content=\"hu_HU\" \/>\n<meta property=\"og:type\" content=\"article\" \/>\n<meta property=\"og:title\" content=\"Feln\u0151tt 1000 darabos term\u00e9szet kirak\u00f3 - v\u00edzi\" \/>\n<meta property=\"og:description\" content=\"Feln\u0151tt 1000 darabos term\u00e9szet kirak\u00f3 - v\u00edzi\" \/>\n<meta property=\"og:url\" content=\"https:\/\/business.roovi.com\/hu\/felnott-1000-darabos-termeszet-kirako-vizi\/p\/\" \/>\n<meta property=\"og:site_name\" content=\"Roovi B2B\" \/>\n<meta property=\"article:publisher\" content=\"https:\/\/www.facebook.com\/wwwjucariero\" \/>\n<meta property=\"article:modified_time\" content=\"2022-07-06T14:04:43+00:00\" \/>\n<meta name=\"twitter:label1\" content=\"Becs\u00fclt olvas\u00e1si id\u0151\" \/>\n\t<meta name=\"twitter:data1\" content=\"3 perc\" \/>\n<script type=\"application\/ld+json\" class=\"yoast-schema-graph\">{\"@context\":\"https:\/\/schema.org\",\"@graph\":[{\"@type\":\"WebPage\",\"@id\":\"https:\/\/business.roovi.com\/hu\/felnott-1000-darabos-termeszet-kirako-vizi\/p\/\",\"url\":\"https:\/\/business.roovi.com\/hu\/felnott-1000-darabos-termeszet-kirako-vizi\/p\/\",\"name\":\"Feln\u0151tt 1000 darabos term\u00e9szet kirak\u00f3 - v\u00edzi\",\"isPartOf\":{\"@id\":\"https:\/\/business.roovi.com\/hu\/#website\"},\"datePublished\":\"2019-04-12T12:04:04+00:00\",\"dateModified\":\"2022-07-06T14:04:43+00:00\",\"description\":\"Feln\u0151tt 1000 darabos term\u00e9szet kirak\u00f3 - v\u00edzi\",\"breadcrumb\":{\"@id\":\"https:\/\/business.roovi.com\/hu\/felnott-1000-darabos-termeszet-kirako-vizi\/p\/#breadcrumb\"},\"inLanguage\":\"hu\",\"potentialAction\":[{\"@type\":\"ReadAction\",\"target\":[\"https:\/\/business.roovi.com\/hu\/felnott-1000-darabos-termeszet-kirako-vizi\/p\/\"]}]},{\"@type\":\"BreadcrumbList\",\"@id\":\"https:\/\/business.roovi.com\/hu\/felnott-1000-darabos-termeszet-kirako-vizi\/p\/#breadcrumb\",\"itemListElement\":[{\"@type\":\"ListItem\",\"position\":1,\"name\":\"Home\",\"item\":\"https:\/\/business.roovi.com\/hu\/\"},{\"@type\":\"ListItem\",\"position\":2,\"name\":\"Shop\",\"item\":\"https:\/\/business.roovi.com\/hu\/shop\/\"},{\"@type\":\"ListItem\",\"position\":3,\"name\":\"Feln\u0151tt 1000 darabos term\u00e9szet kirak\u00f3 &#8211; v\u00edzi\"}]},{\"@type\":\"WebSite\",\"@id\":\"https:\/\/business.roovi.com\/hu\/#website\",\"url\":\"https:\/\/business.roovi.com\/hu\/\",\"name\":\"Roovi B2B\",\"description\":\"Roovi Business Website\",\"potentialAction\":[{\"@type\":\"SearchAction\",\"target\":{\"@type\":\"EntryPoint\",\"urlTemplate\":\"https:\/\/business.roovi.com\/hu\/?s={search_term_string}\"},\"query-input\":\"required name=search_term_string\"}],\"inLanguage\":\"hu\"}]}<\/script>\n<!-- \/ Yoast SEO plugin. -->","yoast_head_json":{"title":"Feln\u0151tt 1000 darabos term\u00e9szet kirak\u00f3 - v\u00edzi","description":"Feln\u0151tt 1000 darabos term\u00e9szet kirak\u00f3 - v\u00edzi","robots":{"index":"index","follow":"follow","max-snippet":"max-snippet:-1","max-image-preview":"max-image-preview:large","max-video-preview":"max-video-preview:-1"},"canonical":"https:\/\/business.roovi.com\/hu\/felnott-1000-darabos-termeszet-kirako-vizi\/p\/","og_locale":"hu_HU","og_type":"article","og_title":"Feln\u0151tt 1000 darabos term\u00e9szet kirak\u00f3 - v\u00edzi","og_description":"Feln\u0151tt 1000 darabos term\u00e9szet kirak\u00f3 - v\u00edzi","og_url":"https:\/\/business.roovi.com\/hu\/felnott-1000-darabos-termeszet-kirako-vizi\/p\/","og_site_name":"Roovi B2B","article_publisher":"https:\/\/www.facebook.com\/wwwjucariero","article_modified_time":"2022-07-06T14:04:43+00:00","twitter_misc":{"Becs\u00fclt olvas\u00e1si id\u0151":"3 perc"},"schema":{"@context":"https:\/\/schema.org","@graph":[{"@type":"WebPage","@id":"https:\/\/business.roovi.com\/hu\/felnott-1000-darabos-termeszet-kirako-vizi\/p\/","url":"https:\/\/business.roovi.com\/hu\/felnott-1000-darabos-termeszet-kirako-vizi\/p\/","name":"Feln\u0151tt 1000 darabos term\u00e9szet kirak\u00f3 - v\u00edzi","isPartOf":{"@id":"https:\/\/business.roovi.com\/hu\/#website"},"datePublished":"2019-04-12T12:04:04+00:00","dateModified":"2022-07-06T14:04:43+00:00","description":"Feln\u0151tt 1000 darabos term\u00e9szet kirak\u00f3 - v\u00edzi","breadcrumb":{"@id":"https:\/\/business.roovi.com\/hu\/felnott-1000-darabos-termeszet-kirako-vizi\/p\/#breadcrumb"},"inLanguage":"hu","potentialAction":[{"@type":"ReadAction","target":["https:\/\/business.roovi.com\/hu\/felnott-1000-darabos-termeszet-kirako-vizi\/p\/"]}]},{"@type":"BreadcrumbList","@id":"https:\/\/business.roovi.com\/hu\/felnott-1000-darabos-termeszet-kirako-vizi\/p\/#breadcrumb","itemListElement":[{"@type":"ListItem","position":1,"name":"Home","item":"https:\/\/business.roovi.com\/hu\/"},{"@type":"ListItem","position":2,"name":"Shop","item":"https:\/\/business.roovi.com\/hu\/shop\/"},{"@type":"ListItem","position":3,"name":"Feln\u0151tt 1000 darabos term\u00e9szet kirak\u00f3 &#8211; v\u00edzi"}]},{"@type":"WebSite","@id":"https:\/\/business.roovi.com\/hu\/#website","url":"https:\/\/business.roovi.com\/hu\/","name":"Roovi B2B","description":"Roovi Business Website","potentialAction":[{"@type":"SearchAction","target":{"@type":"EntryPoint","urlTemplate":"https:\/\/business.roovi.com\/hu\/?s={search_term_string}"},"query-input":"required name=search_term_string"}],"inLanguage":"hu"}]}},"_links":{"self":[{"href":"https:\/\/business.roovi.com\/hu\/wp-json\/wp\/v2\/product\/39978","targetHints":{"allow":["GET"]}}],"collection":[{"href":"https:\/\/business.roovi.com\/hu\/wp-json\/wp\/v2\/product"}],"about":[{"href":"https:\/\/business.roovi.com\/hu\/wp-json\/wp\/v2\/types\/product"}],"version-history":[{"count":0,"href":"https:\/\/business.roovi.com\/hu\/wp-json\/wp\/v2\/product\/39978\/revisions"}],"wp:attachment":[{"href":"https:\/\/business.roovi.com\/hu\/wp-json\/wp\/v2\/media?parent=39978"}],"wp:term":[{"taxonomy":"product_brand","embeddable":true,"href":"https:\/\/business.roovi.com\/hu\/wp-json\/wp\/v2\/product_brand?post=39978"},{"taxonomy":"product_cat","embeddable":true,"href":"https:\/\/business.roovi.com\/hu\/wp-json\/wp\/v2\/product_cat?post=39978"},{"taxonomy":"product_tag","embeddable":true,"href":"https:\/\/business.roovi.com\/hu\/wp-json\/wp\/v2\/product_tag?post=39978"}],"curies":[{"name":"wp","href":"https:\/\/api.w.org\/{rel}","templated":true}]}}