{"id":39982,"date":"2019-04-12T11:10:48","date_gmt":"2019-04-12T11:10:48","guid":{"rendered":"https:\/\/business.roovi.com\/puzzle-adulti-1000-piese-pattern-owls-bufnite-2\/p\/"},"modified":"2022-07-06T14:04:49","modified_gmt":"2022-07-06T14:04:49","slug":"felnott-1000-darabos-puzzle-mintas-baglyok-baglyok","status":"publish","type":"product","link":"https:\/\/business.roovi.com\/hu\/felnott-1000-darabos-puzzle-mintas-baglyok-baglyok\/p\/","title":{"rendered":"Feln\u0151tt 1000 darabos puzzle &#8211; Mint\u00e1s baglyok \/ Baglyok"},"content":{"rendered":"<p><span style=\"font-weight: 400\">A kirak\u00f3s j\u00e1t\u00e9kok szerelmese vagy, \u00e9s valami igaz\u00e1n nagy kih\u00edv\u00e1sra v\u00e1gysz? Fedezze fel a Pattern puzzles gy\u0171jtem\u00e9nyt, \u00e9s v\u00e1lasszon olyan \u00f6sszetett k\u00e9peket tartalmaz\u00f3 mint\u00e1kat, amelyek pr\u00f3b\u00e1ra teszik \u00fcgyess\u00e9g\u00e9t \u00e9s figyelm\u00e9t a r\u00e9szletekre.<\/span><\/p>\n<p><span style=\"font-weight: 400\">A Baglyok mint\u00e1s puzzle egy 1000 darabos puzzle, amely a baglyot, a rejt\u00e9lyes teremtm\u00e9nyt \u00fcnnepli. A tucatnyi baglyot k\u00fcl\u00f6nb\u00f6z\u0151 p\u00f3zokban \u00e9s sok sz\u00e9p sz\u00ednes r\u00e9szlettel \u00e1br\u00e1zol\u00f3, egyedi illusztr\u00e1ci\u00f3kkal ell\u00e1tott k\u00e9p D\u00e1vid-K\u00e1tai Eszter fest\u0151m\u0171v\u00e9sz alkot\u00e1sa.<\/span><\/p>\n<p><span style=\"font-weight: 400\">Ha ismered ennek a titokzatos \u00e9jszakai mad\u00e1rnak a szimbolik\u00e1j\u00e1t, m\u00e9g jobban fogod \u00e9rt\u00e9kelni ezt a l\u00e1tv\u00e1nyosan megtervezett festm\u00e9nyt, amely kiemeli a szem\u00e9lyis\u00e9g n\u00e9lk\u00fcli hely n\u00e9vtelens\u00e9g\u00e9t otthonodban.<\/span><\/p>\n<p><span style=\"font-weight: 400\">Az 1000 darabos kirak\u00f3s \u00fajrateremt\u00e9s\u00e9hez \u00e9s a festm\u00e9ny sz\u00ednes pomp\u00e1j\u00e1ban val\u00f3 gy\u00f6ny\u00f6rk\u00f6d\u00e9shez haszn\u00e1lhat egy k\u00f6z\u00f6ns\u00e9ges doh\u00e1nyz\u00f3asztalt darabtart\u00f3k\u00e9nt. Az \u00edgy kapott festm\u00e9ny m\u00e9rete 50 x 70 cm, \u00e9s gy\u00f6ny\u00f6r\u0171en mutat a keretben.<\/span><\/p>\n<p><span style=\"font-weight: 400\">Tov\u00e1bbi r\u00e9szletek az 1000 darabos, bagolymint\u00e1s puzzle-r\u0151l az al\u00e1bbiakban tal\u00e1lhat\u00f3k:<\/span><\/p>\n<p><strong>Puzzle anyag <\/strong><\/p>\n<p><strong>kiv\u00e1l\u00f3 min\u0151s\u00e9g\u0171 k\u00e9k karton<\/strong><\/p>\n<p><strong>fenntarthat\u00f3, \u00fajrahasznos\u00edthat\u00f3 anyagok<\/strong><\/p>\n<p><strong>f\u00e9lf\u00e9nyes kivitel, \u00e9l\u00e9nk sz\u00ednek<\/strong><\/p>\n<p><strong>A kirak\u00f3s darabok sz\u00e1ma: 1000<\/strong><\/p>\n<p><strong>Aj\u00e1nlott \u00e9letkor: 14+<\/strong><\/p>\n<p><span style=\"font-weight: 400\">A kirak\u00f3s j\u00e1t\u00e9kok nagyszer\u0171 lehet\u0151s\u00e9get ny\u00fajtanak t\u00f6bbf\u00e9le k\u00e9szs\u00e9g fejleszt\u00e9s\u00e9re:<\/span><\/p>\n<ul>\n<li><span style=\"font-weight: 400\">R\u00f6vid t\u00e1v\u00fa mem\u00f3ria<\/span><\/li>\n<li><span style=\"font-weight: 400\">T\u00fcrelem<\/span><\/li>\n<li><span style=\"font-weight: 400\">Figyelem a r\u00e9szletekre<\/span><\/li>\n<li><span style=\"font-weight: 400\">Kitart\u00e1s<\/span><\/li>\n<li><span style=\"font-weight: 400\">Finommotoros k\u00e9szs\u00e9gek<\/span><\/li>\n<li><span style=\"font-weight: 400\">Logikus gondolkod\u00e1s<\/span><\/li>\n<\/ul>\n<p><strong>Mi\u00e9rt v\u00e1lassza a sz\u00ednes baglyokkal d\u00edsz\u00edtett 1000 darabos puzzle modelleket?<\/strong><\/p>\n<p><span style=\"font-weight: 400\">Ez egy kih\u00edv\u00e1s az elm\u00e9dnek \u00e9s egy remek m\u00f3dja a kikapcsol\u00f3d\u00e1snak.<\/span><\/p>\n<p><span style=\"font-weight: 400\">Lehet\u0151s\u00e9ged van arra, hogy egy csod\u00e1latos k\u00e9p alkot\u00f3ja legy\u00e9l, amelyet k\u00fcl\u00f6nleges d\u00edszt\u00e1rgyk\u00e9nt haszn\u00e1lhatsz.<\/span><\/p>\n<p><span style=\"font-weight: 400\">Az 1000 bagoly kirak\u00f3s k\u00e9p\u00e9t \u00fajraalkothatja gyermekeivel egy\u00fctt, \u00e9s lehet\u0151s\u00e9g\u00fck ny\u00edlik arra, hogy id\u0151t t\u00f6ltsenek vel\u00fck.<\/span><\/p>\n<p><span style=\"font-weight: 400\">Ez egy lehet\u0151s\u00e9g a k\u00e9z\u00fcgyess\u00e9g fejleszt\u00e9s\u00e9re \u00e9s a koordin\u00e1ci\u00f3 fenntart\u00e1s\u00e1ra.<\/span><\/p>\n<p><span style=\"font-weight: 400\">Ez az egyik legjobb gyakorlat a ment\u00e1lis eg\u00e9szs\u00e9g meg\u0151rz\u00e9s\u00e9re \u00e9s a neurodegenerat\u00edv betegs\u00e9gekt\u0151l val\u00f3 v\u00e9delemre.<\/span><\/p>\n<p><strong>A bagoly szimb\u00f3luma a k\u00fcl\u00f6nb\u00f6z\u0151 kult\u00far\u00e1kban<\/strong><\/p>\n<p><span style=\"font-weight: 400\">A g\u00f6r\u00f6g kult\u00far\u00e1ban a bagoly a l\u00e9lek b\u00f6lcsess\u00e9g\u00e9t jelk\u00e9pezte.<\/span><\/p>\n<p><span style=\"font-weight: 400\">A k\u00ednai kult\u00far\u00e1ban a bagoly a f\u00e9rfiass\u00e1g elv\u00e9t testes\u00edtette meg <\/span><em><span style=\"font-weight: 400\">yang<\/span><\/em><span style=\"font-weight: 400\">.<\/span><\/p>\n<p><span style=\"font-weight: 400\">Az indi\u00e1nok a v\u00e9gzet \u0151rz\u0151j\u00e9nek tartott\u00e1k.<\/span><\/p>\n<p><span style=\"font-weight: 400\">Az egyiptomiakn\u00e1l egy bagolyszer\u0171 isten volt az elhunytak lelk\u00e9nek \u0151re, aki seg\u00edtette \u0151ket a l\u00e9tez\u00e9s egy m\u00e1sik s\u00edkj\u00e1ra val\u00f3 \u00e1tmenetben.<\/span><\/p>\n<p><span style=\"font-weight: 400\">A Feng Shui-ban a bagoly a j\u00f3l\u00e9thez \u00e9s a k\u00e9nyelemhez kapcsol\u00f3dik.<\/span><\/p>\n<p><strong>1000 darabos bagoly mint\u00e1s puzzle a meditat\u00edv \u00e9lm\u00e9ny\u00e9rt<\/strong><\/p>\n<p><span style=\"font-weight: 400\">A kirak\u00f3s j\u00e1t\u00e9knak az emberi elm\u00e9re gyakorolt hat\u00e1sa hasonl\u00f3 a m\u00e9ly medit\u00e1ci\u00f3\u00e9hoz. Az intenz\u00edv koncentr\u00e1ci\u00f3s \u00e1llapotnak k\u00f6sz\u00f6nhet\u0151en a kirak\u00f3s j\u00e1t\u00e9k sor\u00e1n egyens\u00faly j\u00f6n l\u00e9tre a racion\u00e1lis \u00e9s az \u00e9rzelmi test k\u00f6z\u00f6tt, \u00edgy intenz\u00edven a jelen pillanatban \u00e9lhetsz, \u00e9s csod\u00e1latos relax\u00e1ci\u00f3s \u00e9lm\u00e9nyben lehet r\u00e9szed.<\/span><\/p>\n<p><span style=\"font-weight: 400\">Ennek eredm\u00e9nyek\u00e9ppen t\u00f6bbf\u00e9le el\u0151nyt is \u00e9lvezhet, p\u00e9ld\u00e1ul:<\/span><\/p>\n<ul>\n<li><span style=\"font-weight: 400\">Stresszold\u00e1s.<\/span><\/li>\n<li><span style=\"font-weight: 400\">K\u00f6nnyen kezelje a szorong\u00e1st.<\/span><\/li>\n<li><span style=\"font-weight: 400\">Jav\u00edtott alv\u00e1s az \u00e1lmatlans\u00e1g elleni k\u00fczdelemmel.<\/span><\/li>\n<li><span style=\"font-weight: 400\">Javult az \u00e1ltal\u00e1nos hangulat.<\/span><\/li>\n<li><span style=\"font-weight: 400\">A lelki b\u00e9ke \u00e9s az optimizmus kellemes \u00e9rz\u00e9s\u00e9nek megtapasztal\u00e1sa <\/span><\/li>\n<\/ul>\n<p><span style=\"font-weight: 400\">Ha szeretn\u00e9d ki\u00e9lvezni a kirak\u00f3s j\u00e1t\u00e9kok ir\u00e1nti szenved\u00e9lyedet \u00e9s megtapasztalni ezeket a j\u00f3 \u00e9rz\u00e9seket, v\u00e1laszd az 1000 darabos Pattern Owls puzzle-t. Ha egyszer m\u00e1r \u00e1tdolgoztad ezt a k\u00e9pet \u00e9l\u00e9nk sz\u00ednekkel, akkor a Pattern 1000 darabos puzzle kollekci\u00f3 m\u00e1s mint\u00e1it is ki akarod majd pr\u00f3b\u00e1lni. Fedezd fel a nagyszer\u0171 k\u00e9peket, \u00e9s hozd l\u00e9tre saj\u00e1t, egyedi puzzle-k\u00e9pgy\u0171jtem\u00e9nyedet.<\/span><\/p>\n","protected":false},"excerpt":{"rendered":"<p>A kirak\u00f3s j\u00e1t\u00e9kok szerelmese vagy, \u00e9s valami igaz\u00e1n nagy kih\u00edv\u00e1sra v\u00e1gysz? Fedezze fel a Pattern puzzles gy\u0171jtem\u00e9nyt, \u00e9s v\u00e1lasszon olyan<\/p>\n","protected":false},"featured_media":59498,"template":"","meta":[],"product_brand":[],"product_cat":[1920,1919,1881],"product_tag":[],"class_list":{"0":"post-39982","1":"product","2":"type-product","3":"status-publish","4":"has-post-thumbnail","6":"product_cat-1000-darabos-kirakos-jatek","7":"product_cat-felnott-kirakos-jatekok","8":"product_cat-kirakos-jatekok","9":"pa_brand-deico-hu","10":"pa_country_of_manufacture-ro-hu","11":"pa_filter_age-14-hu","12":"pa_tip_ambalaj-doboz","13":"pa_tip_puzzle-klasszikus","15":"first","16":"instock","17":"taxable","18":"shipping-taxable","19":"product-type-simple"},"yoast_head":"<!-- This site is optimized with the Yoast SEO plugin v20.1 - https:\/\/yoast.com\/wordpress\/plugins\/seo\/ -->\n<title>Feln\u0151tt 1000 darabos puzzle - Mint\u00e1s baglyok \/ Baglyok<\/title>\n<meta name=\"description\" content=\"Feln\u0151tt 1000 darabos puzzle - Mint\u00e1s baglyok \/ Baglyok\" \/>\n<meta name=\"robots\" content=\"index, follow, max-snippet:-1, max-image-preview:large, max-video-preview:-1\" \/>\n<link rel=\"canonical\" href=\"https:\/\/business.roovi.com\/hu\/felnott-1000-darabos-puzzle-mintas-baglyok-baglyok\/p\/\" \/>\n<meta property=\"og:locale\" content=\"hu_HU\" \/>\n<meta property=\"og:type\" content=\"article\" \/>\n<meta property=\"og:title\" content=\"Feln\u0151tt 1000 darabos puzzle - Mint\u00e1s baglyok \/ Baglyok\" \/>\n<meta property=\"og:description\" content=\"Feln\u0151tt 1000 darabos puzzle - Mint\u00e1s baglyok \/ Baglyok\" \/>\n<meta property=\"og:url\" content=\"https:\/\/business.roovi.com\/hu\/felnott-1000-darabos-puzzle-mintas-baglyok-baglyok\/p\/\" \/>\n<meta property=\"og:site_name\" content=\"Roovi B2B\" \/>\n<meta property=\"article:publisher\" content=\"https:\/\/www.facebook.com\/wwwjucariero\" \/>\n<meta property=\"article:modified_time\" content=\"2022-07-06T14:04:49+00:00\" \/>\n<meta property=\"og:image\" content=\"https:\/\/business.roovi.com\/wp-content\/uploads\/2019\/04\/puzzle_1000_pattern-75437_02.jpg\" \/>\n\t<meta property=\"og:image:width\" content=\"1000\" \/>\n\t<meta property=\"og:image:height\" content=\"1000\" \/>\n\t<meta property=\"og:image:type\" content=\"image\/jpeg\" \/>\n<meta name=\"twitter:label1\" content=\"Becs\u00fclt olvas\u00e1si id\u0151\" \/>\n\t<meta name=\"twitter:data1\" content=\"4 perc\" \/>\n<script type=\"application\/ld+json\" class=\"yoast-schema-graph\">{\"@context\":\"https:\/\/schema.org\",\"@graph\":[{\"@type\":\"WebPage\",\"@id\":\"https:\/\/business.roovi.com\/hu\/felnott-1000-darabos-puzzle-mintas-baglyok-baglyok\/p\/\",\"url\":\"https:\/\/business.roovi.com\/hu\/felnott-1000-darabos-puzzle-mintas-baglyok-baglyok\/p\/\",\"name\":\"Feln\u0151tt 1000 darabos puzzle - Mint\u00e1s baglyok \/ Baglyok\",\"isPartOf\":{\"@id\":\"https:\/\/business.roovi.com\/hu\/#website\"},\"datePublished\":\"2019-04-12T11:10:48+00:00\",\"dateModified\":\"2022-07-06T14:04:49+00:00\",\"description\":\"Feln\u0151tt 1000 darabos puzzle - Mint\u00e1s baglyok \/ Baglyok\",\"breadcrumb\":{\"@id\":\"https:\/\/business.roovi.com\/hu\/felnott-1000-darabos-puzzle-mintas-baglyok-baglyok\/p\/#breadcrumb\"},\"inLanguage\":\"hu\",\"potentialAction\":[{\"@type\":\"ReadAction\",\"target\":[\"https:\/\/business.roovi.com\/hu\/felnott-1000-darabos-puzzle-mintas-baglyok-baglyok\/p\/\"]}]},{\"@type\":\"BreadcrumbList\",\"@id\":\"https:\/\/business.roovi.com\/hu\/felnott-1000-darabos-puzzle-mintas-baglyok-baglyok\/p\/#breadcrumb\",\"itemListElement\":[{\"@type\":\"ListItem\",\"position\":1,\"name\":\"Home\",\"item\":\"https:\/\/business.roovi.com\/hu\/\"},{\"@type\":\"ListItem\",\"position\":2,\"name\":\"Shop\",\"item\":\"https:\/\/business.roovi.com\/hu\/shop\/\"},{\"@type\":\"ListItem\",\"position\":3,\"name\":\"Feln\u0151tt 1000 darabos puzzle &#8211; Mint\u00e1s baglyok \/ Baglyok\"}]},{\"@type\":\"WebSite\",\"@id\":\"https:\/\/business.roovi.com\/hu\/#website\",\"url\":\"https:\/\/business.roovi.com\/hu\/\",\"name\":\"Roovi B2B\",\"description\":\"Roovi Business Website\",\"potentialAction\":[{\"@type\":\"SearchAction\",\"target\":{\"@type\":\"EntryPoint\",\"urlTemplate\":\"https:\/\/business.roovi.com\/hu\/?s={search_term_string}\"},\"query-input\":\"required name=search_term_string\"}],\"inLanguage\":\"hu\"}]}<\/script>\n<!-- \/ Yoast SEO plugin. -->","yoast_head_json":{"title":"Feln\u0151tt 1000 darabos puzzle - Mint\u00e1s baglyok \/ Baglyok","description":"Feln\u0151tt 1000 darabos puzzle - Mint\u00e1s baglyok \/ Baglyok","robots":{"index":"index","follow":"follow","max-snippet":"max-snippet:-1","max-image-preview":"max-image-preview:large","max-video-preview":"max-video-preview:-1"},"canonical":"https:\/\/business.roovi.com\/hu\/felnott-1000-darabos-puzzle-mintas-baglyok-baglyok\/p\/","og_locale":"hu_HU","og_type":"article","og_title":"Feln\u0151tt 1000 darabos puzzle - Mint\u00e1s baglyok \/ Baglyok","og_description":"Feln\u0151tt 1000 darabos puzzle - Mint\u00e1s baglyok \/ Baglyok","og_url":"https:\/\/business.roovi.com\/hu\/felnott-1000-darabos-puzzle-mintas-baglyok-baglyok\/p\/","og_site_name":"Roovi B2B","article_publisher":"https:\/\/www.facebook.com\/wwwjucariero","article_modified_time":"2022-07-06T14:04:49+00:00","og_image":[{"width":1000,"height":1000,"url":"https:\/\/business.roovi.com\/wp-content\/uploads\/2019\/04\/puzzle_1000_pattern-75437_02.jpg","type":"image\/jpeg"}],"twitter_misc":{"Becs\u00fclt olvas\u00e1si id\u0151":"4 perc"},"schema":{"@context":"https:\/\/schema.org","@graph":[{"@type":"WebPage","@id":"https:\/\/business.roovi.com\/hu\/felnott-1000-darabos-puzzle-mintas-baglyok-baglyok\/p\/","url":"https:\/\/business.roovi.com\/hu\/felnott-1000-darabos-puzzle-mintas-baglyok-baglyok\/p\/","name":"Feln\u0151tt 1000 darabos puzzle - Mint\u00e1s baglyok \/ Baglyok","isPartOf":{"@id":"https:\/\/business.roovi.com\/hu\/#website"},"datePublished":"2019-04-12T11:10:48+00:00","dateModified":"2022-07-06T14:04:49+00:00","description":"Feln\u0151tt 1000 darabos puzzle - Mint\u00e1s baglyok \/ Baglyok","breadcrumb":{"@id":"https:\/\/business.roovi.com\/hu\/felnott-1000-darabos-puzzle-mintas-baglyok-baglyok\/p\/#breadcrumb"},"inLanguage":"hu","potentialAction":[{"@type":"ReadAction","target":["https:\/\/business.roovi.com\/hu\/felnott-1000-darabos-puzzle-mintas-baglyok-baglyok\/p\/"]}]},{"@type":"BreadcrumbList","@id":"https:\/\/business.roovi.com\/hu\/felnott-1000-darabos-puzzle-mintas-baglyok-baglyok\/p\/#breadcrumb","itemListElement":[{"@type":"ListItem","position":1,"name":"Home","item":"https:\/\/business.roovi.com\/hu\/"},{"@type":"ListItem","position":2,"name":"Shop","item":"https:\/\/business.roovi.com\/hu\/shop\/"},{"@type":"ListItem","position":3,"name":"Feln\u0151tt 1000 darabos puzzle &#8211; Mint\u00e1s baglyok \/ Baglyok"}]},{"@type":"WebSite","@id":"https:\/\/business.roovi.com\/hu\/#website","url":"https:\/\/business.roovi.com\/hu\/","name":"Roovi B2B","description":"Roovi Business Website","potentialAction":[{"@type":"SearchAction","target":{"@type":"EntryPoint","urlTemplate":"https:\/\/business.roovi.com\/hu\/?s={search_term_string}"},"query-input":"required name=search_term_string"}],"inLanguage":"hu"}]}},"_links":{"self":[{"href":"https:\/\/business.roovi.com\/hu\/wp-json\/wp\/v2\/product\/39982","targetHints":{"allow":["GET"]}}],"collection":[{"href":"https:\/\/business.roovi.com\/hu\/wp-json\/wp\/v2\/product"}],"about":[{"href":"https:\/\/business.roovi.com\/hu\/wp-json\/wp\/v2\/types\/product"}],"version-history":[{"count":0,"href":"https:\/\/business.roovi.com\/hu\/wp-json\/wp\/v2\/product\/39982\/revisions"}],"wp:featuredmedia":[{"embeddable":true,"href":"https:\/\/business.roovi.com\/hu\/wp-json\/wp\/v2\/media\/59498"}],"wp:attachment":[{"href":"https:\/\/business.roovi.com\/hu\/wp-json\/wp\/v2\/media?parent=39982"}],"wp:term":[{"taxonomy":"product_brand","embeddable":true,"href":"https:\/\/business.roovi.com\/hu\/wp-json\/wp\/v2\/product_brand?post=39982"},{"taxonomy":"product_cat","embeddable":true,"href":"https:\/\/business.roovi.com\/hu\/wp-json\/wp\/v2\/product_cat?post=39982"},{"taxonomy":"product_tag","embeddable":true,"href":"https:\/\/business.roovi.com\/hu\/wp-json\/wp\/v2\/product_tag?post=39982"}],"curies":[{"name":"wp","href":"https:\/\/api.w.org\/{rel}","templated":true}]}}