{"id":40127,"date":"2018-09-10T10:33:03","date_gmt":"2018-09-10T10:33:03","guid":{"rendered":"https:\/\/business.roovi.com\/puzzle-adulti-1000-piese-animal-faces-owlsbufnite\/p\/"},"modified":"2022-07-06T14:24:15","modified_gmt":"2022-07-06T14:24:15","slug":"1000-darabos-felnott-puzzle-allati-arcok-baglyok","status":"publish","type":"product","link":"https:\/\/business.roovi.com\/hu\/1000-darabos-felnott-puzzle-allati-arcok-baglyok\/p\/","title":{"rendered":"1000 darabos feln\u0151tt puzzle &#8211; \u00c1llati arcok &#8211; Baglyok"},"content":{"rendered":"<p><span style=\"font-weight: 400\">Szeretne egy napot kreat\u00edv kikapcsol\u00f3d\u00e1ssal t\u00f6lteni otthon\u00e1nak k\u00e9nyelm\u00e9ben? V\u00e1lassza az 1000 darabos, patchwork st\u00edlus\u00fa, sok bagolyarcot tartalmaz\u00f3 kirak\u00f3t, \u00e9s adjon \u00e9rt\u00e9ket a monoton \u00f3r\u00e1knak.<\/span><\/p>\n<p><span style=\"font-weight: 400\">Tucatnyi komoly bagolyarc mered r\u00e1d egy leny\u0171g\u00f6z\u0151, 1000 darabos puzzle-k\u00e9pb\u0151l. Leny\u0171g\u00f6z\u0151 gy\u0171jtem\u00e9nyt hoztunk l\u00e9tre 1000 darabos puzzle Animals leny\u0171g\u00f6z\u0151 mint\u00e1kkal. Az 1000 darabos \u00c1llati arcok &#8211; Baglyok puzzle egy ilyen puzzle, amely a k\u00e9p tisztas\u00e1g\u00e1val \u00e9s a sz\u00ednek t\u00f6k\u00e9letess\u00e9g\u00e9vel leny\u0171g\u00f6zi \u00d6nt.<\/span><\/p>\n<p><span style=\"font-weight: 400\">Egy patchwork puzzle \u00fajragondol\u00e1sa bonyolult munka, amely t\u00fcrelmet \u00e9s figyelmet ig\u00e9nyel a r\u00e9szletekre. De ha egyszer belemer\u00fclsz a j\u00e1t\u00e9kba, akkor nem hagyod abba, \u00e9s nem akarod feladni, am\u00edg a fest\u00e9s be nem fejez\u0151dik.<\/span><\/p>\n<p><span style=\"font-weight: 400\">Ha azt szeretn\u00e9, hogy a sz\u00f3rakoz\u00e1s teljes legyen, akkor az 1000 darabos Animal Faces &#8211; Owls puzzle k\u00e9pet \u00fajra megteheti a gyerekekkel. Ez egy j\u00f3 lehet\u0151s\u00e9g arra, hogy egy\u00fctt t\u00f6ltsetek id\u0151t, \u00e9s felfedezz\u00e9tek a k\u00e9pess\u00e9geiteket \u00e9s a szem\u00e9lyis\u00e9geteket.<\/span><\/p>\n<p><span style=\"font-weight: 400\">Az al\u00e1bbiakban n\u00e9h\u00e1ny technikai r\u00e9szletet tal\u00e1lsz err\u0151l a csod\u00e1latos 1000 darabos Baglyok puzzle-r\u0151l:<\/span><\/p>\n<p><strong>A reproduk\u00e1lt k\u00e9p m\u00e9rete: 50 x 70 cm <\/strong><span style=\"font-weight: 400\">A darabok al\u00e1t\u00e1maszt\u00e1s\u00e1ra haszn\u00e1lhat egy hagyom\u00e1nyos doh\u00e1nyz\u00f3asztalt.<\/span><\/p>\n<p><strong>Puzzle anyag <\/strong><\/p>\n<p><strong>kiv\u00e1l\u00f3 min\u0151s\u00e9g\u0171 k\u00e9k karton<\/strong><\/p>\n<p><strong>fenntarthat\u00f3, \u00fajrahasznos\u00edthat\u00f3 anyagok<\/strong><\/p>\n<p><strong>f\u00e9lf\u00e9nyes kivitel, \u00e9l\u00e9nk sz\u00ednek<\/strong><\/p>\n<p><strong>A kirak\u00f3s darabok sz\u00e1ma: 1000<\/strong><\/p>\n<p><strong>Aj\u00e1nlott \u00e9letkor: 14+<\/strong><\/p>\n<p><strong>Mi\u00e9rt k\u00fcl\u00f6nleges 1000 darabos puzzle \u00c1llati arcok &#8211; Baglyok?<\/strong><\/p>\n<p><span style=\"font-weight: 400\">Ez egy m\u00f3dja a motoros k\u00e9szs\u00e9gek, a k\u00e9z\u00fcgyess\u00e9g \u00e9s a koordin\u00e1ci\u00f3 edz\u00e9s\u00e9nek.<\/span><\/p>\n<p><span style=\"font-weight: 400\">Ez megk\u00f6veteli a r\u00e9szletekre val\u00f3 odafigyel\u00e9st, \u00e9s hosszabb ideig tart koncentr\u00e1lva.<\/span><\/p>\n<p><span style=\"font-weight: 400\">Kap egy eredeti festm\u00e9nyt, amelyet bekeretezhet \u00e9s ki\u00e1ll\u00edthat valahol az otthon\u00e1ban.<\/span><\/p>\n<p><span style=\"font-weight: 400\">Ez egy lehet\u0151s\u00e9g a kikapcsol\u00f3d\u00e1sra \u00e9s a mindennapi rutinb\u00f3l val\u00f3 kiszakad\u00e1sra.<\/span><\/p>\n<p><span style=\"font-weight: 400\">Fejleszti a logikus gondolkod\u00e1st \u00e9s a vizu\u00e1lis-t\u00e9rbeli intelligenci\u00e1t.<\/span><\/p>\n<p><span style=\"font-weight: 400\">Min\u0151s\u00e9gi id\u0151t t\u00f6lthetsz szeretteiddel.<\/span><\/p>\n<p><strong>Tudtad, hogy&#8230;?<\/strong><\/p>\n<p><span style=\"font-weight: 400\">A bagoly a legnagyobb \u00e9jszakai bagoly.<\/span><\/p>\n<p><span style=\"font-weight: 400\">A legnagyobb bagolyfajok sz\u00e1rnyfeszt\u00e1vols\u00e1ga meghaladja a 2 m\u00e9tert.<\/span><\/p>\n<p><span style=\"font-weight: 400\">A bagoly kerek, gy\u00f6ngy\u00f6z\u0151 szemei a feje fel\u00e9t foglalj\u00e1k el.<\/span><\/p>\n<p><span style=\"font-weight: 400\">A baglyoknak h\u00e1rom szemh\u00e9juk van.<\/span><\/p>\n<p><span style=\"font-weight: 400\">A vil\u00e1gon mintegy 220 bagolyfaj \u00e9l. Haz\u00e1nkban 12 ilyen van.<\/span><\/p>\n<p><span style=\"font-weight: 400\">Ezek a leny\u0171g\u00f6z\u0151 madarak t\u00f6bb mint 70 milli\u00f3 \u00e9ve \u00e9lnek a F\u00f6ld\u00f6n.<\/span><\/p>\n<p><strong>1000 darabos Baglyok puzzle a sok \u00f3r\u00e1nyi pihentet\u0151 sz\u00f3rakoz\u00e1shoz<\/strong><\/p>\n<p><span style=\"font-weight: 400\">Egy puzzle rajong\u00f3<\/span> <span style=\"font-weight: 400\">\u00f6r\u00fcl, ha tal\u00e1l egy olyan kirak\u00f3s j\u00e1t\u00e9kot, amely \u00f3r\u00e1kon \u00e1t serkenti a koncentr\u00e1ci\u00f3j\u00e1t \u00e9s figyelm\u00e9t. Az 1000 darabos patchwork st\u00edlus\u00fa puzzle pontosan az a feln\u0151tt puzzle, amely megfelel mindezen tulajdons\u00e1goknak.<\/span><\/p>\n<p><span style=\"font-weight: 400\">A tucatnyi bagolyarc k\u00f6z\u00f6tt egyedi, leny\u0171g\u00f6z\u0151 fajokat fedezhetsz fel. Ha ezt a rejtv\u00e9nyt megoldod a gyerekekkel, k\u00e9sz\u00fclj fel t\u00f6bb inform\u00e1ci\u00f3val a titokzatos l\u00e9nyekr\u0151l. Tegye ezt a tev\u00e9kenys\u00e9get tanuls\u00e1goss\u00e1 \u00e9s interakt\u00edvv\u00e1 a gyermekek sz\u00e1m\u00e1ra. Megl\u00e1tod, hogy sz\u00edvesen megmutatj\u00e1k, milyen \u00fcgyesek az 1000 darabos kirak\u00f3sok \u00f6ssze\u00e1ll\u00edt\u00e1s\u00e1ban, \u00e9s hogy az \u00e1llatok vil\u00e1g\u00e1ban is \u00f6r\u00f6m\u00fcket lelik.<\/span><\/p>\n<p><span style=\"font-weight: 400\">Ak\u00e1r egyed\u00fcl oldja meg az 1000 darabos puzzle-t, ak\u00e1r \u00fagy d\u00f6nt, hogy szeretteivel egy\u00fctt sz\u00f3rakozik, az 1000 darabos Animal Faces &#8211; Owls puzzle egy j\u00f3 kirak\u00f3s j\u00e1t\u00e9k, amelyet \u00e9rdemes otthon tartani. Annyiszor haszn\u00e1lhatja \u00fajra, ah\u00e1nyszor csak akarja, abban a biztos tudatban, hogy a t\u00f6bbsz\u00f6ri haszn\u00e1lat sor\u00e1n nem fog megs\u00e9r\u00fclni, vagy az els\u0151 \u00f6sszeszerel\u00e9s ut\u00e1n a keretbe helyezheti. Ez egy olyan kieg\u00e9sz\u00edt\u0151 lesz, amely biztosan szem\u00e9lyis\u00e9get k\u00f6lcs\u00f6n\u00f6z egy unalmas t\u00e9rnek.<\/span><\/p>\n<p><span style=\"font-weight: 400\">Ha szereted a szimb\u00f3lumokat, \u00e9s m\u00e1r tudod, hogy a bagoly a b\u00f6lcsess\u00e9get jelk\u00e9pezi, akkor m\u00e9g jobban fogod \u00e9rt\u00e9kelni a rejt\u00e9lyes \u00e9jszakai teremtm\u00e9nyeket \u00e1br\u00e1zol\u00f3 festm\u00e9nyt.<\/span><\/p>\n<p><span style=\"font-weight: 400\">A patchwork puzzle 1000 darab Baglyok is nagyszer\u0171 aj\u00e1nd\u00e9k lehet olyan bar\u00e1toknak, akik szenved\u00e9lyesen szeretik a kirak\u00f3s j\u00e1t\u00e9kokat, vagy akiket kreativit\u00e1sra akarsz k\u00e9sztetni.<\/span><\/p><\/p>\n","protected":false},"excerpt":{"rendered":"<p>Szeretne egy napot kreat\u00edv kikapcsol\u00f3d\u00e1ssal t\u00f6lteni otthon\u00e1nak k\u00e9nyelm\u00e9ben? V\u00e1lassza az 1000 darabos, patchwork st\u00edlus\u00fa, sok bagolyarcot tartalmaz\u00f3 kirak\u00f3t, \u00e9s adjon<\/p>\n","protected":false},"featured_media":36835,"template":"","meta":[],"product_brand":[],"product_cat":[1920,1919,1881],"product_tag":[],"class_list":{"0":"post-40127","1":"product","2":"type-product","3":"status-publish","4":"has-post-thumbnail","6":"product_cat-1000-darabos-kirakos-jatek","7":"product_cat-felnott-kirakos-jatekok","8":"product_cat-kirakos-jatekok","9":"pa_brand-d_toys-hu","10":"pa_country_of_manufacture-ro-hu","11":"pa_filter_age-14-hu","12":"pa_painter-allati-arcok","13":"pa_tip_ambalaj-doboz","14":"pa_tip_puzzle-klasszikus","16":"first","17":"instock","18":"taxable","19":"shipping-taxable","20":"product-type-simple"},"yoast_head":"<!-- This site is optimized with the Yoast SEO plugin v20.1 - https:\/\/yoast.com\/wordpress\/plugins\/seo\/ -->\n<title>1000 darabos feln\u0151tt puzzle - \u00c1llati arcok - Baglyok<\/title>\n<meta name=\"description\" content=\"1000 darabos feln\u0151tt puzzle - \u00c1llati arcok - Baglyok\" \/>\n<meta name=\"robots\" content=\"index, follow, max-snippet:-1, max-image-preview:large, max-video-preview:-1\" \/>\n<link rel=\"canonical\" href=\"https:\/\/business.roovi.com\/hu\/1000-darabos-felnott-puzzle-allati-arcok-baglyok\/p\/\" \/>\n<meta property=\"og:locale\" content=\"hu_HU\" \/>\n<meta property=\"og:type\" content=\"article\" \/>\n<meta property=\"og:title\" content=\"1000 darabos feln\u0151tt puzzle - \u00c1llati arcok - Baglyok\" \/>\n<meta property=\"og:description\" content=\"1000 darabos feln\u0151tt puzzle - \u00c1llati arcok - Baglyok\" \/>\n<meta property=\"og:url\" content=\"https:\/\/business.roovi.com\/hu\/1000-darabos-felnott-puzzle-allati-arcok-baglyok\/p\/\" \/>\n<meta property=\"og:site_name\" content=\"Roovi B2B\" \/>\n<meta property=\"article:publisher\" content=\"https:\/\/www.facebook.com\/wwwjucariero\" \/>\n<meta property=\"article:modified_time\" content=\"2022-07-06T14:24:15+00:00\" \/>\n<meta property=\"og:image\" content=\"https:\/\/business.roovi.com\/wp-content\/uploads\/2018\/09\/74331-1_ansamblu_dimensiuni_cutie_cm_orizontal_1200x1200.png\" \/>\n\t<meta property=\"og:image:width\" content=\"1200\" \/>\n\t<meta property=\"og:image:height\" content=\"1200\" \/>\n\t<meta property=\"og:image:type\" content=\"image\/png\" \/>\n<meta name=\"twitter:label1\" content=\"Becs\u00fclt olvas\u00e1si id\u0151\" \/>\n\t<meta name=\"twitter:data1\" content=\"4 perc\" \/>\n<script type=\"application\/ld+json\" class=\"yoast-schema-graph\">{\"@context\":\"https:\/\/schema.org\",\"@graph\":[{\"@type\":\"WebPage\",\"@id\":\"https:\/\/business.roovi.com\/hu\/1000-darabos-felnott-puzzle-allati-arcok-baglyok\/p\/\",\"url\":\"https:\/\/business.roovi.com\/hu\/1000-darabos-felnott-puzzle-allati-arcok-baglyok\/p\/\",\"name\":\"1000 darabos feln\u0151tt puzzle - \u00c1llati arcok - Baglyok\",\"isPartOf\":{\"@id\":\"https:\/\/business.roovi.com\/hu\/#website\"},\"datePublished\":\"2018-09-10T10:33:03+00:00\",\"dateModified\":\"2022-07-06T14:24:15+00:00\",\"description\":\"1000 darabos feln\u0151tt puzzle - \u00c1llati arcok - Baglyok\",\"breadcrumb\":{\"@id\":\"https:\/\/business.roovi.com\/hu\/1000-darabos-felnott-puzzle-allati-arcok-baglyok\/p\/#breadcrumb\"},\"inLanguage\":\"hu\",\"potentialAction\":[{\"@type\":\"ReadAction\",\"target\":[\"https:\/\/business.roovi.com\/hu\/1000-darabos-felnott-puzzle-allati-arcok-baglyok\/p\/\"]}]},{\"@type\":\"BreadcrumbList\",\"@id\":\"https:\/\/business.roovi.com\/hu\/1000-darabos-felnott-puzzle-allati-arcok-baglyok\/p\/#breadcrumb\",\"itemListElement\":[{\"@type\":\"ListItem\",\"position\":1,\"name\":\"Home\",\"item\":\"https:\/\/business.roovi.com\/hu\/\"},{\"@type\":\"ListItem\",\"position\":2,\"name\":\"Shop\",\"item\":\"https:\/\/business.roovi.com\/hu\/shop\/\"},{\"@type\":\"ListItem\",\"position\":3,\"name\":\"1000 darabos feln\u0151tt puzzle &#8211; \u00c1llati arcok &#8211; Baglyok\"}]},{\"@type\":\"WebSite\",\"@id\":\"https:\/\/business.roovi.com\/hu\/#website\",\"url\":\"https:\/\/business.roovi.com\/hu\/\",\"name\":\"Roovi B2B\",\"description\":\"Roovi Business Website\",\"potentialAction\":[{\"@type\":\"SearchAction\",\"target\":{\"@type\":\"EntryPoint\",\"urlTemplate\":\"https:\/\/business.roovi.com\/hu\/?s={search_term_string}\"},\"query-input\":\"required name=search_term_string\"}],\"inLanguage\":\"hu\"}]}<\/script>\n<!-- \/ Yoast SEO plugin. -->","yoast_head_json":{"title":"1000 darabos feln\u0151tt puzzle - \u00c1llati arcok - Baglyok","description":"1000 darabos feln\u0151tt puzzle - \u00c1llati arcok - Baglyok","robots":{"index":"index","follow":"follow","max-snippet":"max-snippet:-1","max-image-preview":"max-image-preview:large","max-video-preview":"max-video-preview:-1"},"canonical":"https:\/\/business.roovi.com\/hu\/1000-darabos-felnott-puzzle-allati-arcok-baglyok\/p\/","og_locale":"hu_HU","og_type":"article","og_title":"1000 darabos feln\u0151tt puzzle - \u00c1llati arcok - Baglyok","og_description":"1000 darabos feln\u0151tt puzzle - \u00c1llati arcok - Baglyok","og_url":"https:\/\/business.roovi.com\/hu\/1000-darabos-felnott-puzzle-allati-arcok-baglyok\/p\/","og_site_name":"Roovi B2B","article_publisher":"https:\/\/www.facebook.com\/wwwjucariero","article_modified_time":"2022-07-06T14:24:15+00:00","og_image":[{"width":1200,"height":1200,"url":"https:\/\/business.roovi.com\/wp-content\/uploads\/2018\/09\/74331-1_ansamblu_dimensiuni_cutie_cm_orizontal_1200x1200.png","type":"image\/png"}],"twitter_misc":{"Becs\u00fclt olvas\u00e1si id\u0151":"4 perc"},"schema":{"@context":"https:\/\/schema.org","@graph":[{"@type":"WebPage","@id":"https:\/\/business.roovi.com\/hu\/1000-darabos-felnott-puzzle-allati-arcok-baglyok\/p\/","url":"https:\/\/business.roovi.com\/hu\/1000-darabos-felnott-puzzle-allati-arcok-baglyok\/p\/","name":"1000 darabos feln\u0151tt puzzle - \u00c1llati arcok - Baglyok","isPartOf":{"@id":"https:\/\/business.roovi.com\/hu\/#website"},"datePublished":"2018-09-10T10:33:03+00:00","dateModified":"2022-07-06T14:24:15+00:00","description":"1000 darabos feln\u0151tt puzzle - \u00c1llati arcok - Baglyok","breadcrumb":{"@id":"https:\/\/business.roovi.com\/hu\/1000-darabos-felnott-puzzle-allati-arcok-baglyok\/p\/#breadcrumb"},"inLanguage":"hu","potentialAction":[{"@type":"ReadAction","target":["https:\/\/business.roovi.com\/hu\/1000-darabos-felnott-puzzle-allati-arcok-baglyok\/p\/"]}]},{"@type":"BreadcrumbList","@id":"https:\/\/business.roovi.com\/hu\/1000-darabos-felnott-puzzle-allati-arcok-baglyok\/p\/#breadcrumb","itemListElement":[{"@type":"ListItem","position":1,"name":"Home","item":"https:\/\/business.roovi.com\/hu\/"},{"@type":"ListItem","position":2,"name":"Shop","item":"https:\/\/business.roovi.com\/hu\/shop\/"},{"@type":"ListItem","position":3,"name":"1000 darabos feln\u0151tt puzzle &#8211; \u00c1llati arcok &#8211; Baglyok"}]},{"@type":"WebSite","@id":"https:\/\/business.roovi.com\/hu\/#website","url":"https:\/\/business.roovi.com\/hu\/","name":"Roovi B2B","description":"Roovi Business Website","potentialAction":[{"@type":"SearchAction","target":{"@type":"EntryPoint","urlTemplate":"https:\/\/business.roovi.com\/hu\/?s={search_term_string}"},"query-input":"required name=search_term_string"}],"inLanguage":"hu"}]}},"_links":{"self":[{"href":"https:\/\/business.roovi.com\/hu\/wp-json\/wp\/v2\/product\/40127","targetHints":{"allow":["GET"]}}],"collection":[{"href":"https:\/\/business.roovi.com\/hu\/wp-json\/wp\/v2\/product"}],"about":[{"href":"https:\/\/business.roovi.com\/hu\/wp-json\/wp\/v2\/types\/product"}],"version-history":[{"count":0,"href":"https:\/\/business.roovi.com\/hu\/wp-json\/wp\/v2\/product\/40127\/revisions"}],"wp:featuredmedia":[{"embeddable":true,"href":"https:\/\/business.roovi.com\/hu\/wp-json\/wp\/v2\/media\/36835"}],"wp:attachment":[{"href":"https:\/\/business.roovi.com\/hu\/wp-json\/wp\/v2\/media?parent=40127"}],"wp:term":[{"taxonomy":"product_brand","embeddable":true,"href":"https:\/\/business.roovi.com\/hu\/wp-json\/wp\/v2\/product_brand?post=40127"},{"taxonomy":"product_cat","embeddable":true,"href":"https:\/\/business.roovi.com\/hu\/wp-json\/wp\/v2\/product_cat?post=40127"},{"taxonomy":"product_tag","embeddable":true,"href":"https:\/\/business.roovi.com\/hu\/wp-json\/wp\/v2\/product_tag?post=40127"}],"curies":[{"name":"wp","href":"https:\/\/api.w.org\/{rel}","templated":true}]}}