{"id":40135,"date":"2018-09-07T11:25:08","date_gmt":"2018-09-07T11:25:08","guid":{"rendered":"https:\/\/business.roovi.com\/puzzle-adulti-1000-piese-alfred-von-wierusz-kowalski-country-wedding\/p\/"},"modified":"2022-07-06T14:24:25","modified_gmt":"2022-07-06T14:24:25","slug":"felnott-1000-darabos-puzzle-alfred-von-wierusz-kowalski-country-wedding","status":"publish","type":"product","link":"https:\/\/business.roovi.com\/hu\/felnott-1000-darabos-puzzle-alfred-von-wierusz-kowalski-country-wedding\/p\/","title":{"rendered":"Feln\u0151tt 1000 darabos puzzle Alfred von Wierusz Kowalski &#8211; Country Wedding"},"content":{"rendered":"<p><span style=\"font-weight: 400\">Szeretn\u00e9 otthon\u00e1t k\u00fcl\u00f6nleges, \u00e9l\u00e9nk sz\u00ednekben pomp\u00e1z\u00f3 festm\u00e9nyekkel d\u00edsz\u00edteni? Rakd \u00f6ssze az 1000 darabos kirak\u00f3t a m\u0171v\u00e9szi kirak\u00f3sok gy\u0171jtem\u00e9ny\u00e9b\u0151l, \u00e9s adj otthonodnak kifinomult k\u00fcls\u0151t.<\/span><\/p>\n<p><span style=\"font-weight: 400\">Az Alfred von Wierusz Kowalski &#8211; Country Wedding 1000 darabos puzzle azt az \u00f6r\u00f6m\u00f6t fejezi ki, amit a h\u00e1zass\u00e1g hoz az egyszer\u0171 emberek \u00e9let\u00e9be. Egy val\u00f3s\u00e1gh\u0171, 19. sz\u00e1zadi festm\u00e9ny \u00f3r\u00e1kig lek\u00f6ti a figyelmedet, \u00e9s elkalauzol a m\u0171alkot\u00e1sok leny\u0171g\u00f6z\u0151 vil\u00e1g\u00e1ba.<\/span><\/p>\n<p><span style=\"font-weight: 400\">A festm\u00e9ny m\u00e9rete 50 x 70 cm, \u00e9s egy k\u00f6z\u00f6ns\u00e9ges doh\u00e1nyz\u00f3asztal alkalmas az \u00f6sszeszerel\u00e9sre. Olvasson t\u00f6bbet err\u0151l a csod\u00e1latos m\u0171v\u00e9szeti kirak\u00f3sr\u00f3l az al\u00e1bbiakban:<\/span><\/p>\n<p><strong>Puzzle anyag <\/strong><\/p>\n<p><strong>kiv\u00e1l\u00f3 min\u0151s\u00e9g\u0171 k\u00e9k karton<\/strong><\/p>\n<p><strong>fenntarthat\u00f3, \u00fajrahasznos\u00edthat\u00f3 anyagok<\/strong><\/p>\n<p><strong>f\u00e9lf\u00e9nyes kivitel, \u00e9l\u00e9nk sz\u00ednek<\/strong><\/p>\n<p><strong>A kirak\u00f3s darabok sz\u00e1ma: 1000<\/strong><\/p>\n<p><strong>Aj\u00e1nlott \u00e9letkor: 14+<\/strong><\/p>\n<p><strong>Milyen el\u0151nyei vannak egy m\u0171v\u00e9szeti kirak\u00f3s j\u00e1t\u00e9knak?<\/strong><\/p>\n<p><span style=\"font-weight: 400\">Amikor \u00f6sszeraksz egy m\u0171v\u00e9szeti puzzle-t, olyan vagy, mint egy igazi detekt\u00edv: t\u00f6bb sz\u00e1z darab k\u00f6z\u00f6tt keresed a nyomokat, amelyek seg\u00edtenek megfejteni egy csod\u00e1latos m\u0171alkot\u00e1s rejt\u00e9ly\u00e9t. R\u00e1ad\u00e1sul a k\u00e9pzel\u0151er\u0151d is fejl\u0151dik a m\u0171alkot\u00e1sok vil\u00e1g\u00e1ba l\u00e9pve, ahol szabadon elk\u00e9pzelheted az el\u0151tted fekv\u0151 remekm\u0171 m\u00f6g\u00f6tt rejl\u0151 t\u00f6rt\u00e9netet.<\/span><\/p>\n<p><span style=\"font-weight: 400\">Szeretne t\u00e1vol maradni a k\u00e9perny\u0151kt\u0151l? A m\u0171v\u00e9szi rejtv\u00e9nyek t\u00f6k\u00e9letes \u00fcr\u00fcgyet ny\u00fajtanak arra, hogy kivonj\u00e1k \u00d6nt a virtu\u00e1lis vil\u00e1gb\u00f3l, \u00e9s sok-sok \u00f3r\u00e1nyi kikapcsol\u00f3d\u00e1st \u00e9s elvonul\u00e1st ny\u00fajtsanak. A m\u0171alkot\u00e1son val\u00f3 munka lehet\u0151s\u00e9get ad arra, hogy eszt\u00e9tikai \u00e9rz\u00e9k\u00e9t a k\u00f6vetkez\u0151 szintre emelje <\/span><\/p>\n<p><span style=\"font-weight: 400\">A m\u0171v\u00e9szi rejtv\u00e9nyek pr\u00f3b\u00e1ra teszik a t\u00fcrelmedet, de a keres\u00e9s minden egyes pillanat\u00e1t a f\u00e1rads\u00e1gos munka v\u00e9g\u00e9n \u00e9rzett csod\u00e1latos el\u00e9gedetts\u00e9g jutalmazza. Minden egyes m\u0171v\u00e9szi kirak\u00f3s j\u00e1t\u00e9kkal, amit \u00f6sszeraksz, csod\u00e1latos sikert \u00e9lsz \u00e1t. \u00c9lvezd ezt a kreat\u00edv szenved\u00e9lyt minden nap!<\/span><\/p>\n<p><strong>Alfred von Wierusz Kowalskir\u00f3l tudtad, hogy&#8230;<\/strong><\/p>\n<p><span style=\"font-weight: 400\">\u0150 az egyik legn\u00e9pszer\u0171bb lengyel fest\u0151.<\/span><\/p>\n<p><span style=\"font-weight: 400\">A M\u00fcncheni Akad\u00e9mia tiszteletbeli professzora volt.<\/span><\/p>\n<p><span style=\"font-weight: 400\">M\u0171veit n\u00e9met gy\u0171jt\u0151k \u00e9rt\u00e9kelt\u00e9k \u00e9s kerest\u00e9k.<\/span><\/p>\n<p><span style=\"font-weight: 400\">T\u00e1jk\u00e9peket, t\u00f6rt\u00e9nelmi jeleneteket festett, de keleti t\u00e9m\u00e1j\u00fa m\u0171veket is.<\/span><\/p>\n<p><span style=\"font-weight: 400\">Sz\u00e1mos festm\u00e9nye mag\u00e1ngy\u0171jtem\u00e9nyekben tal\u00e1lhat\u00f3 az Egyes\u00fclt \u00c1llamokban.<\/span><\/p>\n<p><span style=\"font-weight: 400\">Legn\u00e9pszer\u0171bb festm\u00e9nye a <\/span><em><span style=\"font-weight: 400\">A mag\u00e1nyos farkas<\/span><\/em><span style=\"font-weight: 400\">. Ez a legt\u00f6bbet reproduk\u00e1lt festm\u00e9nye is.<\/span><\/p>\n<p><strong>Alfred von Wierusz Kowalski 1000 darabos puzzle &#8211; Country Wedding \u00f6sszek\u00f6ti \u00d6nt szeretteivel<\/strong><\/p>\n<p><span style=\"font-weight: 400\">Keresed a m\u00f3dj\u00e1t, hogy kapcsolatot teremts a tizen\u00e9ves gyerekekkel? Ez a csod\u00e1latos m\u0171v\u00e9szeti puzzle t\u00f6k\u00e9letes lehet\u0151s\u00e9g arra, hogy sok \u00f3r\u00e1ra lek\u00f6sse a figyelm\u00fcket. Dolgozzanak egy\u00fctt a k\u00e9p \u00fajraalkot\u00e1s\u00e1n, \u00e9s \u00e9lvezz\u00e9k a m\u0171alkot\u00e1s t\u00e1rsas\u00e1g\u00e1ban elt\u00f6lt\u00f6tt min\u0151s\u00e9gi id\u0151t.<\/span><\/p>\n<p><span style=\"font-weight: 400\">A szeretteinkkel t\u00f6lt\u00f6tt pillanatok felbecs\u00fclhetetlenek. A m\u0171v\u00e9szi rejtv\u00e9nyek t\u00f6k\u00e9letes lehet\u0151s\u00e9get ny\u00fajtanak a kapcsolatteremt\u00e9sre \u00e9s felejthetetlen csal\u00e1di eml\u00e9kek l\u00e9trehoz\u00e1s\u00e1ra.<\/span><\/p>\n<p><span style=\"font-weight: 400\">V\u00e1lassza ezt az Alfred von Wierusz Kowalski &#8211; Country Wedding m\u0171v\u00e9szeti puzzle-t, \u00e9s \u00e9lvezze a csod\u00e1latos kikapcsol\u00f3d\u00e1st szeretteivel. Ez az 1000 darabos puzzle a m\u0171v\u00e9szi puzzle kollekci\u00f3b\u00f3l remek aj\u00e1nd\u00e9k lehet k\u00fcl\u00f6nb\u00f6z\u0151 alkalmakkor a puzzle-j\u00e1t\u00e9kokat kedvel\u0151 bar\u00e1taidnak.<\/span><\/p><\/p>\n","protected":false},"excerpt":{"rendered":"<p>Szeretn\u00e9 otthon\u00e1t k\u00fcl\u00f6nleges, \u00e9l\u00e9nk sz\u00ednekben pomp\u00e1z\u00f3 festm\u00e9nyekkel d\u00edsz\u00edteni? Rakd \u00f6ssze az 1000 darabos kirak\u00f3t a m\u0171v\u00e9szi kirak\u00f3sok gy\u0171jtem\u00e9ny\u00e9b\u0151l, \u00e9s adj<\/p>\n","protected":false},"featured_media":63659,"template":"","meta":[],"product_brand":[],"product_cat":[1920,1919,1881],"product_tag":[],"class_list":{"0":"post-40135","1":"product","2":"type-product","3":"status-publish","4":"has-post-thumbnail","6":"product_cat-1000-darabos-kirakos-jatek","7":"product_cat-felnott-kirakos-jatekok","8":"product_cat-kirakos-jatekok","9":"pa_brand-d_toys-hu","10":"pa_country_of_manufacture-ro-hu","11":"pa_filter_age-14-hu","12":"pa_painter-alfred-kowalski-hu","13":"pa_tip_ambalaj-doboz","14":"pa_tip_puzzle-klasszikus","16":"first","17":"instock","18":"taxable","19":"shipping-taxable","20":"product-type-simple"},"yoast_head":"<!-- This site is optimized with the Yoast SEO plugin v20.1 - https:\/\/yoast.com\/wordpress\/plugins\/seo\/ -->\n<title>Feln\u0151tt 1000 darabos puzzle Alfred von Wierusz Kowalski - Country Wedding<\/title>\n<meta name=\"description\" content=\"Feln\u0151tt 1000 darabos puzzle Alfred von Wierusz Kowalski - Country Wedding\" \/>\n<meta name=\"robots\" content=\"index, follow, max-snippet:-1, max-image-preview:large, max-video-preview:-1\" \/>\n<link rel=\"canonical\" href=\"https:\/\/business.roovi.com\/hu\/felnott-1000-darabos-puzzle-alfred-von-wierusz-kowalski-country-wedding\/p\/\" \/>\n<meta property=\"og:locale\" content=\"hu_HU\" \/>\n<meta property=\"og:type\" content=\"article\" \/>\n<meta property=\"og:title\" content=\"Feln\u0151tt 1000 darabos puzzle Alfred von Wierusz Kowalski - Country Wedding\" \/>\n<meta property=\"og:description\" content=\"Feln\u0151tt 1000 darabos puzzle Alfred von Wierusz Kowalski - Country Wedding\" \/>\n<meta property=\"og:url\" content=\"https:\/\/business.roovi.com\/hu\/felnott-1000-darabos-puzzle-alfred-von-wierusz-kowalski-country-wedding\/p\/\" \/>\n<meta property=\"og:site_name\" content=\"Roovi B2B\" \/>\n<meta property=\"article:publisher\" content=\"https:\/\/www.facebook.com\/wwwjucariero\" \/>\n<meta property=\"article:modified_time\" content=\"2022-07-06T14:24:25+00:00\" \/>\n<meta property=\"og:image\" content=\"https:\/\/business.roovi.com\/wp-content\/uploads\/2018\/09\/74324_01.jpg\" \/>\n\t<meta property=\"og:image:width\" content=\"1200\" \/>\n\t<meta property=\"og:image:height\" content=\"1200\" \/>\n\t<meta property=\"og:image:type\" content=\"image\/jpeg\" \/>\n<meta name=\"twitter:label1\" content=\"Becs\u00fclt olvas\u00e1si id\u0151\" \/>\n\t<meta name=\"twitter:data1\" content=\"3 perc\" \/>\n<script type=\"application\/ld+json\" class=\"yoast-schema-graph\">{\"@context\":\"https:\/\/schema.org\",\"@graph\":[{\"@type\":\"WebPage\",\"@id\":\"https:\/\/business.roovi.com\/hu\/felnott-1000-darabos-puzzle-alfred-von-wierusz-kowalski-country-wedding\/p\/\",\"url\":\"https:\/\/business.roovi.com\/hu\/felnott-1000-darabos-puzzle-alfred-von-wierusz-kowalski-country-wedding\/p\/\",\"name\":\"Feln\u0151tt 1000 darabos puzzle Alfred von Wierusz Kowalski - Country Wedding\",\"isPartOf\":{\"@id\":\"https:\/\/business.roovi.com\/hu\/#website\"},\"datePublished\":\"2018-09-07T11:25:08+00:00\",\"dateModified\":\"2022-07-06T14:24:25+00:00\",\"description\":\"Feln\u0151tt 1000 darabos puzzle Alfred von Wierusz Kowalski - Country Wedding\",\"breadcrumb\":{\"@id\":\"https:\/\/business.roovi.com\/hu\/felnott-1000-darabos-puzzle-alfred-von-wierusz-kowalski-country-wedding\/p\/#breadcrumb\"},\"inLanguage\":\"hu\",\"potentialAction\":[{\"@type\":\"ReadAction\",\"target\":[\"https:\/\/business.roovi.com\/hu\/felnott-1000-darabos-puzzle-alfred-von-wierusz-kowalski-country-wedding\/p\/\"]}]},{\"@type\":\"BreadcrumbList\",\"@id\":\"https:\/\/business.roovi.com\/hu\/felnott-1000-darabos-puzzle-alfred-von-wierusz-kowalski-country-wedding\/p\/#breadcrumb\",\"itemListElement\":[{\"@type\":\"ListItem\",\"position\":1,\"name\":\"Home\",\"item\":\"https:\/\/business.roovi.com\/hu\/\"},{\"@type\":\"ListItem\",\"position\":2,\"name\":\"Shop\",\"item\":\"https:\/\/business.roovi.com\/hu\/shop\/\"},{\"@type\":\"ListItem\",\"position\":3,\"name\":\"Feln\u0151tt 1000 darabos puzzle Alfred von Wierusz Kowalski &#8211; Country Wedding\"}]},{\"@type\":\"WebSite\",\"@id\":\"https:\/\/business.roovi.com\/hu\/#website\",\"url\":\"https:\/\/business.roovi.com\/hu\/\",\"name\":\"Roovi B2B\",\"description\":\"Roovi Business Website\",\"potentialAction\":[{\"@type\":\"SearchAction\",\"target\":{\"@type\":\"EntryPoint\",\"urlTemplate\":\"https:\/\/business.roovi.com\/hu\/?s={search_term_string}\"},\"query-input\":\"required name=search_term_string\"}],\"inLanguage\":\"hu\"}]}<\/script>\n<!-- \/ Yoast SEO plugin. -->","yoast_head_json":{"title":"Feln\u0151tt 1000 darabos puzzle Alfred von Wierusz Kowalski - Country Wedding","description":"Feln\u0151tt 1000 darabos puzzle Alfred von Wierusz Kowalski - Country Wedding","robots":{"index":"index","follow":"follow","max-snippet":"max-snippet:-1","max-image-preview":"max-image-preview:large","max-video-preview":"max-video-preview:-1"},"canonical":"https:\/\/business.roovi.com\/hu\/felnott-1000-darabos-puzzle-alfred-von-wierusz-kowalski-country-wedding\/p\/","og_locale":"hu_HU","og_type":"article","og_title":"Feln\u0151tt 1000 darabos puzzle Alfred von Wierusz Kowalski - Country Wedding","og_description":"Feln\u0151tt 1000 darabos puzzle Alfred von Wierusz Kowalski - Country Wedding","og_url":"https:\/\/business.roovi.com\/hu\/felnott-1000-darabos-puzzle-alfred-von-wierusz-kowalski-country-wedding\/p\/","og_site_name":"Roovi B2B","article_publisher":"https:\/\/www.facebook.com\/wwwjucariero","article_modified_time":"2022-07-06T14:24:25+00:00","og_image":[{"width":1200,"height":1200,"url":"https:\/\/business.roovi.com\/wp-content\/uploads\/2018\/09\/74324_01.jpg","type":"image\/jpeg"}],"twitter_misc":{"Becs\u00fclt olvas\u00e1si id\u0151":"3 perc"},"schema":{"@context":"https:\/\/schema.org","@graph":[{"@type":"WebPage","@id":"https:\/\/business.roovi.com\/hu\/felnott-1000-darabos-puzzle-alfred-von-wierusz-kowalski-country-wedding\/p\/","url":"https:\/\/business.roovi.com\/hu\/felnott-1000-darabos-puzzle-alfred-von-wierusz-kowalski-country-wedding\/p\/","name":"Feln\u0151tt 1000 darabos puzzle Alfred von Wierusz Kowalski - Country Wedding","isPartOf":{"@id":"https:\/\/business.roovi.com\/hu\/#website"},"datePublished":"2018-09-07T11:25:08+00:00","dateModified":"2022-07-06T14:24:25+00:00","description":"Feln\u0151tt 1000 darabos puzzle Alfred von Wierusz Kowalski - Country Wedding","breadcrumb":{"@id":"https:\/\/business.roovi.com\/hu\/felnott-1000-darabos-puzzle-alfred-von-wierusz-kowalski-country-wedding\/p\/#breadcrumb"},"inLanguage":"hu","potentialAction":[{"@type":"ReadAction","target":["https:\/\/business.roovi.com\/hu\/felnott-1000-darabos-puzzle-alfred-von-wierusz-kowalski-country-wedding\/p\/"]}]},{"@type":"BreadcrumbList","@id":"https:\/\/business.roovi.com\/hu\/felnott-1000-darabos-puzzle-alfred-von-wierusz-kowalski-country-wedding\/p\/#breadcrumb","itemListElement":[{"@type":"ListItem","position":1,"name":"Home","item":"https:\/\/business.roovi.com\/hu\/"},{"@type":"ListItem","position":2,"name":"Shop","item":"https:\/\/business.roovi.com\/hu\/shop\/"},{"@type":"ListItem","position":3,"name":"Feln\u0151tt 1000 darabos puzzle Alfred von Wierusz Kowalski &#8211; Country Wedding"}]},{"@type":"WebSite","@id":"https:\/\/business.roovi.com\/hu\/#website","url":"https:\/\/business.roovi.com\/hu\/","name":"Roovi B2B","description":"Roovi Business Website","potentialAction":[{"@type":"SearchAction","target":{"@type":"EntryPoint","urlTemplate":"https:\/\/business.roovi.com\/hu\/?s={search_term_string}"},"query-input":"required name=search_term_string"}],"inLanguage":"hu"}]}},"_links":{"self":[{"href":"https:\/\/business.roovi.com\/hu\/wp-json\/wp\/v2\/product\/40135","targetHints":{"allow":["GET"]}}],"collection":[{"href":"https:\/\/business.roovi.com\/hu\/wp-json\/wp\/v2\/product"}],"about":[{"href":"https:\/\/business.roovi.com\/hu\/wp-json\/wp\/v2\/types\/product"}],"version-history":[{"count":0,"href":"https:\/\/business.roovi.com\/hu\/wp-json\/wp\/v2\/product\/40135\/revisions"}],"wp:featuredmedia":[{"embeddable":true,"href":"https:\/\/business.roovi.com\/hu\/wp-json\/wp\/v2\/media\/63659"}],"wp:attachment":[{"href":"https:\/\/business.roovi.com\/hu\/wp-json\/wp\/v2\/media?parent=40135"}],"wp:term":[{"taxonomy":"product_brand","embeddable":true,"href":"https:\/\/business.roovi.com\/hu\/wp-json\/wp\/v2\/product_brand?post=40135"},{"taxonomy":"product_cat","embeddable":true,"href":"https:\/\/business.roovi.com\/hu\/wp-json\/wp\/v2\/product_cat?post=40135"},{"taxonomy":"product_tag","embeddable":true,"href":"https:\/\/business.roovi.com\/hu\/wp-json\/wp\/v2\/product_tag?post=40135"}],"curies":[{"name":"wp","href":"https:\/\/api.w.org\/{rel}","templated":true}]}}