{"id":40139,"date":"2018-09-07T09:26:15","date_gmt":"2018-09-07T09:26:15","guid":{"rendered":"https:\/\/business.roovi.com\/puzzle-adulti-1000-piese-claude-monet-the-japanese-bridge\/p\/"},"modified":"2022-07-06T14:24:34","modified_gmt":"2022-07-06T14:24:34","slug":"felnott-1000-darabos-puzzle-claude-monet-a-japan-hid","status":"publish","type":"product","link":"https:\/\/business.roovi.com\/hu\/felnott-1000-darabos-puzzle-claude-monet-a-japan-hid\/p\/","title":{"rendered":"Feln\u0151tt 1000 darabos puzzle Claude Monet &#8211; A jap\u00e1n h\u00edd"},"content":{"rendered":"<p><span style=\"font-weight: 400\">Megnyitottuk az 1000 darabos kirak\u00f3sok legnagyobb online m\u0171v\u00e9szeti gal\u00e9ri\u00e1j\u00e1t! Megh\u00edvjuk \u00d6nt, hogy v\u00e1lassza ki a m\u0171v\u00e9szeti rejtv\u00e9nyeket, amelyek leny\u0171g\u00f6z\u0151 k\u00e9pekben \u00fajraalkotj\u00e1k a m\u00e1r ismert fest\u0151k h\u00edres festm\u00e9nyeit. Leonardo da Vinci, Vincent van Gogh, Gustav Klimt &#8211; csak n\u00e9h\u00e1ny a gy\u0171jtem\u00e9ny\u00fcnkben szerepl\u0151 m\u0171v\u00e9szek k\u00f6z\u00fcl. Fedezze fel most a m\u0171v\u00e9szeti rejtv\u00e9nyek teljes k\u00edn\u00e1lat\u00e1t!<\/span><\/p>\n<p><span style=\"font-weight: 400\">Az 1000 darabos Claude Monet &#8211; A jap\u00e1n h\u00edd c\u00edm\u0171 puzzle a tavir\u00f3zsa megsz\u00e1llott m\u0171v\u00e9sz h\u00edres festm\u00e9ny\u00e9nek k\u00e9pe alapj\u00e1n k\u00e9sz\u00fclt. Monet ebben a m\u0171alkot\u00e1sban t\u00f6k\u00e9letesen \u00f6tv\u00f6zte a jap\u00e1n m\u0171v\u00e9szeti mot\u00edvumokat \u00e9s eredeti, impresszionista ecsetvon\u00e1sait <\/span><\/p>\n<p><span style=\"font-weight: 400\">D\u00fas \u00e9s f\u00e9nyes, <\/span><em><span style=\"font-weight: 400\">Jap\u00e1n h\u00edd<\/span><\/em><span style=\"font-weight: 400\"> olyan \u00e9rz\u00e9st kelt, mintha fizikailag is \u00e1t\u00e9ln\u00e9nk a kertet. Rakd \u00f6ssze a festm\u00e9nyt \u00e9s \u00e9lvezd intenz\u00edven ezt az egyed\u00fcl\u00e1ll\u00f3 \u00e9rz\u00e9st! Egy k\u00f6z\u00f6ns\u00e9ges doh\u00e1nyz\u00f3asztalt is haszn\u00e1lhat a k\u00e9p vissza\u00e1ll\u00edt\u00e1s\u00e1hoz. A restaur\u00e1lt festm\u00e9ny m\u00e9rete 50 x 70 cm.<\/span><\/p>\n<p><span style=\"font-weight: 400\">A Claude Monet m\u0171v\u00e9szeti puzzle &#8211; Jap\u00e1n h\u00edd egy\u00e9b jellemz\u0151i:<\/span><\/p>\n<p><strong>Puzzle anyag <\/strong><\/p>\n<p><strong>kiv\u00e1l\u00f3 min\u0151s\u00e9g\u0171 k\u00e9k karton<\/strong><\/p>\n<p><strong>fenntarthat\u00f3, \u00fajrahasznos\u00edthat\u00f3 anyagok<\/strong><\/p>\n<p><strong>f\u00e9lf\u00e9nyes kivitel, \u00e9l\u00e9nk sz\u00ednek<\/strong><\/p>\n<p><strong>A kirak\u00f3s darabok sz\u00e1ma: 1000<\/strong><\/p>\n<p><strong>Aj\u00e1nlott \u00e9letkor: 14+<\/strong><\/p>\n<p><strong>A puzzle j\u00e1t\u00e9kok sz\u00e1mos k\u00e9szs\u00e9get fejlesztenek<\/strong><\/p>\n<p><span style=\"font-weight: 400\">\u00cdme n\u00e9h\u00e1ny k\u00f6z\u00fcl\u00fck:<\/span><\/p>\n<p><span style=\"font-weight: 400\">Mem\u00f3ria<\/span><\/p>\n<p><span style=\"font-weight: 400\">Logika<\/span><\/p>\n<p><span style=\"font-weight: 400\">Probl\u00e9mamegold\u00f3 k\u00e9szs\u00e9g<\/span><\/p>\n<p><span style=\"font-weight: 400\">Figyelem a r\u00e9szletekre<\/span><\/p>\n<p><span style=\"font-weight: 400\">Csapatszellem az 1000 darabos kirak\u00f3s k\u00e9p szeretteivel val\u00f3 \u00f6sszerak\u00e1sakor<\/span><\/p>\n<p><strong>Monet \u00e9s a jap\u00e1n kert<\/strong><\/p>\n<p><span style=\"font-weight: 400\">Monet-t leny\u0171g\u00f6zte a botanika, ez\u00e9rt Givernyben megv\u00e1s\u00e1rolt \u00e9s kialak\u00edtott egy buja kertet. Ott \u00e9lt 43 \u00e9vig. Sokf\u00e9le mot\u00edvumot tartalmaz\u00f3 t\u00e1jat akart, \u00e9s gy\u00fcm\u00f6lcsf\u00e1kat, d\u00edszf\u00e1kat \u00e9s mindenf\u00e9le vir\u00e1got \u00fcltetett, k\u00f6zt\u00fck sz\u00e1mos egzotikus fajt.<\/span><\/p>\n<p><span style=\"font-weight: 400\">A kertet egy patak szelte \u00e1t, amely a Szajna mell\u00e9kfoly\u00f3j\u00e1ba, az Epte-be \u00f6mlik. Monet mesters\u00e9ges tavat hozott l\u00e9tre ezen a vizes sarkon, amely f\u00f6l\u00e9 egy \u00edves hidat \u00e9p\u00edtett. A jap\u00e1n kult\u00fara leny\u0171g\u00f6zte, ez\u00e9rt ezt a hidat vir\u00e1gf\u00fcz\u00e9rekkel tervezte.<\/span><\/p>\n<p><span style=\"font-weight: 400\">A helyiek elborzadnak a k\u00fcl\u00f6nc fest\u0151 szenved\u00e9ly\u00e9t\u0151l, \u00e9s att\u00f3l f\u00e9lnek, hogy a t\u00f3ban l\u00e9v\u0151 tavir\u00f3zs\u00e1k megm\u00e9rgezik a vizet, amellyel az \u00e1llataikat itatj\u00e1k.<\/span><\/p>\n<p><span style=\"font-weight: 400\">Monet soha nem mondott le a n\u00f6v\u00e9nyekr\u0151l, \u00e9s folyamatosan egzotikus p\u00e9ld\u00e1nyokkal b\u0151v\u00edtette gy\u0171jtem\u00e9ny\u00e9t. T\u00f6bb mint 30 \u00e9ven \u00e1t ez volt az inspir\u00e1ci\u00f3 forr\u00e1sa <\/span><\/p>\n<p><span style=\"font-weight: 400\">A m\u0171v\u00e9sz az 1918. november 11-i fegyversz\u00fcnetet k\u00f6vet\u0151en a francia \u00e1llamnak aj\u00e1nd\u00e9kozza 4 tavir\u00f3zsa-m\u0171v\u00e9t a b\u00e9ke jelk\u00e9pek\u00e9nt. A festm\u00e9nyeket a p\u00e1rizsi Mus\u00e9e d&#8217;Orsay-ban \u00e1ll\u00edtott\u00e1k ki, amely n\u00e9h\u00e1ny h\u00f3nappal a hal\u00e1la ut\u00e1n ny\u00edlt meg.<\/span><\/p>\n<p><strong>A m\u0171v\u00e9szeti rejtv\u00e9nyek a kikapcsol\u00f3d\u00e1s \u00e9s az elvonatkoztat\u00e1s egyed\u00fcl\u00e1ll\u00f3 \u00e9lm\u00e9ny\u00e9t ny\u00fajtj\u00e1k<\/strong><\/p>\n<p><span style=\"font-weight: 400\">Amikor egy m\u0171v\u00e9szeti kirak\u00f3 el\u0151tt \u00e1llsz, nem csak a kikapcsol\u00f3d\u00e1s \u00e9lm\u00e9ny\u00e9t \u00e9led \u00e1t. Egy m\u0171v\u00e9szi kirak\u00f3j\u00e1t\u00e9k a sz\u00ednek \u00e9s a m\u0171v\u00e9szi sz\u00e9ps\u00e9g egy teljesen \u00faj vil\u00e1g\u00e1ba nyitja meg az ajt\u00f3t. Elszakadsz minden mindennapi gondolatodt\u00f3l \u00e9s gondodt\u00f3l, \u00e9s egy \u00faj dimenzi\u00f3ba l\u00e9psz. Itt szabadon alkothatsz, beleb\u00fajhatsz a m\u0171v\u00e9sz b\u0151r\u00e9be, \u00e9s megismerheted a m\u0171alkot\u00e1s legapr\u00f3bb r\u00e9szleteit is. Amikor az 1000 kirak\u00f3s utols\u00f3 darabj\u00e1t is felrakod, egyed\u00fcl\u00e1ll\u00f3 \u00f6nel\u00e9gedetts\u00e9ggel t\u00f6lt el, hogy olyan \u00e9rt\u00e9kes alkot\u00e1st hozt\u00e1l l\u00e9tre, amelyet mindig is \u00e9lvezhetsz.<\/span><\/p>\n<p><span style=\"font-weight: 400\">V\u00e1s\u00e1rolja meg most a Claude Monet &#8211; A jap\u00e1n h\u00edd 1000 darabos puzzle-t, \u00e9s csod\u00e1lja meg a francia fest\u0151 buja, jap\u00e1n st\u00edlus\u00fa kertj\u00e9t. A festm\u00e9ny ebben a m\u0171v\u00e9szi kirak\u00f3sban egy kis kifinomults\u00e1got k\u00f6lcs\u00f6n\u00f6z otthon\u00e1nak. Az 1000 darabos Claude Monet &#8211; A jap\u00e1n h\u00edd puzzle egyedi aj\u00e1nd\u00e9k lehet egy olyan bar\u00e1tnak is, aki szereti a kirak\u00f3s j\u00e1t\u00e9kokat <\/span><\/p><\/p>\n","protected":false},"excerpt":{"rendered":"<p>Megnyitottuk az 1000 darabos kirak\u00f3sok legnagyobb online m\u0171v\u00e9szeti gal\u00e9ri\u00e1j\u00e1t! Megh\u00edvjuk \u00d6nt, hogy v\u00e1lassza ki a m\u0171v\u00e9szeti rejtv\u00e9nyeket, amelyek leny\u0171g\u00f6z\u0151 k\u00e9pekben<\/p>\n","protected":false},"featured_media":63242,"template":"","meta":[],"product_brand":[],"product_cat":[1920,1919,1881],"product_tag":[],"class_list":{"0":"post-40139","1":"product","2":"type-product","3":"status-publish","4":"has-post-thumbnail","6":"product_cat-1000-darabos-kirakos-jatek","7":"product_cat-felnott-kirakos-jatekok","8":"product_cat-kirakos-jatekok","9":"pa_brand-d_toys-hu","10":"pa_country_of_manufacture-ro-hu","11":"pa_filter_age-14-hu","12":"pa_painter-claude-monet-hu","13":"pa_tip_ambalaj-doboz","14":"pa_tip_puzzle-klasszikus","16":"first","17":"instock","18":"taxable","19":"shipping-taxable","20":"product-type-simple"},"yoast_head":"<!-- This site is optimized with the Yoast SEO plugin v20.1 - https:\/\/yoast.com\/wordpress\/plugins\/seo\/ -->\n<title>Feln\u0151tt 1000 darabos puzzle Claude Monet - A jap\u00e1n h\u00edd<\/title>\n<meta name=\"description\" content=\"Feln\u0151tt 1000 darabos puzzle Claude Monet - A jap\u00e1n h\u00edd\" \/>\n<meta name=\"robots\" content=\"index, follow, max-snippet:-1, max-image-preview:large, max-video-preview:-1\" \/>\n<link rel=\"canonical\" href=\"https:\/\/business.roovi.com\/hu\/felnott-1000-darabos-puzzle-claude-monet-a-japan-hid\/p\/\" \/>\n<meta property=\"og:locale\" content=\"hu_HU\" \/>\n<meta property=\"og:type\" content=\"article\" \/>\n<meta property=\"og:title\" content=\"Feln\u0151tt 1000 darabos puzzle Claude Monet - A jap\u00e1n h\u00edd\" \/>\n<meta property=\"og:description\" content=\"Feln\u0151tt 1000 darabos puzzle Claude Monet - A jap\u00e1n h\u00edd\" \/>\n<meta property=\"og:url\" content=\"https:\/\/business.roovi.com\/hu\/felnott-1000-darabos-puzzle-claude-monet-a-japan-hid\/p\/\" \/>\n<meta property=\"og:site_name\" content=\"Roovi B2B\" \/>\n<meta property=\"article:publisher\" content=\"https:\/\/www.facebook.com\/wwwjucariero\" \/>\n<meta property=\"article:modified_time\" content=\"2022-07-06T14:24:34+00:00\" \/>\n<meta property=\"og:image\" content=\"https:\/\/business.roovi.com\/wp-content\/uploads\/2018\/09\/67548-05_ansamblu_dimensiuni_cutie_1200x1200.png\" \/>\n\t<meta property=\"og:image:width\" content=\"1200\" \/>\n\t<meta property=\"og:image:height\" content=\"1200\" \/>\n\t<meta property=\"og:image:type\" content=\"image\/png\" \/>\n<meta name=\"twitter:label1\" content=\"Becs\u00fclt olvas\u00e1si id\u0151\" \/>\n\t<meta name=\"twitter:data1\" content=\"4 perc\" \/>\n<script type=\"application\/ld+json\" class=\"yoast-schema-graph\">{\"@context\":\"https:\/\/schema.org\",\"@graph\":[{\"@type\":\"WebPage\",\"@id\":\"https:\/\/business.roovi.com\/hu\/felnott-1000-darabos-puzzle-claude-monet-a-japan-hid\/p\/\",\"url\":\"https:\/\/business.roovi.com\/hu\/felnott-1000-darabos-puzzle-claude-monet-a-japan-hid\/p\/\",\"name\":\"Feln\u0151tt 1000 darabos puzzle Claude Monet - A jap\u00e1n h\u00edd\",\"isPartOf\":{\"@id\":\"https:\/\/business.roovi.com\/hu\/#website\"},\"datePublished\":\"2018-09-07T09:26:15+00:00\",\"dateModified\":\"2022-07-06T14:24:34+00:00\",\"description\":\"Feln\u0151tt 1000 darabos puzzle Claude Monet - A jap\u00e1n h\u00edd\",\"breadcrumb\":{\"@id\":\"https:\/\/business.roovi.com\/hu\/felnott-1000-darabos-puzzle-claude-monet-a-japan-hid\/p\/#breadcrumb\"},\"inLanguage\":\"hu\",\"potentialAction\":[{\"@type\":\"ReadAction\",\"target\":[\"https:\/\/business.roovi.com\/hu\/felnott-1000-darabos-puzzle-claude-monet-a-japan-hid\/p\/\"]}]},{\"@type\":\"BreadcrumbList\",\"@id\":\"https:\/\/business.roovi.com\/hu\/felnott-1000-darabos-puzzle-claude-monet-a-japan-hid\/p\/#breadcrumb\",\"itemListElement\":[{\"@type\":\"ListItem\",\"position\":1,\"name\":\"Home\",\"item\":\"https:\/\/business.roovi.com\/hu\/\"},{\"@type\":\"ListItem\",\"position\":2,\"name\":\"Shop\",\"item\":\"https:\/\/business.roovi.com\/hu\/shop\/\"},{\"@type\":\"ListItem\",\"position\":3,\"name\":\"Feln\u0151tt 1000 darabos puzzle Claude Monet &#8211; A jap\u00e1n h\u00edd\"}]},{\"@type\":\"WebSite\",\"@id\":\"https:\/\/business.roovi.com\/hu\/#website\",\"url\":\"https:\/\/business.roovi.com\/hu\/\",\"name\":\"Roovi B2B\",\"description\":\"Roovi Business Website\",\"potentialAction\":[{\"@type\":\"SearchAction\",\"target\":{\"@type\":\"EntryPoint\",\"urlTemplate\":\"https:\/\/business.roovi.com\/hu\/?s={search_term_string}\"},\"query-input\":\"required name=search_term_string\"}],\"inLanguage\":\"hu\"}]}<\/script>\n<!-- \/ Yoast SEO plugin. -->","yoast_head_json":{"title":"Feln\u0151tt 1000 darabos puzzle Claude Monet - A jap\u00e1n h\u00edd","description":"Feln\u0151tt 1000 darabos puzzle Claude Monet - A jap\u00e1n h\u00edd","robots":{"index":"index","follow":"follow","max-snippet":"max-snippet:-1","max-image-preview":"max-image-preview:large","max-video-preview":"max-video-preview:-1"},"canonical":"https:\/\/business.roovi.com\/hu\/felnott-1000-darabos-puzzle-claude-monet-a-japan-hid\/p\/","og_locale":"hu_HU","og_type":"article","og_title":"Feln\u0151tt 1000 darabos puzzle Claude Monet - A jap\u00e1n h\u00edd","og_description":"Feln\u0151tt 1000 darabos puzzle Claude Monet - A jap\u00e1n h\u00edd","og_url":"https:\/\/business.roovi.com\/hu\/felnott-1000-darabos-puzzle-claude-monet-a-japan-hid\/p\/","og_site_name":"Roovi B2B","article_publisher":"https:\/\/www.facebook.com\/wwwjucariero","article_modified_time":"2022-07-06T14:24:34+00:00","og_image":[{"width":1200,"height":1200,"url":"https:\/\/business.roovi.com\/wp-content\/uploads\/2018\/09\/67548-05_ansamblu_dimensiuni_cutie_1200x1200.png","type":"image\/png"}],"twitter_misc":{"Becs\u00fclt olvas\u00e1si id\u0151":"4 perc"},"schema":{"@context":"https:\/\/schema.org","@graph":[{"@type":"WebPage","@id":"https:\/\/business.roovi.com\/hu\/felnott-1000-darabos-puzzle-claude-monet-a-japan-hid\/p\/","url":"https:\/\/business.roovi.com\/hu\/felnott-1000-darabos-puzzle-claude-monet-a-japan-hid\/p\/","name":"Feln\u0151tt 1000 darabos puzzle Claude Monet - A jap\u00e1n h\u00edd","isPartOf":{"@id":"https:\/\/business.roovi.com\/hu\/#website"},"datePublished":"2018-09-07T09:26:15+00:00","dateModified":"2022-07-06T14:24:34+00:00","description":"Feln\u0151tt 1000 darabos puzzle Claude Monet - A jap\u00e1n h\u00edd","breadcrumb":{"@id":"https:\/\/business.roovi.com\/hu\/felnott-1000-darabos-puzzle-claude-monet-a-japan-hid\/p\/#breadcrumb"},"inLanguage":"hu","potentialAction":[{"@type":"ReadAction","target":["https:\/\/business.roovi.com\/hu\/felnott-1000-darabos-puzzle-claude-monet-a-japan-hid\/p\/"]}]},{"@type":"BreadcrumbList","@id":"https:\/\/business.roovi.com\/hu\/felnott-1000-darabos-puzzle-claude-monet-a-japan-hid\/p\/#breadcrumb","itemListElement":[{"@type":"ListItem","position":1,"name":"Home","item":"https:\/\/business.roovi.com\/hu\/"},{"@type":"ListItem","position":2,"name":"Shop","item":"https:\/\/business.roovi.com\/hu\/shop\/"},{"@type":"ListItem","position":3,"name":"Feln\u0151tt 1000 darabos puzzle Claude Monet &#8211; A jap\u00e1n h\u00edd"}]},{"@type":"WebSite","@id":"https:\/\/business.roovi.com\/hu\/#website","url":"https:\/\/business.roovi.com\/hu\/","name":"Roovi B2B","description":"Roovi Business Website","potentialAction":[{"@type":"SearchAction","target":{"@type":"EntryPoint","urlTemplate":"https:\/\/business.roovi.com\/hu\/?s={search_term_string}"},"query-input":"required name=search_term_string"}],"inLanguage":"hu"}]}},"_links":{"self":[{"href":"https:\/\/business.roovi.com\/hu\/wp-json\/wp\/v2\/product\/40139","targetHints":{"allow":["GET"]}}],"collection":[{"href":"https:\/\/business.roovi.com\/hu\/wp-json\/wp\/v2\/product"}],"about":[{"href":"https:\/\/business.roovi.com\/hu\/wp-json\/wp\/v2\/types\/product"}],"version-history":[{"count":0,"href":"https:\/\/business.roovi.com\/hu\/wp-json\/wp\/v2\/product\/40139\/revisions"}],"wp:featuredmedia":[{"embeddable":true,"href":"https:\/\/business.roovi.com\/hu\/wp-json\/wp\/v2\/media\/63242"}],"wp:attachment":[{"href":"https:\/\/business.roovi.com\/hu\/wp-json\/wp\/v2\/media?parent=40139"}],"wp:term":[{"taxonomy":"product_brand","embeddable":true,"href":"https:\/\/business.roovi.com\/hu\/wp-json\/wp\/v2\/product_brand?post=40139"},{"taxonomy":"product_cat","embeddable":true,"href":"https:\/\/business.roovi.com\/hu\/wp-json\/wp\/v2\/product_cat?post=40139"},{"taxonomy":"product_tag","embeddable":true,"href":"https:\/\/business.roovi.com\/hu\/wp-json\/wp\/v2\/product_tag?post=40139"}],"curies":[{"name":"wp","href":"https:\/\/api.w.org\/{rel}","templated":true}]}}