{"id":40155,"date":"2018-09-06T09:28:30","date_gmt":"2018-09-06T09:28:30","guid":{"rendered":"https:\/\/business.roovi.com\/puzzle-adulti-1000-piese-discover-europe-insula-corfu\/p\/"},"modified":"2022-07-06T14:29:12","modified_gmt":"2022-07-06T14:29:12","slug":"korfu-sziget-puzzle-felnott-puzzle-1000-darab-discover-europe","status":"publish","type":"product","link":"https:\/\/business.roovi.com\/hu\/korfu-sziget-puzzle-felnott-puzzle-1000-darab-discover-europe\/p\/","title":{"rendered":"Korfu sziget puzzle &#8211; Feln\u0151tt puzzle 1000 darab &#8211; Discover Europe"},"content":{"rendered":"<p><strong><em>A Discover Europe 1000 darabos kirak\u00f3s sorozat a kirak\u00f3s j\u00e1t\u00e9k \u00e9s az utaz\u00e1s ir\u00e1nti szenved\u00e9lyt \u00f6tv\u00f6zi. K\u00e9sz\u00edtsd el saj\u00e1t, egyedi gy\u0171jtem\u00e9nyedet 1000 darabos puzzle t\u00e1bl\u00e1kb\u00f3l az \u00f6reg kontinens legh\u00edresebb l\u00e1tnival\u00f3inak k\u00e9peivel.<\/em><\/strong><\/p>\n<p><span style=\"font-weight: 400\">Az 1000 darabos puzzle Korfu szigete elrep\u00edti gondolataidat e gy\u00f6ny\u00f6r\u0171 \u00fati c\u00e9l egyik vadreg\u00e9nyes strandj\u00e1ra. Idilli t\u00e1j, amely pihentet\u0151 \u00e9rz\u00e9st ny\u00fajt, \u00e9s elvonatkoztat a mindennapi gondokt\u00f3l.<\/span><\/p>\n<p><span style=\"font-weight: 400\">Korfu szigete, m\u00e1s n\u00e9ven <\/span><em><span style=\"font-weight: 400\">Smaragd-sziget <\/span><\/em><span style=\"font-weight: 400\">g\u00f6r\u00f6gorsz\u00e1gban t\u00f6bb mint 3 milli\u00f3 olajfa tal\u00e1lhat\u00f3, \u00e9s ez a legz\u00f6ldebb g\u00f6r\u00f6g sziget. Egzotikus strandok, l\u00e9legzetel\u00e1ll\u00edt\u00f3 t\u00e1j, v\u00e9gtelen t\u00fcrkizk\u00e9k v\u00edz, valamint legend\u00e1kkal \u00e9s szimb\u00f3lumokkal \u00e1tsz\u0151tt gazdag t\u00f6rt\u00e9nelem teszi ezt a mesebeli \u00fati c\u00e9lt, amelyet minden utaz\u00e1srajong\u00f3 legal\u00e1bb egyszer meg akar l\u00e1togatni.<\/span><\/p>\n<p><span style=\"font-weight: 400\">Megh\u00edvjuk \u00d6nt, hogy alkossa \u00fajra az 1000 darabos puzzle Korfu sziget\u00e9nek t\u00e1jk\u00e9p\u00e9t, \u00e9s tapasztalja meg a szabads\u00e1g \u00e9rz\u00e9s\u00e9t, amelyet ez a j\u00e1t\u00e9k inspir\u00e1l. A kirak\u00f3s j\u00e1t\u00e9k darabjai pontosan vannak kiv\u00e1gva \u00e9s t\u00f6k\u00e9letesen illeszkednek egym\u00e1shoz, \u00edgy a v\u00e9gs\u0151 k\u00e9p t\u00f6k\u00e9letes lesz. Keretezze be az 1000 darabos kirak\u00f3sb\u00f3l \u00f6ssze\u00e1ll\u00edtott t\u00e1jk\u00e9pet, \u00e9s haszn\u00e1lja dekor\u00e1ci\u00f3s t\u00e1rgyk\u00e9nt.<\/span><\/p>\n<p><strong>Mi\u00e9rt v\u00e1lasszon 1000 darabos puzzle-t a Discover Europe kollekci\u00f3b\u00f3l?<\/strong><\/p>\n<p><span style=\"font-weight: 400\">Egy kirak\u00f3s j\u00e1t\u00e9k egy turisztikai l\u00e1tv\u00e1nyoss\u00e1g k\u00e9p\u00e9vel lehet\u0151s\u00e9get ny\u00fajt a kikapcsol\u00f3d\u00e1sra \u00e9s a mindennapi \u00e9letb\u0151l val\u00f3 kikapcsol\u00f3d\u00e1sra.<\/span><\/p>\n<p><span style=\"font-weight: 400\">Egy 68 x 47 cm-es k\u00e9pet kapsz, amely szem\u00e9lyis\u00e9get k\u00f6lcs\u00f6n\u00f6z otthonod b\u00e1rmely unalmas hely\u00e9nek.<\/span><\/p>\n<p><span style=\"font-weight: 400\">Kiv\u00e1l\u00f3 min\u0151s\u00e9g\u0171 kartonb\u00f3l k\u00e9sz\u00fclt, ami t\u00f6bbsz\u00f6ri haszn\u00e1lat ut\u00e1n is tart\u00f3ss\u00e1got biztos\u00edt a daraboknak.<\/span><\/p>\n<p><span style=\"font-weight: 400\">Minden feln\u0151tt puzzle term\u00e9szetbar\u00e1t, fenntarthat\u00f3 \u00e9s \u00fajrahasznos\u00edthat\u00f3 anyagokb\u00f3l k\u00e9sz\u00fclt.<\/span><\/p>\n<p><span style=\"font-weight: 400\">F\u00e9lf\u00e9nyes fel\u00fclet\u0171, kellemes sz\u00ednekkel rendelkezik, amelyek kiemelik a k\u00e9p sz\u00e9ps\u00e9g\u00e9t.<\/span><\/p>\n<p><span style=\"font-weight: 400\">14 \u00e9v felettiek sz\u00e1m\u00e1ra alkalmas, remek ok arra, hogy min\u0151s\u00e9gi id\u0151t t\u00f6lts\u00f6n a tin\u00e9dzserekkel.<\/span><\/p>\n<p><span style=\"font-weight: 400\">Egy 1000 darabos feln\u0151tt puzzle \u00f6sszerak\u00e1sa olyan tev\u00e9kenys\u00e9g, amely t\u00f6bb szinten is el\u0151ny\u00f6s:<\/span><\/p>\n<ul>\n<li><span style=\"font-weight: 400\">A t\u00fcrelmet \u00e9s a kitart\u00e1st fejleszti.<\/span><\/li>\n<li><span style=\"font-weight: 400\">Fejleszti a kreativit\u00e1st \u00e9s a tud\u00e1s ir\u00e1nti v\u00e1gyat.<\/span><\/li>\n<li><span style=\"font-weight: 400\">Ez egy nagyszer\u0171 m\u00f3dja a mem\u00f3ria edz\u00e9s\u00e9nek.<\/span><\/li>\n<li><span style=\"font-weight: 400\">Jobban odafigyelsz a r\u00e9szletekre, \u00e9s hossz\u00fa ideig egyetlen feladatra koncentr\u00e1lsz.<\/span><\/li>\n<li><span style=\"font-weight: 400\">Javul a hangulatod \u00e9s magabiztoss\u00e1 v\u00e1lsz a saj\u00e1t er\u0151ss\u00e9geidben.<\/span><\/li>\n<\/ul>\n<p><strong>Tudtad, hogy&#8230;?<\/strong><\/p>\n<p><span style=\"font-weight: 400\">Sziget neve, <\/span><em><span style=\"font-weight: 400\">Korfu,<\/span><\/em><span style=\"font-weight: 400\"> a nimfa nev\u00e9b\u0151l sz\u00e1rmazik <\/span><em><span style=\"font-weight: 400\">KorKyra <\/span><\/em><span style=\"font-weight: 400\">A legenda szerint Poesidon, a tenger istene beleszeretett, elrabolta \u00e9s elhozta erre a szigetre, amely k\u00e9s\u0151bb a nev\u00e9t is kapta.<\/span><\/p>\n<p><span style=\"font-weight: 400\">H\u00fasv\u00e9tkor Korfun van egy zajos szok\u00e1s: h\u00fasv\u00e9t szombatj\u00e1n a helyiek k\u00e9tfoganty\u00fas agyagkors\u00f3kat dob\u00e1lnak le az \u00e9p\u00fcletek erk\u00e9lyeir\u0151l, amelyekre v\u00f6r\u00f6s szalagokat er\u0151s\u00edtenek. Ez a szok\u00e1s \u00e1ll\u00edt\u00f3lag el\u0171zi a gonosz szellemeket, \u00e9s j\u00f3l\u00e9tet \u00e9s szerencs\u00e9t hoz.<\/span><\/p>\n<p><span style=\"font-weight: 400\">Azt mondj\u00e1k, hogy a 14-18. sz\u00e1zadban a helyiek minden el\u00fcltetett olajf\u00e1\u00e9rt egy aranyp\u00e9nzt kaptak. Az olajat Velenc\u00e9ben l\u00e1mp\u00e1k meggy\u00fajt\u00e1s\u00e1ra haszn\u00e1lt\u00e1k.<\/span><\/p>\n<p><strong>Korfu sziget 1000 darabos puzzle &#8211; a bels\u0151 egyens\u00faly helyre\u00e1ll\u00edt\u00e1s\u00e1hoz<\/strong><\/p>\n<p><span style=\"font-weight: 400\">A kirak\u00f3s j\u00e1t\u00e9k kih\u00edv\u00e1st jelent az elm\u00e9dnek, ugyanakkor seg\u00edt m\u00e9lyen ellazulni. Ez a csod\u00e1latos tev\u00e9kenys\u00e9g hangulatot v\u00e1lt ki <\/span><em><span style=\"font-weight: 400\">Alpha <\/span><\/em><span style=\"font-weight: 400\">hasonl\u00f3 az \u00e1lom \u00e1llapot\u00e1hoz. Ez\u00e9rt siker\u00fcl feloldania a stresszt \u00e9s elszakadnia a negat\u00edv gondolatokt\u00f3l \u00e9s probl\u00e9m\u00e1kt\u00f3l <\/span><\/p>\n<p><span style=\"font-weight: 400\">\u00dajra kapcsolatba ker\u00fclsz \u00f6nmagaddal, \u00e9s k\u00f6nnyed\u00e9n helyre\u00e1ll\u00edthatod bels\u0151 egyens\u00falyodat, csup\u00e1n az\u00e1ltal, hogy 1000 puzzle-darabot a megfelel\u0151 helyre teszel.<\/span><\/p>\n<p><span style=\"font-weight: 400\">A bels\u0151 kikapcsol\u00f3d\u00e1s, a szeretteivel val\u00f3 kapcsolatteremt\u00e9s vagy a bar\u00e1ti t\u00e1rsas\u00e1gi egy\u00fcttl\u00e9t pillanataihoz t\u00f6k\u00e9letes j\u00e1t\u00e9k a Discover Europe kollekci\u00f3 1000 darabos Korfu szigete puzzle-ja. Ez a feln\u0151tteknek sz\u00e1nt kirak\u00f3s j\u00e1t\u00e9k akkor is megfelel\u0151 aj\u00e1nd\u00e9k lehet, ha \u00fcnnepi vagy \u00e9vfordul\u00f3s aj\u00e1nd\u00e9kot keres.<\/span><\/p><\/p>\n","protected":false},"excerpt":{"rendered":"<p>A Discover Europe 1000 darabos kirak\u00f3s sorozat a kirak\u00f3s j\u00e1t\u00e9k \u00e9s az utaz\u00e1s ir\u00e1nti szenved\u00e9lyt \u00f6tv\u00f6zi. K\u00e9sz\u00edtsd el saj\u00e1t, egyedi<\/p>\n","protected":false},"featured_media":36767,"template":"","meta":[],"product_brand":[],"product_cat":[1920,1919,1881],"product_tag":[],"class_list":{"0":"post-40155","1":"product","2":"type-product","3":"status-publish","4":"has-post-thumbnail","6":"product_cat-1000-darabos-kirakos-jatek","7":"product_cat-felnott-kirakos-jatekok","8":"product_cat-kirakos-jatekok","9":"pa_bax-7-hu","10":"pa_brand-d_toys-hu","11":"pa_country_of_manufacture-ro-hu","12":"pa_filter_age-14-hu","13":"pa_painter-discover-europe-hu","14":"pa_tip_ambalaj-doboz","15":"pa_tip_puzzle-klasszikus","17":"first","18":"instock","19":"taxable","20":"shipping-taxable","21":"product-type-simple"},"yoast_head":"<!-- This site is optimized with the Yoast SEO plugin v20.1 - https:\/\/yoast.com\/wordpress\/plugins\/seo\/ -->\n<title>Korfu sziget puzzle - Feln\u0151tt puzzle 1000 darab - Discover Europe<\/title>\n<meta name=\"description\" content=\"Korfu sziget puzzle - Feln\u0151tt puzzle 1000 darab - Discover Europe\" \/>\n<meta name=\"robots\" content=\"index, follow, max-snippet:-1, max-image-preview:large, max-video-preview:-1\" \/>\n<link rel=\"canonical\" href=\"https:\/\/business.roovi.com\/hu\/korfu-sziget-puzzle-felnott-puzzle-1000-darab-discover-europe\/p\/\" \/>\n<meta property=\"og:locale\" content=\"hu_HU\" \/>\n<meta property=\"og:type\" content=\"article\" \/>\n<meta property=\"og:title\" content=\"Korfu sziget puzzle - Feln\u0151tt puzzle 1000 darab - Discover Europe\" \/>\n<meta property=\"og:description\" content=\"Korfu sziget puzzle - Feln\u0151tt puzzle 1000 darab - Discover Europe\" \/>\n<meta property=\"og:url\" content=\"https:\/\/business.roovi.com\/hu\/korfu-sziget-puzzle-felnott-puzzle-1000-darab-discover-europe\/p\/\" \/>\n<meta property=\"og:site_name\" content=\"Roovi B2B\" \/>\n<meta property=\"article:publisher\" content=\"https:\/\/www.facebook.com\/wwwjucariero\" \/>\n<meta property=\"article:modified_time\" content=\"2022-07-06T14:29:12+00:00\" \/>\n<meta property=\"og:image\" content=\"https:\/\/business.roovi.com\/wp-content\/uploads\/2018\/09\/65995-08-ansamblu_dimensiuni-cutie-cm.png\" \/>\n\t<meta property=\"og:image:width\" content=\"1200\" \/>\n\t<meta property=\"og:image:height\" content=\"1200\" \/>\n\t<meta property=\"og:image:type\" content=\"image\/png\" \/>\n<meta name=\"twitter:label1\" content=\"Becs\u00fclt olvas\u00e1si id\u0151\" \/>\n\t<meta name=\"twitter:data1\" content=\"4 perc\" \/>\n<script type=\"application\/ld+json\" class=\"yoast-schema-graph\">{\"@context\":\"https:\/\/schema.org\",\"@graph\":[{\"@type\":\"WebPage\",\"@id\":\"https:\/\/business.roovi.com\/hu\/korfu-sziget-puzzle-felnott-puzzle-1000-darab-discover-europe\/p\/\",\"url\":\"https:\/\/business.roovi.com\/hu\/korfu-sziget-puzzle-felnott-puzzle-1000-darab-discover-europe\/p\/\",\"name\":\"Korfu sziget puzzle - Feln\u0151tt puzzle 1000 darab - Discover Europe\",\"isPartOf\":{\"@id\":\"https:\/\/business.roovi.com\/hu\/#website\"},\"datePublished\":\"2018-09-06T09:28:30+00:00\",\"dateModified\":\"2022-07-06T14:29:12+00:00\",\"description\":\"Korfu sziget puzzle - Feln\u0151tt puzzle 1000 darab - Discover Europe\",\"breadcrumb\":{\"@id\":\"https:\/\/business.roovi.com\/hu\/korfu-sziget-puzzle-felnott-puzzle-1000-darab-discover-europe\/p\/#breadcrumb\"},\"inLanguage\":\"hu\",\"potentialAction\":[{\"@type\":\"ReadAction\",\"target\":[\"https:\/\/business.roovi.com\/hu\/korfu-sziget-puzzle-felnott-puzzle-1000-darab-discover-europe\/p\/\"]}]},{\"@type\":\"BreadcrumbList\",\"@id\":\"https:\/\/business.roovi.com\/hu\/korfu-sziget-puzzle-felnott-puzzle-1000-darab-discover-europe\/p\/#breadcrumb\",\"itemListElement\":[{\"@type\":\"ListItem\",\"position\":1,\"name\":\"Home\",\"item\":\"https:\/\/business.roovi.com\/hu\/\"},{\"@type\":\"ListItem\",\"position\":2,\"name\":\"Shop\",\"item\":\"https:\/\/business.roovi.com\/hu\/shop\/\"},{\"@type\":\"ListItem\",\"position\":3,\"name\":\"Korfu sziget puzzle &#8211; Feln\u0151tt puzzle 1000 darab &#8211; Discover Europe\"}]},{\"@type\":\"WebSite\",\"@id\":\"https:\/\/business.roovi.com\/hu\/#website\",\"url\":\"https:\/\/business.roovi.com\/hu\/\",\"name\":\"Roovi B2B\",\"description\":\"Roovi Business Website\",\"potentialAction\":[{\"@type\":\"SearchAction\",\"target\":{\"@type\":\"EntryPoint\",\"urlTemplate\":\"https:\/\/business.roovi.com\/hu\/?s={search_term_string}\"},\"query-input\":\"required name=search_term_string\"}],\"inLanguage\":\"hu\"}]}<\/script>\n<!-- \/ Yoast SEO plugin. -->","yoast_head_json":{"title":"Korfu sziget puzzle - Feln\u0151tt puzzle 1000 darab - Discover Europe","description":"Korfu sziget puzzle - Feln\u0151tt puzzle 1000 darab - Discover Europe","robots":{"index":"index","follow":"follow","max-snippet":"max-snippet:-1","max-image-preview":"max-image-preview:large","max-video-preview":"max-video-preview:-1"},"canonical":"https:\/\/business.roovi.com\/hu\/korfu-sziget-puzzle-felnott-puzzle-1000-darab-discover-europe\/p\/","og_locale":"hu_HU","og_type":"article","og_title":"Korfu sziget puzzle - Feln\u0151tt puzzle 1000 darab - Discover Europe","og_description":"Korfu sziget puzzle - Feln\u0151tt puzzle 1000 darab - Discover Europe","og_url":"https:\/\/business.roovi.com\/hu\/korfu-sziget-puzzle-felnott-puzzle-1000-darab-discover-europe\/p\/","og_site_name":"Roovi B2B","article_publisher":"https:\/\/www.facebook.com\/wwwjucariero","article_modified_time":"2022-07-06T14:29:12+00:00","og_image":[{"width":1200,"height":1200,"url":"https:\/\/business.roovi.com\/wp-content\/uploads\/2018\/09\/65995-08-ansamblu_dimensiuni-cutie-cm.png","type":"image\/png"}],"twitter_misc":{"Becs\u00fclt olvas\u00e1si id\u0151":"4 perc"},"schema":{"@context":"https:\/\/schema.org","@graph":[{"@type":"WebPage","@id":"https:\/\/business.roovi.com\/hu\/korfu-sziget-puzzle-felnott-puzzle-1000-darab-discover-europe\/p\/","url":"https:\/\/business.roovi.com\/hu\/korfu-sziget-puzzle-felnott-puzzle-1000-darab-discover-europe\/p\/","name":"Korfu sziget puzzle - Feln\u0151tt puzzle 1000 darab - Discover Europe","isPartOf":{"@id":"https:\/\/business.roovi.com\/hu\/#website"},"datePublished":"2018-09-06T09:28:30+00:00","dateModified":"2022-07-06T14:29:12+00:00","description":"Korfu sziget puzzle - Feln\u0151tt puzzle 1000 darab - Discover Europe","breadcrumb":{"@id":"https:\/\/business.roovi.com\/hu\/korfu-sziget-puzzle-felnott-puzzle-1000-darab-discover-europe\/p\/#breadcrumb"},"inLanguage":"hu","potentialAction":[{"@type":"ReadAction","target":["https:\/\/business.roovi.com\/hu\/korfu-sziget-puzzle-felnott-puzzle-1000-darab-discover-europe\/p\/"]}]},{"@type":"BreadcrumbList","@id":"https:\/\/business.roovi.com\/hu\/korfu-sziget-puzzle-felnott-puzzle-1000-darab-discover-europe\/p\/#breadcrumb","itemListElement":[{"@type":"ListItem","position":1,"name":"Home","item":"https:\/\/business.roovi.com\/hu\/"},{"@type":"ListItem","position":2,"name":"Shop","item":"https:\/\/business.roovi.com\/hu\/shop\/"},{"@type":"ListItem","position":3,"name":"Korfu sziget puzzle &#8211; Feln\u0151tt puzzle 1000 darab &#8211; Discover Europe"}]},{"@type":"WebSite","@id":"https:\/\/business.roovi.com\/hu\/#website","url":"https:\/\/business.roovi.com\/hu\/","name":"Roovi B2B","description":"Roovi Business Website","potentialAction":[{"@type":"SearchAction","target":{"@type":"EntryPoint","urlTemplate":"https:\/\/business.roovi.com\/hu\/?s={search_term_string}"},"query-input":"required name=search_term_string"}],"inLanguage":"hu"}]}},"_links":{"self":[{"href":"https:\/\/business.roovi.com\/hu\/wp-json\/wp\/v2\/product\/40155","targetHints":{"allow":["GET"]}}],"collection":[{"href":"https:\/\/business.roovi.com\/hu\/wp-json\/wp\/v2\/product"}],"about":[{"href":"https:\/\/business.roovi.com\/hu\/wp-json\/wp\/v2\/types\/product"}],"version-history":[{"count":0,"href":"https:\/\/business.roovi.com\/hu\/wp-json\/wp\/v2\/product\/40155\/revisions"}],"wp:featuredmedia":[{"embeddable":true,"href":"https:\/\/business.roovi.com\/hu\/wp-json\/wp\/v2\/media\/36767"}],"wp:attachment":[{"href":"https:\/\/business.roovi.com\/hu\/wp-json\/wp\/v2\/media?parent=40155"}],"wp:term":[{"taxonomy":"product_brand","embeddable":true,"href":"https:\/\/business.roovi.com\/hu\/wp-json\/wp\/v2\/product_brand?post=40155"},{"taxonomy":"product_cat","embeddable":true,"href":"https:\/\/business.roovi.com\/hu\/wp-json\/wp\/v2\/product_cat?post=40155"},{"taxonomy":"product_tag","embeddable":true,"href":"https:\/\/business.roovi.com\/hu\/wp-json\/wp\/v2\/product_tag?post=40155"}],"curies":[{"name":"wp","href":"https:\/\/api.w.org\/{rel}","templated":true}]}}