{"id":40163,"date":"2018-09-06T09:23:48","date_gmt":"2018-09-06T09:23:48","guid":{"rendered":"https:\/\/business.roovi.com\/puzzle-adulti-1000-piese-discover-europe-santorini\/p\/"},"modified":"2022-07-06T14:29:27","modified_gmt":"2022-07-06T14:29:27","slug":"santorini-puzzle-felnott-puzzle-1000-darab-discover-europe","status":"publish","type":"product","link":"https:\/\/business.roovi.com\/hu\/santorini-puzzle-felnott-puzzle-1000-darab-discover-europe\/p\/","title":{"rendered":"Santorini Puzzle &#8211; Feln\u0151tt puzzle 1000 darab &#8211; Discover Europe"},"content":{"rendered":"<p><strong><em>Ha egy hosszabb eur\u00f3pai nyaral\u00e1sr\u00f3l \u00e1lmodik, vagy m\u00e1r sok h\u00edres helyen j\u00e1rt, \u00e9s szeretn\u00e9 eml\u00e9keit egyedi form\u00e1ban meg\u0151rizni, a Discover Europe 1000 darabos puzzle-sorozat pontosan az, amire sz\u00fcks\u00e9ge van. Kih\u00edvja az elm\u00e9det, \u00e9s \u00e1lomvil\u00e1gba rep\u00edt.<\/em><\/strong><\/p>\n<p><span style=\"font-weight: 400\">Egzotikus strandok, l\u00e9legzetel\u00e1ll\u00edt\u00f3 naplement\u00e9k \u00e9s kiv\u00e1l\u00f3 min\u0151s\u00e9g\u0171 borok csak n\u00e9h\u00e1ny azok k\u00f6z\u00fcl a l\u00e1tnival\u00f3k k\u00f6z\u00fcl, amelyek Szantorinit a vil\u00e1g minden t\u00e1j\u00e1r\u00f3l \u00e9rkez\u0151 turist\u00e1k kedvenc c\u00e9lpontj\u00e1v\u00e1 teszik. A Discover Europe &#8211; Santorini 1000 darabos puzzle a h\u00edres g\u00f6r\u00f6g sziget fest\u0151i k\u00e9p\u00e9t adja.<\/span><\/p>\n<p><span style=\"font-weight: 400\">Az \u00c9gei-tenger d\u00e9li r\u00e9sz\u00e9n tal\u00e1lhat\u00f3 Szantorini \u00e1ll\u00edt\u00f3lag az \u0151si Atlantisz v\u00e1ros\u00e1nak hely\u00e9n fekszik. A v\u00e1rost d\u00f3r telepesek alap\u00edtott\u00e1k az i. e. 9. sz\u00e1zadban, \u00e9s az \u0151 idej\u00fckben \u00fagy ismert\u00e9k, hogy <\/span><em><span style=\"font-weight: 400\">Thera<\/span><\/em><span style=\"font-weight: 400\">. A t\u00f6rt\u00e9nelem sor\u00e1n a szigetet a biz\u00e1nciak, a velenceiek, az oszm\u00e1nok \u00e9s k\u00e9s\u0151bb a g\u00f6r\u00f6g\u00f6k uralt\u00e1k.<\/span><\/p>\n<p><span style=\"font-weight: 400\">Az 1000 darabos Santorini kirak\u00f3val \u00fajraalkothatod az ikonikus sziget mesebeli k\u00e9p\u00e9t, \u00e9s \u00e9lvezheted a naps\u00fct\u00e9ses k\u00e9pet, amely visszavisz a j\u00f3l meg\u00e9rdemelt nyaral\u00e1sodra egy legend\u00e1kkal \u00e9s szimb\u00f3lumokkal teli f\u00f6ldre.<\/span><\/p>\n<p><strong>Mi\u00e9rt k\u00fcl\u00f6nleges Discover Europe &#8211; Santorini 1000 darabos puzzle?<\/strong><\/p>\n<p><span style=\"font-weight: 400\">1000 puzzle-darabb\u00f3l egy leny\u0171g\u00f6z\u0151, 68 x 47 cm-es k\u00e9pet k\u00e9sz\u00edthetsz magadr\u00f3l.<\/span><\/p>\n<p><span style=\"font-weight: 400\">Ezt a t\u00e1bl\u00e1t dekor\u00e1ci\u00f3s t\u00e1rgyk\u00e9nt haszn\u00e1lhatja otthon\u00e1nak d\u00edsz\u00edt\u00e9s\u00e9re.<\/span><\/p>\n<p><span style=\"font-weight: 400\">Kiv\u00e1l\u00f3 min\u0151s\u00e9g\u0171 kartonb\u00f3l k\u00e9sz\u00fclt, ami ellen\u00e1ll\u00f3bb\u00e1 teszi a puzzle-darabokat a t\u00f6bbsz\u00f6ri \u00f6sszeszerel\u00e9ssel szemben.<\/span><\/p>\n<p><span style=\"font-weight: 400\">A fel\u00fclet f\u00e9lig f\u00e9nyes, \u00e9l\u00e9nk sz\u00ednekkel, amelyek tisztas\u00e1got k\u00f6lcs\u00f6n\u00f6znek a k\u00e9pnek.<\/span><\/p>\n<p><span style=\"font-weight: 400\">Ez egy term\u00e9szetbar\u00e1t term\u00e9k, amely \u00fajrahasznos\u00edthat\u00f3, fenntarthat\u00f3 anyagokb\u00f3l k\u00e9sz\u00fclt.<\/span><\/p>\n<p><span style=\"font-weight: 400\">14 \u00e9ves kort\u00f3l alkalmas &#8211; k\u00e9sz\u00edtsd el \u00fajra a k\u00e9pet a tizen\u00e9vesekkel, \u00e9s ismertesd meg vel\u00fck a szigeti legend\u00e1kat.<\/span><\/p>\n<p><span style=\"font-weight: 400\">Ez egy lehet\u0151s\u00e9g a kikapcsol\u00f3d\u00e1sra \u00e9s a kikapcsol\u00f3d\u00e1sra.<\/span><\/p>\n<p><span style=\"font-weight: 400\">Seg\u00edt sz\u00e1mos k\u00e9szs\u00e9g fejleszt\u00e9s\u00e9ben, mint p\u00e9ld\u00e1ul:<\/span><\/p>\n<ul>\n<li><span style=\"font-weight: 400\">Figyelem a r\u00e9szletekre<\/span><\/li>\n<li><span style=\"font-weight: 400\">Koordin\u00e1ci\u00f3s \u00e9s finommotoros k\u00e9szs\u00e9gek<\/span><\/li>\n<li><span style=\"font-weight: 400\">Logikus gondolkod\u00e1s \u00e9s mem\u00f3ria.<\/span><\/li>\n<li><span style=\"font-weight: 400\">Koncentr\u00e1ci\u00f3s k\u00e9pess\u00e9g.<\/span><\/li>\n<li><span style=\"font-weight: 400\">Probl\u00e9mamegold\u00f3 k\u00e9szs\u00e9g.<\/span><\/li>\n<\/ul>\n<p><strong>Tudtad, hogy&#8230;?<\/strong><\/p>\n<p><span style=\"font-weight: 400\">Szantorini egyetlen term\u00e9szetes iv\u00f3v\u00edzforr\u00e1ssal rendelkezik &#8211; egy kis k\u00e1polna m\u00f6g\u00f6tti barlangban l\u00e9v\u0151 kis forr\u00e1ssal. A szigetet egy helyi s\u00f3talan\u00edt\u00f3 \u00fczem l\u00e1tja el v\u00edzzel.<\/span><\/p>\n<p><span style=\"font-weight: 400\">Szantorinin a g\u00f6r\u00f6g-r\u00f3mai \u00e9p\u00edt\u00e9szet domin\u00e1l. A r\u00e9gi \u00e9p\u00fcletek t\u00f6bbs\u00e9ge az 1956-os f\u00f6ldreng\u00e9s sor\u00e1n megsemmis\u00fclt. A sziget f\u0151v\u00e1ros\u00e1ban sz\u00e1mos \u00e9p\u00fcletet a velencei \u00e9p\u00edt\u00e9szet ihletett.<\/span><\/p>\n<p><span style=\"font-weight: 400\">Szantorinin t\u00f6bb mint 80 sz\u0151l\u0151fajt\u00e1t termesztenek. Azt mondj\u00e1k, hogy G\u00f6r\u00f6gorsz\u00e1g legjobb bora itt tal\u00e1lhat\u00f3. A bor\u00e1szat t\u00f6rt\u00e9nete itt t\u00f6bb mint 30 \u00e9vsz\u00e1zadra ny\u00falik vissza <\/span><\/p>\n<p><span style=\"font-weight: 400\">A szigeten egy akt\u00edv vulk\u00e1n tal\u00e1lhat\u00f3. A vulk\u00e1nkit\u00f6r\u00e9sekb\u0151l sz\u00e1rmaz\u00f3 l\u00e1va az id\u0151k sor\u00e1n alak\u00edtotta ki a sziget partvonal\u00e1t, \u00e9s adta meg a ma l\u00e1that\u00f3 egyedi megjelen\u00e9st.<\/span><\/p>\n<p><span style=\"font-weight: 400\">A legdr\u00e1g\u00e1bb sz\u00e1llodai szob\u00e1k itt a vulk\u00e1n perem\u00e9n tal\u00e1lhat\u00f3k. Ablakukb\u00f3l a sziget legleny\u0171g\u00f6z\u0151bb naplement\u00e9it \u00e9s napfelkelt\u00e9it l\u00e1thatjuk.<\/span><\/p>\n<p><strong>Discover Europe &#8211; Santorini 1000 darabos puzzle, a teljes elrugaszkod\u00e1s \u00e9lm\u00e9nye<\/strong><\/p>\n<p><span style=\"font-weight: 400\">A kirak\u00f3s j\u00e1t\u00e9kok \u00f6ssze\u00e1ll\u00edt\u00e1sa olyan, mint egy nyugtat\u00f3 medit\u00e1ci\u00f3 az elme \u00e9s a l\u00e9lek sz\u00e1m\u00e1ra. Intenz\u00edven koncentr\u00e1lsz, minden r\u00e9szletre odafigyelsz, amelynek megvan a maga j\u00f3l meghat\u00e1rozott helye a nagy k\u00e9pben, \u00e9s minden m\u00e1s gondolat eloszlik \u00e9s elt\u0171nik.<\/span><\/p>\n<p><span style=\"font-weight: 400\">Amikor a k\u00e9p elk\u00e9sz\u00fcl, ha becsukod a szemed, elk\u00e9pzelheted magad a k\u00e9p l\u00e9pcs\u0151j\u00e9n \u00e1llva, \u00e9s n\u00e9zheted az el\u0151tted kibontakoz\u00f3 fens\u00e9ges t\u00e1jat. Ellazult\u00e1l \u00e9s kapcsol\u00f3dsz a hely pozit\u00edv energi\u00e1j\u00e1hoz, \u00e9s szeretn\u00e9d, ha ez az \u00e9rz\u00e9s minden nap veled maradna.<\/span><\/p>\n<p><span style=\"font-weight: 400\">V\u00e1lassza az 1000 darabos Santorini puzzle-t a v\u00e9gs\u0151 meditat\u00edv \u00e9lm\u00e9ny\u00e9rt, vagy a sok \u00f3r\u00e1nyi sz\u00f3rakoz\u00e1s\u00e9rt \u00e9s kikapcsol\u00f3d\u00e1s\u00e9rt szeretteivel. Vagy tegye a kar\u00e1csonyfa al\u00e1, \u00e9s var\u00e1zsolja el azokat az \u00fcnnepi napokat, amikor a hideg id\u0151j\u00e1r\u00e1s miatt bent kell maradnia.<\/span><\/p><\/p>\n","protected":false},"excerpt":{"rendered":"<p>Ha egy hosszabb eur\u00f3pai nyaral\u00e1sr\u00f3l \u00e1lmodik, vagy m\u00e1r sok h\u00edres helyen j\u00e1rt, \u00e9s szeretn\u00e9 eml\u00e9keit egyedi form\u00e1ban meg\u0151rizni, a Discover<\/p>\n","protected":false},"featured_media":36739,"template":"","meta":[],"product_brand":[],"product_cat":[1920,1919,1881],"product_tag":[],"class_list":{"0":"post-40163","1":"product","2":"type-product","3":"status-publish","4":"has-post-thumbnail","6":"product_cat-1000-darabos-kirakos-jatek","7":"product_cat-felnott-kirakos-jatekok","8":"product_cat-kirakos-jatekok","9":"pa_bax-7-hu","10":"pa_brand-d_toys-hu","11":"pa_country_of_manufacture-ro-hu","12":"pa_filter_age-14-hu","13":"pa_painter-discover-europe-hu","14":"pa_tip_ambalaj-doboz","15":"pa_tip_puzzle-klasszikus","17":"first","18":"instock","19":"taxable","20":"shipping-taxable","21":"product-type-simple"},"yoast_head":"<!-- This site is optimized with the Yoast SEO plugin v20.1 - https:\/\/yoast.com\/wordpress\/plugins\/seo\/ -->\n<title>Santorini Puzzle - Feln\u0151tt puzzle 1000 darab - Discover Europe<\/title>\n<meta name=\"description\" content=\"Santorini Puzzle - Feln\u0151tt puzzle 1000 darab - Discover Europe\" \/>\n<meta name=\"robots\" content=\"index, follow, max-snippet:-1, max-image-preview:large, max-video-preview:-1\" \/>\n<link rel=\"canonical\" href=\"https:\/\/business.roovi.com\/hu\/santorini-puzzle-felnott-puzzle-1000-darab-discover-europe\/p\/\" \/>\n<meta property=\"og:locale\" content=\"hu_HU\" \/>\n<meta property=\"og:type\" content=\"article\" \/>\n<meta property=\"og:title\" content=\"Santorini Puzzle - Feln\u0151tt puzzle 1000 darab - Discover Europe\" \/>\n<meta property=\"og:description\" content=\"Santorini Puzzle - Feln\u0151tt puzzle 1000 darab - Discover Europe\" \/>\n<meta property=\"og:url\" content=\"https:\/\/business.roovi.com\/hu\/santorini-puzzle-felnott-puzzle-1000-darab-discover-europe\/p\/\" \/>\n<meta property=\"og:site_name\" content=\"Roovi B2B\" \/>\n<meta property=\"article:publisher\" content=\"https:\/\/www.facebook.com\/wwwjucariero\" \/>\n<meta property=\"article:modified_time\" content=\"2022-07-06T14:29:27+00:00\" \/>\n<meta property=\"og:image\" content=\"https:\/\/business.roovi.com\/wp-content\/uploads\/2018\/09\/65995-06_ansamblu_dimensiuni_cutie_cm_cutie_patrata.png\" \/>\n\t<meta property=\"og:image:width\" content=\"2000\" \/>\n\t<meta property=\"og:image:height\" content=\"2000\" \/>\n\t<meta property=\"og:image:type\" content=\"image\/png\" \/>\n<meta name=\"twitter:label1\" content=\"Becs\u00fclt olvas\u00e1si id\u0151\" \/>\n\t<meta name=\"twitter:data1\" content=\"4 perc\" \/>\n<script type=\"application\/ld+json\" class=\"yoast-schema-graph\">{\"@context\":\"https:\/\/schema.org\",\"@graph\":[{\"@type\":\"WebPage\",\"@id\":\"https:\/\/business.roovi.com\/hu\/santorini-puzzle-felnott-puzzle-1000-darab-discover-europe\/p\/\",\"url\":\"https:\/\/business.roovi.com\/hu\/santorini-puzzle-felnott-puzzle-1000-darab-discover-europe\/p\/\",\"name\":\"Santorini Puzzle - Feln\u0151tt puzzle 1000 darab - Discover Europe\",\"isPartOf\":{\"@id\":\"https:\/\/business.roovi.com\/hu\/#website\"},\"datePublished\":\"2018-09-06T09:23:48+00:00\",\"dateModified\":\"2022-07-06T14:29:27+00:00\",\"description\":\"Santorini Puzzle - Feln\u0151tt puzzle 1000 darab - Discover Europe\",\"breadcrumb\":{\"@id\":\"https:\/\/business.roovi.com\/hu\/santorini-puzzle-felnott-puzzle-1000-darab-discover-europe\/p\/#breadcrumb\"},\"inLanguage\":\"hu\",\"potentialAction\":[{\"@type\":\"ReadAction\",\"target\":[\"https:\/\/business.roovi.com\/hu\/santorini-puzzle-felnott-puzzle-1000-darab-discover-europe\/p\/\"]}]},{\"@type\":\"BreadcrumbList\",\"@id\":\"https:\/\/business.roovi.com\/hu\/santorini-puzzle-felnott-puzzle-1000-darab-discover-europe\/p\/#breadcrumb\",\"itemListElement\":[{\"@type\":\"ListItem\",\"position\":1,\"name\":\"Home\",\"item\":\"https:\/\/business.roovi.com\/hu\/\"},{\"@type\":\"ListItem\",\"position\":2,\"name\":\"Shop\",\"item\":\"https:\/\/business.roovi.com\/hu\/shop\/\"},{\"@type\":\"ListItem\",\"position\":3,\"name\":\"Santorini Puzzle &#8211; Feln\u0151tt puzzle 1000 darab &#8211; Discover Europe\"}]},{\"@type\":\"WebSite\",\"@id\":\"https:\/\/business.roovi.com\/hu\/#website\",\"url\":\"https:\/\/business.roovi.com\/hu\/\",\"name\":\"Roovi B2B\",\"description\":\"Roovi Business Website\",\"potentialAction\":[{\"@type\":\"SearchAction\",\"target\":{\"@type\":\"EntryPoint\",\"urlTemplate\":\"https:\/\/business.roovi.com\/hu\/?s={search_term_string}\"},\"query-input\":\"required name=search_term_string\"}],\"inLanguage\":\"hu\"}]}<\/script>\n<!-- \/ Yoast SEO plugin. -->","yoast_head_json":{"title":"Santorini Puzzle - Feln\u0151tt puzzle 1000 darab - Discover Europe","description":"Santorini Puzzle - Feln\u0151tt puzzle 1000 darab - Discover Europe","robots":{"index":"index","follow":"follow","max-snippet":"max-snippet:-1","max-image-preview":"max-image-preview:large","max-video-preview":"max-video-preview:-1"},"canonical":"https:\/\/business.roovi.com\/hu\/santorini-puzzle-felnott-puzzle-1000-darab-discover-europe\/p\/","og_locale":"hu_HU","og_type":"article","og_title":"Santorini Puzzle - Feln\u0151tt puzzle 1000 darab - Discover Europe","og_description":"Santorini Puzzle - Feln\u0151tt puzzle 1000 darab - Discover Europe","og_url":"https:\/\/business.roovi.com\/hu\/santorini-puzzle-felnott-puzzle-1000-darab-discover-europe\/p\/","og_site_name":"Roovi B2B","article_publisher":"https:\/\/www.facebook.com\/wwwjucariero","article_modified_time":"2022-07-06T14:29:27+00:00","og_image":[{"width":2000,"height":2000,"url":"https:\/\/business.roovi.com\/wp-content\/uploads\/2018\/09\/65995-06_ansamblu_dimensiuni_cutie_cm_cutie_patrata.png","type":"image\/png"}],"twitter_misc":{"Becs\u00fclt olvas\u00e1si id\u0151":"4 perc"},"schema":{"@context":"https:\/\/schema.org","@graph":[{"@type":"WebPage","@id":"https:\/\/business.roovi.com\/hu\/santorini-puzzle-felnott-puzzle-1000-darab-discover-europe\/p\/","url":"https:\/\/business.roovi.com\/hu\/santorini-puzzle-felnott-puzzle-1000-darab-discover-europe\/p\/","name":"Santorini Puzzle - Feln\u0151tt puzzle 1000 darab - Discover Europe","isPartOf":{"@id":"https:\/\/business.roovi.com\/hu\/#website"},"datePublished":"2018-09-06T09:23:48+00:00","dateModified":"2022-07-06T14:29:27+00:00","description":"Santorini Puzzle - Feln\u0151tt puzzle 1000 darab - Discover Europe","breadcrumb":{"@id":"https:\/\/business.roovi.com\/hu\/santorini-puzzle-felnott-puzzle-1000-darab-discover-europe\/p\/#breadcrumb"},"inLanguage":"hu","potentialAction":[{"@type":"ReadAction","target":["https:\/\/business.roovi.com\/hu\/santorini-puzzle-felnott-puzzle-1000-darab-discover-europe\/p\/"]}]},{"@type":"BreadcrumbList","@id":"https:\/\/business.roovi.com\/hu\/santorini-puzzle-felnott-puzzle-1000-darab-discover-europe\/p\/#breadcrumb","itemListElement":[{"@type":"ListItem","position":1,"name":"Home","item":"https:\/\/business.roovi.com\/hu\/"},{"@type":"ListItem","position":2,"name":"Shop","item":"https:\/\/business.roovi.com\/hu\/shop\/"},{"@type":"ListItem","position":3,"name":"Santorini Puzzle &#8211; Feln\u0151tt puzzle 1000 darab &#8211; Discover Europe"}]},{"@type":"WebSite","@id":"https:\/\/business.roovi.com\/hu\/#website","url":"https:\/\/business.roovi.com\/hu\/","name":"Roovi B2B","description":"Roovi Business Website","potentialAction":[{"@type":"SearchAction","target":{"@type":"EntryPoint","urlTemplate":"https:\/\/business.roovi.com\/hu\/?s={search_term_string}"},"query-input":"required name=search_term_string"}],"inLanguage":"hu"}]}},"_links":{"self":[{"href":"https:\/\/business.roovi.com\/hu\/wp-json\/wp\/v2\/product\/40163","targetHints":{"allow":["GET"]}}],"collection":[{"href":"https:\/\/business.roovi.com\/hu\/wp-json\/wp\/v2\/product"}],"about":[{"href":"https:\/\/business.roovi.com\/hu\/wp-json\/wp\/v2\/types\/product"}],"version-history":[{"count":0,"href":"https:\/\/business.roovi.com\/hu\/wp-json\/wp\/v2\/product\/40163\/revisions"}],"wp:featuredmedia":[{"embeddable":true,"href":"https:\/\/business.roovi.com\/hu\/wp-json\/wp\/v2\/media\/36739"}],"wp:attachment":[{"href":"https:\/\/business.roovi.com\/hu\/wp-json\/wp\/v2\/media?parent=40163"}],"wp:term":[{"taxonomy":"product_brand","embeddable":true,"href":"https:\/\/business.roovi.com\/hu\/wp-json\/wp\/v2\/product_brand?post=40163"},{"taxonomy":"product_cat","embeddable":true,"href":"https:\/\/business.roovi.com\/hu\/wp-json\/wp\/v2\/product_cat?post=40163"},{"taxonomy":"product_tag","embeddable":true,"href":"https:\/\/business.roovi.com\/hu\/wp-json\/wp\/v2\/product_tag?post=40163"}],"curies":[{"name":"wp","href":"https:\/\/api.w.org\/{rel}","templated":true}]}}