{"id":40171,"date":"2018-09-06T09:11:03","date_gmt":"2018-09-06T09:11:03","guid":{"rendered":"https:\/\/business.roovi.com\/puzzle-adulti-1000-piese-discover-europe-corfu\/p\/"},"modified":"2022-07-06T14:29:39","modified_gmt":"2022-07-06T14:29:39","slug":"korfu-puzzle-felnott-puzzle-1000-darab-discover-europe","status":"publish","type":"product","link":"https:\/\/business.roovi.com\/hu\/korfu-puzzle-felnott-puzzle-1000-darab-discover-europe\/p\/","title":{"rendered":"Korfu puzzle &#8211; Feln\u0151tt puzzle 1000 darab &#8211; Discover Europe"},"content":{"rendered":"<p><strong><em>Eur\u00f3pa sz\u00e1mos l\u00e1tnival\u00f3ja v\u00e1rja, hogy felfedezd a Discover Europe 1000 darabos puzzle seg\u00edts\u00e9g\u00e9vel! P\u00e1ros\u00edtsd \u00f6ssze a kirak\u00f3s j\u00e1t\u00e9kok darabjait, \u00e9s k\u00e9sz\u00edts leny\u0171g\u00f6z\u0151 k\u00e9peket Spanyolorsz\u00e1g, Olaszorsz\u00e1g, G\u00f6r\u00f6gorsz\u00e1g \u00e9s m\u00e1s orsz\u00e1gok \u00e1lomszer\u0171 k\u00e9peivel.<\/em><\/strong><\/p>\n<p><span style=\"font-weight: 400\">A Discover Europe &#8211; Corfu 1000 darabos puzzle egy leny\u0171g\u00f6z\u0151 utaz\u00e1sra visz a Korfu n\u00e9ven is ismert szigetre<\/span><em><span style=\"font-weight: 400\"> az istenek f\u00f6ldje <\/span><\/em><span style=\"font-weight: 400\">Gy\u00f6ny\u00f6r\u0171 strandok, krist\u00e1lytiszta v\u00edz a t\u00fcrkizk\u00e9k v\u00e9gtelen \u00e1rnyalataiban, l\u00e9legzetel\u00e1ll\u00edt\u00f3 \u00e1lomvil\u00e1g vagy a velencei hangulat\u00fa \u00f3v\u00e1ros csak n\u00e9h\u00e1ny a mitikus m\u00falt\u00fa sziget f\u00e9nypontjai k\u00f6z\u00fcl.<\/span><\/p>\n<p><span style=\"font-weight: 400\">Korfu a kult\u00fara \u00e9s a tudom\u00e1ny b\u00f6lcs\u0151je, itt alap\u00edtott\u00e1k G\u00f6r\u00f6gorsz\u00e1g els\u0151 modernkori egyetem\u00e9t, a J\u00f3n Akad\u00e9mi\u00e1t. A sziget f\u0151v\u00e1rosa, Kerkyra vagy Korfu v\u00e1rosa \u0151rzi a t\u00f6rt\u00e9nelem sor\u00e1n e r\u00e9szeken \u00e1thalad\u00f3 \u0151si civiliz\u00e1ci\u00f3k nyomait, \u00e9s az UNESCO Vil\u00e1g\u00f6r\u00f6ks\u00e9g r\u00e9sze.<\/span><\/p>\n<p><span style=\"font-weight: 400\">A Discover Europe kollekci\u00f3 1000 darabos Korfu kirak\u00f3j\u00e1val \u00fagy \u00e9rezheti mag\u00e1t, mintha igazi nyaral\u00e1son lenne. Ellaz\u00edt, t\u00e1vol tart a k\u00e9perny\u0151kt\u0151l, \u00e9s egy nagyon sz\u00fcks\u00e9ges j\u00f3 \u00e9rz\u00e9st ad minden f\u00e1raszt\u00f3 nap ut\u00e1n. \u00cdgy tapasztalja meg a csod\u00e1latos szabadid\u0151s tev\u00e9kenys\u00e9get ezzel a k\u00fcl\u00f6nleges kirak\u00f3s j\u00e1t\u00e9kkal.<\/span><\/p>\n<p><strong>Mi\u00e9rt v\u00e1lassza az 1000 darabos Korfu puzzle-t?  <\/strong><\/p>\n<p><span style=\"font-weight: 400\">Ez egy pihentet\u0151 m\u00f3dja annak, hogy felfedezze egy figyelemre m\u00e9lt\u00f3 turisztikai l\u00e1tv\u00e1nyoss\u00e1g sz\u00e9ps\u00e9g\u00e9t.<\/span><\/p>\n<p><span style=\"font-weight: 400\">Egy 68 x 47 cm-es k\u00e9pet kap egy Korfu sziget\u00e9n tal\u00e1lhat\u00f3 t\u00e1jr\u00f3l.<\/span><\/p>\n<p><span style=\"font-weight: 400\">Kiv\u00e1l\u00f3 min\u0151s\u00e9g\u0171 k\u00e9k kartonb\u00f3l k\u00e9sz\u00fclt, amely nagyon tart\u00f3s, \u00edgy t\u00f6bbsz\u00f6r is \u00f6ssze\u00e1ll\u00edthatja a k\u00e9pet an\u00e9lk\u00fcl, hogy a darabok megromlan\u00e1nak.<\/span><\/p>\n<p><span style=\"font-weight: 400\">Minden egyes kirak\u00f3s j\u00e1t\u00e9k k\u00e9sz\u00edt\u00e9s\u00e9hez \u00fajrahasznos\u00edthat\u00f3 \u00e9s fenntarthat\u00f3 anyagokat haszn\u00e1lunk.<\/span><\/p>\n<p><span style=\"font-weight: 400\">F\u00e9lf\u00e9nyes fel\u00fclet\u0171, kellemes sz\u00ednekben, amelyek tisztas\u00e1got k\u00f6lcs\u00f6n\u00f6znek a k\u00e9pnek.<\/span><\/p>\n<p><span style=\"font-weight: 400\">A program 14 \u00e9v felettiek sz\u00e1m\u00e1ra alkalmas &#8211; ez egy lehet\u0151s\u00e9g arra, hogy min\u0151s\u00e9gi id\u0151t t\u00f6lts\u00f6n a tin\u00e9dzserekkel.<\/span><\/p>\n<p><span style=\"font-weight: 400\">B\u00e1rmely \u00e9letkorban hasznos gyakorlat a finom koordin\u00e1ci\u00f3 \u00e9s a mobilit\u00e1s fenntart\u00e1s\u00e1ra.<\/span><\/p>\n<p><strong>Tudtad, hogy&#8230;?<\/strong><\/p>\n<p><span style=\"font-weight: 400\">Korfu sziget\u00e9t a t\u00f6r\u00f6k\u00f6k soha nem h\u00f3d\u00edtott\u00e1k meg.<\/span><\/p>\n<p><span style=\"font-weight: 400\">A g\u00f6r\u00f6g t\u00f6rt\u00e9nelem els\u0151 tengeri csat\u00e1j\u00e1t i. e. 664 k\u00f6r\u00fcl v\u00edvt\u00e1k itt.<\/span><\/p>\n<p><span style=\"font-weight: 400\">A vil\u00e1g ol\u00edvaolaj\u00e1nak mintegy 3%-a Korfur\u00f3l sz\u00e1rmazik.<\/span><\/p>\n<p><span style=\"font-weight: 400\">Ez az egyetlen hely Eur\u00f3p\u00e1ban, ahol olajfa n\u0151 <\/span><span style=\"font-weight: 400\">kumquat fa arom\u00e1s gy\u00fcm\u00f6lcs\u00e9vel.<\/span><\/p>\n<p><span style=\"font-weight: 400\">A szigeten 37 templom tal\u00e1lhat\u00f3. A legl\u00e1togatottabb k\u00f6z\u00fcl\u00fck a Szent Spiridon-templom, amely a szent erekly\u00e9inek is otthont ad, \u00e9s amely Korfu v\u00e1ros legmagasabb \u00e9p\u00fclete.<\/span><\/p>\n<p><strong>Fedezd fel Eur\u00f3p\u00e1t &#8211; Korfu 1000 darabos puzzle &#8211; egy lehet\u0151s\u00e9g a medit\u00e1ci\u00f3ra \u00e9s a kikapcsol\u00f3d\u00e1sra<\/strong><\/p>\n<p><span style=\"font-weight: 400\">A kirak\u00f3s j\u00e1t\u00e9knak \u00e1ll\u00edt\u00f3lag hasonl\u00f3 hat\u00e1sa van, mint egy medit\u00e1ci\u00f3s \u00fcl\u00e9snek. Ha egyszer egy 1000 darabos puzzle el\u0151tt \u00e1llsz, az elm\u00e9d megszabadul a gondokt\u00f3l \u00e9s gondolatokt\u00f3l, \u00e9s intenz\u00edven egyetlen feladatra \u00f6sszpontos\u00edt, az 1000 darabos puzzle \u00f6sszerak\u00e1s\u00e1ra.<\/span><\/p>\n<p><span style=\"font-weight: 400\">A Corfu 1000 darabos puzzle seg\u00edts\u00e9g\u00e9vel \u00fagy \u00e9rezheti mag\u00e1t, mint egy igazi detekt\u00edv, aki meg\u00e9rkezett Korfura, hogy megfejtse az \u0151si rejt\u00e9lyeket. A t\u00f6bb sz\u00e1z darab k\u00f6z\u00f6tt \u00e9rt\u00e9kes nyomok ut\u00e1n kutatsz, \u00e9s amikor az \u00f6sszes darab \u00f6ssze\u00e1ll, intenz\u00edven \u00f6r\u00fclsz, hogy egy pontos feladatot teljes\u00edtett\u00e9l. \u00c9s meg akarod ism\u00e9telni az \u00e9lm\u00e9nyt, mert a kirak\u00f3s j\u00e1t\u00e9k n\u00f6veli a dopaminszintedet, \u00e9s p\u00e1ratlan boldogs\u00e1g\u00e9rzetet ad.<\/span><\/p>\n<p><span style=\"font-weight: 400\">V\u00e1lassza a Discover Europe 1000 darabos puzzle-t, hogy egy leny\u0171g\u00f6z\u0151 k\u00e9pet alkosson mag\u00e1nyosan, vagy hogy min\u0151s\u00e9gi id\u0151t t\u00f6lts\u00f6n szeretteivel. Vagy aj\u00e1nd\u00e9kozza sz\u00fclet\u00e9snapokra vagy \u00fcnnepekre.<\/span><\/p><\/p>\n","protected":false},"excerpt":{"rendered":"<p>Eur\u00f3pa sz\u00e1mos l\u00e1tnival\u00f3ja v\u00e1rja, hogy felfedezd a Discover Europe 1000 darabos puzzle seg\u00edts\u00e9g\u00e9vel! P\u00e1ros\u00edtsd \u00f6ssze a kirak\u00f3s j\u00e1t\u00e9kok darabjait, \u00e9s<\/p>\n","protected":false},"featured_media":36711,"template":"","meta":[],"product_brand":[],"product_cat":[1920,1919,1881],"product_tag":[],"class_list":{"0":"post-40171","1":"product","2":"type-product","3":"status-publish","4":"has-post-thumbnail","6":"product_cat-1000-darabos-kirakos-jatek","7":"product_cat-felnott-kirakos-jatekok","8":"product_cat-kirakos-jatekok","9":"pa_bax-7-hu","10":"pa_brand-d_toys-hu","11":"pa_country_of_manufacture-ro-hu","12":"pa_filter_age-14-hu","13":"pa_painter-discover-europe-hu","14":"pa_tip_ambalaj-doboz","15":"pa_tip_puzzle-klasszikus","17":"first","18":"instock","19":"taxable","20":"shipping-taxable","21":"product-type-simple"},"yoast_head":"<!-- This site is optimized with the Yoast SEO plugin v20.1 - https:\/\/yoast.com\/wordpress\/plugins\/seo\/ -->\n<title>Korfu puzzle - Feln\u0151tt puzzle 1000 darab - Discover Europe<\/title>\n<meta name=\"description\" content=\"Korfu puzzle - Feln\u0151tt puzzle 1000 darab - Discover Europe\" \/>\n<meta name=\"robots\" content=\"index, follow, max-snippet:-1, max-image-preview:large, max-video-preview:-1\" \/>\n<link rel=\"canonical\" href=\"https:\/\/business.roovi.com\/hu\/korfu-puzzle-felnott-puzzle-1000-darab-discover-europe\/p\/\" \/>\n<meta property=\"og:locale\" content=\"hu_HU\" \/>\n<meta property=\"og:type\" content=\"article\" \/>\n<meta property=\"og:title\" content=\"Korfu puzzle - Feln\u0151tt puzzle 1000 darab - Discover Europe\" \/>\n<meta property=\"og:description\" content=\"Korfu puzzle - Feln\u0151tt puzzle 1000 darab - Discover Europe\" \/>\n<meta property=\"og:url\" content=\"https:\/\/business.roovi.com\/hu\/korfu-puzzle-felnott-puzzle-1000-darab-discover-europe\/p\/\" \/>\n<meta property=\"og:site_name\" content=\"Roovi B2B\" \/>\n<meta property=\"article:publisher\" content=\"https:\/\/www.facebook.com\/wwwjucariero\" \/>\n<meta property=\"article:modified_time\" content=\"2022-07-06T14:29:39+00:00\" \/>\n<meta property=\"og:image\" content=\"https:\/\/business.roovi.com\/wp-content\/uploads\/2018\/09\/65995-03_ansamblu_dimensiuni-cutie-22x22-cm.png\" \/>\n\t<meta property=\"og:image:width\" content=\"1200\" \/>\n\t<meta property=\"og:image:height\" content=\"1200\" \/>\n\t<meta property=\"og:image:type\" content=\"image\/png\" \/>\n<meta name=\"twitter:label1\" content=\"Becs\u00fclt olvas\u00e1si id\u0151\" \/>\n\t<meta name=\"twitter:data1\" content=\"4 perc\" \/>\n<script type=\"application\/ld+json\" class=\"yoast-schema-graph\">{\"@context\":\"https:\/\/schema.org\",\"@graph\":[{\"@type\":\"WebPage\",\"@id\":\"https:\/\/business.roovi.com\/hu\/korfu-puzzle-felnott-puzzle-1000-darab-discover-europe\/p\/\",\"url\":\"https:\/\/business.roovi.com\/hu\/korfu-puzzle-felnott-puzzle-1000-darab-discover-europe\/p\/\",\"name\":\"Korfu puzzle - Feln\u0151tt puzzle 1000 darab - Discover Europe\",\"isPartOf\":{\"@id\":\"https:\/\/business.roovi.com\/hu\/#website\"},\"datePublished\":\"2018-09-06T09:11:03+00:00\",\"dateModified\":\"2022-07-06T14:29:39+00:00\",\"description\":\"Korfu puzzle - Feln\u0151tt puzzle 1000 darab - Discover Europe\",\"breadcrumb\":{\"@id\":\"https:\/\/business.roovi.com\/hu\/korfu-puzzle-felnott-puzzle-1000-darab-discover-europe\/p\/#breadcrumb\"},\"inLanguage\":\"hu\",\"potentialAction\":[{\"@type\":\"ReadAction\",\"target\":[\"https:\/\/business.roovi.com\/hu\/korfu-puzzle-felnott-puzzle-1000-darab-discover-europe\/p\/\"]}]},{\"@type\":\"BreadcrumbList\",\"@id\":\"https:\/\/business.roovi.com\/hu\/korfu-puzzle-felnott-puzzle-1000-darab-discover-europe\/p\/#breadcrumb\",\"itemListElement\":[{\"@type\":\"ListItem\",\"position\":1,\"name\":\"Home\",\"item\":\"https:\/\/business.roovi.com\/hu\/\"},{\"@type\":\"ListItem\",\"position\":2,\"name\":\"Shop\",\"item\":\"https:\/\/business.roovi.com\/hu\/shop\/\"},{\"@type\":\"ListItem\",\"position\":3,\"name\":\"Korfu puzzle &#8211; Feln\u0151tt puzzle 1000 darab &#8211; Discover Europe\"}]},{\"@type\":\"WebSite\",\"@id\":\"https:\/\/business.roovi.com\/hu\/#website\",\"url\":\"https:\/\/business.roovi.com\/hu\/\",\"name\":\"Roovi B2B\",\"description\":\"Roovi Business Website\",\"potentialAction\":[{\"@type\":\"SearchAction\",\"target\":{\"@type\":\"EntryPoint\",\"urlTemplate\":\"https:\/\/business.roovi.com\/hu\/?s={search_term_string}\"},\"query-input\":\"required name=search_term_string\"}],\"inLanguage\":\"hu\"}]}<\/script>\n<!-- \/ Yoast SEO plugin. -->","yoast_head_json":{"title":"Korfu puzzle - Feln\u0151tt puzzle 1000 darab - Discover Europe","description":"Korfu puzzle - Feln\u0151tt puzzle 1000 darab - Discover Europe","robots":{"index":"index","follow":"follow","max-snippet":"max-snippet:-1","max-image-preview":"max-image-preview:large","max-video-preview":"max-video-preview:-1"},"canonical":"https:\/\/business.roovi.com\/hu\/korfu-puzzle-felnott-puzzle-1000-darab-discover-europe\/p\/","og_locale":"hu_HU","og_type":"article","og_title":"Korfu puzzle - Feln\u0151tt puzzle 1000 darab - Discover Europe","og_description":"Korfu puzzle - Feln\u0151tt puzzle 1000 darab - Discover Europe","og_url":"https:\/\/business.roovi.com\/hu\/korfu-puzzle-felnott-puzzle-1000-darab-discover-europe\/p\/","og_site_name":"Roovi B2B","article_publisher":"https:\/\/www.facebook.com\/wwwjucariero","article_modified_time":"2022-07-06T14:29:39+00:00","og_image":[{"width":1200,"height":1200,"url":"https:\/\/business.roovi.com\/wp-content\/uploads\/2018\/09\/65995-03_ansamblu_dimensiuni-cutie-22x22-cm.png","type":"image\/png"}],"twitter_misc":{"Becs\u00fclt olvas\u00e1si id\u0151":"4 perc"},"schema":{"@context":"https:\/\/schema.org","@graph":[{"@type":"WebPage","@id":"https:\/\/business.roovi.com\/hu\/korfu-puzzle-felnott-puzzle-1000-darab-discover-europe\/p\/","url":"https:\/\/business.roovi.com\/hu\/korfu-puzzle-felnott-puzzle-1000-darab-discover-europe\/p\/","name":"Korfu puzzle - Feln\u0151tt puzzle 1000 darab - Discover Europe","isPartOf":{"@id":"https:\/\/business.roovi.com\/hu\/#website"},"datePublished":"2018-09-06T09:11:03+00:00","dateModified":"2022-07-06T14:29:39+00:00","description":"Korfu puzzle - Feln\u0151tt puzzle 1000 darab - Discover Europe","breadcrumb":{"@id":"https:\/\/business.roovi.com\/hu\/korfu-puzzle-felnott-puzzle-1000-darab-discover-europe\/p\/#breadcrumb"},"inLanguage":"hu","potentialAction":[{"@type":"ReadAction","target":["https:\/\/business.roovi.com\/hu\/korfu-puzzle-felnott-puzzle-1000-darab-discover-europe\/p\/"]}]},{"@type":"BreadcrumbList","@id":"https:\/\/business.roovi.com\/hu\/korfu-puzzle-felnott-puzzle-1000-darab-discover-europe\/p\/#breadcrumb","itemListElement":[{"@type":"ListItem","position":1,"name":"Home","item":"https:\/\/business.roovi.com\/hu\/"},{"@type":"ListItem","position":2,"name":"Shop","item":"https:\/\/business.roovi.com\/hu\/shop\/"},{"@type":"ListItem","position":3,"name":"Korfu puzzle &#8211; Feln\u0151tt puzzle 1000 darab &#8211; Discover Europe"}]},{"@type":"WebSite","@id":"https:\/\/business.roovi.com\/hu\/#website","url":"https:\/\/business.roovi.com\/hu\/","name":"Roovi B2B","description":"Roovi Business Website","potentialAction":[{"@type":"SearchAction","target":{"@type":"EntryPoint","urlTemplate":"https:\/\/business.roovi.com\/hu\/?s={search_term_string}"},"query-input":"required name=search_term_string"}],"inLanguage":"hu"}]}},"_links":{"self":[{"href":"https:\/\/business.roovi.com\/hu\/wp-json\/wp\/v2\/product\/40171","targetHints":{"allow":["GET"]}}],"collection":[{"href":"https:\/\/business.roovi.com\/hu\/wp-json\/wp\/v2\/product"}],"about":[{"href":"https:\/\/business.roovi.com\/hu\/wp-json\/wp\/v2\/types\/product"}],"version-history":[{"count":0,"href":"https:\/\/business.roovi.com\/hu\/wp-json\/wp\/v2\/product\/40171\/revisions"}],"wp:featuredmedia":[{"embeddable":true,"href":"https:\/\/business.roovi.com\/hu\/wp-json\/wp\/v2\/media\/36711"}],"wp:attachment":[{"href":"https:\/\/business.roovi.com\/hu\/wp-json\/wp\/v2\/media?parent=40171"}],"wp:term":[{"taxonomy":"product_brand","embeddable":true,"href":"https:\/\/business.roovi.com\/hu\/wp-json\/wp\/v2\/product_brand?post=40171"},{"taxonomy":"product_cat","embeddable":true,"href":"https:\/\/business.roovi.com\/hu\/wp-json\/wp\/v2\/product_cat?post=40171"},{"taxonomy":"product_tag","embeddable":true,"href":"https:\/\/business.roovi.com\/hu\/wp-json\/wp\/v2\/product_tag?post=40171"}],"curies":[{"name":"wp","href":"https:\/\/api.w.org\/{rel}","templated":true}]}}