{"id":40175,"date":"2018-09-06T08:58:10","date_gmt":"2018-09-06T08:58:10","guid":{"rendered":"https:\/\/business.roovi.com\/puzzle-adulti-1000-piese-cal-murg\/p\/"},"modified":"2022-10-25T11:14:22","modified_gmt":"2022-10-25T11:14:22","slug":"felnott-puzzle-1000-darab-cal-murg","status":"publish","type":"product","link":"https:\/\/business.roovi.com\/hu\/felnott-puzzle-1000-darab-cal-murg\/p\/","title":{"rendered":"Feln\u0151tt puzzle 1000 darab Cal murg"},"content":{"rendered":"<p><strong><em>Szenved\u00e9lyesen szereted a kirak\u00f3s j\u00e1t\u00e9kokat, \u00e9s a term\u00e9szetben meg\u00f6r\u00f6k\u00edtett \u00e1llatok klasszikus k\u00e9peit kedveled? Rakd \u00f6ssze az 1000 darabos Cal murg puzzle-t, \u00e9s kapj egy leny\u0171g\u00f6z\u0151 k\u00e9pet, amely a teljes szabads\u00e1g \u00e9rz\u00e9s\u00e9t adja.<\/em><\/strong><\/p>\n<p><span style=\"font-weight: 400;\">Ha szeretn\u00e9l kikapcsol\u00f3dni a k\u00e9perny\u0151kt\u0151l, \u00e9s t\u00f6bb \u00f3r\u00e1nyi pihentet\u0151 sz\u00f3rakoz\u00e1st \u00e9lvezni, az 1000 darabos Cal murg puzzle t\u00f6k\u00e9letes v\u00e1laszt\u00e1s. Gyakorold a gyermekeidet is a kirak\u00f3s j\u00e1t\u00e9kban. Tudjon meg m\u00e9g t\u00f6bb \u00e9rdekes t\u00e9nyt err\u0151l a nemes \u00e1llatr\u00f3l, \u00e9s m\u00e1ris megvan az ide\u00e1lis recept egy csod\u00e1latos d\u00e9lut\u00e1nhoz, amelyet az eg\u00e9sz csal\u00e1ddal egy\u00fctt \u00e9lvezhet.<\/span><\/p>\n<p><span style=\"font-weight: 400;\">Amikor h\u00e1trad\u0151lsz, \u00e9s keresed a megfelel\u0151 darabokat, hogy az 1000 puzzle k\u00e9p\u00e9t kieg\u00e9sz\u00edtsd, lehet\u0151s\u00e9ged ny\u00edlik a kommunik\u00e1ci\u00f3ra \u00e9s egym\u00e1s jobb megismer\u00e9s\u00e9re. A nyugodt \u00e9s pihentet\u0151 pillanatokban a gyerekek biztons\u00e1gban \u00e9rzik magukat, \u00e9s olyan gondolatokat \u00e9s \u00e9rz\u00e9seket is megoszthatnak \u00f6nnel, amelyeket egy\u00e9bk\u00e9nt nem sz\u00edvesen t\u00e1rn\u00e1nak fel <\/span><\/p>\n<p><span style=\"font-weight: 400;\">V\u00e1lassza teh\u00e1t a Cal murg 1000 darabos puzzle-t, \u00e9s \u00e9lvezze a csod\u00e1latos kreat\u00edv \u00e9lm\u00e9nyt szeretteivel, vagy amikor egy kis sz\u00fcnetet szeretne tartani a mindennapokban. Egy hagyom\u00e1nyos doh\u00e1nyz\u00f3asztal is elegend\u0151 a darabok al\u00e1t\u00e1maszt\u00e1s\u00e1ra. A v\u00e9gleges festm\u00e9ny m\u00e9rete <strong>47 x 68 cm<\/strong>, \u00e9s eredeti dekor\u00e1ci\u00f3v\u00e1 alak\u00edthat\u00f3.<\/span><\/p>\n<p><strong>Mi\u00e9rt k\u00fcl\u00f6nleges feln\u0151tt puzzle 1000 darab Cal murg?<\/strong><\/p>\n<p><span style=\"font-weight: 400;\">A gy\u00f6ny\u00f6r\u0171 k\u00e9p a nyugalom \u00e9s a pihen\u00e9s \u00e1llapot\u00e1t id\u00e9zi el\u0151.<\/span><\/p>\n<p><span style=\"font-weight: 400;\">Ez egy nagyszer\u0171 kikapcsol\u00f3d\u00e1si m\u00f3d.<\/span><\/p>\n<p><span style=\"font-weight: 400;\">A kirak\u00f3s j\u00e1t\u00e9k seg\u00edt a mem\u00f3ria fejleszt\u00e9s\u00e9ben.<\/span><\/p>\n<p><span style=\"font-weight: 400;\">Serkenti a dopamin, az \u00fagynevezett boldogs\u00e1ghormon kiv\u00e1laszt\u00e1s\u00e1t.<\/span><\/p>\n<p><span style=\"font-weight: 400;\">A darabok kiv\u00e1l\u00f3 min\u0151s\u00e9g\u0171 k\u00e9k kartonb\u00f3l k\u00e9sz\u00fcltek, tart\u00f3sak \u00e9s minden egyes \u00f6ssze\u00e1ll\u00edt\u00e1sn\u00e1l t\u00f6k\u00e9letesen illeszkednek egym\u00e1shoz <\/span><\/p>\n<p><span style=\"font-weight: 400;\">K\u00f6rnyezetbar\u00e1t, mivel \u00fajrahasznos\u00edthat\u00f3 \u00e9s fenntarthat\u00f3 anyagokb\u00f3l k\u00e9sz\u00fcl.<\/span><\/p>\n<p><span style=\"font-weight: 400;\">A fel\u00fclet f\u00e9lig f\u00e9nyes, kellemes sz\u00ednekben, amelyek kiemelik a k\u00e9p tisztas\u00e1g\u00e1t.<\/span><\/p>\n<p><span style=\"font-weight: 400;\">14 \u00e9ven fel\u00fcliek sz\u00e1m\u00e1ra alkalmas, egy lehet\u0151s\u00e9g a szabadid\u0151 elt\u00f6lt\u00e9s\u00e9re a tin\u00e9dzserekkel.<\/span><\/p>\n<p><strong>Tudtad, hogy..<\/strong><\/p>\n<p><span style=\"font-weight: 400;\">A l\u00f3 \u0151se az \u00fagynevezett <\/span><em><span style=\"font-weight: 400;\">Eohippus <\/span><\/em><span style=\"font-weight: 400;\">\u00e9s t\u00f6bb mint 50 milli\u00f3 \u00e9vvel ezel\u0151tt \u00e9lt.<\/span><\/p>\n<p><span style=\"font-weight: 400;\">Az eml\u0151s\u00f6k k\u00f6z\u00fcl a lovak rendelkeznek a legsz\u00e9lesebb, 360 fokos l\u00e1t\u00f3mez\u0151vel.<\/span><\/p>\n<p><span style=\"font-weight: 400;\">Az eml\u0151s\u00f6k k\u00f6z\u00fcl a lovaknak van a legnagyobb szem\u00fck. \u00c1tm\u00e9r\u0151j\u00fck k\u00f6r\u00fclbel\u00fcl 5 cm. T\u00e9rfogatukat tekintve 9-szer nagyobbak, mint az emberi szemek.<\/span><\/p>\n<p><span style=\"font-weight: 400;\">A lovak az\u00e9rt emelik fel a fels\u0151 ajkukat, hogy megk\u00fcl\u00f6nb\u00f6ztessenek egy adott illatot, \u00e9s nem az\u00e9rt, hogy mosolyogjanak.<\/span><\/p>\n<p><span style=\"font-weight: 400;\">Egy l\u00f3 m\u00e1r \u00f3r\u00e1kkal a sz\u00fclet\u00e9se ut\u00e1n k\u00e9pes futni.<\/span><\/p>\n<p><span style=\"font-weight: 400;\">A lovaknak 10 f\u00e9le izomzat van a f\u00fcl\u00fckben, ez\u00e9rt k\u00e9pesek 180 fokban elford\u00edtani \u0151ket.<\/span><\/p>\n<p><strong>1000 darabos puzzle Horse Murg &#8211; egy csod\u00e1latos szabadid\u0151s tev\u00e9kenys\u00e9g<\/strong><\/p>\n<p><span style=\"font-weight: 400;\">Ha l\u00e1tod ezt a nemes \u00e1llatot, amint \u00e9lvezi a szabads\u00e1got, az az \u00e9rz\u00e9sed t\u00e1mad, hogy te magad is szabad szellem vagy. Minden egyes darab a hely\u00e9re ker\u00fclve n\u00f6veli az \u00f6nbizalm\u00e1t, \u00e9s \u00fagy \u00e9rzi, hogy minden kit\u0171z\u00f6tt c\u00e9l el\u00e9rhet\u0151, ha kitart\u00f3 \u00e9s hisz mag\u00e1ban.<\/span><\/p>\n<p><span style=\"font-weight: 400;\">Ak\u00e1r egyed\u00fcl, ak\u00e1r a csal\u00e1d \u00e9s a bar\u00e1tok t\u00e1rsas\u00e1g\u00e1ban szeretn\u00e9 \u00fajj\u00e1var\u00e1zsolni az arculat\u00e1t, <\/span><span style=\"font-weight: 400;\">az 1000 darabos feln\u0151tt puzzle Cal murg egy olyan kirak\u00f3s j\u00e1t\u00e9k, amelyet mindig k\u00e9zn\u00e9l kell tartanod. Kih\u00edvja az elm\u00e9t, \u00e9s ak\u00e1r 30 \u00f3r\u00e1nyi sz\u00f3rakoz\u00e1st \u00e9s kikapcsol\u00f3d\u00e1st biztos\u00edt.<\/span><\/p>\n<p><span style=\"font-weight: 400;\">A Cal murg 1000 darabos kirak\u00f3st is v\u00e1laszthatja, hogy \u00fcnnepekre vagy sz\u00fclet\u00e9snapokra aj\u00e1nd\u00e9kozza puzzle-kedvel\u0151 bar\u00e1tainak.<\/span><\/p>\n","protected":false},"excerpt":{"rendered":"<p>Szenved\u00e9lyesen szereted a kirak\u00f3s j\u00e1t\u00e9kokat, \u00e9s a term\u00e9szetben meg\u00f6r\u00f6k\u00edtett \u00e1llatok klasszikus k\u00e9peit kedveled? Rakd \u00f6ssze az 1000 darabos Cal murg<\/p>\n","protected":false},"featured_media":60033,"template":"","meta":[],"product_brand":[],"product_cat":[1920,1919,1881],"product_tag":[],"class_list":{"0":"post-40175","1":"product","2":"type-product","3":"status-publish","4":"has-post-thumbnail","6":"product_cat-1000-darabos-kirakos-jatek","7":"product_cat-felnott-kirakos-jatekok","8":"product_cat-kirakos-jatekok","9":"pa_brand-d_toys-hu","10":"pa_country_of_manufacture-ro-hu","11":"pa_filter_age-14-hu","12":"pa_painter-lovak","13":"pa_tip_ambalaj-doboz","14":"pa_tip_puzzle-klasszikus","16":"first","17":"instock","18":"taxable","19":"shipping-taxable","20":"product-type-simple"},"yoast_head":"<!-- This site is optimized with the Yoast SEO plugin v20.1 - https:\/\/yoast.com\/wordpress\/plugins\/seo\/ -->\n<title>Feln\u0151tt puzzle 1000 darab Cal murg<\/title>\n<meta name=\"description\" content=\"Feln\u0151tt puzzle 1000 darab Cal murg\" \/>\n<meta name=\"robots\" content=\"index, follow, max-snippet:-1, max-image-preview:large, max-video-preview:-1\" \/>\n<link rel=\"canonical\" href=\"https:\/\/business.roovi.com\/hu\/felnott-puzzle-1000-darab-cal-murg\/p\/\" \/>\n<meta property=\"og:locale\" content=\"hu_HU\" \/>\n<meta property=\"og:type\" content=\"article\" \/>\n<meta property=\"og:title\" content=\"Feln\u0151tt puzzle 1000 darab Cal murg\" \/>\n<meta property=\"og:description\" content=\"Feln\u0151tt puzzle 1000 darab Cal murg\" \/>\n<meta property=\"og:url\" content=\"https:\/\/business.roovi.com\/hu\/felnott-puzzle-1000-darab-cal-murg\/p\/\" \/>\n<meta property=\"og:site_name\" content=\"Roovi B2B\" \/>\n<meta property=\"article:publisher\" content=\"https:\/\/www.facebook.com\/wwwjucariero\" \/>\n<meta property=\"article:modified_time\" content=\"2022-10-25T11:14:22+00:00\" \/>\n<meta property=\"og:image\" content=\"https:\/\/business.roovi.com\/wp-content\/uploads\/2018\/09\/65988-04-Ansamblu_dimensiuni-cutie-cm_orizontal-3.png\" \/>\n\t<meta property=\"og:image:width\" content=\"1200\" \/>\n\t<meta property=\"og:image:height\" content=\"1200\" \/>\n\t<meta property=\"og:image:type\" content=\"image\/png\" \/>\n<meta name=\"twitter:label1\" content=\"Becs\u00fclt olvas\u00e1si id\u0151\" \/>\n\t<meta name=\"twitter:data1\" content=\"3 perc\" \/>\n<script type=\"application\/ld+json\" class=\"yoast-schema-graph\">{\"@context\":\"https:\/\/schema.org\",\"@graph\":[{\"@type\":\"WebPage\",\"@id\":\"https:\/\/business.roovi.com\/hu\/felnott-puzzle-1000-darab-cal-murg\/p\/\",\"url\":\"https:\/\/business.roovi.com\/hu\/felnott-puzzle-1000-darab-cal-murg\/p\/\",\"name\":\"Feln\u0151tt puzzle 1000 darab Cal murg\",\"isPartOf\":{\"@id\":\"https:\/\/business.roovi.com\/hu\/#website\"},\"datePublished\":\"2018-09-06T08:58:10+00:00\",\"dateModified\":\"2022-10-25T11:14:22+00:00\",\"description\":\"Feln\u0151tt puzzle 1000 darab Cal murg\",\"breadcrumb\":{\"@id\":\"https:\/\/business.roovi.com\/hu\/felnott-puzzle-1000-darab-cal-murg\/p\/#breadcrumb\"},\"inLanguage\":\"hu\",\"potentialAction\":[{\"@type\":\"ReadAction\",\"target\":[\"https:\/\/business.roovi.com\/hu\/felnott-puzzle-1000-darab-cal-murg\/p\/\"]}]},{\"@type\":\"BreadcrumbList\",\"@id\":\"https:\/\/business.roovi.com\/hu\/felnott-puzzle-1000-darab-cal-murg\/p\/#breadcrumb\",\"itemListElement\":[{\"@type\":\"ListItem\",\"position\":1,\"name\":\"Home\",\"item\":\"https:\/\/business.roovi.com\/hu\/\"},{\"@type\":\"ListItem\",\"position\":2,\"name\":\"Shop\",\"item\":\"https:\/\/business.roovi.com\/hu\/shop\/\"},{\"@type\":\"ListItem\",\"position\":3,\"name\":\"Feln\u0151tt puzzle 1000 darab Cal murg\"}]},{\"@type\":\"WebSite\",\"@id\":\"https:\/\/business.roovi.com\/hu\/#website\",\"url\":\"https:\/\/business.roovi.com\/hu\/\",\"name\":\"Roovi B2B\",\"description\":\"Roovi Business Website\",\"potentialAction\":[{\"@type\":\"SearchAction\",\"target\":{\"@type\":\"EntryPoint\",\"urlTemplate\":\"https:\/\/business.roovi.com\/hu\/?s={search_term_string}\"},\"query-input\":\"required name=search_term_string\"}],\"inLanguage\":\"hu\"}]}<\/script>\n<!-- \/ Yoast SEO plugin. -->","yoast_head_json":{"title":"Feln\u0151tt puzzle 1000 darab Cal murg","description":"Feln\u0151tt puzzle 1000 darab Cal murg","robots":{"index":"index","follow":"follow","max-snippet":"max-snippet:-1","max-image-preview":"max-image-preview:large","max-video-preview":"max-video-preview:-1"},"canonical":"https:\/\/business.roovi.com\/hu\/felnott-puzzle-1000-darab-cal-murg\/p\/","og_locale":"hu_HU","og_type":"article","og_title":"Feln\u0151tt puzzle 1000 darab Cal murg","og_description":"Feln\u0151tt puzzle 1000 darab Cal murg","og_url":"https:\/\/business.roovi.com\/hu\/felnott-puzzle-1000-darab-cal-murg\/p\/","og_site_name":"Roovi B2B","article_publisher":"https:\/\/www.facebook.com\/wwwjucariero","article_modified_time":"2022-10-25T11:14:22+00:00","og_image":[{"width":1200,"height":1200,"url":"https:\/\/business.roovi.com\/wp-content\/uploads\/2018\/09\/65988-04-Ansamblu_dimensiuni-cutie-cm_orizontal-3.png","type":"image\/png"}],"twitter_misc":{"Becs\u00fclt olvas\u00e1si id\u0151":"3 perc"},"schema":{"@context":"https:\/\/schema.org","@graph":[{"@type":"WebPage","@id":"https:\/\/business.roovi.com\/hu\/felnott-puzzle-1000-darab-cal-murg\/p\/","url":"https:\/\/business.roovi.com\/hu\/felnott-puzzle-1000-darab-cal-murg\/p\/","name":"Feln\u0151tt puzzle 1000 darab Cal murg","isPartOf":{"@id":"https:\/\/business.roovi.com\/hu\/#website"},"datePublished":"2018-09-06T08:58:10+00:00","dateModified":"2022-10-25T11:14:22+00:00","description":"Feln\u0151tt puzzle 1000 darab Cal murg","breadcrumb":{"@id":"https:\/\/business.roovi.com\/hu\/felnott-puzzle-1000-darab-cal-murg\/p\/#breadcrumb"},"inLanguage":"hu","potentialAction":[{"@type":"ReadAction","target":["https:\/\/business.roovi.com\/hu\/felnott-puzzle-1000-darab-cal-murg\/p\/"]}]},{"@type":"BreadcrumbList","@id":"https:\/\/business.roovi.com\/hu\/felnott-puzzle-1000-darab-cal-murg\/p\/#breadcrumb","itemListElement":[{"@type":"ListItem","position":1,"name":"Home","item":"https:\/\/business.roovi.com\/hu\/"},{"@type":"ListItem","position":2,"name":"Shop","item":"https:\/\/business.roovi.com\/hu\/shop\/"},{"@type":"ListItem","position":3,"name":"Feln\u0151tt puzzle 1000 darab Cal murg"}]},{"@type":"WebSite","@id":"https:\/\/business.roovi.com\/hu\/#website","url":"https:\/\/business.roovi.com\/hu\/","name":"Roovi B2B","description":"Roovi Business Website","potentialAction":[{"@type":"SearchAction","target":{"@type":"EntryPoint","urlTemplate":"https:\/\/business.roovi.com\/hu\/?s={search_term_string}"},"query-input":"required name=search_term_string"}],"inLanguage":"hu"}]}},"_links":{"self":[{"href":"https:\/\/business.roovi.com\/hu\/wp-json\/wp\/v2\/product\/40175","targetHints":{"allow":["GET"]}}],"collection":[{"href":"https:\/\/business.roovi.com\/hu\/wp-json\/wp\/v2\/product"}],"about":[{"href":"https:\/\/business.roovi.com\/hu\/wp-json\/wp\/v2\/types\/product"}],"version-history":[{"count":0,"href":"https:\/\/business.roovi.com\/hu\/wp-json\/wp\/v2\/product\/40175\/revisions"}],"wp:featuredmedia":[{"embeddable":true,"href":"https:\/\/business.roovi.com\/hu\/wp-json\/wp\/v2\/media\/60033"}],"wp:attachment":[{"href":"https:\/\/business.roovi.com\/hu\/wp-json\/wp\/v2\/media?parent=40175"}],"wp:term":[{"taxonomy":"product_brand","embeddable":true,"href":"https:\/\/business.roovi.com\/hu\/wp-json\/wp\/v2\/product_brand?post=40175"},{"taxonomy":"product_cat","embeddable":true,"href":"https:\/\/business.roovi.com\/hu\/wp-json\/wp\/v2\/product_cat?post=40175"},{"taxonomy":"product_tag","embeddable":true,"href":"https:\/\/business.roovi.com\/hu\/wp-json\/wp\/v2\/product_tag?post=40175"}],"curies":[{"name":"wp","href":"https:\/\/api.w.org\/{rel}","templated":true}]}}