{"id":40187,"date":"2018-09-06T08:24:18","date_gmt":"2018-09-06T08:24:18","guid":{"rendered":"https:\/\/business.roovi.com\/puzzle-adulti-1000-piese-peisaje-de-noapte-hagia-sophia-turcia\/p\/"},"modified":"2022-07-06T14:34:15","modified_gmt":"2022-07-06T14:34:15","slug":"felnott-1000-darab-ejszakai-tajak-puzzle-hagia-sophia-torokorszag","status":"publish","type":"product","link":"https:\/\/business.roovi.com\/hu\/felnott-1000-darab-ejszakai-tajak-puzzle-hagia-sophia-torokorszag\/p\/","title":{"rendered":"Feln\u0151tt 1000 darab \u00c9jszakai t\u00e1jak puzzle &#8211; Hagia Sophia, T\u00f6r\u00f6korsz\u00e1g"},"content":{"rendered":"<p><em><strong>\u00d6n egy kirak\u00f3s mester? Kih\u00edvunk t\u00e9ged, hogy befejezd a teljes Night Landscapes 1000 darabos kirak\u00f3s gy\u0171jtem\u00e9nyt, amely leny\u0171g\u00f6z\u0151 k\u00e9peket tartalmaz vil\u00e1gh\u00edr\u0171 l\u00e1tnival\u00f3kr\u00f3l.<\/strong><\/em><\/p>\n<p><span style=\"font-weight: 400\">1000 darabos puzzle <\/span><span style=\"font-weight: 400\">A Hagia Sophia kieg\u00e9sz\u00edti a gy\u0171jtem\u00e9nyt <\/span><em><span style=\"font-weight: 400\">\u00c9jszakai t\u00e1jak <\/span><\/em><span style=\"font-weight: 400\">\u00e9s kifog\u00e1stalan k\u00e9pet ad a h\u00edres isztambuli nevezetess\u00e9gr\u0151l.<\/span><\/p>\n<p><span style=\"font-weight: 400\">A Hagia Sophia a Biz\u00e1nci \u00e9s az Oszm\u00e1n Birodalmat egyar\u00e1nt k\u00e9pvisel\u0151 m\u0171eml\u00e9k. Az el\u0151bb templom, majd mecset, k\u00e9s\u0151bb pedig m\u00fazeum, a Hagia Sophia minden id\u0151k \u00e9rt\u00e9kes \u00e9p\u00edt\u00e9szeti \u00e9kk\u00f6ve. Monolitikus m\u00e1rv\u00e1nyoszlopai, ritka mozaikjai \u00e9s l\u00e9legzetel\u00e1ll\u00edt\u00f3 kupol\u00e1ja csak n\u00e9h\u00e1ny azok k\u00f6z\u00fcl az elemek k\u00f6z\u00fcl, amelyek egyediv\u00e9 teszik, \u00e9s \u00e9vente t\u00f6bb milli\u00f3 l\u00e1togat\u00f3t vonzanak <\/span><\/p>\n<p><span style=\"font-weight: 400\">A Hagia Sophia 1000 darabos kirak\u00f3j\u00e1t\u00e9kkal lehet\u0151s\u00e9ge ny\u00edlik felfedezni \u00e9s megcsod\u00e1lni a t\u00f6rt\u00e9nelemmel \u00e9s szimbolik\u00e1val \u00e1titatott, leny\u0171g\u00f6z\u0151 m\u0171eml\u00e9k pomp\u00e1j\u00e1t. Az 1000 puzzle-darab kiv\u00e1l\u00f3 min\u0151s\u00e9g\u0171 kartonb\u00f3l k\u00e9sz\u00fclt, prec\u00edzen v\u00e1gott \u00e9s t\u00f6k\u00e9letesen illeszkedik egym\u00e1shoz, \u00edgy a k\u00e9p tiszt\u00e1n marad. Az \u00edgy kapott k\u00e9pet elhelyezheti a keretben. B\u00e1rhol is \u00e1ll\u00edtsa ki, leny\u0171g\u00f6z\u0151en fog kin\u00e9zni.<\/span><\/p>\n<p><strong>Mi\u00e9rt v\u00e1lassza az 1000 darabos Nightscapes &#8211; Hagia Sophia puzzle-t?<\/strong><\/p>\n<p><span style=\"font-weight: 400\">Egy gy\u00f6ny\u00f6r\u0171, 68 x 47 cm-es festm\u00e9nyt kapsz a h\u00edres Hagia Sophi\u00e1r\u00f3l, amelyet az esti \u00f3r\u00e1kban \u00f6r\u00f6k\u00edtettek meg.<\/span><\/p>\n<p><span style=\"font-weight: 400\">Ezt a festm\u00e9nyt dekor\u00e1ci\u00f3s c\u00e9lokra haszn\u00e1lhatja, hogy otthon\u00e1t d\u00edsz\u00edtse.<\/span><\/p>\n<p><span style=\"font-weight: 400\">F\u00e9lf\u00e9nyes fel\u00fclet\u0171, kellemes sz\u00ednekben, amelyek kiemelik a k\u00e9p min\u0151s\u00e9g\u00e9t.<\/span><\/p>\n<p><span style=\"font-weight: 400\">Kiv\u00e1l\u00f3 min\u0151s\u00e9g\u0171 k\u00e9k kartonb\u00f3l k\u00e9sz\u00fclt, ami ellen\u00e1ll\u00f3v\u00e1 teszi a t\u00f6bbsz\u00f6ri \u00f6sszeszerel\u00e9ssel szemben.<\/span><\/p>\n<p><span style=\"font-weight: 400\">Az 1000 darabos puzzle k\u00e9sz\u00edt\u00e9s\u00e9hez felhaszn\u00e1lt anyagok fenntarthat\u00f3ak \u00e9s \u00fajrahasznos\u00edthat\u00f3k.<\/span><\/p>\n<p><span style=\"font-weight: 400\">14 \u00e9ves kor felett alkalmas, \u00e9s egyed\u00fcl\u00e1ll\u00f3 lehet\u0151s\u00e9g lehet arra, hogy min\u0151s\u00e9gi id\u0151t t\u00f6lts\u00f6n a tin\u00e9dzserekkel.<\/span><\/p>\n<p><span style=\"font-weight: 400\">Seg\u00edt enyh\u00edteni a stresszt \u00e9s elvonatkoztatni a mindennapi probl\u00e9m\u00e1kt\u00f3l.<\/span><\/p>\n<p><span style=\"font-weight: 400\">Az 1000 darabos puzzle pihentet\u0151 m\u00f3dja a vil\u00e1gh\u00edr\u0171 l\u00e1tnival\u00f3k egyedis\u00e9g\u00e9nek \u00e9s nagys\u00e1g\u00e1nak felfedez\u00e9s\u00e9nek.<\/span><\/p>\n<p><span style=\"font-weight: 400\">Az \u00c9jszakai t\u00e1jak kollekci\u00f3b\u00f3l sz\u00e1rmaz\u00f3 Hagia Sophia 1000 darabos kirak\u00f3s j\u00e1t\u00e9kkal r\u00e1ad\u00e1sul a mindennapi tev\u00e9kenys\u00e9geidhez sz\u00fcks\u00e9ges k\u00e9szs\u00e9geket fejlesztheted:<\/span><\/p>\n<ul>\n<li><span style=\"font-weight: 400\">Figyelem a r\u00e9szletekre<\/span><\/li>\n<li><span style=\"font-weight: 400\">T\u00fcrelem<\/span><\/li>\n<li><span style=\"font-weight: 400\">Kitart\u00e1s<\/span><\/li>\n<li><span style=\"font-weight: 400\">Koordin\u00e1ci\u00f3<\/span><\/li>\n<li><span style=\"font-weight: 400\">Mem\u00f3ria.<\/span><\/li>\n<\/ul>\n<p><strong>Mit mondanak a legend\u00e1k a Hagia Sophi\u00e1r\u00f3l?<\/strong><\/p>\n<p><strong>Egy hely gy\u00f3gy\u00edt\u00f3 er\u0151vel<\/strong><\/p>\n<p><span style=\"font-weight: 400\">Az eml\u00e9km\u0171 107 impoz\u00e1ns oszlop\u00e1nak egyik\u00e9t \u00fagy ismerik, mint a <\/span><em><span style=\"font-weight: 400\">&#8222;az izzad\u00f3 oszlop<\/span><\/em><span style=\"font-weight: 400\">&#8222;. Az alj\u00e1n van egy \u00fcreg, amely nedves tapint\u00e1s\u00fa. Azt mondj\u00e1k, hogy ennek a helynek az \u00e9rint\u00e9se b\u00e1rmilyen betegs\u00e9gb\u0151l meggy\u00f3gy\u00edt.<\/span><\/p>\n<p><strong><em>Salamon, legy\u0151ztelek!<\/em><\/strong><\/p>\n<p><span style=\"font-weight: 400\">I. Justinianus cs\u00e1sz\u00e1rnak nagy \u00e1lma volt, hogy olyan impoz\u00e1ns templomot \u00e9p\u00edtsen, amilyen nincs m\u00e9g egy a vil\u00e1gon. A kor legk\u00e9pzettebb \u00e9p\u00edt\u00e9szeinek \u00e9s a leg\u00e9rt\u00e9kesebb anyagoknak a kiv\u00e1laszt\u00e1sa, \u00e9s <\/span><em><span style=\"font-weight: 400\">Aya Sophia <\/span><\/em><span style=\"font-weight: 400\">k\u00f6r\u00fclbel\u00fcl 6 \u00e9v alatt k\u00e9sz\u00fclt el. Azt mondj\u00e1k, hogy az els\u0151 istentiszteleten, 537-ben, az els\u00f6pr\u0151 pomp\u00e1j\u00fa \u00e9s gazdags\u00e1g\u00fa templomban a cs\u00e1sz\u00e1r felki\u00e1ltott <\/span><em><span style=\"font-weight: 400\">Salamon, legy\u0151ztelek!<\/span><\/em><\/p>\n<p><strong>XI. Konstantin cs\u00e1sz\u00e1r elt\u0171n\u00e9s\u00e9nek legend\u00e1ja<\/strong><\/p>\n<p><span style=\"font-weight: 400\">A t\u00f6rt\u00e9nelmi oldalak szerint Konstantin\u00e1poly elestekor XI. Konstantin cs\u00e1sz\u00e1rt a t\u00f6r\u00f6k\u00f6k meg\u00f6lt\u00e9k. De a legenda szerint \u0151, megsebes\u00fclve, a templomban keresett mened\u00e9ket k\u00e9t pappal, akik a J\u00e9zus-kelyhet \u00e9s a Tava anafur\u00e1val egy\u00fctt vitt\u00e9k el. A keleti fal megny\u00edlt, egy angyal leereszkedett, \u00e9s mindannyiukat beh\u00fazta, k\u0151szobrokk\u00e1 v\u00e1ltoztatva \u0151ket. A helybeliek sok\u00e1ig im\u00e1dkoztak, hogy a kir\u00e1ly \u00fajra \u00e9letre keljen, \u00e9s megszabad\u00edtsa \u0151ket a betolakod\u00f3kt\u00f3l, de k\u00edv\u00e1ns\u00e1guk nem teljes\u00fclt.<\/span><\/p>\n<p><strong>1000 darabos kirak\u00f3s Hagia Sophia &#8211; lehet\u0151s\u00e9g a kikapcsol\u00f3d\u00e1sra \u00e9s medit\u00e1ci\u00f3ra<\/strong><\/p>\n<p><span style=\"font-weight: 400\">\u00dagy \u00e9rzi, hogy t\u00falterhelik a mindennapi gondolatok \u00e9s probl\u00e9m\u00e1k? Gondoljon n\u00e9h\u00e1ny \u00f3r\u00e1nyi kikapcsol\u00f3d\u00e1sra egy gy\u00f6ny\u00f6r\u0171en megtervezett 1000 darabos puzzle t\u00e1rsas\u00e1g\u00e1ban. Ha egyszer elkezded \u00f6sszerakni, nem hagyhatod abba, am\u00edg be nem fejezed. Leveszi a nyom\u00e1st az elm\u00e9dr\u0151l, ellaz\u00edtja az \u00e9rz\u00e9keidet, \u00e9s megnyitja az elm\u00e9d szem\u00e9t, hogy elk\u00e9pzelhesd magad azon a helyen, amit 1000 puzzle-darabb\u00f3l \u00f6ssze\u00e1ll\u00edtasz.<\/span><\/p>\n<p><span style=\"font-weight: 400\">Egyed\u00fcl\u00e1ll\u00f3 \u00e9lm\u00e9nyt \u00e9lsz \u00e1t. Elszak\u00edt\u00f3, kreat\u00edv \u00e9s addikt\u00edv, \u00e9s \u00fajra \u00e9s \u00fajra \u00e1t akarod majd \u00e9lni. Ha szeretne n\u00e9h\u00e1ny \u00f3r\u00e1t elt\u00f6lteni szeretteivel, haszn\u00e1lja a Hagia Sophia 1000 darabos kirak\u00f3j\u00e1t a t\u00e1rsalg\u00e1s \u00fcr\u00fcgy\u00e9\u00fcl. Ez egy nagyszer\u0171 m\u00f3dja a sz\u00f3rakoz\u00e1snak, de egyben egym\u00e1s megismer\u00e9s\u00e9nek \u00e9s a kapcsolatok er\u0151s\u00edt\u00e9s\u00e9nek is.<\/span><\/p>\n<p><span style=\"font-weight: 400\">V\u00e1s\u00e1rolja meg a Hagia Sophia 1000 darabos puzzle-t az \u00c9jszakai t\u00e1jak kollekci\u00f3b\u00f3l a sz\u00f3rakoz\u00e1shoz vagy a meditat\u00edv pillanatokhoz. Ez a k\u00fcl\u00f6nleges kirak\u00f3s j\u00e1t\u00e9k nagyszer\u0171 \u00fcnnepi vagy \u00e9vfordul\u00f3s aj\u00e1nd\u00e9k lehet a feln\u0151tteknek sz\u00f3l\u00f3 kirak\u00f3s j\u00e1t\u00e9kok szerelmeseinek.<\/span><\/p><\/p>\n","protected":false},"excerpt":{"rendered":"<p>\u00d6n egy kirak\u00f3s mester? Kih\u00edvunk t\u00e9ged, hogy befejezd a teljes Night Landscapes 1000 darabos kirak\u00f3s gy\u0171jtem\u00e9nyt, amely leny\u0171g\u00f6z\u0151 k\u00e9peket tartalmaz<\/p>\n","protected":false},"featured_media":36679,"template":"","meta":[],"product_brand":[],"product_cat":[1920,1919,1881],"product_tag":[],"class_list":{"0":"post-40187","1":"product","2":"type-product","3":"status-publish","4":"has-post-thumbnail","6":"product_cat-1000-darabos-kirakos-jatek","7":"product_cat-felnott-kirakos-jatekok","8":"product_cat-kirakos-jatekok","9":"pa_brand-d_toys-hu","10":"pa_country_of_manufacture-ro-hu","11":"pa_filter_age-14-hu","12":"pa_painter-night-landscapes-hu","13":"pa_tip_ambalaj-doboz","14":"pa_tip_puzzle-klasszikus","16":"first","17":"instock","18":"taxable","19":"shipping-taxable","20":"product-type-simple"},"yoast_head":"<!-- This site is optimized with the Yoast SEO plugin v20.1 - https:\/\/yoast.com\/wordpress\/plugins\/seo\/ -->\n<title>Feln\u0151tt 1000 darab \u00c9jszakai t\u00e1jak puzzle - Hagia Sophia, T\u00f6r\u00f6korsz\u00e1g<\/title>\n<meta name=\"description\" content=\"Feln\u0151tt 1000 darab \u00c9jszakai t\u00e1jak puzzle - Hagia Sophia, T\u00f6r\u00f6korsz\u00e1g\" \/>\n<meta name=\"robots\" content=\"index, follow, max-snippet:-1, max-image-preview:large, max-video-preview:-1\" \/>\n<link rel=\"canonical\" href=\"https:\/\/business.roovi.com\/hu\/felnott-1000-darab-ejszakai-tajak-puzzle-hagia-sophia-torokorszag\/p\/\" \/>\n<meta property=\"og:locale\" content=\"hu_HU\" \/>\n<meta property=\"og:type\" content=\"article\" \/>\n<meta property=\"og:title\" content=\"Feln\u0151tt 1000 darab \u00c9jszakai t\u00e1jak puzzle - Hagia Sophia, T\u00f6r\u00f6korsz\u00e1g\" \/>\n<meta property=\"og:description\" content=\"Feln\u0151tt 1000 darab \u00c9jszakai t\u00e1jak puzzle - Hagia Sophia, T\u00f6r\u00f6korsz\u00e1g\" \/>\n<meta property=\"og:url\" content=\"https:\/\/business.roovi.com\/hu\/felnott-1000-darab-ejszakai-tajak-puzzle-hagia-sophia-torokorszag\/p\/\" \/>\n<meta property=\"og:site_name\" content=\"Roovi B2B\" \/>\n<meta property=\"article:publisher\" content=\"https:\/\/www.facebook.com\/wwwjucariero\" \/>\n<meta property=\"article:modified_time\" content=\"2022-07-06T14:34:15+00:00\" \/>\n<meta property=\"og:image\" content=\"https:\/\/business.roovi.com\/wp-content\/uploads\/2018\/09\/64301-11-ansamblu_dimensiuni-cutie-cm_orizontal.png\" \/>\n\t<meta property=\"og:image:width\" content=\"960\" \/>\n\t<meta property=\"og:image:height\" content=\"960\" \/>\n\t<meta property=\"og:image:type\" content=\"image\/png\" \/>\n<meta name=\"twitter:label1\" content=\"Becs\u00fclt olvas\u00e1si id\u0151\" \/>\n\t<meta name=\"twitter:data1\" content=\"5 perc\" \/>\n<script type=\"application\/ld+json\" class=\"yoast-schema-graph\">{\"@context\":\"https:\/\/schema.org\",\"@graph\":[{\"@type\":\"WebPage\",\"@id\":\"https:\/\/business.roovi.com\/hu\/felnott-1000-darab-ejszakai-tajak-puzzle-hagia-sophia-torokorszag\/p\/\",\"url\":\"https:\/\/business.roovi.com\/hu\/felnott-1000-darab-ejszakai-tajak-puzzle-hagia-sophia-torokorszag\/p\/\",\"name\":\"Feln\u0151tt 1000 darab \u00c9jszakai t\u00e1jak puzzle - Hagia Sophia, T\u00f6r\u00f6korsz\u00e1g\",\"isPartOf\":{\"@id\":\"https:\/\/business.roovi.com\/hu\/#website\"},\"datePublished\":\"2018-09-06T08:24:18+00:00\",\"dateModified\":\"2022-07-06T14:34:15+00:00\",\"description\":\"Feln\u0151tt 1000 darab \u00c9jszakai t\u00e1jak puzzle - Hagia Sophia, T\u00f6r\u00f6korsz\u00e1g\",\"breadcrumb\":{\"@id\":\"https:\/\/business.roovi.com\/hu\/felnott-1000-darab-ejszakai-tajak-puzzle-hagia-sophia-torokorszag\/p\/#breadcrumb\"},\"inLanguage\":\"hu\",\"potentialAction\":[{\"@type\":\"ReadAction\",\"target\":[\"https:\/\/business.roovi.com\/hu\/felnott-1000-darab-ejszakai-tajak-puzzle-hagia-sophia-torokorszag\/p\/\"]}]},{\"@type\":\"BreadcrumbList\",\"@id\":\"https:\/\/business.roovi.com\/hu\/felnott-1000-darab-ejszakai-tajak-puzzle-hagia-sophia-torokorszag\/p\/#breadcrumb\",\"itemListElement\":[{\"@type\":\"ListItem\",\"position\":1,\"name\":\"Home\",\"item\":\"https:\/\/business.roovi.com\/hu\/\"},{\"@type\":\"ListItem\",\"position\":2,\"name\":\"Shop\",\"item\":\"https:\/\/business.roovi.com\/hu\/shop\/\"},{\"@type\":\"ListItem\",\"position\":3,\"name\":\"Feln\u0151tt 1000 darab \u00c9jszakai t\u00e1jak puzzle &#8211; Hagia Sophia, T\u00f6r\u00f6korsz\u00e1g\"}]},{\"@type\":\"WebSite\",\"@id\":\"https:\/\/business.roovi.com\/hu\/#website\",\"url\":\"https:\/\/business.roovi.com\/hu\/\",\"name\":\"Roovi B2B\",\"description\":\"Roovi Business Website\",\"potentialAction\":[{\"@type\":\"SearchAction\",\"target\":{\"@type\":\"EntryPoint\",\"urlTemplate\":\"https:\/\/business.roovi.com\/hu\/?s={search_term_string}\"},\"query-input\":\"required name=search_term_string\"}],\"inLanguage\":\"hu\"}]}<\/script>\n<!-- \/ Yoast SEO plugin. -->","yoast_head_json":{"title":"Feln\u0151tt 1000 darab \u00c9jszakai t\u00e1jak puzzle - Hagia Sophia, T\u00f6r\u00f6korsz\u00e1g","description":"Feln\u0151tt 1000 darab \u00c9jszakai t\u00e1jak puzzle - Hagia Sophia, T\u00f6r\u00f6korsz\u00e1g","robots":{"index":"index","follow":"follow","max-snippet":"max-snippet:-1","max-image-preview":"max-image-preview:large","max-video-preview":"max-video-preview:-1"},"canonical":"https:\/\/business.roovi.com\/hu\/felnott-1000-darab-ejszakai-tajak-puzzle-hagia-sophia-torokorszag\/p\/","og_locale":"hu_HU","og_type":"article","og_title":"Feln\u0151tt 1000 darab \u00c9jszakai t\u00e1jak puzzle - Hagia Sophia, T\u00f6r\u00f6korsz\u00e1g","og_description":"Feln\u0151tt 1000 darab \u00c9jszakai t\u00e1jak puzzle - Hagia Sophia, T\u00f6r\u00f6korsz\u00e1g","og_url":"https:\/\/business.roovi.com\/hu\/felnott-1000-darab-ejszakai-tajak-puzzle-hagia-sophia-torokorszag\/p\/","og_site_name":"Roovi B2B","article_publisher":"https:\/\/www.facebook.com\/wwwjucariero","article_modified_time":"2022-07-06T14:34:15+00:00","og_image":[{"width":960,"height":960,"url":"https:\/\/business.roovi.com\/wp-content\/uploads\/2018\/09\/64301-11-ansamblu_dimensiuni-cutie-cm_orizontal.png","type":"image\/png"}],"twitter_misc":{"Becs\u00fclt olvas\u00e1si id\u0151":"5 perc"},"schema":{"@context":"https:\/\/schema.org","@graph":[{"@type":"WebPage","@id":"https:\/\/business.roovi.com\/hu\/felnott-1000-darab-ejszakai-tajak-puzzle-hagia-sophia-torokorszag\/p\/","url":"https:\/\/business.roovi.com\/hu\/felnott-1000-darab-ejszakai-tajak-puzzle-hagia-sophia-torokorszag\/p\/","name":"Feln\u0151tt 1000 darab \u00c9jszakai t\u00e1jak puzzle - Hagia Sophia, T\u00f6r\u00f6korsz\u00e1g","isPartOf":{"@id":"https:\/\/business.roovi.com\/hu\/#website"},"datePublished":"2018-09-06T08:24:18+00:00","dateModified":"2022-07-06T14:34:15+00:00","description":"Feln\u0151tt 1000 darab \u00c9jszakai t\u00e1jak puzzle - Hagia Sophia, T\u00f6r\u00f6korsz\u00e1g","breadcrumb":{"@id":"https:\/\/business.roovi.com\/hu\/felnott-1000-darab-ejszakai-tajak-puzzle-hagia-sophia-torokorszag\/p\/#breadcrumb"},"inLanguage":"hu","potentialAction":[{"@type":"ReadAction","target":["https:\/\/business.roovi.com\/hu\/felnott-1000-darab-ejszakai-tajak-puzzle-hagia-sophia-torokorszag\/p\/"]}]},{"@type":"BreadcrumbList","@id":"https:\/\/business.roovi.com\/hu\/felnott-1000-darab-ejszakai-tajak-puzzle-hagia-sophia-torokorszag\/p\/#breadcrumb","itemListElement":[{"@type":"ListItem","position":1,"name":"Home","item":"https:\/\/business.roovi.com\/hu\/"},{"@type":"ListItem","position":2,"name":"Shop","item":"https:\/\/business.roovi.com\/hu\/shop\/"},{"@type":"ListItem","position":3,"name":"Feln\u0151tt 1000 darab \u00c9jszakai t\u00e1jak puzzle &#8211; Hagia Sophia, T\u00f6r\u00f6korsz\u00e1g"}]},{"@type":"WebSite","@id":"https:\/\/business.roovi.com\/hu\/#website","url":"https:\/\/business.roovi.com\/hu\/","name":"Roovi B2B","description":"Roovi Business Website","potentialAction":[{"@type":"SearchAction","target":{"@type":"EntryPoint","urlTemplate":"https:\/\/business.roovi.com\/hu\/?s={search_term_string}"},"query-input":"required name=search_term_string"}],"inLanguage":"hu"}]}},"_links":{"self":[{"href":"https:\/\/business.roovi.com\/hu\/wp-json\/wp\/v2\/product\/40187","targetHints":{"allow":["GET"]}}],"collection":[{"href":"https:\/\/business.roovi.com\/hu\/wp-json\/wp\/v2\/product"}],"about":[{"href":"https:\/\/business.roovi.com\/hu\/wp-json\/wp\/v2\/types\/product"}],"version-history":[{"count":0,"href":"https:\/\/business.roovi.com\/hu\/wp-json\/wp\/v2\/product\/40187\/revisions"}],"wp:featuredmedia":[{"embeddable":true,"href":"https:\/\/business.roovi.com\/hu\/wp-json\/wp\/v2\/media\/36679"}],"wp:attachment":[{"href":"https:\/\/business.roovi.com\/hu\/wp-json\/wp\/v2\/media?parent=40187"}],"wp:term":[{"taxonomy":"product_brand","embeddable":true,"href":"https:\/\/business.roovi.com\/hu\/wp-json\/wp\/v2\/product_brand?post=40187"},{"taxonomy":"product_cat","embeddable":true,"href":"https:\/\/business.roovi.com\/hu\/wp-json\/wp\/v2\/product_cat?post=40187"},{"taxonomy":"product_tag","embeddable":true,"href":"https:\/\/business.roovi.com\/hu\/wp-json\/wp\/v2\/product_tag?post=40187"}],"curies":[{"name":"wp","href":"https:\/\/api.w.org\/{rel}","templated":true}]}}