{"id":40195,"date":"2018-09-06T07:21:59","date_gmt":"2018-09-06T07:21:59","guid":{"rendered":"https:\/\/business.roovi.com\/puzzle-adulti-1000-piese-locuri-celebre-turnul-eiffel-paris\/p\/"},"modified":"2022-10-18T10:23:30","modified_gmt":"2022-10-18T10:23:30","slug":"1000-darabos-felnott-puzzle-hires-helyek-eiffel-torony-parizs","status":"publish","type":"product","link":"https:\/\/business.roovi.com\/hu\/1000-darabos-felnott-puzzle-hires-helyek-eiffel-torony-parizs\/p\/","title":{"rendered":"1000 darabos feln\u0151tt puzzle H\u00edres helyek &#8211; Eiffel-torony, P\u00e1rizs"},"content":{"rendered":"<p><strong><em>Nyugodt elfoglalts\u00e1got keres a csal\u00e1dj\u00e1val vagy bar\u00e1taival val\u00f3 id\u0151t\u00f6lt\u00e9shez? V\u00e1lassza a H\u00edres helyek 1000 darabos feln\u0151tt kirak\u00f3s j\u00e1t\u00e9kot, \u00e9s hozzon l\u00e9tre felejthetetlen eml\u00e9keket szeretteivel.<\/em><\/strong><\/p>\n<p><span style=\"font-weight: 400;\">Az 1000 darabos puzzle Eiffel-torony, P\u00e1rizs kieg\u00e9sz\u00edti a H\u00edres helyek puzzle j\u00e1t\u00e9kok gy\u0171jtem\u00e9ny\u00e9t. A P\u00e1rizs sz\u00edv\u00e9ben tal\u00e1lhat\u00f3 h\u00edres torony leny\u0171g\u00f6z\u0151, kiv\u00e9teles min\u0151s\u00e9g\u0171 k\u00e9p\u00e9t most 1000 prec\u00edzi\u00f3san kiv\u00e1gott darabb\u00f3l \u00e9p\u00edtheted \u00f6ssze, amelyek t\u00f6k\u00e9letesen illeszkednek egym\u00e1shoz, \u00e9s egy leny\u0171g\u00f6z\u0151 k\u00e9pet alkotnak.<\/span><\/p>\n<p><span style=\"font-weight: 400;\">B\u00e1r az Eiffel-tornyot ma m\u00e1r ikonikus francia szimb\u00f3lumk\u00e9nt ismerik el, az impoz\u00e1ns \u00e9p\u00fclet nem \u00e9ppen j\u00f3 \u00e9rz\u00e9seket keltett, amikor felavatt\u00e1k. Sz\u00e1mos francia m\u0171v\u00e9sz 1887-ben ki\u00e1ltv\u00e1nyt \u00edrt al\u00e1 az \u00e1ltaluk \u00fagy nevezett &#8222;a vil\u00e1gh\u00edr\u0171&#8221; \u00e9p\u00fcletek \u00e9p\u00edt\u00e9se ellen <\/span><em><span style=\"font-weight: 400;\">&#8222;egy sz\u00f6rny\u0171 konstrukci\u00f3&#8221; <\/span><\/em><span style=\"font-weight: 400;\">a francia m\u0171v\u00e9szet t\u00f6rt\u00e9net\u00e9t vesz\u00e9lyeztetve <\/span><\/p>\n<p><span style=\"font-weight: 400;\">Az \u00e9p\u00edtkez\u00e9s azonban folytat\u00f3dott, \u00e9s \u00e1llva maradt, noha az eredeti tervek szerint a tornyot 20 \u00e9v m\u00falva le kellett volna bontani. Ma az Eiffel-torony Franciaorsz\u00e1g egyik legjelent\u0151sebb turisztikai l\u00e1tv\u00e1nyoss\u00e1ga, amelyet \u00e9vente t\u00f6bb mint 5 milli\u00f3 turista l\u00e1togat meg a vil\u00e1g minden t\u00e1j\u00e1r\u00f3l.<\/span><\/p>\n<p><span style=\"font-weight: 400;\">Vegyen r\u00e9szt egy leny\u0171g\u00f6z\u0151 kalandban, \u00e9s fedezze fel egy h\u00edres \u00e9p\u00fclet pomp\u00e1j\u00e1t. Rakd rendbe az Eiffel-torony feln\u0151tt puzzle 1000 darabj\u00e1t, \u00e9s \u00e1ll\u00edts \u00f6ssze egy kiv\u00e9teles dekorat\u00edv k\u00e9pet.<\/span><\/p>\n<p><strong>Mi\u00e9rt v\u00e1lassza az 1000 darabos Eiffel-torony puzzle-t a H\u00edres helyek puzzle kollekci\u00f3b\u00f3l?<\/strong><\/p>\n<p><span style=\"font-weight: 400;\">Az 1000 darabos puzzle egyed\u00fcl\u00e1ll\u00f3 kih\u00edv\u00e1st jelent a kih\u00edv\u00e1st jelent\u0151 elm\u00e9k sz\u00e1m\u00e1ra <\/span><\/p>\n<p><span style=\"font-weight: 400;\">Ez egy csod\u00e1latos m\u00f3dja annak, hogy felfedezd a vil\u00e1g h\u00edres nevezetess\u00e9geinek sz\u00e9ps\u00e9g\u00e9t \u00e9s egyedis\u00e9g\u00e9t.<\/span><\/p>\n<p><span style=\"font-weight: 400;\">Saj\u00e1t kez\u0171leg k\u00e9sz\u00edthet egy gy\u00f6ny\u00f6r\u0171, 68 x 47 cm-es festm\u00e9nyt, amely ellen\u00e1llhatatlan dekor\u00e1ci\u00f3s t\u00e1rgy lesz.<\/span><\/p>\n<p><span style=\"font-weight: 400;\">Pr\u00e9mium min\u0151s\u00e9g\u0171 k\u00e9k kartonb\u00f3l k\u00e9sz\u00fclt, amely hossz\u00fa t\u00e1von tart\u00f3ss\u00e1got biztos\u00edt a darabnak.<\/span><\/p>\n<p><span style=\"font-weight: 400;\">Fenntarthat\u00f3 \u00e9s \u00fajrahasznos\u00edthat\u00f3 anyagokat haszn\u00e1lunk 1000 darabos puzzle-k\u00e9szleteink gy\u00e1rt\u00e1s\u00e1hoz.<\/span><\/p>\n<p><span style=\"font-weight: 400;\">\u00c9lvezd a t\u00f6k\u00e9letes, f\u00e9lf\u00e9nyes kivitel\u0171, \u00e9l\u00e9nk sz\u00ednekben pomp\u00e1z\u00f3 kirak\u00f3s j\u00e1t\u00e9kot.<\/span><\/p>\n<p><span style=\"font-weight: 400;\">14 \u00e9ves kor felettieknek alkalmas, lehet\u0151s\u00e9g arra, hogy a tizen\u00e9vesek megismerkedjenek a t\u00f6bb darabb\u00f3l \u00e1ll\u00f3 rejtv\u00e9nyek rejtelmeivel.<\/span><\/p>\n<p><span style=\"font-weight: 400;\">Ez egy tanuls\u00e1gos m\u00f3dja a szabadid\u0151 elt\u00f6lt\u00e9s\u00e9nek.<\/span><\/p>\n<p><span style=\"font-weight: 400;\">Figyelmet, t\u00fcrelmet \u00e9s probl\u00e9mamegold\u00f3 k\u00e9szs\u00e9get fejleszt.<\/span><\/p>\n<p><strong>Tudtad, hogy..<\/strong><\/p>\n<p><span style=\"font-weight: 400;\">A mind\u00f6ssze 2 \u00e9v alatt t\u00f6rt\u00e9n\u0151 befejez\u00e9st egy forradalmi technikai rendszer tette lehet\u0151v\u00e9, amelyet Gheorghe P\u0103nculescu rom\u00e1n m\u00e9rn\u00f6k tal\u00e1lt ki <\/span><\/p>\n<p><span style=\"font-weight: 400;\">Az Eiffel-torony 18 038 r\u00e9szb\u0151l \u00e1ll, amelyeket nem kevesebb mint 2 500 000 szegecs k\u00f6t \u00f6ssze.<\/span><\/p>\n<p><span style=\"font-weight: 400;\">Az Eiffel-torony egykor a Citroen c\u00e9g hatalmas rekl\u00e1mt\u00e1bl\u00e1ja volt, amellyel a Citroen aut\u00f3kat rekl\u00e1mozta.<\/span><\/p>\n<p><span style=\"font-weight: 400;\">A torony karbantart\u00e1s\u00e1ra 7 \u00e9vente hatvan tonna fest\u00e9ket haszn\u00e1lnak fel a rozsda megel\u0151z\u00e9se \u00e9rdek\u00e9ben. A tornyot \u00e9p\u00edt\u00e9se \u00f3ta legal\u00e1bb 19 alkalommal festett\u00e9k \u00e1t teljesen.<\/span><\/p>\n<p><strong>1000 darabos Eiffel-torony puzzle &#8211; a nyugodt \u00e9s edzett elme sz\u00e1m\u00e1ra<\/strong><\/p>\n<p><span style=\"font-weight: 400;\">T\u00falterheltek a napi feladatok, \u00e9s szeretne n\u00e9h\u00e1ny percet pihenni? Rakd \u00f6ssze az 1000 darabos puzzle-t minden nap legal\u00e1bb 30 percig, \u00e9s megl\u00e1tod, milyen el\u0151ny\u00f6kkel j\u00e1r:<\/span><\/p>\n<ul>\n<li><span style=\"font-weight: 400;\">Seg\u00edt a stressz levezet\u00e9s\u00e9ben \u00e9s a mindennapi gondokt\u00f3l val\u00f3 elszakad\u00e1sban.<\/span><\/li>\n<li><span style=\"font-weight: 400;\">Jav\u00edtja a hangulatot \u00e9s visszaadja az optimizmust.<\/span><\/li>\n<li><span style=\"font-weight: 400;\">Pihentet\u0151bb alv\u00e1sod lesz, \u00e9s jobban kezeled a szorong\u00e1st.<\/span><\/li>\n<li><span style=\"font-weight: 400;\">Jobban szocializ\u00e1l\u00f3dik m\u00e1sokkal.<\/span><\/li>\n<li><span style=\"font-weight: 400;\">Hat\u00e9konyabb\u00e1 \u00e9s produkt\u00edvabb\u00e1 v\u00e1lik a napi munk\u00e1j\u00e1ban.<\/span><\/li>\n<\/ul>\n<p><span style=\"font-weight: 400;\">Rengeteg okod van arra, hogy \u00f3r\u00e1kat szentelj a rejtv\u00e9nynek. Ezen t\u00falmen\u0151en a gyermekeit vagy bar\u00e1tait is kik\u00e9pezheti erre a tev\u00e9kenys\u00e9gre. Az utols\u00f3 darab el\u00e9gedetts\u00e9g nagyobb, ha a munk\u00e1t csapatban v\u00e9gezz\u00fck.<\/span><\/p>\n<p><span style=\"font-weight: 400;\">Bor\u00fas napokra, amikor nem tudod, mivel t\u00f6ltsd el az id\u0151det, szeretteid k\u00f6zels\u00e9g\u00e9be ker\u00fclhetsz, vagy k\u00fcl\u00f6nleges aj\u00e1nd\u00e9kot adhatsz, a H\u00edres helyek puzzle kollekci\u00f3 1000 darabos Eiffel-torony puzzle-ja t\u00f6k\u00e9letes v\u00e1laszt\u00e1s.<\/span><\/p>\n","protected":false},"excerpt":{"rendered":"<p>Nyugodt elfoglalts\u00e1got keres a csal\u00e1dj\u00e1val vagy bar\u00e1taival val\u00f3 id\u0151t\u00f6lt\u00e9shez? V\u00e1lassza a H\u00edres helyek 1000 darabos feln\u0151tt kirak\u00f3s j\u00e1t\u00e9kot, \u00e9s hozzon<\/p>\n","protected":false},"featured_media":36651,"template":"","meta":[],"product_brand":[],"product_cat":[1920,1919,1881],"product_tag":[],"class_list":{"0":"post-40195","1":"product","2":"type-product","3":"status-publish","4":"has-post-thumbnail","6":"product_cat-1000-darabos-kirakos-jatek","7":"product_cat-felnott-kirakos-jatekok","8":"product_cat-kirakos-jatekok","9":"pa_brand-d_toys-hu","10":"pa_country_of_manufacture-ro-hu","11":"pa_filter_age-14-hu","12":"pa_painter-hires-helyek","13":"pa_tip_ambalaj-doboz","14":"pa_tip_puzzle-klasszikus","16":"first","17":"instock","18":"taxable","19":"shipping-taxable","20":"product-type-simple"},"yoast_head":"<!-- This site is optimized with the Yoast SEO plugin v20.1 - https:\/\/yoast.com\/wordpress\/plugins\/seo\/ -->\n<title>1000 darabos feln\u0151tt puzzle H\u00edres helyek - Eiffel-torony, P\u00e1rizs<\/title>\n<meta name=\"description\" content=\"1000 darabos feln\u0151tt puzzle H\u00edres helyek - Eiffel-torony, P\u00e1rizs\" \/>\n<meta name=\"robots\" content=\"index, follow, max-snippet:-1, max-image-preview:large, max-video-preview:-1\" \/>\n<link rel=\"canonical\" href=\"https:\/\/business.roovi.com\/hu\/1000-darabos-felnott-puzzle-hires-helyek-eiffel-torony-parizs\/p\/\" \/>\n<meta property=\"og:locale\" content=\"hu_HU\" \/>\n<meta property=\"og:type\" content=\"article\" \/>\n<meta property=\"og:title\" content=\"1000 darabos feln\u0151tt puzzle H\u00edres helyek - Eiffel-torony, P\u00e1rizs\" \/>\n<meta property=\"og:description\" content=\"1000 darabos feln\u0151tt puzzle H\u00edres helyek - Eiffel-torony, P\u00e1rizs\" \/>\n<meta property=\"og:url\" content=\"https:\/\/business.roovi.com\/hu\/1000-darabos-felnott-puzzle-hires-helyek-eiffel-torony-parizs\/p\/\" \/>\n<meta property=\"og:site_name\" content=\"Roovi B2B\" \/>\n<meta property=\"article:publisher\" content=\"https:\/\/www.facebook.com\/wwwjucariero\" \/>\n<meta property=\"article:modified_time\" content=\"2022-10-18T10:23:30+00:00\" \/>\n<meta property=\"og:image\" content=\"https:\/\/business.roovi.com\/wp-content\/uploads\/2018\/09\/64288-12_ansamblu_dimensiuni_cutie_cm_orizontal.png\" \/>\n\t<meta property=\"og:image:width\" content=\"1200\" \/>\n\t<meta property=\"og:image:height\" content=\"1200\" \/>\n\t<meta property=\"og:image:type\" content=\"image\/png\" \/>\n<meta name=\"twitter:label1\" content=\"Becs\u00fclt olvas\u00e1si id\u0151\" \/>\n\t<meta name=\"twitter:data1\" content=\"3 perc\" \/>\n<script type=\"application\/ld+json\" class=\"yoast-schema-graph\">{\"@context\":\"https:\/\/schema.org\",\"@graph\":[{\"@type\":\"WebPage\",\"@id\":\"https:\/\/business.roovi.com\/hu\/1000-darabos-felnott-puzzle-hires-helyek-eiffel-torony-parizs\/p\/\",\"url\":\"https:\/\/business.roovi.com\/hu\/1000-darabos-felnott-puzzle-hires-helyek-eiffel-torony-parizs\/p\/\",\"name\":\"1000 darabos feln\u0151tt puzzle H\u00edres helyek - Eiffel-torony, P\u00e1rizs\",\"isPartOf\":{\"@id\":\"https:\/\/business.roovi.com\/hu\/#website\"},\"datePublished\":\"2018-09-06T07:21:59+00:00\",\"dateModified\":\"2022-10-18T10:23:30+00:00\",\"description\":\"1000 darabos feln\u0151tt puzzle H\u00edres helyek - Eiffel-torony, P\u00e1rizs\",\"breadcrumb\":{\"@id\":\"https:\/\/business.roovi.com\/hu\/1000-darabos-felnott-puzzle-hires-helyek-eiffel-torony-parizs\/p\/#breadcrumb\"},\"inLanguage\":\"hu\",\"potentialAction\":[{\"@type\":\"ReadAction\",\"target\":[\"https:\/\/business.roovi.com\/hu\/1000-darabos-felnott-puzzle-hires-helyek-eiffel-torony-parizs\/p\/\"]}]},{\"@type\":\"BreadcrumbList\",\"@id\":\"https:\/\/business.roovi.com\/hu\/1000-darabos-felnott-puzzle-hires-helyek-eiffel-torony-parizs\/p\/#breadcrumb\",\"itemListElement\":[{\"@type\":\"ListItem\",\"position\":1,\"name\":\"Home\",\"item\":\"https:\/\/business.roovi.com\/hu\/\"},{\"@type\":\"ListItem\",\"position\":2,\"name\":\"Shop\",\"item\":\"https:\/\/business.roovi.com\/hu\/shop\/\"},{\"@type\":\"ListItem\",\"position\":3,\"name\":\"1000 darabos feln\u0151tt puzzle H\u00edres helyek &#8211; Eiffel-torony, P\u00e1rizs\"}]},{\"@type\":\"WebSite\",\"@id\":\"https:\/\/business.roovi.com\/hu\/#website\",\"url\":\"https:\/\/business.roovi.com\/hu\/\",\"name\":\"Roovi B2B\",\"description\":\"Roovi Business Website\",\"potentialAction\":[{\"@type\":\"SearchAction\",\"target\":{\"@type\":\"EntryPoint\",\"urlTemplate\":\"https:\/\/business.roovi.com\/hu\/?s={search_term_string}\"},\"query-input\":\"required name=search_term_string\"}],\"inLanguage\":\"hu\"}]}<\/script>\n<!-- \/ Yoast SEO plugin. -->","yoast_head_json":{"title":"1000 darabos feln\u0151tt puzzle H\u00edres helyek - Eiffel-torony, P\u00e1rizs","description":"1000 darabos feln\u0151tt puzzle H\u00edres helyek - Eiffel-torony, P\u00e1rizs","robots":{"index":"index","follow":"follow","max-snippet":"max-snippet:-1","max-image-preview":"max-image-preview:large","max-video-preview":"max-video-preview:-1"},"canonical":"https:\/\/business.roovi.com\/hu\/1000-darabos-felnott-puzzle-hires-helyek-eiffel-torony-parizs\/p\/","og_locale":"hu_HU","og_type":"article","og_title":"1000 darabos feln\u0151tt puzzle H\u00edres helyek - Eiffel-torony, P\u00e1rizs","og_description":"1000 darabos feln\u0151tt puzzle H\u00edres helyek - Eiffel-torony, P\u00e1rizs","og_url":"https:\/\/business.roovi.com\/hu\/1000-darabos-felnott-puzzle-hires-helyek-eiffel-torony-parizs\/p\/","og_site_name":"Roovi B2B","article_publisher":"https:\/\/www.facebook.com\/wwwjucariero","article_modified_time":"2022-10-18T10:23:30+00:00","og_image":[{"width":1200,"height":1200,"url":"https:\/\/business.roovi.com\/wp-content\/uploads\/2018\/09\/64288-12_ansamblu_dimensiuni_cutie_cm_orizontal.png","type":"image\/png"}],"twitter_misc":{"Becs\u00fclt olvas\u00e1si id\u0151":"3 perc"},"schema":{"@context":"https:\/\/schema.org","@graph":[{"@type":"WebPage","@id":"https:\/\/business.roovi.com\/hu\/1000-darabos-felnott-puzzle-hires-helyek-eiffel-torony-parizs\/p\/","url":"https:\/\/business.roovi.com\/hu\/1000-darabos-felnott-puzzle-hires-helyek-eiffel-torony-parizs\/p\/","name":"1000 darabos feln\u0151tt puzzle H\u00edres helyek - Eiffel-torony, P\u00e1rizs","isPartOf":{"@id":"https:\/\/business.roovi.com\/hu\/#website"},"datePublished":"2018-09-06T07:21:59+00:00","dateModified":"2022-10-18T10:23:30+00:00","description":"1000 darabos feln\u0151tt puzzle H\u00edres helyek - Eiffel-torony, P\u00e1rizs","breadcrumb":{"@id":"https:\/\/business.roovi.com\/hu\/1000-darabos-felnott-puzzle-hires-helyek-eiffel-torony-parizs\/p\/#breadcrumb"},"inLanguage":"hu","potentialAction":[{"@type":"ReadAction","target":["https:\/\/business.roovi.com\/hu\/1000-darabos-felnott-puzzle-hires-helyek-eiffel-torony-parizs\/p\/"]}]},{"@type":"BreadcrumbList","@id":"https:\/\/business.roovi.com\/hu\/1000-darabos-felnott-puzzle-hires-helyek-eiffel-torony-parizs\/p\/#breadcrumb","itemListElement":[{"@type":"ListItem","position":1,"name":"Home","item":"https:\/\/business.roovi.com\/hu\/"},{"@type":"ListItem","position":2,"name":"Shop","item":"https:\/\/business.roovi.com\/hu\/shop\/"},{"@type":"ListItem","position":3,"name":"1000 darabos feln\u0151tt puzzle H\u00edres helyek &#8211; Eiffel-torony, P\u00e1rizs"}]},{"@type":"WebSite","@id":"https:\/\/business.roovi.com\/hu\/#website","url":"https:\/\/business.roovi.com\/hu\/","name":"Roovi B2B","description":"Roovi Business Website","potentialAction":[{"@type":"SearchAction","target":{"@type":"EntryPoint","urlTemplate":"https:\/\/business.roovi.com\/hu\/?s={search_term_string}"},"query-input":"required name=search_term_string"}],"inLanguage":"hu"}]}},"_links":{"self":[{"href":"https:\/\/business.roovi.com\/hu\/wp-json\/wp\/v2\/product\/40195","targetHints":{"allow":["GET"]}}],"collection":[{"href":"https:\/\/business.roovi.com\/hu\/wp-json\/wp\/v2\/product"}],"about":[{"href":"https:\/\/business.roovi.com\/hu\/wp-json\/wp\/v2\/types\/product"}],"version-history":[{"count":0,"href":"https:\/\/business.roovi.com\/hu\/wp-json\/wp\/v2\/product\/40195\/revisions"}],"wp:featuredmedia":[{"embeddable":true,"href":"https:\/\/business.roovi.com\/hu\/wp-json\/wp\/v2\/media\/36651"}],"wp:attachment":[{"href":"https:\/\/business.roovi.com\/hu\/wp-json\/wp\/v2\/media?parent=40195"}],"wp:term":[{"taxonomy":"product_brand","embeddable":true,"href":"https:\/\/business.roovi.com\/hu\/wp-json\/wp\/v2\/product_brand?post=40195"},{"taxonomy":"product_cat","embeddable":true,"href":"https:\/\/business.roovi.com\/hu\/wp-json\/wp\/v2\/product_cat?post=40195"},{"taxonomy":"product_tag","embeddable":true,"href":"https:\/\/business.roovi.com\/hu\/wp-json\/wp\/v2\/product_tag?post=40195"}],"curies":[{"name":"wp","href":"https:\/\/api.w.org\/{rel}","templated":true}]}}