{"id":40199,"date":"2018-09-06T07:18:14","date_gmt":"2018-09-06T07:18:14","guid":{"rendered":"https:\/\/business.roovi.com\/puzzle-adulti-1000-piese-locuri-celebre-biserica-adormirea-maicii-domnului-ierusalim\/p\/"},"modified":"2022-07-06T14:34:39","modified_gmt":"2022-07-06T14:34:39","slug":"1000-darabos-felnott-puzzle-hires-helyek-szuz-maria-mennybemenetelenek-temploma-jeruzsalem","status":"publish","type":"product","link":"https:\/\/business.roovi.com\/hu\/1000-darabos-felnott-puzzle-hires-helyek-szuz-maria-mennybemenetelenek-temploma-jeruzsalem\/p\/","title":{"rendered":"1000 darabos feln\u0151tt puzzle H\u00edres helyek &#8211; Sz\u0171z M\u00e1ria mennybemenetel\u00e9nek temploma, Jeruzs\u00e1lem"},"content":{"rendered":"<p><strong><em>K\u00e9szen \u00e1llsz egy \u00faj kalandra a kirak\u00f3s j\u00e1t\u00e9kok birodalm\u00e1ban? \u00c1ll\u00edtsd \u00f6ssze 1000 puzzle-darabb\u00f3l a vil\u00e1g legh\u00edresebb l\u00e1tnival\u00f3inak k\u00e9peit, \u00e9s k\u00e9sz\u00edtsd el saj\u00e1t, eredeti festm\u00e9nygy\u0171jtem\u00e9nyedet az \u00faj H\u00edres helyek feln\u0151tt puzzle-kollekci\u00f3val.<\/em><\/strong><\/p>\n<p><span style=\"font-weight: 400\">Ak\u00e1r h\u00edv\u0151 vagy, ak\u00e1r nem, Jeruzs\u00e1lem szent helyei hossz\u00fa t\u00f6rt\u00e9nelmet \u00e9s leny\u0171g\u00f6z\u0151 szimb\u00f3lumokat rejtenek. Minden egyes eml\u00e9km\u0171nek, amelyet zar\u00e1ndokok milli\u00f3i l\u00e1togatnak meg, megvan a maga k\u00fcl\u00f6nleges var\u00e1zsa \u00e9s energi\u00e1ja <\/span><\/p>\n<p><span style=\"font-weight: 400\">A Sz\u0171z M\u00e1ria mennybev\u00e9tel\u00e9nek temploma egyszerre a megeml\u00e9kez\u00e9s \u00e9s az im\u00e1ds\u00e1g helye, valamint felbecs\u00fclhetetlen \u00e9rt\u00e9k\u0171 m\u0171v\u00e9szeti \u00e9kszer. Az 1000 darabos kirak\u00f3s a k\u00e9p\u00e9vel egyszerre ad alkalmat a kikapcsol\u00f3d\u00e1sra, az \u00f6nvizsg\u00e1latra \u00e9s az \u00f6r\u00f6mre. A Sz\u0171z M\u00e1ria Mennybemenetele templom puzzle darabr\u00f3l darabra t\u00f6rt\u00e9n\u0151 \u00f6sszerak\u00e1sa sor\u00e1n \u00fagy \u00e9rezheti mag\u00e1t, mint egy tehets\u00e9ges \u00e9p\u00edt\u00e9sz, aki egy isteni remekm\u0171vet alkot.<\/span><\/p>\n<p><span style=\"font-weight: 400\">A templom helye k\u00fcl\u00f6nleges jelent\u0151s\u00e9ggel b\u00edr a kereszt\u00e9ny hagyom\u00e1nyban, mivel \u00fagy tartj\u00e1k, hogy ez az a hely, ahol a Sz\u0171zanya elhunyt. A templomot 1900 \u00e9s 1910 k\u00f6z\u00f6tt \u00e9p\u00edtett\u00e9k II. Vilmos n\u00e9met cs\u00e1sz\u00e1r megrendel\u00e9s\u00e9re, \u00e9s a benc\u00e9sek r\u00f3mai katolikus rendj\u00e9hez tartozik. \u00dagy t\u0171nik, hogy a jelenlegi templom egy r\u00e9gi biz\u00e1nci templom romjaira \u00e9p\u00fclt, amelyet szint\u00e9n Sz\u0171z M\u00e1ri\u00e1nak szenteltek.<\/span><\/p>\n<p><span style=\"font-weight: 400\">A Jeruzs\u00e1lemi Sz\u0171z M\u00e1ria mennybemenetele 1000 darabos puzzle ez\u00e9rt arra h\u00edvja \u00d6nt, hogy alkosson egy egyedi k\u00e9pet, \u00e9s egy\u00fattal fedezze fel a szimb\u00f3lumokkal \u00e9s isteni energi\u00e1val teli csod\u00e1latos helyet.<\/span><\/p>\n<p><strong>Mi\u00e9rt v\u00e1lassza az 1000 darabos Sz\u0171z M\u00e1ria mennybemenetele, Jeruzs\u00e1lem puzzle-t?<\/strong><\/p>\n<p><span style=\"font-weight: 400\">Az 1000 darabos kirak\u00f3s j\u00e1t\u00e9k egyed\u00fcl\u00e1ll\u00f3 m\u00f3don fedezi fel a vil\u00e1g egyedi turisztikai helyeit, k\u00fcl\u00f6nleges szimbolik\u00e1val.<\/span><\/p>\n<p><span style=\"font-weight: 400\">K\u00e9sz\u00edtsen saj\u00e1t kez\u0171leg egy leny\u0171g\u00f6z\u0151 k\u00e9pet a leny\u0171g\u00f6z\u0151 templomr\u00f3l, egy figyelemre m\u00e9lt\u00f3 vall\u00e1si szimb\u00f3lumr\u00f3l.<\/span><\/p>\n<p><span style=\"font-weight: 400\">A restaur\u00e1lt k\u00e9p m\u00e9rete, 68 x 47 cm, lehet\u0151v\u00e9 teszi, hogy dekorat\u00edv t\u00e1rgyat k\u00e9sz\u00edtsen bel\u0151le, amely feldobja otthon\u00e1t.<\/span><\/p>\n<p><span style=\"font-weight: 400\">Kiv\u00e1l\u00f3 min\u0151s\u00e9g\u0171 k\u00e9k kartonb\u00f3l k\u00e9sz\u00fclt, ami ellen\u00e1ll\u00f3v\u00e1 teszi a darabokat a t\u00f6bbsz\u00f6ri \u00f6sszeszerel\u00e9ssel szemben.<\/span><\/p>\n<p><span style=\"font-weight: 400\">Term\u00e9szetbar\u00e1t, mivel fenntarthat\u00f3 \u00e9s \u00fajrahasznos\u00edthat\u00f3 anyagokb\u00f3l k\u00e9sz\u00fcl.<\/span><\/p>\n<p><span style=\"font-weight: 400\">F\u00e9lf\u00e9nyes kivitel\u0171, \u00e9l\u00e9nk sz\u00ednekkel rendelkezik, amelyek kiemelik a k\u00e9p tisztas\u00e1g\u00e1t.<\/span><\/p>\n<p><span style=\"font-weight: 400\">14 \u00e9ves kort\u00f3l alkalmas, remek alkalom arra, hogy megossza a puzzle-j\u00e1t\u00e9kok ir\u00e1nti szenved\u00e9ly\u00e9t tizen\u00e9ves gyermekeivel.<\/span><\/p>\n<p><span style=\"font-weight: 400\">Edzi a mem\u00f3ri\u00e1t, a logikus gondolkod\u00e1st \u00e9s a koncentr\u00e1ci\u00f3t.<\/span><\/p>\n<p><span style=\"font-weight: 400\">Seg\u00edt fenntartani az agy eg\u00e9szs\u00e9g\u00e9t \u00e9s jav\u00edtja a hangulatot.<\/span><\/p>\n<p><strong>Tudtad, hogy&#8230;?<\/strong><\/p>\n<p><span style=\"font-weight: 400\">A f\u00f6ldter\u00fcletet, amelyen a jeruzs\u00e1lemi Sz\u0171z M\u00e1ria mennybev\u00e9tel\u00e9nek temploma \u00e1ll, 1898-ban adom\u00e1nyozta II. Abdul Hamid szult\u00e1n II. Vilmos n\u00e9met cs\u00e1sz\u00e1rnak, aki k\u00e9s\u0151bb a katolikus egyh\u00e1znak adom\u00e1nyozta <\/span><\/p>\n<p><span style=\"font-weight: 400\">A templom belsej\u00e9ben Nursiai Szent Benedek, a benc\u00e9s szerzetesek kereszt\u00e9ny rendj\u00e9nek alap\u00edt\u00f3ja bronzszobra tal\u00e1lhat\u00f3, akit Eur\u00f3pa v\u00e9d\u0151szentj\u00e9nek tartanak.<\/span><\/p>\n<p><span style=\"font-weight: 400\">A templom alagsor\u00e1ban az alv\u00f3 Istenanya szobra tal\u00e1lhat\u00f3, a templom belsej\u00e9ben l\u00e9v\u0151 baldachin kupol\u00e1j\u00e1n pedig J\u00e9zus k\u00e9pe, valamint n\u00e9h\u00e1ny emblematikus \u00f3sz\u00f6vets\u00e9gi alak: Eszter, Judit \u00e9s m\u00e9g az els\u0151 n\u0151, \u00c9va is.<\/span><\/p>\n<p><strong>1000 darabos puzzle Dormition, Jeruzs\u00e1lem a csend \u00e9s az \u00f6nvizsg\u00e1lat pillanataihoz<\/strong><\/p>\n<p><span style=\"font-weight: 400\">Ha szeretne kiszakadni a mindennapok ny\u00fczsg\u00e9s\u00e9b\u0151l, \u00e9s n\u00e9h\u00e1ny \u00f3ra nyugalmat \u00e9s csendet \u00e1t\u00e9lni, az 1000 darabos Sz\u0171z M\u00e1ria mennybemenetele, Jeruzs\u00e1lem puzzle ide\u00e1lis alkalom. Ahogy \u00f6sszeilleszted a darabokat, \u00e9s a gy\u00f6ny\u00f6r\u0171 templom k\u00e9pe form\u00e1t \u00f6lt, elm\u00e9d a m\u00e9ly ellazul\u00e1s \u00e1llapot\u00e1ba ker\u00fcl. M\u00e9lyen koncentr\u00e1lsz \u00e9s a jelen pillanatban \u00e9lsz. Minden gondolat \u00e9s aggodalom h\u00e1tt\u00e9rbe szorul, \u00e9s csak te vagy veled.<\/span><\/p>\n<p><span style=\"font-weight: 400\">\u00c9lvezed ezt a b\u00e9k\u00e9s \u00e1llapotot, \u00e9s \u00fajra kapcsolatba ker\u00fclsz \u00f6nmagaddal. A v\u00e9g\u00e9n, amikor a fest\u00e9s befejez\u0151dik, kipihentebb \u00e9s oldottabb vagy, mint valaha <\/span><\/p>\n<p><span style=\"font-weight: 400\">Az \u00f6nvizsg\u00e1lat pillanataihoz, valamint a szabadid\u0151 kreat\u00edv elt\u00f6lt\u00e9s\u00e9hez szeretteivel, az 1000 darabos feln\u0151tt puzzle A jeruzs\u00e1lemi Sz\u0171z M\u00e1ria mennybev\u00e9tele t\u00f6k\u00e9letes v\u00e1laszt\u00e1s.<\/span><\/p><\/p>\n","protected":false},"excerpt":{"rendered":"<p>K\u00e9szen \u00e1llsz egy \u00faj kalandra a kirak\u00f3s j\u00e1t\u00e9kok birodalm\u00e1ban? \u00c1ll\u00edtsd \u00f6ssze 1000 puzzle-darabb\u00f3l a vil\u00e1g legh\u00edresebb l\u00e1tnival\u00f3inak k\u00e9peit, \u00e9s k\u00e9sz\u00edtsd<\/p>\n","protected":false},"featured_media":36637,"template":"","meta":[],"product_brand":[],"product_cat":[1920,1919,1881],"product_tag":[],"class_list":{"0":"post-40199","1":"product","2":"type-product","3":"status-publish","4":"has-post-thumbnail","6":"product_cat-1000-darabos-kirakos-jatek","7":"product_cat-felnott-kirakos-jatekok","8":"product_cat-kirakos-jatekok","9":"pa_brand-d_toys-hu","10":"pa_country_of_manufacture-ro-hu","11":"pa_filter_age-14-hu","12":"pa_painter-hires-helyek","13":"pa_tip_ambalaj-doboz","14":"pa_tip_puzzle-klasszikus","16":"first","17":"instock","18":"taxable","19":"shipping-taxable","20":"product-type-simple"},"yoast_head":"<!-- This site is optimized with the Yoast SEO plugin v20.1 - https:\/\/yoast.com\/wordpress\/plugins\/seo\/ -->\n<title>1000 darabos feln\u0151tt puzzle H\u00edres helyek - Sz\u0171z M\u00e1ria mennybemenetel\u00e9nek temploma, Jeruzs\u00e1lem<\/title>\n<meta name=\"description\" content=\"1000 darabos feln\u0151tt puzzle H\u00edres helyek - Sz\u0171z M\u00e1ria mennybemenetel\u00e9nek temploma, Jeruzs\u00e1lem\" \/>\n<meta name=\"robots\" content=\"index, follow, max-snippet:-1, max-image-preview:large, max-video-preview:-1\" \/>\n<link rel=\"canonical\" href=\"https:\/\/business.roovi.com\/hu\/1000-darabos-felnott-puzzle-hires-helyek-szuz-maria-mennybemenetelenek-temploma-jeruzsalem\/p\/\" \/>\n<meta property=\"og:locale\" content=\"hu_HU\" \/>\n<meta property=\"og:type\" content=\"article\" \/>\n<meta property=\"og:title\" content=\"1000 darabos feln\u0151tt puzzle H\u00edres helyek - Sz\u0171z M\u00e1ria mennybemenetel\u00e9nek temploma, Jeruzs\u00e1lem\" \/>\n<meta property=\"og:description\" content=\"1000 darabos feln\u0151tt puzzle H\u00edres helyek - Sz\u0171z M\u00e1ria mennybemenetel\u00e9nek temploma, Jeruzs\u00e1lem\" \/>\n<meta property=\"og:url\" content=\"https:\/\/business.roovi.com\/hu\/1000-darabos-felnott-puzzle-hires-helyek-szuz-maria-mennybemenetelenek-temploma-jeruzsalem\/p\/\" \/>\n<meta property=\"og:site_name\" content=\"Roovi B2B\" \/>\n<meta property=\"article:publisher\" content=\"https:\/\/www.facebook.com\/wwwjucariero\" \/>\n<meta property=\"article:modified_time\" content=\"2022-07-06T14:34:39+00:00\" \/>\n<meta property=\"og:image\" content=\"https:\/\/business.roovi.com\/wp-content\/uploads\/2018\/09\/64288-09-ansamblu_dimensiuni-cutie-cm_vertical_1.png\" \/>\n\t<meta property=\"og:image:width\" content=\"1200\" \/>\n\t<meta property=\"og:image:height\" content=\"1200\" \/>\n\t<meta property=\"og:image:type\" content=\"image\/png\" \/>\n<meta name=\"twitter:label1\" content=\"Becs\u00fclt olvas\u00e1si id\u0151\" \/>\n\t<meta name=\"twitter:data1\" content=\"4 perc\" \/>\n<script type=\"application\/ld+json\" class=\"yoast-schema-graph\">{\"@context\":\"https:\/\/schema.org\",\"@graph\":[{\"@type\":\"WebPage\",\"@id\":\"https:\/\/business.roovi.com\/hu\/1000-darabos-felnott-puzzle-hires-helyek-szuz-maria-mennybemenetelenek-temploma-jeruzsalem\/p\/\",\"url\":\"https:\/\/business.roovi.com\/hu\/1000-darabos-felnott-puzzle-hires-helyek-szuz-maria-mennybemenetelenek-temploma-jeruzsalem\/p\/\",\"name\":\"1000 darabos feln\u0151tt puzzle H\u00edres helyek - Sz\u0171z M\u00e1ria mennybemenetel\u00e9nek temploma, Jeruzs\u00e1lem\",\"isPartOf\":{\"@id\":\"https:\/\/business.roovi.com\/hu\/#website\"},\"datePublished\":\"2018-09-06T07:18:14+00:00\",\"dateModified\":\"2022-07-06T14:34:39+00:00\",\"description\":\"1000 darabos feln\u0151tt puzzle H\u00edres helyek - Sz\u0171z M\u00e1ria mennybemenetel\u00e9nek temploma, Jeruzs\u00e1lem\",\"breadcrumb\":{\"@id\":\"https:\/\/business.roovi.com\/hu\/1000-darabos-felnott-puzzle-hires-helyek-szuz-maria-mennybemenetelenek-temploma-jeruzsalem\/p\/#breadcrumb\"},\"inLanguage\":\"hu\",\"potentialAction\":[{\"@type\":\"ReadAction\",\"target\":[\"https:\/\/business.roovi.com\/hu\/1000-darabos-felnott-puzzle-hires-helyek-szuz-maria-mennybemenetelenek-temploma-jeruzsalem\/p\/\"]}]},{\"@type\":\"BreadcrumbList\",\"@id\":\"https:\/\/business.roovi.com\/hu\/1000-darabos-felnott-puzzle-hires-helyek-szuz-maria-mennybemenetelenek-temploma-jeruzsalem\/p\/#breadcrumb\",\"itemListElement\":[{\"@type\":\"ListItem\",\"position\":1,\"name\":\"Home\",\"item\":\"https:\/\/business.roovi.com\/hu\/\"},{\"@type\":\"ListItem\",\"position\":2,\"name\":\"Shop\",\"item\":\"https:\/\/business.roovi.com\/hu\/shop\/\"},{\"@type\":\"ListItem\",\"position\":3,\"name\":\"1000 darabos feln\u0151tt puzzle H\u00edres helyek &#8211; Sz\u0171z M\u00e1ria mennybemenetel\u00e9nek temploma, Jeruzs\u00e1lem\"}]},{\"@type\":\"WebSite\",\"@id\":\"https:\/\/business.roovi.com\/hu\/#website\",\"url\":\"https:\/\/business.roovi.com\/hu\/\",\"name\":\"Roovi B2B\",\"description\":\"Roovi Business Website\",\"potentialAction\":[{\"@type\":\"SearchAction\",\"target\":{\"@type\":\"EntryPoint\",\"urlTemplate\":\"https:\/\/business.roovi.com\/hu\/?s={search_term_string}\"},\"query-input\":\"required name=search_term_string\"}],\"inLanguage\":\"hu\"}]}<\/script>\n<!-- \/ Yoast SEO plugin. -->","yoast_head_json":{"title":"1000 darabos feln\u0151tt puzzle H\u00edres helyek - Sz\u0171z M\u00e1ria mennybemenetel\u00e9nek temploma, Jeruzs\u00e1lem","description":"1000 darabos feln\u0151tt puzzle H\u00edres helyek - Sz\u0171z M\u00e1ria mennybemenetel\u00e9nek temploma, Jeruzs\u00e1lem","robots":{"index":"index","follow":"follow","max-snippet":"max-snippet:-1","max-image-preview":"max-image-preview:large","max-video-preview":"max-video-preview:-1"},"canonical":"https:\/\/business.roovi.com\/hu\/1000-darabos-felnott-puzzle-hires-helyek-szuz-maria-mennybemenetelenek-temploma-jeruzsalem\/p\/","og_locale":"hu_HU","og_type":"article","og_title":"1000 darabos feln\u0151tt puzzle H\u00edres helyek - Sz\u0171z M\u00e1ria mennybemenetel\u00e9nek temploma, Jeruzs\u00e1lem","og_description":"1000 darabos feln\u0151tt puzzle H\u00edres helyek - Sz\u0171z M\u00e1ria mennybemenetel\u00e9nek temploma, Jeruzs\u00e1lem","og_url":"https:\/\/business.roovi.com\/hu\/1000-darabos-felnott-puzzle-hires-helyek-szuz-maria-mennybemenetelenek-temploma-jeruzsalem\/p\/","og_site_name":"Roovi B2B","article_publisher":"https:\/\/www.facebook.com\/wwwjucariero","article_modified_time":"2022-07-06T14:34:39+00:00","og_image":[{"width":1200,"height":1200,"url":"https:\/\/business.roovi.com\/wp-content\/uploads\/2018\/09\/64288-09-ansamblu_dimensiuni-cutie-cm_vertical_1.png","type":"image\/png"}],"twitter_misc":{"Becs\u00fclt olvas\u00e1si id\u0151":"4 perc"},"schema":{"@context":"https:\/\/schema.org","@graph":[{"@type":"WebPage","@id":"https:\/\/business.roovi.com\/hu\/1000-darabos-felnott-puzzle-hires-helyek-szuz-maria-mennybemenetelenek-temploma-jeruzsalem\/p\/","url":"https:\/\/business.roovi.com\/hu\/1000-darabos-felnott-puzzle-hires-helyek-szuz-maria-mennybemenetelenek-temploma-jeruzsalem\/p\/","name":"1000 darabos feln\u0151tt puzzle H\u00edres helyek - Sz\u0171z M\u00e1ria mennybemenetel\u00e9nek temploma, Jeruzs\u00e1lem","isPartOf":{"@id":"https:\/\/business.roovi.com\/hu\/#website"},"datePublished":"2018-09-06T07:18:14+00:00","dateModified":"2022-07-06T14:34:39+00:00","description":"1000 darabos feln\u0151tt puzzle H\u00edres helyek - Sz\u0171z M\u00e1ria mennybemenetel\u00e9nek temploma, Jeruzs\u00e1lem","breadcrumb":{"@id":"https:\/\/business.roovi.com\/hu\/1000-darabos-felnott-puzzle-hires-helyek-szuz-maria-mennybemenetelenek-temploma-jeruzsalem\/p\/#breadcrumb"},"inLanguage":"hu","potentialAction":[{"@type":"ReadAction","target":["https:\/\/business.roovi.com\/hu\/1000-darabos-felnott-puzzle-hires-helyek-szuz-maria-mennybemenetelenek-temploma-jeruzsalem\/p\/"]}]},{"@type":"BreadcrumbList","@id":"https:\/\/business.roovi.com\/hu\/1000-darabos-felnott-puzzle-hires-helyek-szuz-maria-mennybemenetelenek-temploma-jeruzsalem\/p\/#breadcrumb","itemListElement":[{"@type":"ListItem","position":1,"name":"Home","item":"https:\/\/business.roovi.com\/hu\/"},{"@type":"ListItem","position":2,"name":"Shop","item":"https:\/\/business.roovi.com\/hu\/shop\/"},{"@type":"ListItem","position":3,"name":"1000 darabos feln\u0151tt puzzle H\u00edres helyek &#8211; Sz\u0171z M\u00e1ria mennybemenetel\u00e9nek temploma, Jeruzs\u00e1lem"}]},{"@type":"WebSite","@id":"https:\/\/business.roovi.com\/hu\/#website","url":"https:\/\/business.roovi.com\/hu\/","name":"Roovi B2B","description":"Roovi Business Website","potentialAction":[{"@type":"SearchAction","target":{"@type":"EntryPoint","urlTemplate":"https:\/\/business.roovi.com\/hu\/?s={search_term_string}"},"query-input":"required name=search_term_string"}],"inLanguage":"hu"}]}},"_links":{"self":[{"href":"https:\/\/business.roovi.com\/hu\/wp-json\/wp\/v2\/product\/40199","targetHints":{"allow":["GET"]}}],"collection":[{"href":"https:\/\/business.roovi.com\/hu\/wp-json\/wp\/v2\/product"}],"about":[{"href":"https:\/\/business.roovi.com\/hu\/wp-json\/wp\/v2\/types\/product"}],"version-history":[{"count":0,"href":"https:\/\/business.roovi.com\/hu\/wp-json\/wp\/v2\/product\/40199\/revisions"}],"wp:featuredmedia":[{"embeddable":true,"href":"https:\/\/business.roovi.com\/hu\/wp-json\/wp\/v2\/media\/36637"}],"wp:attachment":[{"href":"https:\/\/business.roovi.com\/hu\/wp-json\/wp\/v2\/media?parent=40199"}],"wp:term":[{"taxonomy":"product_brand","embeddable":true,"href":"https:\/\/business.roovi.com\/hu\/wp-json\/wp\/v2\/product_brand?post=40199"},{"taxonomy":"product_cat","embeddable":true,"href":"https:\/\/business.roovi.com\/hu\/wp-json\/wp\/v2\/product_cat?post=40199"},{"taxonomy":"product_tag","embeddable":true,"href":"https:\/\/business.roovi.com\/hu\/wp-json\/wp\/v2\/product_tag?post=40199"}],"curies":[{"name":"wp","href":"https:\/\/api.w.org\/{rel}","templated":true}]}}