{"id":40203,"date":"2018-09-05T16:19:52","date_gmt":"2018-09-05T16:19:52","guid":{"rendered":"https:\/\/business.roovi.com\/puzzle-1000-piese-imagini-din-romania-cazinoul-din-constanta-noaptea\/p\/"},"modified":"2022-07-06T14:34:47","modified_gmt":"2022-07-06T14:34:47","slug":"felnott-1000-darabos-puzzle-kepek-romaniabol-constanta-i-kaszino-ejszaka","status":"publish","type":"product","link":"https:\/\/business.roovi.com\/hu\/felnott-1000-darabos-puzzle-kepek-romaniabol-constanta-i-kaszino-ejszaka\/p\/","title":{"rendered":"Feln\u0151tt 1000 darabos puzzle &#8211; K\u00e9pek Rom\u00e1ni\u00e1b\u00f3l &#8211; Constanta-i kaszin\u00f3 \u00e9jszaka"},"content":{"rendered":"<p><span style=\"font-weight: 400\">A Konstancai Kaszin\u00f3 a v\u00e1ros egyik emblematikus \u00e9s reprezentat\u00edv \u00e9p\u00fclete, a boh\u00e9m \u00e9let szimb\u00f3luma, valamint azoknak az id\u0151knek a jelk\u00e9pe, amikor a v\u00e1ros elitje a s\u00e9t\u00e1nyon vonult fel <\/span><\/p>\n<p><span style=\"font-weight: 400\">A k\u00f6zvetlen\u00fcl a v\u00edzparton, Rom\u00e1nia legnagyobb kik\u00f6t\u0151je &#8211; a konstancai kik\u00f6t\u0151 &#8211; k\u00f6zel\u00e9ben tal\u00e1lhat\u00f3 kaszin\u00f3 a v\u00e1ros t\u00f6rt\u00e9nelmi k\u00f6zpontj\u00e1val hat\u00e1ros, de \u00fagy t\u0171nik, hogy a falak roml\u00e1s\u00e1val elvesztette r\u00e9gi f\u00e9ny\u00e9t \u00e9s csillog\u00e1s\u00e1t <\/span><\/p>\n<p><span style=\"font-weight: 400\">Mindazon\u00e1ltal, a kiv\u00e1l\u00f3 szecesszi\u00f3s \u00e9p\u00edt\u00e9szet m\u00e9g az omladoz\u00f3 falakon t\u00fal is megragadja a tekintetet, \u00e9s arra h\u00edvja a n\u00e9z\u0151t, hogy elk\u00e9pzelje a pomp\u00e1t, amelyet a Kaszin\u00f3 \u00e9p\u00fclete egykor ismert, \u00e9s amelyet a kiterjedt fel\u00faj\u00edt\u00e1s ut\u00e1n \u00fajra meg fog ismerni.<\/span><\/p>\n<p><span style=\"font-weight: 400\">Az I. K\u00e1roly kir\u00e1ly kezdem\u00e9nyez\u00e9s\u00e9re 1904 \u00e9s 1910 k\u00f6z\u00f6tt \u00e9p\u00fclt, eredetileg rom\u00e1n \u00e9p\u00edt\u00e9szeti st\u00edlusok kombin\u00e1ci\u00f3j\u00e1val tervezt\u00e9k, de a munk\u00e1latok megkezd\u00e9se ut\u00e1n megv\u00e1ltoztatt\u00e1k a kialak\u00edt\u00e1st, hogy \u00f6sszhangba hozz\u00e1k m\u00e1s eur\u00f3pai kaszin\u00f3k st\u00edlus\u00e1val, amely a r\u00e9szletekben extravag\u00e1ns, tiszteletet parancsol\u00f3 \u00e9s eleg\u00e1ns \u00f6lt\u00f6zk\u00f6d\u00e9sre h\u00edv\u00f3 volt.   <\/span><\/p>\n<p><span style=\"font-weight: 400\">Fedezze fel \u00e9s csod\u00e1lja meg testk\u00f6zelb\u0151l a csillagf\u00e9nyes \u00e9gbolt alatt f\u00e9nybe burkol\u00f3z\u00f3 Constanta Casino leny\u0171g\u00f6z\u0151 \u00e9p\u00edt\u00e9szeti r\u00e9szleteit egy 1000 darabos puzzle seg\u00edts\u00e9g\u00e9vel.<\/span><\/p>\n<h2><span style=\"font-weight: 400\">Mi\u00e9rt v\u00e1lasszon egy 1000 darabos feln\u0151tt puzzle-t K\u00e9pek Rom\u00e1ni\u00e1b\u00f3l<\/span><\/h2>\n<ul>\n<li><span style=\"font-weight: 400\">A kirak\u00f3s j\u00e1t\u00e9k pihentet\u0151 m\u00f3dja annak, hogy felfedezze a gazdag t\u00f6rt\u00e9nelm\u0171 ikonikus l\u00e1tnival\u00f3k sz\u00e9ps\u00e9g\u00e9t \u00e9s egyedis\u00e9g\u00e9t.<\/span><\/li>\n<li><span style=\"font-weight: 400\">A v\u00e9g\u00e9n egy leny\u0171g\u00f6z\u0151 k\u00e9pet kap a konstancai kaszin\u00f3r\u00f3l, amely b\u00e1rmelyik szoba r\u00e9g\u00f3ta csod\u00e1lt d\u00edsze lehet <\/span><\/li>\n<li><span style=\"font-weight: 400\">A kirak\u00f3s m\u00e9rete 68 x 47 cm, el\u00e9g nagy ahhoz, hogy a k\u00f6vetkez\u0151 festm\u00e9ny legyen, amellyel szem\u00e9lyes ter\u00e9t d\u00edsz\u00edtheti.<\/span><\/li>\n<li><span style=\"font-weight: 400\">A darabok kiv\u00e1l\u00f3 min\u0151s\u00e9g\u0171, tart\u00f3s kartonb\u00f3l k\u00e9sz\u00fcltek, \u00edgy a k\u00e9pet t\u00f6bbsz\u00f6r is \u00f6ssze lehet rakni an\u00e9lk\u00fcl, hogy a darabok megs\u00e9r\u00fcln\u00e9nek.<\/span><\/li>\n<li><span style=\"font-weight: 400\">Minden egyes puzzle elk\u00e9sz\u00edt\u00e9s\u00e9hez \u00fajrahasznos\u00edthat\u00f3 \u00e9s fenntarthat\u00f3 anyagokat haszn\u00e1lunk.<\/span><\/li>\n<li><span style=\"font-weight: 400\">A kellemes, f\u00e9lf\u00e9nyes fel\u00fclet kiemeli az \u00e9l\u00e9nk sz\u00edneket \u00e9s tiszt\u00e1v\u00e1 teszi a k\u00e9pet.<\/span><\/li>\n<li><span style=\"font-weight: 400\">A kirak\u00f3s j\u00e1t\u00e9k \u00e9rt\u00e9kes szellemi tr\u00e9ning, amely mindk\u00e9t agyf\u00e9ltek\u00e9t ig\u00e9nybe veszi, \u00e9s jav\u00edtja a mem\u00f3ri\u00e1t.<\/span><\/li>\n<li><span style=\"font-weight: 400\">\u00c9lvezetes m\u00f3dja a koordin\u00e1ci\u00f3, a motoros k\u00e9szs\u00e9gek \u00e9s a k\u00e9z\u00fcgyess\u00e9g edz\u00e9s\u00e9nek \u00e9s fenntart\u00e1s\u00e1nak b\u00e1rmely \u00e9letkorban.<\/span><\/li>\n<li><span style=\"font-weight: 400\">N\u00f6veli a r\u00e9szletekre val\u00f3 figyelmet \u00e9s a koncentr\u00e1ci\u00f3t.<\/span><\/li>\n<li><span style=\"font-weight: 400\">A j\u00e1t\u00e9k 14 \u00e9ves kort\u00f3l alkalmas, k\u00f6zepes bonyolults\u00e1gi fok\u00fa.<\/span><\/li>\n<\/ul>\n<h2><span style=\"font-weight: 400\">Tudtad<\/span><\/h2>\n<p><span style=\"font-weight: 400\">A pomp\u00e1s kaszin\u00f3 \u00e9p\u00fclet\u00e9t Ferdin\u00e1nd herceg jelenl\u00e9t\u00e9ben 1910. augusztus 15-\u00e9n avatt\u00e1k fel, \u00e9s ez volt a legnagyobb ilyen jelleg\u0171 \u00e9p\u00fclet Rom\u00e1ni\u00e1ban <\/span><\/p>\n<p><span style=\"font-weight: 400\">A konstancai kaszin\u00f3 a l\u00e1togat\u00f3k sz\u00f3rakoztat\u00e1s\u00e1ra \u00e9s \u00e9lvezet\u00e9re rulettet, blackjack-et, baccaratot, sz\u00ednh\u00e1zi el\u0151ad\u00e1sokat \u00e9s pazar \u00e9teleket szervezett a szikl\u00e1khoz csap\u00f3d\u00f3 hull\u00e1mok hangja mellett a szikl\u00e1kon l\u00e9v\u0151 \u00e9tterem var\u00e1zslatos k\u00f6rnyezet\u00e9ben.<\/span><\/p>\n<p><span style=\"font-weight: 400\">1912-ben a kaszin\u00f3 el\u0151tt egy \u00e9ttermi pavilont \u00e9p\u00edtettek, egy \u00e9rdekes \u00e9p\u00fcletet, amely ma a konstancai akv\u00e1riumnak ad otthont <\/span><\/p>\n<h2><span style=\"font-weight: 400\">Feln\u0151tt 1000 darabos puzzle &#8211; fedezzen fel egy sz\u00f3rakoztat\u00f3 \u00e9s izgalmas tev\u00e9kenys\u00e9get<\/span><\/h2>\n<p><span style=\"font-weight: 400\">V\u00e1laszd, hogy egyed\u00fcl\u00e1ll\u00f3 m\u00f3don fedezed fel Rom\u00e1ni\u00e1t: rakd \u00f6ssze a puzzle-t, \u00e9s rakd \u00f6ssze darabr\u00f3l darabra egy ikonikus \u00e9p\u00edt\u00e9szeti gy\u00f6ngyszemet <\/span><\/p>\n<p><span style=\"font-weight: 400\">Fedezze fel a Konstancai Kaszin\u00f3t egy 1000 darabos puzzle seg\u00edts\u00e9g\u00e9vel, \u00e9s \u00e9lvezze a kreat\u00edv kikapcsol\u00f3d\u00e1st n\u00e9h\u00e1ny \u00f3r\u00e1n \u00e1t, mik\u00f6zben megtal\u00e1lja a megfelel\u0151 darabokat a k\u00e9p befejez\u00e9s\u00e9hez <\/span><\/p>\n<p><span style=\"font-weight: 400\">Emellett a rom\u00e1niai k\u00e9pekb\u0151l kirakott puzzle \u00f6ssze\u00e1ll\u00edt\u00e1sa nagyon \u00e9lvezetes tev\u00e9kenys\u00e9g, amely visszavezet az eredethez. Egy utaz\u00e1s hossz\u00fa \u00e9s viharos t\u00f6rt\u00e9nelm\u00fcnkbe, amelyen kereszt\u00fcl leny\u0171g\u00f6z\u0151 r\u00e9szleteket \u00e9s m\u0171eml\u00e9keket fedezhet fel, mik\u00f6zben pihenhet \u00e9s kikapcsol\u00f3dhat a mindennapi \u00e9let ny\u00fczsg\u00e9s\u00e9b\u0151l.<\/span><\/p><\/p>\n","protected":false},"excerpt":{"rendered":"<p>A Konstancai Kaszin\u00f3 a v\u00e1ros egyik emblematikus \u00e9s reprezentat\u00edv \u00e9p\u00fclete, a boh\u00e9m \u00e9let szimb\u00f3luma, valamint azoknak az id\u0151knek a jelk\u00e9pe,<\/p>\n","protected":false},"featured_media":36633,"template":"","meta":[],"product_brand":[],"product_cat":[1920,1919,1881],"product_tag":[],"class_list":{"0":"post-40203","1":"product","2":"type-product","3":"status-publish","4":"has-post-thumbnail","6":"product_cat-1000-darabos-kirakos-jatek","7":"product_cat-felnott-kirakos-jatekok","8":"product_cat-kirakos-jatekok","9":"pa_brand-d_toys-hu","10":"pa_country_of_manufacture-ro-hu","11":"pa_filter_age-14-hu","12":"pa_painter-romania-hu","13":"pa_tip_ambalaj-doboz","14":"pa_tip_puzzle-klasszikus","16":"first","17":"instock","18":"taxable","19":"shipping-taxable","20":"product-type-simple"},"yoast_head":"<!-- This site is optimized with the Yoast SEO plugin v20.1 - https:\/\/yoast.com\/wordpress\/plugins\/seo\/ -->\n<title>Feln\u0151tt 1000 darabos puzzle - K\u00e9pek Rom\u00e1ni\u00e1b\u00f3l - Constanta-i kaszin\u00f3 \u00e9jszaka<\/title>\n<meta name=\"description\" content=\"Feln\u0151tt 1000 darabos puzzle - K\u00e9pek Rom\u00e1ni\u00e1b\u00f3l - Constanta-i kaszin\u00f3 \u00e9jszaka\" \/>\n<meta name=\"robots\" content=\"index, follow, max-snippet:-1, max-image-preview:large, max-video-preview:-1\" \/>\n<link rel=\"canonical\" href=\"https:\/\/business.roovi.com\/hu\/felnott-1000-darabos-puzzle-kepek-romaniabol-constanta-i-kaszino-ejszaka\/p\/\" \/>\n<meta property=\"og:locale\" content=\"hu_HU\" \/>\n<meta property=\"og:type\" content=\"article\" \/>\n<meta property=\"og:title\" content=\"Feln\u0151tt 1000 darabos puzzle - K\u00e9pek Rom\u00e1ni\u00e1b\u00f3l - Constanta-i kaszin\u00f3 \u00e9jszaka\" \/>\n<meta property=\"og:description\" content=\"Feln\u0151tt 1000 darabos puzzle - K\u00e9pek Rom\u00e1ni\u00e1b\u00f3l - Constanta-i kaszin\u00f3 \u00e9jszaka\" \/>\n<meta property=\"og:url\" content=\"https:\/\/business.roovi.com\/hu\/felnott-1000-darabos-puzzle-kepek-romaniabol-constanta-i-kaszino-ejszaka\/p\/\" \/>\n<meta property=\"og:site_name\" content=\"Roovi B2B\" \/>\n<meta property=\"article:publisher\" content=\"https:\/\/www.facebook.com\/wwwjucariero\" \/>\n<meta property=\"article:modified_time\" content=\"2022-07-06T14:34:47+00:00\" \/>\n<meta property=\"og:image\" content=\"https:\/\/business.roovi.com\/wp-content\/uploads\/2018\/09\/63038_15.jpg\" \/>\n\t<meta property=\"og:image:width\" content=\"1200\" \/>\n\t<meta property=\"og:image:height\" content=\"1200\" \/>\n\t<meta property=\"og:image:type\" content=\"image\/jpeg\" \/>\n<meta name=\"twitter:label1\" content=\"Becs\u00fclt olvas\u00e1si id\u0151\" \/>\n\t<meta name=\"twitter:data1\" content=\"4 perc\" \/>\n<script type=\"application\/ld+json\" class=\"yoast-schema-graph\">{\"@context\":\"https:\/\/schema.org\",\"@graph\":[{\"@type\":\"WebPage\",\"@id\":\"https:\/\/business.roovi.com\/hu\/felnott-1000-darabos-puzzle-kepek-romaniabol-constanta-i-kaszino-ejszaka\/p\/\",\"url\":\"https:\/\/business.roovi.com\/hu\/felnott-1000-darabos-puzzle-kepek-romaniabol-constanta-i-kaszino-ejszaka\/p\/\",\"name\":\"Feln\u0151tt 1000 darabos puzzle - K\u00e9pek Rom\u00e1ni\u00e1b\u00f3l - Constanta-i kaszin\u00f3 \u00e9jszaka\",\"isPartOf\":{\"@id\":\"https:\/\/business.roovi.com\/hu\/#website\"},\"datePublished\":\"2018-09-05T16:19:52+00:00\",\"dateModified\":\"2022-07-06T14:34:47+00:00\",\"description\":\"Feln\u0151tt 1000 darabos puzzle - K\u00e9pek Rom\u00e1ni\u00e1b\u00f3l - Constanta-i kaszin\u00f3 \u00e9jszaka\",\"breadcrumb\":{\"@id\":\"https:\/\/business.roovi.com\/hu\/felnott-1000-darabos-puzzle-kepek-romaniabol-constanta-i-kaszino-ejszaka\/p\/#breadcrumb\"},\"inLanguage\":\"hu\",\"potentialAction\":[{\"@type\":\"ReadAction\",\"target\":[\"https:\/\/business.roovi.com\/hu\/felnott-1000-darabos-puzzle-kepek-romaniabol-constanta-i-kaszino-ejszaka\/p\/\"]}]},{\"@type\":\"BreadcrumbList\",\"@id\":\"https:\/\/business.roovi.com\/hu\/felnott-1000-darabos-puzzle-kepek-romaniabol-constanta-i-kaszino-ejszaka\/p\/#breadcrumb\",\"itemListElement\":[{\"@type\":\"ListItem\",\"position\":1,\"name\":\"Home\",\"item\":\"https:\/\/business.roovi.com\/hu\/\"},{\"@type\":\"ListItem\",\"position\":2,\"name\":\"Shop\",\"item\":\"https:\/\/business.roovi.com\/hu\/shop\/\"},{\"@type\":\"ListItem\",\"position\":3,\"name\":\"Feln\u0151tt 1000 darabos puzzle &#8211; K\u00e9pek Rom\u00e1ni\u00e1b\u00f3l &#8211; Constanta-i kaszin\u00f3 \u00e9jszaka\"}]},{\"@type\":\"WebSite\",\"@id\":\"https:\/\/business.roovi.com\/hu\/#website\",\"url\":\"https:\/\/business.roovi.com\/hu\/\",\"name\":\"Roovi B2B\",\"description\":\"Roovi Business Website\",\"potentialAction\":[{\"@type\":\"SearchAction\",\"target\":{\"@type\":\"EntryPoint\",\"urlTemplate\":\"https:\/\/business.roovi.com\/hu\/?s={search_term_string}\"},\"query-input\":\"required name=search_term_string\"}],\"inLanguage\":\"hu\"}]}<\/script>\n<!-- \/ Yoast SEO plugin. -->","yoast_head_json":{"title":"Feln\u0151tt 1000 darabos puzzle - K\u00e9pek Rom\u00e1ni\u00e1b\u00f3l - Constanta-i kaszin\u00f3 \u00e9jszaka","description":"Feln\u0151tt 1000 darabos puzzle - K\u00e9pek Rom\u00e1ni\u00e1b\u00f3l - Constanta-i kaszin\u00f3 \u00e9jszaka","robots":{"index":"index","follow":"follow","max-snippet":"max-snippet:-1","max-image-preview":"max-image-preview:large","max-video-preview":"max-video-preview:-1"},"canonical":"https:\/\/business.roovi.com\/hu\/felnott-1000-darabos-puzzle-kepek-romaniabol-constanta-i-kaszino-ejszaka\/p\/","og_locale":"hu_HU","og_type":"article","og_title":"Feln\u0151tt 1000 darabos puzzle - K\u00e9pek Rom\u00e1ni\u00e1b\u00f3l - Constanta-i kaszin\u00f3 \u00e9jszaka","og_description":"Feln\u0151tt 1000 darabos puzzle - K\u00e9pek Rom\u00e1ni\u00e1b\u00f3l - Constanta-i kaszin\u00f3 \u00e9jszaka","og_url":"https:\/\/business.roovi.com\/hu\/felnott-1000-darabos-puzzle-kepek-romaniabol-constanta-i-kaszino-ejszaka\/p\/","og_site_name":"Roovi B2B","article_publisher":"https:\/\/www.facebook.com\/wwwjucariero","article_modified_time":"2022-07-06T14:34:47+00:00","og_image":[{"width":1200,"height":1200,"url":"https:\/\/business.roovi.com\/wp-content\/uploads\/2018\/09\/63038_15.jpg","type":"image\/jpeg"}],"twitter_misc":{"Becs\u00fclt olvas\u00e1si id\u0151":"4 perc"},"schema":{"@context":"https:\/\/schema.org","@graph":[{"@type":"WebPage","@id":"https:\/\/business.roovi.com\/hu\/felnott-1000-darabos-puzzle-kepek-romaniabol-constanta-i-kaszino-ejszaka\/p\/","url":"https:\/\/business.roovi.com\/hu\/felnott-1000-darabos-puzzle-kepek-romaniabol-constanta-i-kaszino-ejszaka\/p\/","name":"Feln\u0151tt 1000 darabos puzzle - K\u00e9pek Rom\u00e1ni\u00e1b\u00f3l - Constanta-i kaszin\u00f3 \u00e9jszaka","isPartOf":{"@id":"https:\/\/business.roovi.com\/hu\/#website"},"datePublished":"2018-09-05T16:19:52+00:00","dateModified":"2022-07-06T14:34:47+00:00","description":"Feln\u0151tt 1000 darabos puzzle - K\u00e9pek Rom\u00e1ni\u00e1b\u00f3l - Constanta-i kaszin\u00f3 \u00e9jszaka","breadcrumb":{"@id":"https:\/\/business.roovi.com\/hu\/felnott-1000-darabos-puzzle-kepek-romaniabol-constanta-i-kaszino-ejszaka\/p\/#breadcrumb"},"inLanguage":"hu","potentialAction":[{"@type":"ReadAction","target":["https:\/\/business.roovi.com\/hu\/felnott-1000-darabos-puzzle-kepek-romaniabol-constanta-i-kaszino-ejszaka\/p\/"]}]},{"@type":"BreadcrumbList","@id":"https:\/\/business.roovi.com\/hu\/felnott-1000-darabos-puzzle-kepek-romaniabol-constanta-i-kaszino-ejszaka\/p\/#breadcrumb","itemListElement":[{"@type":"ListItem","position":1,"name":"Home","item":"https:\/\/business.roovi.com\/hu\/"},{"@type":"ListItem","position":2,"name":"Shop","item":"https:\/\/business.roovi.com\/hu\/shop\/"},{"@type":"ListItem","position":3,"name":"Feln\u0151tt 1000 darabos puzzle &#8211; K\u00e9pek Rom\u00e1ni\u00e1b\u00f3l &#8211; Constanta-i kaszin\u00f3 \u00e9jszaka"}]},{"@type":"WebSite","@id":"https:\/\/business.roovi.com\/hu\/#website","url":"https:\/\/business.roovi.com\/hu\/","name":"Roovi B2B","description":"Roovi Business Website","potentialAction":[{"@type":"SearchAction","target":{"@type":"EntryPoint","urlTemplate":"https:\/\/business.roovi.com\/hu\/?s={search_term_string}"},"query-input":"required name=search_term_string"}],"inLanguage":"hu"}]}},"_links":{"self":[{"href":"https:\/\/business.roovi.com\/hu\/wp-json\/wp\/v2\/product\/40203","targetHints":{"allow":["GET"]}}],"collection":[{"href":"https:\/\/business.roovi.com\/hu\/wp-json\/wp\/v2\/product"}],"about":[{"href":"https:\/\/business.roovi.com\/hu\/wp-json\/wp\/v2\/types\/product"}],"version-history":[{"count":0,"href":"https:\/\/business.roovi.com\/hu\/wp-json\/wp\/v2\/product\/40203\/revisions"}],"wp:featuredmedia":[{"embeddable":true,"href":"https:\/\/business.roovi.com\/hu\/wp-json\/wp\/v2\/media\/36633"}],"wp:attachment":[{"href":"https:\/\/business.roovi.com\/hu\/wp-json\/wp\/v2\/media?parent=40203"}],"wp:term":[{"taxonomy":"product_brand","embeddable":true,"href":"https:\/\/business.roovi.com\/hu\/wp-json\/wp\/v2\/product_brand?post=40203"},{"taxonomy":"product_cat","embeddable":true,"href":"https:\/\/business.roovi.com\/hu\/wp-json\/wp\/v2\/product_cat?post=40203"},{"taxonomy":"product_tag","embeddable":true,"href":"https:\/\/business.roovi.com\/hu\/wp-json\/wp\/v2\/product_tag?post=40203"}],"curies":[{"name":"wp","href":"https:\/\/api.w.org\/{rel}","templated":true}]}}