{"id":40207,"date":"2018-09-05T16:16:33","date_gmt":"2018-09-05T16:16:33","guid":{"rendered":"https:\/\/business.roovi.com\/puzzle-1000-piese-imagini-din-romania-manastirea-curtea-de-arges\/p\/"},"modified":"2022-07-06T14:34:55","modified_gmt":"2022-07-06T14:34:55","slug":"felnott-1000-darabos-puzzle-kepek-romaniabol-curtea-de-arges-kolostor","status":"publish","type":"product","link":"https:\/\/business.roovi.com\/hu\/felnott-1000-darabos-puzzle-kepek-romaniabol-curtea-de-arges-kolostor\/p\/","title":{"rendered":"Feln\u0151tt 1000 darabos puzzle &#8211; K\u00e9pek Rom\u00e1ni\u00e1b\u00f3l &#8211; Curtea de Arges kolostor"},"content":{"rendered":"<p><span style=\"font-weight: 400\">A Neagoe Basarab \u00e1ltal alap\u00edtott Curtea de Arge\u0219 kolostor \u00e9p\u00edt\u00e9szetileg \u00e9s a bels\u0151 festm\u00e9nyek tekintet\u00e9ben is leny\u0171g\u00f6z\u0151 \u00e9p\u00fclet.<\/span><\/p>\n<p><span style=\"font-weight: 400\">A Vlad Tepes \u00e1ltal a 15. sz\u00e1zadban alap\u00edtott egykori valahai mitropolisz hely\u00e9n \u00e9p\u00fclt Curtea de Arge\u0219 kolostor ma a rom\u00e1n kir\u00e1lyi csal\u00e1d nekropolisz\u00e1nak, valamint sz\u00e1mos szent erekly\u00e9j\u00e9nek ad otthont. I. K\u00e1roly kir\u00e1ly \u00e9s Erzs\u00e9bet kir\u00e1lyn\u00e9, Ferdin\u00e1nd kir\u00e1ly \u00e9s M\u00e1ria kir\u00e1lyn\u00e9 m\u00e9g mindig innen \u0151rzik Rom\u00e1ni\u00e1t, \u00e9s most I. Mih\u00e1ly kir\u00e1ly is vel\u00fck van.<\/span><\/p>\n<p><span style=\"font-weight: 400\">A kolostor \u00e9p\u00edt\u00e9s\u00e9vel egy \u00fcgyes mesterembert b\u00edztak meg, akinek eml\u00e9k\u00e9hez az egyik legh\u00edresebb rom\u00e1niai legenda &#8211; a Manole mester legend\u00e1ja &#8211; f\u0171z\u0151dik <\/span><\/p>\n<p><span style=\"font-weight: 400\">Andre Lecomte du Nouy francia \u00e9p\u00edt\u00e9sz a 19. sz\u00e1zad m\u00e1sodik fel\u00e9ben hozz\u00e1j\u00e1rult a kolostor jelenlegi form\u00e1j\u00e1nak kialak\u00edt\u00e1s\u00e1hoz, de \u00fagy d\u00f6nt\u00f6tt, hogy az eredeti bels\u0151 fresk\u00f3k egy r\u00e9sz\u00e9t megv\u00e1ltoztatja, ezzel elrontva annak m\u0171v\u00e9szi \u00e9s t\u00f6rt\u00e9nelmi \u00e9rt\u00e9k\u00e9t.<\/span><\/p>\n<p><span style=\"font-weight: 400\">Egy 1000 darabos puzzle seg\u00edts\u00e9g\u00e9vel k\u00f6zelr\u0151l csod\u00e1lhatja meg a Curtea de Arge\u0219 kolostor leny\u0171g\u00f6z\u0151 \u00e9p\u00edt\u00e9szeti r\u00e9szleteit, \u00e9s darabr\u00f3l darabra \u00f6ssze\u00e1ll\u00edthatja a kolostor \u00e9s a k\u00f6rnyez\u0151 park panor\u00e1mak\u00e9p\u00e9t <\/span><\/p>\n<h2><span style=\"font-weight: 400\">Mi\u00e9rt k\u00fcl\u00f6nleges Feln\u0151tt puzzle 1000 darab K\u00e9pek Rom\u00e1ni\u00e1b\u00f3l<\/span><\/h2>\n<ul>\n<li><span style=\"font-weight: 400\">A kirak\u00f3s j\u00e1t\u00e9k pihentet\u0151 m\u00f3dja annak, hogy felfedezze a n\u00e9pszer\u0171 l\u00e1tnival\u00f3k sz\u00e9ps\u00e9g\u00e9t \u00e9s egyedis\u00e9g\u00e9t, amelyekhez j\u00f3l ismert legend\u00e1k kapcsol\u00f3dnak.<\/span><\/li>\n<li><span style=\"font-weight: 400\">A v\u00e9g\u00e9n leny\u0171g\u00f6z\u0151 k\u00e9pet kap a Curtea de Arge\u0219 kolostorr\u00f3l, amely r\u00e9g\u00f3ta csod\u00e1lt l\u00e1tv\u00e1nyoss\u00e1gg\u00e1 v\u00e1lhat <\/span><\/li>\n<li><span style=\"font-weight: 400\">A kirak\u00f3s m\u00e9rete 68 x 47 cm, el\u00e9g nagy ahhoz, hogy a k\u00f6vetkez\u0151 festm\u00e9ny legyen, amellyel szem\u00e9lyes ter\u00e9t d\u00edsz\u00edtheti.<\/span><\/li>\n<li><span style=\"font-weight: 400\">A darabok kiv\u00e1l\u00f3 min\u0151s\u00e9g\u0171, tart\u00f3s kartonb\u00f3l k\u00e9sz\u00fcltek, \u00edgy a k\u00e9pet t\u00f6bbsz\u00f6r is \u00f6ssze lehet rakni an\u00e9lk\u00fcl, hogy a darabok megs\u00e9r\u00fcln\u00e9nek.<\/span><\/li>\n<li><span style=\"font-weight: 400\">Minden egyes puzzle elk\u00e9sz\u00edt\u00e9s\u00e9hez \u00fajrahasznos\u00edthat\u00f3 \u00e9s fenntarthat\u00f3 anyagokat haszn\u00e1lunk.<\/span><\/li>\n<li><span style=\"font-weight: 400\">A kellemes, f\u00e9lf\u00e9nyes fel\u00fclet kiemeli az \u00e9l\u00e9nk sz\u00edneket \u00e9s tiszt\u00e1v\u00e1 teszi a k\u00e9pet.<\/span><\/li>\n<li><span style=\"font-weight: 400\">A kirak\u00f3s j\u00e1t\u00e9k \u00e9rt\u00e9kes szellemi tr\u00e9ning, amely mindk\u00e9t agyf\u00e9ltek\u00e9t ig\u00e9nybe veszi, \u00e9s jav\u00edtja a mem\u00f3ri\u00e1t.<\/span><\/li>\n<li><span style=\"font-weight: 400\">\u00c9lvezetes m\u00f3dja a koordin\u00e1ci\u00f3, a motoros k\u00e9szs\u00e9gek \u00e9s a k\u00e9z\u00fcgyess\u00e9g edz\u00e9s\u00e9nek \u00e9s fenntart\u00e1s\u00e1nak b\u00e1rmely \u00e9letkorban.<\/span><\/li>\n<li><span style=\"font-weight: 400\">N\u00f6veli a r\u00e9szletekre val\u00f3 figyelmet \u00e9s a koncentr\u00e1ci\u00f3t.<\/span><\/li>\n<li><span style=\"font-weight: 400\">A j\u00e1t\u00e9k 14 \u00e9ves kort\u00f3l alkalmas, k\u00f6zepes bonyolults\u00e1gi fok\u00fa.<\/span><\/li>\n<\/ul>\n<h2><span style=\"font-weight: 400\">Tudtad<\/span><\/h2>\n<p><span style=\"font-weight: 400\">A gy\u00f6ny\u00f6r\u0171 kolostor sikeres \u00e9p\u00edt\u00e9s\u00e9nek sajnos nem t\u00fal boldog, hanem ink\u00e1bb v\u00e9res, \u00e1ldozatokon \u00e9s hi\u00fas\u00e1gon alapul\u00f3 alapja van.<\/span><\/p>\n<p><span style=\"font-weight: 400\">\u00c1ldozat, mert Manole csak azut\u00e1n fejezhette be a munk\u00e1t, hogy \u00e1ldozatot mutatott be, \u00e9s feles\u00e9g\u00e9t, An\u00e1t a kolostor falai k\u00f6z\u00e9 \u00e9p\u00edtette, \u00e9s hi\u00fas\u00e1g, mert a munka v\u00e9g\u00e9n az uralkod\u00f3 elrendelte, hogy az \u00e1llv\u00e1nyzatot t\u00e1vol\u00edts\u00e1k el, a mesterembereket pedig hagyj\u00e1k a tet\u0151n, hogy ne emelhessen m\u00e9g egy ilyen nagy \u00e9s sz\u00e9p \u00e9p\u00fcletet, mint ez. A mesteremberek, k\u00f6zt\u00fck Manole, hogy megments\u00e9k magukat, zsindelysz\u00e1rnyakat \u00e9p\u00edtettek, \u00e9s a rep\u00fcl\u00e9s rem\u00e9ny\u00e9ben levetett\u00e9k magukat a tet\u0151r\u0151l <\/span><\/p>\n<p><span style=\"font-weight: 400\">A kolostor falai k\u00f6zel\u00e9ben l\u00e9v\u0151 Manole-k\u00fat \u00e1ll\u00edt\u00f3lag ott jelent meg, ahol Manole a tet\u0151r\u0151l lezuhanva meghalt <\/span><\/p>\n<p><span style=\"font-weight: 400\">A kolostor belsej\u00e9ben tal\u00e1lhat\u00f3 egy evang\u00e9lium, amelyet maga Erzs\u00e9bet rom\u00e1n kir\u00e1lyn\u00e9 \u00edrt aranybet\u0171kkel <\/span><\/p>\n<h2><span style=\"font-weight: 400\">Feln\u0151tt 1000 darabos puzzle &#8211; fedezzen fel egy sz\u00f3rakoztat\u00f3 \u00e9s izgalmas tev\u00e9kenys\u00e9get<\/span><\/h2>\n<p><span style=\"font-weight: 400\">V\u00e1laszd, hogy egyed\u00fcl\u00e1ll\u00f3 m\u00f3don fedezed fel Rom\u00e1ni\u00e1t: rakd \u00f6ssze a puzzle-t, \u00e9s rakd \u00f6ssze darabr\u00f3l darabra az \u00e9p\u00edt\u00e9szeti gy\u00f6ngyszemet <\/span><\/p>\n<p><span style=\"font-weight: 400\">Fedezze fel a Curtea de Arge\u0219 kolostort egy 1000 darabos puzzle seg\u00edts\u00e9g\u00e9vel, \u00e9s \u00e9lvezze a kreat\u00edv pihen\u00e9s n\u00e9h\u00e1ny \u00f3r\u00e1j\u00e1t, mik\u00f6zben megtal\u00e1lja a megfelel\u0151 darabokat a k\u00e9p befejez\u00e9s\u00e9hez <\/span><\/p>\n<p><span style=\"font-weight: 400\">Emellett a rom\u00e1niai k\u00e9pekb\u0151l \u00f6ssze\u00e1ll\u00edtott puzzle \u00f6ssze\u00e1ll\u00edt\u00e1sa nagyon \u00e9lvezetes tev\u00e9kenys\u00e9g, amely visszavezet a sz\u00e1rmaz\u00e1shoz. Egy utaz\u00e1s hossz\u00fa \u00e9s viharos t\u00f6rt\u00e9nelm\u00fcnkbe, amelyen kereszt\u00fcl leny\u0171g\u00f6z\u0151 r\u00e9szleteket \u00e9s m\u0171eml\u00e9keket fedezhet fel, mik\u00f6zben pihenhet \u00e9s kikapcsol\u00f3dhat a mindennapi \u00e9let ny\u00fczsg\u00e9s\u00e9b\u0151l.<\/span><\/p><\/p>\n","protected":false},"excerpt":{"rendered":"<p>A Neagoe Basarab \u00e1ltal alap\u00edtott Curtea de Arge\u0219 kolostor \u00e9p\u00edt\u00e9szetileg \u00e9s a bels\u0151 festm\u00e9nyek tekintet\u00e9ben is leny\u0171g\u00f6z\u0151 \u00e9p\u00fclet. A Vlad<\/p>\n","protected":false},"featured_media":36629,"template":"","meta":[],"product_brand":[],"product_cat":[1920,1919,1881],"product_tag":[],"class_list":{"0":"post-40207","1":"product","2":"type-product","3":"status-publish","4":"has-post-thumbnail","6":"product_cat-1000-darabos-kirakos-jatek","7":"product_cat-felnott-kirakos-jatekok","8":"product_cat-kirakos-jatekok","9":"pa_brand-d_toys-hu","10":"pa_country_of_manufacture-ro-hu","11":"pa_filter_age-14-hu","12":"pa_painter-romania-hu","13":"pa_tip_ambalaj-doboz","14":"pa_tip_puzzle-klasszikus","16":"first","17":"instock","18":"taxable","19":"shipping-taxable","20":"product-type-simple"},"yoast_head":"<!-- This site is optimized with the Yoast SEO plugin v20.1 - https:\/\/yoast.com\/wordpress\/plugins\/seo\/ -->\n<title>Feln\u0151tt 1000 darabos puzzle - K\u00e9pek Rom\u00e1ni\u00e1b\u00f3l - Curtea de Arges kolostor<\/title>\n<meta name=\"description\" content=\"Feln\u0151tt 1000 darabos puzzle - K\u00e9pek Rom\u00e1ni\u00e1b\u00f3l - Curtea de Arges kolostor\" \/>\n<meta name=\"robots\" content=\"index, follow, max-snippet:-1, max-image-preview:large, max-video-preview:-1\" \/>\n<link rel=\"canonical\" href=\"https:\/\/business.roovi.com\/hu\/felnott-1000-darabos-puzzle-kepek-romaniabol-curtea-de-arges-kolostor\/p\/\" \/>\n<meta property=\"og:locale\" content=\"hu_HU\" \/>\n<meta property=\"og:type\" content=\"article\" \/>\n<meta property=\"og:title\" content=\"Feln\u0151tt 1000 darabos puzzle - K\u00e9pek Rom\u00e1ni\u00e1b\u00f3l - Curtea de Arges kolostor\" \/>\n<meta property=\"og:description\" content=\"Feln\u0151tt 1000 darabos puzzle - K\u00e9pek Rom\u00e1ni\u00e1b\u00f3l - Curtea de Arges kolostor\" \/>\n<meta property=\"og:url\" content=\"https:\/\/business.roovi.com\/hu\/felnott-1000-darabos-puzzle-kepek-romaniabol-curtea-de-arges-kolostor\/p\/\" \/>\n<meta property=\"og:site_name\" content=\"Roovi B2B\" \/>\n<meta property=\"article:publisher\" content=\"https:\/\/www.facebook.com\/wwwjucariero\" \/>\n<meta property=\"article:modified_time\" content=\"2022-07-06T14:34:55+00:00\" \/>\n<meta property=\"og:image\" content=\"https:\/\/business.roovi.com\/wp-content\/uploads\/2018\/09\/63038_14.jpg\" \/>\n\t<meta property=\"og:image:width\" content=\"1200\" \/>\n\t<meta property=\"og:image:height\" content=\"1200\" \/>\n\t<meta property=\"og:image:type\" content=\"image\/jpeg\" \/>\n<meta name=\"twitter:label1\" content=\"Becs\u00fclt olvas\u00e1si id\u0151\" \/>\n\t<meta name=\"twitter:data1\" content=\"4 perc\" \/>\n<script type=\"application\/ld+json\" class=\"yoast-schema-graph\">{\"@context\":\"https:\/\/schema.org\",\"@graph\":[{\"@type\":\"WebPage\",\"@id\":\"https:\/\/business.roovi.com\/hu\/felnott-1000-darabos-puzzle-kepek-romaniabol-curtea-de-arges-kolostor\/p\/\",\"url\":\"https:\/\/business.roovi.com\/hu\/felnott-1000-darabos-puzzle-kepek-romaniabol-curtea-de-arges-kolostor\/p\/\",\"name\":\"Feln\u0151tt 1000 darabos puzzle - K\u00e9pek Rom\u00e1ni\u00e1b\u00f3l - Curtea de Arges kolostor\",\"isPartOf\":{\"@id\":\"https:\/\/business.roovi.com\/hu\/#website\"},\"datePublished\":\"2018-09-05T16:16:33+00:00\",\"dateModified\":\"2022-07-06T14:34:55+00:00\",\"description\":\"Feln\u0151tt 1000 darabos puzzle - K\u00e9pek Rom\u00e1ni\u00e1b\u00f3l - Curtea de Arges kolostor\",\"breadcrumb\":{\"@id\":\"https:\/\/business.roovi.com\/hu\/felnott-1000-darabos-puzzle-kepek-romaniabol-curtea-de-arges-kolostor\/p\/#breadcrumb\"},\"inLanguage\":\"hu\",\"potentialAction\":[{\"@type\":\"ReadAction\",\"target\":[\"https:\/\/business.roovi.com\/hu\/felnott-1000-darabos-puzzle-kepek-romaniabol-curtea-de-arges-kolostor\/p\/\"]}]},{\"@type\":\"BreadcrumbList\",\"@id\":\"https:\/\/business.roovi.com\/hu\/felnott-1000-darabos-puzzle-kepek-romaniabol-curtea-de-arges-kolostor\/p\/#breadcrumb\",\"itemListElement\":[{\"@type\":\"ListItem\",\"position\":1,\"name\":\"Home\",\"item\":\"https:\/\/business.roovi.com\/hu\/\"},{\"@type\":\"ListItem\",\"position\":2,\"name\":\"Shop\",\"item\":\"https:\/\/business.roovi.com\/hu\/shop\/\"},{\"@type\":\"ListItem\",\"position\":3,\"name\":\"Feln\u0151tt 1000 darabos puzzle &#8211; K\u00e9pek Rom\u00e1ni\u00e1b\u00f3l &#8211; Curtea de Arges kolostor\"}]},{\"@type\":\"WebSite\",\"@id\":\"https:\/\/business.roovi.com\/hu\/#website\",\"url\":\"https:\/\/business.roovi.com\/hu\/\",\"name\":\"Roovi B2B\",\"description\":\"Roovi Business Website\",\"potentialAction\":[{\"@type\":\"SearchAction\",\"target\":{\"@type\":\"EntryPoint\",\"urlTemplate\":\"https:\/\/business.roovi.com\/hu\/?s={search_term_string}\"},\"query-input\":\"required name=search_term_string\"}],\"inLanguage\":\"hu\"}]}<\/script>\n<!-- \/ Yoast SEO plugin. -->","yoast_head_json":{"title":"Feln\u0151tt 1000 darabos puzzle - K\u00e9pek Rom\u00e1ni\u00e1b\u00f3l - Curtea de Arges kolostor","description":"Feln\u0151tt 1000 darabos puzzle - K\u00e9pek Rom\u00e1ni\u00e1b\u00f3l - Curtea de Arges kolostor","robots":{"index":"index","follow":"follow","max-snippet":"max-snippet:-1","max-image-preview":"max-image-preview:large","max-video-preview":"max-video-preview:-1"},"canonical":"https:\/\/business.roovi.com\/hu\/felnott-1000-darabos-puzzle-kepek-romaniabol-curtea-de-arges-kolostor\/p\/","og_locale":"hu_HU","og_type":"article","og_title":"Feln\u0151tt 1000 darabos puzzle - K\u00e9pek Rom\u00e1ni\u00e1b\u00f3l - Curtea de Arges kolostor","og_description":"Feln\u0151tt 1000 darabos puzzle - K\u00e9pek Rom\u00e1ni\u00e1b\u00f3l - Curtea de Arges kolostor","og_url":"https:\/\/business.roovi.com\/hu\/felnott-1000-darabos-puzzle-kepek-romaniabol-curtea-de-arges-kolostor\/p\/","og_site_name":"Roovi B2B","article_publisher":"https:\/\/www.facebook.com\/wwwjucariero","article_modified_time":"2022-07-06T14:34:55+00:00","og_image":[{"width":1200,"height":1200,"url":"https:\/\/business.roovi.com\/wp-content\/uploads\/2018\/09\/63038_14.jpg","type":"image\/jpeg"}],"twitter_misc":{"Becs\u00fclt olvas\u00e1si id\u0151":"4 perc"},"schema":{"@context":"https:\/\/schema.org","@graph":[{"@type":"WebPage","@id":"https:\/\/business.roovi.com\/hu\/felnott-1000-darabos-puzzle-kepek-romaniabol-curtea-de-arges-kolostor\/p\/","url":"https:\/\/business.roovi.com\/hu\/felnott-1000-darabos-puzzle-kepek-romaniabol-curtea-de-arges-kolostor\/p\/","name":"Feln\u0151tt 1000 darabos puzzle - K\u00e9pek Rom\u00e1ni\u00e1b\u00f3l - Curtea de Arges kolostor","isPartOf":{"@id":"https:\/\/business.roovi.com\/hu\/#website"},"datePublished":"2018-09-05T16:16:33+00:00","dateModified":"2022-07-06T14:34:55+00:00","description":"Feln\u0151tt 1000 darabos puzzle - K\u00e9pek Rom\u00e1ni\u00e1b\u00f3l - Curtea de Arges kolostor","breadcrumb":{"@id":"https:\/\/business.roovi.com\/hu\/felnott-1000-darabos-puzzle-kepek-romaniabol-curtea-de-arges-kolostor\/p\/#breadcrumb"},"inLanguage":"hu","potentialAction":[{"@type":"ReadAction","target":["https:\/\/business.roovi.com\/hu\/felnott-1000-darabos-puzzle-kepek-romaniabol-curtea-de-arges-kolostor\/p\/"]}]},{"@type":"BreadcrumbList","@id":"https:\/\/business.roovi.com\/hu\/felnott-1000-darabos-puzzle-kepek-romaniabol-curtea-de-arges-kolostor\/p\/#breadcrumb","itemListElement":[{"@type":"ListItem","position":1,"name":"Home","item":"https:\/\/business.roovi.com\/hu\/"},{"@type":"ListItem","position":2,"name":"Shop","item":"https:\/\/business.roovi.com\/hu\/shop\/"},{"@type":"ListItem","position":3,"name":"Feln\u0151tt 1000 darabos puzzle &#8211; K\u00e9pek Rom\u00e1ni\u00e1b\u00f3l &#8211; Curtea de Arges kolostor"}]},{"@type":"WebSite","@id":"https:\/\/business.roovi.com\/hu\/#website","url":"https:\/\/business.roovi.com\/hu\/","name":"Roovi B2B","description":"Roovi Business Website","potentialAction":[{"@type":"SearchAction","target":{"@type":"EntryPoint","urlTemplate":"https:\/\/business.roovi.com\/hu\/?s={search_term_string}"},"query-input":"required name=search_term_string"}],"inLanguage":"hu"}]}},"_links":{"self":[{"href":"https:\/\/business.roovi.com\/hu\/wp-json\/wp\/v2\/product\/40207","targetHints":{"allow":["GET"]}}],"collection":[{"href":"https:\/\/business.roovi.com\/hu\/wp-json\/wp\/v2\/product"}],"about":[{"href":"https:\/\/business.roovi.com\/hu\/wp-json\/wp\/v2\/types\/product"}],"version-history":[{"count":0,"href":"https:\/\/business.roovi.com\/hu\/wp-json\/wp\/v2\/product\/40207\/revisions"}],"wp:featuredmedia":[{"embeddable":true,"href":"https:\/\/business.roovi.com\/hu\/wp-json\/wp\/v2\/media\/36629"}],"wp:attachment":[{"href":"https:\/\/business.roovi.com\/hu\/wp-json\/wp\/v2\/media?parent=40207"}],"wp:term":[{"taxonomy":"product_brand","embeddable":true,"href":"https:\/\/business.roovi.com\/hu\/wp-json\/wp\/v2\/product_brand?post=40207"},{"taxonomy":"product_cat","embeddable":true,"href":"https:\/\/business.roovi.com\/hu\/wp-json\/wp\/v2\/product_cat?post=40207"},{"taxonomy":"product_tag","embeddable":true,"href":"https:\/\/business.roovi.com\/hu\/wp-json\/wp\/v2\/product_tag?post=40207"}],"curies":[{"name":"wp","href":"https:\/\/api.w.org\/{rel}","templated":true}]}}