{"id":40211,"date":"2018-09-05T15:23:36","date_gmt":"2018-09-05T15:23:36","guid":{"rendered":"https:\/\/business.roovi.com\/puzzle-adulti-1000-piese-peisaje-de-zi-podul-alexandru-al-iii-lea-paris\/p\/"},"modified":"2022-07-06T14:39:09","modified_gmt":"2022-07-06T14:39:09","slug":"1000-darab-felnott-puzzle-tajak-nappal-alexander-iii-hid-parizs","status":"publish","type":"product","link":"https:\/\/business.roovi.com\/hu\/1000-darab-felnott-puzzle-tajak-nappal-alexander-iii-hid-parizs\/p\/","title":{"rendered":"1000 darab feln\u0151tt puzzle T\u00e1jak nappal &#8211; Alexander III h\u00edd, P\u00e1rizs"},"content":{"rendered":"<p><strong><em>Egy pihentet\u0151 tev\u00e9kenys\u00e9get keresel, ami t\u00e1vol tart a k\u00e9perny\u0151kt\u0151l? Rakd \u00f6ssze az 1000 darabos Adult Landscapes by Day kirak\u00f3s j\u00e1t\u00e9kokat, \u00e9s csod\u00e1ld meg Eur\u00f3pa gy\u00f6ny\u00f6r\u0171 l\u00e1tnival\u00f3it otthonodban.<\/em><\/strong><\/p>\n<p><span style=\"font-weight: 400\">Az 1000 darabos S\u00e1ndor III h\u00edd puzzle P\u00e1rizs egyik ikonikus nevezetess\u00e9g\u00e9t, az 1900-ban felavatott t\u00f6rt\u00e9nelmi eml\u00e9km\u0171vet \u00f6r\u00f6k\u00edti meg. A h\u00edd III. S\u00e1ndor orosz c\u00e1rr\u00f3l kapta a nev\u00e9t, \u00e9s a k\u00e9t orsz\u00e1g k\u00f6z\u00f6tti bar\u00e1ts\u00e1g jelk\u00e9pe.<\/span><\/p>\n<p><span style=\"font-weight: 400\">A Szajna f\u00f6l\u00f6tt \u00e9p\u00fclt Alexander-h\u00edd a h\u00edres Champs-\u00c9lys\u00e9es sug\u00e1rutat k\u00f6ti \u00f6ssze az Invalidusok negyed\u00e9vel. A francia \u00e9s orosz heraldika sz\u00e1mos elem\u00e9vel d\u00edsz\u00edtett h\u00edd a v\u00e1ros legpazarabb \u00e9s legszebb h\u00eddj\u00e1nak sz\u00e1m\u00edt.<\/span><\/p>\n<p><span style=\"font-weight: 400\">Az \u00e9p\u00edt\u00e9s idej\u00e9n igazi m\u00e9rn\u00f6ki kih\u00edv\u00e1s volt. A Champs Elys\u00e9es \u00e9s az Invalidusok d\u00f3mj\u00e1nak kil\u00e1t\u00e1s\u00e1t nem akart\u00e1k akad\u00e1lyozni, ez\u00e9rt a h\u00edd nagyon alacsony, mind\u00f6ssze 6 m\u00e9ter magas. A l\u00e1tv\u00e1nyos t\u00e1jat ma is nagyra \u00e9rt\u00e9kelik, a vil\u00e1g minden t\u00e1j\u00e1r\u00f3l \u00e9rkez\u0151 turist\u00e1k meg\u00e1llnak, hogy megcsod\u00e1lj\u00e1k, vagy gy\u0171jt\u0151i f\u00e9nyk\u00e9peken \u00f6r\u00f6k\u00edts\u00e9k meg a leny\u0171g\u00f6z\u0151 l\u00e1tv\u00e1nyt.<\/span><\/p>\n<p><span style=\"font-weight: 400\">Az 1000 darabos Alexander III Bridge puzzle a Landscapes feln\u0151tt puzzle kollekci\u00f3b\u00f3l kih\u00edv\u00e1st jelent, hogy egy igazi \u00e9p\u00edt\u00e9sz hely\u00e9be l\u00e9pj, \u00e9s 1000 darabb\u00f3l meg\u00e9p\u00edtsd a sokat csod\u00e1lt szecesszi\u00f3s m\u0171eml\u00e9ket. A v\u00e9g\u00e9n bekeretezheti a kapott festm\u00e9nyt, \u00e9s \u00e9lvezheti az eredeti d\u00edszt\u00e1rgyat <\/span><\/p>\n<p><strong>Mi\u00e9rt v\u00e1lassza az 1000 darabos Alexander III Bridge puzzle-t?<\/strong><\/p>\n<p><span style=\"font-weight: 400\">Az \u00f6sszeszerel\u00e9si tev\u00e9kenys\u00e9g lehet\u0151s\u00e9get ad arra, hogy megcsod\u00e1lhasson egy leny\u0171g\u00f6z\u0151, nagy m\u00faltra visszatekint\u0151 t\u00e1rgyat.<\/span><\/p>\n<p><span style=\"font-weight: 400\">Ez egy nagyszer\u0171 m\u00f3dja annak, hogy a koordin\u00e1ci\u00f3d \u00e9s a koncentr\u00e1ci\u00f3d hosszabb ideig megmaradjon.<\/span><\/p>\n<p><span style=\"font-weight: 400\">Seg\u00edt ellazulni \u00e9s kiszakadni a rutinb\u00f3l.<\/span><\/p>\n<p><span style=\"font-weight: 400\">Egy 68 x 47 cm-es festm\u00e9nyt kapsz, amelyet dekor\u00e1ci\u00f3s t\u00e1rgyakk\u00e1 alak\u00edthatsz.<\/span><\/p>\n<p><span style=\"font-weight: 400\">Kiv\u00e1l\u00f3 min\u0151s\u00e9g\u0171 k\u00e9k kartonb\u00f3l k\u00e9sz\u00fclt, ami a darabokat t\u00f6bbsz\u00f6ri \u00f6sszeszerel\u00e9s eset\u00e9n is er\u0151ss\u00e9 teszi.<\/span><\/p>\n<p><span style=\"font-weight: 400\">Minden 1000 darabos puzzle fenntarthat\u00f3 \u00e9s \u00fajrahasznos\u00edthat\u00f3 anyagokb\u00f3l k\u00e9sz\u00fcl.<\/span><\/p>\n<p><span style=\"font-weight: 400\">F\u00e9lf\u00e9nyes fel\u00fclet\u0171, kellemes sz\u00ednekkel rendelkezik, amelyek kiemelik a k\u00e9p tisztas\u00e1g\u00e1t.<\/span><\/p>\n<p><span style=\"font-weight: 400\">A p\u00e1lya 14 \u00e9v felettiek sz\u00e1m\u00e1ra alkalmas, \u00e9s k\u00f6zepes neh\u00e9zs\u00e9gi szint\u0171.<\/span><\/p>\n<p><strong>Tudtad, hogy&#8230;? <\/strong><\/p>\n<p><span style=\"font-weight: 400\">A III. S\u00e1ndor-hidat l\u00e1mp\u00e1sok, kerubok \u00e9s nimf\u00e1k d\u00edsz\u00edtik. A h\u00edd v\u00e9gein 17 m\u00e9ter magas oszlopokon aranyozott szobrok \u00e1llnak.<\/span><\/p>\n<p><span style=\"font-weight: 400\">A hidat az 1900-as p\u00e1rizsi vil\u00e1gki\u00e1ll\u00edt\u00e1son avatt\u00e1k fel, amelyen mintegy 50 milli\u00f3 l\u00e1togat\u00f3 vett r\u00e9szt.<\/span><\/p>\n<p><span style=\"font-weight: 400\">Az Orsay p\u00e1lyaudvar, a Petit Palais \u00e9s a Grand Palais is ebben az id\u0151ben \u00e9p\u00fclt.<\/span><\/p>\n<p><span style=\"font-weight: 400\">Az orosz-francia sz\u00f6vets\u00e9g jel\u00e9\u00fcl Oroszorsz\u00e1gban is \u00e9p\u00edtettek egy hasonl\u00f3 \u00e9p\u00edtm\u00e9nyt: a Szenth\u00e1roms\u00e1g-hidat Szentp\u00e9terv\u00e1ron<\/span><\/p>\n<p><strong>1000 darabos Alexander III Bridge puzzle a csal\u00e1di kikapcsol\u00f3d\u00e1shoz<\/strong><\/p>\n<p><span style=\"font-weight: 400\">Szeretn\u00e9 el\u0171zni a napok monotonit\u00e1s\u00e1t, amikor a rossz id\u0151j\u00e1r\u00e1s bent tartja? Vagy szeretne t\u00f6bb id\u0151t t\u00f6lteni a tizen\u00e9ves gyermekeivel? Az 1000 darabos Alexander III Bridge puzzle t\u00f6k\u00e9letes alkalom arra, hogy kapcsolatot teremtsen szeretteiddel.<\/span><\/p>\n<p><span style=\"font-weight: 400\">Keress\u00e9tek meg az 1000 puzzle t\u00e1bla sz\u00e9leit alkot\u00f3 \u00f6sszes darabot, ossz\u00e1tok el a darabokat sz\u00edn szerint, dolgozzatok csapatban, \u00e9s a k\u00e9p pillanatok alatt elk\u00e9sz\u00fcl. \u00dcnnepelje meg siker\u00e9t az elk\u00e9sz\u00fclt munka bekeretez\u00e9s\u00e9vel. \u0150rizze meg a felejthetetlen pillanatok eml\u00e9k\u00e9t egy kiv\u00e9teles, 1000 darabos puzzle k\u00e9pen.<\/span><\/p>\n<p><span style=\"font-weight: 400\">Fedezze fel a Feln\u0151tt t\u00e1jk\u00e9pek a napb\u00f3l kirak\u00f3s sorozat \u00f6sszes kirak\u00f3j\u00e1t, \u00e9s adjon \u00e9rt\u00e9ket a szeretteivel t\u00f6lt\u00f6tt szabadid\u0151nek.<\/span><\/p><\/p>\n","protected":false},"excerpt":{"rendered":"<p>Egy pihentet\u0151 tev\u00e9kenys\u00e9get keresel, ami t\u00e1vol tart a k\u00e9perny\u0151kt\u0151l? Rakd \u00f6ssze az 1000 darabos Adult Landscapes by Day kirak\u00f3s j\u00e1t\u00e9kokat,<\/p>\n","protected":false},"featured_media":36615,"template":"","meta":[],"product_brand":[],"product_cat":[1920,1919,1881],"product_tag":[],"class_list":{"0":"post-40211","1":"product","2":"type-product","3":"status-publish","4":"has-post-thumbnail","6":"product_cat-1000-darabos-kirakos-jatek","7":"product_cat-felnott-kirakos-jatekok","8":"product_cat-kirakos-jatekok","9":"pa_brand-d_toys-hu","10":"pa_country_of_manufacture-ro-hu","11":"pa_filter_age-14-hu","12":"pa_painter-landscapes-hu","13":"pa_tip_ambalaj-doboz","14":"pa_tip_puzzle-klasszikus","16":"first","17":"instock","18":"taxable","19":"shipping-taxable","20":"product-type-simple"},"yoast_head":"<!-- This site is optimized with the Yoast SEO plugin v20.1 - https:\/\/yoast.com\/wordpress\/plugins\/seo\/ -->\n<title>1000 darab feln\u0151tt puzzle T\u00e1jak nappal - Alexander III h\u00edd, P\u00e1rizs<\/title>\n<meta name=\"description\" content=\"1000 darab feln\u0151tt puzzle T\u00e1jak nappal - Alexander III h\u00edd, P\u00e1rizs\" \/>\n<meta name=\"robots\" content=\"index, follow, max-snippet:-1, max-image-preview:large, max-video-preview:-1\" \/>\n<link rel=\"canonical\" href=\"https:\/\/business.roovi.com\/hu\/1000-darab-felnott-puzzle-tajak-nappal-alexander-iii-hid-parizs\/p\/\" \/>\n<meta property=\"og:locale\" content=\"hu_HU\" \/>\n<meta property=\"og:type\" content=\"article\" \/>\n<meta property=\"og:title\" content=\"1000 darab feln\u0151tt puzzle T\u00e1jak nappal - Alexander III h\u00edd, P\u00e1rizs\" \/>\n<meta property=\"og:description\" content=\"1000 darab feln\u0151tt puzzle T\u00e1jak nappal - Alexander III h\u00edd, P\u00e1rizs\" \/>\n<meta property=\"og:url\" content=\"https:\/\/business.roovi.com\/hu\/1000-darab-felnott-puzzle-tajak-nappal-alexander-iii-hid-parizs\/p\/\" \/>\n<meta property=\"og:site_name\" content=\"Roovi B2B\" \/>\n<meta property=\"article:publisher\" content=\"https:\/\/www.facebook.com\/wwwjucariero\" \/>\n<meta property=\"article:modified_time\" content=\"2022-07-06T14:39:09+00:00\" \/>\n<meta property=\"og:image\" content=\"https:\/\/business.roovi.com\/wp-content\/uploads\/2018\/09\/62154-18_ansamblu_dimensiuni_cutie_cm_orizontal.png\" \/>\n\t<meta property=\"og:image:width\" content=\"1200\" \/>\n\t<meta property=\"og:image:height\" content=\"1200\" \/>\n\t<meta property=\"og:image:type\" content=\"image\/png\" \/>\n<meta name=\"twitter:label1\" content=\"Becs\u00fclt olvas\u00e1si id\u0151\" \/>\n\t<meta name=\"twitter:data1\" content=\"3 perc\" \/>\n<script type=\"application\/ld+json\" class=\"yoast-schema-graph\">{\"@context\":\"https:\/\/schema.org\",\"@graph\":[{\"@type\":\"WebPage\",\"@id\":\"https:\/\/business.roovi.com\/hu\/1000-darab-felnott-puzzle-tajak-nappal-alexander-iii-hid-parizs\/p\/\",\"url\":\"https:\/\/business.roovi.com\/hu\/1000-darab-felnott-puzzle-tajak-nappal-alexander-iii-hid-parizs\/p\/\",\"name\":\"1000 darab feln\u0151tt puzzle T\u00e1jak nappal - Alexander III h\u00edd, P\u00e1rizs\",\"isPartOf\":{\"@id\":\"https:\/\/business.roovi.com\/hu\/#website\"},\"datePublished\":\"2018-09-05T15:23:36+00:00\",\"dateModified\":\"2022-07-06T14:39:09+00:00\",\"description\":\"1000 darab feln\u0151tt puzzle T\u00e1jak nappal - Alexander III h\u00edd, P\u00e1rizs\",\"breadcrumb\":{\"@id\":\"https:\/\/business.roovi.com\/hu\/1000-darab-felnott-puzzle-tajak-nappal-alexander-iii-hid-parizs\/p\/#breadcrumb\"},\"inLanguage\":\"hu\",\"potentialAction\":[{\"@type\":\"ReadAction\",\"target\":[\"https:\/\/business.roovi.com\/hu\/1000-darab-felnott-puzzle-tajak-nappal-alexander-iii-hid-parizs\/p\/\"]}]},{\"@type\":\"BreadcrumbList\",\"@id\":\"https:\/\/business.roovi.com\/hu\/1000-darab-felnott-puzzle-tajak-nappal-alexander-iii-hid-parizs\/p\/#breadcrumb\",\"itemListElement\":[{\"@type\":\"ListItem\",\"position\":1,\"name\":\"Home\",\"item\":\"https:\/\/business.roovi.com\/hu\/\"},{\"@type\":\"ListItem\",\"position\":2,\"name\":\"Shop\",\"item\":\"https:\/\/business.roovi.com\/hu\/shop\/\"},{\"@type\":\"ListItem\",\"position\":3,\"name\":\"1000 darab feln\u0151tt puzzle T\u00e1jak nappal &#8211; Alexander III h\u00edd, P\u00e1rizs\"}]},{\"@type\":\"WebSite\",\"@id\":\"https:\/\/business.roovi.com\/hu\/#website\",\"url\":\"https:\/\/business.roovi.com\/hu\/\",\"name\":\"Roovi B2B\",\"description\":\"Roovi Business Website\",\"potentialAction\":[{\"@type\":\"SearchAction\",\"target\":{\"@type\":\"EntryPoint\",\"urlTemplate\":\"https:\/\/business.roovi.com\/hu\/?s={search_term_string}\"},\"query-input\":\"required name=search_term_string\"}],\"inLanguage\":\"hu\"}]}<\/script>\n<!-- \/ Yoast SEO plugin. -->","yoast_head_json":{"title":"1000 darab feln\u0151tt puzzle T\u00e1jak nappal - Alexander III h\u00edd, P\u00e1rizs","description":"1000 darab feln\u0151tt puzzle T\u00e1jak nappal - Alexander III h\u00edd, P\u00e1rizs","robots":{"index":"index","follow":"follow","max-snippet":"max-snippet:-1","max-image-preview":"max-image-preview:large","max-video-preview":"max-video-preview:-1"},"canonical":"https:\/\/business.roovi.com\/hu\/1000-darab-felnott-puzzle-tajak-nappal-alexander-iii-hid-parizs\/p\/","og_locale":"hu_HU","og_type":"article","og_title":"1000 darab feln\u0151tt puzzle T\u00e1jak nappal - Alexander III h\u00edd, P\u00e1rizs","og_description":"1000 darab feln\u0151tt puzzle T\u00e1jak nappal - Alexander III h\u00edd, P\u00e1rizs","og_url":"https:\/\/business.roovi.com\/hu\/1000-darab-felnott-puzzle-tajak-nappal-alexander-iii-hid-parizs\/p\/","og_site_name":"Roovi B2B","article_publisher":"https:\/\/www.facebook.com\/wwwjucariero","article_modified_time":"2022-07-06T14:39:09+00:00","og_image":[{"width":1200,"height":1200,"url":"https:\/\/business.roovi.com\/wp-content\/uploads\/2018\/09\/62154-18_ansamblu_dimensiuni_cutie_cm_orizontal.png","type":"image\/png"}],"twitter_misc":{"Becs\u00fclt olvas\u00e1si id\u0151":"3 perc"},"schema":{"@context":"https:\/\/schema.org","@graph":[{"@type":"WebPage","@id":"https:\/\/business.roovi.com\/hu\/1000-darab-felnott-puzzle-tajak-nappal-alexander-iii-hid-parizs\/p\/","url":"https:\/\/business.roovi.com\/hu\/1000-darab-felnott-puzzle-tajak-nappal-alexander-iii-hid-parizs\/p\/","name":"1000 darab feln\u0151tt puzzle T\u00e1jak nappal - Alexander III h\u00edd, P\u00e1rizs","isPartOf":{"@id":"https:\/\/business.roovi.com\/hu\/#website"},"datePublished":"2018-09-05T15:23:36+00:00","dateModified":"2022-07-06T14:39:09+00:00","description":"1000 darab feln\u0151tt puzzle T\u00e1jak nappal - Alexander III h\u00edd, P\u00e1rizs","breadcrumb":{"@id":"https:\/\/business.roovi.com\/hu\/1000-darab-felnott-puzzle-tajak-nappal-alexander-iii-hid-parizs\/p\/#breadcrumb"},"inLanguage":"hu","potentialAction":[{"@type":"ReadAction","target":["https:\/\/business.roovi.com\/hu\/1000-darab-felnott-puzzle-tajak-nappal-alexander-iii-hid-parizs\/p\/"]}]},{"@type":"BreadcrumbList","@id":"https:\/\/business.roovi.com\/hu\/1000-darab-felnott-puzzle-tajak-nappal-alexander-iii-hid-parizs\/p\/#breadcrumb","itemListElement":[{"@type":"ListItem","position":1,"name":"Home","item":"https:\/\/business.roovi.com\/hu\/"},{"@type":"ListItem","position":2,"name":"Shop","item":"https:\/\/business.roovi.com\/hu\/shop\/"},{"@type":"ListItem","position":3,"name":"1000 darab feln\u0151tt puzzle T\u00e1jak nappal &#8211; Alexander III h\u00edd, P\u00e1rizs"}]},{"@type":"WebSite","@id":"https:\/\/business.roovi.com\/hu\/#website","url":"https:\/\/business.roovi.com\/hu\/","name":"Roovi B2B","description":"Roovi Business Website","potentialAction":[{"@type":"SearchAction","target":{"@type":"EntryPoint","urlTemplate":"https:\/\/business.roovi.com\/hu\/?s={search_term_string}"},"query-input":"required name=search_term_string"}],"inLanguage":"hu"}]}},"_links":{"self":[{"href":"https:\/\/business.roovi.com\/hu\/wp-json\/wp\/v2\/product\/40211","targetHints":{"allow":["GET"]}}],"collection":[{"href":"https:\/\/business.roovi.com\/hu\/wp-json\/wp\/v2\/product"}],"about":[{"href":"https:\/\/business.roovi.com\/hu\/wp-json\/wp\/v2\/types\/product"}],"version-history":[{"count":0,"href":"https:\/\/business.roovi.com\/hu\/wp-json\/wp\/v2\/product\/40211\/revisions"}],"wp:featuredmedia":[{"embeddable":true,"href":"https:\/\/business.roovi.com\/hu\/wp-json\/wp\/v2\/media\/36615"}],"wp:attachment":[{"href":"https:\/\/business.roovi.com\/hu\/wp-json\/wp\/v2\/media?parent=40211"}],"wp:term":[{"taxonomy":"product_brand","embeddable":true,"href":"https:\/\/business.roovi.com\/hu\/wp-json\/wp\/v2\/product_brand?post=40211"},{"taxonomy":"product_cat","embeddable":true,"href":"https:\/\/business.roovi.com\/hu\/wp-json\/wp\/v2\/product_cat?post=40211"},{"taxonomy":"product_tag","embeddable":true,"href":"https:\/\/business.roovi.com\/hu\/wp-json\/wp\/v2\/product_tag?post=40211"}],"curies":[{"name":"wp","href":"https:\/\/api.w.org\/{rel}","templated":true}]}}