{"id":40219,"date":"2018-09-05T15:16:50","date_gmt":"2018-09-05T15:16:50","guid":{"rendered":"https:\/\/business.roovi.com\/puzzle-adulti-1000-piese-peisaje-de-zi-marseille-franta\/p\/"},"modified":"2022-07-06T14:39:25","modified_gmt":"2022-07-06T14:39:25","slug":"1000-darab-felnott-kirakos-tajak-nappal-marseille-franciaorszag","status":"publish","type":"product","link":"https:\/\/business.roovi.com\/hu\/1000-darab-felnott-kirakos-tajak-nappal-marseille-franciaorszag\/p\/","title":{"rendered":"1000 darab Feln\u0151tt kirak\u00f3s T\u00e1jak nappal &#8211; Marseille, Franciaorsz\u00e1g"},"content":{"rendered":"<p><strong><em>Tapasztalja meg a m\u00e9ly relax\u00e1ci\u00f3s \u00e1llapotot a feln\u0151tteknek sz\u00f3l\u00f3 Puzzle Collection Landscapes of Day kirak\u00f3s j\u00e1t\u00e9kok egyik\u00e9nek befejez\u00e9s\u00e9vel. Keretezze be a k\u00e9pet, \u00e9s n\u00e9zzen hosszan egy nyaral\u00e1si c\u00e9lpont var\u00e1zslatos t\u00e1j\u00e1ra.<\/em><\/strong><\/p>\n<p><span style=\"font-weight: 400\">Marseille Franciaorsz\u00e1g egyik ikonikus l\u00e1tv\u00e1nyoss\u00e1ga. Az orsz\u00e1g m\u00e1sodik legnagyobb v\u00e1rosa, P\u00e1rizs \u00e9s Lyon ut\u00e1n a harmadik legnagyobb francia metropolisz <\/span><\/p>\n<p><span style=\"font-weight: 400\">Az 1000 darabos Marseille (Franciaorsz\u00e1g) puzzle k\u00e9pe a v\u00e1ros kik\u00f6t\u0151j\u00e9t \u00e1br\u00e1zolja, amely a F\u00f6ldk\u00f6zi-tenger medenc\u00e9j\u00e9nek egyik legnagyobb kik\u00f6t\u0151je, fontos kereskedelmi csom\u00f3pont, amely jelent\u0151sen hozz\u00e1j\u00e1rul a r\u00e9gi\u00f3 gazdas\u00e1gi fejl\u0151d\u00e9s\u00e9hez.<\/span><\/p>\n<p><span style=\"font-weight: 400\">Az \u00f3kori id\u0151kre visszany\u00fal\u00f3 vir\u00e1gz\u00f3 tengeri gazdas\u00e1g teszi Marseille-t kozmopolita v\u00e1ross\u00e1, ahol a vil\u00e1g k\u00fcl\u00f6nb\u00f6z\u0151 r\u00e9gi\u00f3inak \u00e9s kult\u00far\u00e1inak elemei tal\u00e1lkoznak: a K\u00f6zel-Kelet, Afrika, \u00c1zsia, D\u00e9l-Eur\u00f3pa <\/span><\/p>\n<p><span style=\"font-weight: 400\">Az 1000 darabos Marseille kirak\u00f3s seg\u00edt kikapcsol\u00f3dni a rohan\u00f3 munkaid\u0151 ut\u00e1n, \u00e9s arra invit\u00e1l, hogy fedezze fel egy leny\u0171g\u00f6z\u0151 v\u00e1ros t\u00f6rt\u00e9net\u00e9t \u00e9s fejl\u0151d\u00e9si szakaszait. Ennek a feln\u0151tt puzzle-nek az 1000 darabja pontosan van kiv\u00e1gva \u00e9s t\u00f6k\u00e9letesen illeszkedik egym\u00e1shoz. \u00cdgy tiszta k\u00e9pet kap, amely szem\u00e9lyis\u00e9get ad otthon\u00e1nak b\u00e1rmely unalmas hely\u00e9nek.<\/span><\/p>\n<p><strong>Mi\u00e9rt v\u00e1lasszon 1000 darabos puzzle-t a feln\u0151tt Landscapes by Day puzzle kollekci\u00f3b\u00f3l?<\/strong><\/p>\n<p><span style=\"font-weight: 400\">Ez egy pihentet\u0151 m\u00f3dja egy ikonikus eur\u00f3pai nevezetess\u00e9g felfedez\u00e9s\u00e9nek.<\/span><\/p>\n<p><span style=\"font-weight: 400\">Saj\u00e1t kez\u0171leg k\u00e9sz\u00edtesz egy leny\u0171g\u00f6z\u0151, 68 x 47 cm-es festm\u00e9nyt, amely ellen\u00e1llhatatlan dekor\u00e1ci\u00f3s darab lesz.<\/span><\/p>\n<p><span style=\"font-weight: 400\">Seg\u00edt hossz\u00fa ideig fenntartani a koordin\u00e1ci\u00f3t \u00e9s a koncentr\u00e1ci\u00f3t <\/span><\/p>\n<p><span style=\"font-weight: 400\">Seg\u00edt jav\u00edtani a hangulatodat, \u00e9s el\u00e9gedetts\u00e9get ad, hogy el\u00e9rt\u00e9l egy konkr\u00e9t c\u00e9lt.<\/span><\/p>\n<p><span style=\"font-weight: 400\">Az 1000 darabos puzzle darabjai kiv\u00e1l\u00f3 min\u0151s\u00e9g\u0171 kartonb\u00f3l k\u00e9sz\u00fcltek, ami hossz\u00fa t\u00e1von tart\u00f3ss\u00e1got biztos\u00edt.<\/span><\/p>\n<p><span style=\"font-weight: 400\">Term\u00e9szetbar\u00e1t, mivel fenntarthat\u00f3 \u00e9s \u00fajrahasznos\u00edthat\u00f3 anyagokb\u00f3l k\u00e9sz\u00fcl.<\/span><\/p>\n<p><span style=\"font-weight: 400\">F\u00e9lf\u00e9nyes fel\u00fclet\u0171, kellemes sz\u00ednekkel rendelkezik, amelyek kiemelik a k\u00e9p tisztas\u00e1g\u00e1t.<\/span><\/p>\n<p><span style=\"font-weight: 400\">A j\u00e1t\u00e9k 14 \u00e9v felettiek sz\u00e1m\u00e1ra is alkalmas, \u00edgy a tizen\u00e9vesek kreativit\u00e1s\u00e1t is kih\u00edv\u00e1s el\u00e9 \u00e1ll\u00edthatod egy remek kirak\u00f3s j\u00e1t\u00e9kkal.<\/span><\/p>\n<p><strong>Tudtad, hogy&#8230;?<\/strong><\/p>\n<p><span style=\"font-weight: 400\">Az i. e. 600 k\u00f6r\u00fcl alap\u00edtott Marseille Franciaorsz\u00e1g legr\u00e9gebbi v\u00e1rosa \u00e9s Eur\u00f3pa egyik legr\u00e9gebbi v\u00e1rosi telep\u00fcl\u00e9se.<\/span><\/p>\n<p><span style=\"font-weight: 400\">Marseille a szappank\u00e9sz\u00edt\u00e9s leny\u0171g\u00f6z\u0151 m\u00faltj\u00e1val is b\u00fcszk\u00e9lkedhet, a h\u00edres <\/span><em><span style=\"font-weight: 400\">savon de Marseille<\/span><\/em><span style=\"font-weight: 400\"> amely a k\u00f6z\u00e9pkorig ny\u00falik vissza.<\/span><\/p>\n<p><span style=\"font-weight: 400\">XIV. Lajos kir\u00e1ly 1688-ban betiltotta az \u00e1llati zsirad\u00e9k haszn\u00e1lat\u00e1t a szappanreceptekben, \u00e9s szigor\u00fa gy\u00e1rt\u00e1si el\u0151\u00edr\u00e1sokat vezetett be.<\/span><\/p>\n<p><span style=\"font-weight: 400\">Egy kisv\u00e1ros Illinois \u00e1llamban, az USA-ban, m\u00e9g mindig viseli a nev\u00e9t <\/span><em><span style=\"font-weight: 400\">Marseille<\/span><\/em><span style=\"font-weight: 400\">.<\/span><\/p>\n<p><span style=\"font-weight: 400\">Marseille Franciaorsz\u00e1g legnaposabb v\u00e1rosa, ahol \u00e9vente 2900 \u00f3r\u00e1t s\u00fct a nap, m\u00edg az orsz\u00e1gban az \u00e1tlagos naps\u00fct\u00e9ses \u00f3r\u00e1k sz\u00e1ma 1950.<\/span><\/p>\n<p><strong>Marseille 1000 darabos puzzle &#8211; kiv\u00e1l\u00f3 szellemi edz\u00e9s <\/strong><\/p>\n<p><span style=\"font-weight: 400\">A rejtv\u00e9nyj\u00e1t\u00e9kok az agy mindk\u00e9t f\u00e9ltek\u00e9j\u00e9t ig\u00e9nybe veszik. Ez a kreativit\u00e1st \u00e9s az intuit\u00edv gondolkod\u00e1st, valamint a logikus gondolkod\u00e1st egyar\u00e1nt edzi. Haszn\u00e1lja ki a komplex szellemi edz\u00e9s el\u0151nyeit, amely seg\u00edt jav\u00edtani a mem\u00f3ri\u00e1t \u00e9s megv\u00e9di az agyat az olyan betegs\u00e9gekt\u0151l, mint az Alzheimer-k\u00f3r vagy a demencia.<\/span><\/p>\n<p><span style=\"font-weight: 400\">Az 1000 darabos puzzle emellett lehet\u0151s\u00e9get ad a m\u00e9ly relax\u00e1ci\u00f3 \u00e1llapot\u00e1nak megtapasztal\u00e1s\u00e1ra is. Az 1000 darabos kirak\u00f3s minden egyes kit\u00f6lt\u00f6tt k\u00e9p\u00e9vel optimist\u00e1bb\u00e1 \u00e9s magabiztosabb\u00e1 v\u00e1lik saj\u00e1t er\u0151ss\u00e9geiben.<\/span><\/p>\n<p><span style=\"font-weight: 400\">A Marseille, Franciaorsz\u00e1g 1000 darabos puzzle a feln\u0151tt Landscapes by Day kirak\u00f3s kollekci\u00f3b\u00f3l t\u00f6k\u00e9letes v\u00e1laszt\u00e1s olyan alkalmakra, amikor ki akar kapcsol\u00f3dni a mindennapokb\u00f3l, a csal\u00e1ddal vagy bar\u00e1tokkal t\u00f6lt\u00f6tt sz\u00f3rakoztat\u00f3 est\u00e9khez, vagy olyan alkalmakra, amikor k\u00fcl\u00f6nleges aj\u00e1nd\u00e9kot szeretne adni.<\/span><\/p><\/p>\n","protected":false},"excerpt":{"rendered":"<p>Tapasztalja meg a m\u00e9ly relax\u00e1ci\u00f3s \u00e1llapotot a feln\u0151tteknek sz\u00f3l\u00f3 Puzzle Collection Landscapes of Day kirak\u00f3s j\u00e1t\u00e9kok egyik\u00e9nek befejez\u00e9s\u00e9vel. Keretezze be<\/p>\n","protected":false},"featured_media":36587,"template":"","meta":[],"product_brand":[],"product_cat":[1920,1919,1881],"product_tag":[],"class_list":{"0":"post-40219","1":"product","2":"type-product","3":"status-publish","4":"has-post-thumbnail","6":"product_cat-1000-darabos-kirakos-jatek","7":"product_cat-felnott-kirakos-jatekok","8":"product_cat-kirakos-jatekok","9":"pa_brand-d_toys-hu","10":"pa_country_of_manufacture-ro-hu","11":"pa_filter_age-14-hu","12":"pa_painter-landscapes-hu","13":"pa_tip_ambalaj-doboz","14":"pa_tip_puzzle-klasszikus","16":"first","17":"instock","18":"taxable","19":"shipping-taxable","20":"product-type-simple"},"yoast_head":"<!-- This site is optimized with the Yoast SEO plugin v20.1 - https:\/\/yoast.com\/wordpress\/plugins\/seo\/ -->\n<title>1000 darab Feln\u0151tt kirak\u00f3s T\u00e1jak nappal - Marseille, Franciaorsz\u00e1g<\/title>\n<meta name=\"description\" content=\"1000 darab Feln\u0151tt kirak\u00f3s T\u00e1jak nappal - Marseille, Franciaorsz\u00e1g\" \/>\n<meta name=\"robots\" content=\"index, follow, max-snippet:-1, max-image-preview:large, max-video-preview:-1\" \/>\n<link rel=\"canonical\" href=\"https:\/\/business.roovi.com\/hu\/1000-darab-felnott-kirakos-tajak-nappal-marseille-franciaorszag\/p\/\" \/>\n<meta property=\"og:locale\" content=\"hu_HU\" \/>\n<meta property=\"og:type\" content=\"article\" \/>\n<meta property=\"og:title\" content=\"1000 darab Feln\u0151tt kirak\u00f3s T\u00e1jak nappal - Marseille, Franciaorsz\u00e1g\" \/>\n<meta property=\"og:description\" content=\"1000 darab Feln\u0151tt kirak\u00f3s T\u00e1jak nappal - Marseille, Franciaorsz\u00e1g\" \/>\n<meta property=\"og:url\" content=\"https:\/\/business.roovi.com\/hu\/1000-darab-felnott-kirakos-tajak-nappal-marseille-franciaorszag\/p\/\" \/>\n<meta property=\"og:site_name\" content=\"Roovi B2B\" \/>\n<meta property=\"article:publisher\" content=\"https:\/\/www.facebook.com\/wwwjucariero\" \/>\n<meta property=\"article:modified_time\" content=\"2022-07-06T14:39:25+00:00\" \/>\n<meta property=\"og:image\" content=\"https:\/\/business.roovi.com\/wp-content\/uploads\/2018\/09\/62154-16_ansamblu_dimensiuni_cutie_cm_orizontal.png\" \/>\n\t<meta property=\"og:image:width\" content=\"2000\" \/>\n\t<meta property=\"og:image:height\" content=\"2000\" \/>\n\t<meta property=\"og:image:type\" content=\"image\/png\" \/>\n<meta name=\"twitter:label1\" content=\"Becs\u00fclt olvas\u00e1si id\u0151\" \/>\n\t<meta name=\"twitter:data1\" content=\"4 perc\" \/>\n<script type=\"application\/ld+json\" class=\"yoast-schema-graph\">{\"@context\":\"https:\/\/schema.org\",\"@graph\":[{\"@type\":\"WebPage\",\"@id\":\"https:\/\/business.roovi.com\/hu\/1000-darab-felnott-kirakos-tajak-nappal-marseille-franciaorszag\/p\/\",\"url\":\"https:\/\/business.roovi.com\/hu\/1000-darab-felnott-kirakos-tajak-nappal-marseille-franciaorszag\/p\/\",\"name\":\"1000 darab Feln\u0151tt kirak\u00f3s T\u00e1jak nappal - Marseille, Franciaorsz\u00e1g\",\"isPartOf\":{\"@id\":\"https:\/\/business.roovi.com\/hu\/#website\"},\"datePublished\":\"2018-09-05T15:16:50+00:00\",\"dateModified\":\"2022-07-06T14:39:25+00:00\",\"description\":\"1000 darab Feln\u0151tt kirak\u00f3s T\u00e1jak nappal - Marseille, Franciaorsz\u00e1g\",\"breadcrumb\":{\"@id\":\"https:\/\/business.roovi.com\/hu\/1000-darab-felnott-kirakos-tajak-nappal-marseille-franciaorszag\/p\/#breadcrumb\"},\"inLanguage\":\"hu\",\"potentialAction\":[{\"@type\":\"ReadAction\",\"target\":[\"https:\/\/business.roovi.com\/hu\/1000-darab-felnott-kirakos-tajak-nappal-marseille-franciaorszag\/p\/\"]}]},{\"@type\":\"BreadcrumbList\",\"@id\":\"https:\/\/business.roovi.com\/hu\/1000-darab-felnott-kirakos-tajak-nappal-marseille-franciaorszag\/p\/#breadcrumb\",\"itemListElement\":[{\"@type\":\"ListItem\",\"position\":1,\"name\":\"Home\",\"item\":\"https:\/\/business.roovi.com\/hu\/\"},{\"@type\":\"ListItem\",\"position\":2,\"name\":\"Shop\",\"item\":\"https:\/\/business.roovi.com\/hu\/shop\/\"},{\"@type\":\"ListItem\",\"position\":3,\"name\":\"1000 darab Feln\u0151tt kirak\u00f3s T\u00e1jak nappal &#8211; Marseille, Franciaorsz\u00e1g\"}]},{\"@type\":\"WebSite\",\"@id\":\"https:\/\/business.roovi.com\/hu\/#website\",\"url\":\"https:\/\/business.roovi.com\/hu\/\",\"name\":\"Roovi B2B\",\"description\":\"Roovi Business Website\",\"potentialAction\":[{\"@type\":\"SearchAction\",\"target\":{\"@type\":\"EntryPoint\",\"urlTemplate\":\"https:\/\/business.roovi.com\/hu\/?s={search_term_string}\"},\"query-input\":\"required name=search_term_string\"}],\"inLanguage\":\"hu\"}]}<\/script>\n<!-- \/ Yoast SEO plugin. -->","yoast_head_json":{"title":"1000 darab Feln\u0151tt kirak\u00f3s T\u00e1jak nappal - Marseille, Franciaorsz\u00e1g","description":"1000 darab Feln\u0151tt kirak\u00f3s T\u00e1jak nappal - Marseille, Franciaorsz\u00e1g","robots":{"index":"index","follow":"follow","max-snippet":"max-snippet:-1","max-image-preview":"max-image-preview:large","max-video-preview":"max-video-preview:-1"},"canonical":"https:\/\/business.roovi.com\/hu\/1000-darab-felnott-kirakos-tajak-nappal-marseille-franciaorszag\/p\/","og_locale":"hu_HU","og_type":"article","og_title":"1000 darab Feln\u0151tt kirak\u00f3s T\u00e1jak nappal - Marseille, Franciaorsz\u00e1g","og_description":"1000 darab Feln\u0151tt kirak\u00f3s T\u00e1jak nappal - Marseille, Franciaorsz\u00e1g","og_url":"https:\/\/business.roovi.com\/hu\/1000-darab-felnott-kirakos-tajak-nappal-marseille-franciaorszag\/p\/","og_site_name":"Roovi B2B","article_publisher":"https:\/\/www.facebook.com\/wwwjucariero","article_modified_time":"2022-07-06T14:39:25+00:00","og_image":[{"width":2000,"height":2000,"url":"https:\/\/business.roovi.com\/wp-content\/uploads\/2018\/09\/62154-16_ansamblu_dimensiuni_cutie_cm_orizontal.png","type":"image\/png"}],"twitter_misc":{"Becs\u00fclt olvas\u00e1si id\u0151":"4 perc"},"schema":{"@context":"https:\/\/schema.org","@graph":[{"@type":"WebPage","@id":"https:\/\/business.roovi.com\/hu\/1000-darab-felnott-kirakos-tajak-nappal-marseille-franciaorszag\/p\/","url":"https:\/\/business.roovi.com\/hu\/1000-darab-felnott-kirakos-tajak-nappal-marseille-franciaorszag\/p\/","name":"1000 darab Feln\u0151tt kirak\u00f3s T\u00e1jak nappal - Marseille, Franciaorsz\u00e1g","isPartOf":{"@id":"https:\/\/business.roovi.com\/hu\/#website"},"datePublished":"2018-09-05T15:16:50+00:00","dateModified":"2022-07-06T14:39:25+00:00","description":"1000 darab Feln\u0151tt kirak\u00f3s T\u00e1jak nappal - Marseille, Franciaorsz\u00e1g","breadcrumb":{"@id":"https:\/\/business.roovi.com\/hu\/1000-darab-felnott-kirakos-tajak-nappal-marseille-franciaorszag\/p\/#breadcrumb"},"inLanguage":"hu","potentialAction":[{"@type":"ReadAction","target":["https:\/\/business.roovi.com\/hu\/1000-darab-felnott-kirakos-tajak-nappal-marseille-franciaorszag\/p\/"]}]},{"@type":"BreadcrumbList","@id":"https:\/\/business.roovi.com\/hu\/1000-darab-felnott-kirakos-tajak-nappal-marseille-franciaorszag\/p\/#breadcrumb","itemListElement":[{"@type":"ListItem","position":1,"name":"Home","item":"https:\/\/business.roovi.com\/hu\/"},{"@type":"ListItem","position":2,"name":"Shop","item":"https:\/\/business.roovi.com\/hu\/shop\/"},{"@type":"ListItem","position":3,"name":"1000 darab Feln\u0151tt kirak\u00f3s T\u00e1jak nappal &#8211; Marseille, Franciaorsz\u00e1g"}]},{"@type":"WebSite","@id":"https:\/\/business.roovi.com\/hu\/#website","url":"https:\/\/business.roovi.com\/hu\/","name":"Roovi B2B","description":"Roovi Business Website","potentialAction":[{"@type":"SearchAction","target":{"@type":"EntryPoint","urlTemplate":"https:\/\/business.roovi.com\/hu\/?s={search_term_string}"},"query-input":"required name=search_term_string"}],"inLanguage":"hu"}]}},"_links":{"self":[{"href":"https:\/\/business.roovi.com\/hu\/wp-json\/wp\/v2\/product\/40219","targetHints":{"allow":["GET"]}}],"collection":[{"href":"https:\/\/business.roovi.com\/hu\/wp-json\/wp\/v2\/product"}],"about":[{"href":"https:\/\/business.roovi.com\/hu\/wp-json\/wp\/v2\/types\/product"}],"version-history":[{"count":0,"href":"https:\/\/business.roovi.com\/hu\/wp-json\/wp\/v2\/product\/40219\/revisions"}],"wp:featuredmedia":[{"embeddable":true,"href":"https:\/\/business.roovi.com\/hu\/wp-json\/wp\/v2\/media\/36587"}],"wp:attachment":[{"href":"https:\/\/business.roovi.com\/hu\/wp-json\/wp\/v2\/media?parent=40219"}],"wp:term":[{"taxonomy":"product_brand","embeddable":true,"href":"https:\/\/business.roovi.com\/hu\/wp-json\/wp\/v2\/product_brand?post=40219"},{"taxonomy":"product_cat","embeddable":true,"href":"https:\/\/business.roovi.com\/hu\/wp-json\/wp\/v2\/product_cat?post=40219"},{"taxonomy":"product_tag","embeddable":true,"href":"https:\/\/business.roovi.com\/hu\/wp-json\/wp\/v2\/product_tag?post=40219"}],"curies":[{"name":"wp","href":"https:\/\/api.w.org\/{rel}","templated":true}]}}