{"id":40223,"date":"2018-09-05T11:45:27","date_gmt":"2018-09-05T11:45:27","guid":{"rendered":"https:\/\/business.roovi.com\/puzzle-adulti-1000-piese-vintage-collage-flowers-flori\/p\/"},"modified":"2022-07-06T14:39:32","modified_gmt":"2022-07-06T14:39:32","slug":"felnott-1000-darabos-vintage-kollazs-puzzle-viragok","status":"publish","type":"product","link":"https:\/\/business.roovi.com\/hu\/felnott-1000-darabos-vintage-kollazs-puzzle-viragok\/p\/","title":{"rendered":"Feln\u0151tt 1000 darabos Vintage koll\u00e1zs puzzle &#8211; Vir\u00e1gok"},"content":{"rendered":"<p><span style=\"font-weight: 400\">Keresi a m\u00f3dj\u00e1t, hogy elszakadjon a mindennapokt\u00f3l? Fedezd fel a Vintage Collage puzzle gy\u0171jtem\u00e9nyt, v\u00e1lassz kirak\u00f3s j\u00e1t\u00e9kokat gy\u00f6ny\u00f6r\u0171 vintage m\u0171v\u00e9szeti illusztr\u00e1ci\u00f3kkal, \u00e9s adj \u00e9rt\u00e9ket a szabadid\u0151dnek.<\/span><\/p>\n<p><span style=\"font-weight: 400\">Ha szereted a sz\u00ednes r\u00e9szleteket a kirak\u00f3s j\u00e1t\u00e9kokban, \u00e9s szeretsz igazi detekt\u00edvk\u00e9nt keresg\u00e9lni a t\u00f6bb sz\u00e1z hasonl\u00f3 \u00e1rnyalat\u00fa puzzle-darab k\u00f6z\u00f6tt, hogy a megfelel\u0151 helyre rakd \u0151ket, akkor az 1000 darabos vir\u00e1gos puzzle pontosan az, amit keresel.<\/span><\/p>\n<p><span style=\"font-weight: 400\">Tal\u00e1ld meg t\u00f6bb tucat vir\u00e1g \u00e9s nev\u00fck vintage mini-illusztr\u00e1ci\u00f3inak gy\u0171jtem\u00e9ny\u00e9t egy gy\u00f6ny\u00f6r\u0171en megtervezett feln\u0151tt puzzle-ben, amelynek darabjai kifog\u00e1stalan min\u0151s\u00e9g\u0171ek, \u00e9s t\u00f6k\u00e9letesen illeszkednek egym\u00e1shoz, hogy egy gy\u0171jthet\u0151 vintage k\u00e9pet alkossanak.<\/span><\/p>\n<p><span style=\"font-weight: 400\">\u00dclj\u00f6n k\u00e9nyelmesen a nappali doh\u00e1nyz\u00f3asztala el\u00e9, helyezze r\u00e1 a kirak\u00f3s darabjait, \u00e9s hagyja, hogy a sz\u00ednek \u00e9s a harm\u00f3nia vibr\u00e1l\u00e1sa mag\u00e1val ragadja. A k\u00e9sz festm\u00e9ny gy\u00f6ny\u00f6rk\u00f6dtetni fogja a szem\u00e9t, \u00e9s friss, ragyog\u00f3 megjelen\u00e9st k\u00f6lcs\u00f6n\u00f6z b\u00e1rmelyik sz\u00fcrke helynek, ahol ki\u00e1ll\u00edtja.<\/span><\/p>\n<p><span style=\"font-weight: 400\">Jellemz\u0151k Vintage Collage 1000 darabos puzzle &#8211; Vir\u00e1gok:<\/span><\/p>\n<p><strong>A rekonstru\u00e1lt k\u00e9p m\u00e9rete: 50 x 70 cm.<\/strong><\/p>\n<p><strong>Puzzle anyag <\/strong><\/p>\n<p><strong>kiv\u00e1l\u00f3 min\u0151s\u00e9g\u0171 k\u00e9k karton<\/strong><\/p>\n<p><strong>fenntarthat\u00f3, \u00fajrahasznos\u00edthat\u00f3 anyagok<\/strong><\/p>\n<p><strong>f\u00e9lf\u00e9nyes kivitel, \u00e9l\u00e9nk sz\u00ednek<\/strong><\/p>\n<p><strong>A kirak\u00f3s darabok sz\u00e1ma: 1000<\/strong><\/p>\n<p><strong>Aj\u00e1nlott \u00e9letkor: 14+<\/strong><\/p>\n<p><strong>Mi\u00e9rt k\u00fcl\u00f6nleges 1000 darabos kirak\u00f3 Vintage Collage &#8211; Vir\u00e1gok \/ Flori?<\/strong><\/p>\n<p><span style=\"font-weight: 400\">Ez egy lehet\u0151s\u00e9g arra, hogy elszakadjunk a mindennapi probl\u00e9m\u00e1kt\u00f3l.<\/span><\/p>\n<p><span style=\"font-weight: 400\">Sz\u00e1m\u0171zze az unalmas napok monot\u00f3ni\u00e1j\u00e1t \u00e9s unalm\u00e1t, vagy azokat a pillanatokat, amikor nincs mit tennie.<\/span><\/p>\n<p><span style=\"font-weight: 400\">Seg\u00edt abban, hogy hosszabb ideig tudjon egy adott feladatra \u00f6sszpontos\u00edtani.<\/span><\/p>\n<p><span style=\"font-weight: 400\">A szeretteiddel val\u00f3 k\u00f6zels\u00e9g \u00e9rt\u00e9kes pillanatait ny\u00fajtja, ha \u00fagy d\u00f6ntesz, hogy \u00fajra\u00e9p\u00edted vel\u00fck a k\u00e9pedet.<\/span><\/p>\n<p><span style=\"font-weight: 400\">Egy leny\u0171g\u00f6z\u0151, sz\u00ednes, vintage st\u00edlus\u00fa festm\u00e9nyt kapsz, amelyet dekor\u00e1ci\u00f3s t\u00e1rgyk\u00e9nt haszn\u00e1lhatsz.<\/span><\/p>\n<p><strong>5 \u00e9rdekess\u00e9g n\u00e9h\u00e1ny vir\u00e1gr\u00f3l, amelyek az 1000 darabos sz\u00fcreti koll\u00e1zs puzzle illusztr\u00e1ci\u00f3ban jelennek meg<\/strong><\/p>\n<p><span style=\"font-weight: 400\">A szegf\u0171 a vil\u00e1g legr\u00e9gebbi termesztett vir\u00e1gai k\u00f6z\u00e9 tartozik.<\/span><\/p>\n<p><span style=\"font-weight: 400\">Az azt\u00e9k uralkod\u00f3k d\u00e1liavir\u00e1ggal a mellkasukon vonultak h\u00e1bor\u00faba.<\/span><\/p>\n<p><span style=\"font-weight: 400\">A hibiszkusz tea t\u00f6bb antioxid\u00e1nst tartalmaz, mint a z\u00f6ld tea.<\/span><\/p>\n<p><span style=\"font-weight: 400\">Az \u00f3kori egyiptomiak a m\u00e1kot f\u00e1jdalomcsillap\u00edt\u00f3k\u00e9nt haszn\u00e1lt\u00e1k, hogy enyh\u00edts\u00e9k a szenved\u0151k f\u00e1jdalm\u00e1t.<\/span><\/p>\n<p><span style=\"font-weight: 400\">2012-ben a napraforg\u00f3 el\u00e9rte&#8230; a vil\u00e1g\u0171rt. A n\u00f6v\u00e9ny n\u00e9h\u00e1ny magj\u00e1t egy NASA \u0171rhaj\u00f3s vitte oda.<\/span><\/p>\n<p><strong>1000 darab Sz\u00fcreti koll\u00e1zs puzzle &#8211; Vir\u00e1gok\/Flori pour joie, en famille<\/strong><\/p>\n<p><span style=\"font-weight: 400\">Mindig azt hallod a gyerekekt\u0151l, hogy <\/span><em><span style=\"font-weight: 400\">unatkozom <\/span><\/em><span style=\"font-weight: 400\">ha nem csatlakoznak mobileszk\u00f6zh\u00f6z? H\u00edvd ki az elm\u00e9j\u00fcket \u00e9s a k\u00e9pess\u00e9geiket az 1000 darabos vintage koll\u00e1zs puzzle &#8211; vir\u00e1gokkal, \u00e9s t\u00f6rd meg a monotonit\u00e1st azokban a pillanatokban, amikor egyik\u0151t\u00f6knek sincs semmi dolga <\/span><\/p>\n<p><span style=\"font-weight: 400\">Oszd fel a k\u00e9pet \u00fagy, hogy minden egyes tag egy bizonyos sz\u00e1m\u00fa vir\u00e1got alkosson. Ha elk\u00e9sz\u00fcltek az illusztr\u00e1ci\u00f3k, keressen inform\u00e1ci\u00f3t a vir\u00e1gokr\u00f3l, \u00e9s fedezze fel a vil\u00e1g k\u00fcl\u00f6nb\u00f6z\u0151 kult\u00far\u00e1iban haszn\u00e1lt szimbolik\u00e1jukat. Ford\u00edtsd a szabadid\u0151det tartalmas \u00e9s \u00f6r\u00f6mteli pillanatokk\u00e1. R\u00e1ad\u00e1sul ez egy remek alkalom arra, hogy a tiniket megismertess\u00fck a vintage m\u0171v\u00e9szettel.<\/span><\/p>\n<p><span style=\"font-weight: 400\">Ak\u00e1r \u00fagy d\u00f6ntesz, hogy ezt a csod\u00e1latos vintage puzzle-t magad rakod \u00f6ssze, ak\u00e1r \u00fagy, hogy ezt a tev\u00e9kenys\u00e9get a szeretteiddel t\u00f6lt\u00f6d el, az 1000 darabos Vintage Collection Flower Puzzle lehet\u0151s\u00e9get ad arra, hogy egy vintage gy\u0171jt\u0151i festm\u00e9nyt \u00e9p\u00edts.<\/span><\/p>\n<p><span style=\"font-weight: 400\">Az 1000 darabos vintage f\u0151iskolai puzzle &#8211; vir\u00e1gok\/vir\u00e1gok szint\u00e9n ide\u00e1lis aj\u00e1nd\u00e9klehet\u0151s\u00e9g \u00fcnnepekre vagy \u00e9vfordul\u00f3kra.<\/span><\/p><\/p>\n","protected":false},"excerpt":{"rendered":"<p>Keresi a m\u00f3dj\u00e1t, hogy elszakadjon a mindennapokt\u00f3l? Fedezd fel a Vintage Collage puzzle gy\u0171jtem\u00e9nyt, v\u00e1lassz kirak\u00f3s j\u00e1t\u00e9kokat gy\u00f6ny\u00f6r\u0171 vintage m\u0171v\u00e9szeti<\/p>\n","protected":false},"featured_media":36573,"template":"","meta":[],"product_brand":[],"product_cat":[1920,1919,1881],"product_tag":[],"class_list":{"0":"post-40223","1":"product","2":"type-product","3":"status-publish","4":"has-post-thumbnail","6":"product_cat-1000-darabos-kirakos-jatek","7":"product_cat-felnott-kirakos-jatekok","8":"product_cat-kirakos-jatekok","9":"pa_brand-d_toys-hu","10":"pa_country_of_manufacture-ro-hu","11":"pa_filter_age-14-hu","12":"pa_painter-vintage-collage-hu","13":"pa_tip_ambalaj-doboz","14":"pa_tip_puzzle-klasszikus","16":"first","17":"instock","18":"taxable","19":"shipping-taxable","20":"product-type-simple"},"yoast_head":"<!-- This site is optimized with the Yoast SEO plugin v20.1 - https:\/\/yoast.com\/wordpress\/plugins\/seo\/ -->\n<title>Feln\u0151tt 1000 darabos Vintage koll\u00e1zs puzzle - Vir\u00e1gok<\/title>\n<meta name=\"description\" content=\"Feln\u0151tt 1000 darabos Vintage koll\u00e1zs puzzle - Vir\u00e1gok\" \/>\n<meta name=\"robots\" content=\"index, follow, max-snippet:-1, max-image-preview:large, max-video-preview:-1\" \/>\n<link rel=\"canonical\" href=\"https:\/\/business.roovi.com\/hu\/felnott-1000-darabos-vintage-kollazs-puzzle-viragok\/p\/\" \/>\n<meta property=\"og:locale\" content=\"hu_HU\" \/>\n<meta property=\"og:type\" content=\"article\" \/>\n<meta property=\"og:title\" content=\"Feln\u0151tt 1000 darabos Vintage koll\u00e1zs puzzle - Vir\u00e1gok\" \/>\n<meta property=\"og:description\" content=\"Feln\u0151tt 1000 darabos Vintage koll\u00e1zs puzzle - Vir\u00e1gok\" \/>\n<meta property=\"og:url\" content=\"https:\/\/business.roovi.com\/hu\/felnott-1000-darabos-vintage-kollazs-puzzle-viragok\/p\/\" \/>\n<meta property=\"og:site_name\" content=\"Roovi B2B\" \/>\n<meta property=\"article:publisher\" content=\"https:\/\/www.facebook.com\/wwwjucariero\" \/>\n<meta property=\"article:modified_time\" content=\"2022-07-06T14:39:32+00:00\" \/>\n<meta property=\"og:image\" content=\"https:\/\/business.roovi.com\/wp-content\/uploads\/2018\/09\/74362-03_ansamblu_dimensiuni_cutie_cm_orizontal_1200x1200.png\" \/>\n\t<meta property=\"og:image:width\" content=\"1200\" \/>\n\t<meta property=\"og:image:height\" content=\"1200\" \/>\n\t<meta property=\"og:image:type\" content=\"image\/png\" \/>\n<meta name=\"twitter:label1\" content=\"Becs\u00fclt olvas\u00e1si id\u0151\" \/>\n\t<meta name=\"twitter:data1\" content=\"3 perc\" \/>\n<script type=\"application\/ld+json\" class=\"yoast-schema-graph\">{\"@context\":\"https:\/\/schema.org\",\"@graph\":[{\"@type\":\"WebPage\",\"@id\":\"https:\/\/business.roovi.com\/hu\/felnott-1000-darabos-vintage-kollazs-puzzle-viragok\/p\/\",\"url\":\"https:\/\/business.roovi.com\/hu\/felnott-1000-darabos-vintage-kollazs-puzzle-viragok\/p\/\",\"name\":\"Feln\u0151tt 1000 darabos Vintage koll\u00e1zs puzzle - Vir\u00e1gok\",\"isPartOf\":{\"@id\":\"https:\/\/business.roovi.com\/hu\/#website\"},\"datePublished\":\"2018-09-05T11:45:27+00:00\",\"dateModified\":\"2022-07-06T14:39:32+00:00\",\"description\":\"Feln\u0151tt 1000 darabos Vintage koll\u00e1zs puzzle - Vir\u00e1gok\",\"breadcrumb\":{\"@id\":\"https:\/\/business.roovi.com\/hu\/felnott-1000-darabos-vintage-kollazs-puzzle-viragok\/p\/#breadcrumb\"},\"inLanguage\":\"hu\",\"potentialAction\":[{\"@type\":\"ReadAction\",\"target\":[\"https:\/\/business.roovi.com\/hu\/felnott-1000-darabos-vintage-kollazs-puzzle-viragok\/p\/\"]}]},{\"@type\":\"BreadcrumbList\",\"@id\":\"https:\/\/business.roovi.com\/hu\/felnott-1000-darabos-vintage-kollazs-puzzle-viragok\/p\/#breadcrumb\",\"itemListElement\":[{\"@type\":\"ListItem\",\"position\":1,\"name\":\"Home\",\"item\":\"https:\/\/business.roovi.com\/hu\/\"},{\"@type\":\"ListItem\",\"position\":2,\"name\":\"Shop\",\"item\":\"https:\/\/business.roovi.com\/hu\/shop\/\"},{\"@type\":\"ListItem\",\"position\":3,\"name\":\"Feln\u0151tt 1000 darabos Vintage koll\u00e1zs puzzle &#8211; Vir\u00e1gok\"}]},{\"@type\":\"WebSite\",\"@id\":\"https:\/\/business.roovi.com\/hu\/#website\",\"url\":\"https:\/\/business.roovi.com\/hu\/\",\"name\":\"Roovi B2B\",\"description\":\"Roovi Business Website\",\"potentialAction\":[{\"@type\":\"SearchAction\",\"target\":{\"@type\":\"EntryPoint\",\"urlTemplate\":\"https:\/\/business.roovi.com\/hu\/?s={search_term_string}\"},\"query-input\":\"required name=search_term_string\"}],\"inLanguage\":\"hu\"}]}<\/script>\n<!-- \/ Yoast SEO plugin. -->","yoast_head_json":{"title":"Feln\u0151tt 1000 darabos Vintage koll\u00e1zs puzzle - Vir\u00e1gok","description":"Feln\u0151tt 1000 darabos Vintage koll\u00e1zs puzzle - Vir\u00e1gok","robots":{"index":"index","follow":"follow","max-snippet":"max-snippet:-1","max-image-preview":"max-image-preview:large","max-video-preview":"max-video-preview:-1"},"canonical":"https:\/\/business.roovi.com\/hu\/felnott-1000-darabos-vintage-kollazs-puzzle-viragok\/p\/","og_locale":"hu_HU","og_type":"article","og_title":"Feln\u0151tt 1000 darabos Vintage koll\u00e1zs puzzle - Vir\u00e1gok","og_description":"Feln\u0151tt 1000 darabos Vintage koll\u00e1zs puzzle - Vir\u00e1gok","og_url":"https:\/\/business.roovi.com\/hu\/felnott-1000-darabos-vintage-kollazs-puzzle-viragok\/p\/","og_site_name":"Roovi B2B","article_publisher":"https:\/\/www.facebook.com\/wwwjucariero","article_modified_time":"2022-07-06T14:39:32+00:00","og_image":[{"width":1200,"height":1200,"url":"https:\/\/business.roovi.com\/wp-content\/uploads\/2018\/09\/74362-03_ansamblu_dimensiuni_cutie_cm_orizontal_1200x1200.png","type":"image\/png"}],"twitter_misc":{"Becs\u00fclt olvas\u00e1si id\u0151":"3 perc"},"schema":{"@context":"https:\/\/schema.org","@graph":[{"@type":"WebPage","@id":"https:\/\/business.roovi.com\/hu\/felnott-1000-darabos-vintage-kollazs-puzzle-viragok\/p\/","url":"https:\/\/business.roovi.com\/hu\/felnott-1000-darabos-vintage-kollazs-puzzle-viragok\/p\/","name":"Feln\u0151tt 1000 darabos Vintage koll\u00e1zs puzzle - Vir\u00e1gok","isPartOf":{"@id":"https:\/\/business.roovi.com\/hu\/#website"},"datePublished":"2018-09-05T11:45:27+00:00","dateModified":"2022-07-06T14:39:32+00:00","description":"Feln\u0151tt 1000 darabos Vintage koll\u00e1zs puzzle - Vir\u00e1gok","breadcrumb":{"@id":"https:\/\/business.roovi.com\/hu\/felnott-1000-darabos-vintage-kollazs-puzzle-viragok\/p\/#breadcrumb"},"inLanguage":"hu","potentialAction":[{"@type":"ReadAction","target":["https:\/\/business.roovi.com\/hu\/felnott-1000-darabos-vintage-kollazs-puzzle-viragok\/p\/"]}]},{"@type":"BreadcrumbList","@id":"https:\/\/business.roovi.com\/hu\/felnott-1000-darabos-vintage-kollazs-puzzle-viragok\/p\/#breadcrumb","itemListElement":[{"@type":"ListItem","position":1,"name":"Home","item":"https:\/\/business.roovi.com\/hu\/"},{"@type":"ListItem","position":2,"name":"Shop","item":"https:\/\/business.roovi.com\/hu\/shop\/"},{"@type":"ListItem","position":3,"name":"Feln\u0151tt 1000 darabos Vintage koll\u00e1zs puzzle &#8211; Vir\u00e1gok"}]},{"@type":"WebSite","@id":"https:\/\/business.roovi.com\/hu\/#website","url":"https:\/\/business.roovi.com\/hu\/","name":"Roovi B2B","description":"Roovi Business Website","potentialAction":[{"@type":"SearchAction","target":{"@type":"EntryPoint","urlTemplate":"https:\/\/business.roovi.com\/hu\/?s={search_term_string}"},"query-input":"required name=search_term_string"}],"inLanguage":"hu"}]}},"_links":{"self":[{"href":"https:\/\/business.roovi.com\/hu\/wp-json\/wp\/v2\/product\/40223","targetHints":{"allow":["GET"]}}],"collection":[{"href":"https:\/\/business.roovi.com\/hu\/wp-json\/wp\/v2\/product"}],"about":[{"href":"https:\/\/business.roovi.com\/hu\/wp-json\/wp\/v2\/types\/product"}],"version-history":[{"count":0,"href":"https:\/\/business.roovi.com\/hu\/wp-json\/wp\/v2\/product\/40223\/revisions"}],"wp:featuredmedia":[{"embeddable":true,"href":"https:\/\/business.roovi.com\/hu\/wp-json\/wp\/v2\/media\/36573"}],"wp:attachment":[{"href":"https:\/\/business.roovi.com\/hu\/wp-json\/wp\/v2\/media?parent=40223"}],"wp:term":[{"taxonomy":"product_brand","embeddable":true,"href":"https:\/\/business.roovi.com\/hu\/wp-json\/wp\/v2\/product_brand?post=40223"},{"taxonomy":"product_cat","embeddable":true,"href":"https:\/\/business.roovi.com\/hu\/wp-json\/wp\/v2\/product_cat?post=40223"},{"taxonomy":"product_tag","embeddable":true,"href":"https:\/\/business.roovi.com\/hu\/wp-json\/wp\/v2\/product_tag?post=40223"}],"curies":[{"name":"wp","href":"https:\/\/api.w.org\/{rel}","templated":true}]}}