{"id":40231,"date":"2018-09-05T11:40:31","date_gmt":"2018-09-05T11:40:31","guid":{"rendered":"https:\/\/business.roovi.com\/puzzle-adulti-1000-piese-vintage-collage-teasceaiuri\/p\/"},"modified":"2022-07-06T14:39:44","modified_gmt":"2022-07-06T14:39:44","slug":"felnott-1000-darabos-vintage-kollazs-puzzle-teak-ceasers","status":"publish","type":"product","link":"https:\/\/business.roovi.com\/hu\/felnott-1000-darabos-vintage-kollazs-puzzle-teak-ceasers\/p\/","title":{"rendered":"Feln\u0151tt 1000 darabos Vintage koll\u00e1zs puzzle &#8211; Te\u00e1k\/Ceasers"},"content":{"rendered":"<p><span style=\"font-weight: 400\">Szenved\u00e9lyes gy\u0171jt\u0151? A vintage koll\u00e1zsgy\u0171jtem\u00e9ny kirak\u00f3s j\u00e1t\u00e9kai lehet\u0151s\u00e9get adnak arra, hogy k\u00fcl\u00f6nleges festm\u00e9nyeket hozzon l\u00e9tre egyedi koll\u00e1zs-illusztr\u00e1ci\u00f3kkal, amelyekre minden vintage m\u0171gy\u0171jt\u0151 v\u00e1gyik.<\/span><\/p>\n<p><span style=\"font-weight: 400\">A vintage koll\u00e1zs kirak\u00f3s j\u00e1t\u00e9kcsal\u00e1d 1000 darabos kirak\u00f3s j\u00e1t\u00e9kokat tartalmaz k\u00fcl\u00f6nb\u00f6z\u0151 t\u00e9m\u00e1j\u00fa miniat\u0171r illusztr\u00e1ci\u00f3kkal: r\u00e9gi bankjegyek, rekl\u00e1mplak\u00e1tok az elm\u00falt \u00e9vsz\u00e1zadokb\u00f3l \u00e9s m\u00e9g sok m\u00e1s t\u00e9m\u00e1ban. A r\u00e9szletek sokas\u00e1ga miatt ezek a kirak\u00f3sok magasabb neh\u00e9zs\u00e9gi fok\u00faak, \u00e9s t\u00f6bb id\u0151t ig\u00e9nyelhet az \u00f6ssze\u00e1ll\u00edt\u00e1suk, ez\u00e9rt t\u00f6bb \u00f3r\u00e1nyi pihentet\u0151 sz\u00f3rakoz\u00e1sra van sz\u00fcks\u00e9g\u00fck.<\/span><\/p>\n<p><span style=\"font-weight: 400\">Az 1000 darabos Teas\/Ceaiuri puzzle egy mini gy\u0171jtem\u00e9nyt mutat be a k\u00fcl\u00f6nb\u00f6z\u0151 teafajt\u00e1k r\u00e9gi rekl\u00e1mplak\u00e1tjaib\u00f3l. K\u00f6z\u00e9pen MacDonald Gill 1940-ben kiadott teat\u00e9rk\u00e9p\u00e9t l\u00e1thatjuk <\/span><\/p>\n<p><span style=\"font-weight: 400\">A t\u00e9rk\u00e9p a tea eredet\u00e9t \u00e9s kult\u00far\u00e1j\u00e1t \u00fcnnepli. A t\u00e9rk\u00e9p alj\u00e1n 3 tekercs tal\u00e1lhat\u00f3, amelyeken az adott id\u0151pontban a teafogyaszt\u00e1s adatai l\u00e1that\u00f3k. M\u00e1r akkor is nem kevesebb, mint 300.000.000.000.000.000 cs\u00e9sze te\u00e1t ittak \u00e9vente! <\/span><\/p>\n<p><span style=\"font-weight: 400\">Az 1000 Pieces &#8211; Te\u00e1k puzzle a sz\u00f3rakoztat\u00e1son t\u00fal egy leny\u0171g\u00f6z\u0151 koll\u00e1zs, amely egy egyszer\u0171, m\u00e9gis vil\u00e1gszerte nagyra becs\u00fclt ital mes\u00e9s t\u00f6rt\u00e9net\u00e9nek egy kis r\u00e9sz\u00e9t t\u00e1rja el\u00e9nk. Megh\u00edvjuk \u00d6nt egy cs\u00e9sze arom\u00e1s te\u00e1ra \u00e9s sok-sok \u00f3r\u00e1nyi kikapcsol\u00f3d\u00e1sra!<\/span><\/p>\n<p><span style=\"font-weight: 400\">Jellemz\u0151k 1000 darabos Vintage Collage puzzle &#8211; Te\u00e1k\/Ceasers:<\/span><\/p>\n<p><strong>A rekonstru\u00e1lt k\u00e9p m\u00e9rete: 50 x 70 cm.<\/strong><\/p>\n<p><strong>Puzzle anyag <\/strong><\/p>\n<p><strong>kiv\u00e1l\u00f3 min\u0151s\u00e9g\u0171 k\u00e9k karton<\/strong><\/p>\n<p><strong>fenntarthat\u00f3, \u00fajrahasznos\u00edthat\u00f3 anyagok<\/strong><\/p>\n<p><strong>f\u00e9lf\u00e9nyes kivitel, \u00e9l\u00e9nk sz\u00ednek<\/strong><\/p>\n<p><strong>A kirak\u00f3s darabok sz\u00e1ma: 1000<\/strong><\/p>\n<p><strong>Aj\u00e1nlott \u00e9letkor: 14+<\/strong><\/p>\n<p><strong>Mi\u00e9rt v\u00e1lasszon egy 1000 darabos puzzle-t a Vintage Collage puzzle kollekci\u00f3b\u00f3l?<\/strong><\/p>\n<p><span style=\"font-weight: 400\">Ez egy nagyszer\u0171 lehet\u0151s\u00e9g egy egyedi festm\u00e9ny elk\u00e9sz\u00edt\u00e9s\u00e9re.<\/span><\/p>\n<p><span style=\"font-weight: 400\">T\u00f6lts\u00f6n el sok-sok \u00f3r\u00e1t pihen\u00e9ssel \u00e9s a t\u00f6rt\u00e9nelembe visszavezet\u0151 sz\u00fcreti k\u00e9pek \u00fajrateremt\u00e9s\u00e9vel.<\/span><\/p>\n<p><span style=\"font-weight: 400\">Kikapcsol\u00f3dsz a mindennapokb\u00f3l, \u00e9s hossz\u00fa id\u0151re t\u00e1vol maradsz a k\u00e9perny\u0151kt\u0151l.<\/span><\/p>\n<p><span style=\"font-weight: 400\">\u00c9lvezetes m\u00f3dja az olyan k\u00e9szs\u00e9gek edz\u00e9s\u00e9nek, mint a mem\u00f3ria \u00e9s a r\u00e9szletekre val\u00f3 odafigyel\u00e9s.<\/span><\/p>\n<p><span style=\"font-weight: 400\">Az \u00d6n \u00e1ltal k\u00e9sz\u00edtett festm\u00e9ny dekorat\u00edv t\u00e1rgy lehet, amely szem\u00e9lyess\u00e9 teszi otthona egy unalmas hely\u00e9t.<\/span><\/p>\n<p><span style=\"font-weight: 400\">Lehet\u0151s\u00e9get adhat arra, hogy min\u0151s\u00e9gi id\u0151t t\u00f6lts\u00f6n gyermekeivel vagy bar\u00e1ti t\u00e1rsas\u00e1g\u00e1val.<\/span><\/p>\n<p><strong>Tudtad, hogy&#8230;?<\/strong><\/p>\n<p><span style=\"font-weight: 400\">Az \u00e1zsiai kult\u00far\u00e1ban a tea a bar\u00e1ts\u00e1g \u00e9s a vend\u00e9gszeretet szimb\u00f3luma.<\/span><\/p>\n<p><span style=\"font-weight: 400\">Mong\u00f3li\u00e1ban a te\u00e1t tejjel \u00e9s egy kis s\u00f3val issz\u00e1k.<\/span><\/p>\n<p><span style=\"font-weight: 400\">A v\u00edz ut\u00e1n a tea a vil\u00e1gon a legt\u00f6bbet fogyasztott folyad\u00e9k. Naponta a vil\u00e1g lakoss\u00e1g\u00e1nak t\u00f6bb mint fele te\u00e1t iszik.<\/span><\/p>\n<p><span style=\"font-weight: 400\">Ennek az italnak az eredete nem teljesen vil\u00e1gos. A k\u00ednaiak \u00e9s az indiaiak m\u00e9g mindig vitatj\u00e1k az eredet\u00e9t.<\/span><\/p>\n<p><span style=\"font-weight: 400\">Eur\u00f3p\u00e1ban a legnagyobb teafogyaszt\u00f3k az \u00edrek (nem az angolok!), \u00e1tlagosan napi 6 cs\u00e9sz\u00e9vel.<\/span><\/p>\n<p><strong>1000 darabos teakirak\u00f3 \u00f6sszek\u00f6t t\u00e9ged \u00f6nmagaddal<\/strong><\/p>\n<p><span style=\"font-weight: 400\">Mint minden puzzle-rajong\u00f3, \u00d6n is sok-sok \u00f3r\u00e1ra v\u00e1gyik \u00f6nmag\u00e1val. Az 1000 darabos te\u00e1s puzzle a Vintage Collage puzzle kollekci\u00f3b\u00f3l a maga \u00f6sszetetts\u00e9g\u00e9vel \u00e9s a r\u00e9szletek sokas\u00e1g\u00e1val id\u0151t ad arra, hogy kil\u00e9pj a mindennapok ter\u00e9b\u0151l \u00e9s megtal\u00e1ld \u00f6nmagad.<\/span><\/p>\n<p><span style=\"font-weight: 400\">T\u00f6bb tanulm\u00e1ny is kimutatta, hogy a kirak\u00f3s j\u00e1t\u00e9kok fantasztikus hat\u00e1ssal vannak az emberi elm\u00e9re, hasonl\u00f3an a medit\u00e1ci\u00f3hoz. \u00cdgy a feln\u0151tt rejtv\u00e9nyek csod\u00e1latos eszk\u00f6z\u00f6k:<\/span><\/p>\n<ul>\n<li><span style=\"font-weight: 400\">Az \u00f6nbizalom helyre\u00e1ll\u00edt\u00e1sa.<\/span><\/li>\n<li><span style=\"font-weight: 400\">A szorong\u00e1s cs\u00f6kkent\u00e9se.<\/span><\/li>\n<li><span style=\"font-weight: 400\">K\u00fczdelem az \u00e1lmatlans\u00e1g ellen.<\/span><\/li>\n<li><span style=\"font-weight: 400\">A stressz cs\u00f6kkent\u00e9se.<\/span><\/li>\n<\/ul>\n<p><span style=\"font-weight: 400\">\u00c9lvezze a puzzle j\u00e1t\u00e9k minden el\u0151ny\u00e9t, \u00e9s v\u00e1lassza az 1000 darabos puzzle te\u00e1kat. Ha lelkes vintage m\u0171v\u00e9szeti gy\u0171jt\u0151 vagy, fedezd fel a Vintage Collage puzzle-gy\u0171jtem\u00e9ny \u00f6sszes kirak\u00f3s j\u00e1t\u00e9k\u00e1t. Ha csak a kreat\u00edv id\u0151t\u00f6lt\u00e9st szereti, v\u00e1s\u00e1rolja meg az 1000 darabos puzzle-t &#8211; illusztr\u00e1ci\u00f3k koll\u00e1zsa te\u00e1kat rekl\u00e1moz\u00f3 plak\u00e1tokkal, \u00e9s rakja \u00f6ssze, amikor csak akarja, hogy kih\u00edv\u00e1st jelentsen az elm\u00e9j\u00e9nek.<\/span><\/p><\/p>\n","protected":false},"excerpt":{"rendered":"<p>Szenved\u00e9lyes gy\u0171jt\u0151? A vintage koll\u00e1zsgy\u0171jtem\u00e9ny kirak\u00f3s j\u00e1t\u00e9kai lehet\u0151s\u00e9get adnak arra, hogy k\u00fcl\u00f6nleges festm\u00e9nyeket hozzon l\u00e9tre egyedi koll\u00e1zs-illusztr\u00e1ci\u00f3kkal, amelyekre minden vintage<\/p>\n","protected":false},"featured_media":36545,"template":"","meta":[],"product_brand":[],"product_cat":[1920,1919,1881],"product_tag":[],"class_list":{"0":"post-40231","1":"product","2":"type-product","3":"status-publish","4":"has-post-thumbnail","6":"product_cat-1000-darabos-kirakos-jatek","7":"product_cat-felnott-kirakos-jatekok","8":"product_cat-kirakos-jatekok","9":"pa_brand-d_toys-hu","10":"pa_country_of_manufacture-ro-hu","11":"pa_filter_age-14-hu","12":"pa_painter-vintage-collage-hu","13":"pa_tip_ambalaj-doboz","14":"pa_tip_puzzle-klasszikus","16":"first","17":"instock","18":"taxable","19":"shipping-taxable","20":"product-type-simple"},"yoast_head":"<!-- This site is optimized with the Yoast SEO plugin v20.1 - https:\/\/yoast.com\/wordpress\/plugins\/seo\/ -->\n<title>Feln\u0151tt 1000 darabos Vintage koll\u00e1zs puzzle - Te\u00e1k\/Ceasers<\/title>\n<meta name=\"description\" content=\"Feln\u0151tt 1000 darabos Vintage koll\u00e1zs puzzle - Te\u00e1k\/Ceasers\" \/>\n<meta name=\"robots\" content=\"index, follow, max-snippet:-1, max-image-preview:large, max-video-preview:-1\" \/>\n<link rel=\"canonical\" href=\"https:\/\/business.roovi.com\/hu\/felnott-1000-darabos-vintage-kollazs-puzzle-teak-ceasers\/p\/\" \/>\n<meta property=\"og:locale\" content=\"hu_HU\" \/>\n<meta property=\"og:type\" content=\"article\" \/>\n<meta property=\"og:title\" content=\"Feln\u0151tt 1000 darabos Vintage koll\u00e1zs puzzle - Te\u00e1k\/Ceasers\" \/>\n<meta property=\"og:description\" content=\"Feln\u0151tt 1000 darabos Vintage koll\u00e1zs puzzle - Te\u00e1k\/Ceasers\" \/>\n<meta property=\"og:url\" content=\"https:\/\/business.roovi.com\/hu\/felnott-1000-darabos-vintage-kollazs-puzzle-teak-ceasers\/p\/\" \/>\n<meta property=\"og:site_name\" content=\"Roovi B2B\" \/>\n<meta property=\"article:publisher\" content=\"https:\/\/www.facebook.com\/wwwjucariero\" \/>\n<meta property=\"article:modified_time\" content=\"2022-07-06T14:39:44+00:00\" \/>\n<meta property=\"og:image\" content=\"https:\/\/business.roovi.com\/wp-content\/uploads\/2018\/09\/74362-01_ansamblu_dimensiuni_cutie_cm_orizontal_1200x1200.png\" \/>\n\t<meta property=\"og:image:width\" content=\"1200\" \/>\n\t<meta property=\"og:image:height\" content=\"1200\" \/>\n\t<meta property=\"og:image:type\" content=\"image\/png\" \/>\n<meta name=\"twitter:label1\" content=\"Becs\u00fclt olvas\u00e1si id\u0151\" \/>\n\t<meta name=\"twitter:data1\" content=\"4 perc\" \/>\n<script type=\"application\/ld+json\" class=\"yoast-schema-graph\">{\"@context\":\"https:\/\/schema.org\",\"@graph\":[{\"@type\":\"WebPage\",\"@id\":\"https:\/\/business.roovi.com\/hu\/felnott-1000-darabos-vintage-kollazs-puzzle-teak-ceasers\/p\/\",\"url\":\"https:\/\/business.roovi.com\/hu\/felnott-1000-darabos-vintage-kollazs-puzzle-teak-ceasers\/p\/\",\"name\":\"Feln\u0151tt 1000 darabos Vintage koll\u00e1zs puzzle - Te\u00e1k\/Ceasers\",\"isPartOf\":{\"@id\":\"https:\/\/business.roovi.com\/hu\/#website\"},\"datePublished\":\"2018-09-05T11:40:31+00:00\",\"dateModified\":\"2022-07-06T14:39:44+00:00\",\"description\":\"Feln\u0151tt 1000 darabos Vintage koll\u00e1zs puzzle - Te\u00e1k\/Ceasers\",\"breadcrumb\":{\"@id\":\"https:\/\/business.roovi.com\/hu\/felnott-1000-darabos-vintage-kollazs-puzzle-teak-ceasers\/p\/#breadcrumb\"},\"inLanguage\":\"hu\",\"potentialAction\":[{\"@type\":\"ReadAction\",\"target\":[\"https:\/\/business.roovi.com\/hu\/felnott-1000-darabos-vintage-kollazs-puzzle-teak-ceasers\/p\/\"]}]},{\"@type\":\"BreadcrumbList\",\"@id\":\"https:\/\/business.roovi.com\/hu\/felnott-1000-darabos-vintage-kollazs-puzzle-teak-ceasers\/p\/#breadcrumb\",\"itemListElement\":[{\"@type\":\"ListItem\",\"position\":1,\"name\":\"Home\",\"item\":\"https:\/\/business.roovi.com\/hu\/\"},{\"@type\":\"ListItem\",\"position\":2,\"name\":\"Shop\",\"item\":\"https:\/\/business.roovi.com\/hu\/shop\/\"},{\"@type\":\"ListItem\",\"position\":3,\"name\":\"Feln\u0151tt 1000 darabos Vintage koll\u00e1zs puzzle &#8211; Te\u00e1k\/Ceasers\"}]},{\"@type\":\"WebSite\",\"@id\":\"https:\/\/business.roovi.com\/hu\/#website\",\"url\":\"https:\/\/business.roovi.com\/hu\/\",\"name\":\"Roovi B2B\",\"description\":\"Roovi Business Website\",\"potentialAction\":[{\"@type\":\"SearchAction\",\"target\":{\"@type\":\"EntryPoint\",\"urlTemplate\":\"https:\/\/business.roovi.com\/hu\/?s={search_term_string}\"},\"query-input\":\"required name=search_term_string\"}],\"inLanguage\":\"hu\"}]}<\/script>\n<!-- \/ Yoast SEO plugin. -->","yoast_head_json":{"title":"Feln\u0151tt 1000 darabos Vintage koll\u00e1zs puzzle - Te\u00e1k\/Ceasers","description":"Feln\u0151tt 1000 darabos Vintage koll\u00e1zs puzzle - Te\u00e1k\/Ceasers","robots":{"index":"index","follow":"follow","max-snippet":"max-snippet:-1","max-image-preview":"max-image-preview:large","max-video-preview":"max-video-preview:-1"},"canonical":"https:\/\/business.roovi.com\/hu\/felnott-1000-darabos-vintage-kollazs-puzzle-teak-ceasers\/p\/","og_locale":"hu_HU","og_type":"article","og_title":"Feln\u0151tt 1000 darabos Vintage koll\u00e1zs puzzle - Te\u00e1k\/Ceasers","og_description":"Feln\u0151tt 1000 darabos Vintage koll\u00e1zs puzzle - Te\u00e1k\/Ceasers","og_url":"https:\/\/business.roovi.com\/hu\/felnott-1000-darabos-vintage-kollazs-puzzle-teak-ceasers\/p\/","og_site_name":"Roovi B2B","article_publisher":"https:\/\/www.facebook.com\/wwwjucariero","article_modified_time":"2022-07-06T14:39:44+00:00","og_image":[{"width":1200,"height":1200,"url":"https:\/\/business.roovi.com\/wp-content\/uploads\/2018\/09\/74362-01_ansamblu_dimensiuni_cutie_cm_orizontal_1200x1200.png","type":"image\/png"}],"twitter_misc":{"Becs\u00fclt olvas\u00e1si id\u0151":"4 perc"},"schema":{"@context":"https:\/\/schema.org","@graph":[{"@type":"WebPage","@id":"https:\/\/business.roovi.com\/hu\/felnott-1000-darabos-vintage-kollazs-puzzle-teak-ceasers\/p\/","url":"https:\/\/business.roovi.com\/hu\/felnott-1000-darabos-vintage-kollazs-puzzle-teak-ceasers\/p\/","name":"Feln\u0151tt 1000 darabos Vintage koll\u00e1zs puzzle - Te\u00e1k\/Ceasers","isPartOf":{"@id":"https:\/\/business.roovi.com\/hu\/#website"},"datePublished":"2018-09-05T11:40:31+00:00","dateModified":"2022-07-06T14:39:44+00:00","description":"Feln\u0151tt 1000 darabos Vintage koll\u00e1zs puzzle - Te\u00e1k\/Ceasers","breadcrumb":{"@id":"https:\/\/business.roovi.com\/hu\/felnott-1000-darabos-vintage-kollazs-puzzle-teak-ceasers\/p\/#breadcrumb"},"inLanguage":"hu","potentialAction":[{"@type":"ReadAction","target":["https:\/\/business.roovi.com\/hu\/felnott-1000-darabos-vintage-kollazs-puzzle-teak-ceasers\/p\/"]}]},{"@type":"BreadcrumbList","@id":"https:\/\/business.roovi.com\/hu\/felnott-1000-darabos-vintage-kollazs-puzzle-teak-ceasers\/p\/#breadcrumb","itemListElement":[{"@type":"ListItem","position":1,"name":"Home","item":"https:\/\/business.roovi.com\/hu\/"},{"@type":"ListItem","position":2,"name":"Shop","item":"https:\/\/business.roovi.com\/hu\/shop\/"},{"@type":"ListItem","position":3,"name":"Feln\u0151tt 1000 darabos Vintage koll\u00e1zs puzzle &#8211; Te\u00e1k\/Ceasers"}]},{"@type":"WebSite","@id":"https:\/\/business.roovi.com\/hu\/#website","url":"https:\/\/business.roovi.com\/hu\/","name":"Roovi B2B","description":"Roovi Business Website","potentialAction":[{"@type":"SearchAction","target":{"@type":"EntryPoint","urlTemplate":"https:\/\/business.roovi.com\/hu\/?s={search_term_string}"},"query-input":"required name=search_term_string"}],"inLanguage":"hu"}]}},"_links":{"self":[{"href":"https:\/\/business.roovi.com\/hu\/wp-json\/wp\/v2\/product\/40231","targetHints":{"allow":["GET"]}}],"collection":[{"href":"https:\/\/business.roovi.com\/hu\/wp-json\/wp\/v2\/product"}],"about":[{"href":"https:\/\/business.roovi.com\/hu\/wp-json\/wp\/v2\/types\/product"}],"version-history":[{"count":0,"href":"https:\/\/business.roovi.com\/hu\/wp-json\/wp\/v2\/product\/40231\/revisions"}],"wp:featuredmedia":[{"embeddable":true,"href":"https:\/\/business.roovi.com\/hu\/wp-json\/wp\/v2\/media\/36545"}],"wp:attachment":[{"href":"https:\/\/business.roovi.com\/hu\/wp-json\/wp\/v2\/media?parent=40231"}],"wp:term":[{"taxonomy":"product_brand","embeddable":true,"href":"https:\/\/business.roovi.com\/hu\/wp-json\/wp\/v2\/product_brand?post=40231"},{"taxonomy":"product_cat","embeddable":true,"href":"https:\/\/business.roovi.com\/hu\/wp-json\/wp\/v2\/product_cat?post=40231"},{"taxonomy":"product_tag","embeddable":true,"href":"https:\/\/business.roovi.com\/hu\/wp-json\/wp\/v2\/product_tag?post=40231"}],"curies":[{"name":"wp","href":"https:\/\/api.w.org\/{rel}","templated":true}]}}