{"id":40235,"date":"2018-09-05T10:43:31","date_gmt":"2018-09-05T10:43:31","guid":{"rendered":"https:\/\/business.roovi.com\/puzzle-adulti-1000-piese-vintage-posters-howe-bicycles-tricycles\/p\/"},"modified":"2022-07-06T14:39:52","modified_gmt":"2022-07-06T14:39:52","slug":"felnott-puzzle-1000-darab-vintage-plakatok-howe-bicycles-tricycles-haromkerekuek","status":"publish","type":"product","link":"https:\/\/business.roovi.com\/hu\/felnott-puzzle-1000-darab-vintage-plakatok-howe-bicycles-tricycles-haromkerekuek\/p\/","title":{"rendered":"Feln\u0151tt puzzle 1000 darab Vintage plak\u00e1tok &#8211; Howe Bicycles Tricycles h\u00e1romkerek\u0171ek"},"content":{"rendered":"<p><span style=\"font-weight: 400\">Ha szenved\u00e9lyesen szereted a kirak\u00f3s j\u00e1t\u00e9kokat, \u00e9s szeretn\u00e9l nagyszer\u0171 terveket bekeretezni, a Vintage Puzzle Collection stimul\u00e1lni fogja a m\u0171v\u00e9szi \u00e9rz\u00e9kedet. V\u00e1lasszon egyet a rendelkez\u00e9sre \u00e1ll\u00f3 1000 darabos kirak\u00f3sok k\u00f6z\u00fcl, \u00e9s hozza l\u00e9tre saj\u00e1t, egyedi gy\u0171jtem\u00e9ny\u00e9t a vintage festm\u00e9nyekb\u0151l.<\/span><\/p>\n<p><span style=\"font-weight: 400\">Az 1000 darabos Howe Bicycles Tricycles kirak\u00f3s a sk\u00f3t Howe Bicycles &amp; Tricycles ker\u00e9kp\u00e1ros c\u00e9g rekl\u00e1mplak\u00e1tj\u00e1t reproduk\u00e1lja, amelyet egy n\u00e9vtelen m\u0171v\u00e9sz k\u00e9sz\u00edtett 1890 k\u00f6r\u00fcl <\/span><\/p>\n<p><span style=\"font-weight: 400\">A k\u00e9p ikonikus a rekl\u00e1mvil\u00e1gban, \u00e9s a modern rekl\u00e1m egyik \u0151se. A k\u00e9pen egy lend\u00fcletes, pajeszos fiatalember \u00fcl az \u00faj Howe m\u00e1rk\u00e1j\u00fa triciklij\u00e9n. A plak\u00e1tot el\u0151sz\u00f6r P\u00e1rizsban nyomtatt\u00e1k ki.<\/span><\/p>\n<p><span style=\"font-weight: 400\">Az 1000 darabos Howe Bicycles Tricycles puzzle kiv\u00e1l\u00f3 min\u0151s\u00e9g\u0171 anyagokb\u00f3l k\u00e9sz\u00fclt, \u00e9s a k\u00fcl\u00f6nleges kirak\u00f3s j\u00e1t\u00e9kb\u00f3l sz\u00e1rmaz\u00f3 k\u00e9p bekeretezve leny\u0171g\u00f6z\u0151en fog kin\u00e9zni, \u00e9s minden helyet feldob, ahol ki\u00e1ll\u00edtod.<\/span><\/p>\n<p><span style=\"font-weight: 400\">Szeretn\u00e9l t\u00f6bbet megtudni ennek a kirak\u00f3s j\u00e1t\u00e9knak a technikai jellemz\u0151ir\u0151l? Olvassa el az al\u00e1bbi inform\u00e1ci\u00f3kat:<\/span><\/p>\n<p><strong>A rekonstru\u00e1lt k\u00e9p m\u00e9rete: 50 x 70 cm <\/strong><span style=\"font-weight: 400\">Az \u00f6sszeszerel\u00e9shez haszn\u00e1lhat egy hagyom\u00e1nyos doh\u00e1nyz\u00f3asztalt.<\/span><\/p>\n<p><strong>Puzzle anyag <\/strong><\/p>\n<p><strong>kiv\u00e1l\u00f3 min\u0151s\u00e9g\u0171 k\u00e9k karton<\/strong><\/p>\n<p><strong>fenntarthat\u00f3, \u00fajrahasznos\u00edthat\u00f3 anyagok<\/strong><\/p>\n<p><strong>f\u00e9lf\u00e9nyes kivitel, \u00e9l\u00e9nk sz\u00ednek<\/strong><\/p>\n<p><strong>A kirak\u00f3s darabok sz\u00e1ma: 1000<\/strong><\/p>\n<p><strong>Aj\u00e1nlott \u00e9letkor: 14+<\/strong><\/p>\n<p><span style=\"font-weight: 400\">A rejtv\u00e9nyj\u00e1t\u00e9kok sz\u00e1mos olyan k\u00e9szs\u00e9get fejlesztenek, amelyeket a mindennapi tev\u00e9kenys\u00e9geid sor\u00e1n haszn\u00e1lsz:<\/span><\/p>\n<p><span style=\"font-weight: 400\">Figyelem a r\u00e9szletekre &#8211; igazi detekt\u00edvnek \u00e9rezheted magad, aki az 1000 darabos puzzle t\u00f6bb sz\u00e1z mes\u00e9s r\u00e9szlete k\u00f6z\u00f6tt keresi a megfelel\u0151 darabokat.<\/span><\/p>\n<p><span style=\"font-weight: 400\">Logikus gondolkod\u00e1s 1000 puzzle-darab hasonl\u00f3 form\u00e1khoz \u00e9s sz\u00ednekhez val\u00f3 t\u00e1rs\u00edt\u00e1s\u00e1val.<\/span><\/p>\n<p><span style=\"font-weight: 400\">K\u00e9pzel\u0151er\u0151 &#8211; fedezd fel a h\u00e1tt\u00e9rben megb\u00fav\u00f3 csod\u00e1latos r\u00e9szleteket, \u00e9s k\u00e9pzelj el bel\u0151l\u00fck egy eg\u00e9sz t\u00f6rt\u00e9netet.<\/span><\/p>\n<p><span style=\"font-weight: 400\">Eszt\u00e9tikai \u00e9rz\u00e9k &#8211; egy m\u0171alkot\u00e1s megalkot\u00e1s\u00e1val fejleszti a sz\u00e9p\u00e9rz\u00e9k\u00e9t.<\/span><\/p>\n<p><span style=\"font-weight: 400\">Kitart\u00e1s &#8211; megtanulod, hogy nincs lehetetlen, ha valamit igaz\u00e1n akarsz.<\/span><\/p>\n<p><span style=\"font-weight: 400\">T\u00fcrelem &#8211; amit a v\u00e9g\u00e9n egy sikeres \u00e9lm\u00e9ny \u00fcnnepel.<\/span><\/p>\n<p><strong>Tudtad, hogy&#8230;?<\/strong><\/p>\n<p><span style=\"font-weight: 400\">A rejtv\u00e9nyj\u00e1t\u00e9kok serkentik a dopamin, a boldogs\u00e1ghormon szint\u00e9zis\u00e9t? \u00c9s ez az oka annak, hogy elk\u00e9peszt\u0151 j\u00f3 k\u00f6z\u00e9rzetet \u00e9s el\u00e9gedetts\u00e9get tapasztalsz minden alkalommal, amikor kirak\u00f3s j\u00e1t\u00e9kok k\u00e9peit rakod \u00f6ssze.<\/span><\/p>\n<p><span style=\"font-weight: 400\">A dopamin egy neurotranszmitter, amely az agyban az idegsejtek k\u00f6z\u00f6tti jeleket tov\u00e1bb\u00edtja. B\u00e1r az agy neuronjainak kevesebb mint 1%-\u00e1t teszi ki, a dopamin alapvet\u0151 szerepet j\u00e1tszik a j\u00f3l\u00e9tben \u00e9s a ment\u00e1lis eg\u00e9szs\u00e9gben.<\/span><\/p>\n<p><span style=\"font-weight: 400\">A kirak\u00f3s j\u00e1t\u00e9k sor\u00e1n a dopamin azonnali l\u00f6k\u00e9st ad a hangulatodnak, \u00e9s nyugodtnak \u00e9s laz\u00e1nak \u00e9rzed magad, mik\u00f6zben elm\u00e9d \u00e9lvezi a kreat\u00edv kih\u00edv\u00e1st <\/span><\/p>\n<p><strong>Mi\u00e9rt v\u00e1lassza a vintage m\u0171v\u00e9szeti rejtv\u00e9nyeket?<\/strong><\/p>\n<p><span style=\"font-weight: 400\">Ak\u00e1r 30 \u00f3r\u00e1nyi pihentet\u0151 sz\u00f3rakoz\u00e1st biztos\u00edt.<\/span><\/p>\n<p><span style=\"font-weight: 400\">Lehet\u0151s\u00e9get ad arra, hogy a m\u0171v\u00e9sz b\u0151r\u00e9be b\u00fajjon, \u00e9s egy remekm\u0171vet alkosson.<\/span><\/p>\n<p><span style=\"font-weight: 400\">Olyan d\u00edszt\u00e1rgyat hoz l\u00e9tre, amely szem\u00e9lyis\u00e9get k\u00f6lcs\u00f6n\u00f6z minden unalmas t\u00e9rnek, amelyben megjelen\u00edti.<\/span><\/p>\n<p><span style=\"font-weight: 400\">Ha a festm\u00e9ny elk\u00e9sz\u00fclt, lehet\u0151s\u00e9ge van arra, hogy a saj\u00e1t temp\u00f3j\u00e1ban csod\u00e1lja meg az eredeti m\u0171 leny\u0171g\u00f6z\u0151 r\u00e9szleteit.<\/span><\/p>\n<p><span style=\"font-weight: 400\">Ez egy nagyszer\u0171 lehet\u0151s\u00e9g arra, hogy csiszold a kirak\u00f3s k\u00e9szs\u00e9geidet, \u00e9s megmutasd \u0151ket a bar\u00e1taidnak.<\/span><\/p>\n<p><span style=\"font-weight: 400\">V\u00e1s\u00e1roljon Howe Bicycles Tricycles 1000 darabos kirak\u00f3s j\u00e1t\u00e9kot az Egyes\u00fclt Kir\u00e1lys\u00e1g legeredetibb vintage puzzle gy\u0171jtem\u00e9ny\u00e9b\u0151l, \u00e9s \u00e9lvezze a lev\u00e9s \u00e9s az \u00f6r\u00f6m egyed\u00fcl\u00e1ll\u00f3 pillanatait. Ak\u00e1r \u00fagy d\u00f6ntesz, hogy egyed\u00fcl fejezed be a k\u00e9pet ebben a feln\u0151tt puzzle-ben, ak\u00e1r ink\u00e1bb a bar\u00e1taid t\u00e1rsas\u00e1g\u00e1ban szeretn\u00e9l egy kis intenz\u00edv sz\u00f3rakoz\u00e1st, az 1000 darabos Vintage Howe Bicycles Tricycles puzzle t\u00f6k\u00e9letes v\u00e1laszt\u00e1s.<\/span><\/p><\/p>\n","protected":false},"excerpt":{"rendered":"<p>Ha szenved\u00e9lyesen szereted a kirak\u00f3s j\u00e1t\u00e9kokat, \u00e9s szeretn\u00e9l nagyszer\u0171 terveket bekeretezni, a Vintage Puzzle Collection stimul\u00e1lni fogja a m\u0171v\u00e9szi \u00e9rz\u00e9kedet.<\/p>\n","protected":false},"featured_media":36531,"template":"","meta":[],"product_brand":[],"product_cat":[1920,1919,1881],"product_tag":[],"class_list":{"0":"post-40235","1":"product","2":"type-product","3":"status-publish","4":"has-post-thumbnail","6":"product_cat-1000-darabos-kirakos-jatek","7":"product_cat-felnott-kirakos-jatekok","8":"product_cat-kirakos-jatekok","9":"pa_brand-d_toys-hu","10":"pa_country_of_manufacture-ro-hu","11":"pa_filter_age-14-hu","12":"pa_painter-vintage-posters-hu","13":"pa_tip_ambalaj-doboz","14":"pa_tip_puzzle-klasszikus","16":"first","17":"instock","18":"taxable","19":"shipping-taxable","20":"product-type-simple"},"yoast_head":"<!-- This site is optimized with the Yoast SEO plugin v20.1 - https:\/\/yoast.com\/wordpress\/plugins\/seo\/ -->\n<title>Feln\u0151tt puzzle 1000 darab Vintage plak\u00e1tok - Howe Bicycles Tricycles h\u00e1romkerek\u0171ek<\/title>\n<meta name=\"description\" content=\"Feln\u0151tt puzzle 1000 darab Vintage plak\u00e1tok - Howe Bicycles Tricycles h\u00e1romkerek\u0171ek\" \/>\n<meta name=\"robots\" content=\"index, follow, max-snippet:-1, max-image-preview:large, max-video-preview:-1\" \/>\n<link rel=\"canonical\" href=\"https:\/\/business.roovi.com\/hu\/felnott-puzzle-1000-darab-vintage-plakatok-howe-bicycles-tricycles-haromkerekuek\/p\/\" \/>\n<meta property=\"og:locale\" content=\"hu_HU\" \/>\n<meta property=\"og:type\" content=\"article\" \/>\n<meta property=\"og:title\" content=\"Feln\u0151tt puzzle 1000 darab Vintage plak\u00e1tok - Howe Bicycles Tricycles h\u00e1romkerek\u0171ek\" \/>\n<meta property=\"og:description\" content=\"Feln\u0151tt puzzle 1000 darab Vintage plak\u00e1tok - Howe Bicycles Tricycles h\u00e1romkerek\u0171ek\" \/>\n<meta property=\"og:url\" content=\"https:\/\/business.roovi.com\/hu\/felnott-puzzle-1000-darab-vintage-plakatok-howe-bicycles-tricycles-haromkerekuek\/p\/\" \/>\n<meta property=\"og:site_name\" content=\"Roovi B2B\" \/>\n<meta property=\"article:publisher\" content=\"https:\/\/www.facebook.com\/wwwjucariero\" \/>\n<meta property=\"article:modified_time\" content=\"2022-07-06T14:39:52+00:00\" \/>\n<meta property=\"og:image\" content=\"https:\/\/business.roovi.com\/wp-content\/uploads\/2018\/09\/67555-1_ansamblu_dimensiuni_cutie_cm_vertical_1200x1200.png\" \/>\n\t<meta property=\"og:image:width\" content=\"1200\" \/>\n\t<meta property=\"og:image:height\" content=\"1200\" \/>\n\t<meta property=\"og:image:type\" content=\"image\/png\" \/>\n<meta name=\"twitter:label1\" content=\"Becs\u00fclt olvas\u00e1si id\u0151\" \/>\n\t<meta name=\"twitter:data1\" content=\"4 perc\" \/>\n<script type=\"application\/ld+json\" class=\"yoast-schema-graph\">{\"@context\":\"https:\/\/schema.org\",\"@graph\":[{\"@type\":\"WebPage\",\"@id\":\"https:\/\/business.roovi.com\/hu\/felnott-puzzle-1000-darab-vintage-plakatok-howe-bicycles-tricycles-haromkerekuek\/p\/\",\"url\":\"https:\/\/business.roovi.com\/hu\/felnott-puzzle-1000-darab-vintage-plakatok-howe-bicycles-tricycles-haromkerekuek\/p\/\",\"name\":\"Feln\u0151tt puzzle 1000 darab Vintage plak\u00e1tok - Howe Bicycles Tricycles h\u00e1romkerek\u0171ek\",\"isPartOf\":{\"@id\":\"https:\/\/business.roovi.com\/hu\/#website\"},\"datePublished\":\"2018-09-05T10:43:31+00:00\",\"dateModified\":\"2022-07-06T14:39:52+00:00\",\"description\":\"Feln\u0151tt puzzle 1000 darab Vintage plak\u00e1tok - Howe Bicycles Tricycles h\u00e1romkerek\u0171ek\",\"breadcrumb\":{\"@id\":\"https:\/\/business.roovi.com\/hu\/felnott-puzzle-1000-darab-vintage-plakatok-howe-bicycles-tricycles-haromkerekuek\/p\/#breadcrumb\"},\"inLanguage\":\"hu\",\"potentialAction\":[{\"@type\":\"ReadAction\",\"target\":[\"https:\/\/business.roovi.com\/hu\/felnott-puzzle-1000-darab-vintage-plakatok-howe-bicycles-tricycles-haromkerekuek\/p\/\"]}]},{\"@type\":\"BreadcrumbList\",\"@id\":\"https:\/\/business.roovi.com\/hu\/felnott-puzzle-1000-darab-vintage-plakatok-howe-bicycles-tricycles-haromkerekuek\/p\/#breadcrumb\",\"itemListElement\":[{\"@type\":\"ListItem\",\"position\":1,\"name\":\"Home\",\"item\":\"https:\/\/business.roovi.com\/hu\/\"},{\"@type\":\"ListItem\",\"position\":2,\"name\":\"Shop\",\"item\":\"https:\/\/business.roovi.com\/hu\/shop\/\"},{\"@type\":\"ListItem\",\"position\":3,\"name\":\"Feln\u0151tt puzzle 1000 darab Vintage plak\u00e1tok &#8211; Howe Bicycles Tricycles h\u00e1romkerek\u0171ek\"}]},{\"@type\":\"WebSite\",\"@id\":\"https:\/\/business.roovi.com\/hu\/#website\",\"url\":\"https:\/\/business.roovi.com\/hu\/\",\"name\":\"Roovi B2B\",\"description\":\"Roovi Business Website\",\"potentialAction\":[{\"@type\":\"SearchAction\",\"target\":{\"@type\":\"EntryPoint\",\"urlTemplate\":\"https:\/\/business.roovi.com\/hu\/?s={search_term_string}\"},\"query-input\":\"required name=search_term_string\"}],\"inLanguage\":\"hu\"}]}<\/script>\n<!-- \/ Yoast SEO plugin. -->","yoast_head_json":{"title":"Feln\u0151tt puzzle 1000 darab Vintage plak\u00e1tok - Howe Bicycles Tricycles h\u00e1romkerek\u0171ek","description":"Feln\u0151tt puzzle 1000 darab Vintage plak\u00e1tok - Howe Bicycles Tricycles h\u00e1romkerek\u0171ek","robots":{"index":"index","follow":"follow","max-snippet":"max-snippet:-1","max-image-preview":"max-image-preview:large","max-video-preview":"max-video-preview:-1"},"canonical":"https:\/\/business.roovi.com\/hu\/felnott-puzzle-1000-darab-vintage-plakatok-howe-bicycles-tricycles-haromkerekuek\/p\/","og_locale":"hu_HU","og_type":"article","og_title":"Feln\u0151tt puzzle 1000 darab Vintage plak\u00e1tok - Howe Bicycles Tricycles h\u00e1romkerek\u0171ek","og_description":"Feln\u0151tt puzzle 1000 darab Vintage plak\u00e1tok - Howe Bicycles Tricycles h\u00e1romkerek\u0171ek","og_url":"https:\/\/business.roovi.com\/hu\/felnott-puzzle-1000-darab-vintage-plakatok-howe-bicycles-tricycles-haromkerekuek\/p\/","og_site_name":"Roovi B2B","article_publisher":"https:\/\/www.facebook.com\/wwwjucariero","article_modified_time":"2022-07-06T14:39:52+00:00","og_image":[{"width":1200,"height":1200,"url":"https:\/\/business.roovi.com\/wp-content\/uploads\/2018\/09\/67555-1_ansamblu_dimensiuni_cutie_cm_vertical_1200x1200.png","type":"image\/png"}],"twitter_misc":{"Becs\u00fclt olvas\u00e1si id\u0151":"4 perc"},"schema":{"@context":"https:\/\/schema.org","@graph":[{"@type":"WebPage","@id":"https:\/\/business.roovi.com\/hu\/felnott-puzzle-1000-darab-vintage-plakatok-howe-bicycles-tricycles-haromkerekuek\/p\/","url":"https:\/\/business.roovi.com\/hu\/felnott-puzzle-1000-darab-vintage-plakatok-howe-bicycles-tricycles-haromkerekuek\/p\/","name":"Feln\u0151tt puzzle 1000 darab Vintage plak\u00e1tok - Howe Bicycles Tricycles h\u00e1romkerek\u0171ek","isPartOf":{"@id":"https:\/\/business.roovi.com\/hu\/#website"},"datePublished":"2018-09-05T10:43:31+00:00","dateModified":"2022-07-06T14:39:52+00:00","description":"Feln\u0151tt puzzle 1000 darab Vintage plak\u00e1tok - Howe Bicycles Tricycles h\u00e1romkerek\u0171ek","breadcrumb":{"@id":"https:\/\/business.roovi.com\/hu\/felnott-puzzle-1000-darab-vintage-plakatok-howe-bicycles-tricycles-haromkerekuek\/p\/#breadcrumb"},"inLanguage":"hu","potentialAction":[{"@type":"ReadAction","target":["https:\/\/business.roovi.com\/hu\/felnott-puzzle-1000-darab-vintage-plakatok-howe-bicycles-tricycles-haromkerekuek\/p\/"]}]},{"@type":"BreadcrumbList","@id":"https:\/\/business.roovi.com\/hu\/felnott-puzzle-1000-darab-vintage-plakatok-howe-bicycles-tricycles-haromkerekuek\/p\/#breadcrumb","itemListElement":[{"@type":"ListItem","position":1,"name":"Home","item":"https:\/\/business.roovi.com\/hu\/"},{"@type":"ListItem","position":2,"name":"Shop","item":"https:\/\/business.roovi.com\/hu\/shop\/"},{"@type":"ListItem","position":3,"name":"Feln\u0151tt puzzle 1000 darab Vintage plak\u00e1tok &#8211; Howe Bicycles Tricycles h\u00e1romkerek\u0171ek"}]},{"@type":"WebSite","@id":"https:\/\/business.roovi.com\/hu\/#website","url":"https:\/\/business.roovi.com\/hu\/","name":"Roovi B2B","description":"Roovi Business Website","potentialAction":[{"@type":"SearchAction","target":{"@type":"EntryPoint","urlTemplate":"https:\/\/business.roovi.com\/hu\/?s={search_term_string}"},"query-input":"required name=search_term_string"}],"inLanguage":"hu"}]}},"_links":{"self":[{"href":"https:\/\/business.roovi.com\/hu\/wp-json\/wp\/v2\/product\/40235","targetHints":{"allow":["GET"]}}],"collection":[{"href":"https:\/\/business.roovi.com\/hu\/wp-json\/wp\/v2\/product"}],"about":[{"href":"https:\/\/business.roovi.com\/hu\/wp-json\/wp\/v2\/types\/product"}],"version-history":[{"count":0,"href":"https:\/\/business.roovi.com\/hu\/wp-json\/wp\/v2\/product\/40235\/revisions"}],"wp:featuredmedia":[{"embeddable":true,"href":"https:\/\/business.roovi.com\/hu\/wp-json\/wp\/v2\/media\/36531"}],"wp:attachment":[{"href":"https:\/\/business.roovi.com\/hu\/wp-json\/wp\/v2\/media?parent=40235"}],"wp:term":[{"taxonomy":"product_brand","embeddable":true,"href":"https:\/\/business.roovi.com\/hu\/wp-json\/wp\/v2\/product_brand?post=40235"},{"taxonomy":"product_cat","embeddable":true,"href":"https:\/\/business.roovi.com\/hu\/wp-json\/wp\/v2\/product_cat?post=40235"},{"taxonomy":"product_tag","embeddable":true,"href":"https:\/\/business.roovi.com\/hu\/wp-json\/wp\/v2\/product_tag?post=40235"}],"curies":[{"name":"wp","href":"https:\/\/api.w.org\/{rel}","templated":true}]}}