{"id":40239,"date":"2018-09-05T10:29:04","date_gmt":"2018-09-05T10:29:04","guid":{"rendered":"https:\/\/business.roovi.com\/puzzle-adulti-1000-piese-castele-franceze-castel-villandry\/p\/"},"modified":"2022-07-06T14:44:09","modified_gmt":"2022-07-06T14:44:09","slug":"felnott-1000-darabos-francia-kastely-puzzle-villandry-kastely","status":"publish","type":"product","link":"https:\/\/business.roovi.com\/hu\/felnott-1000-darabos-francia-kastely-puzzle-villandry-kastely\/p\/","title":{"rendered":"Feln\u0151tt 1000 darabos francia kast\u00e9ly puzzle &#8211; Villandry kast\u00e9ly"},"content":{"rendered":"<p><strong><em>V\u00e1lassza a Francia kast\u00e9lyok 1000 darabos puzzle kollekci\u00f3t a kikapcsol\u00f3d\u00e1s \u00e9s a mindennapokt\u00f3l val\u00f3 elrugaszkod\u00e1s pillanataihoz. Minden egyes \u00f6sszeill\u0151 darabbal k\u00f6zelebb ker\u00fclsz a Loire-v\u00f6lgy h\u00edres kast\u00e9lyainak gy\u00f6ny\u00f6r\u0171 k\u00e9peinek megalkot\u00e1s\u00e1hoz.<\/em><\/strong><\/p>\n<p><span style=\"font-weight: 400\">Az 1000 darabos Ch\u00e2teau de Villandry kirak\u00f3s j\u00e1t\u00e9k leny\u0171g\u00f6z\u0151 k\u00e9pet ad a kast\u00e9lyr\u00f3l, amely k\u00fcl\u00f6n\u00f6sen a gy\u00f6ny\u00f6r\u0171 d\u00edszkertjeir\u0151l h\u00edres. Egy j\u00f3zan eleganci\u00e1j\u00fa \u00e9p\u00edt\u00e9szet, t\u00f6k\u00e9letes harm\u00f3ni\u00e1ban egy var\u00e1zslatos term\u00e9szeti k\u00f6rnyezettel &#8211; ezt fogod felfedezni ebben a leny\u0171g\u00f6z\u0151 kirak\u00f3s j\u00e1t\u00e9kban.<\/span><\/p>\n<p><span style=\"font-weight: 400\">Villandry kast\u00e9lya az utols\u00f3 kast\u00e9ly, amely a Loire-v\u00f6lgyben a renesz\u00e1nsz korszakban \u00e9p\u00fclt. Jean le Breton, I. Ferenc p\u00e9nz\u00fcgyminiszter\u00e9nek m\u0171ve, aki 1532-ben lerombolta a r\u00e9gi villandry-i feud\u00e1lis er\u0151d\u00f6t, \u00e9s fel\u00e9p\u00edtette a mai \u00e9p\u00fcletet. Jean Le Breton leny\u0171g\u00f6z\u0151 \u00e9p\u00edt\u00e9szeti h\u00e1tt\u00e9rrel rendelkezett, \u00e9s a kerttervez\u00e9s m\u0171v\u00e9szete is a szenved\u00e9lye volt. Egyes forr\u00e1sok azt \u00e1ll\u00edtj\u00e1k, hogy a kertek val\u00f3j\u00e1ban a <\/span><span style=\"font-weight: 400\">Joachim Carvallo, aki 1900 k\u00f6r\u00fcl v\u00e1s\u00e1rolta meg a kast\u00e9lyt.<\/span><\/p>\n<p><span style=\"font-weight: 400\">Az biztos, hogy ezek a kertek, amelyek mintegy 9 hekt\u00e1rnyi ter\u00fcletet foglalnak el, igaz\u00e1n l\u00e1tv\u00e1nyosak. A sz\u00ednek, a k\u00fcl\u00f6nleges forma \u00e9s a v\u00edz, a k\u0151 \u00e9s a k\u00fcl\u00f6nb\u00f6z\u0151 n\u00f6v\u00e9nyfajok kombin\u00e1ci\u00f3ja a vir\u00e1gokt\u00f3l a z\u00f6lds\u00e9gekig m\u00e9g mindig vonzza a turist\u00e1kat a vil\u00e1g minden t\u00e1j\u00e1r\u00f3l <\/span><\/p>\n<p><span style=\"font-weight: 400\">Kast\u00e9ly 1000 darabos puzzle <\/span><span style=\"font-weight: 400\">Villandry <\/span><span style=\"font-weight: 400\">megh\u00edvja \u00d6nt, hogy fedezze fel a leny\u0171g\u00f6z\u0151 t\u00f6rt\u00e9nelm\u0171 turisztikai l\u00e1tv\u00e1nyoss\u00e1got. A darabok \u00f6sszeszerel\u00e9s\u00e9hez haszn\u00e1lhat egy k\u00f6z\u00f6ns\u00e9ges doh\u00e1nyz\u00f3asztalt. A v\u00e9gleges festm\u00e9ny m\u00e9rete 68 x 47 cm, \u00e9s elk\u00e9peszt\u0151en j\u00f3l n\u00e9z ki, amikor bekeretezi.<\/span><\/p>\n<p><strong>Mi\u00e9rt v\u00e1lassza a Villandry kast\u00e9ly 1000 darabos puzzle-t? <\/strong><\/p>\n<p><span style=\"font-weight: 400\">Egy leny\u0171g\u00f6z\u0151, 1000 darabos kirak\u00f3s k\u00e9pet kapsz egy Loire-v\u00f6lgyi leny\u0171g\u00f6z\u0151 kast\u00e9lyr\u00f3l.<\/span><\/p>\n<p><span style=\"font-weight: 400\">Kiv\u00e1l\u00f3 min\u0151s\u00e9g\u0171 k\u00e9k kartonb\u00f3l k\u00e9sz\u00fclt, amely m\u00e9g a t\u00f6bbsz\u00f6ri \u00f6sszeszerel\u00e9snek is rendk\u00edv\u00fcl ellen\u00e1ll\u00f3.<\/span><\/p>\n<p><span style=\"font-weight: 400\">F\u00e9lf\u00e9nyes fel\u00fclet\u0171, kellemes sz\u00ednekben, amelyek kiemelik a k\u00e9p tisztas\u00e1g\u00e1t.<\/span><\/p>\n<p><span style=\"font-weight: 400\">\u00dajrahasznos\u00edthat\u00f3, fenntarthat\u00f3 anyagokb\u00f3l k\u00e9sz\u00fcl.<\/span><\/p>\n<p><span style=\"font-weight: 400\">A j\u00e1t\u00e9k 14 \u00e9v felettiek sz\u00e1m\u00e1ra alkalmas, \u00e9s k\u00f6zepesen bonyolult.<\/span><\/p>\n<p><span style=\"font-weight: 400\">T\u00f6k\u00e9letes kirak\u00f3s j\u00e1t\u00e9k minden 1000 darabos kirak\u00f3s rajong\u00f3nak, vagy aj\u00e1nd\u00e9kba szeretteinek.<\/span><\/p>\n<p><span style=\"font-weight: 400\">A kirak\u00f3s j\u00e1t\u00e9kok nagyszer\u0171 m\u00f3dja az olyan k\u00e9szs\u00e9gek fejleszt\u00e9s\u00e9nek, mint p\u00e9ld\u00e1ul:<\/span><\/p>\n<p><span style=\"font-weight: 400\">Figyelem a r\u00e9szletekre.<\/span><\/p>\n<p><span style=\"font-weight: 400\">T\u00fcrelem \u00e9s kitart\u00e1s.<\/span><\/p>\n<p><span style=\"font-weight: 400\">Logikus gondolkod\u00e1s.<\/span><\/p>\n<p><span style=\"font-weight: 400\">R\u00f6vid t\u00e1v\u00fa mem\u00f3ria.<\/span><\/p>\n<p><span style=\"font-weight: 400\">Probl\u00e9mamegold\u00f3 k\u00e9szs\u00e9g.<\/span><\/p>\n<p><strong>Tudtad, hogy&#8230;?<\/strong><\/p>\n<p><span style=\"font-weight: 400\">Villandry kast\u00e9lya soha nem volt kir\u00e1ly vagy kir\u00e1lyok kedvence.<\/span><\/p>\n<p><span style=\"font-weight: 400\">Jean le Breton, I. Ferenc p\u00e9nz\u00fcgyminiszter\u00e9nek szem\u00e9lyes rezidenci\u00e1ja volt.<\/span><\/p>\n<p><span style=\"font-weight: 400\">Jean le Breton fel\u00fcgyelte a h\u00edres Chambord kast\u00e9ly \u00e9p\u00edt\u00e9s\u00e9t<\/span><\/p>\n<p><span style=\"font-weight: 400\">A villandry-i kertek egyik l\u00e1tv\u00e1nyoss\u00e1ga a z\u00f6lds\u00e9geskert. K\u00f6z\u00e9pkori ihlet\u00e9s\u0171, medit\u00e1ci\u00f3ra haszn\u00e1lt hely volt.<\/span><\/p>\n<p><span style=\"font-weight: 400\">A kast\u00e9ly egy id\u0151ben I. Nap\u00f3leon testv\u00e9re, Jerome Bonaparte tulajdon\u00e1ban is volt. 1906 ut\u00e1n azonban a kast\u00e9ly \u00faj vir\u00e1gkor\u00e1t \u00e9lte, amikor Dr. Joachim Carvallo \u00e9s feles\u00e9ge, Ann Coleman megv\u00e1s\u00e1rolta, \u00e9s \u00fajj\u00e1var\u00e1zsolta a gy\u00f6ny\u00f6r\u0171 renesz\u00e1nsz kerteket <\/span><\/p>\n<p><strong>Villandry kast\u00e9ly 1000 darabos kirak\u00f3 &#8211; csal\u00e1di sz\u00f3rakoz\u00e1s<\/strong><\/p>\n<p><span style=\"font-weight: 400\">Ha szeretn\u00e9 t\u00e1vol tartani tizen\u00e9ves gyermekeit a k\u00e9perny\u0151kt\u0151l, fontolja meg az 1000 darabos Villandry kast\u00e9ly kirak\u00f3s j\u00e1t\u00e9kot. A kast\u00e9ly t\u00f6rt\u00e9nete \u00e9s a leny\u0171g\u00f6z\u0151 kertek t\u00f6rt\u00e9nete leny\u0171g\u00f6z\u0151en \u00e9rdekes lesz sz\u00e1mukra.  <\/span><\/p>\n<p><span style=\"font-weight: 400\">A darabokat \u00e1rnyalatok szerint oszd el, egyesek a kert k\u00e9p\u00e9t, m\u00e1sok a kast\u00e9ly \u00e9p\u00edt\u00e9szet\u00e9t id\u00e9zik fel. Keress\u00e9tek meg a megfelel\u0151 helyet az egyes daraboknak a kirak\u00f3s j\u00e1t\u00e9kban, \u00e9s \u00e9lvezz\u00e9tek egy\u00fctt, amikor a k\u00e9p elk\u00e9sz\u00fcl. \u00dcnnepelje meg siker\u00e9t az 1000 darabos kirak\u00f3s k\u00e9p bekeretez\u00e9s\u00e9vel, \u00e9s csod\u00e1lja meg a csapatmunka gy\u00fcm\u00f6lcs\u00e9t, az egyedi alkot\u00e1st.<\/span><\/p>\n<p><span style=\"font-weight: 400\">Ha szeretn\u00e9d meg\u00f6rvendeztetni feln\u0151tt puzzle-rajong\u00f3 bar\u00e1taidat, fontold meg ezt a k\u00fcl\u00f6nleges kirak\u00f3s j\u00e1t\u00e9kot, \u00e9s add aj\u00e1nd\u00e9kba az \u00fcnnepekre vagy m\u00e1s k\u00fcl\u00f6nleges alkalmakra <\/span><\/p><\/p>\n","protected":false},"excerpt":{"rendered":"<p>V\u00e1lassza a Francia kast\u00e9lyok 1000 darabos puzzle kollekci\u00f3t a kikapcsol\u00f3d\u00e1s \u00e9s a mindennapokt\u00f3l val\u00f3 elrugaszkod\u00e1s pillanataihoz. Minden egyes \u00f6sszeill\u0151 darabbal<\/p>\n","protected":false},"featured_media":36517,"template":"","meta":[],"product_brand":[],"product_cat":[1920,1919,1881],"product_tag":[],"class_list":{"0":"post-40239","1":"product","2":"type-product","3":"status-publish","4":"has-post-thumbnail","6":"product_cat-1000-darabos-kirakos-jatek","7":"product_cat-felnott-kirakos-jatekok","8":"product_cat-kirakos-jatekok","9":"pa_brand-d_toys-hu","10":"pa_country_of_manufacture-ro-hu","11":"pa_filter_age-14-hu","12":"pa_painter-francia-kastelyok","13":"pa_tip_ambalaj-doboz","14":"pa_tip_puzzle-klasszikus","16":"first","17":"instock","18":"taxable","19":"shipping-taxable","20":"product-type-simple"},"yoast_head":"<!-- This site is optimized with the Yoast SEO plugin v20.1 - https:\/\/yoast.com\/wordpress\/plugins\/seo\/ -->\n<title>Feln\u0151tt 1000 darabos francia kast\u00e9ly puzzle - Villandry kast\u00e9ly<\/title>\n<meta name=\"description\" content=\"Feln\u0151tt 1000 darabos francia kast\u00e9ly puzzle - Villandry kast\u00e9ly\" \/>\n<meta name=\"robots\" content=\"index, follow, max-snippet:-1, max-image-preview:large, max-video-preview:-1\" \/>\n<link rel=\"canonical\" href=\"https:\/\/business.roovi.com\/hu\/felnott-1000-darabos-francia-kastely-puzzle-villandry-kastely\/p\/\" \/>\n<meta property=\"og:locale\" content=\"hu_HU\" \/>\n<meta property=\"og:type\" content=\"article\" \/>\n<meta property=\"og:title\" content=\"Feln\u0151tt 1000 darabos francia kast\u00e9ly puzzle - Villandry kast\u00e9ly\" \/>\n<meta property=\"og:description\" content=\"Feln\u0151tt 1000 darabos francia kast\u00e9ly puzzle - Villandry kast\u00e9ly\" \/>\n<meta property=\"og:url\" content=\"https:\/\/business.roovi.com\/hu\/felnott-1000-darabos-francia-kastely-puzzle-villandry-kastely\/p\/\" \/>\n<meta property=\"og:site_name\" content=\"Roovi B2B\" \/>\n<meta property=\"article:publisher\" content=\"https:\/\/www.facebook.com\/wwwjucariero\" \/>\n<meta property=\"article:modified_time\" content=\"2022-07-06T14:44:09+00:00\" \/>\n<meta property=\"og:image\" content=\"https:\/\/business.roovi.com\/wp-content\/uploads\/2018\/09\/67562-04-ansamblu_dimensiuni-cutie-cm_orizontal.png\" \/>\n\t<meta property=\"og:image:width\" content=\"920\" \/>\n\t<meta property=\"og:image:height\" content=\"920\" \/>\n\t<meta property=\"og:image:type\" content=\"image\/png\" \/>\n<meta name=\"twitter:label1\" content=\"Becs\u00fclt olvas\u00e1si id\u0151\" \/>\n\t<meta name=\"twitter:data1\" content=\"4 perc\" \/>\n<script type=\"application\/ld+json\" class=\"yoast-schema-graph\">{\"@context\":\"https:\/\/schema.org\",\"@graph\":[{\"@type\":\"WebPage\",\"@id\":\"https:\/\/business.roovi.com\/hu\/felnott-1000-darabos-francia-kastely-puzzle-villandry-kastely\/p\/\",\"url\":\"https:\/\/business.roovi.com\/hu\/felnott-1000-darabos-francia-kastely-puzzle-villandry-kastely\/p\/\",\"name\":\"Feln\u0151tt 1000 darabos francia kast\u00e9ly puzzle - Villandry kast\u00e9ly\",\"isPartOf\":{\"@id\":\"https:\/\/business.roovi.com\/hu\/#website\"},\"datePublished\":\"2018-09-05T10:29:04+00:00\",\"dateModified\":\"2022-07-06T14:44:09+00:00\",\"description\":\"Feln\u0151tt 1000 darabos francia kast\u00e9ly puzzle - Villandry kast\u00e9ly\",\"breadcrumb\":{\"@id\":\"https:\/\/business.roovi.com\/hu\/felnott-1000-darabos-francia-kastely-puzzle-villandry-kastely\/p\/#breadcrumb\"},\"inLanguage\":\"hu\",\"potentialAction\":[{\"@type\":\"ReadAction\",\"target\":[\"https:\/\/business.roovi.com\/hu\/felnott-1000-darabos-francia-kastely-puzzle-villandry-kastely\/p\/\"]}]},{\"@type\":\"BreadcrumbList\",\"@id\":\"https:\/\/business.roovi.com\/hu\/felnott-1000-darabos-francia-kastely-puzzle-villandry-kastely\/p\/#breadcrumb\",\"itemListElement\":[{\"@type\":\"ListItem\",\"position\":1,\"name\":\"Home\",\"item\":\"https:\/\/business.roovi.com\/hu\/\"},{\"@type\":\"ListItem\",\"position\":2,\"name\":\"Shop\",\"item\":\"https:\/\/business.roovi.com\/hu\/shop\/\"},{\"@type\":\"ListItem\",\"position\":3,\"name\":\"Feln\u0151tt 1000 darabos francia kast\u00e9ly puzzle &#8211; Villandry kast\u00e9ly\"}]},{\"@type\":\"WebSite\",\"@id\":\"https:\/\/business.roovi.com\/hu\/#website\",\"url\":\"https:\/\/business.roovi.com\/hu\/\",\"name\":\"Roovi B2B\",\"description\":\"Roovi Business Website\",\"potentialAction\":[{\"@type\":\"SearchAction\",\"target\":{\"@type\":\"EntryPoint\",\"urlTemplate\":\"https:\/\/business.roovi.com\/hu\/?s={search_term_string}\"},\"query-input\":\"required name=search_term_string\"}],\"inLanguage\":\"hu\"}]}<\/script>\n<!-- \/ Yoast SEO plugin. -->","yoast_head_json":{"title":"Feln\u0151tt 1000 darabos francia kast\u00e9ly puzzle - Villandry kast\u00e9ly","description":"Feln\u0151tt 1000 darabos francia kast\u00e9ly puzzle - Villandry kast\u00e9ly","robots":{"index":"index","follow":"follow","max-snippet":"max-snippet:-1","max-image-preview":"max-image-preview:large","max-video-preview":"max-video-preview:-1"},"canonical":"https:\/\/business.roovi.com\/hu\/felnott-1000-darabos-francia-kastely-puzzle-villandry-kastely\/p\/","og_locale":"hu_HU","og_type":"article","og_title":"Feln\u0151tt 1000 darabos francia kast\u00e9ly puzzle - Villandry kast\u00e9ly","og_description":"Feln\u0151tt 1000 darabos francia kast\u00e9ly puzzle - Villandry kast\u00e9ly","og_url":"https:\/\/business.roovi.com\/hu\/felnott-1000-darabos-francia-kastely-puzzle-villandry-kastely\/p\/","og_site_name":"Roovi B2B","article_publisher":"https:\/\/www.facebook.com\/wwwjucariero","article_modified_time":"2022-07-06T14:44:09+00:00","og_image":[{"width":920,"height":920,"url":"https:\/\/business.roovi.com\/wp-content\/uploads\/2018\/09\/67562-04-ansamblu_dimensiuni-cutie-cm_orizontal.png","type":"image\/png"}],"twitter_misc":{"Becs\u00fclt olvas\u00e1si id\u0151":"4 perc"},"schema":{"@context":"https:\/\/schema.org","@graph":[{"@type":"WebPage","@id":"https:\/\/business.roovi.com\/hu\/felnott-1000-darabos-francia-kastely-puzzle-villandry-kastely\/p\/","url":"https:\/\/business.roovi.com\/hu\/felnott-1000-darabos-francia-kastely-puzzle-villandry-kastely\/p\/","name":"Feln\u0151tt 1000 darabos francia kast\u00e9ly puzzle - Villandry kast\u00e9ly","isPartOf":{"@id":"https:\/\/business.roovi.com\/hu\/#website"},"datePublished":"2018-09-05T10:29:04+00:00","dateModified":"2022-07-06T14:44:09+00:00","description":"Feln\u0151tt 1000 darabos francia kast\u00e9ly puzzle - Villandry kast\u00e9ly","breadcrumb":{"@id":"https:\/\/business.roovi.com\/hu\/felnott-1000-darabos-francia-kastely-puzzle-villandry-kastely\/p\/#breadcrumb"},"inLanguage":"hu","potentialAction":[{"@type":"ReadAction","target":["https:\/\/business.roovi.com\/hu\/felnott-1000-darabos-francia-kastely-puzzle-villandry-kastely\/p\/"]}]},{"@type":"BreadcrumbList","@id":"https:\/\/business.roovi.com\/hu\/felnott-1000-darabos-francia-kastely-puzzle-villandry-kastely\/p\/#breadcrumb","itemListElement":[{"@type":"ListItem","position":1,"name":"Home","item":"https:\/\/business.roovi.com\/hu\/"},{"@type":"ListItem","position":2,"name":"Shop","item":"https:\/\/business.roovi.com\/hu\/shop\/"},{"@type":"ListItem","position":3,"name":"Feln\u0151tt 1000 darabos francia kast\u00e9ly puzzle &#8211; Villandry kast\u00e9ly"}]},{"@type":"WebSite","@id":"https:\/\/business.roovi.com\/hu\/#website","url":"https:\/\/business.roovi.com\/hu\/","name":"Roovi B2B","description":"Roovi Business Website","potentialAction":[{"@type":"SearchAction","target":{"@type":"EntryPoint","urlTemplate":"https:\/\/business.roovi.com\/hu\/?s={search_term_string}"},"query-input":"required name=search_term_string"}],"inLanguage":"hu"}]}},"_links":{"self":[{"href":"https:\/\/business.roovi.com\/hu\/wp-json\/wp\/v2\/product\/40239","targetHints":{"allow":["GET"]}}],"collection":[{"href":"https:\/\/business.roovi.com\/hu\/wp-json\/wp\/v2\/product"}],"about":[{"href":"https:\/\/business.roovi.com\/hu\/wp-json\/wp\/v2\/types\/product"}],"version-history":[{"count":0,"href":"https:\/\/business.roovi.com\/hu\/wp-json\/wp\/v2\/product\/40239\/revisions"}],"wp:featuredmedia":[{"embeddable":true,"href":"https:\/\/business.roovi.com\/hu\/wp-json\/wp\/v2\/media\/36517"}],"wp:attachment":[{"href":"https:\/\/business.roovi.com\/hu\/wp-json\/wp\/v2\/media?parent=40239"}],"wp:term":[{"taxonomy":"product_brand","embeddable":true,"href":"https:\/\/business.roovi.com\/hu\/wp-json\/wp\/v2\/product_brand?post=40239"},{"taxonomy":"product_cat","embeddable":true,"href":"https:\/\/business.roovi.com\/hu\/wp-json\/wp\/v2\/product_cat?post=40239"},{"taxonomy":"product_tag","embeddable":true,"href":"https:\/\/business.roovi.com\/hu\/wp-json\/wp\/v2\/product_tag?post=40239"}],"curies":[{"name":"wp","href":"https:\/\/api.w.org\/{rel}","templated":true}]}}