{"id":40243,"date":"2018-09-05T10:21:59","date_gmt":"2018-09-05T10:21:59","guid":{"rendered":"https:\/\/business.roovi.com\/puzzle-adulti-1000-piese-castele-franceze-castel-chenonceau\/p\/"},"modified":"2022-07-06T14:44:18","modified_gmt":"2022-07-06T14:44:18","slug":"felnott-1000-darabos-francia-kastely-puzzle-chenonceau-kastely","status":"publish","type":"product","link":"https:\/\/business.roovi.com\/hu\/felnott-1000-darabos-francia-kastely-puzzle-chenonceau-kastely\/p\/","title":{"rendered":"Feln\u0151tt 1000 darabos francia kast\u00e9ly puzzle &#8211; Chenonceau kast\u00e9ly"},"content":{"rendered":"<p><strong><em>Szeretn\u00e9l kirak\u00f3s j\u00e1t\u00e9kokat, amelyekkel fel\u00e9rt\u00e9kelheted a szabadid\u0151det, vagy aj\u00e1nd\u00e9kba adhatod kedves bar\u00e1taidnak? Az 1000 darabos Francia kast\u00e9lyok kirak\u00f3s gy\u0171jtem\u00e9ny pont az, amire sz\u00fcks\u00e9ged van.<\/em><\/strong><\/p>\n<p><span style=\"font-weight: 400\">A Ch\u00e2teau de Chenonceau az az extravag\u00e1ns aj\u00e1nd\u00e9k, amit <\/span><span style=\"font-weight: 400\">henrik kir\u00e1ly a kedvenc\u00e9nek adta, <\/span><span style=\"font-weight: 400\">Diane de Poitiers. A Loire-v\u00f6lgy egyik legismertebb kast\u00e9lya, amely \u00e9rdekes t\u00f6rt\u00e9nelme \u00e9s jellegzetes \u00e9p\u00edt\u00e9szete miatt egyar\u00e1nt leny\u0171g\u00f6z\u0151, impoz\u00e1ns \u00e9p\u00fclet.<\/span><\/p>\n<p><span style=\"font-weight: 400\">Az 1000 darabos Ch\u00e2teau de Chenonceau puzzle a h\u00edres kast\u00e9ly k\u00e9p\u00e9t mutatja, amely a Cher foly\u00f3 viz\u00e9ben t\u00fckr\u00f6z\u0151dik. A v\u00e1r els\u0151 eml\u00edt\u00e9se a 11. sz\u00e1zadb\u00f3l sz\u00e1rmazik. Egy r\u00e9gi er\u0151d\u00edtett malom hely\u00e9n \u00e9p\u00fclt a Cher foly\u00f3 ment\u00e9n. Az \u00e9vek sor\u00e1n sz\u00e1mos n\u0151i alak hagyott nyomot st\u00edlus\u00e1n \u00e9s kialak\u00edt\u00e1s\u00e1n. Emiatt nevezik <\/span><em><span style=\"font-weight: 400\">A N\u0151k V\u00e1ra.<\/span><\/em><\/p>\n<p><span style=\"font-weight: 400\">Diane de Poitiers volt az, aki megrendelte a Cher foly\u00f3 f\u00f6l\u00f6tt \u00e1t\u00edvel\u0151 f\u00fcgg\u0151h\u00edd \u00e9p\u00edt\u00e9s\u00e9t, \u00e9s \u0151 volt a felel\u0151s a kast\u00e9ly k\u00f6r\u00fcli kertek kialak\u00edt\u00e1s\u00e1\u00e9rt is. Medici Katalin tervezte a kertek labirintus\u00e1t \u00e9s a h\u00edd feletti k\u00e9tszintes, \u00f6t \u00edves gal\u00e9ri\u00e1t <\/span><\/p>\n<p><span style=\"font-weight: 400\">Fedezz fel egy mesebeli kast\u00e9lyt egy k\u00fcl\u00f6nleges kirak\u00f3s j\u00e1t\u00e9kon kereszt\u00fcl. Rakd darabr\u00f3l darabra, \u00e9s t\u00f6ltsd ki a k\u00e9pet, amely egy leny\u0171g\u00f6z\u0151 utaz\u00e1sra visz, amely gy\u00f6ny\u00f6rk\u00f6dteti a lelkedet, \u00e9s megtiszt\u00edtja elm\u00e9det a gondolatokt\u00f3l \u00e9s gondokt\u00f3l.<\/span><\/p>\n<p><strong>Mi\u00e9rt v\u00e1lassza az 1000 darabos Chenonceau kast\u00e9ly puzzle-t?<\/strong><\/p>\n<p><span style=\"font-weight: 400\">1000 puzzle-darabb\u00f3l egy k\u00fcl\u00f6nleges k\u00e9pet alkothatsz egy leny\u0171g\u00f6z\u0151 Loire-v\u00f6lgyi kast\u00e9lyr\u00f3l.<\/span><\/p>\n<p><span style=\"font-weight: 400\">Az \u00fajrateremtett k\u00e9p m\u00e9rete 68 x 47 cm. Keretbe helyezhet\u0151 \u00e9s dekor\u00e1ci\u00f3s t\u00e1rgyk\u00e9nt haszn\u00e1lhat\u00f3.<\/span><\/p>\n<p><span style=\"font-weight: 400\">Kiv\u00e1l\u00f3 min\u0151s\u00e9g\u0171 k\u00e9k kartonb\u00f3l k\u00e9sz\u00fclt, nagyon ellen\u00e1ll\u00f3 m\u00e9g t\u00f6bbsz\u00f6ri \u00f6sszeszerel\u00e9s eset\u00e9n is.<\/span><\/p>\n<p><span style=\"font-weight: 400\">F\u00e9lf\u00e9nyes fel\u00fclet\u0171, kellemes sz\u00ednekben, amelyek kiemelik a k\u00e9p tisztas\u00e1g\u00e1t.<\/span><\/p>\n<p><span style=\"font-weight: 400\">\u00dajrahasznos\u00edthat\u00f3, fenntarthat\u00f3 anyagokb\u00f3l k\u00e9sz\u00fcl.<\/span><\/p>\n<p><span style=\"font-weight: 400\">A j\u00e1t\u00e9k 14 \u00e9v felettiek sz\u00e1m\u00e1ra alkalmas, \u00e9s k\u00f6zepesen bonyolult<\/span><\/p>\n<p><span style=\"font-weight: 400\">T\u00f6k\u00e9letes kirak\u00f3s j\u00e1t\u00e9k minden 1000 darabos kirak\u00f3s rajong\u00f3nak, vagy aj\u00e1nd\u00e9kba szeretteinek.<\/span><\/p>\n<p><span style=\"font-weight: 400\">Ha \u00e1lmodik egy nyaral\u00e1s a Loire-v\u00f6lgyben, felejthetetlen l\u00e1togat\u00e1sok francia kast\u00e9lyok 1000 darab puzzle Castle <\/span><span style=\"font-weight: 400\">Chenonceau k\u00f6zelebb visz ehhez az \u00e1lomhelysz\u00ednhez.<\/span><span style=\"font-weight: 400\"> Ha az \u00e1lmod m\u00e1r val\u00f3ra v\u00e1lt, akkor ez a kirak\u00f3s j\u00e1t\u00e9k <\/span><span style=\"font-weight: 400\">egyed\u00fcl\u00e1ll\u00f3 m\u00f3dja annak, hogy egy kiv\u00e1l\u00f3 \u00fati c\u00e9l eml\u00e9k\u00e9t \u00e9letben tartsuk.<\/span><\/p>\n<p><strong>Tudtad, hogy&#8230;?<\/strong><\/p>\n<p><span style=\"font-weight: 400\">A kast\u00e9ly \u00e9p\u00edt\u00e9szete a g\u00f3tikus \u00e9s renesz\u00e1nsz st\u00edlusok egyed\u00fcl\u00e1ll\u00f3 kever\u00e9ke.<\/span><\/p>\n<p><span style=\"font-weight: 400\">Az els\u0151 vil\u00e1gh\u00e1bor\u00fa alatt a kast\u00e9lyt katonai k\u00f3rh\u00e1zz\u00e1 alak\u00edtott\u00e1k \u00e1t. T\u00f6bb mint 2000 sebes\u00fclt katon\u00e1t kezeltek itt.<\/span><\/p>\n<p><span style=\"font-weight: 400\">A Chenonceau-kast\u00e9lyt egy id\u0151ben birtokl\u00f3 egyik prominens szem\u00e9lyis\u00e9g Madame Dupin, a George Sand \u00e1lnev\u0171 \u00edr\u00f3n\u0151 nagyanyja volt. Az irodalom szerelmese volt, olyan szem\u00e9lyis\u00e9geket l\u00e1tott vend\u00e9g\u00fcl irodalmi szalonj\u00e1ban, mint Jean-Jacques Rousseau, Voltaire \u00e9s Georges de Buffon.<\/span><\/p>\n<p><span style=\"font-weight: 400\">Ma a Chenonceau-kast\u00e9ly Versailles ut\u00e1n a m\u00e1sodik legl\u00e1togatottabb kast\u00e9ly Franciaorsz\u00e1gban, \u00e9vente t\u00f6bb mint 1 milli\u00f3 l\u00e1togat\u00f3t vonz.<\/span><\/p>\n<p><strong>1000 darab puzzle Chenonceau kast\u00e9ly t\u00e1vol tart a k\u00e9perny\u0151kt\u0151l<\/strong><\/p>\n<p><span style=\"font-weight: 400\">Azokra az alkalmakra, amikor hossz\u00fa id\u0151re el akarsz szakadni a k\u00e9perny\u0151kt\u0151l, az 1000 darabos Chenonceau kast\u00e9ly puzzle a Francia kast\u00e9lyok puzzle kollekci\u00f3b\u00f3l a t\u00f6k\u00e9letes v\u00e1laszt\u00e1s. Minden egyes \u00f6sszeill\u0151 darabbal \u00fajraalkotod a vil\u00e1g egyik legh\u00edresebb kast\u00e9ly\u00e1nak szerkezet\u00e9t.<\/span><\/p>\n<p><span style=\"font-weight: 400\">Ez egy egyed\u00fcl\u00e1ll\u00f3 lehet\u0151s\u00e9g arra, hogy kil\u00e9pj a mindennapok ny\u00fczsg\u00e9s\u00e9b\u0151l, \u00e9s \u00fajra kapcsolatba l\u00e9pj \u00f6nmagaddal. Az 1000 darabos Chenonceau kast\u00e9ly puzzle seg\u00edts\u00e9g\u00e9vel t\u00f6bbet fedezhet fel, mint egy leny\u0171g\u00f6z\u0151 k\u00e9pet: \u00fajra felfedezi \u00f6nmag\u00e1t, meghallgatja \u00f6nmag\u00e1t, \u00e9s id\u0151t ad mag\u00e1nak, hogy \u00e9lvezze az \u00e9let egyszer\u0171 \u00f6r\u00f6meit.<\/span><\/p>\n<p><span style=\"font-weight: 400\">Emellett, ha a gyerekeket is szeretn\u00e9 lev\u00e1lasztani az okoseszk\u00f6z\u00f6kr\u0151l, fontolja meg a kreat\u00edv \u00e9s pihentet\u0151 kirak\u00f3s j\u00e1t\u00e9kokat. Ez egy egyed\u00fcl\u00e1ll\u00f3 m\u00f3dja a kikapcsol\u00f3d\u00e1snak \u00e9s a francia t\u00f6rt\u00e9nelem \u00e9s szimb\u00f3lumok megismer\u00e9s\u00e9nek <\/span><\/p>\n<p><span style=\"font-weight: 400\">V\u00e1lassza teh\u00e1t az 1000 darabos Chenonceau kast\u00e9ly puzzle-t mag\u00e1nak \u00e9s csal\u00e1dj\u00e1nak, \u00e9s fedezz\u00e9k fel egy\u00fctt egy h\u00edres t\u00f6rt\u00e9nelmi szimb\u00f3lum rejt\u00e9lyeit. Vagy aj\u00e1nd\u00e9kozd meg ezt az 1000 darabos puzzle-t a Francia kast\u00e9lyok feln\u0151tt puzzle-kollekci\u00f3b\u00f3l egy puzzle-rajong\u00f3nak.<\/span><\/p><\/p>\n","protected":false},"excerpt":{"rendered":"<p>Szeretn\u00e9l kirak\u00f3s j\u00e1t\u00e9kokat, amelyekkel fel\u00e9rt\u00e9kelheted a szabadid\u0151det, vagy aj\u00e1nd\u00e9kba adhatod kedves bar\u00e1taidnak? Az 1000 darabos Francia kast\u00e9lyok kirak\u00f3s gy\u0171jtem\u00e9ny pont<\/p>\n","protected":false},"featured_media":36503,"template":"","meta":[],"product_brand":[],"product_cat":[1920,1919,1881],"product_tag":[],"class_list":{"0":"post-40243","1":"product","2":"type-product","3":"status-publish","4":"has-post-thumbnail","6":"product_cat-1000-darabos-kirakos-jatek","7":"product_cat-felnott-kirakos-jatekok","8":"product_cat-kirakos-jatekok","9":"pa_brand-d_toys-hu","10":"pa_country_of_manufacture-ro-hu","11":"pa_filter_age-14-hu","12":"pa_painter-francia-kastelyok","13":"pa_tip_ambalaj-doboz","14":"pa_tip_puzzle-klasszikus","16":"first","17":"instock","18":"taxable","19":"shipping-taxable","20":"product-type-simple"},"yoast_head":"<!-- This site is optimized with the Yoast SEO plugin v20.1 - https:\/\/yoast.com\/wordpress\/plugins\/seo\/ -->\n<title>Feln\u0151tt 1000 darabos francia kast\u00e9ly puzzle - Chenonceau kast\u00e9ly<\/title>\n<meta name=\"description\" content=\"Feln\u0151tt 1000 darabos francia kast\u00e9ly puzzle - Chenonceau kast\u00e9ly\" \/>\n<meta name=\"robots\" content=\"index, follow, max-snippet:-1, max-image-preview:large, max-video-preview:-1\" \/>\n<link rel=\"canonical\" href=\"https:\/\/business.roovi.com\/hu\/felnott-1000-darabos-francia-kastely-puzzle-chenonceau-kastely\/p\/\" \/>\n<meta property=\"og:locale\" content=\"hu_HU\" \/>\n<meta property=\"og:type\" content=\"article\" \/>\n<meta property=\"og:title\" content=\"Feln\u0151tt 1000 darabos francia kast\u00e9ly puzzle - Chenonceau kast\u00e9ly\" \/>\n<meta property=\"og:description\" content=\"Feln\u0151tt 1000 darabos francia kast\u00e9ly puzzle - Chenonceau kast\u00e9ly\" \/>\n<meta property=\"og:url\" content=\"https:\/\/business.roovi.com\/hu\/felnott-1000-darabos-francia-kastely-puzzle-chenonceau-kastely\/p\/\" \/>\n<meta property=\"og:site_name\" content=\"Roovi B2B\" \/>\n<meta property=\"article:publisher\" content=\"https:\/\/www.facebook.com\/wwwjucariero\" \/>\n<meta property=\"article:modified_time\" content=\"2022-07-06T14:44:18+00:00\" \/>\n<meta property=\"og:image\" content=\"https:\/\/business.roovi.com\/wp-content\/uploads\/2018\/09\/67562-03-ansamblu_dimensiuni-cutie-cm_orizontal.png\" \/>\n\t<meta property=\"og:image:width\" content=\"1000\" \/>\n\t<meta property=\"og:image:height\" content=\"1000\" \/>\n\t<meta property=\"og:image:type\" content=\"image\/png\" \/>\n<meta name=\"twitter:label1\" content=\"Becs\u00fclt olvas\u00e1si id\u0151\" \/>\n\t<meta name=\"twitter:data1\" content=\"4 perc\" \/>\n<script type=\"application\/ld+json\" class=\"yoast-schema-graph\">{\"@context\":\"https:\/\/schema.org\",\"@graph\":[{\"@type\":\"WebPage\",\"@id\":\"https:\/\/business.roovi.com\/hu\/felnott-1000-darabos-francia-kastely-puzzle-chenonceau-kastely\/p\/\",\"url\":\"https:\/\/business.roovi.com\/hu\/felnott-1000-darabos-francia-kastely-puzzle-chenonceau-kastely\/p\/\",\"name\":\"Feln\u0151tt 1000 darabos francia kast\u00e9ly puzzle - Chenonceau kast\u00e9ly\",\"isPartOf\":{\"@id\":\"https:\/\/business.roovi.com\/hu\/#website\"},\"datePublished\":\"2018-09-05T10:21:59+00:00\",\"dateModified\":\"2022-07-06T14:44:18+00:00\",\"description\":\"Feln\u0151tt 1000 darabos francia kast\u00e9ly puzzle - Chenonceau kast\u00e9ly\",\"breadcrumb\":{\"@id\":\"https:\/\/business.roovi.com\/hu\/felnott-1000-darabos-francia-kastely-puzzle-chenonceau-kastely\/p\/#breadcrumb\"},\"inLanguage\":\"hu\",\"potentialAction\":[{\"@type\":\"ReadAction\",\"target\":[\"https:\/\/business.roovi.com\/hu\/felnott-1000-darabos-francia-kastely-puzzle-chenonceau-kastely\/p\/\"]}]},{\"@type\":\"BreadcrumbList\",\"@id\":\"https:\/\/business.roovi.com\/hu\/felnott-1000-darabos-francia-kastely-puzzle-chenonceau-kastely\/p\/#breadcrumb\",\"itemListElement\":[{\"@type\":\"ListItem\",\"position\":1,\"name\":\"Home\",\"item\":\"https:\/\/business.roovi.com\/hu\/\"},{\"@type\":\"ListItem\",\"position\":2,\"name\":\"Shop\",\"item\":\"https:\/\/business.roovi.com\/hu\/shop\/\"},{\"@type\":\"ListItem\",\"position\":3,\"name\":\"Feln\u0151tt 1000 darabos francia kast\u00e9ly puzzle &#8211; Chenonceau kast\u00e9ly\"}]},{\"@type\":\"WebSite\",\"@id\":\"https:\/\/business.roovi.com\/hu\/#website\",\"url\":\"https:\/\/business.roovi.com\/hu\/\",\"name\":\"Roovi B2B\",\"description\":\"Roovi Business Website\",\"potentialAction\":[{\"@type\":\"SearchAction\",\"target\":{\"@type\":\"EntryPoint\",\"urlTemplate\":\"https:\/\/business.roovi.com\/hu\/?s={search_term_string}\"},\"query-input\":\"required name=search_term_string\"}],\"inLanguage\":\"hu\"}]}<\/script>\n<!-- \/ Yoast SEO plugin. -->","yoast_head_json":{"title":"Feln\u0151tt 1000 darabos francia kast\u00e9ly puzzle - Chenonceau kast\u00e9ly","description":"Feln\u0151tt 1000 darabos francia kast\u00e9ly puzzle - Chenonceau kast\u00e9ly","robots":{"index":"index","follow":"follow","max-snippet":"max-snippet:-1","max-image-preview":"max-image-preview:large","max-video-preview":"max-video-preview:-1"},"canonical":"https:\/\/business.roovi.com\/hu\/felnott-1000-darabos-francia-kastely-puzzle-chenonceau-kastely\/p\/","og_locale":"hu_HU","og_type":"article","og_title":"Feln\u0151tt 1000 darabos francia kast\u00e9ly puzzle - Chenonceau kast\u00e9ly","og_description":"Feln\u0151tt 1000 darabos francia kast\u00e9ly puzzle - Chenonceau kast\u00e9ly","og_url":"https:\/\/business.roovi.com\/hu\/felnott-1000-darabos-francia-kastely-puzzle-chenonceau-kastely\/p\/","og_site_name":"Roovi B2B","article_publisher":"https:\/\/www.facebook.com\/wwwjucariero","article_modified_time":"2022-07-06T14:44:18+00:00","og_image":[{"width":1000,"height":1000,"url":"https:\/\/business.roovi.com\/wp-content\/uploads\/2018\/09\/67562-03-ansamblu_dimensiuni-cutie-cm_orizontal.png","type":"image\/png"}],"twitter_misc":{"Becs\u00fclt olvas\u00e1si id\u0151":"4 perc"},"schema":{"@context":"https:\/\/schema.org","@graph":[{"@type":"WebPage","@id":"https:\/\/business.roovi.com\/hu\/felnott-1000-darabos-francia-kastely-puzzle-chenonceau-kastely\/p\/","url":"https:\/\/business.roovi.com\/hu\/felnott-1000-darabos-francia-kastely-puzzle-chenonceau-kastely\/p\/","name":"Feln\u0151tt 1000 darabos francia kast\u00e9ly puzzle - Chenonceau kast\u00e9ly","isPartOf":{"@id":"https:\/\/business.roovi.com\/hu\/#website"},"datePublished":"2018-09-05T10:21:59+00:00","dateModified":"2022-07-06T14:44:18+00:00","description":"Feln\u0151tt 1000 darabos francia kast\u00e9ly puzzle - Chenonceau kast\u00e9ly","breadcrumb":{"@id":"https:\/\/business.roovi.com\/hu\/felnott-1000-darabos-francia-kastely-puzzle-chenonceau-kastely\/p\/#breadcrumb"},"inLanguage":"hu","potentialAction":[{"@type":"ReadAction","target":["https:\/\/business.roovi.com\/hu\/felnott-1000-darabos-francia-kastely-puzzle-chenonceau-kastely\/p\/"]}]},{"@type":"BreadcrumbList","@id":"https:\/\/business.roovi.com\/hu\/felnott-1000-darabos-francia-kastely-puzzle-chenonceau-kastely\/p\/#breadcrumb","itemListElement":[{"@type":"ListItem","position":1,"name":"Home","item":"https:\/\/business.roovi.com\/hu\/"},{"@type":"ListItem","position":2,"name":"Shop","item":"https:\/\/business.roovi.com\/hu\/shop\/"},{"@type":"ListItem","position":3,"name":"Feln\u0151tt 1000 darabos francia kast\u00e9ly puzzle &#8211; Chenonceau kast\u00e9ly"}]},{"@type":"WebSite","@id":"https:\/\/business.roovi.com\/hu\/#website","url":"https:\/\/business.roovi.com\/hu\/","name":"Roovi B2B","description":"Roovi Business Website","potentialAction":[{"@type":"SearchAction","target":{"@type":"EntryPoint","urlTemplate":"https:\/\/business.roovi.com\/hu\/?s={search_term_string}"},"query-input":"required name=search_term_string"}],"inLanguage":"hu"}]}},"_links":{"self":[{"href":"https:\/\/business.roovi.com\/hu\/wp-json\/wp\/v2\/product\/40243","targetHints":{"allow":["GET"]}}],"collection":[{"href":"https:\/\/business.roovi.com\/hu\/wp-json\/wp\/v2\/product"}],"about":[{"href":"https:\/\/business.roovi.com\/hu\/wp-json\/wp\/v2\/types\/product"}],"version-history":[{"count":0,"href":"https:\/\/business.roovi.com\/hu\/wp-json\/wp\/v2\/product\/40243\/revisions"}],"wp:featuredmedia":[{"embeddable":true,"href":"https:\/\/business.roovi.com\/hu\/wp-json\/wp\/v2\/media\/36503"}],"wp:attachment":[{"href":"https:\/\/business.roovi.com\/hu\/wp-json\/wp\/v2\/media?parent=40243"}],"wp:term":[{"taxonomy":"product_brand","embeddable":true,"href":"https:\/\/business.roovi.com\/hu\/wp-json\/wp\/v2\/product_brand?post=40243"},{"taxonomy":"product_cat","embeddable":true,"href":"https:\/\/business.roovi.com\/hu\/wp-json\/wp\/v2\/product_cat?post=40243"},{"taxonomy":"product_tag","embeddable":true,"href":"https:\/\/business.roovi.com\/hu\/wp-json\/wp\/v2\/product_tag?post=40243"}],"curies":[{"name":"wp","href":"https:\/\/api.w.org\/{rel}","templated":true}]}}