{"id":40247,"date":"2018-09-05T09:37:32","date_gmt":"2018-09-05T09:37:32","guid":{"rendered":"https:\/\/business.roovi.com\/puzzle-adulti-1000-piese-high-difficulty-vegetables-legume\/p\/"},"modified":"2022-07-06T14:44:26","modified_gmt":"2022-07-06T14:44:26","slug":"felnott-puzzle-1000-darab-magas-nehezsegu-zoldsegek","status":"publish","type":"product","link":"https:\/\/business.roovi.com\/hu\/felnott-puzzle-1000-darab-magas-nehezsegu-zoldsegek\/p\/","title":{"rendered":"Feln\u0151tt puzzle 1000 darab magas neh\u00e9zs\u00e9g\u0171 &#8211; Z\u00f6lds\u00e9gek"},"content":{"rendered":"<p><span style=\"font-weight: 400\">Rakd rendbe a gondolataidat, darabr\u00f3l darabra, egy 1000 darabos, nagy neh\u00e9zs\u00e9g\u0171 puzzle seg\u00edts\u00e9g\u00e9vel. T\u00f6lts\u00f6n ki egy vibr\u00e1l\u00f3 k\u00e9pet sok z\u00f6lds\u00e9ggel a v\u00f6r\u00f6s k\u00f6zeli \u00e1rnyalataiban, \u00e9s \u00e9lvezze a sok \u00f3r\u00e1nyi pihen\u00e9st \u00e9s \u00f6nvizsg\u00e1latot.<\/span><\/p>\n<p><span style=\"font-weight: 400\">A Z\u00f6lds\u00e9gek\/Legumes 1000 darabos puzzle a High difficulty kollekci\u00f3b\u00f3l biztons\u00e1gosan elvisz a kirak\u00f3s j\u00e1t\u00e9kok k\u00f6vetkez\u0151 szintj\u00e9re. A sok \u00e9l\u00e9nkpiros z\u00f6lds\u00e9g \u00f6sszek\u00f6t a pihentet\u0151 \u00e9s kreat\u00edv tev\u00e9kenys\u00e9ggel.<\/span><\/p>\n<p><span style=\"font-weight: 400\">K\u00e9pzelje el, hogy elmegy a piacra, \u00e9s kiv\u00e1lasztja az \u00e9rett z\u00f6lds\u00e9geket, amelyekb\u0151l a legfinomabb ny\u00e1ri sal\u00e1t\u00e1t k\u00e9sz\u00edtheti. Ezzel az 1000 darabos kirak\u00f3s j\u00e1t\u00e9kkal is \u00edgy van: nyugodtan, t\u00fcrelmesen \u00e9s gondosan v\u00e1lassza ki a megfelel\u0151 darabokat a k\u00e9p befejez\u00e9s\u00e9hez. V\u00e9g\u00fcl olyan k\u00e9pet \u00e1ll\u00edt \u00f6ssze, amely frissess\u00e9get \u00e9s \u00e9leter\u0151t sug\u00e1roz. \u00dcnnepelje meg munk\u00e1j\u00e1t azzal, hogy keretbe helyezi. Sz\u00edness\u00e9 teszi otthona b\u00e1rmelyik h\u00e9tk\u00f6znapi hely\u00e9t. R\u00e1ad\u00e1sul mindig eml\u00e9keztetni fog arra, hogy b\u00e1rmit megtehetsz, amit igaz\u00e1n szeretn\u00e9l.<\/span><\/p>\n<p><span style=\"font-weight: 400\">Jellemz\u0151k Nagy neh\u00e9zs\u00e9g\u0171 1000 darabos puzzle &#8211; Z\u00f6lds\u00e9gek:<\/span><\/p>\n<p><strong>\u00d6ssze\u00e1ll\u00edtott k\u00e9p m\u00e9rete: 47 x 68 cm<\/strong><\/p>\n<p><strong>Puzzle anyag <\/strong><\/p>\n<p><strong>kiv\u00e1l\u00f3 min\u0151s\u00e9g\u0171 k\u00e9k karton<\/strong><\/p>\n<p><strong>fenntarthat\u00f3, \u00fajrahasznos\u00edthat\u00f3 anyagok<\/strong><\/p>\n<p><strong>f\u00e9lf\u00e9nyes kivitel, \u00e9l\u00e9nk sz\u00ednek<\/strong><\/p>\n<p><strong>A kirak\u00f3s darabok sz\u00e1ma: 1000<\/strong><\/p>\n<p><strong>Aj\u00e1nlott \u00e9letkor: 14+<\/strong><\/p>\n<p><span style=\"font-weight: 400\">Egy 1000 darabos, nagy neh\u00e9zs\u00e9g\u0171 puzzle \u00f6ssze\u00e1ll\u00edt\u00e1s\u00e1nak sz\u00e1mos el\u0151nye van, amelyek t\u00f6bb szinten is megmutatkoznak:<\/span><\/p>\n<ul>\n<li><span style=\"font-weight: 400\">Hosszabb ideig koncentr\u00e1l egy feladatra.<\/span><\/li>\n<li><span style=\"font-weight: 400\">Ez fejleszti a t\u00fcrelmedet.<\/span><\/li>\n<li><span style=\"font-weight: 400\">Ez egy pihentet\u0151 \u00e9s sz\u00f3rakoztat\u00f3 tev\u00e9kenys\u00e9g.<\/span><\/li>\n<li><span style=\"font-weight: 400\">Hossz\u00fa id\u0151re elszak\u00edt a k\u00e9perny\u0151kt\u0151l.<\/span><\/li>\n<li><span style=\"font-weight: 400\">Lehet\u0151s\u00e9get adhat a szocializ\u00e1l\u00f3d\u00e1sra \u00e9s a szeretteinkkel val\u00f3 kapcsolatteremt\u00e9sre.<\/span><\/li>\n<\/ul>\n<p><strong>Mi\u00e9rt v\u00e1lassza az 1000 darabos &#8211; Z\u00f6lds\u00e9gek puzzle-t a magas neh\u00e9zs\u00e9g\u0171 puzzle kollekci\u00f3b\u00f3l?<\/strong><\/p>\n<p><span style=\"font-weight: 400\">Kih\u00edvja az elm\u00e9det \u00e9s \u00e9lesben tartja a mem\u00f3ri\u00e1dat.<\/span><\/p>\n<p><span style=\"font-weight: 400\">Gyakorold 1000 darabos kirak\u00f3s j\u00e1t\u00e9kodat, \u00e9s mutasd meg mesteri tud\u00e1sodat bar\u00e1taid el\u0151tt.<\/span><\/p>\n<p><span style=\"font-weight: 400\">Serkentik a dopamin kiv\u00e1laszt\u00e1s\u00e1t az agyban, \u00e9s j\u00f3 \u00e9rz\u00e9st adnak.<\/span><\/p>\n<p><span style=\"font-weight: 400\">Megszabadulsz a stresszt\u0151l, \u00e9s az utols\u00f3 darab \u00f6sszeragaszt\u00e1sa ut\u00e1n csod\u00e1latos el\u00e9gedetts\u00e9get tapasztalsz.<\/span><\/p>\n<p><span style=\"font-weight: 400\">A puzzle-darabok prec\u00edzen vannak kiv\u00e1gva \u00e9s t\u00f6k\u00e9letesen illeszkednek egym\u00e1shoz, \u00edgy az elk\u00e9sz\u00fclt k\u00e9p egy kiv\u00e9teles dekorat\u00edv festm\u00e9ny lehet.<\/span><\/p>\n<p><strong>Tudtad, hogy&#8230;?<\/strong><\/p>\n<p><span style=\"font-weight: 400\">A vil\u00e1gon a legn\u00e9pszer\u0171bb gy\u00fcm\u00f6lcsl\u00e9 a paradicsoml\u00e9.<\/span><\/p>\n<p><span style=\"font-weight: 400\">Vil\u00e1gszerte mintegy 10 000 paradicsomfajta l\u00e9tezik.<\/span><\/p>\n<p><span style=\"font-weight: 400\">A paprika szil\u00edciumot tartalmaz, egy olyan anyagot, amely er\u0151s\u00edti a k\u00f6rm\u00f6ket \u00e9s a hajat.<\/span><\/p>\n<p><span style=\"font-weight: 400\">Egy nagy piros paprika k\u00e9tszer annyi C-vitamint tartalmaz, mint egy narancs.<\/span><\/p>\n<p><span style=\"font-weight: 400\">A chilipaprik\u00e1t el\u0151sz\u00f6r az azt\u00e9kok \u00e9s a maj\u00e1k termesztett\u00e9k.<\/span><\/p>\n<p><strong>1000 darabos, magas neh\u00e9zs\u00e9g\u0171 puzzle \u00fcnnepli a jelen pillanatot<\/strong><\/p>\n<p><span style=\"font-weight: 400\">Amikor a kirak\u00f3s darabjaira, azok form\u00e1ira \u00e9s \u00e1rnyalataira koncentr\u00e1lsz, elm\u00e9d a jelen pillanathoz kapcsol\u00f3dik. Itt \u00e9s most vagy, \u00f6sszeraksz egy k\u00e9pet, \u00e9s ennyi. Semmi m\u00e1s nem sz\u00e1m\u00edt, m\u00e1s gondolatok nem t\u00f6rnek be az elm\u00e9dbe.<\/span><\/p>\n<p><span style=\"font-weight: 400\">Amikor az utols\u00f3 darabot beilleszted, boldognak \u00e9s el\u00e9gedettnek \u00e9rzed magad, \u00e9s \u00fajra \u00e1t akarod \u00e9lni ezeket a pillanatokat. \u00cdgy az 1000 darabos, magas neh\u00e9zs\u00e9g\u0171 puzzle csod\u00e1latos \u00e9lm\u00e9nyt ny\u00fajt, amely ellaz\u00edt, boldogs\u00e1got \u00e9s optimizmust hoz.<\/span><\/p>\n<p><span style=\"font-weight: 400\">Azokra az alkalmakra, amikor egyed\u00fcl szeretn\u00e9l lenni \u00e9s kikapcsol\u00f3dni egy nagyszer\u0171 kirak\u00f3s j\u00e1t\u00e9k \u00f6ssze\u00e1ll\u00edt\u00e1s\u00e1val, vagy azokra a napokra, amikor a bar\u00e1taid figyelm\u00e9t szeretn\u00e9d tesztelni, az 1000 darabos High Difficult &#8211; Vegetables puzzle t\u00f6k\u00e9letes.<\/span><\/p>\n<p><span style=\"font-weight: 400\">Ez a sz\u00ednes \u00e9s friss, 1000 darabos kirak\u00f3s j\u00e1t\u00e9k megfelel\u0151 aj\u00e1nd\u00e9k lehet \u00fcnnepekre vagy k\u00fcl\u00f6nb\u00f6z\u0151 \u00e9vfordul\u00f3kra is.<\/span><\/p><\/p>\n","protected":false},"excerpt":{"rendered":"<p>Rakd rendbe a gondolataidat, darabr\u00f3l darabra, egy 1000 darabos, nagy neh\u00e9zs\u00e9g\u0171 puzzle seg\u00edts\u00e9g\u00e9vel. T\u00f6lts\u00f6n ki egy vibr\u00e1l\u00f3 k\u00e9pet sok z\u00f6lds\u00e9ggel<\/p>\n","protected":false},"featured_media":36489,"template":"","meta":[],"product_brand":[],"product_cat":[1920,1919,1881],"product_tag":[],"class_list":{"0":"post-40247","1":"product","2":"type-product","3":"status-publish","4":"has-post-thumbnail","6":"product_cat-1000-darabos-kirakos-jatek","7":"product_cat-felnott-kirakos-jatekok","8":"product_cat-kirakos-jatekok","9":"pa_brand-d_toys-hu","10":"pa_country_of_manufacture-ro-hu","11":"pa_filter_age-14-hu","12":"pa_painter-high-difficulty-hu","13":"pa_tip_ambalaj-doboz","14":"pa_tip_puzzle-klasszikus","16":"first","17":"instock","18":"taxable","19":"shipping-taxable","20":"product-type-simple"},"yoast_head":"<!-- This site is optimized with the Yoast SEO plugin v20.1 - https:\/\/yoast.com\/wordpress\/plugins\/seo\/ -->\n<title>Feln\u0151tt puzzle 1000 darab magas neh\u00e9zs\u00e9g\u0171 - Z\u00f6lds\u00e9gek<\/title>\n<meta name=\"description\" content=\"Feln\u0151tt puzzle 1000 darab magas neh\u00e9zs\u00e9g\u0171 - Z\u00f6lds\u00e9gek\" \/>\n<meta name=\"robots\" content=\"index, follow, max-snippet:-1, max-image-preview:large, max-video-preview:-1\" \/>\n<link rel=\"canonical\" href=\"https:\/\/business.roovi.com\/hu\/felnott-puzzle-1000-darab-magas-nehezsegu-zoldsegek\/p\/\" \/>\n<meta property=\"og:locale\" content=\"hu_HU\" \/>\n<meta property=\"og:type\" content=\"article\" \/>\n<meta property=\"og:title\" content=\"Feln\u0151tt puzzle 1000 darab magas neh\u00e9zs\u00e9g\u0171 - Z\u00f6lds\u00e9gek\" \/>\n<meta property=\"og:description\" content=\"Feln\u0151tt puzzle 1000 darab magas neh\u00e9zs\u00e9g\u0171 - Z\u00f6lds\u00e9gek\" \/>\n<meta property=\"og:url\" content=\"https:\/\/business.roovi.com\/hu\/felnott-puzzle-1000-darab-magas-nehezsegu-zoldsegek\/p\/\" \/>\n<meta property=\"og:site_name\" content=\"Roovi B2B\" \/>\n<meta property=\"article:publisher\" content=\"https:\/\/www.facebook.com\/wwwjucariero\" \/>\n<meta property=\"article:modified_time\" content=\"2022-07-06T14:44:26+00:00\" \/>\n<meta property=\"og:image\" content=\"https:\/\/business.roovi.com\/wp-content\/uploads\/2018\/09\/71958-03-ansamblu_dimensiuni-cutie-cm_orizontal.png\" \/>\n\t<meta property=\"og:image:width\" content=\"820\" \/>\n\t<meta property=\"og:image:height\" content=\"820\" \/>\n\t<meta property=\"og:image:type\" content=\"image\/png\" \/>\n<meta name=\"twitter:label1\" content=\"Becs\u00fclt olvas\u00e1si id\u0151\" \/>\n\t<meta name=\"twitter:data1\" content=\"3 perc\" \/>\n<script type=\"application\/ld+json\" class=\"yoast-schema-graph\">{\"@context\":\"https:\/\/schema.org\",\"@graph\":[{\"@type\":\"WebPage\",\"@id\":\"https:\/\/business.roovi.com\/hu\/felnott-puzzle-1000-darab-magas-nehezsegu-zoldsegek\/p\/\",\"url\":\"https:\/\/business.roovi.com\/hu\/felnott-puzzle-1000-darab-magas-nehezsegu-zoldsegek\/p\/\",\"name\":\"Feln\u0151tt puzzle 1000 darab magas neh\u00e9zs\u00e9g\u0171 - Z\u00f6lds\u00e9gek\",\"isPartOf\":{\"@id\":\"https:\/\/business.roovi.com\/hu\/#website\"},\"datePublished\":\"2018-09-05T09:37:32+00:00\",\"dateModified\":\"2022-07-06T14:44:26+00:00\",\"description\":\"Feln\u0151tt puzzle 1000 darab magas neh\u00e9zs\u00e9g\u0171 - Z\u00f6lds\u00e9gek\",\"breadcrumb\":{\"@id\":\"https:\/\/business.roovi.com\/hu\/felnott-puzzle-1000-darab-magas-nehezsegu-zoldsegek\/p\/#breadcrumb\"},\"inLanguage\":\"hu\",\"potentialAction\":[{\"@type\":\"ReadAction\",\"target\":[\"https:\/\/business.roovi.com\/hu\/felnott-puzzle-1000-darab-magas-nehezsegu-zoldsegek\/p\/\"]}]},{\"@type\":\"BreadcrumbList\",\"@id\":\"https:\/\/business.roovi.com\/hu\/felnott-puzzle-1000-darab-magas-nehezsegu-zoldsegek\/p\/#breadcrumb\",\"itemListElement\":[{\"@type\":\"ListItem\",\"position\":1,\"name\":\"Home\",\"item\":\"https:\/\/business.roovi.com\/hu\/\"},{\"@type\":\"ListItem\",\"position\":2,\"name\":\"Shop\",\"item\":\"https:\/\/business.roovi.com\/hu\/shop\/\"},{\"@type\":\"ListItem\",\"position\":3,\"name\":\"Feln\u0151tt puzzle 1000 darab magas neh\u00e9zs\u00e9g\u0171 &#8211; Z\u00f6lds\u00e9gek\"}]},{\"@type\":\"WebSite\",\"@id\":\"https:\/\/business.roovi.com\/hu\/#website\",\"url\":\"https:\/\/business.roovi.com\/hu\/\",\"name\":\"Roovi B2B\",\"description\":\"Roovi Business Website\",\"potentialAction\":[{\"@type\":\"SearchAction\",\"target\":{\"@type\":\"EntryPoint\",\"urlTemplate\":\"https:\/\/business.roovi.com\/hu\/?s={search_term_string}\"},\"query-input\":\"required name=search_term_string\"}],\"inLanguage\":\"hu\"}]}<\/script>\n<!-- \/ Yoast SEO plugin. -->","yoast_head_json":{"title":"Feln\u0151tt puzzle 1000 darab magas neh\u00e9zs\u00e9g\u0171 - Z\u00f6lds\u00e9gek","description":"Feln\u0151tt puzzle 1000 darab magas neh\u00e9zs\u00e9g\u0171 - Z\u00f6lds\u00e9gek","robots":{"index":"index","follow":"follow","max-snippet":"max-snippet:-1","max-image-preview":"max-image-preview:large","max-video-preview":"max-video-preview:-1"},"canonical":"https:\/\/business.roovi.com\/hu\/felnott-puzzle-1000-darab-magas-nehezsegu-zoldsegek\/p\/","og_locale":"hu_HU","og_type":"article","og_title":"Feln\u0151tt puzzle 1000 darab magas neh\u00e9zs\u00e9g\u0171 - Z\u00f6lds\u00e9gek","og_description":"Feln\u0151tt puzzle 1000 darab magas neh\u00e9zs\u00e9g\u0171 - Z\u00f6lds\u00e9gek","og_url":"https:\/\/business.roovi.com\/hu\/felnott-puzzle-1000-darab-magas-nehezsegu-zoldsegek\/p\/","og_site_name":"Roovi B2B","article_publisher":"https:\/\/www.facebook.com\/wwwjucariero","article_modified_time":"2022-07-06T14:44:26+00:00","og_image":[{"width":820,"height":820,"url":"https:\/\/business.roovi.com\/wp-content\/uploads\/2018\/09\/71958-03-ansamblu_dimensiuni-cutie-cm_orizontal.png","type":"image\/png"}],"twitter_misc":{"Becs\u00fclt olvas\u00e1si id\u0151":"3 perc"},"schema":{"@context":"https:\/\/schema.org","@graph":[{"@type":"WebPage","@id":"https:\/\/business.roovi.com\/hu\/felnott-puzzle-1000-darab-magas-nehezsegu-zoldsegek\/p\/","url":"https:\/\/business.roovi.com\/hu\/felnott-puzzle-1000-darab-magas-nehezsegu-zoldsegek\/p\/","name":"Feln\u0151tt puzzle 1000 darab magas neh\u00e9zs\u00e9g\u0171 - Z\u00f6lds\u00e9gek","isPartOf":{"@id":"https:\/\/business.roovi.com\/hu\/#website"},"datePublished":"2018-09-05T09:37:32+00:00","dateModified":"2022-07-06T14:44:26+00:00","description":"Feln\u0151tt puzzle 1000 darab magas neh\u00e9zs\u00e9g\u0171 - Z\u00f6lds\u00e9gek","breadcrumb":{"@id":"https:\/\/business.roovi.com\/hu\/felnott-puzzle-1000-darab-magas-nehezsegu-zoldsegek\/p\/#breadcrumb"},"inLanguage":"hu","potentialAction":[{"@type":"ReadAction","target":["https:\/\/business.roovi.com\/hu\/felnott-puzzle-1000-darab-magas-nehezsegu-zoldsegek\/p\/"]}]},{"@type":"BreadcrumbList","@id":"https:\/\/business.roovi.com\/hu\/felnott-puzzle-1000-darab-magas-nehezsegu-zoldsegek\/p\/#breadcrumb","itemListElement":[{"@type":"ListItem","position":1,"name":"Home","item":"https:\/\/business.roovi.com\/hu\/"},{"@type":"ListItem","position":2,"name":"Shop","item":"https:\/\/business.roovi.com\/hu\/shop\/"},{"@type":"ListItem","position":3,"name":"Feln\u0151tt puzzle 1000 darab magas neh\u00e9zs\u00e9g\u0171 &#8211; Z\u00f6lds\u00e9gek"}]},{"@type":"WebSite","@id":"https:\/\/business.roovi.com\/hu\/#website","url":"https:\/\/business.roovi.com\/hu\/","name":"Roovi B2B","description":"Roovi Business Website","potentialAction":[{"@type":"SearchAction","target":{"@type":"EntryPoint","urlTemplate":"https:\/\/business.roovi.com\/hu\/?s={search_term_string}"},"query-input":"required name=search_term_string"}],"inLanguage":"hu"}]}},"_links":{"self":[{"href":"https:\/\/business.roovi.com\/hu\/wp-json\/wp\/v2\/product\/40247","targetHints":{"allow":["GET"]}}],"collection":[{"href":"https:\/\/business.roovi.com\/hu\/wp-json\/wp\/v2\/product"}],"about":[{"href":"https:\/\/business.roovi.com\/hu\/wp-json\/wp\/v2\/types\/product"}],"version-history":[{"count":0,"href":"https:\/\/business.roovi.com\/hu\/wp-json\/wp\/v2\/product\/40247\/revisions"}],"wp:featuredmedia":[{"embeddable":true,"href":"https:\/\/business.roovi.com\/hu\/wp-json\/wp\/v2\/media\/36489"}],"wp:attachment":[{"href":"https:\/\/business.roovi.com\/hu\/wp-json\/wp\/v2\/media?parent=40247"}],"wp:term":[{"taxonomy":"product_brand","embeddable":true,"href":"https:\/\/business.roovi.com\/hu\/wp-json\/wp\/v2\/product_brand?post=40247"},{"taxonomy":"product_cat","embeddable":true,"href":"https:\/\/business.roovi.com\/hu\/wp-json\/wp\/v2\/product_cat?post=40247"},{"taxonomy":"product_tag","embeddable":true,"href":"https:\/\/business.roovi.com\/hu\/wp-json\/wp\/v2\/product_tag?post=40247"}],"curies":[{"name":"wp","href":"https:\/\/api.w.org\/{rel}","templated":true}]}}