{"id":40255,"date":"2018-09-04T09:57:02","date_gmt":"2018-09-04T09:57:02","guid":{"rendered":"https:\/\/business.roovi.com\/puzzle-adulti-1000-piese-edgar-degas-the-dance-foyer-at-the-opera\/p\/"},"modified":"2022-10-18T10:16:33","modified_gmt":"2022-10-18T10:16:33","slug":"felnott-1000-darabos-edgar-degas-puzzle-az-opera-tancfoyerja","status":"publish","type":"product","link":"https:\/\/business.roovi.com\/hu\/felnott-1000-darabos-edgar-degas-puzzle-az-opera-tancfoyerja\/p\/","title":{"rendered":"Feln\u0151tt 1000 darabos Edgar Degas puzzle &#8211; Az Opera t\u00e1ncfoyerja"},"content":{"rendered":"<p><strong><em>Az unalom el\u0171z\u00e9s\u00e9re keresel gy\u00f3gy\u00edrt? A m\u0171v\u00e9szeti puzzle-gy\u0171jtem\u00e9ny kirak\u00f3s j\u00e1t\u00e9kai kiz\u00f6kkentik \u00d6nt a komfortz\u00f3n\u00e1j\u00e1b\u00f3l, \u00e9s felfedik a h\u00edres festm\u00e9nyek leny\u0171g\u00f6z\u0151 vil\u00e1g\u00e1t.<\/em><\/strong><\/p>\n<p><span style=\"font-weight: 400;\">Az 1000 darabos puzzle Edgar Degas &#8211; A t\u00e1nc el\u0151csarnoka az Oper\u00e1ban a francia fest\u0151 egyik h\u00edres festm\u00e9ny\u00e9nek k\u00e9p\u00e9t id\u00e9zi fel, amelyet a balerin\u00e1k kecsess\u00e9ge ny\u0171g\u00f6z\u00f6tt le. Edgar Degas arr\u00f3l a mesteri \u00e9rz\u00e9k\u00e9r\u0151l ismert, amellyel a t\u00e1ncosok minden gesztus\u00e1t, mozdulat\u00e1t \u00e9s helyzet\u00e9t megrajzolta, majd mindezeket az elemeket leny\u0171g\u00f6z\u0151 eleganci\u00e1j\u00fa festm\u00e9nyeken egyes\u00edtette.<\/span><\/p>\n<p><span style=\"font-weight: 400;\">A mozg\u00e1s fest\u0151i \u00e1br\u00e1zol\u00e1s\u00e1nak mestere, Degas nemcsak a j\u00f3l ismert balerin\u00e1kat \u00e9s f\u00fcrd\u0151z\u0151 n\u0151ket \u00f6r\u00f6k\u00edtette meg k\u00e9pein, hanem m\u00e1s t\u00e9m\u00e1kat is, p\u00e9ld\u00e1ul versenylovakat \u00e9s portr\u00e9kat. Ez ut\u00f3bbiak pszichol\u00f3giai \u00f6sszetetts\u00e9g\u00fck miatt figyelemre m\u00e9lt\u00f3ak, \u00e9s n\u00e9ha kiemelik az emberi elszigetelts\u00e9get.<\/span><\/p>\n<p><span style=\"font-weight: 400;\">Rakd \u00f6ssze az 1000 darabos The Dance Foyer at The Opera puzzle-t, \u00e9s csod\u00e1ld meg nyugodtan egy l\u00e1tv\u00e1nyos festm\u00e9ny finoms\u00e1gait. R\u00e1ad\u00e1sul a k\u00e9pb\u0151l egy gy\u0171jthet\u0151 festm\u00e9nyt is k\u00e9sz\u00edthet, amely kifinomult hangulatot k\u00f6lcs\u00f6n\u00f6z otthon\u00e1nak.<\/span><\/p>\n<p><strong>Jellemz\u0151k 1000 darabos puzzle Edgar Degas &#8211; Az Opera t\u00e1ncfoyere<\/strong><\/p>\n<p><strong>A rekonstru\u00e1lt k\u00e9p m\u00e9rete: 68 x 47 cm<\/strong><\/p>\n<p><strong>Puzzle anyag <\/strong><\/p>\n<p><strong>kiv\u00e1l\u00f3 min\u0151s\u00e9g\u0171 k\u00e9k karton<\/strong><\/p>\n<p><strong>fenntarthat\u00f3, \u00fajrahasznos\u00edthat\u00f3 anyagok<\/strong><\/p>\n<p><strong>f\u00e9lf\u00e9nyes kivitel, \u00e9l\u00e9nk sz\u00ednek<\/strong><\/p>\n<p><strong>A kirak\u00f3s darabok sz\u00e1ma: 1000<\/strong><\/p>\n<p><strong>Aj\u00e1nlott \u00e9letkor: 14+<\/strong><\/p>\n<p><span style=\"font-weight: 400;\">A kirak\u00f3s j\u00e1t\u00e9kok csod\u00e1latos m\u00f3dja a kikapcsol\u00f3d\u00e1snak \u00e9s a fejl\u0151d\u00e9snek:<\/span><\/p>\n<ul>\n<li><span style=\"font-weight: 400;\">Kialak\u00edtja a r\u00e9szletekre val\u00f3 odafigyel\u00e9st \u00e9s a kitart\u00e1st.<\/span><\/li>\n<li><span style=\"font-weight: 400;\">Megadja a t\u00fcrelem leck\u00e9j\u00e9t \u00e9s a konkr\u00e9t c\u00e9l el\u00e9r\u00e9s\u00e9nek el\u00e9gedetts\u00e9g\u00e9t.<\/span><\/li>\n<li><span style=\"font-weight: 400;\">Mindk\u00e9t agyf\u00e9ltek\u00e9t ig\u00e9nybe veszi, \u00e9s \u00e9lesen tartja a mem\u00f3ri\u00e1t.<\/span><\/li>\n<li><span style=\"font-weight: 400;\">Elszak\u00edt a k\u00e9perny\u0151kt\u0151l, \u00e9s seg\u00edt \u00fajra felfedezni az egyszer\u0171 dolgok \u00f6r\u00f6m\u00e9t.<\/span><\/li>\n<li><span style=\"font-weight: 400;\">Ez egy m\u00f3dja lehet a szocializ\u00e1l\u00f3d\u00e1snak \u00e9s a szeretteinkhez val\u00f3 k\u00f6zeled\u00e9snek.<\/span><\/li>\n<\/ul>\n<p><strong>Tudtad, hogy..<\/strong><\/p>\n<p><span style=\"font-weight: 400;\">B\u00e1r Edgar Degas-t az impresszionizmus egyik alap\u00edt\u00f3j\u00e1nak tartj\u00e1k, \u0151 elutas\u00edtotta ezt a kifejez\u00e9st, \u00e9s ink\u00e1bb realista fest\u0151nek nevezte mag\u00e1t.<\/span><\/p>\n<p><span style=\"font-weight: 400;\">Dinamikus, k\u00fcl\u00f6nb\u00f6z\u0151 helysz\u00edneken j\u00e1tsz\u00f3d\u00f3 jeleneteket \u00e1br\u00e1zol\u00f3 m\u0171veit a m\u0171teremben k\u00e9sz\u00edtette, nem pedig a szabadban, ahogyan az az impresszionist\u00e1kra jellemz\u0151 volt.<\/span><\/p>\n<p><span style=\"font-weight: 400;\">A festm\u00e9nyek mellett Degas sz\u00e1mos bronzszobrot, metszetet \u00e9s rajzot is k\u00e9sz\u00edtett <\/span><\/p>\n<p><span style=\"font-weight: 400;\">Fiatalkor\u00e1ban a Louvre-ban ki\u00e1ll\u00edtott h\u00edres m\u0171veket m\u00e1solta.<\/span><\/p>\n<p><span style=\"font-weight: 400;\">Eg\u00e9sz \u00e9let\u00e9ben aggleg\u00e9ny volt, \u00e9s mag\u00e1n\u00e9let\u00e9r\u0151l nem sok r\u00e9szlet ismert. Manet azt mondta mag\u00e1r\u00f3l, hogy \u0151 <\/span><span style=\"font-weight: 400;\">&#8222;<\/span><span style=\"font-weight: 400;\">k\u00e9ptelen szeretni egy n\u0151t<\/span><span style=\"font-weight: 400;\">&#8222;<\/span><span style=\"font-weight: 400;\">.<\/span><\/p>\n<p><strong>The Dance Foyer at The Opera 1000 darabos puzzle egy m\u00e9lyen pihentet\u0151 \u00e9lm\u00e9ny\u00e9rt<\/strong><\/p>\n<p><span style=\"font-weight: 400;\">Az \u00f6sszeszerel\u00e9si tev\u00e9kenys\u00e9g egy m\u00f3dja annak, hogy kiszakadjon a napi rutinb\u00f3l \u00e9s m\u00e9lyen ellazuljon. A megfelel\u0151 darabok keres\u00e9se intenz\u00edv f\u00f3kuszba helyezi elm\u00e9det, \u00e9s minden negat\u00edv gondolat \u00e9s mindennapi gond var\u00e1zslatos m\u00f3don elt\u0171nik. A jelenben \u00e9lsz, \u00e9s megtapasztalod a b\u00e9ke \u00e9s a mindennapi \u00e9let ny\u00fczsg\u00e9s\u00e9t\u0151l val\u00f3 elszakad\u00e1s \u00e9rz\u00e9s\u00e9t. A v\u00e9g\u00e9n, amikor az 1000 darabos kirak\u00f3s k\u00e9p elk\u00e9sz\u00fcl, boldog vagy, \u00e9s b\u00edzol a saj\u00e1t er\u0151dben, \u00e9s \u00fajra \u00e9s \u00fajra meg akarod ism\u00e9telni az \u00e9lm\u00e9nyt.<\/span><\/p>\n<p><span style=\"font-weight: 400;\">Rengeteg oka van arra, hogy az Edgar Degas &#8211; A t\u00e1ncfoyer az Oper\u00e1ban m\u0171v\u00e9szeti kirak\u00f3st v\u00e1lasszon. Tartsa otthon\u00e1ban, \u00e9s k\u00e9sz\u00edtse el \u00fajra a k\u00e9pet, amikor csak \u00fagy \u00e9rzi, hogy kreat\u00edv kih\u00edv\u00e1sra van sz\u00fcks\u00e9ge, \u00e9lvezze a csal\u00e1dj\u00e1val vagy bar\u00e1taival, vagy tegye a kar\u00e1csonyfa al\u00e1, \u00e9s tegye nagyszer\u0171 aj\u00e1nd\u00e9kk\u00e1 a kirak\u00f3s j\u00e1t\u00e9kok szerelmeseinek.<\/span><\/p>\n","protected":false},"excerpt":{"rendered":"<p>Az unalom el\u0171z\u00e9s\u00e9re keresel gy\u00f3gy\u00edrt? A m\u0171v\u00e9szeti puzzle-gy\u0171jtem\u00e9ny kirak\u00f3s j\u00e1t\u00e9kai kiz\u00f6kkentik \u00d6nt a komfortz\u00f3n\u00e1j\u00e1b\u00f3l, \u00e9s felfedik a h\u00edres festm\u00e9nyek leny\u0171g\u00f6z\u0151<\/p>\n","protected":false},"featured_media":63468,"template":"","meta":[],"product_brand":[],"product_cat":[1920,1919,1881],"product_tag":[],"class_list":{"0":"post-40255","1":"product","2":"type-product","3":"status-publish","4":"has-post-thumbnail","6":"product_cat-1000-darabos-kirakos-jatek","7":"product_cat-felnott-kirakos-jatekok","8":"product_cat-kirakos-jatekok","9":"pa_brand-d_toys-hu","10":"pa_country_of_manufacture-ro-hu","11":"pa_filter_age-14-hu","12":"pa_painter-edgardegas-hu","13":"pa_tip_ambalaj-doboz","14":"pa_tip_puzzle-klasszikus","16":"first","17":"instock","18":"taxable","19":"shipping-taxable","20":"product-type-simple"},"yoast_head":"<!-- This site is optimized with the Yoast SEO plugin v20.1 - https:\/\/yoast.com\/wordpress\/plugins\/seo\/ -->\n<title>Feln\u0151tt 1000 darabos Edgar Degas puzzle - Az Opera t\u00e1ncfoyerja<\/title>\n<meta name=\"description\" content=\"Feln\u0151tt 1000 darabos Edgar Degas puzzle - Az Opera t\u00e1ncfoyerja\" \/>\n<meta name=\"robots\" content=\"index, follow, max-snippet:-1, max-image-preview:large, max-video-preview:-1\" \/>\n<link rel=\"canonical\" href=\"https:\/\/business.roovi.com\/hu\/felnott-1000-darabos-edgar-degas-puzzle-az-opera-tancfoyerja\/p\/\" \/>\n<meta property=\"og:locale\" content=\"hu_HU\" \/>\n<meta property=\"og:type\" content=\"article\" \/>\n<meta property=\"og:title\" content=\"Feln\u0151tt 1000 darabos Edgar Degas puzzle - Az Opera t\u00e1ncfoyerja\" \/>\n<meta property=\"og:description\" content=\"Feln\u0151tt 1000 darabos Edgar Degas puzzle - Az Opera t\u00e1ncfoyerja\" \/>\n<meta property=\"og:url\" content=\"https:\/\/business.roovi.com\/hu\/felnott-1000-darabos-edgar-degas-puzzle-az-opera-tancfoyerja\/p\/\" \/>\n<meta property=\"og:site_name\" content=\"Roovi B2B\" \/>\n<meta property=\"article:publisher\" content=\"https:\/\/www.facebook.com\/wwwjucariero\" \/>\n<meta property=\"article:modified_time\" content=\"2022-10-18T10:16:33+00:00\" \/>\n<meta property=\"og:image\" content=\"https:\/\/business.roovi.com\/wp-content\/uploads\/2018\/09\/72801-03-ansamblu_dimensiuni-cutie-cm_orizontal.png\" \/>\n\t<meta property=\"og:image:width\" content=\"1200\" \/>\n\t<meta property=\"og:image:height\" content=\"1200\" \/>\n\t<meta property=\"og:image:type\" content=\"image\/png\" \/>\n<meta name=\"twitter:label1\" content=\"Becs\u00fclt olvas\u00e1si id\u0151\" \/>\n\t<meta name=\"twitter:data1\" content=\"2 perc\" \/>\n<script type=\"application\/ld+json\" class=\"yoast-schema-graph\">{\"@context\":\"https:\/\/schema.org\",\"@graph\":[{\"@type\":\"WebPage\",\"@id\":\"https:\/\/business.roovi.com\/hu\/felnott-1000-darabos-edgar-degas-puzzle-az-opera-tancfoyerja\/p\/\",\"url\":\"https:\/\/business.roovi.com\/hu\/felnott-1000-darabos-edgar-degas-puzzle-az-opera-tancfoyerja\/p\/\",\"name\":\"Feln\u0151tt 1000 darabos Edgar Degas puzzle - Az Opera t\u00e1ncfoyerja\",\"isPartOf\":{\"@id\":\"https:\/\/business.roovi.com\/hu\/#website\"},\"datePublished\":\"2018-09-04T09:57:02+00:00\",\"dateModified\":\"2022-10-18T10:16:33+00:00\",\"description\":\"Feln\u0151tt 1000 darabos Edgar Degas puzzle - Az Opera t\u00e1ncfoyerja\",\"breadcrumb\":{\"@id\":\"https:\/\/business.roovi.com\/hu\/felnott-1000-darabos-edgar-degas-puzzle-az-opera-tancfoyerja\/p\/#breadcrumb\"},\"inLanguage\":\"hu\",\"potentialAction\":[{\"@type\":\"ReadAction\",\"target\":[\"https:\/\/business.roovi.com\/hu\/felnott-1000-darabos-edgar-degas-puzzle-az-opera-tancfoyerja\/p\/\"]}]},{\"@type\":\"BreadcrumbList\",\"@id\":\"https:\/\/business.roovi.com\/hu\/felnott-1000-darabos-edgar-degas-puzzle-az-opera-tancfoyerja\/p\/#breadcrumb\",\"itemListElement\":[{\"@type\":\"ListItem\",\"position\":1,\"name\":\"Home\",\"item\":\"https:\/\/business.roovi.com\/hu\/\"},{\"@type\":\"ListItem\",\"position\":2,\"name\":\"Shop\",\"item\":\"https:\/\/business.roovi.com\/hu\/shop\/\"},{\"@type\":\"ListItem\",\"position\":3,\"name\":\"Feln\u0151tt 1000 darabos Edgar Degas puzzle &#8211; Az Opera t\u00e1ncfoyerja\"}]},{\"@type\":\"WebSite\",\"@id\":\"https:\/\/business.roovi.com\/hu\/#website\",\"url\":\"https:\/\/business.roovi.com\/hu\/\",\"name\":\"Roovi B2B\",\"description\":\"Roovi Business Website\",\"potentialAction\":[{\"@type\":\"SearchAction\",\"target\":{\"@type\":\"EntryPoint\",\"urlTemplate\":\"https:\/\/business.roovi.com\/hu\/?s={search_term_string}\"},\"query-input\":\"required name=search_term_string\"}],\"inLanguage\":\"hu\"}]}<\/script>\n<!-- \/ Yoast SEO plugin. -->","yoast_head_json":{"title":"Feln\u0151tt 1000 darabos Edgar Degas puzzle - Az Opera t\u00e1ncfoyerja","description":"Feln\u0151tt 1000 darabos Edgar Degas puzzle - Az Opera t\u00e1ncfoyerja","robots":{"index":"index","follow":"follow","max-snippet":"max-snippet:-1","max-image-preview":"max-image-preview:large","max-video-preview":"max-video-preview:-1"},"canonical":"https:\/\/business.roovi.com\/hu\/felnott-1000-darabos-edgar-degas-puzzle-az-opera-tancfoyerja\/p\/","og_locale":"hu_HU","og_type":"article","og_title":"Feln\u0151tt 1000 darabos Edgar Degas puzzle - Az Opera t\u00e1ncfoyerja","og_description":"Feln\u0151tt 1000 darabos Edgar Degas puzzle - Az Opera t\u00e1ncfoyerja","og_url":"https:\/\/business.roovi.com\/hu\/felnott-1000-darabos-edgar-degas-puzzle-az-opera-tancfoyerja\/p\/","og_site_name":"Roovi B2B","article_publisher":"https:\/\/www.facebook.com\/wwwjucariero","article_modified_time":"2022-10-18T10:16:33+00:00","og_image":[{"width":1200,"height":1200,"url":"https:\/\/business.roovi.com\/wp-content\/uploads\/2018\/09\/72801-03-ansamblu_dimensiuni-cutie-cm_orizontal.png","type":"image\/png"}],"twitter_misc":{"Becs\u00fclt olvas\u00e1si id\u0151":"2 perc"},"schema":{"@context":"https:\/\/schema.org","@graph":[{"@type":"WebPage","@id":"https:\/\/business.roovi.com\/hu\/felnott-1000-darabos-edgar-degas-puzzle-az-opera-tancfoyerja\/p\/","url":"https:\/\/business.roovi.com\/hu\/felnott-1000-darabos-edgar-degas-puzzle-az-opera-tancfoyerja\/p\/","name":"Feln\u0151tt 1000 darabos Edgar Degas puzzle - Az Opera t\u00e1ncfoyerja","isPartOf":{"@id":"https:\/\/business.roovi.com\/hu\/#website"},"datePublished":"2018-09-04T09:57:02+00:00","dateModified":"2022-10-18T10:16:33+00:00","description":"Feln\u0151tt 1000 darabos Edgar Degas puzzle - Az Opera t\u00e1ncfoyerja","breadcrumb":{"@id":"https:\/\/business.roovi.com\/hu\/felnott-1000-darabos-edgar-degas-puzzle-az-opera-tancfoyerja\/p\/#breadcrumb"},"inLanguage":"hu","potentialAction":[{"@type":"ReadAction","target":["https:\/\/business.roovi.com\/hu\/felnott-1000-darabos-edgar-degas-puzzle-az-opera-tancfoyerja\/p\/"]}]},{"@type":"BreadcrumbList","@id":"https:\/\/business.roovi.com\/hu\/felnott-1000-darabos-edgar-degas-puzzle-az-opera-tancfoyerja\/p\/#breadcrumb","itemListElement":[{"@type":"ListItem","position":1,"name":"Home","item":"https:\/\/business.roovi.com\/hu\/"},{"@type":"ListItem","position":2,"name":"Shop","item":"https:\/\/business.roovi.com\/hu\/shop\/"},{"@type":"ListItem","position":3,"name":"Feln\u0151tt 1000 darabos Edgar Degas puzzle &#8211; Az Opera t\u00e1ncfoyerja"}]},{"@type":"WebSite","@id":"https:\/\/business.roovi.com\/hu\/#website","url":"https:\/\/business.roovi.com\/hu\/","name":"Roovi B2B","description":"Roovi Business Website","potentialAction":[{"@type":"SearchAction","target":{"@type":"EntryPoint","urlTemplate":"https:\/\/business.roovi.com\/hu\/?s={search_term_string}"},"query-input":"required name=search_term_string"}],"inLanguage":"hu"}]}},"_links":{"self":[{"href":"https:\/\/business.roovi.com\/hu\/wp-json\/wp\/v2\/product\/40255","targetHints":{"allow":["GET"]}}],"collection":[{"href":"https:\/\/business.roovi.com\/hu\/wp-json\/wp\/v2\/product"}],"about":[{"href":"https:\/\/business.roovi.com\/hu\/wp-json\/wp\/v2\/types\/product"}],"version-history":[{"count":0,"href":"https:\/\/business.roovi.com\/hu\/wp-json\/wp\/v2\/product\/40255\/revisions"}],"wp:featuredmedia":[{"embeddable":true,"href":"https:\/\/business.roovi.com\/hu\/wp-json\/wp\/v2\/media\/63468"}],"wp:attachment":[{"href":"https:\/\/business.roovi.com\/hu\/wp-json\/wp\/v2\/media?parent=40255"}],"wp:term":[{"taxonomy":"product_brand","embeddable":true,"href":"https:\/\/business.roovi.com\/hu\/wp-json\/wp\/v2\/product_brand?post=40255"},{"taxonomy":"product_cat","embeddable":true,"href":"https:\/\/business.roovi.com\/hu\/wp-json\/wp\/v2\/product_cat?post=40255"},{"taxonomy":"product_tag","embeddable":true,"href":"https:\/\/business.roovi.com\/hu\/wp-json\/wp\/v2\/product_tag?post=40255"}],"curies":[{"name":"wp","href":"https:\/\/api.w.org\/{rel}","templated":true}]}}